{"id":5331,"date":"2022-05-18T19:41:04","date_gmt":"2022-05-18T17:41:04","guid":{"rendered":"https:\/\/fredfloris.eu\/?post_type=product&#038;p=5331"},"modified":"2024-07-23T20:28:15","modified_gmt":"2024-07-23T18:28:15","slug":"golden-shadow-swarovski-earrings","status":"publish","type":"product","link":"https:\/\/fredfloris.eu\/pl\/productpage\/golden-shadow-swarovski-earrings\/","title":{"rendered":"Golden Shadow Crystal - Kryszta\u0142owe kolczyki z d\u017awigni\u0105 Swarovski"},"content":{"rendered":"<p><strong>Prosz\u0119 odkry\u0107 urzekaj\u0105ce pi\u0119kno naszych p\u00f3\u0142przezroczystych kolczyk\u00f3w z kryszta\u0142ami Swarovski.<\/strong> Ciep\u0142e, subtelne kolory wype\u0142niaj\u0105 te kryszta\u0142y, a ma\u0142e tr\u00f3jk\u0105ty wytrawione na ich g\u0142adkiej powierzchni dramatycznie \u0142api\u0105 \u015bwiat\u0142o. Precyzyjny geometryczny kszta\u0142t tych z\u0142otych kropelek mieni si\u0119 w estetyczny spos\u00f3b, podkre\u015blaj\u0105c zdrowy i \u017cywy wygl\u0105d sk\u00f3ry. Kszta\u0142t \u0142ezki wyd\u0142u\u017ca szyj\u0119, pi\u0119knie oprawia twarz i podkre\u015bla blask oczu.<\/p>\n<p><strong>Oparcie d\u017awigni:<\/strong> Zaprojektowany jak strza\u0142a, aby utrzyma\u0107 kryszta\u0142 bezpiecznie na miejscu, prowadz\u0105c oko do ol\u015bniewaj\u0105cych kryszta\u0142\u00f3w Swarovski. Dost\u0119pny w platynowym lub poz\u0142acanym srebrze pr\u00f3by 925, podk\u0142ad rozszerza si\u0119 w kierunku kryszta\u0142u, wzmacniaj\u0105c charakterystyczny po\u0142ysk Swarovski.<\/p>\n<p><strong>Swarovski Kryszta\u0142y:<\/strong> Wybrane ze wzgl\u0119du na sw\u00f3j ponadczasowy design i wspania\u0142e odbicie \u015bwiat\u0142a, te s\u0142oneczne kryszta\u0142y uzupe\u0142niaj\u0105 wszystkie odcienie sk\u00f3ry i kszta\u0142ty twarzy. Wykonane w Wattens w Austrii, kryszta\u0142y te maj\u0105 jasny odcie\u0144, kt\u00f3ry pi\u0119knie wychwytuje i odbija \u015bwiat\u0142o.<\/p>\n<p><strong>Idealny na prezent:<\/strong> Te kryszta\u0142owe kolczyki z d\u017awigni\u0105 Swarovski s\u0105 idealnym prezentem dla ka\u017cdego entuzjasty bi\u017cuterii, oferuj\u0105c wysokiej jako\u015bci wzornictwo, kt\u00f3re czyni je wyj\u0105tkowym prezentem.<\/p>\n<p><strong>Hipoalergiczny:<\/strong> Zapi\u0119cie d\u017awigniowe wykonane jest z bezniklowego srebra pr\u00f3by 925, dzi\u0119ki czemu nie podra\u017cnia sk\u00f3ry i nie matowieje z up\u0142ywem czasu. Ta konstrukcja utrzymuje kolczyki bezpiecznie i wygodnie na miejscu.<\/p>\n<p><strong>Piel\u0119gnacja bi\u017cuterii:<\/strong> Aby zachowa\u0107 nieskazitelny stan kolczyk\u00f3w, nale\u017cy przechowywa\u0107 je w mi\u0119kkim pude\u0142ku lub torebce, oddzielnie od innej bi\u017cuterii. Prosz\u0119 unika\u0107 kontaktu z chemikaliami, aby zapobiec uszkodzeniom. Pow\u0142oka galwaniczna, czy to platynowa, czy z\u0142ota, jest delikatna i, jak wszystkie pow\u0142oki galwaniczne, z czasem blaknie. Prosz\u0119 ograniczy\u0107 kontakt z chemikaliami i sk\u00f3r\u0105, aby przed\u0142u\u017cy\u0107 \u017cywotno\u015b\u0107 pow\u0142oki.<\/p>\n<p>&nbsp;<\/p>\n<p>Wyszukiwane s\u0142owa: Leverback Swarovski crystal earrings, crystal drop earrings, Swarovski crystal earrings<\/p>","protected":false},"excerpt":{"rendered":"<p><strong>WYMIARY PRODUKTU - <\/strong>Waga produktu: 4 g (para)<\/p>\n<p>Rozmiar kryszta\u0142u: 18 mm. Wysoko\u015b\u0107 d\u017awigni: 18 mm, szeroko\u015b\u0107: 11,80 mm.<\/p>\n<p>Dost\u0119pne w srebrze pr\u00f3by 925 z platynow\u0105 pow\u0142ok\u0105 \/ 24-karatowym z\u0142otem - 0,4 \u00b5m.<\/p>\n<pre><\/pre>\n<p>Baz\u0119 kolczyk\u00f3w wykonuje nasz do\u015bwiadczony partner w Polsce. U\u017cywamy platerowanego srebra o grubo\u015bci 0,4 \u00b5m, poniewa\u017c nie ciemnieje ono ani nie matowieje. Produkt jest odporny na odbarwienia, ale prosimy przestrzega\u0107 naszych instrukcji piel\u0119gnacji, aby przed\u0142u\u017cy\u0107 \u017cywotno\u015b\u0107 nowej bi\u017cuterii.<\/p>","protected":false},"featured_media":4912,"template":"","meta":[],"pwb-brand":[204],"product_brand":[],"product_cat":[115,113,101],"product_tag":[163,165,164,195],"woo-feed-brand":[],"class_list":{"0":"post-5331","1":"product","2":"type-product","3":"status-publish","4":"has-post-thumbnail","6":"pwb-brand-fredfloris-partner","7":"product_cat-drop-earrings","8":"product_cat-earrings","9":"product_cat-jewelry","10":"product_tag-gold","11":"product_tag-platinum","12":"product_tag-silver","13":"product_tag-swarovski","14":"product_shipping_class-small-goods","15":"pa_leverback-ag-925-24k-gold-plated-04-m","16":"pa_leverback-ag-925-platinum-plated-04-m","17":"pa_swarovski-crystal-swarovski-golden-shadow-crystal-18mm","19":"first","20":"instock","21":"taxable","22":"shipping-taxable","23":"purchasable","24":"product-type-variable"},"yoast_head":"<!-- This site is optimized with the Yoast SEO plugin v27.2 - https:\/\/yoast.com\/product\/yoast-seo-wordpress\/ -->\n<title>Golden Shadow - Leverback Swarovski Crystal Earrings | FredFloris<\/title>\n<meta name=\"description\" content=\"The Golden Shadow leverback Swarovski crystal earrings creates a lovely glow around the wearer\u2019s face. These crystal drop earrings are...\" \/>\n<meta name=\"robots\" content=\"index, follow, max-snippet:-1, max-image-preview:large, max-video-preview:-1\" \/>\n<link rel=\"canonical\" href=\"https:\/\/fredfloris.eu\/pl\/productpage\/golden-shadow-swarovski-earrings\/?wmc-currency=PLN\" \/>\n<meta property=\"og:locale\" content=\"pl_PL\" \/>\n<meta property=\"og:type\" content=\"article\" \/>\n<meta property=\"og:title\" content=\"Golden Shadow - Leverback Swarovski Crystal Earrings | FredFloris\" \/>\n<meta property=\"og:description\" content=\"The Golden Shadow leverback Swarovski crystal earrings creates a lovely glow around the wearer\u2019s face. These crystal drop earrings are...\" \/>\n<meta property=\"og:url\" content=\"https:\/\/fredfloris.eu\/pl\/productpage\/golden-shadow-swarovski-earrings\/?wmc-currency=PLN\" \/>\n<meta property=\"og:site_name\" content=\"FredFloris\" \/>\n<meta property=\"article:publisher\" content=\"https:\/\/www.facebook.com\/FredFloris.Artisan.Studio\/\" \/>\n<meta property=\"article:modified_time\" content=\"2024-07-23T18:28:15+00:00\" \/>\n<meta property=\"og:image\" content=\"https:\/\/fredfloris.eu\/wp-content\/uploads\/2022\/05\/IMG_2209-scaled.jpg\" \/>\n\t<meta property=\"og:image:width\" content=\"2560\" \/>\n\t<meta property=\"og:image:height\" content=\"1707\" \/>\n\t<meta property=\"og:image:type\" content=\"image\/jpeg\" \/>\n<meta name=\"twitter:card\" content=\"summary_large_image\" \/>\n<meta name=\"twitter:site\" content=\"@_fredfloris_\" \/>\n<meta name=\"twitter:label1\" content=\"Szacowany czas czytania\" \/>\n\t<meta name=\"twitter:data1\" content=\"2 minuty\" \/>\n<script type=\"application\/ld+json\" class=\"yoast-schema-graph\">{\"@context\":\"https:\/\/schema.org\",\"@graph\":[{\"@type\":\"WebPage\",\"@id\":\"https:\/\/fredfloris.eu\/productpage\/golden-shadow-swarovski-earrings\/\",\"url\":\"https:\/\/fredfloris.eu\/productpage\/golden-shadow-swarovski-earrings\/\",\"name\":\"Golden Shadow - Leverback Swarovski Crystal Earrings | FredFloris\",\"isPartOf\":{\"@id\":\"https:\/\/fredfloris.eu\/#website\"},\"primaryImageOfPage\":{\"@id\":\"https:\/\/fredfloris.eu\/productpage\/golden-shadow-swarovski-earrings\/#primaryimage\"},\"image\":{\"@id\":\"https:\/\/fredfloris.eu\/productpage\/golden-shadow-swarovski-earrings\/#primaryimage\"},\"thumbnailUrl\":\"https:\/\/fredfloris.eu\/wp-content\/uploads\/2022\/05\/IMG_2209-scaled-e1740242692263.jpg\",\"datePublished\":\"2022-05-18T17:41:04+00:00\",\"dateModified\":\"2024-07-23T18:28:15+00:00\",\"description\":\"The Golden Shadow leverback Swarovski crystal earrings creates a lovely glow around the wearer\u2019s face. These crystal drop earrings are...\",\"breadcrumb\":{\"@id\":\"https:\/\/fredfloris.eu\/productpage\/golden-shadow-swarovski-earrings\/#breadcrumb\"},\"inLanguage\":\"pl-PL\",\"potentialAction\":[{\"@type\":\"ReadAction\",\"target\":[\"https:\/\/fredfloris.eu\/productpage\/golden-shadow-swarovski-earrings\/\"]}]},{\"@type\":\"ImageObject\",\"inLanguage\":\"pl-PL\",\"@id\":\"https:\/\/fredfloris.eu\/productpage\/golden-shadow-swarovski-earrings\/#primaryimage\",\"url\":\"https:\/\/fredfloris.eu\/wp-content\/uploads\/2022\/05\/IMG_2209-scaled-e1740242692263.jpg\",\"contentUrl\":\"https:\/\/fredfloris.eu\/wp-content\/uploads\/2022\/05\/IMG_2209-scaled-e1740242692263.jpg\",\"width\":1643,\"height\":1096,\"caption\":\"Product: Golden Shadow Crystal \u2013 Gold and Platinum Plated Silver\"},{\"@type\":\"BreadcrumbList\",\"@id\":\"https:\/\/fredfloris.eu\/productpage\/golden-shadow-swarovski-earrings\/#breadcrumb\",\"itemListElement\":[{\"@type\":\"ListItem\",\"position\":1,\"name\":\"Home\",\"item\":\"https:\/\/fredfloris.eu\/\"},{\"@type\":\"ListItem\",\"position\":2,\"name\":\"Shop\",\"item\":\"https:\/\/fredfloris.eu\/shop\/\"},{\"@type\":\"ListItem\",\"position\":3,\"name\":\"Golden Shadow Crystal &#8211; Leverback Swarovski Crystal Earrings\"}]},{\"@type\":\"WebSite\",\"@id\":\"https:\/\/fredfloris.eu\/#website\",\"url\":\"https:\/\/fredfloris.eu\/\",\"name\":\"FredFloris\",\"description\":\"Handcrafted Leathergoods - Made in Sweden\",\"publisher\":{\"@id\":\"https:\/\/fredfloris.eu\/#organization\"},\"potentialAction\":[{\"@type\":\"SearchAction\",\"target\":{\"@type\":\"EntryPoint\",\"urlTemplate\":\"https:\/\/fredfloris.eu\/?s={search_term_string}\"},\"query-input\":{\"@type\":\"PropertyValueSpecification\",\"valueRequired\":true,\"valueName\":\"search_term_string\"}}],\"inLanguage\":\"pl-PL\"},{\"@type\":\"Organization\",\"@id\":\"https:\/\/fredfloris.eu\/#organization\",\"name\":\"FredFloris\",\"url\":\"https:\/\/fredfloris.eu\/\",\"logo\":{\"@type\":\"ImageObject\",\"inLanguage\":\"pl-PL\",\"@id\":\"https:\/\/fredfloris.eu\/#\/schema\/logo\/image\/\",\"url\":\"https:\/\/fredfloris.eu\/wp-content\/uploads\/2022\/03\/FredFloris-med-hel-nal-och-text.png\",\"contentUrl\":\"https:\/\/fredfloris.eu\/wp-content\/uploads\/2022\/03\/FredFloris-med-hel-nal-och-text.png\",\"width\":591,\"height\":283,\"caption\":\"FredFloris\"},\"image\":{\"@id\":\"https:\/\/fredfloris.eu\/#\/schema\/logo\/image\/\"},\"sameAs\":[\"https:\/\/www.facebook.com\/FredFloris.Artisan.Studio\/\",\"https:\/\/x.com\/_fredfloris_\",\"https:\/\/www.instagram.com\/fredfloris.artisan.studio\/\"]}]}<\/script>\n<!-- \/ Yoast SEO plugin. -->","yoast_head_json":{"title":"Kolczyki z kryszta\u0142ami Golden Shadow - Leverback Swarovski | FredFloris","description":"Kryszta\u0142owe kolczyki Golden Shadow leverback Swarovski tworz\u0105 pi\u0119kny blask wok\u00f3\u0142 twarzy u\u017cytkownika. Te kryszta\u0142owe kolczyki s\u0105...","robots":{"index":"index","follow":"follow","max-snippet":"max-snippet:-1","max-image-preview":"max-image-preview:large","max-video-preview":"max-video-preview:-1"},"canonical":"https:\/\/fredfloris.eu\/pl\/productpage\/golden-shadow-swarovski-earrings\/?wmc-currency=PLN","og_locale":"pl_PL","og_type":"article","og_title":"Golden Shadow - Leverback Swarovski Crystal Earrings | FredFloris","og_description":"The Golden Shadow leverback Swarovski crystal earrings creates a lovely glow around the wearer\u2019s face. These crystal drop earrings are...","og_url":"https:\/\/fredfloris.eu\/pl\/productpage\/golden-shadow-swarovski-earrings\/?wmc-currency=PLN","og_site_name":"FredFloris","article_publisher":"https:\/\/www.facebook.com\/FredFloris.Artisan.Studio\/","article_modified_time":"2024-07-23T18:28:15+00:00","og_image":[{"width":2560,"height":1707,"url":"https:\/\/fredfloris.eu\/wp-content\/uploads\/2022\/05\/IMG_2209-scaled.jpg","type":"image\/jpeg"}],"twitter_card":"summary_large_image","twitter_site":"@_fredfloris_","twitter_misc":{"Szacowany czas czytania":"2 minuty"},"schema":{"@context":"https:\/\/schema.org","@graph":[{"@type":"WebPage","@id":"https:\/\/fredfloris.eu\/productpage\/golden-shadow-swarovski-earrings\/","url":"https:\/\/fredfloris.eu\/productpage\/golden-shadow-swarovski-earrings\/","name":"Kolczyki z kryszta\u0142ami Golden Shadow - Leverback Swarovski | FredFloris","isPartOf":{"@id":"https:\/\/fredfloris.eu\/#website"},"primaryImageOfPage":{"@id":"https:\/\/fredfloris.eu\/productpage\/golden-shadow-swarovski-earrings\/#primaryimage"},"image":{"@id":"https:\/\/fredfloris.eu\/productpage\/golden-shadow-swarovski-earrings\/#primaryimage"},"thumbnailUrl":"https:\/\/fredfloris.eu\/wp-content\/uploads\/2022\/05\/IMG_2209-scaled-e1740242692263.jpg","datePublished":"2022-05-18T17:41:04+00:00","dateModified":"2024-07-23T18:28:15+00:00","description":"Kryszta\u0142owe kolczyki Golden Shadow leverback Swarovski tworz\u0105 pi\u0119kny blask wok\u00f3\u0142 twarzy u\u017cytkownika. Te kryszta\u0142owe kolczyki s\u0105...","breadcrumb":{"@id":"https:\/\/fredfloris.eu\/productpage\/golden-shadow-swarovski-earrings\/#breadcrumb"},"inLanguage":"pl-PL","potentialAction":[{"@type":"ReadAction","target":["https:\/\/fredfloris.eu\/productpage\/golden-shadow-swarovski-earrings\/"]}]},{"@type":"ImageObject","inLanguage":"pl-PL","@id":"https:\/\/fredfloris.eu\/productpage\/golden-shadow-swarovski-earrings\/#primaryimage","url":"https:\/\/fredfloris.eu\/wp-content\/uploads\/2022\/05\/IMG_2209-scaled-e1740242692263.jpg","contentUrl":"https:\/\/fredfloris.eu\/wp-content\/uploads\/2022\/05\/IMG_2209-scaled-e1740242692263.jpg","width":1643,"height":1096,"caption":"Product: Golden Shadow Crystal \u2013 Gold and Platinum Plated Silver"},{"@type":"BreadcrumbList","@id":"https:\/\/fredfloris.eu\/productpage\/golden-shadow-swarovski-earrings\/#breadcrumb","itemListElement":[{"@type":"ListItem","position":1,"name":"Home","item":"https:\/\/fredfloris.eu\/"},{"@type":"ListItem","position":2,"name":"Shop","item":"https:\/\/fredfloris.eu\/shop\/"},{"@type":"ListItem","position":3,"name":"Golden Shadow Crystal &#8211; Leverback Swarovski Crystal Earrings"}]},{"@type":"WebSite","@id":"https:\/\/fredfloris.eu\/#website","url":"https:\/\/fredfloris.eu\/","name":"FredFloris","description":"R\u0119cznie wykonane wyroby sk\u00f3rzane - wyprodukowane w Szwecji","publisher":{"@id":"https:\/\/fredfloris.eu\/#organization"},"potentialAction":[{"@type":"SearchAction","target":{"@type":"EntryPoint","urlTemplate":"https:\/\/fredfloris.eu\/?s={search_term_string}"},"query-input":{"@type":"PropertyValueSpecification","valueRequired":true,"valueName":"search_term_string"}}],"inLanguage":"pl-PL"},{"@type":"Organization","@id":"https:\/\/fredfloris.eu\/#organization","name":"FredFloris","url":"https:\/\/fredfloris.eu\/","logo":{"@type":"ImageObject","inLanguage":"pl-PL","@id":"https:\/\/fredfloris.eu\/#\/schema\/logo\/image\/","url":"https:\/\/fredfloris.eu\/wp-content\/uploads\/2022\/03\/FredFloris-med-hel-nal-och-text.png","contentUrl":"https:\/\/fredfloris.eu\/wp-content\/uploads\/2022\/03\/FredFloris-med-hel-nal-och-text.png","width":591,"height":283,"caption":"FredFloris"},"image":{"@id":"https:\/\/fredfloris.eu\/#\/schema\/logo\/image\/"},"sameAs":["https:\/\/www.facebook.com\/FredFloris.Artisan.Studio\/","https:\/\/x.com\/_fredfloris_","https:\/\/www.instagram.com\/fredfloris.artisan.studio\/"]}]}},"brands":[{"id":204,"name":"FredFloris &amp; Partner","slug":"fredfloris-partner"}],"_links":{"self":[{"href":"https:\/\/fredfloris.eu\/pl\/wp-json\/wp\/v2\/product\/5331","targetHints":{"allow":["GET"]}}],"collection":[{"href":"https:\/\/fredfloris.eu\/pl\/wp-json\/wp\/v2\/product"}],"about":[{"href":"https:\/\/fredfloris.eu\/pl\/wp-json\/wp\/v2\/types\/product"}],"version-history":[{"count":8,"href":"https:\/\/fredfloris.eu\/pl\/wp-json\/wp\/v2\/product\/5331\/revisions"}],"predecessor-version":[{"id":11585,"href":"https:\/\/fredfloris.eu\/pl\/wp-json\/wp\/v2\/product\/5331\/revisions\/11585"}],"wp:featuredmedia":[{"embeddable":true,"href":"https:\/\/fredfloris.eu\/pl\/wp-json\/wp\/v2\/media\/4912"}],"wp:attachment":[{"href":"https:\/\/fredfloris.eu\/pl\/wp-json\/wp\/v2\/media?parent=5331"}],"wp:term":[{"taxonomy":"pwb-brand","embeddable":true,"href":"https:\/\/fredfloris.eu\/pl\/wp-json\/wp\/v2\/pwb-brand?post=5331"},{"taxonomy":"product_brand","embeddable":true,"href":"https:\/\/fredfloris.eu\/pl\/wp-json\/wp\/v2\/product_brand?post=5331"},{"taxonomy":"product_cat","embeddable":true,"href":"https:\/\/fredfloris.eu\/pl\/wp-json\/wp\/v2\/product_cat?post=5331"},{"taxonomy":"product_tag","embeddable":true,"href":"https:\/\/fredfloris.eu\/pl\/wp-json\/wp\/v2\/product_tag?post=5331"},{"taxonomy":"woo-feed-brand","embeddable":true,"href":"https:\/\/fredfloris.eu\/pl\/wp-json\/wp\/v2\/woo-feed-brand?post=5331"}],"curies":[{"name":"wp","href":"https:\/\/api.w.org\/{rel}","templated":true}]}}