{"id":5392,"date":"2022-05-19T18:18:03","date_gmt":"2022-05-19T16:18:03","guid":{"rendered":"https:\/\/fredfloris.eu\/?post_type=product&#038;p=5392"},"modified":"2024-06-24T21:36:21","modified_gmt":"2024-06-24T19:36:21","slug":"notebooks-journals","status":"publish","type":"product","link":"https:\/\/fredfloris.eu\/pl\/productpage\/notebooks-journals\/","title":{"rendered":"Strony papierowe dla Daybook\u00f3w FredFloris"},"content":{"rendered":"<p><strong>Prosz\u0119 odkry\u0107 nasze wszechstronne kartki A5 z perforacj\u0105, idealne do szybkich notatek lub jako szkicownik artystyczny.<\/strong> Te kartki zosta\u0142y zaprojektowane tak, aby mo\u017cna je by\u0142o \u0142\u0105czy\u0107 z naszymi kartkami A5 <a href=\"https:\/\/fredfloris.eu\/pl\/productpage\/a5-journals\/?wmc-currency=PLN\">dzienniki <\/a>Dzi\u0119ki temu mog\u0105 Pa\u0144stwo stworzy\u0107 stylowy i funkcjonalny notatnik w twardej oprawie. Idealny do u\u017cytku osobistego lub w biurze, gdzie niezb\u0119dne jest szybkie sporz\u0105dzanie notatek.<\/p>\n<p><strong>Specyfikacja produktu:<\/strong><\/p>\n<ul>\n<li><strong>Rozmiar:<\/strong> A5<\/li>\n<li><strong>Certyfikaty ekologiczne:<\/strong> Przyznano Nordic Swan Ecolabel i Easy On the Planet Ecolabel za zr\u00f3wnowa\u017cony rozw\u00f3j \u015brodowiska.<\/li>\n<li><strong>Projekt:<\/strong> Perforowane linie u\u0142atwiaj\u0105 wyrywanie, a podszewka zapewnia schludne pisanie.<\/li>\n<li><strong>Liczba stron:<\/strong> 100<\/li>\n<li><strong>Oprawa:<\/strong> Zszyta u g\u00f3ry i wzmocniona ta\u015bm\u0105 tekstyln\u0105 dla zwi\u0119kszenia trwa\u0142o\u015bci.<\/li>\n<\/ul>\n<p>&nbsp;<\/p>\n<p>Strony te doskonale nadaj\u0105 si\u0119 dla wszystkich, od student\u00f3w po profesjonalist\u00f3w, zapewniaj\u0105c niezawodny i ekologiczny wyb\u00f3r dla Pa\u0144stwa potrzeb zwi\u0105zanych z pisaniem.<\/p>\n<p>&nbsp;<\/p>","protected":false},"excerpt":{"rendered":"<h5>Oznakowanie ekologiczne Nordic Swan<\/h5>\n<pre><\/pre>\n<p>Pocz\u0105wszy od wsp\u00f3lnych wysi\u0142k\u00f3w Szwecji, Norwegii, Finlandii i Islandii na rzecz bardziej zr\u00f3wnowa\u017conej planety, Nordic Swan Ecolabel zosta\u0142 stworzony w 1989 roku jako kryterium produkcji baterii. Wraz ze wzrostem \u015bwiadomo\u015bci ekologicznej konsument\u00f3w, Nordic Swan Ecolabels zyska\u0142o na zasi\u0119gu. Dzi\u015b sta\u0142a si\u0119 ona du\u017c\u0105 organizacj\u0105 zajmuj\u0105c\u0105 si\u0119 zr\u00f3wnowa\u017conym rozwojem spo\u0142ecze\u0144stwa. Dzi\u0119ki rygorystycznemu procesowi weryfikacji, Nordic Swan Ecolabel bada wykorzystanie chemikali\u00f3w, certyfikaty i dokumentacj\u0119 ka\u017cdego produktu pod k\u0105tem zgodno\u015bci ze standardem Nordic Swan Ecolabel. Nordic Swan Ecolabel co roku dokonuje przegl\u0105du kryteri\u00f3w dla wszystkich produkt\u00f3w i us\u0142ug, aby zapewni\u0107, \u017ce wymagania s\u0105 aktualne na rynku.<\/p>\n<pre><\/pre>\n<h5>Easy on the Planet<\/h5>\n<pre><\/pre>\n<p>Program Easy on the Planet wsp\u00f3\u0142pracuje z klientami w celu zmniejszenia wp\u0142ywu produkcji i d\u00f3br materialnych na \u015brodowisko. Produkty oznaczone symbolem Easy on the Plant lub EasyTree s\u0105 wytwarzane w spos\u00f3b przyjazny dla \u015brodowiska. Aby produkt m\u00f3g\u0142 zosta\u0107 uznany za certyfikowany przez Easy on the Planet, nie mo\u017ce zawiera\u0107 \u017cadnych substancji wzbudzaj\u0105cych szczeg\u00f3lnie du\u017ce obawy, zgodnie z list\u0105 kandydack\u0105 REACH. Kupuj\u0105c te produkty, klienci nie tylko pozytywnie wp\u0142ywaj\u0105 na \u015brodowisko, ale tak\u017ce zmniejszaj\u0105 sw\u00f3j \u015blad w\u0119glowy. Za ka\u017cdy zakupiony produkt z certyfikatem Easy on the Planet, organizacja Easy on the Planet zasadzi drzewo w imieniu klienta.<\/p>","protected":false},"featured_media":5367,"template":"","meta":[],"pwb-brand":[],"product_brand":[],"product_cat":[187,186],"product_tag":[193,191,135,192],"woo-feed-brand":[],"class_list":{"0":"post-5392","1":"product","2":"type-product","3":"status-publish","4":"has-post-thumbnail","6":"product_cat-accessories","7":"product_cat-notebooks","8":"product_tag-a5","9":"product_tag-draw","10":"product_tag-stocked","11":"product_tag-write","12":"product_shipping_class-midsized-goods","14":"first","15":"instock","16":"taxable","17":"shipping-taxable","18":"purchasable","19":"product-type-variable"},"yoast_head":"<!-- This site is optimized with the Yoast SEO plugin v27.2 - https:\/\/yoast.com\/product\/yoast-seo-wordpress\/ -->\n<title>Perforated Lined Notebooks For FredFloris Journals | FredFloris<\/title>\n<meta name=\"description\" content=\"Perforated lined notebooks and sketchbooks. Nordic Swan ecolabel notebook &amp; Easy on the Planet ecolabeled notebooks, perfect for quick notes\" \/>\n<meta name=\"robots\" content=\"index, follow, max-snippet:-1, max-image-preview:large, max-video-preview:-1\" \/>\n<link rel=\"canonical\" href=\"https:\/\/fredfloris.eu\/pl\/productpage\/notebooks-journals\/?wmc-currency=PLN\" \/>\n<meta property=\"og:locale\" content=\"pl_PL\" \/>\n<meta property=\"og:type\" content=\"article\" \/>\n<meta property=\"og:title\" content=\"Perforated Lined Notebooks For FredFloris Journals | FredFloris\" \/>\n<meta property=\"og:description\" content=\"Perforated lined notebooks and sketchbooks. Nordic Swan ecolabel notebook &amp; Easy on the Planet ecolabeled notebooks, perfect for quick notes\" \/>\n<meta property=\"og:url\" content=\"https:\/\/fredfloris.eu\/pl\/productpage\/notebooks-journals\/?wmc-currency=PLN\" \/>\n<meta property=\"og:site_name\" content=\"FredFloris\" \/>\n<meta property=\"article:publisher\" content=\"https:\/\/www.facebook.com\/FredFloris.Artisan.Studio\/\" \/>\n<meta property=\"article:modified_time\" content=\"2024-06-24T19:36:21+00:00\" \/>\n<meta property=\"og:image\" content=\"https:\/\/fredfloris.eu\/wp-content\/uploads\/2022\/05\/IMG_2765-scaled.jpg\" \/>\n\t<meta property=\"og:image:width\" content=\"2560\" \/>\n\t<meta property=\"og:image:height\" content=\"1707\" \/>\n\t<meta property=\"og:image:type\" content=\"image\/jpeg\" \/>\n<meta name=\"twitter:card\" content=\"summary_large_image\" \/>\n<meta name=\"twitter:site\" content=\"@_fredfloris_\" \/>\n<meta name=\"twitter:label1\" content=\"Szacowany czas czytania\" \/>\n\t<meta name=\"twitter:data1\" content=\"1 minuta\" \/>\n<script type=\"application\/ld+json\" class=\"yoast-schema-graph\">{\"@context\":\"https:\/\/schema.org\",\"@graph\":[{\"@type\":\"WebPage\",\"@id\":\"https:\/\/fredfloris.eu\/productpage\/notebooks-journals\/\",\"url\":\"https:\/\/fredfloris.eu\/productpage\/notebooks-journals\/\",\"name\":\"Perforated Lined Notebooks For FredFloris Journals | FredFloris\",\"isPartOf\":{\"@id\":\"https:\/\/fredfloris.eu\/#website\"},\"primaryImageOfPage\":{\"@id\":\"https:\/\/fredfloris.eu\/productpage\/notebooks-journals\/#primaryimage\"},\"image\":{\"@id\":\"https:\/\/fredfloris.eu\/productpage\/notebooks-journals\/#primaryimage\"},\"thumbnailUrl\":\"https:\/\/fredfloris.eu\/wp-content\/uploads\/2022\/05\/IMG_2765-scaled.jpg\",\"datePublished\":\"2022-05-19T16:18:03+00:00\",\"dateModified\":\"2024-06-24T19:36:21+00:00\",\"description\":\"Perforated lined notebooks and sketchbooks. Nordic Swan ecolabel notebook & Easy on the Planet ecolabeled notebooks, perfect for quick notes\",\"breadcrumb\":{\"@id\":\"https:\/\/fredfloris.eu\/productpage\/notebooks-journals\/#breadcrumb\"},\"inLanguage\":\"pl-PL\",\"potentialAction\":[{\"@type\":\"ReadAction\",\"target\":[\"https:\/\/fredfloris.eu\/productpage\/notebooks-journals\/\"]}]},{\"@type\":\"ImageObject\",\"inLanguage\":\"pl-PL\",\"@id\":\"https:\/\/fredfloris.eu\/productpage\/notebooks-journals\/#primaryimage\",\"url\":\"https:\/\/fredfloris.eu\/wp-content\/uploads\/2022\/05\/IMG_2765-scaled.jpg\",\"contentUrl\":\"https:\/\/fredfloris.eu\/wp-content\/uploads\/2022\/05\/IMG_2765-scaled.jpg\",\"width\":2560,\"height\":1707,\"caption\":\"Product: Notebooks for FredFloris Journals\"},{\"@type\":\"BreadcrumbList\",\"@id\":\"https:\/\/fredfloris.eu\/productpage\/notebooks-journals\/#breadcrumb\",\"itemListElement\":[{\"@type\":\"ListItem\",\"position\":1,\"name\":\"Home\",\"item\":\"https:\/\/fredfloris.eu\/\"},{\"@type\":\"ListItem\",\"position\":2,\"name\":\"Shop\",\"item\":\"https:\/\/fredfloris.eu\/shop\/\"},{\"@type\":\"ListItem\",\"position\":3,\"name\":\"Papper Pages for FredFloris Daybooks\"}]},{\"@type\":\"WebSite\",\"@id\":\"https:\/\/fredfloris.eu\/#website\",\"url\":\"https:\/\/fredfloris.eu\/\",\"name\":\"FredFloris\",\"description\":\"Handcrafted Leathergoods - Made in Sweden\",\"publisher\":{\"@id\":\"https:\/\/fredfloris.eu\/#organization\"},\"potentialAction\":[{\"@type\":\"SearchAction\",\"target\":{\"@type\":\"EntryPoint\",\"urlTemplate\":\"https:\/\/fredfloris.eu\/?s={search_term_string}\"},\"query-input\":{\"@type\":\"PropertyValueSpecification\",\"valueRequired\":true,\"valueName\":\"search_term_string\"}}],\"inLanguage\":\"pl-PL\"},{\"@type\":\"Organization\",\"@id\":\"https:\/\/fredfloris.eu\/#organization\",\"name\":\"FredFloris\",\"url\":\"https:\/\/fredfloris.eu\/\",\"logo\":{\"@type\":\"ImageObject\",\"inLanguage\":\"pl-PL\",\"@id\":\"https:\/\/fredfloris.eu\/#\/schema\/logo\/image\/\",\"url\":\"https:\/\/fredfloris.eu\/wp-content\/uploads\/2022\/03\/FredFloris-med-hel-nal-och-text.png\",\"contentUrl\":\"https:\/\/fredfloris.eu\/wp-content\/uploads\/2022\/03\/FredFloris-med-hel-nal-och-text.png\",\"width\":591,\"height\":283,\"caption\":\"FredFloris\"},\"image\":{\"@id\":\"https:\/\/fredfloris.eu\/#\/schema\/logo\/image\/\"},\"sameAs\":[\"https:\/\/www.facebook.com\/FredFloris.Artisan.Studio\/\",\"https:\/\/x.com\/_fredfloris_\",\"https:\/\/www.instagram.com\/fredfloris.artisan.studio\/\"]}]}<\/script>\n<!-- \/ Yoast SEO plugin. -->","yoast_head_json":{"title":"Perforowane notatniki w linie do dziennik\u00f3w FredFloris | FredFloris","description":"Perforowane notatniki i szkicowniki w linie. Notatnik Nordic Swan z oznakowaniem ekologicznym i notatnik Easy on the Planet z oznakowaniem ekologicznym, idealny do szybkich notatek.","robots":{"index":"index","follow":"follow","max-snippet":"max-snippet:-1","max-image-preview":"max-image-preview:large","max-video-preview":"max-video-preview:-1"},"canonical":"https:\/\/fredfloris.eu\/pl\/productpage\/notebooks-journals\/?wmc-currency=PLN","og_locale":"pl_PL","og_type":"article","og_title":"Perforated Lined Notebooks For FredFloris Journals | FredFloris","og_description":"Perforated lined notebooks and sketchbooks. Nordic Swan ecolabel notebook & Easy on the Planet ecolabeled notebooks, perfect for quick notes","og_url":"https:\/\/fredfloris.eu\/pl\/productpage\/notebooks-journals\/?wmc-currency=PLN","og_site_name":"FredFloris","article_publisher":"https:\/\/www.facebook.com\/FredFloris.Artisan.Studio\/","article_modified_time":"2024-06-24T19:36:21+00:00","og_image":[{"width":2560,"height":1707,"url":"https:\/\/fredfloris.eu\/wp-content\/uploads\/2022\/05\/IMG_2765-scaled.jpg","type":"image\/jpeg"}],"twitter_card":"summary_large_image","twitter_site":"@_fredfloris_","twitter_misc":{"Szacowany czas czytania":"1 minuta"},"schema":{"@context":"https:\/\/schema.org","@graph":[{"@type":"WebPage","@id":"https:\/\/fredfloris.eu\/productpage\/notebooks-journals\/","url":"https:\/\/fredfloris.eu\/productpage\/notebooks-journals\/","name":"Perforowane notatniki w linie do dziennik\u00f3w FredFloris | FredFloris","isPartOf":{"@id":"https:\/\/fredfloris.eu\/#website"},"primaryImageOfPage":{"@id":"https:\/\/fredfloris.eu\/productpage\/notebooks-journals\/#primaryimage"},"image":{"@id":"https:\/\/fredfloris.eu\/productpage\/notebooks-journals\/#primaryimage"},"thumbnailUrl":"https:\/\/fredfloris.eu\/wp-content\/uploads\/2022\/05\/IMG_2765-scaled.jpg","datePublished":"2022-05-19T16:18:03+00:00","dateModified":"2024-06-24T19:36:21+00:00","description":"Perforowane notatniki i szkicowniki w linie. Notatnik Nordic Swan z oznakowaniem ekologicznym i notatnik Easy on the Planet z oznakowaniem ekologicznym, idealny do szybkich notatek.","breadcrumb":{"@id":"https:\/\/fredfloris.eu\/productpage\/notebooks-journals\/#breadcrumb"},"inLanguage":"pl-PL","potentialAction":[{"@type":"ReadAction","target":["https:\/\/fredfloris.eu\/productpage\/notebooks-journals\/"]}]},{"@type":"ImageObject","inLanguage":"pl-PL","@id":"https:\/\/fredfloris.eu\/productpage\/notebooks-journals\/#primaryimage","url":"https:\/\/fredfloris.eu\/wp-content\/uploads\/2022\/05\/IMG_2765-scaled.jpg","contentUrl":"https:\/\/fredfloris.eu\/wp-content\/uploads\/2022\/05\/IMG_2765-scaled.jpg","width":2560,"height":1707,"caption":"Product: Notebooks for FredFloris Journals"},{"@type":"BreadcrumbList","@id":"https:\/\/fredfloris.eu\/productpage\/notebooks-journals\/#breadcrumb","itemListElement":[{"@type":"ListItem","position":1,"name":"Home","item":"https:\/\/fredfloris.eu\/"},{"@type":"ListItem","position":2,"name":"Shop","item":"https:\/\/fredfloris.eu\/shop\/"},{"@type":"ListItem","position":3,"name":"Papper Pages for FredFloris Daybooks"}]},{"@type":"WebSite","@id":"https:\/\/fredfloris.eu\/#website","url":"https:\/\/fredfloris.eu\/","name":"FredFloris","description":"R\u0119cznie wykonane wyroby sk\u00f3rzane - wyprodukowane w Szwecji","publisher":{"@id":"https:\/\/fredfloris.eu\/#organization"},"potentialAction":[{"@type":"SearchAction","target":{"@type":"EntryPoint","urlTemplate":"https:\/\/fredfloris.eu\/?s={search_term_string}"},"query-input":{"@type":"PropertyValueSpecification","valueRequired":true,"valueName":"search_term_string"}}],"inLanguage":"pl-PL"},{"@type":"Organization","@id":"https:\/\/fredfloris.eu\/#organization","name":"FredFloris","url":"https:\/\/fredfloris.eu\/","logo":{"@type":"ImageObject","inLanguage":"pl-PL","@id":"https:\/\/fredfloris.eu\/#\/schema\/logo\/image\/","url":"https:\/\/fredfloris.eu\/wp-content\/uploads\/2022\/03\/FredFloris-med-hel-nal-och-text.png","contentUrl":"https:\/\/fredfloris.eu\/wp-content\/uploads\/2022\/03\/FredFloris-med-hel-nal-och-text.png","width":591,"height":283,"caption":"FredFloris"},"image":{"@id":"https:\/\/fredfloris.eu\/#\/schema\/logo\/image\/"},"sameAs":["https:\/\/www.facebook.com\/FredFloris.Artisan.Studio\/","https:\/\/x.com\/_fredfloris_","https:\/\/www.instagram.com\/fredfloris.artisan.studio\/"]}]}},"brands":[],"_links":{"self":[{"href":"https:\/\/fredfloris.eu\/pl\/wp-json\/wp\/v2\/product\/5392","targetHints":{"allow":["GET"]}}],"collection":[{"href":"https:\/\/fredfloris.eu\/pl\/wp-json\/wp\/v2\/product"}],"about":[{"href":"https:\/\/fredfloris.eu\/pl\/wp-json\/wp\/v2\/types\/product"}],"version-history":[{"count":6,"href":"https:\/\/fredfloris.eu\/pl\/wp-json\/wp\/v2\/product\/5392\/revisions"}],"predecessor-version":[{"id":11556,"href":"https:\/\/fredfloris.eu\/pl\/wp-json\/wp\/v2\/product\/5392\/revisions\/11556"}],"wp:featuredmedia":[{"embeddable":true,"href":"https:\/\/fredfloris.eu\/pl\/wp-json\/wp\/v2\/media\/5367"}],"wp:attachment":[{"href":"https:\/\/fredfloris.eu\/pl\/wp-json\/wp\/v2\/media?parent=5392"}],"wp:term":[{"taxonomy":"pwb-brand","embeddable":true,"href":"https:\/\/fredfloris.eu\/pl\/wp-json\/wp\/v2\/pwb-brand?post=5392"},{"taxonomy":"product_brand","embeddable":true,"href":"https:\/\/fredfloris.eu\/pl\/wp-json\/wp\/v2\/product_brand?post=5392"},{"taxonomy":"product_cat","embeddable":true,"href":"https:\/\/fredfloris.eu\/pl\/wp-json\/wp\/v2\/product_cat?post=5392"},{"taxonomy":"product_tag","embeddable":true,"href":"https:\/\/fredfloris.eu\/pl\/wp-json\/wp\/v2\/product_tag?post=5392"},{"taxonomy":"woo-feed-brand","embeddable":true,"href":"https:\/\/fredfloris.eu\/pl\/wp-json\/wp\/v2\/woo-feed-brand?post=5392"}],"curies":[{"name":"wp","href":"https:\/\/api.w.org\/{rel}","templated":true}]}}