{"id":8676,"date":"2022-06-22T22:09:00","date_gmt":"2022-06-22T20:09:00","guid":{"rendered":"https:\/\/fredfloris.eu\/?post_type=product&#038;p=8676"},"modified":"2024-06-24T19:37:43","modified_gmt":"2024-06-24T17:37:43","slug":"customize-dickens-shelley-or-keats-a5-journals","status":"publish","type":"product","link":"https:\/\/fredfloris.eu\/pl\/productpage\/customize-dickens-shelley-or-keats-a5-journals\/","title":{"rendered":"Dostosuj - Dickens, Shelley lub Keats - Dzienniki A5"},"content":{"rendered":"<p>To jest strona personalizacji dla <a href=\"https:\/\/fredfloris.eu\/pl\/productpage\/a5-journals\/?wmc-currency=PLN\">Dickens, Shelley lub Keats - dzienniki A5<\/a><\/p>\n<p>Aby uzyska\u0107 kompleksowy przewodnik na temat korzystania z narz\u0119dzia, prosz\u0119 zapozna\u0107 si\u0119 z naszym og\u00f3lnym przewodnikiem <a href=\"https:\/\/fredfloris.eu\/pl\/personalize-guide\/?wmc-currency=PLN\">tutaj<\/a><\/p>\n<p>&nbsp;<\/p>\n<p>Je\u015bli chc\u0105 Pa\u0144stwo spersonalizowa\u0107 ten produkt, nale\u017cy doda\u0107 do koszyka zar\u00f3wno produkt, jak i projekt. Personalizacja nie wi\u0105\u017ce si\u0119 z \u017cadnymi dodatkowymi kosztami i odbywa si\u0119 za po\u015brednictwem kasy, dzi\u0119ki czemu mo\u017cemy dopasowa\u0107 zam\u00f3wienie do Pa\u0144stwa projektu.<\/p>\n<p>Prosz\u0119 doda\u0107 produkt do koszyka, a nast\u0119pnie edytowa\u0107 produkt w portalu projektowym. Wi\u0119cej informacji na temat dzia\u0142ania portalu projektowego <a href=\"https:\/\/fredfloris.eu\/pl\/personalize-guide\/?wmc-currency=PLN\">mo\u017cna znale\u017a\u0107 tutaj.<\/a> Gdy b\u0119d\u0105 Pa\u0144stwo zadowoleni z projektu, prosz\u0119 doda\u0107 go do koszyka.<\/p>\n<p>&nbsp;<\/p>\n<hr \/>\n<p>&nbsp;<\/p>\n<p style=\"text-align: left;\">Szukaj\u0105 Pa\u0144stwo inspiracji? Prosz\u0119 sprawdzi\u0107 bezp\u0142atne zasoby na stronie <a href=\"https:\/\/openclipart.org\/\" target=\"_new\" rel=\"noopener\">Otw\u00f3rz Clip Art<\/a>, gdzie znajd\u0105 Pa\u0144stwo r\u00f3\u017cnorodne obrazy nadaj\u0105ce si\u0119 do grawerowania laserowego.<\/p>\n<p>Je\u015bli maj\u0105 Pa\u0144stwo jakiekolwiek pytania dotycz\u0105ce grawerowania laserowego, prosimy o kontakt.<\/p>\n<p>&nbsp;<\/p>","protected":false},"excerpt":{"rendered":"<p>W przypadku tego produktu mog\u0105 Pa\u0144stwo wybra\u0107 opcj\u0119 grawerowania laserowego lub prasowania na gor\u0105co na zewn\u0119trznej przedniej cz\u0119\u015bci w prawym dolnym rogu.<\/p>\n<p>Niekt\u00f3re projekty produkt\u00f3w mog\u0105 pokazywa\u0107 czerwone linie, prosz\u0119 nie umieszcza\u0107 na nich niczego, poniewa\u017c wskazuj\u0105 one linie szw\u00f3w i inne rzeczy.<\/p>","protected":false},"featured_media":8674,"template":"","meta":[],"pwb-brand":[],"product_brand":[],"product_cat":[15],"product_tag":[205,105],"woo-feed-brand":[],"class_list":{"0":"post-8676","1":"product","2":"type-product","3":"status-publish","4":"has-post-thumbnail","6":"product_cat-uncategorized","7":"product_tag-customize","8":"product_tag-made-to-order","10":"first","11":"instock","12":"taxable","13":"shipping-taxable","14":"purchasable","15":"product-type-simple"},"yoast_head":"<!-- This site is optimized with the Yoast SEO plugin v27.2 - https:\/\/yoast.com\/product\/yoast-seo-wordpress\/ -->\n<title>Customize - Dickens, Shelley or Keats - A5 Journals | FredFloris<\/title>\n<meta name=\"robots\" content=\"noindex, follow\" \/>\n<meta property=\"og:locale\" content=\"pl_PL\" \/>\n<meta property=\"og:type\" content=\"article\" \/>\n<meta property=\"og:title\" content=\"Customize - Dickens, Shelley or Keats - A5 Journals | FredFloris\" \/>\n<meta property=\"og:description\" content=\"On this product you may choose between a laser engraving and a heat press option on the exterior front bottom right.  Some product designs may show red lines please do not place anything on these as they indicate stitching lines and other things.\" \/>\n<meta property=\"og:url\" content=\"https:\/\/fredfloris.eu\/pl\/productpage\/customize-dickens-shelley-or-keats-a5-journals\/?wmc-currency=PLN\" \/>\n<meta property=\"og:site_name\" content=\"FredFloris\" \/>\n<meta property=\"article:publisher\" content=\"https:\/\/www.facebook.com\/FredFloris.Artisan.Studio\/\" \/>\n<meta property=\"article:modified_time\" content=\"2024-06-24T17:37:43+00:00\" \/>\n<meta property=\"og:image\" content=\"https:\/\/fredfloris.eu\/wp-content\/uploads\/2022\/06\/Journal-A5-Inside-scaled.jpg\" \/>\n\t<meta property=\"og:image:width\" content=\"2560\" \/>\n\t<meta property=\"og:image:height\" content=\"2134\" \/>\n\t<meta property=\"og:image:type\" content=\"image\/jpeg\" \/>\n<meta name=\"twitter:card\" content=\"summary_large_image\" \/>\n<meta name=\"twitter:site\" content=\"@_fredfloris_\" \/>\n<meta name=\"twitter:label1\" content=\"Szacowany czas czytania\" \/>\n\t<meta name=\"twitter:data1\" content=\"1 minuta\" \/>\n<script type=\"application\/ld+json\" class=\"yoast-schema-graph\">{\"@context\":\"https:\/\/schema.org\",\"@graph\":[{\"@type\":\"WebPage\",\"@id\":\"https:\/\/fredfloris.eu\/productpage\/customize-dickens-shelley-or-keats-a5-journals\/\",\"url\":\"https:\/\/fredfloris.eu\/productpage\/customize-dickens-shelley-or-keats-a5-journals\/\",\"name\":\"Customize - Dickens, Shelley or Keats - A5 Journals | FredFloris\",\"isPartOf\":{\"@id\":\"https:\/\/fredfloris.eu\/#website\"},\"primaryImageOfPage\":{\"@id\":\"https:\/\/fredfloris.eu\/productpage\/customize-dickens-shelley-or-keats-a5-journals\/#primaryimage\"},\"image\":{\"@id\":\"https:\/\/fredfloris.eu\/productpage\/customize-dickens-shelley-or-keats-a5-journals\/#primaryimage\"},\"thumbnailUrl\":\"https:\/\/fredfloris.eu\/wp-content\/uploads\/2022\/06\/Journal-A5-Inside-scaled.jpg\",\"datePublished\":\"2022-06-22T20:09:00+00:00\",\"dateModified\":\"2024-06-24T17:37:43+00:00\",\"breadcrumb\":{\"@id\":\"https:\/\/fredfloris.eu\/productpage\/customize-dickens-shelley-or-keats-a5-journals\/#breadcrumb\"},\"inLanguage\":\"pl-PL\",\"potentialAction\":[{\"@type\":\"ReadAction\",\"target\":[\"https:\/\/fredfloris.eu\/productpage\/customize-dickens-shelley-or-keats-a5-journals\/\"]}]},{\"@type\":\"ImageObject\",\"inLanguage\":\"pl-PL\",\"@id\":\"https:\/\/fredfloris.eu\/productpage\/customize-dickens-shelley-or-keats-a5-journals\/#primaryimage\",\"url\":\"https:\/\/fredfloris.eu\/wp-content\/uploads\/2022\/06\/Journal-A5-Inside-scaled.jpg\",\"contentUrl\":\"https:\/\/fredfloris.eu\/wp-content\/uploads\/2022\/06\/Journal-A5-Inside-scaled.jpg\",\"width\":2560,\"height\":2134,\"caption\":\"Product: Dickens, Shelley or Keats - A5 Journals CUSTOMIZE\"},{\"@type\":\"BreadcrumbList\",\"@id\":\"https:\/\/fredfloris.eu\/productpage\/customize-dickens-shelley-or-keats-a5-journals\/#breadcrumb\",\"itemListElement\":[{\"@type\":\"ListItem\",\"position\":1,\"name\":\"Home\",\"item\":\"https:\/\/fredfloris.eu\/\"},{\"@type\":\"ListItem\",\"position\":2,\"name\":\"Shop\",\"item\":\"https:\/\/fredfloris.eu\/shop\/\"},{\"@type\":\"ListItem\",\"position\":3,\"name\":\"Customize &#8211; Dickens, Shelley or Keats &#8211; A5 Journals\"}]},{\"@type\":\"WebSite\",\"@id\":\"https:\/\/fredfloris.eu\/#website\",\"url\":\"https:\/\/fredfloris.eu\/\",\"name\":\"FredFloris\",\"description\":\"Handcrafted Leathergoods - Made in Sweden\",\"publisher\":{\"@id\":\"https:\/\/fredfloris.eu\/#organization\"},\"potentialAction\":[{\"@type\":\"SearchAction\",\"target\":{\"@type\":\"EntryPoint\",\"urlTemplate\":\"https:\/\/fredfloris.eu\/?s={search_term_string}\"},\"query-input\":{\"@type\":\"PropertyValueSpecification\",\"valueRequired\":true,\"valueName\":\"search_term_string\"}}],\"inLanguage\":\"pl-PL\"},{\"@type\":\"Organization\",\"@id\":\"https:\/\/fredfloris.eu\/#organization\",\"name\":\"FredFloris\",\"url\":\"https:\/\/fredfloris.eu\/\",\"logo\":{\"@type\":\"ImageObject\",\"inLanguage\":\"pl-PL\",\"@id\":\"https:\/\/fredfloris.eu\/#\/schema\/logo\/image\/\",\"url\":\"https:\/\/fredfloris.eu\/wp-content\/uploads\/2022\/03\/FredFloris-med-hel-nal-och-text.png\",\"contentUrl\":\"https:\/\/fredfloris.eu\/wp-content\/uploads\/2022\/03\/FredFloris-med-hel-nal-och-text.png\",\"width\":591,\"height\":283,\"caption\":\"FredFloris\"},\"image\":{\"@id\":\"https:\/\/fredfloris.eu\/#\/schema\/logo\/image\/\"},\"sameAs\":[\"https:\/\/www.facebook.com\/FredFloris.Artisan.Studio\/\",\"https:\/\/x.com\/_fredfloris_\",\"https:\/\/www.instagram.com\/fredfloris.artisan.studio\/\"]}]}<\/script>\n<!-- \/ Yoast SEO plugin. -->","yoast_head_json":{"title":"Customize - Dickens, Shelley or Keats - A5 Journals | FredFloris","robots":{"index":"noindex","follow":"follow"},"og_locale":"pl_PL","og_type":"article","og_title":"Customize - Dickens, Shelley or Keats - A5 Journals | FredFloris","og_description":"On this product you may choose between a laser engraving and a heat press option on the exterior front bottom right.  Some product designs may show red lines please do not place anything on these as they indicate stitching lines and other things.","og_url":"https:\/\/fredfloris.eu\/pl\/productpage\/customize-dickens-shelley-or-keats-a5-journals\/?wmc-currency=PLN","og_site_name":"FredFloris","article_publisher":"https:\/\/www.facebook.com\/FredFloris.Artisan.Studio\/","article_modified_time":"2024-06-24T17:37:43+00:00","og_image":[{"width":2560,"height":2134,"url":"https:\/\/fredfloris.eu\/wp-content\/uploads\/2022\/06\/Journal-A5-Inside-scaled.jpg","type":"image\/jpeg"}],"twitter_card":"summary_large_image","twitter_site":"@_fredfloris_","twitter_misc":{"Szacowany czas czytania":"1 minuta"},"schema":{"@context":"https:\/\/schema.org","@graph":[{"@type":"WebPage","@id":"https:\/\/fredfloris.eu\/productpage\/customize-dickens-shelley-or-keats-a5-journals\/","url":"https:\/\/fredfloris.eu\/productpage\/customize-dickens-shelley-or-keats-a5-journals\/","name":"Customize - Dickens, Shelley or Keats - A5 Journals | FredFloris","isPartOf":{"@id":"https:\/\/fredfloris.eu\/#website"},"primaryImageOfPage":{"@id":"https:\/\/fredfloris.eu\/productpage\/customize-dickens-shelley-or-keats-a5-journals\/#primaryimage"},"image":{"@id":"https:\/\/fredfloris.eu\/productpage\/customize-dickens-shelley-or-keats-a5-journals\/#primaryimage"},"thumbnailUrl":"https:\/\/fredfloris.eu\/wp-content\/uploads\/2022\/06\/Journal-A5-Inside-scaled.jpg","datePublished":"2022-06-22T20:09:00+00:00","dateModified":"2024-06-24T17:37:43+00:00","breadcrumb":{"@id":"https:\/\/fredfloris.eu\/productpage\/customize-dickens-shelley-or-keats-a5-journals\/#breadcrumb"},"inLanguage":"pl-PL","potentialAction":[{"@type":"ReadAction","target":["https:\/\/fredfloris.eu\/productpage\/customize-dickens-shelley-or-keats-a5-journals\/"]}]},{"@type":"ImageObject","inLanguage":"pl-PL","@id":"https:\/\/fredfloris.eu\/productpage\/customize-dickens-shelley-or-keats-a5-journals\/#primaryimage","url":"https:\/\/fredfloris.eu\/wp-content\/uploads\/2022\/06\/Journal-A5-Inside-scaled.jpg","contentUrl":"https:\/\/fredfloris.eu\/wp-content\/uploads\/2022\/06\/Journal-A5-Inside-scaled.jpg","width":2560,"height":2134,"caption":"Product: Dickens, Shelley or Keats - A5 Journals CUSTOMIZE"},{"@type":"BreadcrumbList","@id":"https:\/\/fredfloris.eu\/productpage\/customize-dickens-shelley-or-keats-a5-journals\/#breadcrumb","itemListElement":[{"@type":"ListItem","position":1,"name":"Home","item":"https:\/\/fredfloris.eu\/"},{"@type":"ListItem","position":2,"name":"Shop","item":"https:\/\/fredfloris.eu\/shop\/"},{"@type":"ListItem","position":3,"name":"Customize &#8211; Dickens, Shelley or Keats &#8211; A5 Journals"}]},{"@type":"WebSite","@id":"https:\/\/fredfloris.eu\/#website","url":"https:\/\/fredfloris.eu\/","name":"FredFloris","description":"R\u0119cznie wykonane wyroby sk\u00f3rzane - wyprodukowane w Szwecji","publisher":{"@id":"https:\/\/fredfloris.eu\/#organization"},"potentialAction":[{"@type":"SearchAction","target":{"@type":"EntryPoint","urlTemplate":"https:\/\/fredfloris.eu\/?s={search_term_string}"},"query-input":{"@type":"PropertyValueSpecification","valueRequired":true,"valueName":"search_term_string"}}],"inLanguage":"pl-PL"},{"@type":"Organization","@id":"https:\/\/fredfloris.eu\/#organization","name":"FredFloris","url":"https:\/\/fredfloris.eu\/","logo":{"@type":"ImageObject","inLanguage":"pl-PL","@id":"https:\/\/fredfloris.eu\/#\/schema\/logo\/image\/","url":"https:\/\/fredfloris.eu\/wp-content\/uploads\/2022\/03\/FredFloris-med-hel-nal-och-text.png","contentUrl":"https:\/\/fredfloris.eu\/wp-content\/uploads\/2022\/03\/FredFloris-med-hel-nal-och-text.png","width":591,"height":283,"caption":"FredFloris"},"image":{"@id":"https:\/\/fredfloris.eu\/#\/schema\/logo\/image\/"},"sameAs":["https:\/\/www.facebook.com\/FredFloris.Artisan.Studio\/","https:\/\/x.com\/_fredfloris_","https:\/\/www.instagram.com\/fredfloris.artisan.studio\/"]}]}},"brands":[],"_links":{"self":[{"href":"https:\/\/fredfloris.eu\/pl\/wp-json\/wp\/v2\/product\/8676","targetHints":{"allow":["GET"]}}],"collection":[{"href":"https:\/\/fredfloris.eu\/pl\/wp-json\/wp\/v2\/product"}],"about":[{"href":"https:\/\/fredfloris.eu\/pl\/wp-json\/wp\/v2\/types\/product"}],"version-history":[{"count":10,"href":"https:\/\/fredfloris.eu\/pl\/wp-json\/wp\/v2\/product\/8676\/revisions"}],"predecessor-version":[{"id":11499,"href":"https:\/\/fredfloris.eu\/pl\/wp-json\/wp\/v2\/product\/8676\/revisions\/11499"}],"wp:featuredmedia":[{"embeddable":true,"href":"https:\/\/fredfloris.eu\/pl\/wp-json\/wp\/v2\/media\/8674"}],"wp:attachment":[{"href":"https:\/\/fredfloris.eu\/pl\/wp-json\/wp\/v2\/media?parent=8676"}],"wp:term":[{"taxonomy":"pwb-brand","embeddable":true,"href":"https:\/\/fredfloris.eu\/pl\/wp-json\/wp\/v2\/pwb-brand?post=8676"},{"taxonomy":"product_brand","embeddable":true,"href":"https:\/\/fredfloris.eu\/pl\/wp-json\/wp\/v2\/product_brand?post=8676"},{"taxonomy":"product_cat","embeddable":true,"href":"https:\/\/fredfloris.eu\/pl\/wp-json\/wp\/v2\/product_cat?post=8676"},{"taxonomy":"product_tag","embeddable":true,"href":"https:\/\/fredfloris.eu\/pl\/wp-json\/wp\/v2\/product_tag?post=8676"},{"taxonomy":"woo-feed-brand","embeddable":true,"href":"https:\/\/fredfloris.eu\/pl\/wp-json\/wp\/v2\/woo-feed-brand?post=8676"}],"curies":[{"name":"wp","href":"https:\/\/api.w.org\/{rel}","templated":true}]}}