{"id":10501,"date":"2023-09-17T12:19:16","date_gmt":"2023-09-17T10:19:16","guid":{"rendered":"https:\/\/fredfloris.eu\/?post_type=product&#038;p=10501"},"modified":"2024-06-24T20:17:07","modified_gmt":"2024-06-24T18:17:07","slug":"fredfloris-high-quality-leather-balm-100-ml","status":"publish","type":"product","link":"https:\/\/fredfloris.eu\/pt\/productpage\/fredfloris-high-quality-leather-balm-100-ml\/","title":{"rendered":"FredFloris B\u00e1lsamo para Couro de Alta Qualidade - 100 ml"},"content":{"rendered":"<p><strong>Fabricado com cuidado na Su\u00e9cia<\/strong><\/p>\n<p>Ofere\u00e7a ao seu couro os benef\u00edcios luxuosos do nosso b\u00e1lsamo para couro de alta qualidade. Concebida para os amantes do couro, esta lata de 100 ml de b\u00e1lsamo para couro \u00e9 feita inteiramente de materiais org\u00e2nicos e ecol\u00f3gicos, reflectindo a nossa dedica\u00e7\u00e3o \u00e0 seguran\u00e7a e \u00e0 qualidade.<\/p>\n<p><strong>Carater\u00edsticas principais:<\/strong><\/p>\n<ul>\n<li><strong>Base de cera de abelha:<\/strong> Feito com uma base rica em cera de abelha, o nosso b\u00e1lsamo para couro oferece uma nutri\u00e7\u00e3o e prote\u00e7\u00e3o inigual\u00e1veis para os seus artigos de couro.<\/li>\n<li><strong>Limpar, nutrir e proteger:<\/strong> Uma mistura de cera de abelha sueca com \u00f3leos naturais, incluindo \u00f3leos de am\u00eandoa e jojoba, para cuidar e preservar os seus artigos de couro.<\/li>\n<\/ul>\n<p>&nbsp;<\/p>\n<p><strong>Modo de utiliza\u00e7\u00e3o:<\/strong><\/p>\n<ul>\n<li>Aplique apenas no lado da flor do couro.<\/li>\n<li>Para verificar um poss\u00edvel escurecimento, teste primeiro numa \u00e1rea pequena e escondida.<\/li>\n<li>Utilize apenas uma pequena quantidade; uma camada fina \u00e9 suficiente.<\/li>\n<li>Lustre suavemente com um pano para melhorar o brilho do seu couro.<\/li>\n<\/ul>\n<p>&nbsp;<\/p>\n<p><strong>Experimente a diferen\u00e7a:<\/strong><\/p>\n<p>O nosso b\u00e1lsamo para couro n\u00e3o s\u00f3 condiciona profundamente o seu couro, como tamb\u00e9m forma uma barreira protetora contra os elementos ambientais. Limpa suavemente, restaurando a beleza natural do seu couro.<\/p>\n<p>O b\u00e1lsamo para couro de alta qualidade da FredFloris \u00e9 essencial para manter a eleg\u00e2ncia e a longevidade dos seus artigos de couro. Descubra hoje os benef\u00edcios de um cuidado sofisticado da pele com a FredFloris.<\/p>\n<p>&nbsp;<\/p>\n<p>Leia o nosso guia de cuidados completo <a href=\"https:\/\/fredfloris.eu\/pt\/care-instructions\/?wmc-currency=EUR\">aqui<\/a><\/p>","protected":false},"excerpt":{"rendered":"<p>SKU:lea\/balm\/bi<\/p>","protected":false},"featured_media":10500,"template":"","meta":[],"pwb-brand":[],"product_brand":[],"product_cat":[383],"product_tag":[384,135],"woo-feed-brand":[],"class_list":{"0":"post-10501","1":"product","2":"type-product","3":"status-publish","4":"has-post-thumbnail","6":"product_cat-leather-care-products","7":"product_tag-care-products","8":"product_tag-stocked","9":"product_shipping_class-small-goods","11":"first","12":"instock","13":"taxable","14":"shipping-taxable","15":"purchasable","16":"product-type-simple"},"yoast_head":"<!-- This site is optimized with the Yoast SEO plugin v27.2 - https:\/\/yoast.com\/product\/yoast-seo-wordpress\/ -->\n<title>FredFloris Leather Balm - Organic and Ecological Leather Care<\/title>\n<meta name=\"description\" content=\"Discover the finest in leather care with FredFloris Leather Balm. Crafted in Sweden, our 100 ml can of organic and ecological goodness nourishes.\" \/>\n<meta name=\"robots\" content=\"index, follow, max-snippet:-1, max-image-preview:large, max-video-preview:-1\" \/>\n<link rel=\"canonical\" href=\"https:\/\/fredfloris.eu\/pt\/productpage\/fredfloris-high-quality-leather-balm-100-ml\/?wmc-currency=EUR\" \/>\n<meta property=\"og:locale\" content=\"pt_PT\" \/>\n<meta property=\"og:type\" content=\"article\" \/>\n<meta property=\"og:title\" content=\"FredFloris Leather Balm - Organic and Ecological Leather Care\" \/>\n<meta property=\"og:description\" content=\"Discover the finest in leather care with FredFloris Leather Balm. Crafted in Sweden, our 100 ml can of organic and ecological goodness nourishes.\" \/>\n<meta property=\"og:url\" content=\"https:\/\/fredfloris.eu\/pt\/productpage\/fredfloris-high-quality-leather-balm-100-ml\/?wmc-currency=EUR\" \/>\n<meta property=\"og:site_name\" content=\"FredFloris\" \/>\n<meta property=\"article:publisher\" content=\"https:\/\/www.facebook.com\/FredFloris.Artisan.Studio\/\" \/>\n<meta property=\"article:modified_time\" content=\"2024-06-24T18:17:07+00:00\" \/>\n<meta property=\"og:image\" content=\"https:\/\/fredfloris.eu\/wp-content\/uploads\/2023\/09\/IMG_5594-scaled.jpg\" \/>\n\t<meta property=\"og:image:width\" content=\"2560\" \/>\n\t<meta property=\"og:image:height\" content=\"1707\" \/>\n\t<meta property=\"og:image:type\" content=\"image\/jpeg\" \/>\n<meta name=\"twitter:card\" content=\"summary_large_image\" \/>\n<meta name=\"twitter:site\" content=\"@_fredfloris_\" \/>\n<meta name=\"twitter:label1\" content=\"Tempo estimado de leitura\" \/>\n\t<meta name=\"twitter:data1\" content=\"2 minutos\" \/>\n<script type=\"application\/ld+json\" class=\"yoast-schema-graph\">{\"@context\":\"https:\/\/schema.org\",\"@graph\":[{\"@type\":\"WebPage\",\"@id\":\"https:\/\/fredfloris.eu\/productpage\/fredfloris-high-quality-leather-balm-100-ml\/\",\"url\":\"https:\/\/fredfloris.eu\/productpage\/fredfloris-high-quality-leather-balm-100-ml\/\",\"name\":\"FredFloris Leather Balm - Organic and Ecological Leather Care\",\"isPartOf\":{\"@id\":\"https:\/\/fredfloris.eu\/#website\"},\"primaryImageOfPage\":{\"@id\":\"https:\/\/fredfloris.eu\/productpage\/fredfloris-high-quality-leather-balm-100-ml\/#primaryimage\"},\"image\":{\"@id\":\"https:\/\/fredfloris.eu\/productpage\/fredfloris-high-quality-leather-balm-100-ml\/#primaryimage\"},\"thumbnailUrl\":\"https:\/\/fredfloris.eu\/wp-content\/uploads\/2023\/09\/IMG_5594-scaled.jpg\",\"datePublished\":\"2023-09-17T10:19:16+00:00\",\"dateModified\":\"2024-06-24T18:17:07+00:00\",\"description\":\"Discover the finest in leather care with FredFloris Leather Balm. Crafted in Sweden, our 100 ml can of organic and ecological goodness nourishes.\",\"breadcrumb\":{\"@id\":\"https:\/\/fredfloris.eu\/productpage\/fredfloris-high-quality-leather-balm-100-ml\/#breadcrumb\"},\"inLanguage\":\"pt-PT\",\"potentialAction\":[{\"@type\":\"ReadAction\",\"target\":[\"https:\/\/fredfloris.eu\/productpage\/fredfloris-high-quality-leather-balm-100-ml\/\"]}]},{\"@type\":\"ImageObject\",\"inLanguage\":\"pt-PT\",\"@id\":\"https:\/\/fredfloris.eu\/productpage\/fredfloris-high-quality-leather-balm-100-ml\/#primaryimage\",\"url\":\"https:\/\/fredfloris.eu\/wp-content\/uploads\/2023\/09\/IMG_5594-scaled.jpg\",\"contentUrl\":\"https:\/\/fredfloris.eu\/wp-content\/uploads\/2023\/09\/IMG_5594-scaled.jpg\",\"width\":2560,\"height\":1707,\"caption\":\"Product: FredFloris Leather Balm\"},{\"@type\":\"BreadcrumbList\",\"@id\":\"https:\/\/fredfloris.eu\/productpage\/fredfloris-high-quality-leather-balm-100-ml\/#breadcrumb\",\"itemListElement\":[{\"@type\":\"ListItem\",\"position\":1,\"name\":\"Home\",\"item\":\"https:\/\/fredfloris.eu\/\"},{\"@type\":\"ListItem\",\"position\":2,\"name\":\"Shop\",\"item\":\"https:\/\/fredfloris.eu\/shop\/\"},{\"@type\":\"ListItem\",\"position\":3,\"name\":\"FredFloris High-Quality Leather Balm &#8211; 100 ml\"}]},{\"@type\":\"WebSite\",\"@id\":\"https:\/\/fredfloris.eu\/#website\",\"url\":\"https:\/\/fredfloris.eu\/\",\"name\":\"FredFloris\",\"description\":\"Handcrafted Leathergoods - Made in Sweden\",\"publisher\":{\"@id\":\"https:\/\/fredfloris.eu\/#organization\"},\"potentialAction\":[{\"@type\":\"SearchAction\",\"target\":{\"@type\":\"EntryPoint\",\"urlTemplate\":\"https:\/\/fredfloris.eu\/?s={search_term_string}\"},\"query-input\":{\"@type\":\"PropertyValueSpecification\",\"valueRequired\":true,\"valueName\":\"search_term_string\"}}],\"inLanguage\":\"pt-PT\"},{\"@type\":\"Organization\",\"@id\":\"https:\/\/fredfloris.eu\/#organization\",\"name\":\"FredFloris\",\"url\":\"https:\/\/fredfloris.eu\/\",\"logo\":{\"@type\":\"ImageObject\",\"inLanguage\":\"pt-PT\",\"@id\":\"https:\/\/fredfloris.eu\/#\/schema\/logo\/image\/\",\"url\":\"https:\/\/fredfloris.eu\/wp-content\/uploads\/2022\/03\/FredFloris-med-hel-nal-och-text.png\",\"contentUrl\":\"https:\/\/fredfloris.eu\/wp-content\/uploads\/2022\/03\/FredFloris-med-hel-nal-och-text.png\",\"width\":591,\"height\":283,\"caption\":\"FredFloris\"},\"image\":{\"@id\":\"https:\/\/fredfloris.eu\/#\/schema\/logo\/image\/\"},\"sameAs\":[\"https:\/\/www.facebook.com\/FredFloris.Artisan.Studio\/\",\"https:\/\/x.com\/_fredfloris_\",\"https:\/\/www.instagram.com\/fredfloris.artisan.studio\/\"]}]}<\/script>\n<!-- \/ Yoast SEO plugin. -->","yoast_head_json":{"title":"FredFloris Leather Balm - Cuidado org\u00e2nico e ecol\u00f3gico do couro","description":"Descubra o que h\u00e1 de melhor no cuidado do couro com o b\u00e1lsamo para couro FredFloris. Fabricado na Su\u00e9cia, a nossa lata de 100 ml de produtos org\u00e2nicos e ecol\u00f3gicos nutre-o.","robots":{"index":"index","follow":"follow","max-snippet":"max-snippet:-1","max-image-preview":"max-image-preview:large","max-video-preview":"max-video-preview:-1"},"canonical":"https:\/\/fredfloris.eu\/pt\/productpage\/fredfloris-high-quality-leather-balm-100-ml\/?wmc-currency=EUR","og_locale":"pt_PT","og_type":"article","og_title":"FredFloris Leather Balm - Organic and Ecological Leather Care","og_description":"Discover the finest in leather care with FredFloris Leather Balm. Crafted in Sweden, our 100 ml can of organic and ecological goodness nourishes.","og_url":"https:\/\/fredfloris.eu\/pt\/productpage\/fredfloris-high-quality-leather-balm-100-ml\/?wmc-currency=EUR","og_site_name":"FredFloris","article_publisher":"https:\/\/www.facebook.com\/FredFloris.Artisan.Studio\/","article_modified_time":"2024-06-24T18:17:07+00:00","og_image":[{"width":2560,"height":1707,"url":"https:\/\/fredfloris.eu\/wp-content\/uploads\/2023\/09\/IMG_5594-scaled.jpg","type":"image\/jpeg"}],"twitter_card":"summary_large_image","twitter_site":"@_fredfloris_","twitter_misc":{"Tempo estimado de leitura":"2 minutos"},"schema":{"@context":"https:\/\/schema.org","@graph":[{"@type":"WebPage","@id":"https:\/\/fredfloris.eu\/productpage\/fredfloris-high-quality-leather-balm-100-ml\/","url":"https:\/\/fredfloris.eu\/productpage\/fredfloris-high-quality-leather-balm-100-ml\/","name":"FredFloris Leather Balm - Cuidado org\u00e2nico e ecol\u00f3gico do couro","isPartOf":{"@id":"https:\/\/fredfloris.eu\/#website"},"primaryImageOfPage":{"@id":"https:\/\/fredfloris.eu\/productpage\/fredfloris-high-quality-leather-balm-100-ml\/#primaryimage"},"image":{"@id":"https:\/\/fredfloris.eu\/productpage\/fredfloris-high-quality-leather-balm-100-ml\/#primaryimage"},"thumbnailUrl":"https:\/\/fredfloris.eu\/wp-content\/uploads\/2023\/09\/IMG_5594-scaled.jpg","datePublished":"2023-09-17T10:19:16+00:00","dateModified":"2024-06-24T18:17:07+00:00","description":"Descubra o que h\u00e1 de melhor no cuidado do couro com o b\u00e1lsamo para couro FredFloris. Fabricado na Su\u00e9cia, a nossa lata de 100 ml de produtos org\u00e2nicos e ecol\u00f3gicos nutre-o.","breadcrumb":{"@id":"https:\/\/fredfloris.eu\/productpage\/fredfloris-high-quality-leather-balm-100-ml\/#breadcrumb"},"inLanguage":"pt-PT","potentialAction":[{"@type":"ReadAction","target":["https:\/\/fredfloris.eu\/productpage\/fredfloris-high-quality-leather-balm-100-ml\/"]}]},{"@type":"ImageObject","inLanguage":"pt-PT","@id":"https:\/\/fredfloris.eu\/productpage\/fredfloris-high-quality-leather-balm-100-ml\/#primaryimage","url":"https:\/\/fredfloris.eu\/wp-content\/uploads\/2023\/09\/IMG_5594-scaled.jpg","contentUrl":"https:\/\/fredfloris.eu\/wp-content\/uploads\/2023\/09\/IMG_5594-scaled.jpg","width":2560,"height":1707,"caption":"Product: FredFloris Leather Balm"},{"@type":"BreadcrumbList","@id":"https:\/\/fredfloris.eu\/productpage\/fredfloris-high-quality-leather-balm-100-ml\/#breadcrumb","itemListElement":[{"@type":"ListItem","position":1,"name":"Home","item":"https:\/\/fredfloris.eu\/"},{"@type":"ListItem","position":2,"name":"Shop","item":"https:\/\/fredfloris.eu\/shop\/"},{"@type":"ListItem","position":3,"name":"FredFloris High-Quality Leather Balm &#8211; 100 ml"}]},{"@type":"WebSite","@id":"https:\/\/fredfloris.eu\/#website","url":"https:\/\/fredfloris.eu\/","name":"FredFloris","description":"Artigos em pele feitos \u00e0 m\u00e3o - Fabricados na Su\u00e9cia","publisher":{"@id":"https:\/\/fredfloris.eu\/#organization"},"potentialAction":[{"@type":"SearchAction","target":{"@type":"EntryPoint","urlTemplate":"https:\/\/fredfloris.eu\/?s={search_term_string}"},"query-input":{"@type":"PropertyValueSpecification","valueRequired":true,"valueName":"search_term_string"}}],"inLanguage":"pt-PT"},{"@type":"Organization","@id":"https:\/\/fredfloris.eu\/#organization","name":"FredFloris","url":"https:\/\/fredfloris.eu\/","logo":{"@type":"ImageObject","inLanguage":"pt-PT","@id":"https:\/\/fredfloris.eu\/#\/schema\/logo\/image\/","url":"https:\/\/fredfloris.eu\/wp-content\/uploads\/2022\/03\/FredFloris-med-hel-nal-och-text.png","contentUrl":"https:\/\/fredfloris.eu\/wp-content\/uploads\/2022\/03\/FredFloris-med-hel-nal-och-text.png","width":591,"height":283,"caption":"FredFloris"},"image":{"@id":"https:\/\/fredfloris.eu\/#\/schema\/logo\/image\/"},"sameAs":["https:\/\/www.facebook.com\/FredFloris.Artisan.Studio\/","https:\/\/x.com\/_fredfloris_","https:\/\/www.instagram.com\/fredfloris.artisan.studio\/"]}]}},"brands":[],"_links":{"self":[{"href":"https:\/\/fredfloris.eu\/pt\/wp-json\/wp\/v2\/product\/10501","targetHints":{"allow":["GET"]}}],"collection":[{"href":"https:\/\/fredfloris.eu\/pt\/wp-json\/wp\/v2\/product"}],"about":[{"href":"https:\/\/fredfloris.eu\/pt\/wp-json\/wp\/v2\/types\/product"}],"version-history":[{"count":9,"href":"https:\/\/fredfloris.eu\/pt\/wp-json\/wp\/v2\/product\/10501\/revisions"}],"predecessor-version":[{"id":11519,"href":"https:\/\/fredfloris.eu\/pt\/wp-json\/wp\/v2\/product\/10501\/revisions\/11519"}],"wp:featuredmedia":[{"embeddable":true,"href":"https:\/\/fredfloris.eu\/pt\/wp-json\/wp\/v2\/media\/10500"}],"wp:attachment":[{"href":"https:\/\/fredfloris.eu\/pt\/wp-json\/wp\/v2\/media?parent=10501"}],"wp:term":[{"taxonomy":"pwb-brand","embeddable":true,"href":"https:\/\/fredfloris.eu\/pt\/wp-json\/wp\/v2\/pwb-brand?post=10501"},{"taxonomy":"product_brand","embeddable":true,"href":"https:\/\/fredfloris.eu\/pt\/wp-json\/wp\/v2\/product_brand?post=10501"},{"taxonomy":"product_cat","embeddable":true,"href":"https:\/\/fredfloris.eu\/pt\/wp-json\/wp\/v2\/product_cat?post=10501"},{"taxonomy":"product_tag","embeddable":true,"href":"https:\/\/fredfloris.eu\/pt\/wp-json\/wp\/v2\/product_tag?post=10501"},{"taxonomy":"woo-feed-brand","embeddable":true,"href":"https:\/\/fredfloris.eu\/pt\/wp-json\/wp\/v2\/woo-feed-brand?post=10501"}],"curies":[{"name":"wp","href":"https:\/\/api.w.org\/{rel}","templated":true}]}}