{"id":10760,"date":"2024-02-27T20:41:14","date_gmt":"2024-02-27T18:41:14","guid":{"rendered":"https:\/\/fredfloris.eu\/?post_type=product&#038;p=10760"},"modified":"2025-01-05T12:22:59","modified_gmt":"2025-01-05T10:22:59","slug":"personalised-leather-labels","status":"publish","type":"product","link":"https:\/\/fredfloris.eu\/pt\/productpage\/personalised-leather-labels\/","title":{"rendered":"Etiquetas em pele personalizadas"},"content":{"rendered":"<p><strong>Personalisation:<\/strong> To customise with your own design yourself, add both the item and your chosen design to your shopping bag.<\/p>\n<p><a class=\"lumise-customize-button button alt\" href=\"https:\/\/fredfloris.eu\/pt\/productpage\/customize-leather-labels\/?wmc-currency=EUR\" name=\"customize\">Personalize<\/a><\/p>\n<p>Add the ultimate finishing touch to your handmade items with a personalised leather label. Each label is not just an accessory but a statement of quality and individuality.<\/p>\n<p>Our labels are produced using a precise laser engraving and cutting process, which enhances each label with a distinctive dark edge, adding an element of refined finish. Each label is treated to minimize the natural burn smell, any remaining smell fades over time. These labels are perfect for adding a personal touch to items like knitted scarves or hats.<\/p>\n<p>&nbsp;<\/p>\n<p><strong>Colours and Thickness:<\/strong><\/p>\n<ul>\n<li><strong>Cognac<\/strong>: 2 mm vegetable-tanned leather sourced from Italy<\/li>\n<li><strong>Castanho claro<\/strong>: 1 mm vegetable-tanned leather sourced from Italy<\/li>\n<li><strong>Natural<\/strong>: Undyed leather, 1 mm vegetable-tanned leather sourced from Italy<\/li>\n<\/ul>\n<p>&nbsp;<\/p>\n<p>If you require a custom colour or thickness, please contact us to explore our current stock options.<\/p>\n<p>&nbsp;<\/p>\n<p><strong>Sizes and Shapes:<\/strong><\/p>\n<ul>\n<li><strong>Circle:<\/strong> Available diameters are 15 mm, 20 mm, 25 mm, 30 mm, and 35 mm<\/li>\n<li><strong>Square:<\/strong> Sizes include 20&#215;20 mm, 25&#215;25 mm, and 30&#215;30 mm<\/li>\n<li><strong>Rectangle:<\/strong> Available up to sizes of 40&#215;15 mm and 70&#215;20 mm<\/li>\n<\/ul>\n<p>&nbsp;<\/p>\n<p>Custom sizes are available to ensure the perfect fit for your designs. Please contact us before placing an order for custom sizes, or we will reach out if you order a &#8216;smaller than&#8217; size to discuss specifics.<\/p>\n<p><strong>Attachment Options:<\/strong><\/p>\n<ul>\n<li>Holes for rivets or screws<\/li>\n<li>Holes for hand-stitching<\/li>\n<li>Guiding markings for machine stitching<\/li>\n<li>Options without any holes or markings are available upon request.<\/li>\n<\/ul>\n<p>&nbsp;<\/p>\n<p><strong>Support and Services:<\/strong><\/p>\n<p>Our team is here to assist with any questions or specific requests you may have. Minor corrections to your design are included in the price.<\/p>\n<p><em><strong>After you place your order, we will compile the provided information and ask you to verify it to ensure there are no misunderstandings.<\/strong><\/em><\/p>\n<p><em><strong>We will also create a sample of your design and send you an image for approval before shipping the final product.<\/strong><\/em><\/p>\n<p>For more comprehensive adjustments, consider our design services, such as File Check &amp; Fix or Editing &amp; Designing.<\/p>\n<p>At FredFloris, we value the beauty of handmade items, perfect for personal use or as special gifts.<\/p>\n<p>&nbsp;<\/p>\n<p>&nbsp;<\/p>\n<p>Keywords: Personalised Leather Labels, Custom Sewing labels, leather label, crochet label, Leather labels for knitting DIY<\/p>","protected":false},"excerpt":{"rendered":"<p>SKU: per\/lea\/lab<\/p>","protected":false},"featured_media":11712,"template":"","meta":[],"pwb-brand":[203],"product_brand":[],"product_cat":[392],"product_tag":[105],"woo-feed-brand":[],"class_list":{"0":"post-10760","1":"product","2":"type-product","3":"status-publish","4":"has-post-thumbnail","6":"pwb-brand-fredfloris","7":"product_cat-sewing-labels","8":"product_tag-made-to-order","9":"product_shipping_class-small-goods","10":"pa_leather-colour-cognac-pull-up","11":"pa_leather-colour-light-brown-no1","12":"pa_leather-colour-natural","14":"first","15":"instock","16":"taxable","17":"shipping-taxable","18":"purchasable","19":"product-type-variable","20":"has-default-attributes"},"yoast_head":"<!-- This site is optimized with the Yoast SEO plugin v27.2 - https:\/\/yoast.com\/product\/yoast-seo-wordpress\/ -->\n<title>Custom Leather Labels for Crafting | Personalised Sewing Tags<\/title>\n<meta name=\"description\" content=\"Elevate your handmade creations with our Custom Leather Labels. Perfect for knitters, crocheters, and crafters, these personalised sewing tags, add a unique touch to any project.\" \/>\n<meta name=\"robots\" content=\"index, follow, max-snippet:-1, max-image-preview:large, max-video-preview:-1\" \/>\n<link rel=\"canonical\" href=\"https:\/\/fredfloris.eu\/pt\/productpage\/personalised-leather-labels\/?wmc-currency=EUR\" \/>\n<meta property=\"og:locale\" content=\"pt_PT\" \/>\n<meta property=\"og:type\" content=\"article\" \/>\n<meta property=\"og:title\" content=\"Custom Leather Labels for Crafting | Personalised Sewing Tags\" \/>\n<meta property=\"og:description\" content=\"Elevate your handmade creations with our Custom Leather Labels. Perfect for knitters, crocheters, and crafters, these personalised sewing tags, add a unique touch to any project.\" \/>\n<meta property=\"og:url\" content=\"https:\/\/fredfloris.eu\/pt\/productpage\/personalised-leather-labels\/?wmc-currency=EUR\" \/>\n<meta property=\"og:site_name\" content=\"FredFloris\" \/>\n<meta property=\"article:publisher\" content=\"https:\/\/www.facebook.com\/FredFloris.Artisan.Studio\/\" \/>\n<meta property=\"article:modified_time\" content=\"2025-01-05T10:22:59+00:00\" \/>\n<meta property=\"og:image\" content=\"https:\/\/fredfloris.eu\/wp-content\/uploads\/2025\/01\/IMG_6475-scaled.jpg\" \/>\n\t<meta property=\"og:image:width\" content=\"2560\" \/>\n\t<meta property=\"og:image:height\" content=\"1707\" \/>\n\t<meta property=\"og:image:type\" content=\"image\/jpeg\" \/>\n<meta name=\"twitter:card\" content=\"summary_large_image\" \/>\n<meta name=\"twitter:site\" content=\"@_fredfloris_\" \/>\n<meta name=\"twitter:label1\" content=\"Tempo estimado de leitura\" \/>\n\t<meta name=\"twitter:data1\" content=\"2 minutos\" \/>\n<script type=\"application\/ld+json\" class=\"yoast-schema-graph\">{\"@context\":\"https:\/\/schema.org\",\"@graph\":[{\"@type\":\"WebPage\",\"@id\":\"https:\/\/fredfloris.eu\/productpage\/personalised-leather-labels\/\",\"url\":\"https:\/\/fredfloris.eu\/productpage\/personalised-leather-labels\/\",\"name\":\"Custom Leather Labels for Crafting | Personalised Sewing Tags\",\"isPartOf\":{\"@id\":\"https:\/\/fredfloris.eu\/#website\"},\"primaryImageOfPage\":{\"@id\":\"https:\/\/fredfloris.eu\/productpage\/personalised-leather-labels\/#primaryimage\"},\"image\":{\"@id\":\"https:\/\/fredfloris.eu\/productpage\/personalised-leather-labels\/#primaryimage\"},\"thumbnailUrl\":\"https:\/\/fredfloris.eu\/wp-content\/uploads\/2025\/01\/IMG_6475-scaled.jpg\",\"datePublished\":\"2024-02-27T18:41:14+00:00\",\"dateModified\":\"2025-01-05T10:22:59+00:00\",\"description\":\"Elevate your handmade creations with our Custom Leather Labels. Perfect for knitters, crocheters, and crafters, these personalised sewing tags, add a unique touch to any project.\",\"breadcrumb\":{\"@id\":\"https:\/\/fredfloris.eu\/productpage\/personalised-leather-labels\/#breadcrumb\"},\"inLanguage\":\"pt-PT\",\"potentialAction\":[{\"@type\":\"ReadAction\",\"target\":[\"https:\/\/fredfloris.eu\/productpage\/personalised-leather-labels\/\"]}]},{\"@type\":\"ImageObject\",\"inLanguage\":\"pt-PT\",\"@id\":\"https:\/\/fredfloris.eu\/productpage\/personalised-leather-labels\/#primaryimage\",\"url\":\"https:\/\/fredfloris.eu\/wp-content\/uploads\/2025\/01\/IMG_6475-scaled.jpg\",\"contentUrl\":\"https:\/\/fredfloris.eu\/wp-content\/uploads\/2025\/01\/IMG_6475-scaled.jpg\",\"width\":2560,\"height\":1707,\"caption\":\"Product: Personalised Leather Labels\"},{\"@type\":\"BreadcrumbList\",\"@id\":\"https:\/\/fredfloris.eu\/productpage\/personalised-leather-labels\/#breadcrumb\",\"itemListElement\":[{\"@type\":\"ListItem\",\"position\":1,\"name\":\"Home\",\"item\":\"https:\/\/fredfloris.eu\/\"},{\"@type\":\"ListItem\",\"position\":2,\"name\":\"Shop\",\"item\":\"https:\/\/fredfloris.eu\/shop\/\"},{\"@type\":\"ListItem\",\"position\":3,\"name\":\"Personalised Leather Labels\"}]},{\"@type\":\"WebSite\",\"@id\":\"https:\/\/fredfloris.eu\/#website\",\"url\":\"https:\/\/fredfloris.eu\/\",\"name\":\"FredFloris\",\"description\":\"Handcrafted Leathergoods - Made in Sweden\",\"publisher\":{\"@id\":\"https:\/\/fredfloris.eu\/#organization\"},\"potentialAction\":[{\"@type\":\"SearchAction\",\"target\":{\"@type\":\"EntryPoint\",\"urlTemplate\":\"https:\/\/fredfloris.eu\/?s={search_term_string}\"},\"query-input\":{\"@type\":\"PropertyValueSpecification\",\"valueRequired\":true,\"valueName\":\"search_term_string\"}}],\"inLanguage\":\"pt-PT\"},{\"@type\":\"Organization\",\"@id\":\"https:\/\/fredfloris.eu\/#organization\",\"name\":\"FredFloris\",\"url\":\"https:\/\/fredfloris.eu\/\",\"logo\":{\"@type\":\"ImageObject\",\"inLanguage\":\"pt-PT\",\"@id\":\"https:\/\/fredfloris.eu\/#\/schema\/logo\/image\/\",\"url\":\"https:\/\/fredfloris.eu\/wp-content\/uploads\/2022\/03\/FredFloris-med-hel-nal-och-text.png\",\"contentUrl\":\"https:\/\/fredfloris.eu\/wp-content\/uploads\/2022\/03\/FredFloris-med-hel-nal-och-text.png\",\"width\":591,\"height\":283,\"caption\":\"FredFloris\"},\"image\":{\"@id\":\"https:\/\/fredfloris.eu\/#\/schema\/logo\/image\/\"},\"sameAs\":[\"https:\/\/www.facebook.com\/FredFloris.Artisan.Studio\/\",\"https:\/\/x.com\/_fredfloris_\",\"https:\/\/www.instagram.com\/fredfloris.artisan.studio\/\"]}]}<\/script>\n<!-- \/ Yoast SEO plugin. -->","yoast_head_json":{"title":"Custom Leather Labels for Crafting | Personalised Sewing Tags","description":"Elevate your handmade creations with our Custom Leather Labels. Perfect for knitters, crocheters, and crafters, these personalised sewing tags, add a unique touch to any project.","robots":{"index":"index","follow":"follow","max-snippet":"max-snippet:-1","max-image-preview":"max-image-preview:large","max-video-preview":"max-video-preview:-1"},"canonical":"https:\/\/fredfloris.eu\/pt\/productpage\/personalised-leather-labels\/?wmc-currency=EUR","og_locale":"pt_PT","og_type":"article","og_title":"Custom Leather Labels for Crafting | Personalised Sewing Tags","og_description":"Elevate your handmade creations with our Custom Leather Labels. Perfect for knitters, crocheters, and crafters, these personalised sewing tags, add a unique touch to any project.","og_url":"https:\/\/fredfloris.eu\/pt\/productpage\/personalised-leather-labels\/?wmc-currency=EUR","og_site_name":"FredFloris","article_publisher":"https:\/\/www.facebook.com\/FredFloris.Artisan.Studio\/","article_modified_time":"2025-01-05T10:22:59+00:00","og_image":[{"width":2560,"height":1707,"url":"https:\/\/fredfloris.eu\/wp-content\/uploads\/2025\/01\/IMG_6475-scaled.jpg","type":"image\/jpeg"}],"twitter_card":"summary_large_image","twitter_site":"@_fredfloris_","twitter_misc":{"Tempo estimado de leitura":"2 minutos"},"schema":{"@context":"https:\/\/schema.org","@graph":[{"@type":"WebPage","@id":"https:\/\/fredfloris.eu\/productpage\/personalised-leather-labels\/","url":"https:\/\/fredfloris.eu\/productpage\/personalised-leather-labels\/","name":"Custom Leather Labels for Crafting | Personalised Sewing Tags","isPartOf":{"@id":"https:\/\/fredfloris.eu\/#website"},"primaryImageOfPage":{"@id":"https:\/\/fredfloris.eu\/productpage\/personalised-leather-labels\/#primaryimage"},"image":{"@id":"https:\/\/fredfloris.eu\/productpage\/personalised-leather-labels\/#primaryimage"},"thumbnailUrl":"https:\/\/fredfloris.eu\/wp-content\/uploads\/2025\/01\/IMG_6475-scaled.jpg","datePublished":"2024-02-27T18:41:14+00:00","dateModified":"2025-01-05T10:22:59+00:00","description":"Elevate your handmade creations with our Custom Leather Labels. Perfect for knitters, crocheters, and crafters, these personalised sewing tags, add a unique touch to any project.","breadcrumb":{"@id":"https:\/\/fredfloris.eu\/productpage\/personalised-leather-labels\/#breadcrumb"},"inLanguage":"pt-PT","potentialAction":[{"@type":"ReadAction","target":["https:\/\/fredfloris.eu\/productpage\/personalised-leather-labels\/"]}]},{"@type":"ImageObject","inLanguage":"pt-PT","@id":"https:\/\/fredfloris.eu\/productpage\/personalised-leather-labels\/#primaryimage","url":"https:\/\/fredfloris.eu\/wp-content\/uploads\/2025\/01\/IMG_6475-scaled.jpg","contentUrl":"https:\/\/fredfloris.eu\/wp-content\/uploads\/2025\/01\/IMG_6475-scaled.jpg","width":2560,"height":1707,"caption":"Product: Personalised Leather Labels"},{"@type":"BreadcrumbList","@id":"https:\/\/fredfloris.eu\/productpage\/personalised-leather-labels\/#breadcrumb","itemListElement":[{"@type":"ListItem","position":1,"name":"Home","item":"https:\/\/fredfloris.eu\/"},{"@type":"ListItem","position":2,"name":"Shop","item":"https:\/\/fredfloris.eu\/shop\/"},{"@type":"ListItem","position":3,"name":"Personalised Leather Labels"}]},{"@type":"WebSite","@id":"https:\/\/fredfloris.eu\/#website","url":"https:\/\/fredfloris.eu\/","name":"FredFloris","description":"Artigos em pele feitos \u00e0 m\u00e3o - Fabricados na Su\u00e9cia","publisher":{"@id":"https:\/\/fredfloris.eu\/#organization"},"potentialAction":[{"@type":"SearchAction","target":{"@type":"EntryPoint","urlTemplate":"https:\/\/fredfloris.eu\/?s={search_term_string}"},"query-input":{"@type":"PropertyValueSpecification","valueRequired":true,"valueName":"search_term_string"}}],"inLanguage":"pt-PT"},{"@type":"Organization","@id":"https:\/\/fredfloris.eu\/#organization","name":"FredFloris","url":"https:\/\/fredfloris.eu\/","logo":{"@type":"ImageObject","inLanguage":"pt-PT","@id":"https:\/\/fredfloris.eu\/#\/schema\/logo\/image\/","url":"https:\/\/fredfloris.eu\/wp-content\/uploads\/2022\/03\/FredFloris-med-hel-nal-och-text.png","contentUrl":"https:\/\/fredfloris.eu\/wp-content\/uploads\/2022\/03\/FredFloris-med-hel-nal-och-text.png","width":591,"height":283,"caption":"FredFloris"},"image":{"@id":"https:\/\/fredfloris.eu\/#\/schema\/logo\/image\/"},"sameAs":["https:\/\/www.facebook.com\/FredFloris.Artisan.Studio\/","https:\/\/x.com\/_fredfloris_","https:\/\/www.instagram.com\/fredfloris.artisan.studio\/"]}]}},"brands":[{"id":203,"name":"FredFloris","slug":"fredfloris"}],"_links":{"self":[{"href":"https:\/\/fredfloris.eu\/pt\/wp-json\/wp\/v2\/product\/10760","targetHints":{"allow":["GET"]}}],"collection":[{"href":"https:\/\/fredfloris.eu\/pt\/wp-json\/wp\/v2\/product"}],"about":[{"href":"https:\/\/fredfloris.eu\/pt\/wp-json\/wp\/v2\/types\/product"}],"version-history":[{"count":38,"href":"https:\/\/fredfloris.eu\/pt\/wp-json\/wp\/v2\/product\/10760\/revisions"}],"predecessor-version":[{"id":11131,"href":"https:\/\/fredfloris.eu\/pt\/wp-json\/wp\/v2\/product\/10760\/revisions\/11131"}],"wp:featuredmedia":[{"embeddable":true,"href":"https:\/\/fredfloris.eu\/pt\/wp-json\/wp\/v2\/media\/11712"}],"wp:attachment":[{"href":"https:\/\/fredfloris.eu\/pt\/wp-json\/wp\/v2\/media?parent=10760"}],"wp:term":[{"taxonomy":"pwb-brand","embeddable":true,"href":"https:\/\/fredfloris.eu\/pt\/wp-json\/wp\/v2\/pwb-brand?post=10760"},{"taxonomy":"product_brand","embeddable":true,"href":"https:\/\/fredfloris.eu\/pt\/wp-json\/wp\/v2\/product_brand?post=10760"},{"taxonomy":"product_cat","embeddable":true,"href":"https:\/\/fredfloris.eu\/pt\/wp-json\/wp\/v2\/product_cat?post=10760"},{"taxonomy":"product_tag","embeddable":true,"href":"https:\/\/fredfloris.eu\/pt\/wp-json\/wp\/v2\/product_tag?post=10760"},{"taxonomy":"woo-feed-brand","embeddable":true,"href":"https:\/\/fredfloris.eu\/pt\/wp-json\/wp\/v2\/woo-feed-brand?post=10760"}],"curies":[{"name":"wp","href":"https:\/\/api.w.org\/{rel}","templated":true}]}}