{"id":11076,"date":"2024-04-27T19:31:59","date_gmt":"2024-04-27T17:31:59","guid":{"rendered":"https:\/\/fredfloris.eu\/?post_type=product&#038;p=11076"},"modified":"2024-07-23T20:41:08","modified_gmt":"2024-07-23T18:41:08","slug":"arctic-keyring","status":"publish","type":"product","link":"https:\/\/fredfloris.eu\/pt\/productpage\/arctic-keyring\/","title":{"rendered":"Arctic &#8211; Keyring"},"content":{"rendered":"<p>Crafted from vegetable tanned full-grain bull leather sourced from the esteemed Tuscany Tanning District, our key rings combine style with practicality. The key ring measures 125 mm with the ring clasp included and 87 mm without, with a width of 22 mm, making it compact and easy to carry.<\/p>\n<p>Select from three colours: Dark Brown, Tan, and Black, to complement your style or coordinate with other accessories.<\/p>\n<p>Our key rings are equipped with a double-cap rivet made from stainless steel, which is safe for daily use and does not release nickel, ensuring it is allergy-friendly.<\/p>\n<p>Simple and functional, this key ring is an indispensable accessory.<\/p>\n<p><strong>Especifica\u00e7\u00f5es do produto:<\/strong><\/p>\n<ul>\n<li><strong>Fabricado inteiramente \u00e0 m\u00e3o no nosso est\u00fadio de arte em pele, propriedade da fam\u00edlia<\/strong><\/li>\n<li><strong>Colour Options:<\/strong> Available in Dark Brown, Tan, and Black<\/li>\n<li><strong>Material:<\/strong> Vegetable tanned full-grain bull leather from Italy<\/li>\n<li><strong>Durable:<\/strong> Features a double-cap rivet made of allergy-friendly stainless steel<\/li>\n<\/ul>\n<p>&nbsp;<\/p>\n<p>Search words: Handmade premium italian leather key ring<\/p>","protected":false},"excerpt":{"rendered":"<p>Handmade in our workshop, our leather products are crafted from 4 mm thick, vegetable tanned, full-grain leather hide. This high-quality leather is sourced from Tuscany, Italy. The leather is treated with aniline dye on the grain side to achieve a deep, rich colour, while the backside is coated with wax\/resin to ensure durability and long-lasting wear. This treatment is exclusive to the finest leathers.<\/p>","protected":false},"featured_media":11063,"template":"","meta":[],"pwb-brand":[203],"product_brand":[],"product_cat":[112,100],"product_tag":[123,136,105],"woo-feed-brand":[],"class_list":{"0":"post-11076","1":"product","2":"type-product","3":"status-publish","4":"has-post-thumbnail","6":"pwb-brand-fredfloris","7":"product_cat-key-wallets","8":"product_cat-leathergoods","9":"product_tag-full-grain-leather","10":"product_tag-handmade","11":"product_tag-made-to-order","12":"product_shipping_class-small-goods","13":"pa_leather-colour-black-belt","14":"pa_leather-colour-dbrown-belt","15":"pa_leather-colour-tan-belt","17":"first","18":"instock","19":"taxable","20":"shipping-taxable","21":"purchasable","22":"product-type-variable","23":"has-default-attributes"},"yoast_head":"<!-- This site is optimized with the Yoast SEO plugin v27.2 - https:\/\/yoast.com\/product\/yoast-seo-wordpress\/ -->\n<title>Handcrafted Leather Key Ring | FredFloris Artisan Key Accessories | FredFloris<\/title>\n<meta name=\"description\" content=\"Elevate your daily essentials with our Handcrafted Leather Key Ring, made with premium Italian full-grain bull hide leather.\" \/>\n<meta name=\"robots\" content=\"index, follow, max-snippet:-1, max-image-preview:large, max-video-preview:-1\" \/>\n<link rel=\"canonical\" href=\"https:\/\/fredfloris.eu\/pt\/productpage\/arctic-keyring\/?wmc-currency=EUR\" \/>\n<meta property=\"og:locale\" content=\"pt_PT\" \/>\n<meta property=\"og:type\" content=\"article\" \/>\n<meta property=\"og:title\" content=\"Handcrafted Leather Key Ring | FredFloris Artisan Key Accessories | FredFloris\" \/>\n<meta property=\"og:description\" content=\"Elevate your daily essentials with our Handcrafted Leather Key Ring, made with premium Italian full-grain bull hide leather.\" \/>\n<meta property=\"og:url\" content=\"https:\/\/fredfloris.eu\/pt\/productpage\/arctic-keyring\/?wmc-currency=EUR\" \/>\n<meta property=\"og:site_name\" content=\"FredFloris\" \/>\n<meta property=\"article:publisher\" content=\"https:\/\/www.facebook.com\/FredFloris.Artisan.Studio\/\" \/>\n<meta property=\"article:modified_time\" content=\"2024-07-23T18:41:08+00:00\" \/>\n<meta property=\"og:image\" content=\"https:\/\/fredfloris.eu\/wp-content\/uploads\/2024\/04\/IMG_6189-scaled.jpg\" \/>\n\t<meta property=\"og:image:width\" content=\"2560\" \/>\n\t<meta property=\"og:image:height\" content=\"1707\" \/>\n\t<meta property=\"og:image:type\" content=\"image\/jpeg\" \/>\n<meta name=\"twitter:card\" content=\"summary_large_image\" \/>\n<meta name=\"twitter:site\" content=\"@_fredfloris_\" \/>\n<meta name=\"twitter:label1\" content=\"Tempo estimado de leitura\" \/>\n\t<meta name=\"twitter:data1\" content=\"1 minuto\" \/>\n<script type=\"application\/ld+json\" class=\"yoast-schema-graph\">{\"@context\":\"https:\/\/schema.org\",\"@graph\":[{\"@type\":\"WebPage\",\"@id\":\"https:\/\/fredfloris.eu\/productpage\/arctic-keyring\/\",\"url\":\"https:\/\/fredfloris.eu\/productpage\/arctic-keyring\/\",\"name\":\"Handcrafted Leather Key Ring | FredFloris Artisan Key Accessories | FredFloris\",\"isPartOf\":{\"@id\":\"https:\/\/fredfloris.eu\/#website\"},\"primaryImageOfPage\":{\"@id\":\"https:\/\/fredfloris.eu\/productpage\/arctic-keyring\/#primaryimage\"},\"image\":{\"@id\":\"https:\/\/fredfloris.eu\/productpage\/arctic-keyring\/#primaryimage\"},\"thumbnailUrl\":\"https:\/\/fredfloris.eu\/wp-content\/uploads\/2024\/04\/IMG_6189-scaled.jpg\",\"datePublished\":\"2024-04-27T17:31:59+00:00\",\"dateModified\":\"2024-07-23T18:41:08+00:00\",\"description\":\"Elevate your daily essentials with our Handcrafted Leather Key Ring, made with premium Italian full-grain bull hide leather.\",\"breadcrumb\":{\"@id\":\"https:\/\/fredfloris.eu\/productpage\/arctic-keyring\/#breadcrumb\"},\"inLanguage\":\"pt-PT\",\"potentialAction\":[{\"@type\":\"ReadAction\",\"target\":[\"https:\/\/fredfloris.eu\/productpage\/arctic-keyring\/\"]}]},{\"@type\":\"ImageObject\",\"inLanguage\":\"pt-PT\",\"@id\":\"https:\/\/fredfloris.eu\/productpage\/arctic-keyring\/#primaryimage\",\"url\":\"https:\/\/fredfloris.eu\/wp-content\/uploads\/2024\/04\/IMG_6189-scaled.jpg\",\"contentUrl\":\"https:\/\/fredfloris.eu\/wp-content\/uploads\/2024\/04\/IMG_6189-scaled.jpg\",\"width\":2560,\"height\":1707,\"caption\":\"Product: Arctica - Keyring, Colour: from left to right: Dark Brown, Tan and Black.\"},{\"@type\":\"BreadcrumbList\",\"@id\":\"https:\/\/fredfloris.eu\/productpage\/arctic-keyring\/#breadcrumb\",\"itemListElement\":[{\"@type\":\"ListItem\",\"position\":1,\"name\":\"Home\",\"item\":\"https:\/\/fredfloris.eu\/\"},{\"@type\":\"ListItem\",\"position\":2,\"name\":\"Shop\",\"item\":\"https:\/\/fredfloris.eu\/shop\/\"},{\"@type\":\"ListItem\",\"position\":3,\"name\":\"Arctic &#8211; Keyring\"}]},{\"@type\":\"WebSite\",\"@id\":\"https:\/\/fredfloris.eu\/#website\",\"url\":\"https:\/\/fredfloris.eu\/\",\"name\":\"FredFloris\",\"description\":\"Handcrafted Leathergoods - Made in Sweden\",\"publisher\":{\"@id\":\"https:\/\/fredfloris.eu\/#organization\"},\"potentialAction\":[{\"@type\":\"SearchAction\",\"target\":{\"@type\":\"EntryPoint\",\"urlTemplate\":\"https:\/\/fredfloris.eu\/?s={search_term_string}\"},\"query-input\":{\"@type\":\"PropertyValueSpecification\",\"valueRequired\":true,\"valueName\":\"search_term_string\"}}],\"inLanguage\":\"pt-PT\"},{\"@type\":\"Organization\",\"@id\":\"https:\/\/fredfloris.eu\/#organization\",\"name\":\"FredFloris\",\"url\":\"https:\/\/fredfloris.eu\/\",\"logo\":{\"@type\":\"ImageObject\",\"inLanguage\":\"pt-PT\",\"@id\":\"https:\/\/fredfloris.eu\/#\/schema\/logo\/image\/\",\"url\":\"https:\/\/fredfloris.eu\/wp-content\/uploads\/2022\/03\/FredFloris-med-hel-nal-och-text.png\",\"contentUrl\":\"https:\/\/fredfloris.eu\/wp-content\/uploads\/2022\/03\/FredFloris-med-hel-nal-och-text.png\",\"width\":591,\"height\":283,\"caption\":\"FredFloris\"},\"image\":{\"@id\":\"https:\/\/fredfloris.eu\/#\/schema\/logo\/image\/\"},\"sameAs\":[\"https:\/\/www.facebook.com\/FredFloris.Artisan.Studio\/\",\"https:\/\/x.com\/_fredfloris_\",\"https:\/\/www.instagram.com\/fredfloris.artisan.studio\/\"]}]}<\/script>\n<!-- \/ Yoast SEO plugin. -->","yoast_head_json":{"title":"Handcrafted Leather Key Ring | FredFloris Artisan Key Accessories | FredFloris","description":"Elevate your daily essentials with our Handcrafted Leather Key Ring, made with premium Italian full-grain bull hide leather.","robots":{"index":"index","follow":"follow","max-snippet":"max-snippet:-1","max-image-preview":"max-image-preview:large","max-video-preview":"max-video-preview:-1"},"canonical":"https:\/\/fredfloris.eu\/pt\/productpage\/arctic-keyring\/?wmc-currency=EUR","og_locale":"pt_PT","og_type":"article","og_title":"Handcrafted Leather Key Ring | FredFloris Artisan Key Accessories | FredFloris","og_description":"Elevate your daily essentials with our Handcrafted Leather Key Ring, made with premium Italian full-grain bull hide leather.","og_url":"https:\/\/fredfloris.eu\/pt\/productpage\/arctic-keyring\/?wmc-currency=EUR","og_site_name":"FredFloris","article_publisher":"https:\/\/www.facebook.com\/FredFloris.Artisan.Studio\/","article_modified_time":"2024-07-23T18:41:08+00:00","og_image":[{"width":2560,"height":1707,"url":"https:\/\/fredfloris.eu\/wp-content\/uploads\/2024\/04\/IMG_6189-scaled.jpg","type":"image\/jpeg"}],"twitter_card":"summary_large_image","twitter_site":"@_fredfloris_","twitter_misc":{"Tempo estimado de leitura":"1 minuto"},"schema":{"@context":"https:\/\/schema.org","@graph":[{"@type":"WebPage","@id":"https:\/\/fredfloris.eu\/productpage\/arctic-keyring\/","url":"https:\/\/fredfloris.eu\/productpage\/arctic-keyring\/","name":"Handcrafted Leather Key Ring | FredFloris Artisan Key Accessories | FredFloris","isPartOf":{"@id":"https:\/\/fredfloris.eu\/#website"},"primaryImageOfPage":{"@id":"https:\/\/fredfloris.eu\/productpage\/arctic-keyring\/#primaryimage"},"image":{"@id":"https:\/\/fredfloris.eu\/productpage\/arctic-keyring\/#primaryimage"},"thumbnailUrl":"https:\/\/fredfloris.eu\/wp-content\/uploads\/2024\/04\/IMG_6189-scaled.jpg","datePublished":"2024-04-27T17:31:59+00:00","dateModified":"2024-07-23T18:41:08+00:00","description":"Elevate your daily essentials with our Handcrafted Leather Key Ring, made with premium Italian full-grain bull hide leather.","breadcrumb":{"@id":"https:\/\/fredfloris.eu\/productpage\/arctic-keyring\/#breadcrumb"},"inLanguage":"pt-PT","potentialAction":[{"@type":"ReadAction","target":["https:\/\/fredfloris.eu\/productpage\/arctic-keyring\/"]}]},{"@type":"ImageObject","inLanguage":"pt-PT","@id":"https:\/\/fredfloris.eu\/productpage\/arctic-keyring\/#primaryimage","url":"https:\/\/fredfloris.eu\/wp-content\/uploads\/2024\/04\/IMG_6189-scaled.jpg","contentUrl":"https:\/\/fredfloris.eu\/wp-content\/uploads\/2024\/04\/IMG_6189-scaled.jpg","width":2560,"height":1707,"caption":"Product: Arctica - Keyring, Colour: from left to right: Dark Brown, Tan and Black."},{"@type":"BreadcrumbList","@id":"https:\/\/fredfloris.eu\/productpage\/arctic-keyring\/#breadcrumb","itemListElement":[{"@type":"ListItem","position":1,"name":"Home","item":"https:\/\/fredfloris.eu\/"},{"@type":"ListItem","position":2,"name":"Shop","item":"https:\/\/fredfloris.eu\/shop\/"},{"@type":"ListItem","position":3,"name":"Arctic &#8211; Keyring"}]},{"@type":"WebSite","@id":"https:\/\/fredfloris.eu\/#website","url":"https:\/\/fredfloris.eu\/","name":"FredFloris","description":"Artigos em pele feitos \u00e0 m\u00e3o - Fabricados na Su\u00e9cia","publisher":{"@id":"https:\/\/fredfloris.eu\/#organization"},"potentialAction":[{"@type":"SearchAction","target":{"@type":"EntryPoint","urlTemplate":"https:\/\/fredfloris.eu\/?s={search_term_string}"},"query-input":{"@type":"PropertyValueSpecification","valueRequired":true,"valueName":"search_term_string"}}],"inLanguage":"pt-PT"},{"@type":"Organization","@id":"https:\/\/fredfloris.eu\/#organization","name":"FredFloris","url":"https:\/\/fredfloris.eu\/","logo":{"@type":"ImageObject","inLanguage":"pt-PT","@id":"https:\/\/fredfloris.eu\/#\/schema\/logo\/image\/","url":"https:\/\/fredfloris.eu\/wp-content\/uploads\/2022\/03\/FredFloris-med-hel-nal-och-text.png","contentUrl":"https:\/\/fredfloris.eu\/wp-content\/uploads\/2022\/03\/FredFloris-med-hel-nal-och-text.png","width":591,"height":283,"caption":"FredFloris"},"image":{"@id":"https:\/\/fredfloris.eu\/#\/schema\/logo\/image\/"},"sameAs":["https:\/\/www.facebook.com\/FredFloris.Artisan.Studio\/","https:\/\/x.com\/_fredfloris_","https:\/\/www.instagram.com\/fredfloris.artisan.studio\/"]}]}},"brands":[{"id":203,"name":"FredFloris","slug":"fredfloris"}],"_links":{"self":[{"href":"https:\/\/fredfloris.eu\/pt\/wp-json\/wp\/v2\/product\/11076","targetHints":{"allow":["GET"]}}],"collection":[{"href":"https:\/\/fredfloris.eu\/pt\/wp-json\/wp\/v2\/product"}],"about":[{"href":"https:\/\/fredfloris.eu\/pt\/wp-json\/wp\/v2\/types\/product"}],"version-history":[{"count":14,"href":"https:\/\/fredfloris.eu\/pt\/wp-json\/wp\/v2\/product\/11076\/revisions"}],"predecessor-version":[{"id":11595,"href":"https:\/\/fredfloris.eu\/pt\/wp-json\/wp\/v2\/product\/11076\/revisions\/11595"}],"wp:featuredmedia":[{"embeddable":true,"href":"https:\/\/fredfloris.eu\/pt\/wp-json\/wp\/v2\/media\/11063"}],"wp:attachment":[{"href":"https:\/\/fredfloris.eu\/pt\/wp-json\/wp\/v2\/media?parent=11076"}],"wp:term":[{"taxonomy":"pwb-brand","embeddable":true,"href":"https:\/\/fredfloris.eu\/pt\/wp-json\/wp\/v2\/pwb-brand?post=11076"},{"taxonomy":"product_brand","embeddable":true,"href":"https:\/\/fredfloris.eu\/pt\/wp-json\/wp\/v2\/product_brand?post=11076"},{"taxonomy":"product_cat","embeddable":true,"href":"https:\/\/fredfloris.eu\/pt\/wp-json\/wp\/v2\/product_cat?post=11076"},{"taxonomy":"product_tag","embeddable":true,"href":"https:\/\/fredfloris.eu\/pt\/wp-json\/wp\/v2\/product_tag?post=11076"},{"taxonomy":"woo-feed-brand","embeddable":true,"href":"https:\/\/fredfloris.eu\/pt\/wp-json\/wp\/v2\/woo-feed-brand?post=11076"}],"curies":[{"name":"wp","href":"https:\/\/api.w.org\/{rel}","templated":true}]}}