{"id":11178,"date":"2024-04-28T17:26:20","date_gmt":"2024-04-28T15:26:20","guid":{"rendered":"https:\/\/fredfloris.eu\/?post_type=product&#038;p=11178"},"modified":"2025-05-13T20:36:40","modified_gmt":"2025-05-13T18:36:40","slug":"pioneer-full-grain-leather-30-mm-wide-belts","status":"publish","type":"product","link":"https:\/\/fredfloris.eu\/pt\/productpage\/pioneer-full-grain-leather-30-mm-wide-belts\/","title":{"rendered":"Pioneer &#8211; Full-Grain Leather 30 mm Wide Belts"},"content":{"rendered":"<p><strong>Introduce style and comfort with The Pioneer full-grain leather belt.<\/strong> Using the best materials and traditional methods, it&#8217;s designed for comfortable use, with rounded and polished edges, including an English point.<\/p>\n<p><strong>Versatile and Elegant:<\/strong> Ideal for both work and casual occasions, this belt works well with jeans, suit pants, and dresses, reflecting a smart sense of style.<\/p>\n<p><strong>The solid brass buckle, finished in gold, is crafted at Maison Poursin in Paris, established in 1830. Renowned for its historic brass creations, the workshop continues to serve prestigious fashion houses with its traditional handcrafted techniques.<\/strong> This underscores the unique and meaningful heritage behind the accessory.<\/p>\n<p><strong>Especifica\u00e7\u00f5es do produto:<\/strong><\/p>\n<ul>\n<li><strong>Fabricado inteiramente \u00e0 m\u00e3o no nosso est\u00fadio de arte em pele, propriedade da fam\u00edlia<\/strong><\/li>\n<li><strong>Width:<\/strong> 30 mm \u00b11 mm<\/li>\n<li><strong>Leather Thickness:<\/strong> Approximately 4 mm<\/li>\n<li><strong>Custom Fit:<\/strong> Made to Measure (MTM), available with 5, 7, or 9 holes<\/li>\n<li><strong>Colour Options:<\/strong> Available in Black<\/li>\n<li><strong>Material:<\/strong> Vegetable-tanned full-grain leather from bull, sourced from Italy. A layer of natural-coloured calf leather is placed in between the backside and topside by the belt buckle.<\/li>\n<li><strong>Finish:<\/strong> Aniline coloured leather with a wax\/resin back for lasting use<\/li>\n<li><strong>Stitching:<\/strong> Traditional saddlers stitching, stitched by hand<\/li>\n<li><strong>Detailing:<\/strong> The belt showcases a broguing pattern on the leather<strong>, <\/strong>Includes oval belt holes and an English point for a clean finish<\/li>\n<li><strong>Thread:<\/strong> Constructed with Tiger Ritza 25 thread for durability<\/li>\n<\/ul>\n<p>&nbsp;<\/p>\n<p><strong>The Pioneer leather belt is ideal for anyone who values durability and a polished look.<\/strong><\/p>\n<p>&nbsp;<\/p>\n<p>Search words: Made to Measure leather belt, full-grain leather belt<\/p>","protected":false},"excerpt":{"rendered":"<p>Handmade right here in our workshop. We hand-cut these leather straps from a 4 mm thick double butt vegetable tanned full-grain leather hide, this magnificent piece of leather is tanned in Tuscany, Italy using aniline dye on the grain side to give it a deep, rich colour. On the backside of the leather, it is treated with wax\/resin, a treatment reserved only for the highest quality leather and allows for long-lasting wear.<\/p>\n<pre><\/pre>\n<p>When crafting the belt, the length of the belt is MTM to specifically fit your waist. Once cut into straps, the edges are rounded, sanded, painted and finally burnished to allow for a comfortable wear, every step is done by hand and takes several days to complete. The edges are painted to make it more water resistant.<\/p>\n<pre><\/pre>\n<p>The belt buckle side is hand stitched together using tradition saddle maker stitching technique, we sew two horizontal lines to secure the belt buckle to the strap, this is a better option than diagonal lines across the leather grain side, as it would result in a weaker securing of the buckle. We only use high quality waxed polyester thread. The belt is finished with oval belt holes instead of round holes to leave a timeless appearance.<\/p>","protected":false},"featured_media":11097,"template":"","meta":[],"pwb-brand":[203],"product_brand":[],"product_cat":[107,100],"product_tag":[123,136,106,105],"woo-feed-brand":[],"class_list":{"0":"post-11178","1":"product","2":"type-product","3":"status-publish","4":"has-post-thumbnail","6":"pwb-brand-fredfloris","7":"product_cat-belts","8":"product_cat-leathergoods","9":"product_tag-full-grain-leather","10":"product_tag-handmade","11":"product_tag-made-to-measure","12":"product_tag-made-to-order","13":"product_shipping_class-midsized-goods","14":"pa_leather-colour-black-belt","16":"first","17":"instock","18":"taxable","19":"shipping-taxable","20":"purchasable","21":"product-type-variable","22":"has-default-attributes"},"yoast_head":"<!-- This site is optimized with the Yoast SEO plugin v27.2 - https:\/\/yoast.com\/product\/yoast-seo-wordpress\/ -->\n<title>Made to Measure Leather Dress Belt - Handmade in Sweden | FredFloris<\/title>\n<meta name=\"description\" content=\"Our full-grain leather dress belt is handcrafted and exclusively made-to-measure (MTM) to suit your needs. They are durable and long-lasting.\" \/>\n<meta name=\"robots\" content=\"index, follow, max-snippet:-1, max-image-preview:large, max-video-preview:-1\" \/>\n<link rel=\"canonical\" href=\"https:\/\/fredfloris.eu\/pt\/productpage\/pioneer-full-grain-leather-30-mm-wide-belts\/?wmc-currency=EUR\" \/>\n<meta property=\"og:locale\" content=\"pt_PT\" \/>\n<meta property=\"og:type\" content=\"article\" \/>\n<meta property=\"og:title\" content=\"Made to Measure Leather Dress Belt - Handmade in Sweden | FredFloris\" \/>\n<meta property=\"og:description\" content=\"Our full-grain leather dress belt is handcrafted and exclusively made-to-measure (MTM) to suit your needs. They are durable and long-lasting.\" \/>\n<meta property=\"og:url\" content=\"https:\/\/fredfloris.eu\/pt\/productpage\/pioneer-full-grain-leather-30-mm-wide-belts\/?wmc-currency=EUR\" \/>\n<meta property=\"og:site_name\" content=\"FredFloris\" \/>\n<meta property=\"article:publisher\" content=\"https:\/\/www.facebook.com\/FredFloris.Artisan.Studio\/\" \/>\n<meta property=\"article:modified_time\" content=\"2025-05-13T18:36:40+00:00\" \/>\n<meta property=\"og:image\" content=\"https:\/\/fredfloris.eu\/wp-content\/uploads\/2024\/04\/IMG_6185-scaled.jpg\" \/>\n\t<meta property=\"og:image:width\" content=\"2560\" \/>\n\t<meta property=\"og:image:height\" content=\"1707\" \/>\n\t<meta property=\"og:image:type\" content=\"image\/jpeg\" \/>\n<meta name=\"twitter:card\" content=\"summary_large_image\" \/>\n<meta name=\"twitter:site\" content=\"@_fredfloris_\" \/>\n<meta name=\"twitter:label1\" content=\"Tempo estimado de leitura\" \/>\n\t<meta name=\"twitter:data1\" content=\"2 minutos\" \/>\n<script type=\"application\/ld+json\" class=\"yoast-schema-graph\">{\"@context\":\"https:\/\/schema.org\",\"@graph\":[{\"@type\":\"WebPage\",\"@id\":\"https:\/\/fredfloris.eu\/productpage\/pioneer-full-grain-leather-30-mm-wide-belts\/\",\"url\":\"https:\/\/fredfloris.eu\/productpage\/pioneer-full-grain-leather-30-mm-wide-belts\/\",\"name\":\"Made to Measure Leather Dress Belt - Handmade in Sweden | FredFloris\",\"isPartOf\":{\"@id\":\"https:\/\/fredfloris.eu\/#website\"},\"primaryImageOfPage\":{\"@id\":\"https:\/\/fredfloris.eu\/productpage\/pioneer-full-grain-leather-30-mm-wide-belts\/#primaryimage\"},\"image\":{\"@id\":\"https:\/\/fredfloris.eu\/productpage\/pioneer-full-grain-leather-30-mm-wide-belts\/#primaryimage\"},\"thumbnailUrl\":\"https:\/\/fredfloris.eu\/wp-content\/uploads\/2024\/04\/IMG_6185-scaled.jpg\",\"datePublished\":\"2024-04-28T15:26:20+00:00\",\"dateModified\":\"2025-05-13T18:36:40+00:00\",\"description\":\"Our full-grain leather dress belt is handcrafted and exclusively made-to-measure (MTM) to suit your needs. They are durable and long-lasting.\",\"breadcrumb\":{\"@id\":\"https:\/\/fredfloris.eu\/productpage\/pioneer-full-grain-leather-30-mm-wide-belts\/#breadcrumb\"},\"inLanguage\":\"pt-PT\",\"potentialAction\":[{\"@type\":\"ReadAction\",\"target\":[\"https:\/\/fredfloris.eu\/productpage\/pioneer-full-grain-leather-30-mm-wide-belts\/\"]}]},{\"@type\":\"ImageObject\",\"inLanguage\":\"pt-PT\",\"@id\":\"https:\/\/fredfloris.eu\/productpage\/pioneer-full-grain-leather-30-mm-wide-belts\/#primaryimage\",\"url\":\"https:\/\/fredfloris.eu\/wp-content\/uploads\/2024\/04\/IMG_6185-scaled.jpg\",\"contentUrl\":\"https:\/\/fredfloris.eu\/wp-content\/uploads\/2024\/04\/IMG_6185-scaled.jpg\",\"width\":2560,\"height\":1707,\"caption\":\"Product: Pioneer, Brass Belt Buckle, front side of the belt, displaying a broguing pattern.\"},{\"@type\":\"BreadcrumbList\",\"@id\":\"https:\/\/fredfloris.eu\/productpage\/pioneer-full-grain-leather-30-mm-wide-belts\/#breadcrumb\",\"itemListElement\":[{\"@type\":\"ListItem\",\"position\":1,\"name\":\"Home\",\"item\":\"https:\/\/fredfloris.eu\/\"},{\"@type\":\"ListItem\",\"position\":2,\"name\":\"Shop\",\"item\":\"https:\/\/fredfloris.eu\/shop\/\"},{\"@type\":\"ListItem\",\"position\":3,\"name\":\"Pioneer &#8211; Full-Grain Leather 30 mm Wide Belts\"}]},{\"@type\":\"WebSite\",\"@id\":\"https:\/\/fredfloris.eu\/#website\",\"url\":\"https:\/\/fredfloris.eu\/\",\"name\":\"FredFloris\",\"description\":\"Handcrafted Leathergoods - Made in Sweden\",\"publisher\":{\"@id\":\"https:\/\/fredfloris.eu\/#organization\"},\"potentialAction\":[{\"@type\":\"SearchAction\",\"target\":{\"@type\":\"EntryPoint\",\"urlTemplate\":\"https:\/\/fredfloris.eu\/?s={search_term_string}\"},\"query-input\":{\"@type\":\"PropertyValueSpecification\",\"valueRequired\":true,\"valueName\":\"search_term_string\"}}],\"inLanguage\":\"pt-PT\"},{\"@type\":\"Organization\",\"@id\":\"https:\/\/fredfloris.eu\/#organization\",\"name\":\"FredFloris\",\"url\":\"https:\/\/fredfloris.eu\/\",\"logo\":{\"@type\":\"ImageObject\",\"inLanguage\":\"pt-PT\",\"@id\":\"https:\/\/fredfloris.eu\/#\/schema\/logo\/image\/\",\"url\":\"https:\/\/fredfloris.eu\/wp-content\/uploads\/2022\/03\/FredFloris-med-hel-nal-och-text.png\",\"contentUrl\":\"https:\/\/fredfloris.eu\/wp-content\/uploads\/2022\/03\/FredFloris-med-hel-nal-och-text.png\",\"width\":591,\"height\":283,\"caption\":\"FredFloris\"},\"image\":{\"@id\":\"https:\/\/fredfloris.eu\/#\/schema\/logo\/image\/\"},\"sameAs\":[\"https:\/\/www.facebook.com\/FredFloris.Artisan.Studio\/\",\"https:\/\/x.com\/_fredfloris_\",\"https:\/\/www.instagram.com\/fredfloris.artisan.studio\/\"]}]}<\/script>\n<!-- \/ Yoast SEO plugin. -->","yoast_head_json":{"title":"Made to Measure Leather Dress Belt - Handmade in Sweden | FredFloris","description":"Our full-grain leather dress belt is handcrafted and exclusively made-to-measure (MTM) to suit your needs. They are durable and long-lasting.","robots":{"index":"index","follow":"follow","max-snippet":"max-snippet:-1","max-image-preview":"max-image-preview:large","max-video-preview":"max-video-preview:-1"},"canonical":"https:\/\/fredfloris.eu\/pt\/productpage\/pioneer-full-grain-leather-30-mm-wide-belts\/?wmc-currency=EUR","og_locale":"pt_PT","og_type":"article","og_title":"Made to Measure Leather Dress Belt - Handmade in Sweden | FredFloris","og_description":"Our full-grain leather dress belt is handcrafted and exclusively made-to-measure (MTM) to suit your needs. They are durable and long-lasting.","og_url":"https:\/\/fredfloris.eu\/pt\/productpage\/pioneer-full-grain-leather-30-mm-wide-belts\/?wmc-currency=EUR","og_site_name":"FredFloris","article_publisher":"https:\/\/www.facebook.com\/FredFloris.Artisan.Studio\/","article_modified_time":"2025-05-13T18:36:40+00:00","og_image":[{"width":2560,"height":1707,"url":"https:\/\/fredfloris.eu\/wp-content\/uploads\/2024\/04\/IMG_6185-scaled.jpg","type":"image\/jpeg"}],"twitter_card":"summary_large_image","twitter_site":"@_fredfloris_","twitter_misc":{"Tempo estimado de leitura":"2 minutos"},"schema":{"@context":"https:\/\/schema.org","@graph":[{"@type":"WebPage","@id":"https:\/\/fredfloris.eu\/productpage\/pioneer-full-grain-leather-30-mm-wide-belts\/","url":"https:\/\/fredfloris.eu\/productpage\/pioneer-full-grain-leather-30-mm-wide-belts\/","name":"Made to Measure Leather Dress Belt - Handmade in Sweden | FredFloris","isPartOf":{"@id":"https:\/\/fredfloris.eu\/#website"},"primaryImageOfPage":{"@id":"https:\/\/fredfloris.eu\/productpage\/pioneer-full-grain-leather-30-mm-wide-belts\/#primaryimage"},"image":{"@id":"https:\/\/fredfloris.eu\/productpage\/pioneer-full-grain-leather-30-mm-wide-belts\/#primaryimage"},"thumbnailUrl":"https:\/\/fredfloris.eu\/wp-content\/uploads\/2024\/04\/IMG_6185-scaled.jpg","datePublished":"2024-04-28T15:26:20+00:00","dateModified":"2025-05-13T18:36:40+00:00","description":"Our full-grain leather dress belt is handcrafted and exclusively made-to-measure (MTM) to suit your needs. They are durable and long-lasting.","breadcrumb":{"@id":"https:\/\/fredfloris.eu\/productpage\/pioneer-full-grain-leather-30-mm-wide-belts\/#breadcrumb"},"inLanguage":"pt-PT","potentialAction":[{"@type":"ReadAction","target":["https:\/\/fredfloris.eu\/productpage\/pioneer-full-grain-leather-30-mm-wide-belts\/"]}]},{"@type":"ImageObject","inLanguage":"pt-PT","@id":"https:\/\/fredfloris.eu\/productpage\/pioneer-full-grain-leather-30-mm-wide-belts\/#primaryimage","url":"https:\/\/fredfloris.eu\/wp-content\/uploads\/2024\/04\/IMG_6185-scaled.jpg","contentUrl":"https:\/\/fredfloris.eu\/wp-content\/uploads\/2024\/04\/IMG_6185-scaled.jpg","width":2560,"height":1707,"caption":"Product: Pioneer, Brass Belt Buckle, front side of the belt, displaying a broguing pattern."},{"@type":"BreadcrumbList","@id":"https:\/\/fredfloris.eu\/productpage\/pioneer-full-grain-leather-30-mm-wide-belts\/#breadcrumb","itemListElement":[{"@type":"ListItem","position":1,"name":"Home","item":"https:\/\/fredfloris.eu\/"},{"@type":"ListItem","position":2,"name":"Shop","item":"https:\/\/fredfloris.eu\/shop\/"},{"@type":"ListItem","position":3,"name":"Pioneer &#8211; Full-Grain Leather 30 mm Wide Belts"}]},{"@type":"WebSite","@id":"https:\/\/fredfloris.eu\/#website","url":"https:\/\/fredfloris.eu\/","name":"FredFloris","description":"Artigos em pele feitos \u00e0 m\u00e3o - Fabricados na Su\u00e9cia","publisher":{"@id":"https:\/\/fredfloris.eu\/#organization"},"potentialAction":[{"@type":"SearchAction","target":{"@type":"EntryPoint","urlTemplate":"https:\/\/fredfloris.eu\/?s={search_term_string}"},"query-input":{"@type":"PropertyValueSpecification","valueRequired":true,"valueName":"search_term_string"}}],"inLanguage":"pt-PT"},{"@type":"Organization","@id":"https:\/\/fredfloris.eu\/#organization","name":"FredFloris","url":"https:\/\/fredfloris.eu\/","logo":{"@type":"ImageObject","inLanguage":"pt-PT","@id":"https:\/\/fredfloris.eu\/#\/schema\/logo\/image\/","url":"https:\/\/fredfloris.eu\/wp-content\/uploads\/2022\/03\/FredFloris-med-hel-nal-och-text.png","contentUrl":"https:\/\/fredfloris.eu\/wp-content\/uploads\/2022\/03\/FredFloris-med-hel-nal-och-text.png","width":591,"height":283,"caption":"FredFloris"},"image":{"@id":"https:\/\/fredfloris.eu\/#\/schema\/logo\/image\/"},"sameAs":["https:\/\/www.facebook.com\/FredFloris.Artisan.Studio\/","https:\/\/x.com\/_fredfloris_","https:\/\/www.instagram.com\/fredfloris.artisan.studio\/"]}]}},"brands":[{"id":203,"name":"FredFloris","slug":"fredfloris"}],"_links":{"self":[{"href":"https:\/\/fredfloris.eu\/pt\/wp-json\/wp\/v2\/product\/11178","targetHints":{"allow":["GET"]}}],"collection":[{"href":"https:\/\/fredfloris.eu\/pt\/wp-json\/wp\/v2\/product"}],"about":[{"href":"https:\/\/fredfloris.eu\/pt\/wp-json\/wp\/v2\/types\/product"}],"version-history":[{"count":9,"href":"https:\/\/fredfloris.eu\/pt\/wp-json\/wp\/v2\/product\/11178\/revisions"}],"predecessor-version":[{"id":11340,"href":"https:\/\/fredfloris.eu\/pt\/wp-json\/wp\/v2\/product\/11178\/revisions\/11340"}],"wp:featuredmedia":[{"embeddable":true,"href":"https:\/\/fredfloris.eu\/pt\/wp-json\/wp\/v2\/media\/11097"}],"wp:attachment":[{"href":"https:\/\/fredfloris.eu\/pt\/wp-json\/wp\/v2\/media?parent=11178"}],"wp:term":[{"taxonomy":"pwb-brand","embeddable":true,"href":"https:\/\/fredfloris.eu\/pt\/wp-json\/wp\/v2\/pwb-brand?post=11178"},{"taxonomy":"product_brand","embeddable":true,"href":"https:\/\/fredfloris.eu\/pt\/wp-json\/wp\/v2\/product_brand?post=11178"},{"taxonomy":"product_cat","embeddable":true,"href":"https:\/\/fredfloris.eu\/pt\/wp-json\/wp\/v2\/product_cat?post=11178"},{"taxonomy":"product_tag","embeddable":true,"href":"https:\/\/fredfloris.eu\/pt\/wp-json\/wp\/v2\/product_tag?post=11178"},{"taxonomy":"woo-feed-brand","embeddable":true,"href":"https:\/\/fredfloris.eu\/pt\/wp-json\/wp\/v2\/woo-feed-brand?post=11178"}],"curies":[{"name":"wp","href":"https:\/\/api.w.org\/{rel}","templated":true}]}}