{"id":12142,"date":"2025-05-13T20:25:41","date_gmt":"2025-05-13T18:25:41","guid":{"rendered":"https:\/\/fredfloris.eu\/?post_type=product&#038;p=12142"},"modified":"2026-01-30T13:57:43","modified_gmt":"2026-01-30T12:57:43","slug":"heritage-40-mm-belt","status":"publish","type":"product","link":"https:\/\/fredfloris.eu\/pt\/productpage\/heritage-40-mm-belt\/","title":{"rendered":"Heritage &#8211; 40 mm Belt"},"content":{"rendered":"<p><strong>Personalisation:<\/strong> Add a name, image or message at no extra cost. To customise with your own design, simply add both the item and your chosen design to your basket.<\/p>\n<p><a class=\"lumise-customize-button button alt\" href=\"https:\/\/fredfloris.eu\/pt\/productpage\/customize-fredfloris-leather-belt\/?wmc-currency=EUR\" name=\"customize\">Personalize<\/a><\/p>\n<p class=\"\" data-start=\"169\" data-end=\"513\"><strong data-start=\"169\" data-end=\"283\">Introducing The Heritage \u2014 a leather belt that balances rugged strength with refined craftsmanship.<\/strong> Handmade using traditional techniques, The Heritage is designed for lasting comfort and dependable wear, day after day.<\/p>\n<p class=\"\" data-start=\"128\" data-end=\"336\"><strong data-start=\"128\" data-end=\"155\">Timeless and Versatile:<\/strong><br data-start=\"155\" data-end=\"158\" \/>The Heritage belt is designed to suit a wide range of outfits \u2014 from jeans and casual wear to more formal clothing. It adds a touch of refined simplicity, no matter the occasion.<\/p>\n<p class=\"\" data-start=\"338\" data-end=\"546\">Made to order using your exact measurements, The Heritage Belt is available in different widths, thread colours, and fastening styles \u2014 giving you full control to customise the belt to your personal taste and fit.<\/p>\n<p><strong data-start=\"976\" data-end=\"1003\">Especifica\u00e7\u00f5es do produto:<\/strong><\/p>\n<ul>\n<li><strong>Fabricado inteiramente \u00e0 m\u00e3o no nosso est\u00fadio de arte em pele, propriedade da fam\u00edlia<\/strong><\/li>\n<li><strong>Width<\/strong>: 30 \/ 35 \/ 40 mm \u00b11 mm<\/li>\n<li><strong>Leather Thickness:<\/strong> Approximately 4 mm<\/li>\n<li><strong>Custom Fit:<\/strong> Made to Measure (MTM), available with 5, 7, or 9 holes<\/li>\n<li><strong>Colour Options<\/strong>: Black, Cognac, Dark Brown, or Tan<\/li>\n<li><strong>Material:<\/strong> Vegetable-tanned full-grain leather from bull, sourced from Italy<\/li>\n<li><strong>Finish:<\/strong> Aniline coloured leather with a wax\/resin back for lasting use<\/li>\n<li><strong>Thread<\/strong>: Sewn with Tiger Ritza 25<\/li>\n<li><strong>Hardware<\/strong>: AISI 304 Stainless Steel or Solid Brass \u2014 buckle, rivets, and Chicago screws<\/li>\n<li><strong>Detailing:<\/strong> Features oval belt holes and an English point for a refined look<\/li>\n<li><strong>Personalisation<\/strong>: Optional laser engraving for initials, names, or custom design<\/li>\n<li><strong>Fastening Options<\/strong>: Choose between traditional rivets or Chicago screws<\/li>\n<li><strong data-start=\"45\" data-end=\"70\">FredFloris Signature:<\/strong> Each belt features the FredFloris signature stitched on the end of the belt tongue. The buyer may choose from a variety of thread colours<\/li>\n<\/ul>\n<p>&nbsp;<\/p>\n<p><strong data-start=\"1880\" data-end=\"1909\">The Heritage leather belt<\/strong> is made for those who value lasting quality \u2014 sturdy, well-crafted, and built to stand the test of time.<\/p>\n<p>&nbsp;<\/p>\n<p data-start=\"1880\" data-end=\"2016\">Search words: Full-grain leather belt<\/p>","protected":false},"excerpt":{"rendered":"<p>Handmade right here in our workshop. We usually hand-cut these leather straps from a 4 mm thick double butt vegetable tanned full-grain leather hide, but sometimes we received the leather already cut into straps from the tannery, this magnificent piece of leather is tanned in Tuscany, Italy using aniline dye on the grain side to give it a deep, rich colour. On the backside of the leather, it is treated with wax\/resin, a treatment reserved only for the highest quality leather and allows for long-lasting wear.<\/p>\n<pre><\/pre>\n<p>When crafting the belt, the length of the belt is MTM to specifically fit your waist. Once cut into straps, the edges are rounded, sanded, painted and finally burnished to allow for a comfortable wear, every step is done by hand and takes several days to complete. The edges are treated to make it more water resistant.<\/p>","protected":false},"featured_media":12001,"template":"","meta":[],"pwb-brand":[203],"product_brand":[],"product_cat":[107,100],"product_tag":[123,136,105],"woo-feed-brand":[],"class_list":{"0":"post-12142","1":"product","2":"type-product","3":"status-publish","4":"has-post-thumbnail","6":"pwb-brand-fredfloris","7":"product_cat-belts","8":"product_cat-leathergoods","9":"product_tag-full-grain-leather","10":"product_tag-handmade","11":"product_tag-made-to-order","12":"product_shipping_class-midsized-goods","13":"pa_leather-colour-black-belt","14":"pa_leather-colour-cognac-no3","15":"pa_leather-colour-dbrown-belt","16":"pa_leather-colour-tan-belt","18":"first","19":"instock","20":"taxable","21":"shipping-taxable","22":"purchasable","23":"product-type-variable","24":"has-default-attributes"},"yoast_head":"<!-- This site is optimized with the Yoast SEO plugin v27.2 - https:\/\/yoast.com\/product\/yoast-seo-wordpress\/ -->\n<title>Heritage - 40 mm Belt | FredFloris<\/title>\n<meta name=\"description\" content=\"Discover The Heritage \u2013 a handcrafted, full-grain leather belt made to measure in Sweden. Customisable in size, colour, and finish.\" \/>\n<meta name=\"robots\" content=\"index, follow, max-snippet:-1, max-image-preview:large, max-video-preview:-1\" \/>\n<link rel=\"canonical\" href=\"https:\/\/fredfloris.eu\/pt\/productpage\/heritage-40-mm-belt\/?wmc-currency=EUR\" \/>\n<meta property=\"og:locale\" content=\"pt_PT\" \/>\n<meta property=\"og:type\" content=\"article\" \/>\n<meta property=\"og:title\" content=\"Heritage - 40 mm Belt | FredFloris\" \/>\n<meta property=\"og:description\" content=\"Discover The Heritage \u2013 a handcrafted, full-grain leather belt made to measure in Sweden. Customisable in size, colour, and finish.\" \/>\n<meta property=\"og:url\" content=\"https:\/\/fredfloris.eu\/pt\/productpage\/heritage-40-mm-belt\/?wmc-currency=EUR\" \/>\n<meta property=\"og:site_name\" content=\"FredFloris\" \/>\n<meta property=\"article:publisher\" content=\"https:\/\/www.facebook.com\/FredFloris.Artisan.Studio\/\" \/>\n<meta property=\"article:modified_time\" content=\"2026-01-30T12:57:43+00:00\" \/>\n<meta property=\"og:image\" content=\"https:\/\/fredfloris.eu\/wp-content\/uploads\/2025\/05\/IMG_6738-scaled.jpg\" \/>\n\t<meta property=\"og:image:width\" content=\"2560\" \/>\n\t<meta property=\"og:image:height\" content=\"1706\" \/>\n\t<meta property=\"og:image:type\" content=\"image\/jpeg\" \/>\n<meta name=\"twitter:card\" content=\"summary_large_image\" \/>\n<meta name=\"twitter:site\" content=\"@_fredfloris_\" \/>\n<meta name=\"twitter:label1\" content=\"Tempo estimado de leitura\" \/>\n\t<meta name=\"twitter:data1\" content=\"2 minutos\" \/>\n<script type=\"application\/ld+json\" class=\"yoast-schema-graph\">{\"@context\":\"https:\/\/schema.org\",\"@graph\":[{\"@type\":\"WebPage\",\"@id\":\"https:\/\/fredfloris.eu\/productpage\/heritage-40-mm-belt\/\",\"url\":\"https:\/\/fredfloris.eu\/productpage\/heritage-40-mm-belt\/\",\"name\":\"Heritage - 40 mm Belt | FredFloris\",\"isPartOf\":{\"@id\":\"https:\/\/fredfloris.eu\/#website\"},\"primaryImageOfPage\":{\"@id\":\"https:\/\/fredfloris.eu\/productpage\/heritage-40-mm-belt\/#primaryimage\"},\"image\":{\"@id\":\"https:\/\/fredfloris.eu\/productpage\/heritage-40-mm-belt\/#primaryimage\"},\"thumbnailUrl\":\"https:\/\/fredfloris.eu\/wp-content\/uploads\/2025\/05\/IMG_6738-scaled.jpg\",\"datePublished\":\"2025-05-13T18:25:41+00:00\",\"dateModified\":\"2026-01-30T12:57:43+00:00\",\"description\":\"Discover The Heritage \u2013 a handcrafted, full-grain leather belt made to measure in Sweden. Customisable in size, colour, and finish.\",\"breadcrumb\":{\"@id\":\"https:\/\/fredfloris.eu\/productpage\/heritage-40-mm-belt\/#breadcrumb\"},\"inLanguage\":\"pt-PT\",\"potentialAction\":[{\"@type\":\"ReadAction\",\"target\":[\"https:\/\/fredfloris.eu\/productpage\/heritage-40-mm-belt\/\"]}]},{\"@type\":\"ImageObject\",\"inLanguage\":\"pt-PT\",\"@id\":\"https:\/\/fredfloris.eu\/productpage\/heritage-40-mm-belt\/#primaryimage\",\"url\":\"https:\/\/fredfloris.eu\/wp-content\/uploads\/2025\/05\/IMG_6738-scaled.jpg\",\"contentUrl\":\"https:\/\/fredfloris.eu\/wp-content\/uploads\/2025\/05\/IMG_6738-scaled.jpg\",\"width\":2560,\"height\":1706,\"caption\":\"Product: Heritage, Belt Buckle: Brass\/Stainless Steel, Width: 40 mm, Colour: All Colours available\"},{\"@type\":\"BreadcrumbList\",\"@id\":\"https:\/\/fredfloris.eu\/productpage\/heritage-40-mm-belt\/#breadcrumb\",\"itemListElement\":[{\"@type\":\"ListItem\",\"position\":1,\"name\":\"Home\",\"item\":\"https:\/\/fredfloris.eu\/\"},{\"@type\":\"ListItem\",\"position\":2,\"name\":\"Shop\",\"item\":\"https:\/\/fredfloris.eu\/shop\/\"},{\"@type\":\"ListItem\",\"position\":3,\"name\":\"Heritage &#8211; 40 mm Belt\"}]},{\"@type\":\"WebSite\",\"@id\":\"https:\/\/fredfloris.eu\/#website\",\"url\":\"https:\/\/fredfloris.eu\/\",\"name\":\"FredFloris\",\"description\":\"Handcrafted Leathergoods - Made in Sweden\",\"publisher\":{\"@id\":\"https:\/\/fredfloris.eu\/#organization\"},\"potentialAction\":[{\"@type\":\"SearchAction\",\"target\":{\"@type\":\"EntryPoint\",\"urlTemplate\":\"https:\/\/fredfloris.eu\/?s={search_term_string}\"},\"query-input\":{\"@type\":\"PropertyValueSpecification\",\"valueRequired\":true,\"valueName\":\"search_term_string\"}}],\"inLanguage\":\"pt-PT\"},{\"@type\":\"Organization\",\"@id\":\"https:\/\/fredfloris.eu\/#organization\",\"name\":\"FredFloris\",\"url\":\"https:\/\/fredfloris.eu\/\",\"logo\":{\"@type\":\"ImageObject\",\"inLanguage\":\"pt-PT\",\"@id\":\"https:\/\/fredfloris.eu\/#\/schema\/logo\/image\/\",\"url\":\"https:\/\/fredfloris.eu\/wp-content\/uploads\/2022\/03\/FredFloris-med-hel-nal-och-text.png\",\"contentUrl\":\"https:\/\/fredfloris.eu\/wp-content\/uploads\/2022\/03\/FredFloris-med-hel-nal-och-text.png\",\"width\":591,\"height\":283,\"caption\":\"FredFloris\"},\"image\":{\"@id\":\"https:\/\/fredfloris.eu\/#\/schema\/logo\/image\/\"},\"sameAs\":[\"https:\/\/www.facebook.com\/FredFloris.Artisan.Studio\/\",\"https:\/\/x.com\/_fredfloris_\",\"https:\/\/www.instagram.com\/fredfloris.artisan.studio\/\"]}]}<\/script>\n<!-- \/ Yoast SEO plugin. -->","yoast_head_json":{"title":"Heritage - 40 mm Belt | FredFloris","description":"Discover The Heritage \u2013 a handcrafted, full-grain leather belt made to measure in Sweden. Customisable in size, colour, and finish.","robots":{"index":"index","follow":"follow","max-snippet":"max-snippet:-1","max-image-preview":"max-image-preview:large","max-video-preview":"max-video-preview:-1"},"canonical":"https:\/\/fredfloris.eu\/pt\/productpage\/heritage-40-mm-belt\/?wmc-currency=EUR","og_locale":"pt_PT","og_type":"article","og_title":"Heritage - 40 mm Belt | FredFloris","og_description":"Discover The Heritage \u2013 a handcrafted, full-grain leather belt made to measure in Sweden. Customisable in size, colour, and finish.","og_url":"https:\/\/fredfloris.eu\/pt\/productpage\/heritage-40-mm-belt\/?wmc-currency=EUR","og_site_name":"FredFloris","article_publisher":"https:\/\/www.facebook.com\/FredFloris.Artisan.Studio\/","article_modified_time":"2026-01-30T12:57:43+00:00","og_image":[{"width":2560,"height":1706,"url":"https:\/\/fredfloris.eu\/wp-content\/uploads\/2025\/05\/IMG_6738-scaled.jpg","type":"image\/jpeg"}],"twitter_card":"summary_large_image","twitter_site":"@_fredfloris_","twitter_misc":{"Tempo estimado de leitura":"2 minutos"},"schema":{"@context":"https:\/\/schema.org","@graph":[{"@type":"WebPage","@id":"https:\/\/fredfloris.eu\/productpage\/heritage-40-mm-belt\/","url":"https:\/\/fredfloris.eu\/productpage\/heritage-40-mm-belt\/","name":"Heritage - 40 mm Belt | FredFloris","isPartOf":{"@id":"https:\/\/fredfloris.eu\/#website"},"primaryImageOfPage":{"@id":"https:\/\/fredfloris.eu\/productpage\/heritage-40-mm-belt\/#primaryimage"},"image":{"@id":"https:\/\/fredfloris.eu\/productpage\/heritage-40-mm-belt\/#primaryimage"},"thumbnailUrl":"https:\/\/fredfloris.eu\/wp-content\/uploads\/2025\/05\/IMG_6738-scaled.jpg","datePublished":"2025-05-13T18:25:41+00:00","dateModified":"2026-01-30T12:57:43+00:00","description":"Discover The Heritage \u2013 a handcrafted, full-grain leather belt made to measure in Sweden. Customisable in size, colour, and finish.","breadcrumb":{"@id":"https:\/\/fredfloris.eu\/productpage\/heritage-40-mm-belt\/#breadcrumb"},"inLanguage":"pt-PT","potentialAction":[{"@type":"ReadAction","target":["https:\/\/fredfloris.eu\/productpage\/heritage-40-mm-belt\/"]}]},{"@type":"ImageObject","inLanguage":"pt-PT","@id":"https:\/\/fredfloris.eu\/productpage\/heritage-40-mm-belt\/#primaryimage","url":"https:\/\/fredfloris.eu\/wp-content\/uploads\/2025\/05\/IMG_6738-scaled.jpg","contentUrl":"https:\/\/fredfloris.eu\/wp-content\/uploads\/2025\/05\/IMG_6738-scaled.jpg","width":2560,"height":1706,"caption":"Product: Heritage, Belt Buckle: Brass\/Stainless Steel, Width: 40 mm, Colour: All Colours available"},{"@type":"BreadcrumbList","@id":"https:\/\/fredfloris.eu\/productpage\/heritage-40-mm-belt\/#breadcrumb","itemListElement":[{"@type":"ListItem","position":1,"name":"Home","item":"https:\/\/fredfloris.eu\/"},{"@type":"ListItem","position":2,"name":"Shop","item":"https:\/\/fredfloris.eu\/shop\/"},{"@type":"ListItem","position":3,"name":"Heritage &#8211; 40 mm Belt"}]},{"@type":"WebSite","@id":"https:\/\/fredfloris.eu\/#website","url":"https:\/\/fredfloris.eu\/","name":"FredFloris","description":"Artigos em pele feitos \u00e0 m\u00e3o - Fabricados na Su\u00e9cia","publisher":{"@id":"https:\/\/fredfloris.eu\/#organization"},"potentialAction":[{"@type":"SearchAction","target":{"@type":"EntryPoint","urlTemplate":"https:\/\/fredfloris.eu\/?s={search_term_string}"},"query-input":{"@type":"PropertyValueSpecification","valueRequired":true,"valueName":"search_term_string"}}],"inLanguage":"pt-PT"},{"@type":"Organization","@id":"https:\/\/fredfloris.eu\/#organization","name":"FredFloris","url":"https:\/\/fredfloris.eu\/","logo":{"@type":"ImageObject","inLanguage":"pt-PT","@id":"https:\/\/fredfloris.eu\/#\/schema\/logo\/image\/","url":"https:\/\/fredfloris.eu\/wp-content\/uploads\/2022\/03\/FredFloris-med-hel-nal-och-text.png","contentUrl":"https:\/\/fredfloris.eu\/wp-content\/uploads\/2022\/03\/FredFloris-med-hel-nal-och-text.png","width":591,"height":283,"caption":"FredFloris"},"image":{"@id":"https:\/\/fredfloris.eu\/#\/schema\/logo\/image\/"},"sameAs":["https:\/\/www.facebook.com\/FredFloris.Artisan.Studio\/","https:\/\/x.com\/_fredfloris_","https:\/\/www.instagram.com\/fredfloris.artisan.studio\/"]}]}},"brands":[{"id":203,"name":"FredFloris","slug":"fredfloris"}],"_links":{"self":[{"href":"https:\/\/fredfloris.eu\/pt\/wp-json\/wp\/v2\/product\/12142","targetHints":{"allow":["GET"]}}],"collection":[{"href":"https:\/\/fredfloris.eu\/pt\/wp-json\/wp\/v2\/product"}],"about":[{"href":"https:\/\/fredfloris.eu\/pt\/wp-json\/wp\/v2\/types\/product"}],"version-history":[{"count":3,"href":"https:\/\/fredfloris.eu\/pt\/wp-json\/wp\/v2\/product\/12142\/revisions"}],"predecessor-version":[{"id":12347,"href":"https:\/\/fredfloris.eu\/pt\/wp-json\/wp\/v2\/product\/12142\/revisions\/12347"}],"wp:featuredmedia":[{"embeddable":true,"href":"https:\/\/fredfloris.eu\/pt\/wp-json\/wp\/v2\/media\/12001"}],"wp:attachment":[{"href":"https:\/\/fredfloris.eu\/pt\/wp-json\/wp\/v2\/media?parent=12142"}],"wp:term":[{"taxonomy":"pwb-brand","embeddable":true,"href":"https:\/\/fredfloris.eu\/pt\/wp-json\/wp\/v2\/pwb-brand?post=12142"},{"taxonomy":"product_brand","embeddable":true,"href":"https:\/\/fredfloris.eu\/pt\/wp-json\/wp\/v2\/product_brand?post=12142"},{"taxonomy":"product_cat","embeddable":true,"href":"https:\/\/fredfloris.eu\/pt\/wp-json\/wp\/v2\/product_cat?post=12142"},{"taxonomy":"product_tag","embeddable":true,"href":"https:\/\/fredfloris.eu\/pt\/wp-json\/wp\/v2\/product_tag?post=12142"},{"taxonomy":"woo-feed-brand","embeddable":true,"href":"https:\/\/fredfloris.eu\/pt\/wp-json\/wp\/v2\/woo-feed-brand?post=12142"}],"curies":[{"name":"wp","href":"https:\/\/api.w.org\/{rel}","templated":true}]}}