{"id":5009,"date":"2022-05-15T22:44:55","date_gmt":"2022-05-15T20:44:55","guid":{"rendered":"https:\/\/fredfloris.eu\/?post_type=product&#038;p=5009"},"modified":"2025-01-18T23:06:18","modified_gmt":"2025-01-18T21:06:18","slug":"saf-bookmarks","status":"publish","type":"product","link":"https:\/\/fredfloris.eu\/pt\/productpage\/saf-bookmarks\/","title":{"rendered":"Selma, Astrid or Fredrika &#8211; Bookmarks"},"content":{"rendered":"<p><strong>Celebrate iconic characters with our leather bookmark, featuring memorable quotes from Michael Scott of &#8216;The Office&#8217; and Buzz Lightyear of &#8216;Toy Story&#8217;.<\/strong> This bookmark merges fun with functionality, perfect for book lovers and fans alike. Whether heat debossed or gold foiled, these quotes add a touch of inspiration and humour to your reading sessions.<\/p>\n<p><strong>Especifica\u00e7\u00f5es do produto:<\/strong><\/p>\n<ul>\n<li><strong>Material:<\/strong> Made from vegetable tanned full-grain bull leather, tanned in Tuscany, Italy<\/li>\n<li><strong>Personalisation:<\/strong> Features quotes that can be heat debossed or gold foiled<\/li>\n<li><strong>Finish:<\/strong> Aniline coloured leather with a wax\/resin back for extra resilience<\/li>\n<li><strong>Attachment:<\/strong> Includes a hemp fibre string to keep your place<\/li>\n<li><strong>Dimensions:<\/strong> Width: 33 mm, Length: 200 mm<\/li>\n<\/ul>\n<p>&nbsp;<\/p>\n<p>This leather bookmark is not just a practical reading accessory but also a statement piece that combines a love for beloved film and TV characters with the timeless joy of reading.<\/p>\n<p>&nbsp;<\/p>\n<p>Search words: Bookmark with quotes, Leather bookmark, Heat pressed leather bookmark<\/p>","protected":false},"excerpt":{"rendered":"<p>This Bookmark is made from\u00a0 vegetable tanned full-grain leather that is provided by Italian Company Mapel &amp; C In Collaboration with Tuscany Tanning District Companies. Cut from the same European bull leather as our belt, this bookmark is coloured using Aniline and boasts a beautiful semi-permanent wax finish. We used a natural hemp fibre string for the tassel that keeps it simple and dainty.<\/p>","protected":false},"featured_media":3087,"template":"","meta":[],"pwb-brand":[203],"product_brand":[],"product_cat":[108,100],"product_tag":[123,136,147,105],"woo-feed-brand":[],"class_list":{"0":"post-5009","1":"product","2":"type-product","3":"status-publish","4":"has-post-thumbnail","6":"pwb-brand-fredfloris","7":"product_cat-bookmarks","8":"product_cat-leathergoods","9":"product_tag-full-grain-leather","10":"product_tag-handmade","11":"product_tag-heat-imprint","12":"product_tag-made-to-order","13":"product_shipping_class-small-goods","14":"pa_leather-colour-tan-belt","16":"first","17":"instock","18":"taxable","19":"shipping-taxable","20":"purchasable","21":"product-type-variable"},"yoast_head":"<!-- This site is optimized with the Yoast SEO plugin v27.2 - https:\/\/yoast.com\/product\/yoast-seo-wordpress\/ -->\n<title>Leather Bookmark With Quotes | FredFloris<\/title>\n<meta name=\"description\" content=\"Our bookmarks are handcrafted from premium vegetable-tanned leather. Personalize your bookmark with a custom message using heat imprint.\" \/>\n<meta name=\"robots\" content=\"index, follow, max-snippet:-1, max-image-preview:large, max-video-preview:-1\" \/>\n<link rel=\"canonical\" href=\"https:\/\/fredfloris.eu\/pt\/productpage\/saf-bookmarks\/?wmc-currency=EUR\" \/>\n<meta property=\"og:locale\" content=\"pt_PT\" \/>\n<meta property=\"og:type\" content=\"article\" \/>\n<meta property=\"og:title\" content=\"Leather Bookmark With Quotes | FredFloris\" \/>\n<meta property=\"og:description\" content=\"Our bookmarks are handcrafted from premium vegetable-tanned leather. Personalize your bookmark with a custom message using heat imprint.\" \/>\n<meta property=\"og:url\" content=\"https:\/\/fredfloris.eu\/pt\/productpage\/saf-bookmarks\/?wmc-currency=EUR\" \/>\n<meta property=\"og:site_name\" content=\"FredFloris\" \/>\n<meta property=\"article:publisher\" content=\"https:\/\/www.facebook.com\/FredFloris.Artisan.Studio\/\" \/>\n<meta property=\"article:modified_time\" content=\"2025-01-18T21:06:18+00:00\" \/>\n<meta property=\"og:image\" content=\"https:\/\/fredfloris.eu\/wp-content\/uploads\/2022\/04\/IMG_1521-scaled.jpg\" \/>\n\t<meta property=\"og:image:width\" content=\"2560\" \/>\n\t<meta property=\"og:image:height\" content=\"1707\" \/>\n\t<meta property=\"og:image:type\" content=\"image\/jpeg\" \/>\n<meta name=\"twitter:card\" content=\"summary_large_image\" \/>\n<meta name=\"twitter:site\" content=\"@_fredfloris_\" \/>\n<meta name=\"twitter:label1\" content=\"Tempo estimado de leitura\" \/>\n\t<meta name=\"twitter:data1\" content=\"1 minuto\" \/>\n<script type=\"application\/ld+json\" class=\"yoast-schema-graph\">{\"@context\":\"https:\/\/schema.org\",\"@graph\":[{\"@type\":\"WebPage\",\"@id\":\"https:\/\/fredfloris.eu\/productpage\/saf-bookmarks\/\",\"url\":\"https:\/\/fredfloris.eu\/productpage\/saf-bookmarks\/\",\"name\":\"Leather Bookmark With Quotes | FredFloris\",\"isPartOf\":{\"@id\":\"https:\/\/fredfloris.eu\/#website\"},\"primaryImageOfPage\":{\"@id\":\"https:\/\/fredfloris.eu\/productpage\/saf-bookmarks\/#primaryimage\"},\"image\":{\"@id\":\"https:\/\/fredfloris.eu\/productpage\/saf-bookmarks\/#primaryimage\"},\"thumbnailUrl\":\"https:\/\/fredfloris.eu\/wp-content\/uploads\/2022\/04\/IMG_1521-scaled.jpg\",\"datePublished\":\"2022-05-15T20:44:55+00:00\",\"dateModified\":\"2025-01-18T21:06:18+00:00\",\"description\":\"Our bookmarks are handcrafted from premium vegetable-tanned leather. Personalize your bookmark with a custom message using heat imprint.\",\"breadcrumb\":{\"@id\":\"https:\/\/fredfloris.eu\/productpage\/saf-bookmarks\/#breadcrumb\"},\"inLanguage\":\"pt-PT\",\"potentialAction\":[{\"@type\":\"ReadAction\",\"target\":[\"https:\/\/fredfloris.eu\/productpage\/saf-bookmarks\/\"]}]},{\"@type\":\"ImageObject\",\"inLanguage\":\"pt-PT\",\"@id\":\"https:\/\/fredfloris.eu\/productpage\/saf-bookmarks\/#primaryimage\",\"url\":\"https:\/\/fredfloris.eu\/wp-content\/uploads\/2022\/04\/IMG_1521-scaled.jpg\",\"contentUrl\":\"https:\/\/fredfloris.eu\/wp-content\/uploads\/2022\/04\/IMG_1521-scaled.jpg\",\"width\":2560,\"height\":1707,\"caption\":\"Tan leather bookmark, with Toy Story quote, heat pressed option without gold foil.\"},{\"@type\":\"BreadcrumbList\",\"@id\":\"https:\/\/fredfloris.eu\/productpage\/saf-bookmarks\/#breadcrumb\",\"itemListElement\":[{\"@type\":\"ListItem\",\"position\":1,\"name\":\"Home\",\"item\":\"https:\/\/fredfloris.eu\/\"},{\"@type\":\"ListItem\",\"position\":2,\"name\":\"Shop\",\"item\":\"https:\/\/fredfloris.eu\/shop\/\"},{\"@type\":\"ListItem\",\"position\":3,\"name\":\"Selma, Astrid or Fredrika &#8211; Bookmarks\"}]},{\"@type\":\"WebSite\",\"@id\":\"https:\/\/fredfloris.eu\/#website\",\"url\":\"https:\/\/fredfloris.eu\/\",\"name\":\"FredFloris\",\"description\":\"Handcrafted Leathergoods - Made in Sweden\",\"publisher\":{\"@id\":\"https:\/\/fredfloris.eu\/#organization\"},\"potentialAction\":[{\"@type\":\"SearchAction\",\"target\":{\"@type\":\"EntryPoint\",\"urlTemplate\":\"https:\/\/fredfloris.eu\/?s={search_term_string}\"},\"query-input\":{\"@type\":\"PropertyValueSpecification\",\"valueRequired\":true,\"valueName\":\"search_term_string\"}}],\"inLanguage\":\"pt-PT\"},{\"@type\":\"Organization\",\"@id\":\"https:\/\/fredfloris.eu\/#organization\",\"name\":\"FredFloris\",\"url\":\"https:\/\/fredfloris.eu\/\",\"logo\":{\"@type\":\"ImageObject\",\"inLanguage\":\"pt-PT\",\"@id\":\"https:\/\/fredfloris.eu\/#\/schema\/logo\/image\/\",\"url\":\"https:\/\/fredfloris.eu\/wp-content\/uploads\/2022\/03\/FredFloris-med-hel-nal-och-text.png\",\"contentUrl\":\"https:\/\/fredfloris.eu\/wp-content\/uploads\/2022\/03\/FredFloris-med-hel-nal-och-text.png\",\"width\":591,\"height\":283,\"caption\":\"FredFloris\"},\"image\":{\"@id\":\"https:\/\/fredfloris.eu\/#\/schema\/logo\/image\/\"},\"sameAs\":[\"https:\/\/www.facebook.com\/FredFloris.Artisan.Studio\/\",\"https:\/\/x.com\/_fredfloris_\",\"https:\/\/www.instagram.com\/fredfloris.artisan.studio\/\"]}]}<\/script>\n<!-- \/ Yoast SEO plugin. -->","yoast_head_json":{"title":"Leather Bookmark With Quotes | FredFloris","description":"Our bookmarks are handcrafted from premium vegetable-tanned leather. Personalize your bookmark with a custom message using heat imprint.","robots":{"index":"index","follow":"follow","max-snippet":"max-snippet:-1","max-image-preview":"max-image-preview:large","max-video-preview":"max-video-preview:-1"},"canonical":"https:\/\/fredfloris.eu\/pt\/productpage\/saf-bookmarks\/?wmc-currency=EUR","og_locale":"pt_PT","og_type":"article","og_title":"Leather Bookmark With Quotes | FredFloris","og_description":"Our bookmarks are handcrafted from premium vegetable-tanned leather. Personalize your bookmark with a custom message using heat imprint.","og_url":"https:\/\/fredfloris.eu\/pt\/productpage\/saf-bookmarks\/?wmc-currency=EUR","og_site_name":"FredFloris","article_publisher":"https:\/\/www.facebook.com\/FredFloris.Artisan.Studio\/","article_modified_time":"2025-01-18T21:06:18+00:00","og_image":[{"width":2560,"height":1707,"url":"https:\/\/fredfloris.eu\/wp-content\/uploads\/2022\/04\/IMG_1521-scaled.jpg","type":"image\/jpeg"}],"twitter_card":"summary_large_image","twitter_site":"@_fredfloris_","twitter_misc":{"Tempo estimado de leitura":"1 minuto"},"schema":{"@context":"https:\/\/schema.org","@graph":[{"@type":"WebPage","@id":"https:\/\/fredfloris.eu\/productpage\/saf-bookmarks\/","url":"https:\/\/fredfloris.eu\/productpage\/saf-bookmarks\/","name":"Leather Bookmark With Quotes | FredFloris","isPartOf":{"@id":"https:\/\/fredfloris.eu\/#website"},"primaryImageOfPage":{"@id":"https:\/\/fredfloris.eu\/productpage\/saf-bookmarks\/#primaryimage"},"image":{"@id":"https:\/\/fredfloris.eu\/productpage\/saf-bookmarks\/#primaryimage"},"thumbnailUrl":"https:\/\/fredfloris.eu\/wp-content\/uploads\/2022\/04\/IMG_1521-scaled.jpg","datePublished":"2022-05-15T20:44:55+00:00","dateModified":"2025-01-18T21:06:18+00:00","description":"Our bookmarks are handcrafted from premium vegetable-tanned leather. Personalize your bookmark with a custom message using heat imprint.","breadcrumb":{"@id":"https:\/\/fredfloris.eu\/productpage\/saf-bookmarks\/#breadcrumb"},"inLanguage":"pt-PT","potentialAction":[{"@type":"ReadAction","target":["https:\/\/fredfloris.eu\/productpage\/saf-bookmarks\/"]}]},{"@type":"ImageObject","inLanguage":"pt-PT","@id":"https:\/\/fredfloris.eu\/productpage\/saf-bookmarks\/#primaryimage","url":"https:\/\/fredfloris.eu\/wp-content\/uploads\/2022\/04\/IMG_1521-scaled.jpg","contentUrl":"https:\/\/fredfloris.eu\/wp-content\/uploads\/2022\/04\/IMG_1521-scaled.jpg","width":2560,"height":1707,"caption":"Tan leather bookmark, with Toy Story quote, heat pressed option without gold foil."},{"@type":"BreadcrumbList","@id":"https:\/\/fredfloris.eu\/productpage\/saf-bookmarks\/#breadcrumb","itemListElement":[{"@type":"ListItem","position":1,"name":"Home","item":"https:\/\/fredfloris.eu\/"},{"@type":"ListItem","position":2,"name":"Shop","item":"https:\/\/fredfloris.eu\/shop\/"},{"@type":"ListItem","position":3,"name":"Selma, Astrid or Fredrika &#8211; Bookmarks"}]},{"@type":"WebSite","@id":"https:\/\/fredfloris.eu\/#website","url":"https:\/\/fredfloris.eu\/","name":"FredFloris","description":"Artigos em pele feitos \u00e0 m\u00e3o - Fabricados na Su\u00e9cia","publisher":{"@id":"https:\/\/fredfloris.eu\/#organization"},"potentialAction":[{"@type":"SearchAction","target":{"@type":"EntryPoint","urlTemplate":"https:\/\/fredfloris.eu\/?s={search_term_string}"},"query-input":{"@type":"PropertyValueSpecification","valueRequired":true,"valueName":"search_term_string"}}],"inLanguage":"pt-PT"},{"@type":"Organization","@id":"https:\/\/fredfloris.eu\/#organization","name":"FredFloris","url":"https:\/\/fredfloris.eu\/","logo":{"@type":"ImageObject","inLanguage":"pt-PT","@id":"https:\/\/fredfloris.eu\/#\/schema\/logo\/image\/","url":"https:\/\/fredfloris.eu\/wp-content\/uploads\/2022\/03\/FredFloris-med-hel-nal-och-text.png","contentUrl":"https:\/\/fredfloris.eu\/wp-content\/uploads\/2022\/03\/FredFloris-med-hel-nal-och-text.png","width":591,"height":283,"caption":"FredFloris"},"image":{"@id":"https:\/\/fredfloris.eu\/#\/schema\/logo\/image\/"},"sameAs":["https:\/\/www.facebook.com\/FredFloris.Artisan.Studio\/","https:\/\/x.com\/_fredfloris_","https:\/\/www.instagram.com\/fredfloris.artisan.studio\/"]}]}},"brands":[{"id":203,"name":"FredFloris","slug":"fredfloris"}],"_links":{"self":[{"href":"https:\/\/fredfloris.eu\/pt\/wp-json\/wp\/v2\/product\/5009","targetHints":{"allow":["GET"]}}],"collection":[{"href":"https:\/\/fredfloris.eu\/pt\/wp-json\/wp\/v2\/product"}],"about":[{"href":"https:\/\/fredfloris.eu\/pt\/wp-json\/wp\/v2\/types\/product"}],"version-history":[{"count":8,"href":"https:\/\/fredfloris.eu\/pt\/wp-json\/wp\/v2\/product\/5009\/revisions"}],"predecessor-version":[{"id":11552,"href":"https:\/\/fredfloris.eu\/pt\/wp-json\/wp\/v2\/product\/5009\/revisions\/11552"}],"wp:featuredmedia":[{"embeddable":true,"href":"https:\/\/fredfloris.eu\/pt\/wp-json\/wp\/v2\/media\/3087"}],"wp:attachment":[{"href":"https:\/\/fredfloris.eu\/pt\/wp-json\/wp\/v2\/media?parent=5009"}],"wp:term":[{"taxonomy":"pwb-brand","embeddable":true,"href":"https:\/\/fredfloris.eu\/pt\/wp-json\/wp\/v2\/pwb-brand?post=5009"},{"taxonomy":"product_brand","embeddable":true,"href":"https:\/\/fredfloris.eu\/pt\/wp-json\/wp\/v2\/product_brand?post=5009"},{"taxonomy":"product_cat","embeddable":true,"href":"https:\/\/fredfloris.eu\/pt\/wp-json\/wp\/v2\/product_cat?post=5009"},{"taxonomy":"product_tag","embeddable":true,"href":"https:\/\/fredfloris.eu\/pt\/wp-json\/wp\/v2\/product_tag?post=5009"},{"taxonomy":"woo-feed-brand","embeddable":true,"href":"https:\/\/fredfloris.eu\/pt\/wp-json\/wp\/v2\/woo-feed-brand?post=5009"}],"curies":[{"name":"wp","href":"https:\/\/api.w.org\/{rel}","templated":true}]}}