{"id":5136,"date":"2022-05-16T16:59:00","date_gmt":"2022-05-16T14:59:00","guid":{"rendered":"https:\/\/fredfloris.eu\/?post_type=product&#038;p=5136"},"modified":"2026-05-09T11:38:25","modified_gmt":"2026-05-09T10:38:25","slug":"minnie-soft-glasses-cases","status":"publish","type":"product","link":"https:\/\/fredfloris.eu\/pt\/productpage\/minnie-soft-glasses-cases\/","title":{"rendered":"Minnie &#8211; Glasses Cases"},"content":{"rendered":"<p><strong>Personalisation:<\/strong> Add a name or a message at no extra cost. To customise with your own design, simply add both the product and your chosen design to your basket.<\/p>\n<p><a class=\"lumise-customize-button button alt\" href=\"https:\/\/fredfloris.eu\/pt\/productpage\/customize-minnie-soft-glasses-cases\/?wmc-currency=EUR\" name=\"customize\">Personalize<\/a><\/p>\n<p><strong>Shield your glasses in style with our soft leather glasses case, designed for effective protection.<\/strong> This case provides a snug covering to keep your glasses free from scratches. The open slit with rounded edges allows for easy access, letting you slide your glasses in and out without hassle. It\u2019s ideal for both spectacles and sunglasses, making this case a reliable companion for your essential accessories.<\/p>\n<p><strong>Versatile and Understated:<\/strong> This sleek case suits any setting, from casual outings to formal events. Made with vegetable tanned full-grain leather, it prevents your glasses from sliding on surfaces and adds a touch of sophistication to your daily ensemble.<\/p>\n<p><strong>Especifica\u00e7\u00f5es do produto:<\/strong><\/p>\n<ul>\n<li><strong>Fabricado inteiramente \u00e0 m\u00e3o no nosso est\u00fadio de arte em pele, propriedade da fam\u00edlia<\/strong><\/li>\n<li><strong>Dimensions:<\/strong> Width: ~80 mm, Length: 175 mm<\/li>\n<li><strong>Colour Options:<\/strong> Choose from Black, Navy Blue, Cognac, Warm Cognac, Dark Cognac, Dark Yellow and Blue-Green<\/li>\n<li><strong>Material:<\/strong> Vegetable tanned full-grain leather, tanned in Italy using the traditional Tuscan Vacchetta recipe<\/li>\n<li><strong>Stitching:<\/strong> Traditional saddlers stitching, stitched by hand<\/li>\n<li><strong>Thread:<\/strong> Sewn with Tiger Ritza 25 thread for enduring strength<\/li>\n<\/ul>\n<p>&nbsp;<\/p>\n<p>&nbsp;<\/p>\n<p>Search words: Handmade full-grain soft leather glasses case<\/p>","protected":false},"excerpt":{"rendered":"<p>The full-grain leather is produced from the shoulders of the bull and vegetable-tanned using the ancient Tuscan Vacchetta recipe. It is then cut, and hand-stitched together with premium waxed polyester thread using the traditional saddle maker stitching technique. This method of stitching ensures the durability of the product, especially under heavy stress and strain. The edges are rounded, sanded, and then coloured by hand using several layers of edge paint. The edge painting is painted with great precision to ensure the preservability of the grain of the leather.<\/p>\n<pre><\/pre>\n<p>The Aniline finished leather is provided by Mapel &amp; C, and the pull-up\/waxed leather is provided by the Badalassi Carlo. Both tanneries use the ancient Tuscan Vacchetta recipe to tan their leather, and both are a part of respectable organizations, the Tuscany tanning district companies, and the Pelle Conciata al Vegetale consortium, respectively.<\/p>","protected":false},"featured_media":3174,"template":"","meta":[],"pwb-brand":[203],"product_brand":[],"product_cat":[102,100],"product_tag":[123,136,105],"woo-feed-brand":[],"class_list":{"0":"post-5136","1":"product","2":"type-product","3":"status-publish","4":"has-post-thumbnail","6":"pwb-brand-fredfloris","7":"product_cat-glasses-cases","8":"product_cat-leathergoods","9":"product_tag-full-grain-leather","10":"product_tag-handmade","11":"product_tag-made-to-order","12":"product_shipping_class-small-goods","13":"pa_leather-colour-black-mapelec-thin","14":"pa_leather-colour-petrol-waxed","15":"pa_leather-colour-cognac","16":"pa_leather-colour-dark-cognac-waxed","17":"pa_leather-colour-mustard-waxed","18":"pa_leather-colour-navy","19":"pa_leather-colour-warm-cognac","21":"first","22":"instock","23":"taxable","24":"shipping-taxable","25":"purchasable","26":"product-type-variable","27":"has-default-attributes"},"yoast_head":"<!-- This site is optimized with the Yoast SEO plugin v27.2 - https:\/\/yoast.com\/product\/yoast-seo-wordpress\/ -->\n<title>Handmade Full-Grain Leather Glasses Case | FredFloris<\/title>\n<meta name=\"description\" content=\"Handmade full-grain leather soft glass cases, made from vegetable-tanned Italian leather. Small and compact 175mmx 80mm.\" \/>\n<meta name=\"robots\" content=\"index, follow, max-snippet:-1, max-image-preview:large, max-video-preview:-1\" \/>\n<link rel=\"canonical\" href=\"https:\/\/fredfloris.eu\/pt\/productpage\/minnie-soft-glasses-cases\/?wmc-currency=EUR\" \/>\n<meta property=\"og:locale\" content=\"pt_PT\" \/>\n<meta property=\"og:type\" content=\"article\" \/>\n<meta property=\"og:title\" content=\"Handmade Full-Grain Leather Glasses Case | FredFloris\" \/>\n<meta property=\"og:description\" content=\"Handmade full-grain leather soft glass cases, made from vegetable-tanned Italian leather. Small and compact 175mmx 80mm.\" \/>\n<meta property=\"og:url\" content=\"https:\/\/fredfloris.eu\/pt\/productpage\/minnie-soft-glasses-cases\/?wmc-currency=EUR\" \/>\n<meta property=\"og:site_name\" content=\"FredFloris\" \/>\n<meta property=\"article:publisher\" content=\"https:\/\/www.facebook.com\/FredFloris.Artisan.Studio\/\" \/>\n<meta property=\"article:modified_time\" content=\"2026-05-09T10:38:25+00:00\" \/>\n<meta property=\"og:image\" content=\"https:\/\/fredfloris.eu\/wp-content\/uploads\/2022\/04\/IMG_1544-scaled.jpg\" \/>\n\t<meta property=\"og:image:width\" content=\"2560\" \/>\n\t<meta property=\"og:image:height\" content=\"1707\" \/>\n\t<meta property=\"og:image:type\" content=\"image\/jpeg\" \/>\n<meta name=\"twitter:card\" content=\"summary_large_image\" \/>\n<meta name=\"twitter:site\" content=\"@_fredfloris_\" \/>\n<meta name=\"twitter:label1\" content=\"Tempo estimado de leitura\" \/>\n\t<meta name=\"twitter:data1\" content=\"2 minutos\" \/>\n<script type=\"application\/ld+json\" class=\"yoast-schema-graph\">{\"@context\":\"https:\/\/schema.org\",\"@graph\":[{\"@type\":\"WebPage\",\"@id\":\"https:\/\/fredfloris.eu\/productpage\/minnie-soft-glasses-cases\/\",\"url\":\"https:\/\/fredfloris.eu\/productpage\/minnie-soft-glasses-cases\/\",\"name\":\"Handmade Full-Grain Leather Glasses Case | FredFloris\",\"isPartOf\":{\"@id\":\"https:\/\/fredfloris.eu\/#website\"},\"primaryImageOfPage\":{\"@id\":\"https:\/\/fredfloris.eu\/productpage\/minnie-soft-glasses-cases\/#primaryimage\"},\"image\":{\"@id\":\"https:\/\/fredfloris.eu\/productpage\/minnie-soft-glasses-cases\/#primaryimage\"},\"thumbnailUrl\":\"https:\/\/fredfloris.eu\/wp-content\/uploads\/2022\/04\/IMG_1544-scaled.jpg\",\"datePublished\":\"2022-05-16T14:59:00+00:00\",\"dateModified\":\"2026-05-09T10:38:25+00:00\",\"description\":\"Handmade full-grain leather soft glass cases, made from vegetable-tanned Italian leather. Small and compact 175mmx 80mm.\",\"breadcrumb\":{\"@id\":\"https:\/\/fredfloris.eu\/productpage\/minnie-soft-glasses-cases\/#breadcrumb\"},\"inLanguage\":\"pt-PT\",\"potentialAction\":[{\"@type\":\"ReadAction\",\"target\":[\"https:\/\/fredfloris.eu\/productpage\/minnie-soft-glasses-cases\/\"]}]},{\"@type\":\"ImageObject\",\"inLanguage\":\"pt-PT\",\"@id\":\"https:\/\/fredfloris.eu\/productpage\/minnie-soft-glasses-cases\/#primaryimage\",\"url\":\"https:\/\/fredfloris.eu\/wp-content\/uploads\/2022\/04\/IMG_1544-scaled.jpg\",\"contentUrl\":\"https:\/\/fredfloris.eu\/wp-content\/uploads\/2022\/04\/IMG_1544-scaled.jpg\",\"width\":2560,\"height\":1707,\"caption\":\"Product: Minnie - Glasses Cases, colour from left to right: Dark Yellow, Navy Blue, Cognac, Dark Cognac, Black and Blue-Green\"},{\"@type\":\"BreadcrumbList\",\"@id\":\"https:\/\/fredfloris.eu\/productpage\/minnie-soft-glasses-cases\/#breadcrumb\",\"itemListElement\":[{\"@type\":\"ListItem\",\"position\":1,\"name\":\"Home\",\"item\":\"https:\/\/fredfloris.eu\/\"},{\"@type\":\"ListItem\",\"position\":2,\"name\":\"Shop\",\"item\":\"https:\/\/fredfloris.eu\/shop\/\"},{\"@type\":\"ListItem\",\"position\":3,\"name\":\"Minnie &#8211; Glasses Cases\"}]},{\"@type\":\"WebSite\",\"@id\":\"https:\/\/fredfloris.eu\/#website\",\"url\":\"https:\/\/fredfloris.eu\/\",\"name\":\"FredFloris\",\"description\":\"Handcrafted Leathergoods - Made in Sweden\",\"publisher\":{\"@id\":\"https:\/\/fredfloris.eu\/#organization\"},\"potentialAction\":[{\"@type\":\"SearchAction\",\"target\":{\"@type\":\"EntryPoint\",\"urlTemplate\":\"https:\/\/fredfloris.eu\/?s={search_term_string}\"},\"query-input\":{\"@type\":\"PropertyValueSpecification\",\"valueRequired\":true,\"valueName\":\"search_term_string\"}}],\"inLanguage\":\"pt-PT\"},{\"@type\":\"Organization\",\"@id\":\"https:\/\/fredfloris.eu\/#organization\",\"name\":\"FredFloris\",\"url\":\"https:\/\/fredfloris.eu\/\",\"logo\":{\"@type\":\"ImageObject\",\"inLanguage\":\"pt-PT\",\"@id\":\"https:\/\/fredfloris.eu\/#\/schema\/logo\/image\/\",\"url\":\"https:\/\/fredfloris.eu\/wp-content\/uploads\/2022\/03\/FredFloris-med-hel-nal-och-text.png\",\"contentUrl\":\"https:\/\/fredfloris.eu\/wp-content\/uploads\/2022\/03\/FredFloris-med-hel-nal-och-text.png\",\"width\":591,\"height\":283,\"caption\":\"FredFloris\"},\"image\":{\"@id\":\"https:\/\/fredfloris.eu\/#\/schema\/logo\/image\/\"},\"sameAs\":[\"https:\/\/www.facebook.com\/FredFloris.Artisan.Studio\/\",\"https:\/\/x.com\/_fredfloris_\",\"https:\/\/www.instagram.com\/fredfloris.artisan.studio\/\"]}]}<\/script>\n<!-- \/ Yoast SEO plugin. -->","yoast_head_json":{"title":"Handmade Full-Grain Leather Glasses Case | FredFloris","description":"Handmade full-grain leather soft glass cases, made from vegetable-tanned Italian leather. Small and compact 175mmx 80mm.","robots":{"index":"index","follow":"follow","max-snippet":"max-snippet:-1","max-image-preview":"max-image-preview:large","max-video-preview":"max-video-preview:-1"},"canonical":"https:\/\/fredfloris.eu\/pt\/productpage\/minnie-soft-glasses-cases\/?wmc-currency=EUR","og_locale":"pt_PT","og_type":"article","og_title":"Handmade Full-Grain Leather Glasses Case | FredFloris","og_description":"Handmade full-grain leather soft glass cases, made from vegetable-tanned Italian leather. Small and compact 175mmx 80mm.","og_url":"https:\/\/fredfloris.eu\/pt\/productpage\/minnie-soft-glasses-cases\/?wmc-currency=EUR","og_site_name":"FredFloris","article_publisher":"https:\/\/www.facebook.com\/FredFloris.Artisan.Studio\/","article_modified_time":"2026-05-09T10:38:25+00:00","og_image":[{"width":2560,"height":1707,"url":"https:\/\/fredfloris.eu\/wp-content\/uploads\/2022\/04\/IMG_1544-scaled.jpg","type":"image\/jpeg"}],"twitter_card":"summary_large_image","twitter_site":"@_fredfloris_","twitter_misc":{"Tempo estimado de leitura":"2 minutos"},"schema":{"@context":"https:\/\/schema.org","@graph":[{"@type":"WebPage","@id":"https:\/\/fredfloris.eu\/productpage\/minnie-soft-glasses-cases\/","url":"https:\/\/fredfloris.eu\/productpage\/minnie-soft-glasses-cases\/","name":"Handmade Full-Grain Leather Glasses Case | FredFloris","isPartOf":{"@id":"https:\/\/fredfloris.eu\/#website"},"primaryImageOfPage":{"@id":"https:\/\/fredfloris.eu\/productpage\/minnie-soft-glasses-cases\/#primaryimage"},"image":{"@id":"https:\/\/fredfloris.eu\/productpage\/minnie-soft-glasses-cases\/#primaryimage"},"thumbnailUrl":"https:\/\/fredfloris.eu\/wp-content\/uploads\/2022\/04\/IMG_1544-scaled.jpg","datePublished":"2022-05-16T14:59:00+00:00","dateModified":"2026-05-09T10:38:25+00:00","description":"Handmade full-grain leather soft glass cases, made from vegetable-tanned Italian leather. Small and compact 175mmx 80mm.","breadcrumb":{"@id":"https:\/\/fredfloris.eu\/productpage\/minnie-soft-glasses-cases\/#breadcrumb"},"inLanguage":"pt-PT","potentialAction":[{"@type":"ReadAction","target":["https:\/\/fredfloris.eu\/productpage\/minnie-soft-glasses-cases\/"]}]},{"@type":"ImageObject","inLanguage":"pt-PT","@id":"https:\/\/fredfloris.eu\/productpage\/minnie-soft-glasses-cases\/#primaryimage","url":"https:\/\/fredfloris.eu\/wp-content\/uploads\/2022\/04\/IMG_1544-scaled.jpg","contentUrl":"https:\/\/fredfloris.eu\/wp-content\/uploads\/2022\/04\/IMG_1544-scaled.jpg","width":2560,"height":1707,"caption":"Product: Minnie - Glasses Cases, colour from left to right: Dark Yellow, Navy Blue, Cognac, Dark Cognac, Black and Blue-Green"},{"@type":"BreadcrumbList","@id":"https:\/\/fredfloris.eu\/productpage\/minnie-soft-glasses-cases\/#breadcrumb","itemListElement":[{"@type":"ListItem","position":1,"name":"Home","item":"https:\/\/fredfloris.eu\/"},{"@type":"ListItem","position":2,"name":"Shop","item":"https:\/\/fredfloris.eu\/shop\/"},{"@type":"ListItem","position":3,"name":"Minnie &#8211; Glasses Cases"}]},{"@type":"WebSite","@id":"https:\/\/fredfloris.eu\/#website","url":"https:\/\/fredfloris.eu\/","name":"FredFloris","description":"Artigos em pele feitos \u00e0 m\u00e3o - Fabricados na Su\u00e9cia","publisher":{"@id":"https:\/\/fredfloris.eu\/#organization"},"potentialAction":[{"@type":"SearchAction","target":{"@type":"EntryPoint","urlTemplate":"https:\/\/fredfloris.eu\/?s={search_term_string}"},"query-input":{"@type":"PropertyValueSpecification","valueRequired":true,"valueName":"search_term_string"}}],"inLanguage":"pt-PT"},{"@type":"Organization","@id":"https:\/\/fredfloris.eu\/#organization","name":"FredFloris","url":"https:\/\/fredfloris.eu\/","logo":{"@type":"ImageObject","inLanguage":"pt-PT","@id":"https:\/\/fredfloris.eu\/#\/schema\/logo\/image\/","url":"https:\/\/fredfloris.eu\/wp-content\/uploads\/2022\/03\/FredFloris-med-hel-nal-och-text.png","contentUrl":"https:\/\/fredfloris.eu\/wp-content\/uploads\/2022\/03\/FredFloris-med-hel-nal-och-text.png","width":591,"height":283,"caption":"FredFloris"},"image":{"@id":"https:\/\/fredfloris.eu\/#\/schema\/logo\/image\/"},"sameAs":["https:\/\/www.facebook.com\/FredFloris.Artisan.Studio\/","https:\/\/x.com\/_fredfloris_","https:\/\/www.instagram.com\/fredfloris.artisan.studio\/"]}]}},"brands":[{"id":203,"name":"FredFloris","slug":"fredfloris"}],"_links":{"self":[{"href":"https:\/\/fredfloris.eu\/pt\/wp-json\/wp\/v2\/product\/5136","targetHints":{"allow":["GET"]}}],"collection":[{"href":"https:\/\/fredfloris.eu\/pt\/wp-json\/wp\/v2\/product"}],"about":[{"href":"https:\/\/fredfloris.eu\/pt\/wp-json\/wp\/v2\/types\/product"}],"version-history":[{"count":15,"href":"https:\/\/fredfloris.eu\/pt\/wp-json\/wp\/v2\/product\/5136\/revisions"}],"predecessor-version":[{"id":11313,"href":"https:\/\/fredfloris.eu\/pt\/wp-json\/wp\/v2\/product\/5136\/revisions\/11313"}],"wp:featuredmedia":[{"embeddable":true,"href":"https:\/\/fredfloris.eu\/pt\/wp-json\/wp\/v2\/media\/3174"}],"wp:attachment":[{"href":"https:\/\/fredfloris.eu\/pt\/wp-json\/wp\/v2\/media?parent=5136"}],"wp:term":[{"taxonomy":"pwb-brand","embeddable":true,"href":"https:\/\/fredfloris.eu\/pt\/wp-json\/wp\/v2\/pwb-brand?post=5136"},{"taxonomy":"product_brand","embeddable":true,"href":"https:\/\/fredfloris.eu\/pt\/wp-json\/wp\/v2\/product_brand?post=5136"},{"taxonomy":"product_cat","embeddable":true,"href":"https:\/\/fredfloris.eu\/pt\/wp-json\/wp\/v2\/product_cat?post=5136"},{"taxonomy":"product_tag","embeddable":true,"href":"https:\/\/fredfloris.eu\/pt\/wp-json\/wp\/v2\/product_tag?post=5136"},{"taxonomy":"woo-feed-brand","embeddable":true,"href":"https:\/\/fredfloris.eu\/pt\/wp-json\/wp\/v2\/woo-feed-brand?post=5136"}],"curies":[{"name":"wp","href":"https:\/\/api.w.org\/{rel}","templated":true}]}}