{"id":5148,"date":"2022-05-16T17:20:21","date_gmt":"2022-05-16T15:20:21","guid":{"rendered":"https:\/\/fredfloris.eu\/?post_type=product&#038;p=5148"},"modified":"2026-05-09T11:53:34","modified_gmt":"2026-05-09T10:53:34","slug":"a5-daybook","status":"publish","type":"product","link":"https:\/\/fredfloris.eu\/pt\/productpage\/a5-daybook\/","title":{"rendered":"Dickens, Shelley or Keats &#8211; A5 Leather Daybook Covers"},"content":{"rendered":"<p><strong>Personalisation:<\/strong> Add a name or a message at no extra cost. To customise with your own design, simply add both the product and your chosen design to your basket.<\/p>\n<p><a class=\"lumise-customize-button button alt\" href=\"https:\/\/fredfloris.eu\/pt\/productpage\/customize-dickens-shelley-or-keats-a5-journals\/?wmc-currency=EUR\" name=\"customize\">Personalize<\/a><\/p>\n<p><strong>Elevate your professional image with our leather daybook cover.<\/strong> Crafted to make the right first impression, this daybook cover ensures you are always prepared. Whether it&#8217;s for urgent meetings, casual appointments, or moments of unexpected inspiration, having a pen and paper at hand is invaluable. Writing with pen and paper not only feels freeing but also simplifies the process of capturing your ideas, aligning perfectly with personal preferences.<\/p>\n<p><strong>Optimal Size and Storage:<\/strong> Designed to fit an A5 notepad, this daybook cover is the perfect size to carry with you. It features one large pocket behind the cover and two smaller pockets on the inside, ideal for storing your favourite pen and ensuring it&#8217;s always within reach.<\/p>\n<p>Included for free with every leather daybook is one of each of our <a href=\"https:\/\/fredfloris.eu\/pt\/productpage\/notebooks-journals\/?wmc-currency=EUR\">Nordic Swan and Easy on The Planet ecolabel notebooks<\/a>.<\/p>\n<p><strong>Especifica\u00e7\u00f5es do produto:<\/strong><\/p>\n<ul>\n<li><strong>Fabricado inteiramente \u00e0 m\u00e3o no nosso est\u00fadio de arte em pele, propriedade da fam\u00edlia<\/strong><\/li>\n<li><strong>Materials:<\/strong> Utilizes three different types of leather, each chosen for the right feel and flexibility needed for specific sections of the daybook<\/li>\n<li><strong>Colour Options:<\/strong>\n<ul>\n<li><strong>Exterior:<\/strong> Available in Black<\/li>\n<li><strong>Flap and Smaller Inside Pocket:<\/strong> Choose from Dark Cognac, Dark Yellow, Blue-Green<\/li>\n<\/ul>\n<\/li>\n<li><strong>Dimensions:<\/strong> Width when folded: 170 mm, Height: 235 mm<\/li>\n<li><strong>Broguing:<\/strong> Hand-punched broguing details add flair and definition to the design<\/li>\n<li><strong>Stitching<\/strong>: Traditional saddlers stitching, stitched by hand<\/li>\n<li><strong>Features:<\/strong> This daybook is refillable, making it a lasting accessory<\/li>\n<li><strong>Thread:<\/strong> Constructed with Tiger Ritza 25 thread, known for their strength and resilience<\/li>\n<\/ul>\n<p>&nbsp;<\/p>\n<p>Search words: Handmade refillable leather daybook, leather daybook cover<\/p>","protected":false},"excerpt":{"rendered":"<p>Made from three different kinds of leather, for the exterior of our daybookwe use a vegetable tanned full-grain leather from the shoulders of the bull, the thickness is around 3.5 mm, yet it hasn\u2019t a sturdy temper, making it a very fine option for making a daybook.<\/p>\n<pre><\/pre>\n<p>The second leather we used is for the larger interior pocket. We used a 2mm thick leather that is nicer and soft tempered, allowing for flexibility with inserting items. Finally, the smaller inside pockets and flap were created using a 1.8mm waxed leather, giving the overall interior a nice sheen appearance. The broguing details on the flap is made by hand with a hole stitching punch.<\/p>\n<pre><\/pre>\n<p>All the edges of this handmade leather daybook are rounded, sanded, and painted with great precision to ensure the preservability of the full-grain leather and topped off with brass plated steel corner protectors. The leather daybook is finished off with an elastic strap that perfectly ties this well-crafted journal together.<\/p>\n<pre><\/pre>\n<p>The Aniline finished leather is provided by Mapel &amp; C, and the pull-up\/waxed leather is provided by the Badalassi Carlo. Both tanneries use the ancient Tuscan Vacchetta recipe to tan their leather, and both are a part of respectable organizations, the Tuscany tanning district companies, and the Pelle Conciata al Vegetale consortium, respectively.<\/p>","protected":false},"featured_media":10226,"template":"","meta":[],"pwb-brand":[203],"product_brand":[],"product_cat":[110,100],"product_tag":[123,136,105],"woo-feed-brand":[],"class_list":{"0":"post-5148","1":"product","2":"type-product","3":"status-publish","4":"has-post-thumbnail","6":"pwb-brand-fredfloris","7":"product_cat-journals","8":"product_cat-leathergoods","9":"product_tag-full-grain-leather","10":"product_tag-handmade","11":"product_tag-made-to-order","12":"product_shipping_class-large-goods","13":"pa_leather-colour-petrol-waxed","14":"pa_leather-colour-dark-cognac-waxed","15":"pa_leather-colour-mustard-waxed","16":"pa_primary-leather-colour-black-mapelec-thick2","18":"first","19":"instock","20":"taxable","21":"shipping-taxable","22":"purchasable","23":"product-type-variable","24":"has-default-attributes"},"yoast_head":"<!-- This site is optimized with the Yoast SEO plugin v27.2 - https:\/\/yoast.com\/product\/yoast-seo-wordpress\/ -->\n<title>Personalized Refillable Leather daybook| FredFloris<\/title>\n<meta name=\"description\" content=\"Experience a luxury handmade leather daybook. Made using the finest Italian vegetable-tanned full-grain leather. Refillable leather daybook\" \/>\n<meta name=\"robots\" content=\"index, follow, max-snippet:-1, max-image-preview:large, max-video-preview:-1\" \/>\n<link rel=\"canonical\" href=\"https:\/\/fredfloris.eu\/pt\/productpage\/a5-daybook\/?wmc-currency=EUR\" \/>\n<meta property=\"og:locale\" content=\"pt_PT\" \/>\n<meta property=\"og:type\" content=\"article\" \/>\n<meta property=\"og:title\" content=\"Personalized Refillable Leather daybook| FredFloris\" \/>\n<meta property=\"og:description\" content=\"Experience a luxury handmade leather daybook. Made using the finest Italian vegetable-tanned full-grain leather. Refillable leather daybook\" \/>\n<meta property=\"og:url\" content=\"https:\/\/fredfloris.eu\/pt\/productpage\/a5-daybook\/?wmc-currency=EUR\" \/>\n<meta property=\"og:site_name\" content=\"FredFloris\" \/>\n<meta property=\"article:publisher\" content=\"https:\/\/www.facebook.com\/FredFloris.Artisan.Studio\/\" \/>\n<meta property=\"article:modified_time\" content=\"2026-05-09T10:53:34+00:00\" \/>\n<meta property=\"og:image\" content=\"https:\/\/fredfloris.eu\/wp-content\/uploads\/2022\/11\/IMG_3892-scaled.jpg\" \/>\n\t<meta property=\"og:image:width\" content=\"2560\" \/>\n\t<meta property=\"og:image:height\" content=\"1707\" \/>\n\t<meta property=\"og:image:type\" content=\"image\/jpeg\" \/>\n<meta name=\"twitter:card\" content=\"summary_large_image\" \/>\n<meta name=\"twitter:site\" content=\"@_fredfloris_\" \/>\n<meta name=\"twitter:label1\" content=\"Tempo estimado de leitura\" \/>\n\t<meta name=\"twitter:data1\" content=\"2 minutos\" \/>\n<script type=\"application\/ld+json\" class=\"yoast-schema-graph\">{\"@context\":\"https:\/\/schema.org\",\"@graph\":[{\"@type\":\"WebPage\",\"@id\":\"https:\/\/fredfloris.eu\/productpage\/a5-daybook\/\",\"url\":\"https:\/\/fredfloris.eu\/productpage\/a5-daybook\/\",\"name\":\"Personalized Refillable Leather daybook| FredFloris\",\"isPartOf\":{\"@id\":\"https:\/\/fredfloris.eu\/#website\"},\"primaryImageOfPage\":{\"@id\":\"https:\/\/fredfloris.eu\/productpage\/a5-daybook\/#primaryimage\"},\"image\":{\"@id\":\"https:\/\/fredfloris.eu\/productpage\/a5-daybook\/#primaryimage\"},\"thumbnailUrl\":\"https:\/\/fredfloris.eu\/wp-content\/uploads\/2022\/11\/IMG_3892-scaled.jpg\",\"datePublished\":\"2022-05-16T15:20:21+00:00\",\"dateModified\":\"2026-05-09T10:53:34+00:00\",\"description\":\"Experience a luxury handmade leather daybook. Made using the finest Italian vegetable-tanned full-grain leather. Refillable leather daybook\",\"breadcrumb\":{\"@id\":\"https:\/\/fredfloris.eu\/productpage\/a5-daybook\/#breadcrumb\"},\"inLanguage\":\"pt-PT\",\"potentialAction\":[{\"@type\":\"ReadAction\",\"target\":[\"https:\/\/fredfloris.eu\/productpage\/a5-daybook\/\"]}]},{\"@type\":\"ImageObject\",\"inLanguage\":\"pt-PT\",\"@id\":\"https:\/\/fredfloris.eu\/productpage\/a5-daybook\/#primaryimage\",\"url\":\"https:\/\/fredfloris.eu\/wp-content\/uploads\/2022\/11\/IMG_3892-scaled.jpg\",\"contentUrl\":\"https:\/\/fredfloris.eu\/wp-content\/uploads\/2022\/11\/IMG_3892-scaled.jpg\",\"width\":2560,\"height\":1707,\"caption\":\"Product: Dickens, Shelley or Keats - A5 Journals, Interior, Colour: Black, Dark Cognac, Corner Protectors: Solid Brass\"},{\"@type\":\"BreadcrumbList\",\"@id\":\"https:\/\/fredfloris.eu\/productpage\/a5-daybook\/#breadcrumb\",\"itemListElement\":[{\"@type\":\"ListItem\",\"position\":1,\"name\":\"Home\",\"item\":\"https:\/\/fredfloris.eu\/\"},{\"@type\":\"ListItem\",\"position\":2,\"name\":\"Shop\",\"item\":\"https:\/\/fredfloris.eu\/shop\/\"},{\"@type\":\"ListItem\",\"position\":3,\"name\":\"Dickens, Shelley or Keats &#8211; A5 Leather Daybook Covers\"}]},{\"@type\":\"WebSite\",\"@id\":\"https:\/\/fredfloris.eu\/#website\",\"url\":\"https:\/\/fredfloris.eu\/\",\"name\":\"FredFloris\",\"description\":\"Handcrafted Leathergoods - Made in Sweden\",\"publisher\":{\"@id\":\"https:\/\/fredfloris.eu\/#organization\"},\"potentialAction\":[{\"@type\":\"SearchAction\",\"target\":{\"@type\":\"EntryPoint\",\"urlTemplate\":\"https:\/\/fredfloris.eu\/?s={search_term_string}\"},\"query-input\":{\"@type\":\"PropertyValueSpecification\",\"valueRequired\":true,\"valueName\":\"search_term_string\"}}],\"inLanguage\":\"pt-PT\"},{\"@type\":\"Organization\",\"@id\":\"https:\/\/fredfloris.eu\/#organization\",\"name\":\"FredFloris\",\"url\":\"https:\/\/fredfloris.eu\/\",\"logo\":{\"@type\":\"ImageObject\",\"inLanguage\":\"pt-PT\",\"@id\":\"https:\/\/fredfloris.eu\/#\/schema\/logo\/image\/\",\"url\":\"https:\/\/fredfloris.eu\/wp-content\/uploads\/2022\/03\/FredFloris-med-hel-nal-och-text.png\",\"contentUrl\":\"https:\/\/fredfloris.eu\/wp-content\/uploads\/2022\/03\/FredFloris-med-hel-nal-och-text.png\",\"width\":591,\"height\":283,\"caption\":\"FredFloris\"},\"image\":{\"@id\":\"https:\/\/fredfloris.eu\/#\/schema\/logo\/image\/\"},\"sameAs\":[\"https:\/\/www.facebook.com\/FredFloris.Artisan.Studio\/\",\"https:\/\/x.com\/_fredfloris_\",\"https:\/\/www.instagram.com\/fredfloris.artisan.studio\/\"]}]}<\/script>\n<!-- \/ Yoast SEO plugin. -->","yoast_head_json":{"title":"Personalized Refillable Leather daybook| FredFloris","description":"Experience a luxury handmade leather daybook. Made using the finest Italian vegetable-tanned full-grain leather. Refillable leather daybook","robots":{"index":"index","follow":"follow","max-snippet":"max-snippet:-1","max-image-preview":"max-image-preview:large","max-video-preview":"max-video-preview:-1"},"canonical":"https:\/\/fredfloris.eu\/pt\/productpage\/a5-daybook\/?wmc-currency=EUR","og_locale":"pt_PT","og_type":"article","og_title":"Personalized Refillable Leather daybook| FredFloris","og_description":"Experience a luxury handmade leather daybook. Made using the finest Italian vegetable-tanned full-grain leather. Refillable leather daybook","og_url":"https:\/\/fredfloris.eu\/pt\/productpage\/a5-daybook\/?wmc-currency=EUR","og_site_name":"FredFloris","article_publisher":"https:\/\/www.facebook.com\/FredFloris.Artisan.Studio\/","article_modified_time":"2026-05-09T10:53:34+00:00","og_image":[{"width":2560,"height":1707,"url":"https:\/\/fredfloris.eu\/wp-content\/uploads\/2022\/11\/IMG_3892-scaled.jpg","type":"image\/jpeg"}],"twitter_card":"summary_large_image","twitter_site":"@_fredfloris_","twitter_misc":{"Tempo estimado de leitura":"2 minutos"},"schema":{"@context":"https:\/\/schema.org","@graph":[{"@type":"WebPage","@id":"https:\/\/fredfloris.eu\/productpage\/a5-daybook\/","url":"https:\/\/fredfloris.eu\/productpage\/a5-daybook\/","name":"Personalized Refillable Leather daybook| FredFloris","isPartOf":{"@id":"https:\/\/fredfloris.eu\/#website"},"primaryImageOfPage":{"@id":"https:\/\/fredfloris.eu\/productpage\/a5-daybook\/#primaryimage"},"image":{"@id":"https:\/\/fredfloris.eu\/productpage\/a5-daybook\/#primaryimage"},"thumbnailUrl":"https:\/\/fredfloris.eu\/wp-content\/uploads\/2022\/11\/IMG_3892-scaled.jpg","datePublished":"2022-05-16T15:20:21+00:00","dateModified":"2026-05-09T10:53:34+00:00","description":"Experience a luxury handmade leather daybook. Made using the finest Italian vegetable-tanned full-grain leather. Refillable leather daybook","breadcrumb":{"@id":"https:\/\/fredfloris.eu\/productpage\/a5-daybook\/#breadcrumb"},"inLanguage":"pt-PT","potentialAction":[{"@type":"ReadAction","target":["https:\/\/fredfloris.eu\/productpage\/a5-daybook\/"]}]},{"@type":"ImageObject","inLanguage":"pt-PT","@id":"https:\/\/fredfloris.eu\/productpage\/a5-daybook\/#primaryimage","url":"https:\/\/fredfloris.eu\/wp-content\/uploads\/2022\/11\/IMG_3892-scaled.jpg","contentUrl":"https:\/\/fredfloris.eu\/wp-content\/uploads\/2022\/11\/IMG_3892-scaled.jpg","width":2560,"height":1707,"caption":"Product: Dickens, Shelley or Keats - A5 Journals, Interior, Colour: Black, Dark Cognac, Corner Protectors: Solid Brass"},{"@type":"BreadcrumbList","@id":"https:\/\/fredfloris.eu\/productpage\/a5-daybook\/#breadcrumb","itemListElement":[{"@type":"ListItem","position":1,"name":"Home","item":"https:\/\/fredfloris.eu\/"},{"@type":"ListItem","position":2,"name":"Shop","item":"https:\/\/fredfloris.eu\/shop\/"},{"@type":"ListItem","position":3,"name":"Dickens, Shelley or Keats &#8211; A5 Leather Daybook Covers"}]},{"@type":"WebSite","@id":"https:\/\/fredfloris.eu\/#website","url":"https:\/\/fredfloris.eu\/","name":"FredFloris","description":"Artigos em pele feitos \u00e0 m\u00e3o - Fabricados na Su\u00e9cia","publisher":{"@id":"https:\/\/fredfloris.eu\/#organization"},"potentialAction":[{"@type":"SearchAction","target":{"@type":"EntryPoint","urlTemplate":"https:\/\/fredfloris.eu\/?s={search_term_string}"},"query-input":{"@type":"PropertyValueSpecification","valueRequired":true,"valueName":"search_term_string"}}],"inLanguage":"pt-PT"},{"@type":"Organization","@id":"https:\/\/fredfloris.eu\/#organization","name":"FredFloris","url":"https:\/\/fredfloris.eu\/","logo":{"@type":"ImageObject","inLanguage":"pt-PT","@id":"https:\/\/fredfloris.eu\/#\/schema\/logo\/image\/","url":"https:\/\/fredfloris.eu\/wp-content\/uploads\/2022\/03\/FredFloris-med-hel-nal-och-text.png","contentUrl":"https:\/\/fredfloris.eu\/wp-content\/uploads\/2022\/03\/FredFloris-med-hel-nal-och-text.png","width":591,"height":283,"caption":"FredFloris"},"image":{"@id":"https:\/\/fredfloris.eu\/#\/schema\/logo\/image\/"},"sameAs":["https:\/\/www.facebook.com\/FredFloris.Artisan.Studio\/","https:\/\/x.com\/_fredfloris_","https:\/\/www.instagram.com\/fredfloris.artisan.studio\/"]}]}},"brands":[{"id":203,"name":"FredFloris","slug":"fredfloris"}],"_links":{"self":[{"href":"https:\/\/fredfloris.eu\/pt\/wp-json\/wp\/v2\/product\/5148","targetHints":{"allow":["GET"]}}],"collection":[{"href":"https:\/\/fredfloris.eu\/pt\/wp-json\/wp\/v2\/product"}],"about":[{"href":"https:\/\/fredfloris.eu\/pt\/wp-json\/wp\/v2\/types\/product"}],"version-history":[{"count":14,"href":"https:\/\/fredfloris.eu\/pt\/wp-json\/wp\/v2\/product\/5148\/revisions"}],"predecessor-version":[{"id":11312,"href":"https:\/\/fredfloris.eu\/pt\/wp-json\/wp\/v2\/product\/5148\/revisions\/11312"}],"wp:featuredmedia":[{"embeddable":true,"href":"https:\/\/fredfloris.eu\/pt\/wp-json\/wp\/v2\/media\/10226"}],"wp:attachment":[{"href":"https:\/\/fredfloris.eu\/pt\/wp-json\/wp\/v2\/media?parent=5148"}],"wp:term":[{"taxonomy":"pwb-brand","embeddable":true,"href":"https:\/\/fredfloris.eu\/pt\/wp-json\/wp\/v2\/pwb-brand?post=5148"},{"taxonomy":"product_brand","embeddable":true,"href":"https:\/\/fredfloris.eu\/pt\/wp-json\/wp\/v2\/product_brand?post=5148"},{"taxonomy":"product_cat","embeddable":true,"href":"https:\/\/fredfloris.eu\/pt\/wp-json\/wp\/v2\/product_cat?post=5148"},{"taxonomy":"product_tag","embeddable":true,"href":"https:\/\/fredfloris.eu\/pt\/wp-json\/wp\/v2\/product_tag?post=5148"},{"taxonomy":"woo-feed-brand","embeddable":true,"href":"https:\/\/fredfloris.eu\/pt\/wp-json\/wp\/v2\/woo-feed-brand?post=5148"}],"curies":[{"name":"wp","href":"https:\/\/api.w.org\/{rel}","templated":true}]}}