{"id":5158,"date":"2022-05-16T17:48:39","date_gmt":"2022-05-16T15:48:39","guid":{"rendered":"https:\/\/fredfloris.eu\/?post_type=product&#038;p=5158"},"modified":"2026-05-09T11:50:00","modified_gmt":"2026-05-09T10:50:00","slug":"vasa-key-wallet","status":"publish","type":"product","link":"https:\/\/fredfloris.eu\/pt\/productpage\/vasa-key-wallet\/","title":{"rendered":"Vasa &#8211; Key Wallet"},"content":{"rendered":"<p><strong>Personalisation:<\/strong> Add a name, image or message at no extra cost. To customise with your own design, simply add both the product and your chosen design to your basket.<\/p>\n<p><a class=\"lumise-customize-button button alt\" href=\"https:\/\/fredfloris.eu\/pt\/productpage\/customize-vasa-soft-key-wallet\/?wmc-currency=EUR\" name=\"customize\">Personalize<\/a><\/p>\n<p><strong>Explore the Enigma of Keys with Our Leather key wallet.<\/strong> Keys access the most valued aspects of our lives\u2014our homes, vehicles, and personal safes. They are unique and promise more, thus deserving careful management and protection. Our key wallet ensures that all your keys are securely organized and shielded within a soft leather cover, fastened by a iron button. The stainless steel rivets maintain order, making your keys easy to find, access, and carry in your bag or pocket without the risk of scratching your phone or other valuables.<\/p>\n<p><strong>Especifica\u00e7\u00f5es do produto:<\/strong><\/p>\n<ul>\n<li><strong>Fabricado inteiramente \u00e0 m\u00e3o no nosso est\u00fadio de arte em pele, propriedade da fam\u00edlia<\/strong><\/li>\n<li><strong>Custom Options:<\/strong> Choose between right-handed or left-handed versions<\/li>\n<li><strong>Tamanho:<\/strong> Width: 80 mm, Length: 125 mm<\/li>\n<li><strong>Colours:<\/strong> Available in Medium Brown and Cognac<\/li>\n<li><strong>Material:<\/strong> Made from full-grain leather, tanned in Italy<\/li>\n<li><strong>Allergy-Friendly:<\/strong> Features a double-cap rivet that\u2019s allergy-friendly. Note: The key bracket has not been tested for allergies<\/li>\n<\/ul>\n<p>&nbsp;<\/p>\n<p>Search words: leather key wallet, key chain, key holder wallet<\/p>","protected":false},"excerpt":{"rendered":"<p>Our leather key wallet is created from a full-grain European calf leather provided by the Italian tannery, Mapel &amp; C in collaboration with Tuscany tanning district companies. During the tanning process, a light coating of oil is added to the leather to create what is known as the pull-up leather. This tanning method gives the appearance of the Key Wallet a more distressed and rustic look.<\/p>\n<p>Once received in our workshop, the leather is cut from the hide, the edges are rounded, sanded, burnished by hand and then the edges are coloured by hand. We pay great attention to detail during this process as to preserve the grain of the leather.<\/p>","protected":false},"featured_media":9758,"template":"","meta":[],"pwb-brand":[203],"product_brand":[],"product_cat":[112,100],"product_tag":[123,136,105],"woo-feed-brand":[],"class_list":{"0":"post-5158","1":"product","2":"type-product","3":"status-publish","4":"has-post-thumbnail","6":"pwb-brand-fredfloris","7":"product_cat-key-wallets","8":"product_cat-leathergoods","9":"product_tag-full-grain-leather","10":"product_tag-handmade","11":"product_tag-made-to-order","12":"product_shipping_class-small-goods","13":"pa_leather-colour-cognac-pull-up","14":"pa_leather-colour-medium-brown-pull-up","16":"first","17":"instock","18":"taxable","19":"shipping-taxable","20":"purchasable","21":"product-type-variable","22":"has-default-attributes"},"yoast_head":"<!-- This site is optimized with the Yoast SEO plugin v27.2 - https:\/\/yoast.com\/product\/yoast-seo-wordpress\/ -->\n<title>Leather Key Wallet - Handmade in Sweden | FredFloris<\/title>\n<meta name=\"description\" content=\"Our leather key wallet is handmade from full-grain European leather. The key wallet can hold over 6 keys. Replace your key chain!\" \/>\n<meta name=\"robots\" content=\"index, follow, max-snippet:-1, max-image-preview:large, max-video-preview:-1\" \/>\n<link rel=\"canonical\" href=\"https:\/\/fredfloris.eu\/pt\/productpage\/vasa-key-wallet\/?wmc-currency=EUR\" \/>\n<meta property=\"og:locale\" content=\"pt_PT\" \/>\n<meta property=\"og:type\" content=\"article\" \/>\n<meta property=\"og:title\" content=\"Leather Key Wallet - Handmade in Sweden | FredFloris\" \/>\n<meta property=\"og:description\" content=\"Our leather key wallet is handmade from full-grain European leather. The key wallet can hold over 6 keys. Replace your key chain!\" \/>\n<meta property=\"og:url\" content=\"https:\/\/fredfloris.eu\/pt\/productpage\/vasa-key-wallet\/?wmc-currency=EUR\" \/>\n<meta property=\"og:site_name\" content=\"FredFloris\" \/>\n<meta property=\"article:publisher\" content=\"https:\/\/www.facebook.com\/FredFloris.Artisan.Studio\/\" \/>\n<meta property=\"article:modified_time\" content=\"2026-05-09T10:50:00+00:00\" \/>\n<meta property=\"og:image\" content=\"https:\/\/fredfloris.eu\/wp-content\/uploads\/2022\/05\/IMG_1482-scaled.jpg\" \/>\n\t<meta property=\"og:image:width\" content=\"2560\" \/>\n\t<meta property=\"og:image:height\" content=\"1707\" \/>\n\t<meta property=\"og:image:type\" content=\"image\/jpeg\" \/>\n<meta name=\"twitter:card\" content=\"summary_large_image\" \/>\n<meta name=\"twitter:site\" content=\"@_fredfloris_\" \/>\n<meta name=\"twitter:label1\" content=\"Tempo estimado de leitura\" \/>\n\t<meta name=\"twitter:data1\" content=\"2 minutos\" \/>\n<script type=\"application\/ld+json\" class=\"yoast-schema-graph\">{\"@context\":\"https:\/\/schema.org\",\"@graph\":[{\"@type\":\"WebPage\",\"@id\":\"https:\/\/fredfloris.eu\/productpage\/vasa-key-wallet\/\",\"url\":\"https:\/\/fredfloris.eu\/productpage\/vasa-key-wallet\/\",\"name\":\"Leather Key Wallet - Handmade in Sweden | FredFloris\",\"isPartOf\":{\"@id\":\"https:\/\/fredfloris.eu\/#website\"},\"primaryImageOfPage\":{\"@id\":\"https:\/\/fredfloris.eu\/productpage\/vasa-key-wallet\/#primaryimage\"},\"image\":{\"@id\":\"https:\/\/fredfloris.eu\/productpage\/vasa-key-wallet\/#primaryimage\"},\"thumbnailUrl\":\"https:\/\/fredfloris.eu\/wp-content\/uploads\/2022\/05\/IMG_1482-scaled.jpg\",\"datePublished\":\"2022-05-16T15:48:39+00:00\",\"dateModified\":\"2026-05-09T10:50:00+00:00\",\"description\":\"Our leather key wallet is handmade from full-grain European leather. The key wallet can hold over 6 keys. Replace your key chain!\",\"breadcrumb\":{\"@id\":\"https:\/\/fredfloris.eu\/productpage\/vasa-key-wallet\/#breadcrumb\"},\"inLanguage\":\"pt-PT\",\"potentialAction\":[{\"@type\":\"ReadAction\",\"target\":[\"https:\/\/fredfloris.eu\/productpage\/vasa-key-wallet\/\"]}]},{\"@type\":\"ImageObject\",\"inLanguage\":\"pt-PT\",\"@id\":\"https:\/\/fredfloris.eu\/productpage\/vasa-key-wallet\/#primaryimage\",\"url\":\"https:\/\/fredfloris.eu\/wp-content\/uploads\/2022\/05\/IMG_1482-scaled.jpg\",\"contentUrl\":\"https:\/\/fredfloris.eu\/wp-content\/uploads\/2022\/05\/IMG_1482-scaled.jpg\",\"width\":2560,\"height\":1707,\"caption\":\"Product: Dickens, Vasa - Key Wallet, Colour: Cognac, Left & Right Handed Options\"},{\"@type\":\"BreadcrumbList\",\"@id\":\"https:\/\/fredfloris.eu\/productpage\/vasa-key-wallet\/#breadcrumb\",\"itemListElement\":[{\"@type\":\"ListItem\",\"position\":1,\"name\":\"Home\",\"item\":\"https:\/\/fredfloris.eu\/\"},{\"@type\":\"ListItem\",\"position\":2,\"name\":\"Shop\",\"item\":\"https:\/\/fredfloris.eu\/shop\/\"},{\"@type\":\"ListItem\",\"position\":3,\"name\":\"Vasa &#8211; Key Wallet\"}]},{\"@type\":\"WebSite\",\"@id\":\"https:\/\/fredfloris.eu\/#website\",\"url\":\"https:\/\/fredfloris.eu\/\",\"name\":\"FredFloris\",\"description\":\"Handcrafted Leathergoods - Made in Sweden\",\"publisher\":{\"@id\":\"https:\/\/fredfloris.eu\/#organization\"},\"potentialAction\":[{\"@type\":\"SearchAction\",\"target\":{\"@type\":\"EntryPoint\",\"urlTemplate\":\"https:\/\/fredfloris.eu\/?s={search_term_string}\"},\"query-input\":{\"@type\":\"PropertyValueSpecification\",\"valueRequired\":true,\"valueName\":\"search_term_string\"}}],\"inLanguage\":\"pt-PT\"},{\"@type\":\"Organization\",\"@id\":\"https:\/\/fredfloris.eu\/#organization\",\"name\":\"FredFloris\",\"url\":\"https:\/\/fredfloris.eu\/\",\"logo\":{\"@type\":\"ImageObject\",\"inLanguage\":\"pt-PT\",\"@id\":\"https:\/\/fredfloris.eu\/#\/schema\/logo\/image\/\",\"url\":\"https:\/\/fredfloris.eu\/wp-content\/uploads\/2022\/03\/FredFloris-med-hel-nal-och-text.png\",\"contentUrl\":\"https:\/\/fredfloris.eu\/wp-content\/uploads\/2022\/03\/FredFloris-med-hel-nal-och-text.png\",\"width\":591,\"height\":283,\"caption\":\"FredFloris\"},\"image\":{\"@id\":\"https:\/\/fredfloris.eu\/#\/schema\/logo\/image\/\"},\"sameAs\":[\"https:\/\/www.facebook.com\/FredFloris.Artisan.Studio\/\",\"https:\/\/x.com\/_fredfloris_\",\"https:\/\/www.instagram.com\/fredfloris.artisan.studio\/\"]}]}<\/script>\n<!-- \/ Yoast SEO plugin. -->","yoast_head_json":{"title":"Leather Key Wallet - Handmade in Sweden | FredFloris","description":"Our leather key wallet is handmade from full-grain European leather. The key wallet can hold over 6 keys. Replace your key chain!","robots":{"index":"index","follow":"follow","max-snippet":"max-snippet:-1","max-image-preview":"max-image-preview:large","max-video-preview":"max-video-preview:-1"},"canonical":"https:\/\/fredfloris.eu\/pt\/productpage\/vasa-key-wallet\/?wmc-currency=EUR","og_locale":"pt_PT","og_type":"article","og_title":"Leather Key Wallet - Handmade in Sweden | FredFloris","og_description":"Our leather key wallet is handmade from full-grain European leather. The key wallet can hold over 6 keys. Replace your key chain!","og_url":"https:\/\/fredfloris.eu\/pt\/productpage\/vasa-key-wallet\/?wmc-currency=EUR","og_site_name":"FredFloris","article_publisher":"https:\/\/www.facebook.com\/FredFloris.Artisan.Studio\/","article_modified_time":"2026-05-09T10:50:00+00:00","og_image":[{"width":2560,"height":1707,"url":"https:\/\/fredfloris.eu\/wp-content\/uploads\/2022\/05\/IMG_1482-scaled.jpg","type":"image\/jpeg"}],"twitter_card":"summary_large_image","twitter_site":"@_fredfloris_","twitter_misc":{"Tempo estimado de leitura":"2 minutos"},"schema":{"@context":"https:\/\/schema.org","@graph":[{"@type":"WebPage","@id":"https:\/\/fredfloris.eu\/productpage\/vasa-key-wallet\/","url":"https:\/\/fredfloris.eu\/productpage\/vasa-key-wallet\/","name":"Leather Key Wallet - Handmade in Sweden | FredFloris","isPartOf":{"@id":"https:\/\/fredfloris.eu\/#website"},"primaryImageOfPage":{"@id":"https:\/\/fredfloris.eu\/productpage\/vasa-key-wallet\/#primaryimage"},"image":{"@id":"https:\/\/fredfloris.eu\/productpage\/vasa-key-wallet\/#primaryimage"},"thumbnailUrl":"https:\/\/fredfloris.eu\/wp-content\/uploads\/2022\/05\/IMG_1482-scaled.jpg","datePublished":"2022-05-16T15:48:39+00:00","dateModified":"2026-05-09T10:50:00+00:00","description":"Our leather key wallet is handmade from full-grain European leather. The key wallet can hold over 6 keys. Replace your key chain!","breadcrumb":{"@id":"https:\/\/fredfloris.eu\/productpage\/vasa-key-wallet\/#breadcrumb"},"inLanguage":"pt-PT","potentialAction":[{"@type":"ReadAction","target":["https:\/\/fredfloris.eu\/productpage\/vasa-key-wallet\/"]}]},{"@type":"ImageObject","inLanguage":"pt-PT","@id":"https:\/\/fredfloris.eu\/productpage\/vasa-key-wallet\/#primaryimage","url":"https:\/\/fredfloris.eu\/wp-content\/uploads\/2022\/05\/IMG_1482-scaled.jpg","contentUrl":"https:\/\/fredfloris.eu\/wp-content\/uploads\/2022\/05\/IMG_1482-scaled.jpg","width":2560,"height":1707,"caption":"Product: Dickens, Vasa - Key Wallet, Colour: Cognac, Left & Right Handed Options"},{"@type":"BreadcrumbList","@id":"https:\/\/fredfloris.eu\/productpage\/vasa-key-wallet\/#breadcrumb","itemListElement":[{"@type":"ListItem","position":1,"name":"Home","item":"https:\/\/fredfloris.eu\/"},{"@type":"ListItem","position":2,"name":"Shop","item":"https:\/\/fredfloris.eu\/shop\/"},{"@type":"ListItem","position":3,"name":"Vasa &#8211; Key Wallet"}]},{"@type":"WebSite","@id":"https:\/\/fredfloris.eu\/#website","url":"https:\/\/fredfloris.eu\/","name":"FredFloris","description":"Artigos em pele feitos \u00e0 m\u00e3o - Fabricados na Su\u00e9cia","publisher":{"@id":"https:\/\/fredfloris.eu\/#organization"},"potentialAction":[{"@type":"SearchAction","target":{"@type":"EntryPoint","urlTemplate":"https:\/\/fredfloris.eu\/?s={search_term_string}"},"query-input":{"@type":"PropertyValueSpecification","valueRequired":true,"valueName":"search_term_string"}}],"inLanguage":"pt-PT"},{"@type":"Organization","@id":"https:\/\/fredfloris.eu\/#organization","name":"FredFloris","url":"https:\/\/fredfloris.eu\/","logo":{"@type":"ImageObject","inLanguage":"pt-PT","@id":"https:\/\/fredfloris.eu\/#\/schema\/logo\/image\/","url":"https:\/\/fredfloris.eu\/wp-content\/uploads\/2022\/03\/FredFloris-med-hel-nal-och-text.png","contentUrl":"https:\/\/fredfloris.eu\/wp-content\/uploads\/2022\/03\/FredFloris-med-hel-nal-och-text.png","width":591,"height":283,"caption":"FredFloris"},"image":{"@id":"https:\/\/fredfloris.eu\/#\/schema\/logo\/image\/"},"sameAs":["https:\/\/www.facebook.com\/FredFloris.Artisan.Studio\/","https:\/\/x.com\/_fredfloris_","https:\/\/www.instagram.com\/fredfloris.artisan.studio\/"]}]}},"brands":[{"id":203,"name":"FredFloris","slug":"fredfloris"}],"_links":{"self":[{"href":"https:\/\/fredfloris.eu\/pt\/wp-json\/wp\/v2\/product\/5158","targetHints":{"allow":["GET"]}}],"collection":[{"href":"https:\/\/fredfloris.eu\/pt\/wp-json\/wp\/v2\/product"}],"about":[{"href":"https:\/\/fredfloris.eu\/pt\/wp-json\/wp\/v2\/types\/product"}],"version-history":[{"count":18,"href":"https:\/\/fredfloris.eu\/pt\/wp-json\/wp\/v2\/product\/5158\/revisions"}],"predecessor-version":[{"id":11307,"href":"https:\/\/fredfloris.eu\/pt\/wp-json\/wp\/v2\/product\/5158\/revisions\/11307"}],"wp:featuredmedia":[{"embeddable":true,"href":"https:\/\/fredfloris.eu\/pt\/wp-json\/wp\/v2\/media\/9758"}],"wp:attachment":[{"href":"https:\/\/fredfloris.eu\/pt\/wp-json\/wp\/v2\/media?parent=5158"}],"wp:term":[{"taxonomy":"pwb-brand","embeddable":true,"href":"https:\/\/fredfloris.eu\/pt\/wp-json\/wp\/v2\/pwb-brand?post=5158"},{"taxonomy":"product_brand","embeddable":true,"href":"https:\/\/fredfloris.eu\/pt\/wp-json\/wp\/v2\/product_brand?post=5158"},{"taxonomy":"product_cat","embeddable":true,"href":"https:\/\/fredfloris.eu\/pt\/wp-json\/wp\/v2\/product_cat?post=5158"},{"taxonomy":"product_tag","embeddable":true,"href":"https:\/\/fredfloris.eu\/pt\/wp-json\/wp\/v2\/product_tag?post=5158"},{"taxonomy":"woo-feed-brand","embeddable":true,"href":"https:\/\/fredfloris.eu\/pt\/wp-json\/wp\/v2\/woo-feed-brand?post=5158"}],"curies":[{"name":"wp","href":"https:\/\/api.w.org\/{rel}","templated":true}]}}