{"id":5169,"date":"2022-05-16T19:01:56","date_gmt":"2022-05-16T17:01:56","guid":{"rendered":"https:\/\/fredfloris.eu\/?post_type=product&#038;p=5169"},"modified":"2026-05-09T11:48:07","modified_gmt":"2026-05-09T10:48:07","slug":"slim-pocket-card-wallets","status":"publish","type":"product","link":"https:\/\/fredfloris.eu\/pt\/productpage\/slim-pocket-card-wallets\/","title":{"rendered":"Slim Card Wallets"},"content":{"rendered":"<p><strong>Personalisation:<\/strong> Add a name or a message at no extra cost. To customise with your own design, simply add both the product and your chosen design to your basket.<\/p>\n<p><a class=\"lumise-customize-button button alt\" href=\"https:\/\/fredfloris.eu\/pt\/productpage\/customize-slim-pocket-card-wallets\/?wmc-currency=EUR\" name=\"customize\">Personalize<\/a><\/p>\n<p><strong>Embrace modern efficiency with our Slim Card Wallets, designed for the cashless era.<\/strong> These wallets are perfect for those who value fast, elegant, and secure transactions. They come in two sizes to fit your lifestyle: the large version accommodates up to 8 cards, while the small version holds up to 4 cards. Choose the size that best meets your needs and express your individuality daily.<\/p>\n<p><strong>Especifica\u00e7\u00f5es do produto:<\/strong><\/p>\n<ul>\n<li><strong>Fabricado inteiramente \u00e0 m\u00e3o no nosso est\u00fadio de arte em pele, propriedade da fam\u00edlia<\/strong><\/li>\n<li><strong>Capacity Options:<\/strong> Large wallet holds up to 8 cards; small wallet holds up to 4 cards<\/li>\n<li><strong>Material:<\/strong> Crafted from full-grain leather, vegetable-tanned in Italy using the traditional Tuscan Vacchetta recipe<\/li>\n<li><strong>Stitching:<\/strong> Traditional saddlers stitching, stitched by hand<\/li>\n<li><strong>Thread:<\/strong> Constructed with Tiger Ritza 25, known for its exceptional strength<\/li>\n<li><strong>Dimensions:<\/strong>\n<ul>\n<li><strong>Large Wallet:<\/strong> Width: 80 mm, Height: 75 mm when closed<\/li>\n<li><strong>Small Wallet:<\/strong> Width: 70 mm, Height: 75 mm when closed<\/li>\n<\/ul>\n<\/li>\n<li><strong>Colour Options:<\/strong> Available in Black, Navy Blue, Cognac, Warm Cognac, Dark Cognac, Dark Yellow, Blue-Green<\/li>\n<li><strong>Button Options:<\/strong> Choose between a galvanised iron or galvanised brass button<\/li>\n<li><strong>Security Feature:<\/strong> Includes a free <a href=\"https:\/\/fredfloris.eu\/pt\/productpage\/nfc-card-rfid-blocking\/?wmc-currency=EUR\" rel=\"noopener\">anti-skimming card<\/a><\/li>\n<\/ul>\n<p>&nbsp;<\/p>\n<p>Search words: Slim leather credit card wallet, Slim leather wallet<\/p>","protected":false},"excerpt":{"rendered":"<p>Created from a full-grain vegetable tanned leather, the leather is cut from the hide, folded and sewn together with high-quality waxed polyester thread using a traditional saddle maker hand stitching technique. This method of stitching ensures the durability of the wallet especially under heavy stress and strain. The decorative lines that have been added to the wallet is made with a heated creaser below the card slots. The edges are rounded, sanded, and then coloured by hand using several layers of edge paint. The edge painting is painted with great precision to ensure the preservability of the grain of the leather.<\/p>\n<pre><\/pre>\n<p>The Aniline finished leather is provided by Mapel &amp; C, and the pull-up\/waxed leather is provided by the Badalassi Carlo. Both tanneries use the ancient Tuscan Vacchetta recipe to tan their leather, and both are a part of respectable organizations, the Tuscany tanning district companies, and the Pelle Conciata al Vegetale consortium, respectively.<\/p>","protected":false},"featured_media":3277,"template":"","meta":[],"pwb-brand":[203],"product_brand":[],"product_cat":[100,104],"product_tag":[123,136,105],"woo-feed-brand":[],"class_list":{"0":"post-5169","1":"product","2":"type-product","3":"status-publish","4":"has-post-thumbnail","6":"pwb-brand-fredfloris","7":"product_cat-leathergoods","8":"product_cat-wallets","9":"product_tag-full-grain-leather","10":"product_tag-handmade","11":"product_tag-made-to-order","12":"product_shipping_class-small-goods","13":"pa_leather-colour-black-mapelec-thin","14":"pa_leather-colour-petrol-waxed","15":"pa_leather-colour-cognac","16":"pa_leather-colour-dark-cognac-waxed","17":"pa_leather-colour-mustard-waxed","18":"pa_leather-colour-navy","19":"pa_leather-colour-warm-cognac","21":"first","22":"instock","23":"taxable","24":"shipping-taxable","25":"purchasable","26":"product-type-variable","27":"has-default-attributes"},"yoast_head":"<!-- This site is optimized with the Yoast SEO plugin v27.2 - https:\/\/yoast.com\/product\/yoast-seo-wordpress\/ -->\n<title>Slim Leather Credit Card Wallet | Free Anti-Skimming Card | FredFloris<\/title>\n<meta name=\"description\" content=\"Slim leather credit card wallet made in Sweden. Free anti-skimming card that blocks RFID signals is included with e very leather wallet\" \/>\n<meta name=\"robots\" content=\"index, follow, max-snippet:-1, max-image-preview:large, max-video-preview:-1\" \/>\n<link rel=\"canonical\" href=\"https:\/\/fredfloris.eu\/pt\/productpage\/slim-pocket-card-wallets\/?wmc-currency=EUR\" \/>\n<meta property=\"og:locale\" content=\"pt_PT\" \/>\n<meta property=\"og:type\" content=\"article\" \/>\n<meta property=\"og:title\" content=\"Slim Leather Credit Card Wallet | Free Anti-Skimming Card | FredFloris\" \/>\n<meta property=\"og:description\" content=\"Slim leather credit card wallet made in Sweden. Free anti-skimming card that blocks RFID signals is included with e very leather wallet\" \/>\n<meta property=\"og:url\" content=\"https:\/\/fredfloris.eu\/pt\/productpage\/slim-pocket-card-wallets\/?wmc-currency=EUR\" \/>\n<meta property=\"og:site_name\" content=\"FredFloris\" \/>\n<meta property=\"article:publisher\" content=\"https:\/\/www.facebook.com\/FredFloris.Artisan.Studio\/\" \/>\n<meta property=\"article:modified_time\" content=\"2026-05-09T10:48:07+00:00\" \/>\n<meta property=\"og:image\" content=\"https:\/\/fredfloris.eu\/wp-content\/uploads\/2022\/04\/IMG_1928-scaled-e1740231568996.jpg\" \/>\n\t<meta property=\"og:image:width\" content=\"2517\" \/>\n\t<meta property=\"og:image:height\" content=\"1679\" \/>\n\t<meta property=\"og:image:type\" content=\"image\/jpeg\" \/>\n<meta name=\"twitter:card\" content=\"summary_large_image\" \/>\n<meta name=\"twitter:site\" content=\"@_fredfloris_\" \/>\n<meta name=\"twitter:label1\" content=\"Tempo estimado de leitura\" \/>\n\t<meta name=\"twitter:data1\" content=\"2 minutos\" \/>\n<script type=\"application\/ld+json\" class=\"yoast-schema-graph\">{\"@context\":\"https:\/\/schema.org\",\"@graph\":[{\"@type\":\"WebPage\",\"@id\":\"https:\/\/fredfloris.eu\/productpage\/slim-pocket-card-wallets\/\",\"url\":\"https:\/\/fredfloris.eu\/productpage\/slim-pocket-card-wallets\/\",\"name\":\"Slim Leather Credit Card Wallet | Free Anti-Skimming Card | FredFloris\",\"isPartOf\":{\"@id\":\"https:\/\/fredfloris.eu\/#website\"},\"primaryImageOfPage\":{\"@id\":\"https:\/\/fredfloris.eu\/productpage\/slim-pocket-card-wallets\/#primaryimage\"},\"image\":{\"@id\":\"https:\/\/fredfloris.eu\/productpage\/slim-pocket-card-wallets\/#primaryimage\"},\"thumbnailUrl\":\"https:\/\/fredfloris.eu\/wp-content\/uploads\/2022\/04\/IMG_1928-scaled-e1740231568996.jpg\",\"datePublished\":\"2022-05-16T17:01:56+00:00\",\"dateModified\":\"2026-05-09T10:48:07+00:00\",\"description\":\"Slim leather credit card wallet made in Sweden. Free anti-skimming card that blocks RFID signals is included with e very leather wallet\",\"breadcrumb\":{\"@id\":\"https:\/\/fredfloris.eu\/productpage\/slim-pocket-card-wallets\/#breadcrumb\"},\"inLanguage\":\"pt-PT\",\"potentialAction\":[{\"@type\":\"ReadAction\",\"target\":[\"https:\/\/fredfloris.eu\/productpage\/slim-pocket-card-wallets\/\"]}]},{\"@type\":\"ImageObject\",\"inLanguage\":\"pt-PT\",\"@id\":\"https:\/\/fredfloris.eu\/productpage\/slim-pocket-card-wallets\/#primaryimage\",\"url\":\"https:\/\/fredfloris.eu\/wp-content\/uploads\/2022\/04\/IMG_1928-scaled-e1740231568996.jpg\",\"contentUrl\":\"https:\/\/fredfloris.eu\/wp-content\/uploads\/2022\/04\/IMG_1928-scaled-e1740231568996.jpg\",\"width\":2517,\"height\":1679,\"caption\":\"Product: Pocket Card Wallets \u2013 from left to right, Navy Blue, Dark Cognac, Cognac, Dark Yellow, Blue-Green and Black\"},{\"@type\":\"BreadcrumbList\",\"@id\":\"https:\/\/fredfloris.eu\/productpage\/slim-pocket-card-wallets\/#breadcrumb\",\"itemListElement\":[{\"@type\":\"ListItem\",\"position\":1,\"name\":\"Home\",\"item\":\"https:\/\/fredfloris.eu\/\"},{\"@type\":\"ListItem\",\"position\":2,\"name\":\"Shop\",\"item\":\"https:\/\/fredfloris.eu\/shop\/\"},{\"@type\":\"ListItem\",\"position\":3,\"name\":\"Slim Card Wallets\"}]},{\"@type\":\"WebSite\",\"@id\":\"https:\/\/fredfloris.eu\/#website\",\"url\":\"https:\/\/fredfloris.eu\/\",\"name\":\"FredFloris\",\"description\":\"Handcrafted Leathergoods - Made in Sweden\",\"publisher\":{\"@id\":\"https:\/\/fredfloris.eu\/#organization\"},\"potentialAction\":[{\"@type\":\"SearchAction\",\"target\":{\"@type\":\"EntryPoint\",\"urlTemplate\":\"https:\/\/fredfloris.eu\/?s={search_term_string}\"},\"query-input\":{\"@type\":\"PropertyValueSpecification\",\"valueRequired\":true,\"valueName\":\"search_term_string\"}}],\"inLanguage\":\"pt-PT\"},{\"@type\":\"Organization\",\"@id\":\"https:\/\/fredfloris.eu\/#organization\",\"name\":\"FredFloris\",\"url\":\"https:\/\/fredfloris.eu\/\",\"logo\":{\"@type\":\"ImageObject\",\"inLanguage\":\"pt-PT\",\"@id\":\"https:\/\/fredfloris.eu\/#\/schema\/logo\/image\/\",\"url\":\"https:\/\/fredfloris.eu\/wp-content\/uploads\/2022\/03\/FredFloris-med-hel-nal-och-text.png\",\"contentUrl\":\"https:\/\/fredfloris.eu\/wp-content\/uploads\/2022\/03\/FredFloris-med-hel-nal-och-text.png\",\"width\":591,\"height\":283,\"caption\":\"FredFloris\"},\"image\":{\"@id\":\"https:\/\/fredfloris.eu\/#\/schema\/logo\/image\/\"},\"sameAs\":[\"https:\/\/www.facebook.com\/FredFloris.Artisan.Studio\/\",\"https:\/\/x.com\/_fredfloris_\",\"https:\/\/www.instagram.com\/fredfloris.artisan.studio\/\"]}]}<\/script>\n<!-- \/ Yoast SEO plugin. -->","yoast_head_json":{"title":"Slim Leather Credit Card Wallet | Free Anti-Skimming Card | FredFloris","description":"Slim leather credit card wallet made in Sweden. Free anti-skimming card that blocks RFID signals is included with e very leather wallet","robots":{"index":"index","follow":"follow","max-snippet":"max-snippet:-1","max-image-preview":"max-image-preview:large","max-video-preview":"max-video-preview:-1"},"canonical":"https:\/\/fredfloris.eu\/pt\/productpage\/slim-pocket-card-wallets\/?wmc-currency=EUR","og_locale":"pt_PT","og_type":"article","og_title":"Slim Leather Credit Card Wallet | Free Anti-Skimming Card | FredFloris","og_description":"Slim leather credit card wallet made in Sweden. Free anti-skimming card that blocks RFID signals is included with e very leather wallet","og_url":"https:\/\/fredfloris.eu\/pt\/productpage\/slim-pocket-card-wallets\/?wmc-currency=EUR","og_site_name":"FredFloris","article_publisher":"https:\/\/www.facebook.com\/FredFloris.Artisan.Studio\/","article_modified_time":"2026-05-09T10:48:07+00:00","og_image":[{"width":2517,"height":1679,"url":"https:\/\/fredfloris.eu\/wp-content\/uploads\/2022\/04\/IMG_1928-scaled-e1740231568996.jpg","type":"image\/jpeg"}],"twitter_card":"summary_large_image","twitter_site":"@_fredfloris_","twitter_misc":{"Tempo estimado de leitura":"2 minutos"},"schema":{"@context":"https:\/\/schema.org","@graph":[{"@type":"WebPage","@id":"https:\/\/fredfloris.eu\/productpage\/slim-pocket-card-wallets\/","url":"https:\/\/fredfloris.eu\/productpage\/slim-pocket-card-wallets\/","name":"Slim Leather Credit Card Wallet | Free Anti-Skimming Card | FredFloris","isPartOf":{"@id":"https:\/\/fredfloris.eu\/#website"},"primaryImageOfPage":{"@id":"https:\/\/fredfloris.eu\/productpage\/slim-pocket-card-wallets\/#primaryimage"},"image":{"@id":"https:\/\/fredfloris.eu\/productpage\/slim-pocket-card-wallets\/#primaryimage"},"thumbnailUrl":"https:\/\/fredfloris.eu\/wp-content\/uploads\/2022\/04\/IMG_1928-scaled-e1740231568996.jpg","datePublished":"2022-05-16T17:01:56+00:00","dateModified":"2026-05-09T10:48:07+00:00","description":"Slim leather credit card wallet made in Sweden. Free anti-skimming card that blocks RFID signals is included with e very leather wallet","breadcrumb":{"@id":"https:\/\/fredfloris.eu\/productpage\/slim-pocket-card-wallets\/#breadcrumb"},"inLanguage":"pt-PT","potentialAction":[{"@type":"ReadAction","target":["https:\/\/fredfloris.eu\/productpage\/slim-pocket-card-wallets\/"]}]},{"@type":"ImageObject","inLanguage":"pt-PT","@id":"https:\/\/fredfloris.eu\/productpage\/slim-pocket-card-wallets\/#primaryimage","url":"https:\/\/fredfloris.eu\/wp-content\/uploads\/2022\/04\/IMG_1928-scaled-e1740231568996.jpg","contentUrl":"https:\/\/fredfloris.eu\/wp-content\/uploads\/2022\/04\/IMG_1928-scaled-e1740231568996.jpg","width":2517,"height":1679,"caption":"Product: Pocket Card Wallets \u2013 from left to right, Navy Blue, Dark Cognac, Cognac, Dark Yellow, Blue-Green and Black"},{"@type":"BreadcrumbList","@id":"https:\/\/fredfloris.eu\/productpage\/slim-pocket-card-wallets\/#breadcrumb","itemListElement":[{"@type":"ListItem","position":1,"name":"Home","item":"https:\/\/fredfloris.eu\/"},{"@type":"ListItem","position":2,"name":"Shop","item":"https:\/\/fredfloris.eu\/shop\/"},{"@type":"ListItem","position":3,"name":"Slim Card Wallets"}]},{"@type":"WebSite","@id":"https:\/\/fredfloris.eu\/#website","url":"https:\/\/fredfloris.eu\/","name":"FredFloris","description":"Artigos em pele feitos \u00e0 m\u00e3o - Fabricados na Su\u00e9cia","publisher":{"@id":"https:\/\/fredfloris.eu\/#organization"},"potentialAction":[{"@type":"SearchAction","target":{"@type":"EntryPoint","urlTemplate":"https:\/\/fredfloris.eu\/?s={search_term_string}"},"query-input":{"@type":"PropertyValueSpecification","valueRequired":true,"valueName":"search_term_string"}}],"inLanguage":"pt-PT"},{"@type":"Organization","@id":"https:\/\/fredfloris.eu\/#organization","name":"FredFloris","url":"https:\/\/fredfloris.eu\/","logo":{"@type":"ImageObject","inLanguage":"pt-PT","@id":"https:\/\/fredfloris.eu\/#\/schema\/logo\/image\/","url":"https:\/\/fredfloris.eu\/wp-content\/uploads\/2022\/03\/FredFloris-med-hel-nal-och-text.png","contentUrl":"https:\/\/fredfloris.eu\/wp-content\/uploads\/2022\/03\/FredFloris-med-hel-nal-och-text.png","width":591,"height":283,"caption":"FredFloris"},"image":{"@id":"https:\/\/fredfloris.eu\/#\/schema\/logo\/image\/"},"sameAs":["https:\/\/www.facebook.com\/FredFloris.Artisan.Studio\/","https:\/\/x.com\/_fredfloris_","https:\/\/www.instagram.com\/fredfloris.artisan.studio\/"]}]}},"brands":[{"id":203,"name":"FredFloris","slug":"fredfloris"}],"_links":{"self":[{"href":"https:\/\/fredfloris.eu\/pt\/wp-json\/wp\/v2\/product\/5169","targetHints":{"allow":["GET"]}}],"collection":[{"href":"https:\/\/fredfloris.eu\/pt\/wp-json\/wp\/v2\/product"}],"about":[{"href":"https:\/\/fredfloris.eu\/pt\/wp-json\/wp\/v2\/types\/product"}],"version-history":[{"count":22,"href":"https:\/\/fredfloris.eu\/pt\/wp-json\/wp\/v2\/product\/5169\/revisions"}],"predecessor-version":[{"id":11308,"href":"https:\/\/fredfloris.eu\/pt\/wp-json\/wp\/v2\/product\/5169\/revisions\/11308"}],"wp:featuredmedia":[{"embeddable":true,"href":"https:\/\/fredfloris.eu\/pt\/wp-json\/wp\/v2\/media\/3277"}],"wp:attachment":[{"href":"https:\/\/fredfloris.eu\/pt\/wp-json\/wp\/v2\/media?parent=5169"}],"wp:term":[{"taxonomy":"pwb-brand","embeddable":true,"href":"https:\/\/fredfloris.eu\/pt\/wp-json\/wp\/v2\/pwb-brand?post=5169"},{"taxonomy":"product_brand","embeddable":true,"href":"https:\/\/fredfloris.eu\/pt\/wp-json\/wp\/v2\/product_brand?post=5169"},{"taxonomy":"product_cat","embeddable":true,"href":"https:\/\/fredfloris.eu\/pt\/wp-json\/wp\/v2\/product_cat?post=5169"},{"taxonomy":"product_tag","embeddable":true,"href":"https:\/\/fredfloris.eu\/pt\/wp-json\/wp\/v2\/product_tag?post=5169"},{"taxonomy":"woo-feed-brand","embeddable":true,"href":"https:\/\/fredfloris.eu\/pt\/wp-json\/wp\/v2\/woo-feed-brand?post=5169"}],"curies":[{"name":"wp","href":"https:\/\/api.w.org\/{rel}","templated":true}]}}