{"id":5210,"date":"2022-05-16T20:25:45","date_gmt":"2022-05-16T18:25:45","guid":{"rendered":"https:\/\/fredfloris.eu\/?post_type=product&#038;p=5210"},"modified":"2024-06-24T22:09:15","modified_gmt":"2024-06-24T20:09:15","slug":"address-notes","status":"publish","type":"product","link":"https:\/\/fredfloris.eu\/pt\/productpage\/address-notes\/","title":{"rendered":"Etiqueta de endere\u00e7o para etiquetas de viagem"},"content":{"rendered":"<p><strong>Assegure-se de que a sua bagagem encontra sempre o caminho de volta para si com as nossas elegantes etiquetas de endere\u00e7o personalizadas.<\/strong>\u00a0Inclu\u00eddo em cada <a href=\"https:\/\/fredfloris.eu\/pt\/productpage\/hl-travel-tags\/?wmc-currency=EUR\">Etiqueta de viagem<\/a> A compra \u00e9 uma grava\u00e7\u00e3o a laser personalizada gratuita (o desconto ser\u00e1 aplicado automaticamente no seu carrinho).<\/p>\n<p><strong>Descubra como personalizar:<\/strong> \u00a0<a href=\"https:\/\/fredfloris.eu\/pt\/personalize-guide\/?wmc-currency=EUR\">Leia o nosso guia sobre como personalizar este produto.<\/a><\/p>\n<p><strong>Materiais de qualidade superior:<\/strong> As nossas etiquetas de endere\u00e7os s\u00e3o fabricadas em pele de vitelo de gr\u00e3o integral curtida a vegetal. O couro \u00e9 proveniente de It\u00e1lia, garantindo uma qualidade superior que resiste aos rigores das viagens.<\/p>\n<p><strong>Especifica\u00e7\u00f5es do produto:<\/strong><\/p>\n<ul>\n<li><strong>Fabricado inteiramente \u00e0 m\u00e3o no nosso est\u00fadio de arte em pele, propriedade da fam\u00edlia<\/strong><\/li>\n<li><strong>Grava\u00e7\u00e3o a laser personalizada:<\/strong> D\u00ea o seu toque pessoal com uma grava\u00e7\u00e3o personalizada, tornando a sua etiqueta de viagem exclusivamente sua<\/li>\n<li><strong>Couro de alta qualidade:<\/strong> Fabricado em couro de vitelo de flor integral curtido a vegetal para um aspeto sofisticado e durabilidade<\/li>\n<\/ul>\n<p>&nbsp;<\/p>","protected":false},"excerpt":{"rendered":"<p>Esta pele com acabamento em anilina \u00e9 fornecida pela Mapel em coopera\u00e7\u00e3o com as empresas do distrito de curtumes da Toscana, curtida com a antiga receita Vacchetta da Toscana.<\/p>","protected":false},"featured_media":5206,"template":"","meta":[],"pwb-brand":[203],"product_brand":[],"product_cat":[157,100,103],"product_tag":[123,136,146,105],"woo-feed-brand":[],"class_list":{"0":"post-5210","1":"product","2":"type-product","3":"status-publish","4":"has-post-thumbnail","6":"pwb-brand-fredfloris","7":"product_cat-address-notes","8":"product_cat-leathergoods","9":"product_cat-travel-tags","10":"product_tag-full-grain-leather","11":"product_tag-handmade","12":"product_tag-laser-engraving","13":"product_tag-made-to-order","14":"product_shipping_class-small-goods","15":"pa_leather-colour-natural","17":"first","18":"instock","19":"taxable","20":"shipping-taxable","21":"purchasable","22":"product-type-simple"},"yoast_head":"<!-- This site is optimized with the Yoast SEO plugin v27.2 - https:\/\/yoast.com\/product\/yoast-seo-wordpress\/ -->\n<title>Personalised Address Label for FredFloris Travel Tags | FredFloris<\/title>\n<meta name=\"description\" content=\"Choose words and style of the personalised laser engraving on the address label, perfectly fits our travel tags.\" \/>\n<meta name=\"robots\" content=\"index, follow, max-snippet:-1, max-image-preview:large, max-video-preview:-1\" \/>\n<link rel=\"canonical\" href=\"https:\/\/fredfloris.eu\/pt\/productpage\/address-notes\/?wmc-currency=EUR\" \/>\n<meta property=\"og:locale\" content=\"pt_PT\" \/>\n<meta property=\"og:type\" content=\"article\" \/>\n<meta property=\"og:title\" content=\"Personalised Address Label for FredFloris Travel Tags | FredFloris\" \/>\n<meta property=\"og:description\" content=\"Choose words and style of the personalised laser engraving on the address label, perfectly fits our travel tags.\" \/>\n<meta property=\"og:url\" content=\"https:\/\/fredfloris.eu\/pt\/productpage\/address-notes\/?wmc-currency=EUR\" \/>\n<meta property=\"og:site_name\" content=\"FredFloris\" \/>\n<meta property=\"article:publisher\" content=\"https:\/\/www.facebook.com\/FredFloris.Artisan.Studio\/\" \/>\n<meta property=\"article:modified_time\" content=\"2024-06-24T20:09:15+00:00\" \/>\n<meta property=\"og:image\" content=\"https:\/\/fredfloris.eu\/wp-content\/uploads\/2022\/05\/IMG_2710-1-scaled.jpg\" \/>\n\t<meta property=\"og:image:width\" content=\"2560\" \/>\n\t<meta property=\"og:image:height\" content=\"1707\" \/>\n\t<meta property=\"og:image:type\" content=\"image\/jpeg\" \/>\n<meta name=\"twitter:card\" content=\"summary_large_image\" \/>\n<meta name=\"twitter:site\" content=\"@_fredfloris_\" \/>\n<meta name=\"twitter:label1\" content=\"Tempo estimado de leitura\" \/>\n\t<meta name=\"twitter:data1\" content=\"1 minuto\" \/>\n<script type=\"application\/ld+json\" class=\"yoast-schema-graph\">{\"@context\":\"https:\/\/schema.org\",\"@graph\":[{\"@type\":\"WebPage\",\"@id\":\"https:\/\/fredfloris.eu\/productpage\/address-notes\/\",\"url\":\"https:\/\/fredfloris.eu\/productpage\/address-notes\/\",\"name\":\"Personalised Address Label for FredFloris Travel Tags | FredFloris\",\"isPartOf\":{\"@id\":\"https:\/\/fredfloris.eu\/#website\"},\"primaryImageOfPage\":{\"@id\":\"https:\/\/fredfloris.eu\/productpage\/address-notes\/#primaryimage\"},\"image\":{\"@id\":\"https:\/\/fredfloris.eu\/productpage\/address-notes\/#primaryimage\"},\"thumbnailUrl\":\"https:\/\/fredfloris.eu\/wp-content\/uploads\/2022\/05\/IMG_2710-1-scaled.jpg\",\"datePublished\":\"2022-05-16T18:25:45+00:00\",\"dateModified\":\"2024-06-24T20:09:15+00:00\",\"description\":\"Choose words and style of the personalised laser engraving on the address label, perfectly fits our travel tags.\",\"breadcrumb\":{\"@id\":\"https:\/\/fredfloris.eu\/productpage\/address-notes\/#breadcrumb\"},\"inLanguage\":\"pt-PT\",\"potentialAction\":[{\"@type\":\"ReadAction\",\"target\":[\"https:\/\/fredfloris.eu\/productpage\/address-notes\/\"]}]},{\"@type\":\"ImageObject\",\"inLanguage\":\"pt-PT\",\"@id\":\"https:\/\/fredfloris.eu\/productpage\/address-notes\/#primaryimage\",\"url\":\"https:\/\/fredfloris.eu\/wp-content\/uploads\/2022\/05\/IMG_2710-1-scaled.jpg\",\"contentUrl\":\"https:\/\/fredfloris.eu\/wp-content\/uploads\/2022\/05\/IMG_2710-1-scaled.jpg\",\"width\":2560,\"height\":1707,\"caption\":\"Product: Address Label for Travel Tags, Laser Engraving Available, Colour: Natural\"},{\"@type\":\"BreadcrumbList\",\"@id\":\"https:\/\/fredfloris.eu\/productpage\/address-notes\/#breadcrumb\",\"itemListElement\":[{\"@type\":\"ListItem\",\"position\":1,\"name\":\"Home\",\"item\":\"https:\/\/fredfloris.eu\/\"},{\"@type\":\"ListItem\",\"position\":2,\"name\":\"Shop\",\"item\":\"https:\/\/fredfloris.eu\/shop\/\"},{\"@type\":\"ListItem\",\"position\":3,\"name\":\"Address Label for Travel Tags\"}]},{\"@type\":\"WebSite\",\"@id\":\"https:\/\/fredfloris.eu\/#website\",\"url\":\"https:\/\/fredfloris.eu\/\",\"name\":\"FredFloris\",\"description\":\"Handcrafted Leathergoods - Made in Sweden\",\"publisher\":{\"@id\":\"https:\/\/fredfloris.eu\/#organization\"},\"potentialAction\":[{\"@type\":\"SearchAction\",\"target\":{\"@type\":\"EntryPoint\",\"urlTemplate\":\"https:\/\/fredfloris.eu\/?s={search_term_string}\"},\"query-input\":{\"@type\":\"PropertyValueSpecification\",\"valueRequired\":true,\"valueName\":\"search_term_string\"}}],\"inLanguage\":\"pt-PT\"},{\"@type\":\"Organization\",\"@id\":\"https:\/\/fredfloris.eu\/#organization\",\"name\":\"FredFloris\",\"url\":\"https:\/\/fredfloris.eu\/\",\"logo\":{\"@type\":\"ImageObject\",\"inLanguage\":\"pt-PT\",\"@id\":\"https:\/\/fredfloris.eu\/#\/schema\/logo\/image\/\",\"url\":\"https:\/\/fredfloris.eu\/wp-content\/uploads\/2022\/03\/FredFloris-med-hel-nal-och-text.png\",\"contentUrl\":\"https:\/\/fredfloris.eu\/wp-content\/uploads\/2022\/03\/FredFloris-med-hel-nal-och-text.png\",\"width\":591,\"height\":283,\"caption\":\"FredFloris\"},\"image\":{\"@id\":\"https:\/\/fredfloris.eu\/#\/schema\/logo\/image\/\"},\"sameAs\":[\"https:\/\/www.facebook.com\/FredFloris.Artisan.Studio\/\",\"https:\/\/x.com\/_fredfloris_\",\"https:\/\/www.instagram.com\/fredfloris.artisan.studio\/\"]}]}<\/script>\n<!-- \/ Yoast SEO plugin. -->","yoast_head_json":{"title":"Etiqueta de endere\u00e7o personalizada para etiquetas de viagem FredFloris | FredFloris","description":"Escolha as palavras e o estilo da grava\u00e7\u00e3o a laser personalizada na etiqueta de endere\u00e7o, adapta-se perfeitamente \u00e0s nossas etiquetas de viagem.","robots":{"index":"index","follow":"follow","max-snippet":"max-snippet:-1","max-image-preview":"max-image-preview:large","max-video-preview":"max-video-preview:-1"},"canonical":"https:\/\/fredfloris.eu\/pt\/productpage\/address-notes\/?wmc-currency=EUR","og_locale":"pt_PT","og_type":"article","og_title":"Personalised Address Label for FredFloris Travel Tags | FredFloris","og_description":"Choose words and style of the personalised laser engraving on the address label, perfectly fits our travel tags.","og_url":"https:\/\/fredfloris.eu\/pt\/productpage\/address-notes\/?wmc-currency=EUR","og_site_name":"FredFloris","article_publisher":"https:\/\/www.facebook.com\/FredFloris.Artisan.Studio\/","article_modified_time":"2024-06-24T20:09:15+00:00","og_image":[{"width":2560,"height":1707,"url":"https:\/\/fredfloris.eu\/wp-content\/uploads\/2022\/05\/IMG_2710-1-scaled.jpg","type":"image\/jpeg"}],"twitter_card":"summary_large_image","twitter_site":"@_fredfloris_","twitter_misc":{"Tempo estimado de leitura":"1 minuto"},"schema":{"@context":"https:\/\/schema.org","@graph":[{"@type":"WebPage","@id":"https:\/\/fredfloris.eu\/productpage\/address-notes\/","url":"https:\/\/fredfloris.eu\/productpage\/address-notes\/","name":"Etiqueta de endere\u00e7o personalizada para etiquetas de viagem FredFloris | FredFloris","isPartOf":{"@id":"https:\/\/fredfloris.eu\/#website"},"primaryImageOfPage":{"@id":"https:\/\/fredfloris.eu\/productpage\/address-notes\/#primaryimage"},"image":{"@id":"https:\/\/fredfloris.eu\/productpage\/address-notes\/#primaryimage"},"thumbnailUrl":"https:\/\/fredfloris.eu\/wp-content\/uploads\/2022\/05\/IMG_2710-1-scaled.jpg","datePublished":"2022-05-16T18:25:45+00:00","dateModified":"2024-06-24T20:09:15+00:00","description":"Escolha as palavras e o estilo da grava\u00e7\u00e3o a laser personalizada na etiqueta de endere\u00e7o, adapta-se perfeitamente \u00e0s nossas etiquetas de viagem.","breadcrumb":{"@id":"https:\/\/fredfloris.eu\/productpage\/address-notes\/#breadcrumb"},"inLanguage":"pt-PT","potentialAction":[{"@type":"ReadAction","target":["https:\/\/fredfloris.eu\/productpage\/address-notes\/"]}]},{"@type":"ImageObject","inLanguage":"pt-PT","@id":"https:\/\/fredfloris.eu\/productpage\/address-notes\/#primaryimage","url":"https:\/\/fredfloris.eu\/wp-content\/uploads\/2022\/05\/IMG_2710-1-scaled.jpg","contentUrl":"https:\/\/fredfloris.eu\/wp-content\/uploads\/2022\/05\/IMG_2710-1-scaled.jpg","width":2560,"height":1707,"caption":"Product: Address Label for Travel Tags, Laser Engraving Available, Colour: Natural"},{"@type":"BreadcrumbList","@id":"https:\/\/fredfloris.eu\/productpage\/address-notes\/#breadcrumb","itemListElement":[{"@type":"ListItem","position":1,"name":"Home","item":"https:\/\/fredfloris.eu\/"},{"@type":"ListItem","position":2,"name":"Shop","item":"https:\/\/fredfloris.eu\/shop\/"},{"@type":"ListItem","position":3,"name":"Address Label for Travel Tags"}]},{"@type":"WebSite","@id":"https:\/\/fredfloris.eu\/#website","url":"https:\/\/fredfloris.eu\/","name":"FredFloris","description":"Artigos em pele feitos \u00e0 m\u00e3o - Fabricados na Su\u00e9cia","publisher":{"@id":"https:\/\/fredfloris.eu\/#organization"},"potentialAction":[{"@type":"SearchAction","target":{"@type":"EntryPoint","urlTemplate":"https:\/\/fredfloris.eu\/?s={search_term_string}"},"query-input":{"@type":"PropertyValueSpecification","valueRequired":true,"valueName":"search_term_string"}}],"inLanguage":"pt-PT"},{"@type":"Organization","@id":"https:\/\/fredfloris.eu\/#organization","name":"FredFloris","url":"https:\/\/fredfloris.eu\/","logo":{"@type":"ImageObject","inLanguage":"pt-PT","@id":"https:\/\/fredfloris.eu\/#\/schema\/logo\/image\/","url":"https:\/\/fredfloris.eu\/wp-content\/uploads\/2022\/03\/FredFloris-med-hel-nal-och-text.png","contentUrl":"https:\/\/fredfloris.eu\/wp-content\/uploads\/2022\/03\/FredFloris-med-hel-nal-och-text.png","width":591,"height":283,"caption":"FredFloris"},"image":{"@id":"https:\/\/fredfloris.eu\/#\/schema\/logo\/image\/"},"sameAs":["https:\/\/www.facebook.com\/FredFloris.Artisan.Studio\/","https:\/\/x.com\/_fredfloris_","https:\/\/www.instagram.com\/fredfloris.artisan.studio\/"]}]}},"brands":[{"id":203,"name":"FredFloris","slug":"fredfloris"}],"_links":{"self":[{"href":"https:\/\/fredfloris.eu\/pt\/wp-json\/wp\/v2\/product\/5210","targetHints":{"allow":["GET"]}}],"collection":[{"href":"https:\/\/fredfloris.eu\/pt\/wp-json\/wp\/v2\/product"}],"about":[{"href":"https:\/\/fredfloris.eu\/pt\/wp-json\/wp\/v2\/types\/product"}],"version-history":[{"count":11,"href":"https:\/\/fredfloris.eu\/pt\/wp-json\/wp\/v2\/product\/5210\/revisions"}],"predecessor-version":[{"id":11560,"href":"https:\/\/fredfloris.eu\/pt\/wp-json\/wp\/v2\/product\/5210\/revisions\/11560"}],"wp:featuredmedia":[{"embeddable":true,"href":"https:\/\/fredfloris.eu\/pt\/wp-json\/wp\/v2\/media\/5206"}],"wp:attachment":[{"href":"https:\/\/fredfloris.eu\/pt\/wp-json\/wp\/v2\/media?parent=5210"}],"wp:term":[{"taxonomy":"pwb-brand","embeddable":true,"href":"https:\/\/fredfloris.eu\/pt\/wp-json\/wp\/v2\/pwb-brand?post=5210"},{"taxonomy":"product_brand","embeddable":true,"href":"https:\/\/fredfloris.eu\/pt\/wp-json\/wp\/v2\/product_brand?post=5210"},{"taxonomy":"product_cat","embeddable":true,"href":"https:\/\/fredfloris.eu\/pt\/wp-json\/wp\/v2\/product_cat?post=5210"},{"taxonomy":"product_tag","embeddable":true,"href":"https:\/\/fredfloris.eu\/pt\/wp-json\/wp\/v2\/product_tag?post=5210"},{"taxonomy":"woo-feed-brand","embeddable":true,"href":"https:\/\/fredfloris.eu\/pt\/wp-json\/wp\/v2\/woo-feed-brand?post=5210"}],"curies":[{"name":"wp","href":"https:\/\/api.w.org\/{rel}","templated":true}]}}