{"id":5221,"date":"2022-05-16T21:05:04","date_gmt":"2022-05-16T19:05:04","guid":{"rendered":"https:\/\/fredfloris.eu\/?post_type=product&#038;p=5221"},"modified":"2024-06-24T20:59:16","modified_gmt":"2024-06-24T18:59:16","slug":"aspeland-movement-cufflinks","status":"publish","type":"product","link":"https:\/\/fredfloris.eu\/pt\/productpage\/aspeland-movement-cufflinks\/","title":{"rendered":"Aspeland - Bot\u00f5es de punho com mecanismo de rel\u00f3gio"},"content":{"rendered":"<p><strong>Celebre a fus\u00e3o do trabalho do rel\u00f3gio, do steampunk e da maquinaria industrial com os nossos bot\u00f5es de punho requintados.<\/strong> Estes bot\u00f5es de punho s\u00e3o capturados num momento de quietude, reminiscente da revolu\u00e7\u00e3o industrial. Embora a era do vapor tenha passado, o encanto destes mecanismos perdura. Fabricados a partir de pe\u00e7as de um rel\u00f3gio vintage, os elegantes tons prateados injectam intriga e estilo no seu traje formal. Esta mistura de significado hist\u00f3rico, artesanato e elementos cl\u00e1ssicos de relojoaria cria um acess\u00f3rio verdadeiramente intemporal.<\/p>\n<p>Ideais para expressar a sua individualidade no local de trabalho, estes bot\u00f5es de punho permitem-lhe mostrar o seu estilo \u00fanico, mantendo o profissionalismo. Tanto os colegas como os clientes ir\u00e3o apreciar a subtil incorpora\u00e7\u00e3o de personalidade no seu conjunto.<\/p>\n<p><strong>Sofisticado e com estilo,<\/strong> estes bot\u00f5es de punho s\u00e3o perfeitos para casamentos, especialmente para aqueles que admiram a est\u00e9tica Steampunk mas desejam manter-se discretos.<\/p>\n<p><strong>Material da base:<\/strong> A base em a\u00e7o inoxid\u00e1vel n\u00e3o cont\u00e9m n\u00edquel e \u00e9 hipoalerg\u00e9nica, garantindo conforto e evitando irrita\u00e7\u00f5es na pele.<\/p>\n<p><strong>Rel\u00f3gio Vintage Movimento:<\/strong> Estes bot\u00f5es de punho s\u00e3o fabricados com um rel\u00f3gio Zaria vintage n\u00e3o funcional, originalmente proveniente da Ucr\u00e2nia, oferecendo um peda\u00e7o de hist\u00f3ria adornado na sua manga.<\/p>\n<p><strong>Perfeito para oferecer:<\/strong> Ideais para anivers\u00e1rios, datas comemorativas, Dia do Pai ou como um presente atencioso para qualquer ocasi\u00e3o especial, estes bot\u00f5es de punho agradam a todos os que apreciam a arte e o estilo discreto.<\/p>\n<p><strong>Design duradouro:<\/strong> Concebidos para fixar com seguran\u00e7a os punhos das mangas, os nossos bot\u00f5es de punho n\u00e3o s\u00f3 t\u00eam estilo como s\u00e3o fi\u00e1veis. A base em a\u00e7o inoxid\u00e1vel hipoalerg\u00e9nico e sem n\u00edquel garante durabilidade e conforto.<\/p>\n<p>&nbsp;<\/p>\n<p>Palavras de pesquisa: Bot\u00f5es de punho de mecanismo de rel\u00f3gio, Bot\u00f5es de punho de mecanismo de movimento de rel\u00f3gio<\/p>","protected":false},"excerpt":{"rendered":"<p><strong>DIMENS\u00d5ES DO PRODUTO - <\/strong>Peso do produto: 20 g, di\u00e2metro do bot\u00e3o de punho: 20 mm.<\/p>\n<pre><\/pre>\n<p>SKU: asp\/cuf\/ste\/wat<br \/>\nBrand: FredFloris &amp; Partner<\/p>\n<pre><\/pre>\n<p><strong>Descubra a eleg\u00e2ncia hist\u00f3rica dos nossos bot\u00f5es de punho feitos com o rel\u00f3gio Zaria Clockwork vintage.<\/strong> Estes bot\u00f5es de punho n\u00e3o s\u00f3 complementam a sua roupa formal, como tamb\u00e9m transportam um peda\u00e7o de hist\u00f3ria relojoeira significativa.<\/p>\n<p>&nbsp;<\/p>\n<p><strong>Antecedentes hist\u00f3ricos:<\/strong> O movimento do rel\u00f3gio Zaria tem as suas origens na era industrial da Uni\u00e3o Sovi\u00e9tica antes da Segunda Guerra Mundial. Inicialmente, a F\u00e1brica de Rel\u00f3gios de Penza era gerida pelo fabricante franc\u00eas de rel\u00f3gios LIP, que enfrentou dificuldades financeiras em 1936. Em 1940, a f\u00e1brica foi reorganizada sob o regime sovi\u00e9tico como a Terceira F\u00e1brica de Rel\u00f3gios do Estado de Penza, centrando-se na produ\u00e7\u00e3o de movimentos de senhora de pequena dimens\u00e3o e ferramentas de relojoaria. Durante a Segunda Guerra Mundial, o papel da f\u00e1brica mudou drasticamente para apoiar os esfor\u00e7os militares, fabricando morteiros, detonadores de minas e outros equipamentos militares vitais. S\u00f3 depois da Segunda Guerra Mundial, em 1945, \u00e9 que a f\u00e1brica retomou a produ\u00e7\u00e3o de bens civis, nomeadamente de rel\u00f3gios. Em 1949, produzia exclusivamente calibres para senhora sob a marca de rel\u00f3gios Zaria. Atualmente, a Zaria representa um rico patrim\u00f3nio que engloba v\u00e1rias marcas como Junost, Kometa, Lux e Zvezda, exportando para mais de 52 pa\u00edses em todo o mundo e produzindo milh\u00f5es de rel\u00f3gios.<\/p>","protected":false},"featured_media":9768,"template":"","meta":[],"pwb-brand":[204],"product_brand":[],"product_cat":[120,118,101],"product_tag":[136],"woo-feed-brand":[],"class_list":{"0":"post-5221","1":"product","2":"type-product","3":"status-publish","4":"has-post-thumbnail","6":"pwb-brand-fredfloris-partner","7":"product_cat-watch-movement-cufflinks","8":"product_cat-cufflinks","9":"product_cat-jewelry","10":"product_tag-handmade","11":"product_shipping_class-small-goods","13":"first","14":"instock","15":"taxable","16":"shipping-taxable","17":"purchasable","18":"product-type-simple"},"yoast_head":"<!-- This site is optimized with the Yoast SEO plugin v27.2 - https:\/\/yoast.com\/product\/yoast-seo-wordpress\/ -->\n<title>Watch Movement Cufflinks | FredFloris<\/title>\n<meta name=\"description\" content=\"Our watch movement cufflinks feature an elegant silver tone that will compliment all business attire. Watch mechanism cufflinks..\" \/>\n<meta name=\"robots\" content=\"index, follow, max-snippet:-1, max-image-preview:large, max-video-preview:-1\" \/>\n<link rel=\"canonical\" href=\"https:\/\/fredfloris.eu\/pt\/productpage\/aspeland-movement-cufflinks\/?wmc-currency=EUR\" \/>\n<meta property=\"og:locale\" content=\"pt_PT\" \/>\n<meta property=\"og:type\" content=\"article\" \/>\n<meta property=\"og:title\" content=\"Watch Movement Cufflinks | FredFloris\" \/>\n<meta property=\"og:description\" content=\"Our watch movement cufflinks feature an elegant silver tone that will compliment all business attire. Watch mechanism cufflinks..\" \/>\n<meta property=\"og:url\" content=\"https:\/\/fredfloris.eu\/pt\/productpage\/aspeland-movement-cufflinks\/?wmc-currency=EUR\" \/>\n<meta property=\"og:site_name\" content=\"FredFloris\" \/>\n<meta property=\"article:publisher\" content=\"https:\/\/www.facebook.com\/FredFloris.Artisan.Studio\/\" \/>\n<meta property=\"article:modified_time\" content=\"2024-06-24T18:59:16+00:00\" \/>\n<meta property=\"og:image\" content=\"https:\/\/fredfloris.eu\/wp-content\/uploads\/2022\/08\/IMG_3208-scaled.jpg\" \/>\n\t<meta property=\"og:image:width\" content=\"2560\" \/>\n\t<meta property=\"og:image:height\" content=\"1707\" \/>\n\t<meta property=\"og:image:type\" content=\"image\/jpeg\" \/>\n<meta name=\"twitter:card\" content=\"summary_large_image\" \/>\n<meta name=\"twitter:site\" content=\"@_fredfloris_\" \/>\n<meta name=\"twitter:label1\" content=\"Tempo estimado de leitura\" \/>\n\t<meta name=\"twitter:data1\" content=\"2 minutos\" \/>\n<script type=\"application\/ld+json\" class=\"yoast-schema-graph\">{\"@context\":\"https:\/\/schema.org\",\"@graph\":[{\"@type\":\"WebPage\",\"@id\":\"https:\/\/fredfloris.eu\/productpage\/aspeland-movement-cufflinks\/\",\"url\":\"https:\/\/fredfloris.eu\/productpage\/aspeland-movement-cufflinks\/\",\"name\":\"Watch Movement Cufflinks | FredFloris\",\"isPartOf\":{\"@id\":\"https:\/\/fredfloris.eu\/#website\"},\"primaryImageOfPage\":{\"@id\":\"https:\/\/fredfloris.eu\/productpage\/aspeland-movement-cufflinks\/#primaryimage\"},\"image\":{\"@id\":\"https:\/\/fredfloris.eu\/productpage\/aspeland-movement-cufflinks\/#primaryimage\"},\"thumbnailUrl\":\"https:\/\/fredfloris.eu\/wp-content\/uploads\/2022\/08\/IMG_3208-scaled.jpg\",\"datePublished\":\"2022-05-16T19:05:04+00:00\",\"dateModified\":\"2024-06-24T18:59:16+00:00\",\"description\":\"Our watch movement cufflinks feature an elegant silver tone that will compliment all business attire. Watch mechanism cufflinks..\",\"breadcrumb\":{\"@id\":\"https:\/\/fredfloris.eu\/productpage\/aspeland-movement-cufflinks\/#breadcrumb\"},\"inLanguage\":\"pt-PT\",\"potentialAction\":[{\"@type\":\"ReadAction\",\"target\":[\"https:\/\/fredfloris.eu\/productpage\/aspeland-movement-cufflinks\/\"]}]},{\"@type\":\"ImageObject\",\"inLanguage\":\"pt-PT\",\"@id\":\"https:\/\/fredfloris.eu\/productpage\/aspeland-movement-cufflinks\/#primaryimage\",\"url\":\"https:\/\/fredfloris.eu\/wp-content\/uploads\/2022\/08\/IMG_3208-scaled.jpg\",\"contentUrl\":\"https:\/\/fredfloris.eu\/wp-content\/uploads\/2022\/08\/IMG_3208-scaled.jpg\",\"width\":2560,\"height\":1707,\"caption\":\"Product: Aspeland - Watch Movement Cufflinks \u2013 Stainless Steel\"},{\"@type\":\"BreadcrumbList\",\"@id\":\"https:\/\/fredfloris.eu\/productpage\/aspeland-movement-cufflinks\/#breadcrumb\",\"itemListElement\":[{\"@type\":\"ListItem\",\"position\":1,\"name\":\"Home\",\"item\":\"https:\/\/fredfloris.eu\/\"},{\"@type\":\"ListItem\",\"position\":2,\"name\":\"Shop\",\"item\":\"https:\/\/fredfloris.eu\/shop\/\"},{\"@type\":\"ListItem\",\"position\":3,\"name\":\"Aspeland &#8211; Clockwork Cufflinks\"}]},{\"@type\":\"WebSite\",\"@id\":\"https:\/\/fredfloris.eu\/#website\",\"url\":\"https:\/\/fredfloris.eu\/\",\"name\":\"FredFloris\",\"description\":\"Handcrafted Leathergoods - Made in Sweden\",\"publisher\":{\"@id\":\"https:\/\/fredfloris.eu\/#organization\"},\"potentialAction\":[{\"@type\":\"SearchAction\",\"target\":{\"@type\":\"EntryPoint\",\"urlTemplate\":\"https:\/\/fredfloris.eu\/?s={search_term_string}\"},\"query-input\":{\"@type\":\"PropertyValueSpecification\",\"valueRequired\":true,\"valueName\":\"search_term_string\"}}],\"inLanguage\":\"pt-PT\"},{\"@type\":\"Organization\",\"@id\":\"https:\/\/fredfloris.eu\/#organization\",\"name\":\"FredFloris\",\"url\":\"https:\/\/fredfloris.eu\/\",\"logo\":{\"@type\":\"ImageObject\",\"inLanguage\":\"pt-PT\",\"@id\":\"https:\/\/fredfloris.eu\/#\/schema\/logo\/image\/\",\"url\":\"https:\/\/fredfloris.eu\/wp-content\/uploads\/2022\/03\/FredFloris-med-hel-nal-och-text.png\",\"contentUrl\":\"https:\/\/fredfloris.eu\/wp-content\/uploads\/2022\/03\/FredFloris-med-hel-nal-och-text.png\",\"width\":591,\"height\":283,\"caption\":\"FredFloris\"},\"image\":{\"@id\":\"https:\/\/fredfloris.eu\/#\/schema\/logo\/image\/\"},\"sameAs\":[\"https:\/\/www.facebook.com\/FredFloris.Artisan.Studio\/\",\"https:\/\/x.com\/_fredfloris_\",\"https:\/\/www.instagram.com\/fredfloris.artisan.studio\/\"]}]}<\/script>\n<!-- \/ Yoast SEO plugin. -->","yoast_head_json":{"title":"Bot\u00f5es de punho com movimento de rel\u00f3gio | FredFloris","description":"Os nossos bot\u00f5es de punho com mecanismo de rel\u00f3gio apresentam um elegante tom prateado que ir\u00e1 complementar todos os trajes de neg\u00f3cios. Bot\u00f5es de punho com mecanismo de rel\u00f3gio...","robots":{"index":"index","follow":"follow","max-snippet":"max-snippet:-1","max-image-preview":"max-image-preview:large","max-video-preview":"max-video-preview:-1"},"canonical":"https:\/\/fredfloris.eu\/pt\/productpage\/aspeland-movement-cufflinks\/?wmc-currency=EUR","og_locale":"pt_PT","og_type":"article","og_title":"Watch Movement Cufflinks | FredFloris","og_description":"Our watch movement cufflinks feature an elegant silver tone that will compliment all business attire. Watch mechanism cufflinks..","og_url":"https:\/\/fredfloris.eu\/pt\/productpage\/aspeland-movement-cufflinks\/?wmc-currency=EUR","og_site_name":"FredFloris","article_publisher":"https:\/\/www.facebook.com\/FredFloris.Artisan.Studio\/","article_modified_time":"2024-06-24T18:59:16+00:00","og_image":[{"width":2560,"height":1707,"url":"https:\/\/fredfloris.eu\/wp-content\/uploads\/2022\/08\/IMG_3208-scaled.jpg","type":"image\/jpeg"}],"twitter_card":"summary_large_image","twitter_site":"@_fredfloris_","twitter_misc":{"Tempo estimado de leitura":"2 minutos"},"schema":{"@context":"https:\/\/schema.org","@graph":[{"@type":"WebPage","@id":"https:\/\/fredfloris.eu\/productpage\/aspeland-movement-cufflinks\/","url":"https:\/\/fredfloris.eu\/productpage\/aspeland-movement-cufflinks\/","name":"Bot\u00f5es de punho com movimento de rel\u00f3gio | FredFloris","isPartOf":{"@id":"https:\/\/fredfloris.eu\/#website"},"primaryImageOfPage":{"@id":"https:\/\/fredfloris.eu\/productpage\/aspeland-movement-cufflinks\/#primaryimage"},"image":{"@id":"https:\/\/fredfloris.eu\/productpage\/aspeland-movement-cufflinks\/#primaryimage"},"thumbnailUrl":"https:\/\/fredfloris.eu\/wp-content\/uploads\/2022\/08\/IMG_3208-scaled.jpg","datePublished":"2022-05-16T19:05:04+00:00","dateModified":"2024-06-24T18:59:16+00:00","description":"Os nossos bot\u00f5es de punho com mecanismo de rel\u00f3gio apresentam um elegante tom prateado que ir\u00e1 complementar todos os trajes de neg\u00f3cios. Bot\u00f5es de punho com mecanismo de rel\u00f3gio...","breadcrumb":{"@id":"https:\/\/fredfloris.eu\/productpage\/aspeland-movement-cufflinks\/#breadcrumb"},"inLanguage":"pt-PT","potentialAction":[{"@type":"ReadAction","target":["https:\/\/fredfloris.eu\/productpage\/aspeland-movement-cufflinks\/"]}]},{"@type":"ImageObject","inLanguage":"pt-PT","@id":"https:\/\/fredfloris.eu\/productpage\/aspeland-movement-cufflinks\/#primaryimage","url":"https:\/\/fredfloris.eu\/wp-content\/uploads\/2022\/08\/IMG_3208-scaled.jpg","contentUrl":"https:\/\/fredfloris.eu\/wp-content\/uploads\/2022\/08\/IMG_3208-scaled.jpg","width":2560,"height":1707,"caption":"Product: Aspeland - Watch Movement Cufflinks \u2013 Stainless Steel"},{"@type":"BreadcrumbList","@id":"https:\/\/fredfloris.eu\/productpage\/aspeland-movement-cufflinks\/#breadcrumb","itemListElement":[{"@type":"ListItem","position":1,"name":"Home","item":"https:\/\/fredfloris.eu\/"},{"@type":"ListItem","position":2,"name":"Shop","item":"https:\/\/fredfloris.eu\/shop\/"},{"@type":"ListItem","position":3,"name":"Aspeland &#8211; Clockwork Cufflinks"}]},{"@type":"WebSite","@id":"https:\/\/fredfloris.eu\/#website","url":"https:\/\/fredfloris.eu\/","name":"FredFloris","description":"Artigos em pele feitos \u00e0 m\u00e3o - Fabricados na Su\u00e9cia","publisher":{"@id":"https:\/\/fredfloris.eu\/#organization"},"potentialAction":[{"@type":"SearchAction","target":{"@type":"EntryPoint","urlTemplate":"https:\/\/fredfloris.eu\/?s={search_term_string}"},"query-input":{"@type":"PropertyValueSpecification","valueRequired":true,"valueName":"search_term_string"}}],"inLanguage":"pt-PT"},{"@type":"Organization","@id":"https:\/\/fredfloris.eu\/#organization","name":"FredFloris","url":"https:\/\/fredfloris.eu\/","logo":{"@type":"ImageObject","inLanguage":"pt-PT","@id":"https:\/\/fredfloris.eu\/#\/schema\/logo\/image\/","url":"https:\/\/fredfloris.eu\/wp-content\/uploads\/2022\/03\/FredFloris-med-hel-nal-och-text.png","contentUrl":"https:\/\/fredfloris.eu\/wp-content\/uploads\/2022\/03\/FredFloris-med-hel-nal-och-text.png","width":591,"height":283,"caption":"FredFloris"},"image":{"@id":"https:\/\/fredfloris.eu\/#\/schema\/logo\/image\/"},"sameAs":["https:\/\/www.facebook.com\/FredFloris.Artisan.Studio\/","https:\/\/x.com\/_fredfloris_","https:\/\/www.instagram.com\/fredfloris.artisan.studio\/"]}]}},"brands":[{"id":204,"name":"FredFloris &amp; Partner","slug":"fredfloris-partner"}],"_links":{"self":[{"href":"https:\/\/fredfloris.eu\/pt\/wp-json\/wp\/v2\/product\/5221","targetHints":{"allow":["GET"]}}],"collection":[{"href":"https:\/\/fredfloris.eu\/pt\/wp-json\/wp\/v2\/product"}],"about":[{"href":"https:\/\/fredfloris.eu\/pt\/wp-json\/wp\/v2\/types\/product"}],"version-history":[{"count":12,"href":"https:\/\/fredfloris.eu\/pt\/wp-json\/wp\/v2\/product\/5221\/revisions"}],"predecessor-version":[{"id":11539,"href":"https:\/\/fredfloris.eu\/pt\/wp-json\/wp\/v2\/product\/5221\/revisions\/11539"}],"wp:featuredmedia":[{"embeddable":true,"href":"https:\/\/fredfloris.eu\/pt\/wp-json\/wp\/v2\/media\/9768"}],"wp:attachment":[{"href":"https:\/\/fredfloris.eu\/pt\/wp-json\/wp\/v2\/media?parent=5221"}],"wp:term":[{"taxonomy":"pwb-brand","embeddable":true,"href":"https:\/\/fredfloris.eu\/pt\/wp-json\/wp\/v2\/pwb-brand?post=5221"},{"taxonomy":"product_brand","embeddable":true,"href":"https:\/\/fredfloris.eu\/pt\/wp-json\/wp\/v2\/product_brand?post=5221"},{"taxonomy":"product_cat","embeddable":true,"href":"https:\/\/fredfloris.eu\/pt\/wp-json\/wp\/v2\/product_cat?post=5221"},{"taxonomy":"product_tag","embeddable":true,"href":"https:\/\/fredfloris.eu\/pt\/wp-json\/wp\/v2\/product_tag?post=5221"},{"taxonomy":"woo-feed-brand","embeddable":true,"href":"https:\/\/fredfloris.eu\/pt\/wp-json\/wp\/v2\/woo-feed-brand?post=5221"}],"curies":[{"name":"wp","href":"https:\/\/api.w.org\/{rel}","templated":true}]}}