{"id":5235,"date":"2022-05-17T19:02:11","date_gmt":"2022-05-17T17:02:11","guid":{"rendered":"https:\/\/fredfloris.eu\/?post_type=product&#038;p=5235"},"modified":"2024-07-23T20:22:55","modified_gmt":"2024-07-23T18:22:55","slug":"midsommardans-leverback-earrings","status":"publish","type":"product","link":"https:\/\/fredfloris.eu\/pt\/productpage\/midsommardans-leverback-earrings\/","title":{"rendered":"Midsommardans - Brincos com pingente redondo Leverback M\u00e3e de P\u00e9rolas"},"content":{"rendered":"<p><strong>Experience the enchanting allure of our White Mother of Pearl Round Pendant Earrings.<\/strong> Each earring features a disc of White Mother of Pearl set within a frame of precious metal. When light catches the iridescent surface, it reveals mesmerising hues of blue, pink, and green, reminiscent of mystical smoke dancing within. These earrings are delicately suspended from lever-back clasps, allowing free movement to capture and reflect the light, adding elegance and shine to any ensemble.<\/p>\n<p><strong>Crafted from Natural Sources:<\/strong> Our drop earrings are made from the inner layer of freshwater mollusc shells from New Zealand, encased in 925 Sterling silver with 24k gold plating.<\/p>\n<p><strong>Mother of Pearl:<\/strong> Known for its captivating reflective qualities, the white mother of pearl in these earrings is securely fitted within the gold-plated frame, allowing you to dazzle onlookers with every turn.<\/p>\n<p><strong>Sterling Silver Craftsmanship:<\/strong> Each pair of earrings bears a \u201c925\u201d Sterling silver stamp, certifying their high quality. Durable and timeless, they make a wonderful addition to any jewellery collection.<\/p>\n<p><strong>Hipoalerg\u00e9nico:<\/strong> Crafted with nickel-free Sterling silver lever-backing to prevent skin irritation and tarnishing over time. The secure clasp design ensures that the earrings stay comfortably in place.<\/p>\n<p><strong>Cuidados com as j\u00f3ias:<\/strong> Para manter o seu estado impec\u00e1vel, guarde os brincos numa caixa ou saco macio, separado de outras j\u00f3ias. Evite a exposi\u00e7\u00e3o a produtos qu\u00edmicos para evitar danos. O revestimento, quer seja de platina ou de ouro, \u00e9 delicado e, como todos os revestimentos, desvanece-se com o tempo. Limite o contacto com produtos qu\u00edmicos e com a pele para prolongar a vida do revestimento.<\/p>\n<p>&nbsp;<\/p>\n<p>Search words: Mother of pearl earrings, Drop earrings<\/p>","protected":false},"excerpt":{"rendered":"<p><strong>DIMENS\u00d5ES DO PRODUTO - <\/strong>Weight of Product: 4 g (pair)<\/p>\n<p>Pendant Base &#8211; Made With 925 Sterling Silver\/24K Gold Plated. Height of Base: 14.60 mm, Width: 10.50 mm.<\/p>\n<p>Leverback Earrings \u2013 Made With 925 Silver\/24K Gold Plated &#8211; 0,4 \u00b5m. Height: 17 mm, Width: 11.50 mm.<\/p>\n<p>SKU: mid\/ear\/gol\/mop<br \/>\nBrand: FredFloris &amp; Partner<\/p>\n<pre><\/pre>\n<p>Our experienced partner in Poland makes the earring base. We use 0,4 \u00b5m thick plated silver as it does not darken or dull the jewellery. The product have some resistant to discoloration, but be sure to follow our care instructions to prolong the life of your new jewellery. We fit the gemstone onto the earring\u00a0 in our studio in Sweden.<\/p>\n<pre><\/pre>\n<p>This product is made with natural material: shape, colour and thickness might vary.<\/p>","protected":false},"featured_media":10260,"template":"","meta":[],"pwb-brand":[204],"product_brand":[],"product_cat":[115,113,101],"product_tag":[163,136,135],"woo-feed-brand":[],"class_list":{"0":"post-5235","1":"product","2":"type-product","3":"status-publish","4":"has-post-thumbnail","6":"pwb-brand-fredfloris-partner","7":"product_cat-drop-earrings","8":"product_cat-earrings","9":"product_cat-jewelry","10":"product_tag-gold","11":"product_tag-handmade","12":"product_tag-stocked","13":"product_shipping_class-small-goods","15":"first","16":"instock","17":"taxable","18":"shipping-taxable","19":"purchasable","20":"product-type-simple"},"yoast_head":"<!-- This site is optimized with the Yoast SEO plugin v27.2 - https:\/\/yoast.com\/product\/yoast-seo-wordpress\/ -->\n<title>Mother of Pearl Drop Earrings | FredFloris<\/title>\n<meta name=\"description\" content=\"Our white Mother of Pearl drop earrings are made from the inside layer of New Zealand freshwater mussel shell. Available in sterling silver.\" \/>\n<meta name=\"robots\" content=\"index, follow, max-snippet:-1, max-image-preview:large, max-video-preview:-1\" \/>\n<link rel=\"canonical\" href=\"https:\/\/fredfloris.eu\/pt\/productpage\/midsommardans-leverback-earrings\/?wmc-currency=EUR\" \/>\n<meta property=\"og:locale\" content=\"pt_PT\" \/>\n<meta property=\"og:type\" content=\"article\" \/>\n<meta property=\"og:title\" content=\"Mother of Pearl Drop Earrings | FredFloris\" \/>\n<meta property=\"og:description\" content=\"Our white Mother of Pearl drop earrings are made from the inside layer of New Zealand freshwater mussel shell. Available in sterling silver.\" \/>\n<meta property=\"og:url\" content=\"https:\/\/fredfloris.eu\/pt\/productpage\/midsommardans-leverback-earrings\/?wmc-currency=EUR\" \/>\n<meta property=\"og:site_name\" content=\"FredFloris\" \/>\n<meta property=\"article:publisher\" content=\"https:\/\/www.facebook.com\/FredFloris.Artisan.Studio\/\" \/>\n<meta property=\"article:modified_time\" content=\"2024-07-23T18:22:55+00:00\" \/>\n<meta property=\"og:image\" content=\"https:\/\/fredfloris.eu\/wp-content\/uploads\/2022\/11\/IMG_7365-scaled.jpg\" \/>\n\t<meta property=\"og:image:width\" content=\"1920\" \/>\n\t<meta property=\"og:image:height\" content=\"2560\" \/>\n\t<meta property=\"og:image:type\" content=\"image\/jpeg\" \/>\n<meta name=\"twitter:card\" content=\"summary_large_image\" \/>\n<meta name=\"twitter:site\" content=\"@_fredfloris_\" \/>\n<meta name=\"twitter:label1\" content=\"Tempo estimado de leitura\" \/>\n\t<meta name=\"twitter:data1\" content=\"2 minutos\" \/>\n<script type=\"application\/ld+json\" class=\"yoast-schema-graph\">{\"@context\":\"https:\/\/schema.org\",\"@graph\":[{\"@type\":\"WebPage\",\"@id\":\"https:\/\/fredfloris.eu\/productpage\/midsommardans-leverback-earrings\/\",\"url\":\"https:\/\/fredfloris.eu\/productpage\/midsommardans-leverback-earrings\/\",\"name\":\"Mother of Pearl Drop Earrings | FredFloris\",\"isPartOf\":{\"@id\":\"https:\/\/fredfloris.eu\/#website\"},\"primaryImageOfPage\":{\"@id\":\"https:\/\/fredfloris.eu\/productpage\/midsommardans-leverback-earrings\/#primaryimage\"},\"image\":{\"@id\":\"https:\/\/fredfloris.eu\/productpage\/midsommardans-leverback-earrings\/#primaryimage\"},\"thumbnailUrl\":\"https:\/\/fredfloris.eu\/wp-content\/uploads\/2022\/11\/IMG_7365-scaled-e1740241757636.jpg\",\"datePublished\":\"2022-05-17T17:02:11+00:00\",\"dateModified\":\"2024-07-23T18:22:55+00:00\",\"description\":\"Our white Mother of Pearl drop earrings are made from the inside layer of New Zealand freshwater mussel shell. Available in sterling silver.\",\"breadcrumb\":{\"@id\":\"https:\/\/fredfloris.eu\/productpage\/midsommardans-leverback-earrings\/#breadcrumb\"},\"inLanguage\":\"pt-PT\",\"potentialAction\":[{\"@type\":\"ReadAction\",\"target\":[\"https:\/\/fredfloris.eu\/productpage\/midsommardans-leverback-earrings\/\"]}]},{\"@type\":\"ImageObject\",\"inLanguage\":\"pt-PT\",\"@id\":\"https:\/\/fredfloris.eu\/productpage\/midsommardans-leverback-earrings\/#primaryimage\",\"url\":\"https:\/\/fredfloris.eu\/wp-content\/uploads\/2022\/11\/IMG_7365-scaled-e1740241757636.jpg\",\"contentUrl\":\"https:\/\/fredfloris.eu\/wp-content\/uploads\/2022\/11\/IMG_7365-scaled-e1740241757636.jpg\",\"width\":1920,\"height\":1281,\"caption\":\"Product: Mother of Pearls Round Pendant \u2013 Gold Plated Silver\"},{\"@type\":\"BreadcrumbList\",\"@id\":\"https:\/\/fredfloris.eu\/productpage\/midsommardans-leverback-earrings\/#breadcrumb\",\"itemListElement\":[{\"@type\":\"ListItem\",\"position\":1,\"name\":\"Home\",\"item\":\"https:\/\/fredfloris.eu\/\"},{\"@type\":\"ListItem\",\"position\":2,\"name\":\"Shop\",\"item\":\"https:\/\/fredfloris.eu\/shop\/\"},{\"@type\":\"ListItem\",\"position\":3,\"name\":\"Midsommardans &#8211; Mother of Pearls Round Pendant Leverback Earrings\"}]},{\"@type\":\"WebSite\",\"@id\":\"https:\/\/fredfloris.eu\/#website\",\"url\":\"https:\/\/fredfloris.eu\/\",\"name\":\"FredFloris\",\"description\":\"Handcrafted Leathergoods - Made in Sweden\",\"publisher\":{\"@id\":\"https:\/\/fredfloris.eu\/#organization\"},\"potentialAction\":[{\"@type\":\"SearchAction\",\"target\":{\"@type\":\"EntryPoint\",\"urlTemplate\":\"https:\/\/fredfloris.eu\/?s={search_term_string}\"},\"query-input\":{\"@type\":\"PropertyValueSpecification\",\"valueRequired\":true,\"valueName\":\"search_term_string\"}}],\"inLanguage\":\"pt-PT\"},{\"@type\":\"Organization\",\"@id\":\"https:\/\/fredfloris.eu\/#organization\",\"name\":\"FredFloris\",\"url\":\"https:\/\/fredfloris.eu\/\",\"logo\":{\"@type\":\"ImageObject\",\"inLanguage\":\"pt-PT\",\"@id\":\"https:\/\/fredfloris.eu\/#\/schema\/logo\/image\/\",\"url\":\"https:\/\/fredfloris.eu\/wp-content\/uploads\/2022\/03\/FredFloris-med-hel-nal-och-text.png\",\"contentUrl\":\"https:\/\/fredfloris.eu\/wp-content\/uploads\/2022\/03\/FredFloris-med-hel-nal-och-text.png\",\"width\":591,\"height\":283,\"caption\":\"FredFloris\"},\"image\":{\"@id\":\"https:\/\/fredfloris.eu\/#\/schema\/logo\/image\/\"},\"sameAs\":[\"https:\/\/www.facebook.com\/FredFloris.Artisan.Studio\/\",\"https:\/\/x.com\/_fredfloris_\",\"https:\/\/www.instagram.com\/fredfloris.artisan.studio\/\"]}]}<\/script>\n<!-- \/ Yoast SEO plugin. -->","yoast_head_json":{"title":"Mother of Pearl Drop Earrings | FredFloris","description":"Our white Mother of Pearl drop earrings are made from the inside layer of New Zealand freshwater mussel shell. Available in sterling silver.","robots":{"index":"index","follow":"follow","max-snippet":"max-snippet:-1","max-image-preview":"max-image-preview:large","max-video-preview":"max-video-preview:-1"},"canonical":"https:\/\/fredfloris.eu\/pt\/productpage\/midsommardans-leverback-earrings\/?wmc-currency=EUR","og_locale":"pt_PT","og_type":"article","og_title":"Mother of Pearl Drop Earrings | FredFloris","og_description":"Our white Mother of Pearl drop earrings are made from the inside layer of New Zealand freshwater mussel shell. Available in sterling silver.","og_url":"https:\/\/fredfloris.eu\/pt\/productpage\/midsommardans-leverback-earrings\/?wmc-currency=EUR","og_site_name":"FredFloris","article_publisher":"https:\/\/www.facebook.com\/FredFloris.Artisan.Studio\/","article_modified_time":"2024-07-23T18:22:55+00:00","og_image":[{"width":1920,"height":2560,"url":"https:\/\/fredfloris.eu\/wp-content\/uploads\/2022\/11\/IMG_7365-scaled.jpg","type":"image\/jpeg"}],"twitter_card":"summary_large_image","twitter_site":"@_fredfloris_","twitter_misc":{"Tempo estimado de leitura":"2 minutos"},"schema":{"@context":"https:\/\/schema.org","@graph":[{"@type":"WebPage","@id":"https:\/\/fredfloris.eu\/productpage\/midsommardans-leverback-earrings\/","url":"https:\/\/fredfloris.eu\/productpage\/midsommardans-leverback-earrings\/","name":"Mother of Pearl Drop Earrings | FredFloris","isPartOf":{"@id":"https:\/\/fredfloris.eu\/#website"},"primaryImageOfPage":{"@id":"https:\/\/fredfloris.eu\/productpage\/midsommardans-leverback-earrings\/#primaryimage"},"image":{"@id":"https:\/\/fredfloris.eu\/productpage\/midsommardans-leverback-earrings\/#primaryimage"},"thumbnailUrl":"https:\/\/fredfloris.eu\/wp-content\/uploads\/2022\/11\/IMG_7365-scaled-e1740241757636.jpg","datePublished":"2022-05-17T17:02:11+00:00","dateModified":"2024-07-23T18:22:55+00:00","description":"Our white Mother of Pearl drop earrings are made from the inside layer of New Zealand freshwater mussel shell. Available in sterling silver.","breadcrumb":{"@id":"https:\/\/fredfloris.eu\/productpage\/midsommardans-leverback-earrings\/#breadcrumb"},"inLanguage":"pt-PT","potentialAction":[{"@type":"ReadAction","target":["https:\/\/fredfloris.eu\/productpage\/midsommardans-leverback-earrings\/"]}]},{"@type":"ImageObject","inLanguage":"pt-PT","@id":"https:\/\/fredfloris.eu\/productpage\/midsommardans-leverback-earrings\/#primaryimage","url":"https:\/\/fredfloris.eu\/wp-content\/uploads\/2022\/11\/IMG_7365-scaled-e1740241757636.jpg","contentUrl":"https:\/\/fredfloris.eu\/wp-content\/uploads\/2022\/11\/IMG_7365-scaled-e1740241757636.jpg","width":1920,"height":1281,"caption":"Product: Mother of Pearls Round Pendant \u2013 Gold Plated Silver"},{"@type":"BreadcrumbList","@id":"https:\/\/fredfloris.eu\/productpage\/midsommardans-leverback-earrings\/#breadcrumb","itemListElement":[{"@type":"ListItem","position":1,"name":"Home","item":"https:\/\/fredfloris.eu\/"},{"@type":"ListItem","position":2,"name":"Shop","item":"https:\/\/fredfloris.eu\/shop\/"},{"@type":"ListItem","position":3,"name":"Midsommardans &#8211; Mother of Pearls Round Pendant Leverback Earrings"}]},{"@type":"WebSite","@id":"https:\/\/fredfloris.eu\/#website","url":"https:\/\/fredfloris.eu\/","name":"FredFloris","description":"Artigos em pele feitos \u00e0 m\u00e3o - Fabricados na Su\u00e9cia","publisher":{"@id":"https:\/\/fredfloris.eu\/#organization"},"potentialAction":[{"@type":"SearchAction","target":{"@type":"EntryPoint","urlTemplate":"https:\/\/fredfloris.eu\/?s={search_term_string}"},"query-input":{"@type":"PropertyValueSpecification","valueRequired":true,"valueName":"search_term_string"}}],"inLanguage":"pt-PT"},{"@type":"Organization","@id":"https:\/\/fredfloris.eu\/#organization","name":"FredFloris","url":"https:\/\/fredfloris.eu\/","logo":{"@type":"ImageObject","inLanguage":"pt-PT","@id":"https:\/\/fredfloris.eu\/#\/schema\/logo\/image\/","url":"https:\/\/fredfloris.eu\/wp-content\/uploads\/2022\/03\/FredFloris-med-hel-nal-och-text.png","contentUrl":"https:\/\/fredfloris.eu\/wp-content\/uploads\/2022\/03\/FredFloris-med-hel-nal-och-text.png","width":591,"height":283,"caption":"FredFloris"},"image":{"@id":"https:\/\/fredfloris.eu\/#\/schema\/logo\/image\/"},"sameAs":["https:\/\/www.facebook.com\/FredFloris.Artisan.Studio\/","https:\/\/x.com\/_fredfloris_","https:\/\/www.instagram.com\/fredfloris.artisan.studio\/"]}]}},"brands":[{"id":204,"name":"FredFloris &amp; Partner","slug":"fredfloris-partner"}],"_links":{"self":[{"href":"https:\/\/fredfloris.eu\/pt\/wp-json\/wp\/v2\/product\/5235","targetHints":{"allow":["GET"]}}],"collection":[{"href":"https:\/\/fredfloris.eu\/pt\/wp-json\/wp\/v2\/product"}],"about":[{"href":"https:\/\/fredfloris.eu\/pt\/wp-json\/wp\/v2\/types\/product"}],"version-history":[{"count":8,"href":"https:\/\/fredfloris.eu\/pt\/wp-json\/wp\/v2\/product\/5235\/revisions"}],"predecessor-version":[{"id":11591,"href":"https:\/\/fredfloris.eu\/pt\/wp-json\/wp\/v2\/product\/5235\/revisions\/11591"}],"wp:featuredmedia":[{"embeddable":true,"href":"https:\/\/fredfloris.eu\/pt\/wp-json\/wp\/v2\/media\/10260"}],"wp:attachment":[{"href":"https:\/\/fredfloris.eu\/pt\/wp-json\/wp\/v2\/media?parent=5235"}],"wp:term":[{"taxonomy":"pwb-brand","embeddable":true,"href":"https:\/\/fredfloris.eu\/pt\/wp-json\/wp\/v2\/pwb-brand?post=5235"},{"taxonomy":"product_brand","embeddable":true,"href":"https:\/\/fredfloris.eu\/pt\/wp-json\/wp\/v2\/product_brand?post=5235"},{"taxonomy":"product_cat","embeddable":true,"href":"https:\/\/fredfloris.eu\/pt\/wp-json\/wp\/v2\/product_cat?post=5235"},{"taxonomy":"product_tag","embeddable":true,"href":"https:\/\/fredfloris.eu\/pt\/wp-json\/wp\/v2\/product_tag?post=5235"},{"taxonomy":"woo-feed-brand","embeddable":true,"href":"https:\/\/fredfloris.eu\/pt\/wp-json\/wp\/v2\/woo-feed-brand?post=5235"}],"curies":[{"name":"wp","href":"https:\/\/api.w.org\/{rel}","templated":true}]}}