{"id":5260,"date":"2022-05-17T21:56:52","date_gmt":"2022-05-17T19:56:52","guid":{"rendered":"https:\/\/fredfloris.eu\/?post_type=product&#038;p=5260"},"modified":"2024-07-23T20:23:38","modified_gmt":"2024-07-23T18:23:38","slug":"silver-long-chain-earrings","status":"publish","type":"product","link":"https:\/\/fredfloris.eu\/pt\/productpage\/silver-long-chain-earrings\/","title":{"rendered":"Silver Lady - Brincos de corrente comprida"},"content":{"rendered":"<p><strong>Discover the effortless elegance of our silver box chain earrings.<\/strong> Designed with strands of silver that flow like thread, these earrings offer both simplicity and drama. They fall in parallel lines that beautifully frame the face, enhancing your features, adding symmetry, and elongating the neck. Their versatile shape allows them to pair seamlessly with any outfit, particularly complementing off-the-shoulder dresses and tops to add sparkle from your eyes to the hemline.<\/p>\n<p><strong>Op\u00e7\u00f5es dispon\u00edveis:<\/strong> These earrings are crafted in 925 Sterling silver with options for platinum plating or 24k gold plating.<\/p>\n<p><strong>Sterling Silver Craftsmanship:<\/strong> Each pair comes stamped with \u201c925\u201d to assure high quality. Durable and timeless, these earrings are a fantastic addition to any jewellery collection.<\/p>\n<p><strong>The Perfect Gift:<\/strong> Searching for a thoughtful present? These silver earrings are an opulent choice for birthdays, anniversaries, graduations, or weddings.<\/p>\n<p><strong>Hipoalerg\u00e9nico:<\/strong> Made free from nickel, these earrings will not tarnish or irritate the skin.<\/p>\n<p><strong>Cuidados com as j\u00f3ias:<\/strong> Para manter o seu estado impec\u00e1vel, guarde os brincos numa caixa ou saco macio, separado de outras j\u00f3ias. Evite a exposi\u00e7\u00e3o a produtos qu\u00edmicos para evitar danos. O revestimento, quer seja de platina ou de ouro, \u00e9 delicado e, como todos os revestimentos, desvanece-se com o tempo. Limite o contacto com produtos qu\u00edmicos e com a pele para prolongar a vida do revestimento.<\/p>\n<p>&nbsp;<\/p>\n<p>Search words: Long silver chain earrings<\/p>","protected":false},"excerpt":{"rendered":"<p><strong>DIMENS\u00d5ES DO PRODUTO -<\/strong> Product Height: 13.50 mm, Weight: 4 g (pair). The product is made with 925 Silver, platinum plated &#8211; 0,4 \u00b5m. SKU: sil\/ear\/pla\/cha Brand: FredFloris &amp; Partner<\/p>\n<pre><\/pre>\n<p>A base do brinco \u00e9 feita pelo nosso parceiro experiente na Pol\u00f3nia. Utilizamos prata revestida com 0,4 \u00b5m de espessura, uma vez que n\u00e3o escurece nem embota as j\u00f3ias. O produto tem alguma resist\u00eancia \u00e0 descolora\u00e7\u00e3o, mas n\u00e3o se esque\u00e7a de seguir as nossas instru\u00e7\u00f5es de manuten\u00e7\u00e3o para prolongar a vida das suas novas j\u00f3ias.<\/p>","protected":false},"featured_media":4753,"template":"","meta":[],"pwb-brand":[204],"product_brand":[],"product_cat":[117,113,101],"product_tag":[165,164,135],"woo-feed-brand":[],"class_list":{"0":"post-5260","1":"product","2":"type-product","3":"status-publish","4":"has-post-thumbnail","6":"pwb-brand-fredfloris-partner","7":"product_cat-chain-earrings","8":"product_cat-earrings","9":"product_cat-jewelry","10":"product_tag-platinum","11":"product_tag-silver","12":"product_tag-stocked","13":"product_shipping_class-small-goods","15":"first","16":"instock","17":"taxable","18":"shipping-taxable","19":"purchasable","20":"product-type-simple"},"yoast_head":"<!-- This site is optimized with the Yoast SEO plugin v27.2 - https:\/\/yoast.com\/product\/yoast-seo-wordpress\/ -->\n<title>Long Silver Chain Earrings| FredFloris<\/title>\n<meta name=\"description\" content=\"Presenting our long silver chain earrings, 13.50 mm in lenght. Long chain earrings are the perfect gift for Her, Tarnish Free.\" \/>\n<meta name=\"robots\" content=\"index, follow, max-snippet:-1, max-image-preview:large, max-video-preview:-1\" \/>\n<link rel=\"canonical\" href=\"https:\/\/fredfloris.eu\/pt\/productpage\/silver-long-chain-earrings\/?wmc-currency=EUR\" \/>\n<meta property=\"og:locale\" content=\"pt_PT\" \/>\n<meta property=\"og:type\" content=\"article\" \/>\n<meta property=\"og:title\" content=\"Long Silver Chain Earrings| FredFloris\" \/>\n<meta property=\"og:description\" content=\"Presenting our long silver chain earrings, 13.50 mm in lenght. Long chain earrings are the perfect gift for Her, Tarnish Free.\" \/>\n<meta property=\"og:url\" content=\"https:\/\/fredfloris.eu\/pt\/productpage\/silver-long-chain-earrings\/?wmc-currency=EUR\" \/>\n<meta property=\"og:site_name\" content=\"FredFloris\" \/>\n<meta property=\"article:publisher\" content=\"https:\/\/www.facebook.com\/FredFloris.Artisan.Studio\/\" \/>\n<meta property=\"article:modified_time\" content=\"2024-07-23T18:23:38+00:00\" \/>\n<meta property=\"og:image\" content=\"https:\/\/fredfloris.eu\/wp-content\/uploads\/2022\/05\/IMG_1988-scaled.jpg\" \/>\n\t<meta property=\"og:image:width\" content=\"2560\" \/>\n\t<meta property=\"og:image:height\" content=\"1707\" \/>\n\t<meta property=\"og:image:type\" content=\"image\/jpeg\" \/>\n<meta name=\"twitter:card\" content=\"summary_large_image\" \/>\n<meta name=\"twitter:site\" content=\"@_fredfloris_\" \/>\n<meta name=\"twitter:label1\" content=\"Tempo estimado de leitura\" \/>\n\t<meta name=\"twitter:data1\" content=\"2 minutos\" \/>\n<script type=\"application\/ld+json\" class=\"yoast-schema-graph\">{\"@context\":\"https:\/\/schema.org\",\"@graph\":[{\"@type\":\"WebPage\",\"@id\":\"https:\/\/fredfloris.eu\/productpage\/silver-long-chain-earrings\/\",\"url\":\"https:\/\/fredfloris.eu\/productpage\/silver-long-chain-earrings\/\",\"name\":\"Long Silver Chain Earrings| FredFloris\",\"isPartOf\":{\"@id\":\"https:\/\/fredfloris.eu\/#website\"},\"primaryImageOfPage\":{\"@id\":\"https:\/\/fredfloris.eu\/productpage\/silver-long-chain-earrings\/#primaryimage\"},\"image\":{\"@id\":\"https:\/\/fredfloris.eu\/productpage\/silver-long-chain-earrings\/#primaryimage\"},\"thumbnailUrl\":\"https:\/\/fredfloris.eu\/wp-content\/uploads\/2022\/05\/IMG_1988-scaled.jpg\",\"datePublished\":\"2022-05-17T19:56:52+00:00\",\"dateModified\":\"2024-07-23T18:23:38+00:00\",\"description\":\"Presenting our long silver chain earrings, 13.50 mm in lenght. Long chain earrings are the perfect gift for Her, Tarnish Free.\",\"breadcrumb\":{\"@id\":\"https:\/\/fredfloris.eu\/productpage\/silver-long-chain-earrings\/#breadcrumb\"},\"inLanguage\":\"pt-PT\",\"potentialAction\":[{\"@type\":\"ReadAction\",\"target\":[\"https:\/\/fredfloris.eu\/productpage\/silver-long-chain-earrings\/\"]}]},{\"@type\":\"ImageObject\",\"inLanguage\":\"pt-PT\",\"@id\":\"https:\/\/fredfloris.eu\/productpage\/silver-long-chain-earrings\/#primaryimage\",\"url\":\"https:\/\/fredfloris.eu\/wp-content\/uploads\/2022\/05\/IMG_1988-scaled.jpg\",\"contentUrl\":\"https:\/\/fredfloris.eu\/wp-content\/uploads\/2022\/05\/IMG_1988-scaled.jpg\",\"width\":2560,\"height\":1707,\"caption\":\"Product: Silver Lady - Long Chain Earrings \u2013 Platinum Plated Silver\"},{\"@type\":\"BreadcrumbList\",\"@id\":\"https:\/\/fredfloris.eu\/productpage\/silver-long-chain-earrings\/#breadcrumb\",\"itemListElement\":[{\"@type\":\"ListItem\",\"position\":1,\"name\":\"Home\",\"item\":\"https:\/\/fredfloris.eu\/\"},{\"@type\":\"ListItem\",\"position\":2,\"name\":\"Shop\",\"item\":\"https:\/\/fredfloris.eu\/shop\/\"},{\"@type\":\"ListItem\",\"position\":3,\"name\":\"Silver Lady &#8211; Long Chain Earrings\"}]},{\"@type\":\"WebSite\",\"@id\":\"https:\/\/fredfloris.eu\/#website\",\"url\":\"https:\/\/fredfloris.eu\/\",\"name\":\"FredFloris\",\"description\":\"Handcrafted Leathergoods - Made in Sweden\",\"publisher\":{\"@id\":\"https:\/\/fredfloris.eu\/#organization\"},\"potentialAction\":[{\"@type\":\"SearchAction\",\"target\":{\"@type\":\"EntryPoint\",\"urlTemplate\":\"https:\/\/fredfloris.eu\/?s={search_term_string}\"},\"query-input\":{\"@type\":\"PropertyValueSpecification\",\"valueRequired\":true,\"valueName\":\"search_term_string\"}}],\"inLanguage\":\"pt-PT\"},{\"@type\":\"Organization\",\"@id\":\"https:\/\/fredfloris.eu\/#organization\",\"name\":\"FredFloris\",\"url\":\"https:\/\/fredfloris.eu\/\",\"logo\":{\"@type\":\"ImageObject\",\"inLanguage\":\"pt-PT\",\"@id\":\"https:\/\/fredfloris.eu\/#\/schema\/logo\/image\/\",\"url\":\"https:\/\/fredfloris.eu\/wp-content\/uploads\/2022\/03\/FredFloris-med-hel-nal-och-text.png\",\"contentUrl\":\"https:\/\/fredfloris.eu\/wp-content\/uploads\/2022\/03\/FredFloris-med-hel-nal-och-text.png\",\"width\":591,\"height\":283,\"caption\":\"FredFloris\"},\"image\":{\"@id\":\"https:\/\/fredfloris.eu\/#\/schema\/logo\/image\/\"},\"sameAs\":[\"https:\/\/www.facebook.com\/FredFloris.Artisan.Studio\/\",\"https:\/\/x.com\/_fredfloris_\",\"https:\/\/www.instagram.com\/fredfloris.artisan.studio\/\"]}]}<\/script>\n<!-- \/ Yoast SEO plugin. -->","yoast_head_json":{"title":"Long Silver Chain Earrings| FredFloris","description":"Presenting our long silver chain earrings, 13.50 mm in lenght. Long chain earrings are the perfect gift for Her, Tarnish Free.","robots":{"index":"index","follow":"follow","max-snippet":"max-snippet:-1","max-image-preview":"max-image-preview:large","max-video-preview":"max-video-preview:-1"},"canonical":"https:\/\/fredfloris.eu\/pt\/productpage\/silver-long-chain-earrings\/?wmc-currency=EUR","og_locale":"pt_PT","og_type":"article","og_title":"Long Silver Chain Earrings| FredFloris","og_description":"Presenting our long silver chain earrings, 13.50 mm in lenght. Long chain earrings are the perfect gift for Her, Tarnish Free.","og_url":"https:\/\/fredfloris.eu\/pt\/productpage\/silver-long-chain-earrings\/?wmc-currency=EUR","og_site_name":"FredFloris","article_publisher":"https:\/\/www.facebook.com\/FredFloris.Artisan.Studio\/","article_modified_time":"2024-07-23T18:23:38+00:00","og_image":[{"width":2560,"height":1707,"url":"https:\/\/fredfloris.eu\/wp-content\/uploads\/2022\/05\/IMG_1988-scaled.jpg","type":"image\/jpeg"}],"twitter_card":"summary_large_image","twitter_site":"@_fredfloris_","twitter_misc":{"Tempo estimado de leitura":"2 minutos"},"schema":{"@context":"https:\/\/schema.org","@graph":[{"@type":"WebPage","@id":"https:\/\/fredfloris.eu\/productpage\/silver-long-chain-earrings\/","url":"https:\/\/fredfloris.eu\/productpage\/silver-long-chain-earrings\/","name":"Long Silver Chain Earrings| FredFloris","isPartOf":{"@id":"https:\/\/fredfloris.eu\/#website"},"primaryImageOfPage":{"@id":"https:\/\/fredfloris.eu\/productpage\/silver-long-chain-earrings\/#primaryimage"},"image":{"@id":"https:\/\/fredfloris.eu\/productpage\/silver-long-chain-earrings\/#primaryimage"},"thumbnailUrl":"https:\/\/fredfloris.eu\/wp-content\/uploads\/2022\/05\/IMG_1988-scaled.jpg","datePublished":"2022-05-17T19:56:52+00:00","dateModified":"2024-07-23T18:23:38+00:00","description":"Presenting our long silver chain earrings, 13.50 mm in lenght. Long chain earrings are the perfect gift for Her, Tarnish Free.","breadcrumb":{"@id":"https:\/\/fredfloris.eu\/productpage\/silver-long-chain-earrings\/#breadcrumb"},"inLanguage":"pt-PT","potentialAction":[{"@type":"ReadAction","target":["https:\/\/fredfloris.eu\/productpage\/silver-long-chain-earrings\/"]}]},{"@type":"ImageObject","inLanguage":"pt-PT","@id":"https:\/\/fredfloris.eu\/productpage\/silver-long-chain-earrings\/#primaryimage","url":"https:\/\/fredfloris.eu\/wp-content\/uploads\/2022\/05\/IMG_1988-scaled.jpg","contentUrl":"https:\/\/fredfloris.eu\/wp-content\/uploads\/2022\/05\/IMG_1988-scaled.jpg","width":2560,"height":1707,"caption":"Product: Silver Lady - Long Chain Earrings \u2013 Platinum Plated Silver"},{"@type":"BreadcrumbList","@id":"https:\/\/fredfloris.eu\/productpage\/silver-long-chain-earrings\/#breadcrumb","itemListElement":[{"@type":"ListItem","position":1,"name":"Home","item":"https:\/\/fredfloris.eu\/"},{"@type":"ListItem","position":2,"name":"Shop","item":"https:\/\/fredfloris.eu\/shop\/"},{"@type":"ListItem","position":3,"name":"Silver Lady &#8211; Long Chain Earrings"}]},{"@type":"WebSite","@id":"https:\/\/fredfloris.eu\/#website","url":"https:\/\/fredfloris.eu\/","name":"FredFloris","description":"Artigos em pele feitos \u00e0 m\u00e3o - Fabricados na Su\u00e9cia","publisher":{"@id":"https:\/\/fredfloris.eu\/#organization"},"potentialAction":[{"@type":"SearchAction","target":{"@type":"EntryPoint","urlTemplate":"https:\/\/fredfloris.eu\/?s={search_term_string}"},"query-input":{"@type":"PropertyValueSpecification","valueRequired":true,"valueName":"search_term_string"}}],"inLanguage":"pt-PT"},{"@type":"Organization","@id":"https:\/\/fredfloris.eu\/#organization","name":"FredFloris","url":"https:\/\/fredfloris.eu\/","logo":{"@type":"ImageObject","inLanguage":"pt-PT","@id":"https:\/\/fredfloris.eu\/#\/schema\/logo\/image\/","url":"https:\/\/fredfloris.eu\/wp-content\/uploads\/2022\/03\/FredFloris-med-hel-nal-och-text.png","contentUrl":"https:\/\/fredfloris.eu\/wp-content\/uploads\/2022\/03\/FredFloris-med-hel-nal-och-text.png","width":591,"height":283,"caption":"FredFloris"},"image":{"@id":"https:\/\/fredfloris.eu\/#\/schema\/logo\/image\/"},"sameAs":["https:\/\/www.facebook.com\/FredFloris.Artisan.Studio\/","https:\/\/x.com\/_fredfloris_","https:\/\/www.instagram.com\/fredfloris.artisan.studio\/"]}]}},"brands":[{"id":204,"name":"FredFloris &amp; Partner","slug":"fredfloris-partner"}],"_links":{"self":[{"href":"https:\/\/fredfloris.eu\/pt\/wp-json\/wp\/v2\/product\/5260","targetHints":{"allow":["GET"]}}],"collection":[{"href":"https:\/\/fredfloris.eu\/pt\/wp-json\/wp\/v2\/product"}],"about":[{"href":"https:\/\/fredfloris.eu\/pt\/wp-json\/wp\/v2\/types\/product"}],"version-history":[{"count":8,"href":"https:\/\/fredfloris.eu\/pt\/wp-json\/wp\/v2\/product\/5260\/revisions"}],"predecessor-version":[{"id":11589,"href":"https:\/\/fredfloris.eu\/pt\/wp-json\/wp\/v2\/product\/5260\/revisions\/11589"}],"wp:featuredmedia":[{"embeddable":true,"href":"https:\/\/fredfloris.eu\/pt\/wp-json\/wp\/v2\/media\/4753"}],"wp:attachment":[{"href":"https:\/\/fredfloris.eu\/pt\/wp-json\/wp\/v2\/media?parent=5260"}],"wp:term":[{"taxonomy":"pwb-brand","embeddable":true,"href":"https:\/\/fredfloris.eu\/pt\/wp-json\/wp\/v2\/pwb-brand?post=5260"},{"taxonomy":"product_brand","embeddable":true,"href":"https:\/\/fredfloris.eu\/pt\/wp-json\/wp\/v2\/product_brand?post=5260"},{"taxonomy":"product_cat","embeddable":true,"href":"https:\/\/fredfloris.eu\/pt\/wp-json\/wp\/v2\/product_cat?post=5260"},{"taxonomy":"product_tag","embeddable":true,"href":"https:\/\/fredfloris.eu\/pt\/wp-json\/wp\/v2\/product_tag?post=5260"},{"taxonomy":"woo-feed-brand","embeddable":true,"href":"https:\/\/fredfloris.eu\/pt\/wp-json\/wp\/v2\/woo-feed-brand?post=5260"}],"curies":[{"name":"wp","href":"https:\/\/api.w.org\/{rel}","templated":true}]}}