{"id":5282,"date":"2022-05-18T18:01:47","date_gmt":"2022-05-18T16:01:47","guid":{"rendered":"https:\/\/fredfloris.eu\/?post_type=product&#038;p=5282"},"modified":"2024-07-23T20:25:25","modified_gmt":"2024-07-23T18:25:25","slug":"round-hoop-30-mm-earrings","status":"publish","type":"product","link":"https:\/\/fredfloris.eu\/pt\/productpage\/round-hoop-30-mm-earrings\/","title":{"rendered":"H\u00f6st &#8211;  Round Hoop 30 mm Earrings"},"content":{"rendered":"<p><strong>Experience the timeless appeal of our 30 mm creoles earrings.<\/strong>\u00a0A staple of fashion for centuries, hoop earrings have graced the ears of both royalty and rebels, never fading from style. Their simple geometry draws attention to your face, adding symmetry and beautifully framing your features. This style enhances your allure and attractiveness, making it perfect for special occasions such as weddings, parties, work functions, and family gatherings.<\/p>\n<p><strong>Op\u00e7\u00f5es dispon\u00edveis:<\/strong> Crafted in 925 Sterling silver with options for platinum plating or 24k gold plating.<\/p>\n<p><strong>Classic Design:<\/strong> Designed to suit every face shape, skin tone, and style, these hoop earrings are a sound investment. Their understated yet lavish design ensures they complement any outfit.<\/p>\n<p><strong>Made for Giving:<\/strong> These round hoop earrings make an excellent gift for anyone who appreciates jewellery. Perfect for any occasion, they are a thoughtful and stylish choice.<\/p>\n<p><strong>Hipoalerg\u00e9nico:<\/strong> Free from nickel, these earrings prevent skin irritation and tarnishing over time. The secure clasp keeps the earrings comfortably in place, ensuring they are both safe and pleasant to wear.<\/p>\n<p><strong>Cuidados com as j\u00f3ias:<\/strong> Para manter o seu estado impec\u00e1vel, guarde os brincos numa caixa ou saco macio, separado de outras j\u00f3ias. Evite a exposi\u00e7\u00e3o a produtos qu\u00edmicos para evitar danos. O revestimento, quer seja de platina ou de ouro, \u00e9 delicado e, como todos os revestimentos, desvanece-se com o tempo. Limite o contacto com produtos qu\u00edmicos e com a pele para prolongar a vida do revestimento.<\/p>\n<p>&nbsp;<\/p>\n<p>Search words: chunky silver hoop earrings, thick silver and gold hoop earrings<\/p>","protected":false},"excerpt":{"rendered":"<p><strong>DIMENS\u00d5ES DO PRODUTO - <\/strong>Product Weight: 4.8 g(pair)<\/p>\n<p>Earring Diameter: 30 mm. Inner Jump Ring Diameter: 20 mm. Thickness: 4 mm. Available in Sterling Silver\/Platinum Plated\/24K Gold Plated &#8211; 0,4 \u00b5m.<\/p>\n<pre><\/pre>\n<p>A base do brinco \u00e9 feita pelo nosso parceiro experiente na Pol\u00f3nia. Utilizamos prata revestida com 0,4 \u00b5m de espessura, uma vez que n\u00e3o escurece nem embota as j\u00f3ias. O produto tem alguma resist\u00eancia \u00e0 descolora\u00e7\u00e3o, mas n\u00e3o se esque\u00e7a de seguir as nossas instru\u00e7\u00f5es de manuten\u00e7\u00e3o para prolongar a vida das suas novas j\u00f3ias.<\/p>","protected":false},"featured_media":4777,"template":"","meta":[],"pwb-brand":[204],"product_brand":[],"product_cat":[113,116,101],"product_tag":[163,165,164,135],"woo-feed-brand":[],"class_list":{"0":"post-5282","1":"product","2":"type-product","3":"status-publish","4":"has-post-thumbnail","6":"pwb-brand-fredfloris-partner","7":"product_cat-earrings","8":"product_cat-hoop-earrings","9":"product_cat-jewelry","10":"product_tag-gold","11":"product_tag-platinum","12":"product_tag-silver","13":"product_tag-stocked","14":"product_shipping_class-small-goods","15":"pa_hoops-30-mm-ag-925-24k-gold-plated-04-m","16":"pa_hoops-30-mm-ag-925-platinum-plated-04-m","18":"first","19":"instock","20":"taxable","21":"shipping-taxable","22":"purchasable","23":"product-type-variable"},"yoast_head":"<!-- This site is optimized with the Yoast SEO plugin v27.2 - https:\/\/yoast.com\/product\/yoast-seo-wordpress\/ -->\n<title>Thick &amp; Chunky Gold and Silver Hoop Earrings | FredFloris<\/title>\n<meta name=\"description\" content=\"Everyone needs a reliable pair of thick and chunky hoop earrings, available in 24k gold and platinum plated silver.\" \/>\n<meta name=\"robots\" content=\"index, follow, max-snippet:-1, max-image-preview:large, max-video-preview:-1\" \/>\n<link rel=\"canonical\" href=\"https:\/\/fredfloris.eu\/pt\/productpage\/round-hoop-30-mm-earrings\/?wmc-currency=EUR\" \/>\n<meta property=\"og:locale\" content=\"pt_PT\" \/>\n<meta property=\"og:type\" content=\"article\" \/>\n<meta property=\"og:title\" content=\"Thick &amp; Chunky Gold and Silver Hoop Earrings | FredFloris\" \/>\n<meta property=\"og:description\" content=\"Everyone needs a reliable pair of thick and chunky hoop earrings, available in 24k gold and platinum plated silver.\" \/>\n<meta property=\"og:url\" content=\"https:\/\/fredfloris.eu\/pt\/productpage\/round-hoop-30-mm-earrings\/?wmc-currency=EUR\" \/>\n<meta property=\"og:site_name\" content=\"FredFloris\" \/>\n<meta property=\"article:publisher\" content=\"https:\/\/www.facebook.com\/FredFloris.Artisan.Studio\/\" \/>\n<meta property=\"article:modified_time\" content=\"2024-07-23T18:25:25+00:00\" \/>\n<meta property=\"og:image\" content=\"https:\/\/fredfloris.eu\/wp-content\/uploads\/2022\/05\/IMG_2144-scaled.jpg\" \/>\n\t<meta property=\"og:image:width\" content=\"2560\" \/>\n\t<meta property=\"og:image:height\" content=\"1707\" \/>\n\t<meta property=\"og:image:type\" content=\"image\/jpeg\" \/>\n<meta name=\"twitter:card\" content=\"summary_large_image\" \/>\n<meta name=\"twitter:site\" content=\"@_fredfloris_\" \/>\n<meta name=\"twitter:label1\" content=\"Tempo estimado de leitura\" \/>\n\t<meta name=\"twitter:data1\" content=\"2 minutos\" \/>\n<script type=\"application\/ld+json\" class=\"yoast-schema-graph\">{\"@context\":\"https:\/\/schema.org\",\"@graph\":[{\"@type\":\"WebPage\",\"@id\":\"https:\/\/fredfloris.eu\/productpage\/round-hoop-30-mm-earrings\/\",\"url\":\"https:\/\/fredfloris.eu\/productpage\/round-hoop-30-mm-earrings\/\",\"name\":\"Thick & Chunky Gold and Silver Hoop Earrings | FredFloris\",\"isPartOf\":{\"@id\":\"https:\/\/fredfloris.eu\/#website\"},\"primaryImageOfPage\":{\"@id\":\"https:\/\/fredfloris.eu\/productpage\/round-hoop-30-mm-earrings\/#primaryimage\"},\"image\":{\"@id\":\"https:\/\/fredfloris.eu\/productpage\/round-hoop-30-mm-earrings\/#primaryimage\"},\"thumbnailUrl\":\"https:\/\/fredfloris.eu\/wp-content\/uploads\/2022\/05\/IMG_2144-scaled-e1740244857277.jpg\",\"datePublished\":\"2022-05-18T16:01:47+00:00\",\"dateModified\":\"2024-07-23T18:25:25+00:00\",\"description\":\"Everyone needs a reliable pair of thick and chunky hoop earrings, available in 24k gold and platinum plated silver.\",\"breadcrumb\":{\"@id\":\"https:\/\/fredfloris.eu\/productpage\/round-hoop-30-mm-earrings\/#breadcrumb\"},\"inLanguage\":\"pt-PT\",\"potentialAction\":[{\"@type\":\"ReadAction\",\"target\":[\"https:\/\/fredfloris.eu\/productpage\/round-hoop-30-mm-earrings\/\"]}]},{\"@type\":\"ImageObject\",\"inLanguage\":\"pt-PT\",\"@id\":\"https:\/\/fredfloris.eu\/productpage\/round-hoop-30-mm-earrings\/#primaryimage\",\"url\":\"https:\/\/fredfloris.eu\/wp-content\/uploads\/2022\/05\/IMG_2144-scaled-e1740244857277.jpg\",\"contentUrl\":\"https:\/\/fredfloris.eu\/wp-content\/uploads\/2022\/05\/IMG_2144-scaled-e1740244857277.jpg\",\"width\":1650,\"height\":1100,\"caption\":\"Product: Round Hoop 30 mm \u2013 Gold and Platinum Plated Silver\"},{\"@type\":\"BreadcrumbList\",\"@id\":\"https:\/\/fredfloris.eu\/productpage\/round-hoop-30-mm-earrings\/#breadcrumb\",\"itemListElement\":[{\"@type\":\"ListItem\",\"position\":1,\"name\":\"Home\",\"item\":\"https:\/\/fredfloris.eu\/\"},{\"@type\":\"ListItem\",\"position\":2,\"name\":\"Shop\",\"item\":\"https:\/\/fredfloris.eu\/shop\/\"},{\"@type\":\"ListItem\",\"position\":3,\"name\":\"H\u00f6st &#8211; Round Hoop 30 mm Earrings\"}]},{\"@type\":\"WebSite\",\"@id\":\"https:\/\/fredfloris.eu\/#website\",\"url\":\"https:\/\/fredfloris.eu\/\",\"name\":\"FredFloris\",\"description\":\"Handcrafted Leathergoods - Made in Sweden\",\"publisher\":{\"@id\":\"https:\/\/fredfloris.eu\/#organization\"},\"potentialAction\":[{\"@type\":\"SearchAction\",\"target\":{\"@type\":\"EntryPoint\",\"urlTemplate\":\"https:\/\/fredfloris.eu\/?s={search_term_string}\"},\"query-input\":{\"@type\":\"PropertyValueSpecification\",\"valueRequired\":true,\"valueName\":\"search_term_string\"}}],\"inLanguage\":\"pt-PT\"},{\"@type\":\"Organization\",\"@id\":\"https:\/\/fredfloris.eu\/#organization\",\"name\":\"FredFloris\",\"url\":\"https:\/\/fredfloris.eu\/\",\"logo\":{\"@type\":\"ImageObject\",\"inLanguage\":\"pt-PT\",\"@id\":\"https:\/\/fredfloris.eu\/#\/schema\/logo\/image\/\",\"url\":\"https:\/\/fredfloris.eu\/wp-content\/uploads\/2022\/03\/FredFloris-med-hel-nal-och-text.png\",\"contentUrl\":\"https:\/\/fredfloris.eu\/wp-content\/uploads\/2022\/03\/FredFloris-med-hel-nal-och-text.png\",\"width\":591,\"height\":283,\"caption\":\"FredFloris\"},\"image\":{\"@id\":\"https:\/\/fredfloris.eu\/#\/schema\/logo\/image\/\"},\"sameAs\":[\"https:\/\/www.facebook.com\/FredFloris.Artisan.Studio\/\",\"https:\/\/x.com\/_fredfloris_\",\"https:\/\/www.instagram.com\/fredfloris.artisan.studio\/\"]}]}<\/script>\n<!-- \/ Yoast SEO plugin. -->","yoast_head_json":{"title":"Thick & Chunky Gold and Silver Hoop Earrings | FredFloris","description":"Everyone needs a reliable pair of thick and chunky hoop earrings, available in 24k gold and platinum plated silver.","robots":{"index":"index","follow":"follow","max-snippet":"max-snippet:-1","max-image-preview":"max-image-preview:large","max-video-preview":"max-video-preview:-1"},"canonical":"https:\/\/fredfloris.eu\/pt\/productpage\/round-hoop-30-mm-earrings\/?wmc-currency=EUR","og_locale":"pt_PT","og_type":"article","og_title":"Thick & Chunky Gold and Silver Hoop Earrings | FredFloris","og_description":"Everyone needs a reliable pair of thick and chunky hoop earrings, available in 24k gold and platinum plated silver.","og_url":"https:\/\/fredfloris.eu\/pt\/productpage\/round-hoop-30-mm-earrings\/?wmc-currency=EUR","og_site_name":"FredFloris","article_publisher":"https:\/\/www.facebook.com\/FredFloris.Artisan.Studio\/","article_modified_time":"2024-07-23T18:25:25+00:00","og_image":[{"width":2560,"height":1707,"url":"https:\/\/fredfloris.eu\/wp-content\/uploads\/2022\/05\/IMG_2144-scaled.jpg","type":"image\/jpeg"}],"twitter_card":"summary_large_image","twitter_site":"@_fredfloris_","twitter_misc":{"Tempo estimado de leitura":"2 minutos"},"schema":{"@context":"https:\/\/schema.org","@graph":[{"@type":"WebPage","@id":"https:\/\/fredfloris.eu\/productpage\/round-hoop-30-mm-earrings\/","url":"https:\/\/fredfloris.eu\/productpage\/round-hoop-30-mm-earrings\/","name":"Thick & Chunky Gold and Silver Hoop Earrings | FredFloris","isPartOf":{"@id":"https:\/\/fredfloris.eu\/#website"},"primaryImageOfPage":{"@id":"https:\/\/fredfloris.eu\/productpage\/round-hoop-30-mm-earrings\/#primaryimage"},"image":{"@id":"https:\/\/fredfloris.eu\/productpage\/round-hoop-30-mm-earrings\/#primaryimage"},"thumbnailUrl":"https:\/\/fredfloris.eu\/wp-content\/uploads\/2022\/05\/IMG_2144-scaled-e1740244857277.jpg","datePublished":"2022-05-18T16:01:47+00:00","dateModified":"2024-07-23T18:25:25+00:00","description":"Everyone needs a reliable pair of thick and chunky hoop earrings, available in 24k gold and platinum plated silver.","breadcrumb":{"@id":"https:\/\/fredfloris.eu\/productpage\/round-hoop-30-mm-earrings\/#breadcrumb"},"inLanguage":"pt-PT","potentialAction":[{"@type":"ReadAction","target":["https:\/\/fredfloris.eu\/productpage\/round-hoop-30-mm-earrings\/"]}]},{"@type":"ImageObject","inLanguage":"pt-PT","@id":"https:\/\/fredfloris.eu\/productpage\/round-hoop-30-mm-earrings\/#primaryimage","url":"https:\/\/fredfloris.eu\/wp-content\/uploads\/2022\/05\/IMG_2144-scaled-e1740244857277.jpg","contentUrl":"https:\/\/fredfloris.eu\/wp-content\/uploads\/2022\/05\/IMG_2144-scaled-e1740244857277.jpg","width":1650,"height":1100,"caption":"Product: Round Hoop 30 mm \u2013 Gold and Platinum Plated Silver"},{"@type":"BreadcrumbList","@id":"https:\/\/fredfloris.eu\/productpage\/round-hoop-30-mm-earrings\/#breadcrumb","itemListElement":[{"@type":"ListItem","position":1,"name":"Home","item":"https:\/\/fredfloris.eu\/"},{"@type":"ListItem","position":2,"name":"Shop","item":"https:\/\/fredfloris.eu\/shop\/"},{"@type":"ListItem","position":3,"name":"H\u00f6st &#8211; Round Hoop 30 mm Earrings"}]},{"@type":"WebSite","@id":"https:\/\/fredfloris.eu\/#website","url":"https:\/\/fredfloris.eu\/","name":"FredFloris","description":"Artigos em pele feitos \u00e0 m\u00e3o - Fabricados na Su\u00e9cia","publisher":{"@id":"https:\/\/fredfloris.eu\/#organization"},"potentialAction":[{"@type":"SearchAction","target":{"@type":"EntryPoint","urlTemplate":"https:\/\/fredfloris.eu\/?s={search_term_string}"},"query-input":{"@type":"PropertyValueSpecification","valueRequired":true,"valueName":"search_term_string"}}],"inLanguage":"pt-PT"},{"@type":"Organization","@id":"https:\/\/fredfloris.eu\/#organization","name":"FredFloris","url":"https:\/\/fredfloris.eu\/","logo":{"@type":"ImageObject","inLanguage":"pt-PT","@id":"https:\/\/fredfloris.eu\/#\/schema\/logo\/image\/","url":"https:\/\/fredfloris.eu\/wp-content\/uploads\/2022\/03\/FredFloris-med-hel-nal-och-text.png","contentUrl":"https:\/\/fredfloris.eu\/wp-content\/uploads\/2022\/03\/FredFloris-med-hel-nal-och-text.png","width":591,"height":283,"caption":"FredFloris"},"image":{"@id":"https:\/\/fredfloris.eu\/#\/schema\/logo\/image\/"},"sameAs":["https:\/\/www.facebook.com\/FredFloris.Artisan.Studio\/","https:\/\/x.com\/_fredfloris_","https:\/\/www.instagram.com\/fredfloris.artisan.studio\/"]}]}},"brands":[{"id":204,"name":"FredFloris &amp; Partner","slug":"fredfloris-partner"}],"_links":{"self":[{"href":"https:\/\/fredfloris.eu\/pt\/wp-json\/wp\/v2\/product\/5282","targetHints":{"allow":["GET"]}}],"collection":[{"href":"https:\/\/fredfloris.eu\/pt\/wp-json\/wp\/v2\/product"}],"about":[{"href":"https:\/\/fredfloris.eu\/pt\/wp-json\/wp\/v2\/types\/product"}],"version-history":[{"count":8,"href":"https:\/\/fredfloris.eu\/pt\/wp-json\/wp\/v2\/product\/5282\/revisions"}],"predecessor-version":[{"id":11587,"href":"https:\/\/fredfloris.eu\/pt\/wp-json\/wp\/v2\/product\/5282\/revisions\/11587"}],"wp:featuredmedia":[{"embeddable":true,"href":"https:\/\/fredfloris.eu\/pt\/wp-json\/wp\/v2\/media\/4777"}],"wp:attachment":[{"href":"https:\/\/fredfloris.eu\/pt\/wp-json\/wp\/v2\/media?parent=5282"}],"wp:term":[{"taxonomy":"pwb-brand","embeddable":true,"href":"https:\/\/fredfloris.eu\/pt\/wp-json\/wp\/v2\/pwb-brand?post=5282"},{"taxonomy":"product_brand","embeddable":true,"href":"https:\/\/fredfloris.eu\/pt\/wp-json\/wp\/v2\/product_brand?post=5282"},{"taxonomy":"product_cat","embeddable":true,"href":"https:\/\/fredfloris.eu\/pt\/wp-json\/wp\/v2\/product_cat?post=5282"},{"taxonomy":"product_tag","embeddable":true,"href":"https:\/\/fredfloris.eu\/pt\/wp-json\/wp\/v2\/product_tag?post=5282"},{"taxonomy":"woo-feed-brand","embeddable":true,"href":"https:\/\/fredfloris.eu\/pt\/wp-json\/wp\/v2\/woo-feed-brand?post=5282"}],"curies":[{"name":"wp","href":"https:\/\/api.w.org\/{rel}","templated":true}]}}