{"id":5335,"date":"2022-05-18T19:51:59","date_gmt":"2022-05-18T17:51:59","guid":{"rendered":"https:\/\/fredfloris.eu\/?post_type=product&#038;p=5335"},"modified":"2024-07-23T20:31:14","modified_gmt":"2024-07-23T18:31:14","slug":"crystal-blue-swarovski-earrings","status":"publish","type":"product","link":"https:\/\/fredfloris.eu\/pt\/productpage\/crystal-blue-swarovski-earrings\/","title":{"rendered":"Crystal Blue &#8211; Leverback Swarovski Crystal Earrings"},"content":{"rendered":"<p><strong>Embrace timeless elegance with our Crystal Blue Earrings.<\/strong> The classic pairing of precious metal with clear-cut crystal transforms these earrings into a fashion essential, evoking the grace of a Goddess. Their versatile design complements any outfit without overwhelming it, making them ideal for a variety of occasions including special events, weddings, parties, work functions, and family gatherings.<\/p>\n<p><strong>Op\u00e7\u00f5es dispon\u00edveis:<\/strong> Our Swarovski crystal drop earrings come with either platinum or 24k gold plating on a 925 Sterling silver lever-back earring base.<\/p>\n<p><strong>Swarovski Crystals:<\/strong> Chosen for their ability to reflect light spectacularly, Swarovski crystals ensure lasting brilliance and shine. These crystals are crafted in Wattens, Austria.<\/p>\n<p><strong>Perfect as a Meaningful Gift:<\/strong> These lavish earrings are an excellent choice for those seeking a classic yet striking gift. Ideal for a bride, they can serve as her &#8220;something blue,&#8221; adding a special touch to her wedding day and cherished for years to come in a happy marriage.<\/p>\n<p><strong>Hipoalerg\u00e9nico:<\/strong> Crafted with a nickel-free Sterling silver lever-backing to prevent skin irritation and tarnish, ensuring the earrings remain securely and comfortably in place.<\/p>\n<p><strong>Cuidados com as j\u00f3ias:<\/strong> Para manter o seu estado impec\u00e1vel, guarde os brincos numa caixa ou saco macio, separado de outras j\u00f3ias. Evite a exposi\u00e7\u00e3o a produtos qu\u00edmicos para evitar danos. O revestimento, quer seja de platina ou de ouro, \u00e9 delicado e, como todos os revestimentos, desvanece-se com o tempo. Limite o contacto com produtos qu\u00edmicos e com a pele para prolongar a vida do revestimento.<\/p>\n<p>&nbsp;<\/p>\n<p>Search words: Sterling silver leverback earrings, Swarovski crystal drop earrings, leverback earrings, Swarovski crystal<\/p>\n<p>&nbsp;<\/p>","protected":false},"excerpt":{"rendered":"<p><strong>DIMENS\u00d5ES DO PRODUTO - <\/strong>Product Weight: 4 g (pair)<\/p>\n<p>Crystal Size: 16 mm. Leverback Height: 18 mm, Width: 11.80 mm.<\/p>\n<p>Available in 925 Sterling Silver\/Platinum Plated\/24K Gold Plated &#8211; 0,4 \u00b5m.<\/p>\n<pre><\/pre>\n<p>A base do brinco \u00e9 feita pelo nosso parceiro experiente na Pol\u00f3nia. Utilizamos prata revestida com 0,4 \u00b5m de espessura, uma vez que n\u00e3o escurece nem embota as j\u00f3ias. O produto tem alguma resist\u00eancia \u00e0 descolora\u00e7\u00e3o, mas n\u00e3o se esque\u00e7a de seguir as nossas instru\u00e7\u00f5es de manuten\u00e7\u00e3o para prolongar a vida das suas novas j\u00f3ias.<\/p>","protected":false},"featured_media":4893,"template":"","meta":[],"pwb-brand":[204],"product_brand":[],"product_cat":[115,113,101],"product_tag":[163,165,164,135,195],"woo-feed-brand":[],"class_list":{"0":"post-5335","1":"product","2":"type-product","3":"status-publish","4":"has-post-thumbnail","6":"pwb-brand-fredfloris-partner","7":"product_cat-drop-earrings","8":"product_cat-earrings","9":"product_cat-jewelry","10":"product_tag-gold","11":"product_tag-platinum","12":"product_tag-silver","13":"product_tag-stocked","14":"product_tag-swarovski","15":"product_shipping_class-small-goods","16":"pa_leverback-ag-925-24k-gold-plated-04-m","17":"pa_leverback-ag-925-platinum-plated-04-m","18":"pa_swarovski-crystal-swarovski-16mm-crystal-blue","20":"first","21":"instock","22":"taxable","23":"shipping-taxable","24":"purchasable","25":"product-type-variable"},"yoast_head":"<!-- This site is optimized with the Yoast SEO plugin v27.2 - https:\/\/yoast.com\/product\/yoast-seo-wordpress\/ -->\n<title>Swarovski Crystal Drop Earrings - Crystal Blue | FredFloris<\/title>\n<meta name=\"description\" content=\"Swarovski Crystal drop earrings, Almond shaped, Platinum Plated &amp; 24K Gold Plated 925 Sterling Silver leverback earrings base, Gifts for Wife\" \/>\n<meta name=\"robots\" content=\"index, follow, max-snippet:-1, max-image-preview:large, max-video-preview:-1\" \/>\n<link rel=\"canonical\" href=\"https:\/\/fredfloris.eu\/pt\/productpage\/crystal-blue-swarovski-earrings\/?wmc-currency=EUR\" \/>\n<meta property=\"og:locale\" content=\"pt_PT\" \/>\n<meta property=\"og:type\" content=\"article\" \/>\n<meta property=\"og:title\" content=\"Swarovski Crystal Drop Earrings - Crystal Blue | FredFloris\" \/>\n<meta property=\"og:description\" content=\"Swarovski Crystal drop earrings, Almond shaped, Platinum Plated &amp; 24K Gold Plated 925 Sterling Silver leverback earrings base, Gifts for Wife\" \/>\n<meta property=\"og:url\" content=\"https:\/\/fredfloris.eu\/pt\/productpage\/crystal-blue-swarovski-earrings\/?wmc-currency=EUR\" \/>\n<meta property=\"og:site_name\" content=\"FredFloris\" \/>\n<meta property=\"article:publisher\" content=\"https:\/\/www.facebook.com\/FredFloris.Artisan.Studio\/\" \/>\n<meta property=\"article:modified_time\" content=\"2024-07-23T18:31:14+00:00\" \/>\n<meta property=\"og:image\" content=\"https:\/\/fredfloris.eu\/wp-content\/uploads\/2022\/05\/IMG_2223-scaled.jpg\" \/>\n\t<meta property=\"og:image:width\" content=\"2560\" \/>\n\t<meta property=\"og:image:height\" content=\"1707\" \/>\n\t<meta property=\"og:image:type\" content=\"image\/jpeg\" \/>\n<meta name=\"twitter:card\" content=\"summary_large_image\" \/>\n<meta name=\"twitter:site\" content=\"@_fredfloris_\" \/>\n<meta name=\"twitter:label1\" content=\"Tempo estimado de leitura\" \/>\n\t<meta name=\"twitter:data1\" content=\"2 minutos\" \/>\n<script type=\"application\/ld+json\" class=\"yoast-schema-graph\">{\"@context\":\"https:\/\/schema.org\",\"@graph\":[{\"@type\":\"WebPage\",\"@id\":\"https:\/\/fredfloris.eu\/productpage\/crystal-blue-swarovski-earrings\/\",\"url\":\"https:\/\/fredfloris.eu\/productpage\/crystal-blue-swarovski-earrings\/\",\"name\":\"Swarovski Crystal Drop Earrings - Crystal Blue | FredFloris\",\"isPartOf\":{\"@id\":\"https:\/\/fredfloris.eu\/#website\"},\"primaryImageOfPage\":{\"@id\":\"https:\/\/fredfloris.eu\/productpage\/crystal-blue-swarovski-earrings\/#primaryimage\"},\"image\":{\"@id\":\"https:\/\/fredfloris.eu\/productpage\/crystal-blue-swarovski-earrings\/#primaryimage\"},\"thumbnailUrl\":\"https:\/\/fredfloris.eu\/wp-content\/uploads\/2022\/05\/IMG_2223-scaled.jpg\",\"datePublished\":\"2022-05-18T17:51:59+00:00\",\"dateModified\":\"2024-07-23T18:31:14+00:00\",\"description\":\"Swarovski Crystal drop earrings, Almond shaped, Platinum Plated & 24K Gold Plated 925 Sterling Silver leverback earrings base, Gifts for Wife\",\"breadcrumb\":{\"@id\":\"https:\/\/fredfloris.eu\/productpage\/crystal-blue-swarovski-earrings\/#breadcrumb\"},\"inLanguage\":\"pt-PT\",\"potentialAction\":[{\"@type\":\"ReadAction\",\"target\":[\"https:\/\/fredfloris.eu\/productpage\/crystal-blue-swarovski-earrings\/\"]}]},{\"@type\":\"ImageObject\",\"inLanguage\":\"pt-PT\",\"@id\":\"https:\/\/fredfloris.eu\/productpage\/crystal-blue-swarovski-earrings\/#primaryimage\",\"url\":\"https:\/\/fredfloris.eu\/wp-content\/uploads\/2022\/05\/IMG_2223-scaled.jpg\",\"contentUrl\":\"https:\/\/fredfloris.eu\/wp-content\/uploads\/2022\/05\/IMG_2223-scaled.jpg\",\"width\":2560,\"height\":1707,\"caption\":\"Product: Crystal Blue \u2013 Gold and Platinum Plated Silver\"},{\"@type\":\"BreadcrumbList\",\"@id\":\"https:\/\/fredfloris.eu\/productpage\/crystal-blue-swarovski-earrings\/#breadcrumb\",\"itemListElement\":[{\"@type\":\"ListItem\",\"position\":1,\"name\":\"Home\",\"item\":\"https:\/\/fredfloris.eu\/\"},{\"@type\":\"ListItem\",\"position\":2,\"name\":\"Shop\",\"item\":\"https:\/\/fredfloris.eu\/shop\/\"},{\"@type\":\"ListItem\",\"position\":3,\"name\":\"Crystal Blue &#8211; Leverback Swarovski Crystal Earrings\"}]},{\"@type\":\"WebSite\",\"@id\":\"https:\/\/fredfloris.eu\/#website\",\"url\":\"https:\/\/fredfloris.eu\/\",\"name\":\"FredFloris\",\"description\":\"Handcrafted Leathergoods - Made in Sweden\",\"publisher\":{\"@id\":\"https:\/\/fredfloris.eu\/#organization\"},\"potentialAction\":[{\"@type\":\"SearchAction\",\"target\":{\"@type\":\"EntryPoint\",\"urlTemplate\":\"https:\/\/fredfloris.eu\/?s={search_term_string}\"},\"query-input\":{\"@type\":\"PropertyValueSpecification\",\"valueRequired\":true,\"valueName\":\"search_term_string\"}}],\"inLanguage\":\"pt-PT\"},{\"@type\":\"Organization\",\"@id\":\"https:\/\/fredfloris.eu\/#organization\",\"name\":\"FredFloris\",\"url\":\"https:\/\/fredfloris.eu\/\",\"logo\":{\"@type\":\"ImageObject\",\"inLanguage\":\"pt-PT\",\"@id\":\"https:\/\/fredfloris.eu\/#\/schema\/logo\/image\/\",\"url\":\"https:\/\/fredfloris.eu\/wp-content\/uploads\/2022\/03\/FredFloris-med-hel-nal-och-text.png\",\"contentUrl\":\"https:\/\/fredfloris.eu\/wp-content\/uploads\/2022\/03\/FredFloris-med-hel-nal-och-text.png\",\"width\":591,\"height\":283,\"caption\":\"FredFloris\"},\"image\":{\"@id\":\"https:\/\/fredfloris.eu\/#\/schema\/logo\/image\/\"},\"sameAs\":[\"https:\/\/www.facebook.com\/FredFloris.Artisan.Studio\/\",\"https:\/\/x.com\/_fredfloris_\",\"https:\/\/www.instagram.com\/fredfloris.artisan.studio\/\"]}]}<\/script>\n<!-- \/ Yoast SEO plugin. -->","yoast_head_json":{"title":"Swarovski Crystal Drop Earrings - Crystal Blue | FredFloris","description":"Swarovski Crystal drop earrings, Almond shaped, Platinum Plated & 24K Gold Plated 925 Sterling Silver leverback earrings base, Gifts for Wife","robots":{"index":"index","follow":"follow","max-snippet":"max-snippet:-1","max-image-preview":"max-image-preview:large","max-video-preview":"max-video-preview:-1"},"canonical":"https:\/\/fredfloris.eu\/pt\/productpage\/crystal-blue-swarovski-earrings\/?wmc-currency=EUR","og_locale":"pt_PT","og_type":"article","og_title":"Swarovski Crystal Drop Earrings - Crystal Blue | FredFloris","og_description":"Swarovski Crystal drop earrings, Almond shaped, Platinum Plated & 24K Gold Plated 925 Sterling Silver leverback earrings base, Gifts for Wife","og_url":"https:\/\/fredfloris.eu\/pt\/productpage\/crystal-blue-swarovski-earrings\/?wmc-currency=EUR","og_site_name":"FredFloris","article_publisher":"https:\/\/www.facebook.com\/FredFloris.Artisan.Studio\/","article_modified_time":"2024-07-23T18:31:14+00:00","og_image":[{"width":2560,"height":1707,"url":"https:\/\/fredfloris.eu\/wp-content\/uploads\/2022\/05\/IMG_2223-scaled.jpg","type":"image\/jpeg"}],"twitter_card":"summary_large_image","twitter_site":"@_fredfloris_","twitter_misc":{"Tempo estimado de leitura":"2 minutos"},"schema":{"@context":"https:\/\/schema.org","@graph":[{"@type":"WebPage","@id":"https:\/\/fredfloris.eu\/productpage\/crystal-blue-swarovski-earrings\/","url":"https:\/\/fredfloris.eu\/productpage\/crystal-blue-swarovski-earrings\/","name":"Swarovski Crystal Drop Earrings - Crystal Blue | FredFloris","isPartOf":{"@id":"https:\/\/fredfloris.eu\/#website"},"primaryImageOfPage":{"@id":"https:\/\/fredfloris.eu\/productpage\/crystal-blue-swarovski-earrings\/#primaryimage"},"image":{"@id":"https:\/\/fredfloris.eu\/productpage\/crystal-blue-swarovski-earrings\/#primaryimage"},"thumbnailUrl":"https:\/\/fredfloris.eu\/wp-content\/uploads\/2022\/05\/IMG_2223-scaled.jpg","datePublished":"2022-05-18T17:51:59+00:00","dateModified":"2024-07-23T18:31:14+00:00","description":"Swarovski Crystal drop earrings, Almond shaped, Platinum Plated & 24K Gold Plated 925 Sterling Silver leverback earrings base, Gifts for Wife","breadcrumb":{"@id":"https:\/\/fredfloris.eu\/productpage\/crystal-blue-swarovski-earrings\/#breadcrumb"},"inLanguage":"pt-PT","potentialAction":[{"@type":"ReadAction","target":["https:\/\/fredfloris.eu\/productpage\/crystal-blue-swarovski-earrings\/"]}]},{"@type":"ImageObject","inLanguage":"pt-PT","@id":"https:\/\/fredfloris.eu\/productpage\/crystal-blue-swarovski-earrings\/#primaryimage","url":"https:\/\/fredfloris.eu\/wp-content\/uploads\/2022\/05\/IMG_2223-scaled.jpg","contentUrl":"https:\/\/fredfloris.eu\/wp-content\/uploads\/2022\/05\/IMG_2223-scaled.jpg","width":2560,"height":1707,"caption":"Product: Crystal Blue \u2013 Gold and Platinum Plated Silver"},{"@type":"BreadcrumbList","@id":"https:\/\/fredfloris.eu\/productpage\/crystal-blue-swarovski-earrings\/#breadcrumb","itemListElement":[{"@type":"ListItem","position":1,"name":"Home","item":"https:\/\/fredfloris.eu\/"},{"@type":"ListItem","position":2,"name":"Shop","item":"https:\/\/fredfloris.eu\/shop\/"},{"@type":"ListItem","position":3,"name":"Crystal Blue &#8211; Leverback Swarovski Crystal Earrings"}]},{"@type":"WebSite","@id":"https:\/\/fredfloris.eu\/#website","url":"https:\/\/fredfloris.eu\/","name":"FredFloris","description":"Artigos em pele feitos \u00e0 m\u00e3o - Fabricados na Su\u00e9cia","publisher":{"@id":"https:\/\/fredfloris.eu\/#organization"},"potentialAction":[{"@type":"SearchAction","target":{"@type":"EntryPoint","urlTemplate":"https:\/\/fredfloris.eu\/?s={search_term_string}"},"query-input":{"@type":"PropertyValueSpecification","valueRequired":true,"valueName":"search_term_string"}}],"inLanguage":"pt-PT"},{"@type":"Organization","@id":"https:\/\/fredfloris.eu\/#organization","name":"FredFloris","url":"https:\/\/fredfloris.eu\/","logo":{"@type":"ImageObject","inLanguage":"pt-PT","@id":"https:\/\/fredfloris.eu\/#\/schema\/logo\/image\/","url":"https:\/\/fredfloris.eu\/wp-content\/uploads\/2022\/03\/FredFloris-med-hel-nal-och-text.png","contentUrl":"https:\/\/fredfloris.eu\/wp-content\/uploads\/2022\/03\/FredFloris-med-hel-nal-och-text.png","width":591,"height":283,"caption":"FredFloris"},"image":{"@id":"https:\/\/fredfloris.eu\/#\/schema\/logo\/image\/"},"sameAs":["https:\/\/www.facebook.com\/FredFloris.Artisan.Studio\/","https:\/\/x.com\/_fredfloris_","https:\/\/www.instagram.com\/fredfloris.artisan.studio\/"]}]}},"brands":[{"id":204,"name":"FredFloris &amp; Partner","slug":"fredfloris-partner"}],"_links":{"self":[{"href":"https:\/\/fredfloris.eu\/pt\/wp-json\/wp\/v2\/product\/5335","targetHints":{"allow":["GET"]}}],"collection":[{"href":"https:\/\/fredfloris.eu\/pt\/wp-json\/wp\/v2\/product"}],"about":[{"href":"https:\/\/fredfloris.eu\/pt\/wp-json\/wp\/v2\/types\/product"}],"version-history":[{"count":9,"href":"https:\/\/fredfloris.eu\/pt\/wp-json\/wp\/v2\/product\/5335\/revisions"}],"predecessor-version":[{"id":11583,"href":"https:\/\/fredfloris.eu\/pt\/wp-json\/wp\/v2\/product\/5335\/revisions\/11583"}],"wp:featuredmedia":[{"embeddable":true,"href":"https:\/\/fredfloris.eu\/pt\/wp-json\/wp\/v2\/media\/4893"}],"wp:attachment":[{"href":"https:\/\/fredfloris.eu\/pt\/wp-json\/wp\/v2\/media?parent=5335"}],"wp:term":[{"taxonomy":"pwb-brand","embeddable":true,"href":"https:\/\/fredfloris.eu\/pt\/wp-json\/wp\/v2\/pwb-brand?post=5335"},{"taxonomy":"product_brand","embeddable":true,"href":"https:\/\/fredfloris.eu\/pt\/wp-json\/wp\/v2\/product_brand?post=5335"},{"taxonomy":"product_cat","embeddable":true,"href":"https:\/\/fredfloris.eu\/pt\/wp-json\/wp\/v2\/product_cat?post=5335"},{"taxonomy":"product_tag","embeddable":true,"href":"https:\/\/fredfloris.eu\/pt\/wp-json\/wp\/v2\/product_tag?post=5335"},{"taxonomy":"woo-feed-brand","embeddable":true,"href":"https:\/\/fredfloris.eu\/pt\/wp-json\/wp\/v2\/woo-feed-brand?post=5335"}],"curies":[{"name":"wp","href":"https:\/\/api.w.org\/{rel}","templated":true}]}}