{"id":5340,"date":"2022-05-18T20:01:13","date_gmt":"2022-05-18T18:01:13","guid":{"rendered":"https:\/\/fredfloris.eu\/?post_type=product&#038;p=5340"},"modified":"2024-07-23T20:29:23","modified_gmt":"2024-07-23T18:29:23","slug":"bermuda-blue-swarovski-earrings","status":"publish","type":"product","link":"https:\/\/fredfloris.eu\/pt\/productpage\/bermuda-blue-swarovski-earrings\/","title":{"rendered":"Bermuda Blue &#8211; Leverback Swarovski Crystal Earrings"},"content":{"rendered":"<p><strong>Experience the allure of our Bermuda Blue earrings, inspired by the deep and mysterious waters of the Bermuda ocean.<\/strong> Bold and beautiful, these elegant pieces add a feminine flair to any outfit. The lever-backing, designed like an arrow, securely holds the crystal, drawing attention to the dazzling Swarovski crystals. Available with either platinum or gold plating, the backing widens towards the crystal, enhancing Swarovski\u2019s signature shine.<\/p>\n<p><strong>Effortlessly Stylish:<\/strong> These earrings exude refinement and class, making them perfect for events, evenings, and everyday wear.<\/p>\n<p><strong>Swarovski Crystals:<\/strong> Selected for their timeless design, Swarovski crystals complement all skin tones and face shapes. Expertly cut to capture and reflect light, these crystals ensure the wearer dazzles from every angle. Crafted in Wattens, Austria.<\/p>\n<p><strong>Perfeito para oferecer:<\/strong> These exquisite earrings are a cherished gift for any jewellery enthusiast. Ideal as a wedding gift, they can also serve as the perfect &#8220;something blue&#8221; for a bride.<\/p>\n<p><strong>Hipoalerg\u00e9nico:<\/strong> The lever-backing is crafted from nickel-free Sterling silver, preventing skin irritation and tarnishing. This design keeps the earrings securely in place while ensuring comfort for the wearer.<\/p>\n<p><strong>Cuidados com as j\u00f3ias:<\/strong> Para manter o seu estado impec\u00e1vel, guarde os brincos numa caixa ou saco macio, separado de outras j\u00f3ias. Evite a exposi\u00e7\u00e3o a produtos qu\u00edmicos para evitar danos. O revestimento, quer seja de platina ou de ouro, \u00e9 delicado e, como todos os revestimentos, desvanece-se com o tempo. Limite o contacto com produtos qu\u00edmicos e com a pele para prolongar a vida do revestimento.<\/p>\n<p>&nbsp;<\/p>\n<p>Search words: Crystal earrings from Swarovski, Gold crystal earrings, Silver crystal earrings<\/p>","protected":false},"excerpt":{"rendered":"<p><strong>DIMENS\u00d5ES DO PRODUTO - <\/strong>Product Weight: 6 g (pair)<\/p>\n<p>Crystal Size: 24 mm. Leverback Height: 18 mm, Width: 11.80 mm.<\/p>\n<p>Available in 925 Sterling Silver\/Platinum Plated\/24K Gold Plated &#8211; 0,4 \u00b5m.<\/p>\n<pre><\/pre>\n<p>A base do brinco \u00e9 feita pelo nosso parceiro experiente na Pol\u00f3nia. Utilizamos prata revestida com 0,4 \u00b5m de espessura, uma vez que n\u00e3o escurece nem embota as j\u00f3ias. O produto tem alguma resist\u00eancia \u00e0 descolora\u00e7\u00e3o, mas n\u00e3o se esque\u00e7a de seguir as nossas instru\u00e7\u00f5es de manuten\u00e7\u00e3o para prolongar a vida das suas novas j\u00f3ias.<\/p>","protected":false},"featured_media":4880,"template":"","meta":[],"pwb-brand":[204],"product_brand":[],"product_cat":[115,113,101],"product_tag":[163,165,164,135,195],"woo-feed-brand":[],"class_list":{"0":"post-5340","1":"product","2":"type-product","3":"status-publish","4":"has-post-thumbnail","6":"pwb-brand-fredfloris-partner","7":"product_cat-drop-earrings","8":"product_cat-earrings","9":"product_cat-jewelry","10":"product_tag-gold","11":"product_tag-platinum","12":"product_tag-silver","13":"product_tag-stocked","14":"product_tag-swarovski","15":"product_shipping_class-small-goods","16":"pa_leverback-ag-925-24k-gold-plated-04-m","17":"pa_leverback-ag-925-platinum-plated-04-m","18":"pa_swarovski-crystal-swarovski-24mm-bermuda-blue","20":"first","21":"instock","22":"taxable","23":"shipping-taxable","24":"purchasable","25":"product-type-variable"},"yoast_head":"<!-- This site is optimized with the Yoast SEO plugin v27.2 - https:\/\/yoast.com\/product\/yoast-seo-wordpress\/ -->\n<title>Bermuda Blue - Leverback Crystal Earrings From Swarovski | FredFloris<\/title>\n<meta name=\"description\" content=\"Crystal earrings from Swarovski. These crystal earrings are available in 925 sterling silver with platinum plating or 24k gold plating.\" \/>\n<meta name=\"robots\" content=\"index, follow, max-snippet:-1, max-image-preview:large, max-video-preview:-1\" \/>\n<link rel=\"canonical\" href=\"https:\/\/fredfloris.eu\/pt\/productpage\/bermuda-blue-swarovski-earrings\/?wmc-currency=EUR\" \/>\n<meta property=\"og:locale\" content=\"pt_PT\" \/>\n<meta property=\"og:type\" content=\"article\" \/>\n<meta property=\"og:title\" content=\"Bermuda Blue - Leverback Crystal Earrings From Swarovski | FredFloris\" \/>\n<meta property=\"og:description\" content=\"Crystal earrings from Swarovski. These crystal earrings are available in 925 sterling silver with platinum plating or 24k gold plating.\" \/>\n<meta property=\"og:url\" content=\"https:\/\/fredfloris.eu\/pt\/productpage\/bermuda-blue-swarovski-earrings\/?wmc-currency=EUR\" \/>\n<meta property=\"og:site_name\" content=\"FredFloris\" \/>\n<meta property=\"article:publisher\" content=\"https:\/\/www.facebook.com\/FredFloris.Artisan.Studio\/\" \/>\n<meta property=\"article:modified_time\" content=\"2024-07-23T18:29:23+00:00\" \/>\n<meta property=\"og:image\" content=\"https:\/\/fredfloris.eu\/wp-content\/uploads\/2022\/05\/IMG_0725-scaled.jpg\" \/>\n\t<meta property=\"og:image:width\" content=\"2560\" \/>\n\t<meta property=\"og:image:height\" content=\"1707\" \/>\n\t<meta property=\"og:image:type\" content=\"image\/jpeg\" \/>\n<meta name=\"twitter:card\" content=\"summary_large_image\" \/>\n<meta name=\"twitter:site\" content=\"@_fredfloris_\" \/>\n<meta name=\"twitter:label1\" content=\"Tempo estimado de leitura\" \/>\n\t<meta name=\"twitter:data1\" content=\"2 minutos\" \/>\n<script type=\"application\/ld+json\" class=\"yoast-schema-graph\">{\"@context\":\"https:\/\/schema.org\",\"@graph\":[{\"@type\":\"WebPage\",\"@id\":\"https:\/\/fredfloris.eu\/productpage\/bermuda-blue-swarovski-earrings\/\",\"url\":\"https:\/\/fredfloris.eu\/productpage\/bermuda-blue-swarovski-earrings\/\",\"name\":\"Bermuda Blue - Leverback Crystal Earrings From Swarovski | FredFloris\",\"isPartOf\":{\"@id\":\"https:\/\/fredfloris.eu\/#website\"},\"primaryImageOfPage\":{\"@id\":\"https:\/\/fredfloris.eu\/productpage\/bermuda-blue-swarovski-earrings\/#primaryimage\"},\"image\":{\"@id\":\"https:\/\/fredfloris.eu\/productpage\/bermuda-blue-swarovski-earrings\/#primaryimage\"},\"thumbnailUrl\":\"https:\/\/fredfloris.eu\/wp-content\/uploads\/2022\/05\/IMG_0725-scaled.jpg\",\"datePublished\":\"2022-05-18T18:01:13+00:00\",\"dateModified\":\"2024-07-23T18:29:23+00:00\",\"description\":\"Crystal earrings from Swarovski. These crystal earrings are available in 925 sterling silver with platinum plating or 24k gold plating.\",\"breadcrumb\":{\"@id\":\"https:\/\/fredfloris.eu\/productpage\/bermuda-blue-swarovski-earrings\/#breadcrumb\"},\"inLanguage\":\"pt-PT\",\"potentialAction\":[{\"@type\":\"ReadAction\",\"target\":[\"https:\/\/fredfloris.eu\/productpage\/bermuda-blue-swarovski-earrings\/\"]}]},{\"@type\":\"ImageObject\",\"inLanguage\":\"pt-PT\",\"@id\":\"https:\/\/fredfloris.eu\/productpage\/bermuda-blue-swarovski-earrings\/#primaryimage\",\"url\":\"https:\/\/fredfloris.eu\/wp-content\/uploads\/2022\/05\/IMG_0725-scaled.jpg\",\"contentUrl\":\"https:\/\/fredfloris.eu\/wp-content\/uploads\/2022\/05\/IMG_0725-scaled.jpg\",\"width\":2560,\"height\":1707,\"caption\":\"Product: Bermuda Blue \u2013 Gold and Platinum Plated Silver\"},{\"@type\":\"BreadcrumbList\",\"@id\":\"https:\/\/fredfloris.eu\/productpage\/bermuda-blue-swarovski-earrings\/#breadcrumb\",\"itemListElement\":[{\"@type\":\"ListItem\",\"position\":1,\"name\":\"Home\",\"item\":\"https:\/\/fredfloris.eu\/\"},{\"@type\":\"ListItem\",\"position\":2,\"name\":\"Shop\",\"item\":\"https:\/\/fredfloris.eu\/shop\/\"},{\"@type\":\"ListItem\",\"position\":3,\"name\":\"Bermuda Blue &#8211; Leverback Swarovski Crystal Earrings\"}]},{\"@type\":\"WebSite\",\"@id\":\"https:\/\/fredfloris.eu\/#website\",\"url\":\"https:\/\/fredfloris.eu\/\",\"name\":\"FredFloris\",\"description\":\"Handcrafted Leathergoods - Made in Sweden\",\"publisher\":{\"@id\":\"https:\/\/fredfloris.eu\/#organization\"},\"potentialAction\":[{\"@type\":\"SearchAction\",\"target\":{\"@type\":\"EntryPoint\",\"urlTemplate\":\"https:\/\/fredfloris.eu\/?s={search_term_string}\"},\"query-input\":{\"@type\":\"PropertyValueSpecification\",\"valueRequired\":true,\"valueName\":\"search_term_string\"}}],\"inLanguage\":\"pt-PT\"},{\"@type\":\"Organization\",\"@id\":\"https:\/\/fredfloris.eu\/#organization\",\"name\":\"FredFloris\",\"url\":\"https:\/\/fredfloris.eu\/\",\"logo\":{\"@type\":\"ImageObject\",\"inLanguage\":\"pt-PT\",\"@id\":\"https:\/\/fredfloris.eu\/#\/schema\/logo\/image\/\",\"url\":\"https:\/\/fredfloris.eu\/wp-content\/uploads\/2022\/03\/FredFloris-med-hel-nal-och-text.png\",\"contentUrl\":\"https:\/\/fredfloris.eu\/wp-content\/uploads\/2022\/03\/FredFloris-med-hel-nal-och-text.png\",\"width\":591,\"height\":283,\"caption\":\"FredFloris\"},\"image\":{\"@id\":\"https:\/\/fredfloris.eu\/#\/schema\/logo\/image\/\"},\"sameAs\":[\"https:\/\/www.facebook.com\/FredFloris.Artisan.Studio\/\",\"https:\/\/x.com\/_fredfloris_\",\"https:\/\/www.instagram.com\/fredfloris.artisan.studio\/\"]}]}<\/script>\n<!-- \/ Yoast SEO plugin. -->","yoast_head_json":{"title":"Bermuda Blue - Leverback Crystal Earrings From Swarovski | FredFloris","description":"Crystal earrings from Swarovski. These crystal earrings are available in 925 sterling silver with platinum plating or 24k gold plating.","robots":{"index":"index","follow":"follow","max-snippet":"max-snippet:-1","max-image-preview":"max-image-preview:large","max-video-preview":"max-video-preview:-1"},"canonical":"https:\/\/fredfloris.eu\/pt\/productpage\/bermuda-blue-swarovski-earrings\/?wmc-currency=EUR","og_locale":"pt_PT","og_type":"article","og_title":"Bermuda Blue - Leverback Crystal Earrings From Swarovski | FredFloris","og_description":"Crystal earrings from Swarovski. These crystal earrings are available in 925 sterling silver with platinum plating or 24k gold plating.","og_url":"https:\/\/fredfloris.eu\/pt\/productpage\/bermuda-blue-swarovski-earrings\/?wmc-currency=EUR","og_site_name":"FredFloris","article_publisher":"https:\/\/www.facebook.com\/FredFloris.Artisan.Studio\/","article_modified_time":"2024-07-23T18:29:23+00:00","og_image":[{"width":2560,"height":1707,"url":"https:\/\/fredfloris.eu\/wp-content\/uploads\/2022\/05\/IMG_0725-scaled.jpg","type":"image\/jpeg"}],"twitter_card":"summary_large_image","twitter_site":"@_fredfloris_","twitter_misc":{"Tempo estimado de leitura":"2 minutos"},"schema":{"@context":"https:\/\/schema.org","@graph":[{"@type":"WebPage","@id":"https:\/\/fredfloris.eu\/productpage\/bermuda-blue-swarovski-earrings\/","url":"https:\/\/fredfloris.eu\/productpage\/bermuda-blue-swarovski-earrings\/","name":"Bermuda Blue - Leverback Crystal Earrings From Swarovski | FredFloris","isPartOf":{"@id":"https:\/\/fredfloris.eu\/#website"},"primaryImageOfPage":{"@id":"https:\/\/fredfloris.eu\/productpage\/bermuda-blue-swarovski-earrings\/#primaryimage"},"image":{"@id":"https:\/\/fredfloris.eu\/productpage\/bermuda-blue-swarovski-earrings\/#primaryimage"},"thumbnailUrl":"https:\/\/fredfloris.eu\/wp-content\/uploads\/2022\/05\/IMG_0725-scaled.jpg","datePublished":"2022-05-18T18:01:13+00:00","dateModified":"2024-07-23T18:29:23+00:00","description":"Crystal earrings from Swarovski. These crystal earrings are available in 925 sterling silver with platinum plating or 24k gold plating.","breadcrumb":{"@id":"https:\/\/fredfloris.eu\/productpage\/bermuda-blue-swarovski-earrings\/#breadcrumb"},"inLanguage":"pt-PT","potentialAction":[{"@type":"ReadAction","target":["https:\/\/fredfloris.eu\/productpage\/bermuda-blue-swarovski-earrings\/"]}]},{"@type":"ImageObject","inLanguage":"pt-PT","@id":"https:\/\/fredfloris.eu\/productpage\/bermuda-blue-swarovski-earrings\/#primaryimage","url":"https:\/\/fredfloris.eu\/wp-content\/uploads\/2022\/05\/IMG_0725-scaled.jpg","contentUrl":"https:\/\/fredfloris.eu\/wp-content\/uploads\/2022\/05\/IMG_0725-scaled.jpg","width":2560,"height":1707,"caption":"Product: Bermuda Blue \u2013 Gold and Platinum Plated Silver"},{"@type":"BreadcrumbList","@id":"https:\/\/fredfloris.eu\/productpage\/bermuda-blue-swarovski-earrings\/#breadcrumb","itemListElement":[{"@type":"ListItem","position":1,"name":"Home","item":"https:\/\/fredfloris.eu\/"},{"@type":"ListItem","position":2,"name":"Shop","item":"https:\/\/fredfloris.eu\/shop\/"},{"@type":"ListItem","position":3,"name":"Bermuda Blue &#8211; Leverback Swarovski Crystal Earrings"}]},{"@type":"WebSite","@id":"https:\/\/fredfloris.eu\/#website","url":"https:\/\/fredfloris.eu\/","name":"FredFloris","description":"Artigos em pele feitos \u00e0 m\u00e3o - Fabricados na Su\u00e9cia","publisher":{"@id":"https:\/\/fredfloris.eu\/#organization"},"potentialAction":[{"@type":"SearchAction","target":{"@type":"EntryPoint","urlTemplate":"https:\/\/fredfloris.eu\/?s={search_term_string}"},"query-input":{"@type":"PropertyValueSpecification","valueRequired":true,"valueName":"search_term_string"}}],"inLanguage":"pt-PT"},{"@type":"Organization","@id":"https:\/\/fredfloris.eu\/#organization","name":"FredFloris","url":"https:\/\/fredfloris.eu\/","logo":{"@type":"ImageObject","inLanguage":"pt-PT","@id":"https:\/\/fredfloris.eu\/#\/schema\/logo\/image\/","url":"https:\/\/fredfloris.eu\/wp-content\/uploads\/2022\/03\/FredFloris-med-hel-nal-och-text.png","contentUrl":"https:\/\/fredfloris.eu\/wp-content\/uploads\/2022\/03\/FredFloris-med-hel-nal-och-text.png","width":591,"height":283,"caption":"FredFloris"},"image":{"@id":"https:\/\/fredfloris.eu\/#\/schema\/logo\/image\/"},"sameAs":["https:\/\/www.facebook.com\/FredFloris.Artisan.Studio\/","https:\/\/x.com\/_fredfloris_","https:\/\/www.instagram.com\/fredfloris.artisan.studio\/"]}]}},"brands":[{"id":204,"name":"FredFloris &amp; Partner","slug":"fredfloris-partner"}],"_links":{"self":[{"href":"https:\/\/fredfloris.eu\/pt\/wp-json\/wp\/v2\/product\/5340","targetHints":{"allow":["GET"]}}],"collection":[{"href":"https:\/\/fredfloris.eu\/pt\/wp-json\/wp\/v2\/product"}],"about":[{"href":"https:\/\/fredfloris.eu\/pt\/wp-json\/wp\/v2\/types\/product"}],"version-history":[{"count":7,"href":"https:\/\/fredfloris.eu\/pt\/wp-json\/wp\/v2\/product\/5340\/revisions"}],"predecessor-version":[{"id":11584,"href":"https:\/\/fredfloris.eu\/pt\/wp-json\/wp\/v2\/product\/5340\/revisions\/11584"}],"wp:featuredmedia":[{"embeddable":true,"href":"https:\/\/fredfloris.eu\/pt\/wp-json\/wp\/v2\/media\/4880"}],"wp:attachment":[{"href":"https:\/\/fredfloris.eu\/pt\/wp-json\/wp\/v2\/media?parent=5340"}],"wp:term":[{"taxonomy":"pwb-brand","embeddable":true,"href":"https:\/\/fredfloris.eu\/pt\/wp-json\/wp\/v2\/pwb-brand?post=5340"},{"taxonomy":"product_brand","embeddable":true,"href":"https:\/\/fredfloris.eu\/pt\/wp-json\/wp\/v2\/product_brand?post=5340"},{"taxonomy":"product_cat","embeddable":true,"href":"https:\/\/fredfloris.eu\/pt\/wp-json\/wp\/v2\/product_cat?post=5340"},{"taxonomy":"product_tag","embeddable":true,"href":"https:\/\/fredfloris.eu\/pt\/wp-json\/wp\/v2\/product_tag?post=5340"},{"taxonomy":"woo-feed-brand","embeddable":true,"href":"https:\/\/fredfloris.eu\/pt\/wp-json\/wp\/v2\/woo-feed-brand?post=5340"}],"curies":[{"name":"wp","href":"https:\/\/api.w.org\/{rel}","templated":true}]}}