{"id":5344,"date":"2022-05-18T20:14:17","date_gmt":"2022-05-18T18:14:17","guid":{"rendered":"https:\/\/fredfloris.eu\/?post_type=product&#038;p=5344"},"modified":"2024-07-23T20:32:47","modified_gmt":"2024-07-23T18:32:47","slug":"light-sapphire-swarovski-earrings","status":"publish","type":"product","link":"https:\/\/fredfloris.eu\/pt\/productpage\/light-sapphire-swarovski-earrings\/","title":{"rendered":"Light Sapphire &#8211; Leverback Swarovski Crystal Earrings"},"content":{"rendered":"<p><strong>Experience timeless elegance with our crystal drop earrings.<\/strong> The simple yet stunning combination of precious metal and clear-cut crystal makes these earrings a fashion essential. Wearing them evokes the beauty of a classic film star. Featuring a strong blue shade, these elegant earrings have a pendant shape that elongates the face and flatters your features. They are perfect for special occasions such as weddings, parties, work functions, and family gatherings.<\/p>\n<p><strong>Available Materials:<\/strong> These earrings are available in 925 Sterling silver with either platinum plating or 24k gold plating.<\/p>\n<p><strong>Swarovski Crystals:<\/strong> Renowned for their brilliant, light-reflecting cut and mysterious colour, these Swarovski crystal earrings are a reliable choice for any event. Each piece is crafted in Wattens, Austria.<\/p>\n<p><strong>Thoughtful Gift:<\/strong> The lustrous, light sapphire hue of these earrings makes them a timeless addition to any jewellery collection and the perfect &#8220;something blue&#8221; for a bride.<\/p>\n<p><strong>Hipoalerg\u00e9nico:<\/strong> The lever-backing is made from nickel-free Sterling silver, which prevents skin irritation and tarnishing. The lever-back design keeps the earrings securely in place while remaining comfortable for the wearer.<\/p>\n<p><strong>Cuidados com as j\u00f3ias:<\/strong> Para manter o seu estado impec\u00e1vel, guarde os brincos numa caixa ou saco macio, separado de outras j\u00f3ias. Evite a exposi\u00e7\u00e3o a produtos qu\u00edmicos para evitar danos. O revestimento, quer seja de platina ou de ouro, \u00e9 delicado e, como todos os revestimentos, desvanece-se com o tempo. Limite o contacto com produtos qu\u00edmicos e com a pele para prolongar a vida do revestimento.<\/p>\n<p>&nbsp;<\/p>\n<p>Search words: Leverback Swarovski crystal earrings, crystal drop earrings<\/p>","protected":false},"excerpt":{"rendered":"<p><strong>DIMENS\u00d5ES DO PRODUTO - <\/strong>Product Weight: 6 g (pair)<\/p>\n<p>Crystal Size: 22 mm. Leverback Height: 18 mm, Width: 11.80 mm.<\/p>\n<p>Available in 925 Sterling Silver\/Platinum Plated\/24K Gold Plated &#8211; 0,4 \u00b5m.<\/p>\n<pre><\/pre>\n<p>A base do brinco \u00e9 feita pelo nosso parceiro experiente na Pol\u00f3nia. Utilizamos prata revestida com 0,4 \u00b5m de espessura, uma vez que n\u00e3o escurece nem embota as j\u00f3ias. O produto tem alguma resist\u00eancia \u00e0 descolora\u00e7\u00e3o, mas n\u00e3o se esque\u00e7a de seguir as nossas instru\u00e7\u00f5es de manuten\u00e7\u00e3o para prolongar a vida das suas novas j\u00f3ias.<\/p>","protected":false},"featured_media":4855,"template":"","meta":[],"pwb-brand":[204],"product_brand":[],"product_cat":[115,113,101],"product_tag":[163,165,164,135,195],"woo-feed-brand":[],"class_list":{"0":"post-5344","1":"product","2":"type-product","3":"status-publish","4":"has-post-thumbnail","6":"pwb-brand-fredfloris-partner","7":"product_cat-drop-earrings","8":"product_cat-earrings","9":"product_cat-jewelry","10":"product_tag-gold","11":"product_tag-platinum","12":"product_tag-silver","13":"product_tag-stocked","14":"product_tag-swarovski","15":"product_shipping_class-small-goods","16":"pa_leverback-ag-925-24k-gold-plated-04-m","17":"pa_leverback-ag-925-platinum-plated-04-m","18":"pa_swarovski-crystal-swarovski-22mm-light-sapphire","20":"first","21":"instock","22":"taxable","23":"shipping-taxable","24":"purchasable","25":"product-type-variable"},"yoast_head":"<!-- This site is optimized with the Yoast SEO plugin v27.2 - https:\/\/yoast.com\/product\/yoast-seo-wordpress\/ -->\n<title>Light Sapphire - Leverback Swarovski Crystal Earrings | FredFloris<\/title>\n<meta name=\"description\" content=\"Swarovski leverback crystal earrings, Platinum &amp; 24K Gold Plated 925 Sterling Silver crystal drop earrings, Gifts for her.\" \/>\n<meta name=\"robots\" content=\"index, follow, max-snippet:-1, max-image-preview:large, max-video-preview:-1\" \/>\n<link rel=\"canonical\" href=\"https:\/\/fredfloris.eu\/pt\/productpage\/light-sapphire-swarovski-earrings\/?wmc-currency=EUR\" \/>\n<meta property=\"og:locale\" content=\"pt_PT\" \/>\n<meta property=\"og:type\" content=\"article\" \/>\n<meta property=\"og:title\" content=\"Light Sapphire - Leverback Swarovski Crystal Earrings | FredFloris\" \/>\n<meta property=\"og:description\" content=\"Swarovski leverback crystal earrings, Platinum &amp; 24K Gold Plated 925 Sterling Silver crystal drop earrings, Gifts for her.\" \/>\n<meta property=\"og:url\" content=\"https:\/\/fredfloris.eu\/pt\/productpage\/light-sapphire-swarovski-earrings\/?wmc-currency=EUR\" \/>\n<meta property=\"og:site_name\" content=\"FredFloris\" \/>\n<meta property=\"article:publisher\" content=\"https:\/\/www.facebook.com\/FredFloris.Artisan.Studio\/\" \/>\n<meta property=\"article:modified_time\" content=\"2024-07-23T18:32:47+00:00\" \/>\n<meta property=\"og:image\" content=\"https:\/\/fredfloris.eu\/wp-content\/uploads\/2022\/05\/IMG_2193-scaled.jpg\" \/>\n\t<meta property=\"og:image:width\" content=\"2560\" \/>\n\t<meta property=\"og:image:height\" content=\"1707\" \/>\n\t<meta property=\"og:image:type\" content=\"image\/jpeg\" \/>\n<meta name=\"twitter:card\" content=\"summary_large_image\" \/>\n<meta name=\"twitter:site\" content=\"@_fredfloris_\" \/>\n<meta name=\"twitter:label1\" content=\"Tempo estimado de leitura\" \/>\n\t<meta name=\"twitter:data1\" content=\"2 minutos\" \/>\n<script type=\"application\/ld+json\" class=\"yoast-schema-graph\">{\"@context\":\"https:\/\/schema.org\",\"@graph\":[{\"@type\":\"WebPage\",\"@id\":\"https:\/\/fredfloris.eu\/productpage\/light-sapphire-swarovski-earrings\/\",\"url\":\"https:\/\/fredfloris.eu\/productpage\/light-sapphire-swarovski-earrings\/\",\"name\":\"Light Sapphire - Leverback Swarovski Crystal Earrings | FredFloris\",\"isPartOf\":{\"@id\":\"https:\/\/fredfloris.eu\/#website\"},\"primaryImageOfPage\":{\"@id\":\"https:\/\/fredfloris.eu\/productpage\/light-sapphire-swarovski-earrings\/#primaryimage\"},\"image\":{\"@id\":\"https:\/\/fredfloris.eu\/productpage\/light-sapphire-swarovski-earrings\/#primaryimage\"},\"thumbnailUrl\":\"https:\/\/fredfloris.eu\/wp-content\/uploads\/2022\/05\/IMG_2193-scaled-e1740244068830.jpg\",\"datePublished\":\"2022-05-18T18:14:17+00:00\",\"dateModified\":\"2024-07-23T18:32:47+00:00\",\"description\":\"Swarovski leverback crystal earrings, Platinum & 24K Gold Plated 925 Sterling Silver crystal drop earrings, Gifts for her.\",\"breadcrumb\":{\"@id\":\"https:\/\/fredfloris.eu\/productpage\/light-sapphire-swarovski-earrings\/#breadcrumb\"},\"inLanguage\":\"pt-PT\",\"potentialAction\":[{\"@type\":\"ReadAction\",\"target\":[\"https:\/\/fredfloris.eu\/productpage\/light-sapphire-swarovski-earrings\/\"]}]},{\"@type\":\"ImageObject\",\"inLanguage\":\"pt-PT\",\"@id\":\"https:\/\/fredfloris.eu\/productpage\/light-sapphire-swarovski-earrings\/#primaryimage\",\"url\":\"https:\/\/fredfloris.eu\/wp-content\/uploads\/2022\/05\/IMG_2193-scaled-e1740244068830.jpg\",\"contentUrl\":\"https:\/\/fredfloris.eu\/wp-content\/uploads\/2022\/05\/IMG_2193-scaled-e1740244068830.jpg\",\"width\":1502,\"height\":1002,\"caption\":\"Product: Light Sapphire \u2013 Gold and Platinum Plated Silver\"},{\"@type\":\"BreadcrumbList\",\"@id\":\"https:\/\/fredfloris.eu\/productpage\/light-sapphire-swarovski-earrings\/#breadcrumb\",\"itemListElement\":[{\"@type\":\"ListItem\",\"position\":1,\"name\":\"Home\",\"item\":\"https:\/\/fredfloris.eu\/\"},{\"@type\":\"ListItem\",\"position\":2,\"name\":\"Shop\",\"item\":\"https:\/\/fredfloris.eu\/shop\/\"},{\"@type\":\"ListItem\",\"position\":3,\"name\":\"Light Sapphire &#8211; Leverback Swarovski Crystal Earrings\"}]},{\"@type\":\"WebSite\",\"@id\":\"https:\/\/fredfloris.eu\/#website\",\"url\":\"https:\/\/fredfloris.eu\/\",\"name\":\"FredFloris\",\"description\":\"Handcrafted Leathergoods - Made in Sweden\",\"publisher\":{\"@id\":\"https:\/\/fredfloris.eu\/#organization\"},\"potentialAction\":[{\"@type\":\"SearchAction\",\"target\":{\"@type\":\"EntryPoint\",\"urlTemplate\":\"https:\/\/fredfloris.eu\/?s={search_term_string}\"},\"query-input\":{\"@type\":\"PropertyValueSpecification\",\"valueRequired\":true,\"valueName\":\"search_term_string\"}}],\"inLanguage\":\"pt-PT\"},{\"@type\":\"Organization\",\"@id\":\"https:\/\/fredfloris.eu\/#organization\",\"name\":\"FredFloris\",\"url\":\"https:\/\/fredfloris.eu\/\",\"logo\":{\"@type\":\"ImageObject\",\"inLanguage\":\"pt-PT\",\"@id\":\"https:\/\/fredfloris.eu\/#\/schema\/logo\/image\/\",\"url\":\"https:\/\/fredfloris.eu\/wp-content\/uploads\/2022\/03\/FredFloris-med-hel-nal-och-text.png\",\"contentUrl\":\"https:\/\/fredfloris.eu\/wp-content\/uploads\/2022\/03\/FredFloris-med-hel-nal-och-text.png\",\"width\":591,\"height\":283,\"caption\":\"FredFloris\"},\"image\":{\"@id\":\"https:\/\/fredfloris.eu\/#\/schema\/logo\/image\/\"},\"sameAs\":[\"https:\/\/www.facebook.com\/FredFloris.Artisan.Studio\/\",\"https:\/\/x.com\/_fredfloris_\",\"https:\/\/www.instagram.com\/fredfloris.artisan.studio\/\"]}]}<\/script>\n<!-- \/ Yoast SEO plugin. -->","yoast_head_json":{"title":"Light Sapphire - Leverback Swarovski Crystal Earrings | FredFloris","description":"Swarovski leverback crystal earrings, Platinum & 24K Gold Plated 925 Sterling Silver crystal drop earrings, Gifts for her.","robots":{"index":"index","follow":"follow","max-snippet":"max-snippet:-1","max-image-preview":"max-image-preview:large","max-video-preview":"max-video-preview:-1"},"canonical":"https:\/\/fredfloris.eu\/pt\/productpage\/light-sapphire-swarovski-earrings\/?wmc-currency=EUR","og_locale":"pt_PT","og_type":"article","og_title":"Light Sapphire - Leverback Swarovski Crystal Earrings | FredFloris","og_description":"Swarovski leverback crystal earrings, Platinum & 24K Gold Plated 925 Sterling Silver crystal drop earrings, Gifts for her.","og_url":"https:\/\/fredfloris.eu\/pt\/productpage\/light-sapphire-swarovski-earrings\/?wmc-currency=EUR","og_site_name":"FredFloris","article_publisher":"https:\/\/www.facebook.com\/FredFloris.Artisan.Studio\/","article_modified_time":"2024-07-23T18:32:47+00:00","og_image":[{"width":2560,"height":1707,"url":"https:\/\/fredfloris.eu\/wp-content\/uploads\/2022\/05\/IMG_2193-scaled.jpg","type":"image\/jpeg"}],"twitter_card":"summary_large_image","twitter_site":"@_fredfloris_","twitter_misc":{"Tempo estimado de leitura":"2 minutos"},"schema":{"@context":"https:\/\/schema.org","@graph":[{"@type":"WebPage","@id":"https:\/\/fredfloris.eu\/productpage\/light-sapphire-swarovski-earrings\/","url":"https:\/\/fredfloris.eu\/productpage\/light-sapphire-swarovski-earrings\/","name":"Light Sapphire - Leverback Swarovski Crystal Earrings | FredFloris","isPartOf":{"@id":"https:\/\/fredfloris.eu\/#website"},"primaryImageOfPage":{"@id":"https:\/\/fredfloris.eu\/productpage\/light-sapphire-swarovski-earrings\/#primaryimage"},"image":{"@id":"https:\/\/fredfloris.eu\/productpage\/light-sapphire-swarovski-earrings\/#primaryimage"},"thumbnailUrl":"https:\/\/fredfloris.eu\/wp-content\/uploads\/2022\/05\/IMG_2193-scaled-e1740244068830.jpg","datePublished":"2022-05-18T18:14:17+00:00","dateModified":"2024-07-23T18:32:47+00:00","description":"Swarovski leverback crystal earrings, Platinum & 24K Gold Plated 925 Sterling Silver crystal drop earrings, Gifts for her.","breadcrumb":{"@id":"https:\/\/fredfloris.eu\/productpage\/light-sapphire-swarovski-earrings\/#breadcrumb"},"inLanguage":"pt-PT","potentialAction":[{"@type":"ReadAction","target":["https:\/\/fredfloris.eu\/productpage\/light-sapphire-swarovski-earrings\/"]}]},{"@type":"ImageObject","inLanguage":"pt-PT","@id":"https:\/\/fredfloris.eu\/productpage\/light-sapphire-swarovski-earrings\/#primaryimage","url":"https:\/\/fredfloris.eu\/wp-content\/uploads\/2022\/05\/IMG_2193-scaled-e1740244068830.jpg","contentUrl":"https:\/\/fredfloris.eu\/wp-content\/uploads\/2022\/05\/IMG_2193-scaled-e1740244068830.jpg","width":1502,"height":1002,"caption":"Product: Light Sapphire \u2013 Gold and Platinum Plated Silver"},{"@type":"BreadcrumbList","@id":"https:\/\/fredfloris.eu\/productpage\/light-sapphire-swarovski-earrings\/#breadcrumb","itemListElement":[{"@type":"ListItem","position":1,"name":"Home","item":"https:\/\/fredfloris.eu\/"},{"@type":"ListItem","position":2,"name":"Shop","item":"https:\/\/fredfloris.eu\/shop\/"},{"@type":"ListItem","position":3,"name":"Light Sapphire &#8211; Leverback Swarovski Crystal Earrings"}]},{"@type":"WebSite","@id":"https:\/\/fredfloris.eu\/#website","url":"https:\/\/fredfloris.eu\/","name":"FredFloris","description":"Artigos em pele feitos \u00e0 m\u00e3o - Fabricados na Su\u00e9cia","publisher":{"@id":"https:\/\/fredfloris.eu\/#organization"},"potentialAction":[{"@type":"SearchAction","target":{"@type":"EntryPoint","urlTemplate":"https:\/\/fredfloris.eu\/?s={search_term_string}"},"query-input":{"@type":"PropertyValueSpecification","valueRequired":true,"valueName":"search_term_string"}}],"inLanguage":"pt-PT"},{"@type":"Organization","@id":"https:\/\/fredfloris.eu\/#organization","name":"FredFloris","url":"https:\/\/fredfloris.eu\/","logo":{"@type":"ImageObject","inLanguage":"pt-PT","@id":"https:\/\/fredfloris.eu\/#\/schema\/logo\/image\/","url":"https:\/\/fredfloris.eu\/wp-content\/uploads\/2022\/03\/FredFloris-med-hel-nal-och-text.png","contentUrl":"https:\/\/fredfloris.eu\/wp-content\/uploads\/2022\/03\/FredFloris-med-hel-nal-och-text.png","width":591,"height":283,"caption":"FredFloris"},"image":{"@id":"https:\/\/fredfloris.eu\/#\/schema\/logo\/image\/"},"sameAs":["https:\/\/www.facebook.com\/FredFloris.Artisan.Studio\/","https:\/\/x.com\/_fredfloris_","https:\/\/www.instagram.com\/fredfloris.artisan.studio\/"]}]}},"brands":[{"id":204,"name":"FredFloris &amp; Partner","slug":"fredfloris-partner"}],"_links":{"self":[{"href":"https:\/\/fredfloris.eu\/pt\/wp-json\/wp\/v2\/product\/5344","targetHints":{"allow":["GET"]}}],"collection":[{"href":"https:\/\/fredfloris.eu\/pt\/wp-json\/wp\/v2\/product"}],"about":[{"href":"https:\/\/fredfloris.eu\/pt\/wp-json\/wp\/v2\/types\/product"}],"version-history":[{"count":9,"href":"https:\/\/fredfloris.eu\/pt\/wp-json\/wp\/v2\/product\/5344\/revisions"}],"predecessor-version":[{"id":11582,"href":"https:\/\/fredfloris.eu\/pt\/wp-json\/wp\/v2\/product\/5344\/revisions\/11582"}],"wp:featuredmedia":[{"embeddable":true,"href":"https:\/\/fredfloris.eu\/pt\/wp-json\/wp\/v2\/media\/4855"}],"wp:attachment":[{"href":"https:\/\/fredfloris.eu\/pt\/wp-json\/wp\/v2\/media?parent=5344"}],"wp:term":[{"taxonomy":"pwb-brand","embeddable":true,"href":"https:\/\/fredfloris.eu\/pt\/wp-json\/wp\/v2\/pwb-brand?post=5344"},{"taxonomy":"product_brand","embeddable":true,"href":"https:\/\/fredfloris.eu\/pt\/wp-json\/wp\/v2\/product_brand?post=5344"},{"taxonomy":"product_cat","embeddable":true,"href":"https:\/\/fredfloris.eu\/pt\/wp-json\/wp\/v2\/product_cat?post=5344"},{"taxonomy":"product_tag","embeddable":true,"href":"https:\/\/fredfloris.eu\/pt\/wp-json\/wp\/v2\/product_tag?post=5344"},{"taxonomy":"woo-feed-brand","embeddable":true,"href":"https:\/\/fredfloris.eu\/pt\/wp-json\/wp\/v2\/woo-feed-brand?post=5344"}],"curies":[{"name":"wp","href":"https:\/\/api.w.org\/{rel}","templated":true}]}}