{"id":9925,"date":"2022-08-21T16:08:19","date_gmt":"2022-08-21T14:08:19","guid":{"rendered":"https:\/\/fredfloris.eu\/?post_type=product&#038;p=9925"},"modified":"2024-06-24T20:34:54","modified_gmt":"2024-06-24T18:34:54","slug":"varend-mother-of-pearls-cufflinks","status":"publish","type":"product","link":"https:\/\/fredfloris.eu\/pt\/productpage\/varend-mother-of-pearls-cufflinks\/","title":{"rendered":"V\u00e4rend - bot\u00f5es de punho em madrep\u00e9rola"},"content":{"rendered":"<p><strong>Introducing our V\u00e4rend cufflinks, featuring a disc of White Mother of Pearl.<\/strong> This exquisite organic gemstone, sourced from the inner shell layer of mollusks, is the same material from which natural pearls are made. It is celebrated for its strength, resilience, and captivating iridescence. The cufflinks strike a perfect balance between the soft, unobtrusive colours and the hard, dependable material, embodying wealth, trust, and reliability.<\/p>\n<p>Pearl cufflinks have been a symbol of confidence, class, and control for centuries. They uniquely reflect light to reveal subtle hues of blue, pink, and green, enhancing the sophistication of both white and coloured shirts. Set in a precious metal frame, these cufflinks are not just accessories but windows to the natural beauty of the world, adding elegance and shine to any formal attire.<\/p>\n<p><strong>Ideal Gift:<\/strong> These Mother of Pearl cufflinks are an excellent gift choice for grooms or best men. Additionally, as pearls are the traditional gift for a 30th wedding anniversary, they are also a thoughtful present for your husband.<\/p>\n<p><strong>Especifica\u00e7\u00f5es do produto:<\/strong><\/p>\n<ul>\n<li><strong>Material da base:<\/strong> Gold-plated Sterling Silver 925<\/li>\n<li><strong>Inner Diameter:<\/strong> 18 mm<\/li>\n<li><strong>Weight:<\/strong> Approximately 11 grams per pair<\/li>\n<li><strong>Features:<\/strong> Nickel-free and hypoallergenic to prevent skin irritation<\/li>\n<\/ul>\n<p>&nbsp;<\/p>\n<p>Search words: Mother of Pearls gemstone cufflinks, Classic gold shirt cufflinks<\/p>","protected":false},"excerpt":{"rendered":"<p><strong>DIMENS\u00d5ES DO PRODUTO - <\/strong>Product weight: 11 g(pair), Cufflink Inner diameter: 18 mm.<\/p>\n<p>Available in 925 Sterling Silver with 24K Gold Plating- 0,4 \u00b5m.<\/p>\n<p>SKU: var\/cuf\/gol\/mop<br \/>\nBrand: FredFloris &amp; Partner<\/p>\n<pre><\/pre>\n<p>Our experienced partner in Poland makes the earring base. We use 0,4 \u00b5m thick plated silver as it does not darken or dull the jewellery. The product have some resistant to discoloration, but be sure to follow our care instructions to prolong the life of your new jewellery. We fit the gemstone onto the base in our studio in Sweden.<\/p>\n<pre><\/pre>\n<p>This product is made with natural material: shape, colour and thickness might vary.<\/p>","protected":false},"featured_media":9890,"template":"","meta":[],"pwb-brand":[204],"product_brand":[],"product_cat":[118,121,101],"product_tag":[357,163,358,135],"woo-feed-brand":[],"class_list":{"0":"post-9925","1":"product","2":"type-product","3":"status-publish","4":"has-post-thumbnail","6":"pwb-brand-fredfloris-partner","7":"product_cat-cufflinks","8":"product_cat-gem-cufflinks","9":"product_cat-jewelry","10":"product_tag-gemstone","11":"product_tag-gold","12":"product_tag-mother-of-pearls","13":"product_tag-stocked","14":"product_shipping_class-small-goods","16":"first","17":"instock","18":"taxable","19":"shipping-taxable","20":"purchasable","21":"product-type-simple"},"yoast_head":"<!-- This site is optimized with the Yoast SEO plugin v27.2 - https:\/\/yoast.com\/product\/yoast-seo-wordpress\/ -->\n<title>V\u00e4rend - Mother of Pearls Cufflinks | FredFloris<\/title>\n<meta name=\"description\" content=\"Check out our Mother of Pearls natural gemstone cufflinks in gold plated silver, a true classic design, made to last! Make for a great gift!\" \/>\n<meta name=\"robots\" content=\"index, follow, max-snippet:-1, max-image-preview:large, max-video-preview:-1\" \/>\n<link rel=\"canonical\" href=\"https:\/\/fredfloris.eu\/pt\/productpage\/varend-mother-of-pearls-cufflinks\/?wmc-currency=EUR\" \/>\n<meta property=\"og:locale\" content=\"pt_PT\" \/>\n<meta property=\"og:type\" content=\"article\" \/>\n<meta property=\"og:title\" content=\"V\u00e4rend - Mother of Pearls Cufflinks | FredFloris\" \/>\n<meta property=\"og:description\" content=\"Check out our Mother of Pearls natural gemstone cufflinks in gold plated silver, a true classic design, made to last! Make for a great gift!\" \/>\n<meta property=\"og:url\" content=\"https:\/\/fredfloris.eu\/pt\/productpage\/varend-mother-of-pearls-cufflinks\/?wmc-currency=EUR\" \/>\n<meta property=\"og:site_name\" content=\"FredFloris\" \/>\n<meta property=\"article:publisher\" content=\"https:\/\/www.facebook.com\/FredFloris.Artisan.Studio\/\" \/>\n<meta property=\"article:modified_time\" content=\"2024-06-24T18:34:54+00:00\" \/>\n<meta property=\"og:image\" content=\"https:\/\/fredfloris.eu\/wp-content\/uploads\/2022\/08\/IMG_3245-scaled.jpg\" \/>\n\t<meta property=\"og:image:width\" content=\"2560\" \/>\n\t<meta property=\"og:image:height\" content=\"1707\" \/>\n\t<meta property=\"og:image:type\" content=\"image\/jpeg\" \/>\n<meta name=\"twitter:card\" content=\"summary_large_image\" \/>\n<meta name=\"twitter:site\" content=\"@_fredfloris_\" \/>\n<meta name=\"twitter:label1\" content=\"Tempo estimado de leitura\" \/>\n\t<meta name=\"twitter:data1\" content=\"2 minutos\" \/>\n<script type=\"application\/ld+json\" class=\"yoast-schema-graph\">{\"@context\":\"https:\/\/schema.org\",\"@graph\":[{\"@type\":\"WebPage\",\"@id\":\"https:\/\/fredfloris.eu\/productpage\/varend-mother-of-pearls-cufflinks\/\",\"url\":\"https:\/\/fredfloris.eu\/productpage\/varend-mother-of-pearls-cufflinks\/\",\"name\":\"V\u00e4rend - Mother of Pearls Cufflinks | FredFloris\",\"isPartOf\":{\"@id\":\"https:\/\/fredfloris.eu\/#website\"},\"primaryImageOfPage\":{\"@id\":\"https:\/\/fredfloris.eu\/productpage\/varend-mother-of-pearls-cufflinks\/#primaryimage\"},\"image\":{\"@id\":\"https:\/\/fredfloris.eu\/productpage\/varend-mother-of-pearls-cufflinks\/#primaryimage\"},\"thumbnailUrl\":\"https:\/\/fredfloris.eu\/wp-content\/uploads\/2022\/08\/IMG_3245-scaled.jpg\",\"datePublished\":\"2022-08-21T14:08:19+00:00\",\"dateModified\":\"2024-06-24T18:34:54+00:00\",\"description\":\"Check out our Mother of Pearls natural gemstone cufflinks in gold plated silver, a true classic design, made to last! Make for a great gift!\",\"breadcrumb\":{\"@id\":\"https:\/\/fredfloris.eu\/productpage\/varend-mother-of-pearls-cufflinks\/#breadcrumb\"},\"inLanguage\":\"pt-PT\",\"potentialAction\":[{\"@type\":\"ReadAction\",\"target\":[\"https:\/\/fredfloris.eu\/productpage\/varend-mother-of-pearls-cufflinks\/\"]}]},{\"@type\":\"ImageObject\",\"inLanguage\":\"pt-PT\",\"@id\":\"https:\/\/fredfloris.eu\/productpage\/varend-mother-of-pearls-cufflinks\/#primaryimage\",\"url\":\"https:\/\/fredfloris.eu\/wp-content\/uploads\/2022\/08\/IMG_3245-scaled.jpg\",\"contentUrl\":\"https:\/\/fredfloris.eu\/wp-content\/uploads\/2022\/08\/IMG_3245-scaled.jpg\",\"width\":2560,\"height\":1707,\"caption\":\"Product: V\u00e4rend - Mother of Pearls Cufflinks \u2013 Gold Plated Silver\"},{\"@type\":\"BreadcrumbList\",\"@id\":\"https:\/\/fredfloris.eu\/productpage\/varend-mother-of-pearls-cufflinks\/#breadcrumb\",\"itemListElement\":[{\"@type\":\"ListItem\",\"position\":1,\"name\":\"Home\",\"item\":\"https:\/\/fredfloris.eu\/\"},{\"@type\":\"ListItem\",\"position\":2,\"name\":\"Shop\",\"item\":\"https:\/\/fredfloris.eu\/shop\/\"},{\"@type\":\"ListItem\",\"position\":3,\"name\":\"V\u00e4rend &#8211; Mother of Pearls Cufflinks\"}]},{\"@type\":\"WebSite\",\"@id\":\"https:\/\/fredfloris.eu\/#website\",\"url\":\"https:\/\/fredfloris.eu\/\",\"name\":\"FredFloris\",\"description\":\"Handcrafted Leathergoods - Made in Sweden\",\"publisher\":{\"@id\":\"https:\/\/fredfloris.eu\/#organization\"},\"potentialAction\":[{\"@type\":\"SearchAction\",\"target\":{\"@type\":\"EntryPoint\",\"urlTemplate\":\"https:\/\/fredfloris.eu\/?s={search_term_string}\"},\"query-input\":{\"@type\":\"PropertyValueSpecification\",\"valueRequired\":true,\"valueName\":\"search_term_string\"}}],\"inLanguage\":\"pt-PT\"},{\"@type\":\"Organization\",\"@id\":\"https:\/\/fredfloris.eu\/#organization\",\"name\":\"FredFloris\",\"url\":\"https:\/\/fredfloris.eu\/\",\"logo\":{\"@type\":\"ImageObject\",\"inLanguage\":\"pt-PT\",\"@id\":\"https:\/\/fredfloris.eu\/#\/schema\/logo\/image\/\",\"url\":\"https:\/\/fredfloris.eu\/wp-content\/uploads\/2022\/03\/FredFloris-med-hel-nal-och-text.png\",\"contentUrl\":\"https:\/\/fredfloris.eu\/wp-content\/uploads\/2022\/03\/FredFloris-med-hel-nal-och-text.png\",\"width\":591,\"height\":283,\"caption\":\"FredFloris\"},\"image\":{\"@id\":\"https:\/\/fredfloris.eu\/#\/schema\/logo\/image\/\"},\"sameAs\":[\"https:\/\/www.facebook.com\/FredFloris.Artisan.Studio\/\",\"https:\/\/x.com\/_fredfloris_\",\"https:\/\/www.instagram.com\/fredfloris.artisan.studio\/\"]}]}<\/script>\n<!-- \/ Yoast SEO plugin. -->","yoast_head_json":{"title":"V\u00e4rend - Mother of Pearls Cufflinks | FredFloris","description":"Check out our Mother of Pearls natural gemstone cufflinks in gold plated silver, a true classic design, made to last! Make for a great gift!","robots":{"index":"index","follow":"follow","max-snippet":"max-snippet:-1","max-image-preview":"max-image-preview:large","max-video-preview":"max-video-preview:-1"},"canonical":"https:\/\/fredfloris.eu\/pt\/productpage\/varend-mother-of-pearls-cufflinks\/?wmc-currency=EUR","og_locale":"pt_PT","og_type":"article","og_title":"V\u00e4rend - Mother of Pearls Cufflinks | FredFloris","og_description":"Check out our Mother of Pearls natural gemstone cufflinks in gold plated silver, a true classic design, made to last! Make for a great gift!","og_url":"https:\/\/fredfloris.eu\/pt\/productpage\/varend-mother-of-pearls-cufflinks\/?wmc-currency=EUR","og_site_name":"FredFloris","article_publisher":"https:\/\/www.facebook.com\/FredFloris.Artisan.Studio\/","article_modified_time":"2024-06-24T18:34:54+00:00","og_image":[{"width":2560,"height":1707,"url":"https:\/\/fredfloris.eu\/wp-content\/uploads\/2022\/08\/IMG_3245-scaled.jpg","type":"image\/jpeg"}],"twitter_card":"summary_large_image","twitter_site":"@_fredfloris_","twitter_misc":{"Tempo estimado de leitura":"2 minutos"},"schema":{"@context":"https:\/\/schema.org","@graph":[{"@type":"WebPage","@id":"https:\/\/fredfloris.eu\/productpage\/varend-mother-of-pearls-cufflinks\/","url":"https:\/\/fredfloris.eu\/productpage\/varend-mother-of-pearls-cufflinks\/","name":"V\u00e4rend - Mother of Pearls Cufflinks | FredFloris","isPartOf":{"@id":"https:\/\/fredfloris.eu\/#website"},"primaryImageOfPage":{"@id":"https:\/\/fredfloris.eu\/productpage\/varend-mother-of-pearls-cufflinks\/#primaryimage"},"image":{"@id":"https:\/\/fredfloris.eu\/productpage\/varend-mother-of-pearls-cufflinks\/#primaryimage"},"thumbnailUrl":"https:\/\/fredfloris.eu\/wp-content\/uploads\/2022\/08\/IMG_3245-scaled.jpg","datePublished":"2022-08-21T14:08:19+00:00","dateModified":"2024-06-24T18:34:54+00:00","description":"Check out our Mother of Pearls natural gemstone cufflinks in gold plated silver, a true classic design, made to last! Make for a great gift!","breadcrumb":{"@id":"https:\/\/fredfloris.eu\/productpage\/varend-mother-of-pearls-cufflinks\/#breadcrumb"},"inLanguage":"pt-PT","potentialAction":[{"@type":"ReadAction","target":["https:\/\/fredfloris.eu\/productpage\/varend-mother-of-pearls-cufflinks\/"]}]},{"@type":"ImageObject","inLanguage":"pt-PT","@id":"https:\/\/fredfloris.eu\/productpage\/varend-mother-of-pearls-cufflinks\/#primaryimage","url":"https:\/\/fredfloris.eu\/wp-content\/uploads\/2022\/08\/IMG_3245-scaled.jpg","contentUrl":"https:\/\/fredfloris.eu\/wp-content\/uploads\/2022\/08\/IMG_3245-scaled.jpg","width":2560,"height":1707,"caption":"Product: V\u00e4rend - Mother of Pearls Cufflinks \u2013 Gold Plated Silver"},{"@type":"BreadcrumbList","@id":"https:\/\/fredfloris.eu\/productpage\/varend-mother-of-pearls-cufflinks\/#breadcrumb","itemListElement":[{"@type":"ListItem","position":1,"name":"Home","item":"https:\/\/fredfloris.eu\/"},{"@type":"ListItem","position":2,"name":"Shop","item":"https:\/\/fredfloris.eu\/shop\/"},{"@type":"ListItem","position":3,"name":"V\u00e4rend &#8211; Mother of Pearls Cufflinks"}]},{"@type":"WebSite","@id":"https:\/\/fredfloris.eu\/#website","url":"https:\/\/fredfloris.eu\/","name":"FredFloris","description":"Artigos em pele feitos \u00e0 m\u00e3o - Fabricados na Su\u00e9cia","publisher":{"@id":"https:\/\/fredfloris.eu\/#organization"},"potentialAction":[{"@type":"SearchAction","target":{"@type":"EntryPoint","urlTemplate":"https:\/\/fredfloris.eu\/?s={search_term_string}"},"query-input":{"@type":"PropertyValueSpecification","valueRequired":true,"valueName":"search_term_string"}}],"inLanguage":"pt-PT"},{"@type":"Organization","@id":"https:\/\/fredfloris.eu\/#organization","name":"FredFloris","url":"https:\/\/fredfloris.eu\/","logo":{"@type":"ImageObject","inLanguage":"pt-PT","@id":"https:\/\/fredfloris.eu\/#\/schema\/logo\/image\/","url":"https:\/\/fredfloris.eu\/wp-content\/uploads\/2022\/03\/FredFloris-med-hel-nal-och-text.png","contentUrl":"https:\/\/fredfloris.eu\/wp-content\/uploads\/2022\/03\/FredFloris-med-hel-nal-och-text.png","width":591,"height":283,"caption":"FredFloris"},"image":{"@id":"https:\/\/fredfloris.eu\/#\/schema\/logo\/image\/"},"sameAs":["https:\/\/www.facebook.com\/FredFloris.Artisan.Studio\/","https:\/\/x.com\/_fredfloris_","https:\/\/www.instagram.com\/fredfloris.artisan.studio\/"]}]}},"brands":[{"id":204,"name":"FredFloris &amp; Partner","slug":"fredfloris-partner"}],"_links":{"self":[{"href":"https:\/\/fredfloris.eu\/pt\/wp-json\/wp\/v2\/product\/9925","targetHints":{"allow":["GET"]}}],"collection":[{"href":"https:\/\/fredfloris.eu\/pt\/wp-json\/wp\/v2\/product"}],"about":[{"href":"https:\/\/fredfloris.eu\/pt\/wp-json\/wp\/v2\/types\/product"}],"version-history":[{"count":9,"href":"https:\/\/fredfloris.eu\/pt\/wp-json\/wp\/v2\/product\/9925\/revisions"}],"predecessor-version":[{"id":11526,"href":"https:\/\/fredfloris.eu\/pt\/wp-json\/wp\/v2\/product\/9925\/revisions\/11526"}],"wp:featuredmedia":[{"embeddable":true,"href":"https:\/\/fredfloris.eu\/pt\/wp-json\/wp\/v2\/media\/9890"}],"wp:attachment":[{"href":"https:\/\/fredfloris.eu\/pt\/wp-json\/wp\/v2\/media?parent=9925"}],"wp:term":[{"taxonomy":"pwb-brand","embeddable":true,"href":"https:\/\/fredfloris.eu\/pt\/wp-json\/wp\/v2\/pwb-brand?post=9925"},{"taxonomy":"product_brand","embeddable":true,"href":"https:\/\/fredfloris.eu\/pt\/wp-json\/wp\/v2\/product_brand?post=9925"},{"taxonomy":"product_cat","embeddable":true,"href":"https:\/\/fredfloris.eu\/pt\/wp-json\/wp\/v2\/product_cat?post=9925"},{"taxonomy":"product_tag","embeddable":true,"href":"https:\/\/fredfloris.eu\/pt\/wp-json\/wp\/v2\/product_tag?post=9925"},{"taxonomy":"woo-feed-brand","embeddable":true,"href":"https:\/\/fredfloris.eu\/pt\/wp-json\/wp\/v2\/woo-feed-brand?post=9925"}],"curies":[{"name":"wp","href":"https:\/\/api.w.org\/{rel}","templated":true}]}}