{"id":7181,"date":"2022-06-06T13:45:34","date_gmt":"2022-06-06T11:45:34","guid":{"rendered":"https:\/\/fredfloris.eu\/?page_id=7181"},"modified":"2024-06-24T19:45:59","modified_gmt":"2024-06-24T17:45:59","slug":"about-us","status":"publish","type":"page","link":"https:\/\/fredfloris.eu\/sv\/about-us\/","title":{"rendered":"Om oss"},"content":{"rendered":"<div data-elementor-type=\"wp-page\" data-elementor-id=\"7181\" class=\"elementor elementor-7181\" data-elementor-post-type=\"page\">\n\t\t\t\t\t\t<section class=\"elementor-section elementor-top-section elementor-element elementor-element-f0f9d68 elementor-section-boxed elementor-section-height-default elementor-section-height-default\" data-id=\"f0f9d68\" data-element_type=\"section\" data-e-type=\"section\" data-settings=\"{&quot;ekit_has_onepagescroll_dot&quot;:&quot;yes&quot;}\">\n\t\t\t\t\t\t<div class=\"elementor-container elementor-column-gap-default\">\n\t\t\t\t\t<div class=\"elementor-column elementor-col-100 elementor-top-column elementor-element elementor-element-0382ec2\" data-id=\"0382ec2\" data-element_type=\"column\" data-e-type=\"column\">\n\t\t\t<div class=\"elementor-widget-wrap elementor-element-populated\">\n\t\t\t\t\t\t<div class=\"elementor-element elementor-element-723d7d7 elementor-widget__width-initial elementor-widget elementor-widget-image\" data-id=\"723d7d7\" data-element_type=\"widget\" data-e-type=\"widget\" data-settings=\"{&quot;ekit_we_effect_on&quot;:&quot;none&quot;}\" data-widget_type=\"image.default\">\n\t\t\t\t<div class=\"elementor-widget-container\">\n\t\t\t\t\t\t\t\t\t\t\t\t\t\t\t<img fetchpriority=\"high\" decoding=\"async\" width=\"1600\" height=\"2250\" src=\"https:\/\/fredfloris.eu\/wp-content\/uploads\/2024\/01\/FredFloris-NEW-2.png\" class=\"attachment-full size-full wp-image-10642\" alt=\"\" srcset=\"https:\/\/fredfloris.eu\/wp-content\/uploads\/2024\/01\/FredFloris-NEW-2.png 1600w, https:\/\/fredfloris.eu\/wp-content\/uploads\/2024\/01\/FredFloris-NEW-2-427x600.png 427w, https:\/\/fredfloris.eu\/wp-content\/uploads\/2024\/01\/FredFloris-NEW-2-1456x2048.png 1456w, https:\/\/fredfloris.eu\/wp-content\/uploads\/2024\/01\/FredFloris-NEW-2-768x1080.png 768w, https:\/\/fredfloris.eu\/wp-content\/uploads\/2024\/01\/FredFloris-NEW-2-1092x1536.png 1092w\" sizes=\"(max-width: 1600px) 100vw, 1600px\" \/>\t\t\t\t\t\t\t\t\t\t\t\t\t\t\t<\/div>\n\t\t\t\t<\/div>\n\t\t\t\t<div class=\"elementor-element elementor-element-5f45d70 elementor-widget__width-initial elementor-widget elementor-widget-heading\" data-id=\"5f45d70\" data-element_type=\"widget\" data-e-type=\"widget\" data-settings=\"{&quot;ekit_we_effect_on&quot;:&quot;none&quot;}\" data-widget_type=\"heading.default\">\n\t\t\t\t<div class=\"elementor-widget-container\">\n\t\t\t\t\t<h1 class=\"elementor-heading-title elementor-size-default\">OM OSS<\/h1>\t\t\t\t<\/div>\n\t\t\t\t<\/div>\n\t\t\t\t\t<\/div>\n\t\t<\/div>\n\t\t\t\t\t<\/div>\n\t\t<\/section>\n\t\t\t\t<section class=\"elementor-section elementor-top-section elementor-element elementor-element-26600ee3 elementor-section-height-min-height elementor-section-items-stretch elementor-section-content-middle elementor-section-boxed elementor-section-height-default\" data-id=\"26600ee3\" data-element_type=\"section\" data-e-type=\"section\" data-settings=\"{&quot;background_background&quot;:&quot;classic&quot;,&quot;ekit_has_onepagescroll_dot&quot;:&quot;yes&quot;}\">\n\t\t\t\t\t\t<div class=\"elementor-container elementor-column-gap-no\">\n\t\t\t\t\t<div class=\"elementor-column elementor-col-100 elementor-top-column elementor-element elementor-element-6f702edb\" data-id=\"6f702edb\" data-element_type=\"column\" data-e-type=\"column\" data-settings=\"{&quot;background_background&quot;:&quot;classic&quot;}\">\n\t\t\t<div class=\"elementor-widget-wrap elementor-element-populated\">\n\t\t\t\t\t\t<div class=\"elementor-element elementor-element-3f703d1c elementor-widget elementor-widget-heading\" data-id=\"3f703d1c\" data-element_type=\"widget\" data-e-type=\"widget\" data-settings=\"{&quot;ekit_we_effect_on&quot;:&quot;none&quot;}\" data-widget_type=\"heading.default\">\n\t\t\t\t<div class=\"elementor-widget-container\">\n\t\t\t\t\t<h2 class=\"elementor-heading-title elementor-size-default\">V\u00e5r ber\u00e4ttelse<\/h2>\t\t\t\t<\/div>\n\t\t\t\t<\/div>\n\t\t\t\t<div class=\"elementor-element elementor-element-19accf59 elementor-widget elementor-widget-text-editor\" data-id=\"19accf59\" data-element_type=\"widget\" data-e-type=\"widget\" data-settings=\"{&quot;ekit_we_effect_on&quot;:&quot;none&quot;}\" data-widget_type=\"text-editor.default\">\n\t\t\t\t<div class=\"elementor-widget-container\">\n\t\t\t\t\t\t\t\t\t<p>FredFloris b\u00f6rjade inte 2021, n\u00e4r vi officiellt \u00f6ppnade i J\u00f6nk\u00f6ping, utan 2018 med en jakt p\u00e5 ett kvalitetsl\u00e4derb\u00e4lte. Fred, v\u00e5r grundare, letade efter ett b\u00e4lte tillverkat av fullkornsl\u00e4der som var b\u00e5de h\u00f6gkvalitativt och h\u00e5llbart nog f\u00f6r att kunna g\u00e5 i arv i generationer. Ist\u00e4llet hittade han bara b\u00e4lten tillverkade av s\u00e4mre \"\u00e4kta\" l\u00e4der som inte uppfyllde hans enkla behov.<\/p><p>Av frustration och inspirerad av ett arv av best\u00e5ende stil best\u00e4mde sig Fred f\u00f6r att skapa det b\u00e4lte han inte kunde hitta. Han omvandlade sin passion f\u00f6r hantverk till FredFloris, ett f\u00f6retag som nu firar livets milstolpar med produkter som \u00e4r byggda f\u00f6r att h\u00e5lla.<\/p><p>FredFloris st\u00e5r f\u00f6r kvalitet och tradition och tillverkar l\u00e4dervaror som \u00e4r utformade f\u00f6r att h\u00e5lla l\u00e4nge och inspirera b\u00e5de nuvarande och kommande generationer.<\/p>\t\t\t\t\t\t\t\t<\/div>\n\t\t\t\t<\/div>\n\t\t\t\t\t<\/div>\n\t\t<\/div>\n\t\t\t\t\t<\/div>\n\t\t<\/section>\n\t\t\t\t<section class=\"elementor-section elementor-top-section elementor-element elementor-element-edca906 elementor-section-height-min-height elementor-section-items-stretch elementor-section-content-middle elementor-section-boxed elementor-section-height-default\" data-id=\"edca906\" data-element_type=\"section\" data-e-type=\"section\" data-settings=\"{&quot;background_background&quot;:&quot;classic&quot;,&quot;ekit_has_onepagescroll_dot&quot;:&quot;yes&quot;}\">\n\t\t\t\t\t\t<div class=\"elementor-container elementor-column-gap-no\">\n\t\t\t\t\t<div class=\"elementor-column elementor-col-100 elementor-top-column elementor-element elementor-element-2449624\" data-id=\"2449624\" data-element_type=\"column\" data-e-type=\"column\" data-settings=\"{&quot;background_background&quot;:&quot;classic&quot;}\">\n\t\t\t<div class=\"elementor-widget-wrap elementor-element-populated\">\n\t\t\t\t\t\t<div class=\"elementor-element elementor-element-c0da8e1 elementor-widget elementor-widget-heading\" data-id=\"c0da8e1\" data-element_type=\"widget\" data-e-type=\"widget\" data-settings=\"{&quot;ekit_we_effect_on&quot;:&quot;none&quot;}\" data-widget_type=\"heading.default\">\n\t\t\t\t<div class=\"elementor-widget-container\">\n\t\t\t\t\t<h2 class=\"elementor-heading-title elementor-size-default\">Uppdragsbeskrivning <\/h2>\t\t\t\t<\/div>\n\t\t\t\t<\/div>\n\t\t\t\t<div class=\"elementor-element elementor-element-5bb37f7 elementor-widget elementor-widget-text-editor\" data-id=\"5bb37f7\" data-element_type=\"widget\" data-e-type=\"widget\" data-settings=\"{&quot;ekit_we_effect_on&quot;:&quot;none&quot;}\" data-widget_type=\"text-editor.default\">\n\t\t\t\t<div class=\"elementor-widget-container\">\n\t\t\t\t\t\t\t\t\t<p><strong>V\u00e5rt engagemang f\u00f6r etiskt mode<\/strong><\/p><p>P\u00e5 FredFloris tror vi p\u00e5 mer \u00e4n bara det estetiska tilltalet hos v\u00e5ra accessoarer. Varje produkt vi erbjuder f\u00f6rkroppsligar v\u00e5r passion f\u00f6r etiskt och h\u00e5llbart mode. V\u00e5ra produkter \u00e4r inte bara \u00e4godelar - de \u00e4r delar av en st\u00f6rre ber\u00e4ttelse som syftar till att skapa genuina kontakter och bidra positivt till global f\u00f6r\u00e4ndring.<\/p><p><strong>H\u00e5llbara ink\u00f6p<\/strong> Vi \u00e4r stolta \u00f6ver att k\u00f6pa in material fr\u00e5n tillverkare som uppr\u00e4tth\u00e5ller v\u00e5ra etiska v\u00e4rderingar. Dessa partners uppr\u00e4tth\u00e5ller milj\u00f6v\u00e4nliga produktionsprocesser som s\u00e4kerst\u00e4ller h\u00f6ga standarder inom ledning, arbetskraft och produktion, samtidigt som de skyddar v\u00e5r planet.<\/p><p><strong>Sp\u00e5rbarhet och transparens<\/strong> Fr\u00e5n r\u00e5material till f\u00e4rdig produkt \u00f6vervakas varje steg i v\u00e5r produktionskedja noggrant, vilket garanterar att vi st\u00f6der h\u00e5llbarheten p\u00e5 planeten och i dess samh\u00e4llen.<\/p><p><strong>F\u00f6r\u00e4ndrar modebranschen<\/strong> Vi f\u00f6rkastar de f\u00f6r\u00e5ldrade metoderna i den traditionella modeindustrin, som ofta prioriterar vinst framf\u00f6r m\u00e4nniskor och planeten. V\u00e5rt uppdrag \u00e4r att inspirera till f\u00f6r\u00e4ndring och h\u00f6ja standarden genom att f\u00f6respr\u00e5ka etiska metoder och kvalitetshantverk.<\/p><p>Vi p\u00e5 FredFloris \u00e4r fast beslutna att f\u00f6r\u00e4ndra modebranschens status quo och fr\u00e4mja en aff\u00e4rsmodell som v\u00e4rdes\u00e4tter f\u00f6rb\u00e4ttringar och positiv p\u00e5verkan.<\/p>\t\t\t\t\t\t\t\t<\/div>\n\t\t\t\t<\/div>\n\t\t\t\t\t<\/div>\n\t\t<\/div>\n\t\t\t\t\t<\/div>\n\t\t<\/section>\n\t\t\t\t<section class=\"elementor-section elementor-top-section elementor-element elementor-element-efdd4a0 elementor-section-full_width elementor-section-height-min-height elementor-section-items-stretch elementor-section-content-middle elementor-section-height-default\" data-id=\"efdd4a0\" data-element_type=\"section\" data-e-type=\"section\" data-settings=\"{&quot;ekit_has_onepagescroll_dot&quot;:&quot;yes&quot;}\">\n\t\t\t\t\t\t<div class=\"elementor-container elementor-column-gap-no\">\n\t\t\t\t\t<div class=\"elementor-column elementor-col-50 elementor-top-column elementor-element elementor-element-297a6f9\" data-id=\"297a6f9\" data-element_type=\"column\" data-e-type=\"column\">\n\t\t\t<div class=\"elementor-widget-wrap elementor-element-populated\">\n\t\t\t\t\t\t<div class=\"elementor-element elementor-element-70a8e76 elementor-invisible elementor-widget elementor-widget-heading\" data-id=\"70a8e76\" data-element_type=\"widget\" data-e-type=\"widget\" data-settings=\"{&quot;_animation&quot;:&quot;fadeIn&quot;,&quot;_animation_delay&quot;:200,&quot;ekit_we_effect_on&quot;:&quot;none&quot;}\" data-widget_type=\"heading.default\">\n\t\t\t\t<div class=\"elementor-widget-container\">\n\t\t\t\t\t<h2 class=\"elementor-heading-title elementor-size-default\">FredFloris skapar modeaccessoarer av h\u00f6gsta kvalitet f\u00f6r dem som v\u00e4rdes\u00e4tter lyxartiklar, tillverkade p\u00e5 ett etiskt s\u00e4tt.<\/h2>\t\t\t\t<\/div>\n\t\t\t\t<\/div>\n\t\t\t\t<div class=\"elementor-element elementor-element-e479f0b elementor-widget__width-auto e-grid-align-left e-grid-align-mobile-center elementor-widget-mobile__width-inherit elementor-shape-rounded elementor-grid-0 elementor-widget elementor-widget-social-icons\" data-id=\"e479f0b\" data-element_type=\"widget\" data-e-type=\"widget\" data-settings=\"{&quot;ekit_we_effect_on&quot;:&quot;none&quot;}\" data-widget_type=\"social-icons.default\">\n\t\t\t\t<div class=\"elementor-widget-container\">\n\t\t\t\t\t\t\t<div class=\"elementor-social-icons-wrapper elementor-grid\" role=\"list\">\n\t\t\t\t\t\t\t<span class=\"elementor-grid-item\" role=\"listitem\">\n\t\t\t\t\t<a class=\"elementor-icon elementor-social-icon elementor-social-icon-facebook elementor-animation-float elementor-repeater-item-a815725\" href=\"https:\/\/www.facebook.com\/FredFloris.Artisan.Studio\/\" target=\"_blank\">\n\t\t\t\t\t\t<span class=\"elementor-screen-only\">Facebook<\/span>\n\t\t\t\t\t\t<i aria-hidden=\"true\" class=\"fab fa-facebook\"><\/i>\t\t\t\t\t<\/a>\n\t\t\t\t<\/span>\n\t\t\t\t\t\t\t<span class=\"elementor-grid-item\" role=\"listitem\">\n\t\t\t\t\t<a class=\"elementor-icon elementor-social-icon elementor-social-icon-twitter elementor-animation-float elementor-repeater-item-9308808\" href=\"https:\/\/twitter.com\/_fredfloris_\" target=\"_blank\">\n\t\t\t\t\t\t<span class=\"elementor-screen-only\">Twitter<\/span>\n\t\t\t\t\t\t<i aria-hidden=\"true\" class=\"fab fa-twitter\"><\/i>\t\t\t\t\t<\/a>\n\t\t\t\t<\/span>\n\t\t\t\t\t\t\t<span class=\"elementor-grid-item\" role=\"listitem\">\n\t\t\t\t\t<a class=\"elementor-icon elementor-social-icon elementor-social-icon-instagram elementor-animation-float elementor-repeater-item-5ff4be9\" href=\"https:\/\/www.instagram.com\/fredfloris.artisan.studio\/\" target=\"_blank\">\n\t\t\t\t\t\t<span class=\"elementor-screen-only\">Instagram<\/span>\n\t\t\t\t\t\t<i aria-hidden=\"true\" class=\"fab fa-instagram\"><\/i>\t\t\t\t\t<\/a>\n\t\t\t\t<\/span>\n\t\t\t\t\t\t\t<span class=\"elementor-grid-item\" role=\"listitem\">\n\t\t\t\t\t<a class=\"elementor-icon elementor-social-icon elementor-social-icon-pinterest elementor-animation-float elementor-repeater-item-7138ec1\" href=\"https:\/\/www.pinterest.se\/FredFloris_Artisan_Studio\/\" target=\"_blank\">\n\t\t\t\t\t\t<span class=\"elementor-screen-only\">Pinterest<\/span>\n\t\t\t\t\t\t<i aria-hidden=\"true\" class=\"fab fa-pinterest\"><\/i>\t\t\t\t\t<\/a>\n\t\t\t\t<\/span>\n\t\t\t\t\t<\/div>\n\t\t\t\t\t\t<\/div>\n\t\t\t\t<\/div>\n\t\t\t\t\t<\/div>\n\t\t<\/div>\n\t\t\t\t<div class=\"elementor-column elementor-col-50 elementor-top-column elementor-element elementor-element-a769eb1 elementor-hidden-tablet elementor-hidden-mobile\" data-id=\"a769eb1\" data-element_type=\"column\" data-e-type=\"column\" data-settings=\"{&quot;background_background&quot;:&quot;classic&quot;}\">\n\t\t\t<div class=\"elementor-widget-wrap\">\n\t\t\t\t\t<div class=\"elementor-background-overlay\"><\/div>\n\t\t\t\t\t\t\t<\/div>\n\t\t<\/div>\n\t\t\t\t\t<\/div>\n\t\t<\/section>\n\t\t\t\t<\/div>","protected":false},"excerpt":{"rendered":"<p>ABOUT US Our Story FredFloris began not in 2021, when we officially opened in J\u00f6nk\u00f6ping, Sweden, but in 2018 with a quest for a quality leather belt. Fred, our founder, searched for a belt made from full-grain leather that was both high-quality and durable enough to be passed down through generations. Instead, he found only [&hellip;]<\/p>\n","protected":false},"author":1,"featured_media":0,"parent":0,"menu_order":0,"comment_status":"closed","ping_status":"closed","template":"","meta":{"footnotes":""},"class_list":["post-7181","page","type-page","status-publish","hentry"],"yoast_head":"<!-- This site is optimized with the Yoast SEO plugin v27.2 - https:\/\/yoast.com\/product\/yoast-seo-wordpress\/ -->\n<title>FredFloris: Ethical Fashion Accessories for Luxury Seekers<\/title>\n<meta name=\"description\" content=\"Discover FredFloris, a family-owned business creating premium fashion accessories. Ethically made, sustainable, and built to last. Join us in inspiring change.\" \/>\n<meta name=\"robots\" content=\"index, follow, max-snippet:-1, max-image-preview:large, max-video-preview:-1\" \/>\n<link rel=\"canonical\" href=\"https:\/\/fredfloris.eu\/sv\/about-us\/?wmc-currency=SEK\" \/>\n<meta property=\"og:locale\" content=\"sv_SE\" \/>\n<meta property=\"og:type\" content=\"article\" \/>\n<meta property=\"og:title\" content=\"FredFloris: Ethical Fashion Accessories for Luxury Seekers\" \/>\n<meta property=\"og:description\" content=\"Discover FredFloris, a family-owned business creating premium fashion accessories. Ethically made, sustainable, and built to last. Join us in inspiring change.\" \/>\n<meta property=\"og:url\" content=\"https:\/\/fredfloris.eu\/sv\/about-us\/?wmc-currency=SEK\" \/>\n<meta property=\"og:site_name\" content=\"FredFloris\" \/>\n<meta property=\"article:publisher\" content=\"https:\/\/www.facebook.com\/FredFloris.Artisan.Studio\/\" \/>\n<meta property=\"article:modified_time\" content=\"2024-06-24T17:45:59+00:00\" \/>\n<meta property=\"og:image\" content=\"https:\/\/fredfloris.eu\/wp-content\/uploads\/2024\/01\/FredFloris-NEW-2.png\" \/>\n<meta name=\"twitter:card\" content=\"summary_large_image\" \/>\n<meta name=\"twitter:site\" content=\"@_fredfloris_\" \/>\n<meta name=\"twitter:label1\" content=\"Ber\u00e4knad l\u00e4stid\" \/>\n\t<meta name=\"twitter:data1\" content=\"2 minuter\" \/>\n<script type=\"application\/ld+json\" class=\"yoast-schema-graph\">{\"@context\":\"https:\/\/schema.org\",\"@graph\":[{\"@type\":[\"WebPage\",\"AboutPage\"],\"@id\":\"https:\/\/fredfloris.eu\/about-us\/\",\"url\":\"https:\/\/fredfloris.eu\/about-us\/\",\"name\":\"FredFloris: Ethical Fashion Accessories for Luxury Seekers\",\"isPartOf\":{\"@id\":\"https:\/\/fredfloris.eu\/#website\"},\"primaryImageOfPage\":{\"@id\":\"https:\/\/fredfloris.eu\/about-us\/#primaryimage\"},\"image\":{\"@id\":\"https:\/\/fredfloris.eu\/about-us\/#primaryimage\"},\"thumbnailUrl\":\"https:\/\/fredfloris.eu\/wp-content\/uploads\/2024\/01\/FredFloris-NEW-2.png\",\"datePublished\":\"2022-06-06T11:45:34+00:00\",\"dateModified\":\"2024-06-24T17:45:59+00:00\",\"description\":\"Discover FredFloris, a family-owned business creating premium fashion accessories. Ethically made, sustainable, and built to last. Join us in inspiring change.\",\"breadcrumb\":{\"@id\":\"https:\/\/fredfloris.eu\/about-us\/#breadcrumb\"},\"inLanguage\":\"sv-SE\",\"potentialAction\":[{\"@type\":\"ReadAction\",\"target\":[\"https:\/\/fredfloris.eu\/about-us\/\"]}]},{\"@type\":\"ImageObject\",\"inLanguage\":\"sv-SE\",\"@id\":\"https:\/\/fredfloris.eu\/about-us\/#primaryimage\",\"url\":\"https:\/\/fredfloris.eu\/wp-content\/uploads\/2024\/01\/FredFloris-NEW-2.png\",\"contentUrl\":\"https:\/\/fredfloris.eu\/wp-content\/uploads\/2024\/01\/FredFloris-NEW-2.png\"},{\"@type\":\"BreadcrumbList\",\"@id\":\"https:\/\/fredfloris.eu\/about-us\/#breadcrumb\",\"itemListElement\":[{\"@type\":\"ListItem\",\"position\":1,\"name\":\"Home\",\"item\":\"https:\/\/fredfloris.eu\/\"},{\"@type\":\"ListItem\",\"position\":2,\"name\":\"About us\"}]},{\"@type\":\"WebSite\",\"@id\":\"https:\/\/fredfloris.eu\/#website\",\"url\":\"https:\/\/fredfloris.eu\/\",\"name\":\"FredFloris\",\"description\":\"Handcrafted Leathergoods - Made in Sweden\",\"publisher\":{\"@id\":\"https:\/\/fredfloris.eu\/#organization\"},\"potentialAction\":[{\"@type\":\"SearchAction\",\"target\":{\"@type\":\"EntryPoint\",\"urlTemplate\":\"https:\/\/fredfloris.eu\/?s={search_term_string}\"},\"query-input\":{\"@type\":\"PropertyValueSpecification\",\"valueRequired\":true,\"valueName\":\"search_term_string\"}}],\"inLanguage\":\"sv-SE\"},{\"@type\":\"Organization\",\"@id\":\"https:\/\/fredfloris.eu\/#organization\",\"name\":\"FredFloris\",\"url\":\"https:\/\/fredfloris.eu\/\",\"logo\":{\"@type\":\"ImageObject\",\"inLanguage\":\"sv-SE\",\"@id\":\"https:\/\/fredfloris.eu\/#\/schema\/logo\/image\/\",\"url\":\"https:\/\/fredfloris.eu\/wp-content\/uploads\/2022\/03\/FredFloris-med-hel-nal-och-text.png\",\"contentUrl\":\"https:\/\/fredfloris.eu\/wp-content\/uploads\/2022\/03\/FredFloris-med-hel-nal-och-text.png\",\"width\":591,\"height\":283,\"caption\":\"FredFloris\"},\"image\":{\"@id\":\"https:\/\/fredfloris.eu\/#\/schema\/logo\/image\/\"},\"sameAs\":[\"https:\/\/www.facebook.com\/FredFloris.Artisan.Studio\/\",\"https:\/\/x.com\/_fredfloris_\",\"https:\/\/www.instagram.com\/fredfloris.artisan.studio\/\"]}]}<\/script>\n<!-- \/ Yoast SEO plugin. -->","yoast_head_json":{"title":"FredFloris: Etiska modeaccessoarer f\u00f6r lyxs\u00f6kare","description":"Uppt\u00e4ck FredFloris, ett familje\u00e4gt f\u00f6retag som skapar modeaccessoarer av h\u00f6gsta kvalitet. Etiskt tillverkade, h\u00e5llbara och byggda f\u00f6r att h\u00e5lla. Var med oss och inspirera till f\u00f6r\u00e4ndring.","robots":{"index":"index","follow":"follow","max-snippet":"max-snippet:-1","max-image-preview":"max-image-preview:large","max-video-preview":"max-video-preview:-1"},"canonical":"https:\/\/fredfloris.eu\/sv\/about-us\/?wmc-currency=SEK","og_locale":"sv_SE","og_type":"article","og_title":"FredFloris: Ethical Fashion Accessories for Luxury Seekers","og_description":"Discover FredFloris, a family-owned business creating premium fashion accessories. Ethically made, sustainable, and built to last. Join us in inspiring change.","og_url":"https:\/\/fredfloris.eu\/sv\/about-us\/?wmc-currency=SEK","og_site_name":"FredFloris","article_publisher":"https:\/\/www.facebook.com\/FredFloris.Artisan.Studio\/","article_modified_time":"2024-06-24T17:45:59+00:00","og_image":[{"url":"https:\/\/fredfloris.eu\/wp-content\/uploads\/2024\/01\/FredFloris-NEW-2.png","type":"","width":"","height":""}],"twitter_card":"summary_large_image","twitter_site":"@_fredfloris_","twitter_misc":{"Ber\u00e4knad l\u00e4stid":"2 minuter"},"schema":{"@context":"https:\/\/schema.org","@graph":[{"@type":["WebPage","AboutPage"],"@id":"https:\/\/fredfloris.eu\/about-us\/","url":"https:\/\/fredfloris.eu\/about-us\/","name":"FredFloris: Etiska modeaccessoarer f\u00f6r lyxs\u00f6kare","isPartOf":{"@id":"https:\/\/fredfloris.eu\/#website"},"primaryImageOfPage":{"@id":"https:\/\/fredfloris.eu\/about-us\/#primaryimage"},"image":{"@id":"https:\/\/fredfloris.eu\/about-us\/#primaryimage"},"thumbnailUrl":"https:\/\/fredfloris.eu\/wp-content\/uploads\/2024\/01\/FredFloris-NEW-2.png","datePublished":"2022-06-06T11:45:34+00:00","dateModified":"2024-06-24T17:45:59+00:00","description":"Uppt\u00e4ck FredFloris, ett familje\u00e4gt f\u00f6retag som skapar modeaccessoarer av h\u00f6gsta kvalitet. Etiskt tillverkade, h\u00e5llbara och byggda f\u00f6r att h\u00e5lla. Var med oss och inspirera till f\u00f6r\u00e4ndring.","breadcrumb":{"@id":"https:\/\/fredfloris.eu\/about-us\/#breadcrumb"},"inLanguage":"sv-SE","potentialAction":[{"@type":"ReadAction","target":["https:\/\/fredfloris.eu\/about-us\/"]}]},{"@type":"ImageObject","inLanguage":"sv-SE","@id":"https:\/\/fredfloris.eu\/about-us\/#primaryimage","url":"https:\/\/fredfloris.eu\/wp-content\/uploads\/2024\/01\/FredFloris-NEW-2.png","contentUrl":"https:\/\/fredfloris.eu\/wp-content\/uploads\/2024\/01\/FredFloris-NEW-2.png"},{"@type":"BreadcrumbList","@id":"https:\/\/fredfloris.eu\/about-us\/#breadcrumb","itemListElement":[{"@type":"ListItem","position":1,"name":"Home","item":"https:\/\/fredfloris.eu\/"},{"@type":"ListItem","position":2,"name":"About us"}]},{"@type":"WebSite","@id":"https:\/\/fredfloris.eu\/#website","url":"https:\/\/fredfloris.eu\/","name":"FredFloris","description":"Handgjorda l\u00e4dervaror - tillverkade i Sverige","publisher":{"@id":"https:\/\/fredfloris.eu\/#organization"},"potentialAction":[{"@type":"SearchAction","target":{"@type":"EntryPoint","urlTemplate":"https:\/\/fredfloris.eu\/?s={search_term_string}"},"query-input":{"@type":"PropertyValueSpecification","valueRequired":true,"valueName":"search_term_string"}}],"inLanguage":"sv-SE"},{"@type":"Organization","@id":"https:\/\/fredfloris.eu\/#organization","name":"FredFloris","url":"https:\/\/fredfloris.eu\/","logo":{"@type":"ImageObject","inLanguage":"sv-SE","@id":"https:\/\/fredfloris.eu\/#\/schema\/logo\/image\/","url":"https:\/\/fredfloris.eu\/wp-content\/uploads\/2022\/03\/FredFloris-med-hel-nal-och-text.png","contentUrl":"https:\/\/fredfloris.eu\/wp-content\/uploads\/2022\/03\/FredFloris-med-hel-nal-och-text.png","width":591,"height":283,"caption":"FredFloris"},"image":{"@id":"https:\/\/fredfloris.eu\/#\/schema\/logo\/image\/"},"sameAs":["https:\/\/www.facebook.com\/FredFloris.Artisan.Studio\/","https:\/\/x.com\/_fredfloris_","https:\/\/www.instagram.com\/fredfloris.artisan.studio\/"]}]}},"_links":{"self":[{"href":"https:\/\/fredfloris.eu\/sv\/wp-json\/wp\/v2\/pages\/7181","targetHints":{"allow":["GET"]}}],"collection":[{"href":"https:\/\/fredfloris.eu\/sv\/wp-json\/wp\/v2\/pages"}],"about":[{"href":"https:\/\/fredfloris.eu\/sv\/wp-json\/wp\/v2\/types\/page"}],"author":[{"embeddable":true,"href":"https:\/\/fredfloris.eu\/sv\/wp-json\/wp\/v2\/users\/1"}],"replies":[{"embeddable":true,"href":"https:\/\/fredfloris.eu\/sv\/wp-json\/wp\/v2\/comments?post=7181"}],"version-history":[{"count":22,"href":"https:\/\/fredfloris.eu\/sv\/wp-json\/wp\/v2\/pages\/7181\/revisions"}],"predecessor-version":[{"id":11508,"href":"https:\/\/fredfloris.eu\/sv\/wp-json\/wp\/v2\/pages\/7181\/revisions\/11508"}],"wp:attachment":[{"href":"https:\/\/fredfloris.eu\/sv\/wp-json\/wp\/v2\/media?parent=7181"}],"curies":[{"name":"wp","href":"https:\/\/api.w.org\/{rel}","templated":true}]}}