{"id":10059,"date":"2022-10-10T17:37:30","date_gmt":"2022-10-10T15:37:30","guid":{"rendered":"https:\/\/fredfloris.eu\/?post_type=product&#038;p=10059"},"modified":"2025-11-11T09:09:14","modified_gmt":"2025-11-11T08:09:14","slug":"cashmere-care-kit","status":"publish","type":"product","link":"https:\/\/fredfloris.eu\/sv\/productpage\/cashmere-care-kit\/","title":{"rendered":"V\u00e5rdkit f\u00f6r Kashmir"},"content":{"rendered":"<p>Att ta hand om sina kl\u00e4der \u00e4r en del av att ta hand om sig sj\u00e4lv.<\/p>\n<p>V\u00e5ra kl\u00e4dv\u00e5rdsprodukter f\u00f6rl\u00e4nger livsl\u00e4ngden p\u00e5 dina stickade favoritplagg s\u00e5 att de kan anv\u00e4ndas hela livet.<\/p>\n<p>Spara \u00f6ver 10% av det ordinarie priset n\u00e4r du k\u00f6per detta paket.<\/p>\n<p><strong>Detta kit inneh\u00e5ller:\u00a0<\/strong><\/p>\n<ul>\n<li><a href=\"https:\/\/fredfloris.eu\/sv\/productpage\/cashmere-wool-spray\/?wmc-currency=SEK\">V\u00e5r kashmir- och ullspray<\/a> - Avl\u00e4gsnar lukt och smuts mellan tv\u00e4ttarna<\/li>\n<li><a href=\"https:\/\/fredfloris.eu\/sv\/productpage\/horse-hair-clothes-brush\/?wmc-currency=SEK\">V\u00e5r kl\u00e4dborste av tagel<\/a> - Hj\u00e4lper till att f\u00f6rhindra ansamling av smuts<\/li>\n<li><a href=\"https:\/\/fredfloris.eu\/sv\/productpage\/red-cedar-hearts-prevent-clothes-moths\/?wmc-currency=SEK\">V\u00e5ra hj\u00e4rtan av r\u00f6d cedertr\u00e4<\/a> - Avskr\u00e4cker malar och andra skadedjur<\/li>\n<li><a href=\"https:\/\/fredfloris.eu\/sv\/productpage\/natural-stain-removing-bile-soap\/?wmc-currency=SEK\">V\u00e5r galltv\u00e5l<\/a> - \u00c4r tuff mot fl\u00e4ckar och samtidigt skonsam mot milj\u00f6n<\/li>\n<\/ul>\n<p>&nbsp;<\/p>\n<p>Vi rekommenderar ocks\u00e5 att du kompletterar detta kit med en kashmirkam eller en elektrisk rakhyvel och ett \u00e5ngstrykj\u00e4rn. Vi s\u00e4ljer inte dessa produkter sj\u00e4lva, men de finns l\u00e4tt tillg\u00e4ngliga i lokala elektronikbutiker.<\/p>\n<p>&nbsp;<\/p>\n<p>S\u00f6kord: helt naturlig tv\u00e5l, ulltv\u00e4ttmedel, f\u00f6rhindrar kl\u00e4dmal, v\u00e4ggl\u00f6ss, silverfisk och insekter<\/p>","protected":false},"excerpt":{"rendered":"<p>SKU: cas\/bil\/kit<\/p>","protected":false},"featured_media":10018,"template":"","meta":[],"pwb-brand":[204],"product_brand":[],"product_cat":[361,362],"product_tag":[380,135],"woo-feed-brand":[],"class_list":{"0":"post-10059","1":"product","2":"type-product","3":"status-publish","4":"has-post-thumbnail","6":"pwb-brand-fredfloris-partner","7":"product_cat-knitwear","8":"product_cat-knitwear-care-products","9":"product_tag-knitwear-care","10":"product_tag-stocked","11":"product_shipping_class-large-goods","13":"first","14":"outofstock","15":"taxable","16":"shipping-taxable","17":"purchasable","18":"product-type-simple"},"yoast_head":"<!-- This site is optimized with the Yoast SEO plugin v27.2 - https:\/\/yoast.com\/product\/yoast-seo-wordpress\/ -->\n<title>Cashmere Care Kit | FredFloris<\/title>\n<meta name=\"description\" content=\"Our Cashmer care kit includes are own Cashmere\/Wool spray, a horsehair clothes brush, Red ceder - used to prevent clothes mothes and our bile soap.\" \/>\n<meta name=\"robots\" content=\"index, follow, max-snippet:-1, max-image-preview:large, max-video-preview:-1\" \/>\n<link rel=\"canonical\" href=\"https:\/\/fredfloris.eu\/sv\/productpage\/cashmere-care-kit\/?wmc-currency=SEK\" \/>\n<meta property=\"og:locale\" content=\"sv_SE\" \/>\n<meta property=\"og:type\" content=\"article\" \/>\n<meta property=\"og:title\" content=\"Cashmere Care Kit | FredFloris\" \/>\n<meta property=\"og:description\" content=\"Our Cashmer care kit includes are own Cashmere\/Wool spray, a horsehair clothes brush, Red ceder - used to prevent clothes mothes and our bile soap.\" \/>\n<meta property=\"og:url\" content=\"https:\/\/fredfloris.eu\/sv\/productpage\/cashmere-care-kit\/?wmc-currency=SEK\" \/>\n<meta property=\"og:site_name\" content=\"FredFloris\" \/>\n<meta property=\"article:publisher\" content=\"https:\/\/www.facebook.com\/FredFloris.Artisan.Studio\/\" \/>\n<meta property=\"article:modified_time\" content=\"2025-11-11T08:09:14+00:00\" \/>\n<meta property=\"og:image\" content=\"https:\/\/fredfloris.eu\/wp-content\/uploads\/2022\/10\/IMG_3653-scaled.jpg\" \/>\n\t<meta property=\"og:image:width\" content=\"2560\" \/>\n\t<meta property=\"og:image:height\" content=\"1707\" \/>\n\t<meta property=\"og:image:type\" content=\"image\/jpeg\" \/>\n<meta name=\"twitter:card\" content=\"summary_large_image\" \/>\n<meta name=\"twitter:site\" content=\"@_fredfloris_\" \/>\n<meta name=\"twitter:label1\" content=\"Ber\u00e4knad l\u00e4stid\" \/>\n\t<meta name=\"twitter:data1\" content=\"1 minut\" \/>\n<script type=\"application\/ld+json\" class=\"yoast-schema-graph\">{\"@context\":\"https:\/\/schema.org\",\"@graph\":[{\"@type\":\"WebPage\",\"@id\":\"https:\/\/fredfloris.eu\/productpage\/cashmere-care-kit\/\",\"url\":\"https:\/\/fredfloris.eu\/productpage\/cashmere-care-kit\/\",\"name\":\"Cashmere Care Kit | FredFloris\",\"isPartOf\":{\"@id\":\"https:\/\/fredfloris.eu\/#website\"},\"primaryImageOfPage\":{\"@id\":\"https:\/\/fredfloris.eu\/productpage\/cashmere-care-kit\/#primaryimage\"},\"image\":{\"@id\":\"https:\/\/fredfloris.eu\/productpage\/cashmere-care-kit\/#primaryimage\"},\"thumbnailUrl\":\"https:\/\/fredfloris.eu\/wp-content\/uploads\/2022\/10\/IMG_3653-scaled.jpg\",\"datePublished\":\"2022-10-10T15:37:30+00:00\",\"dateModified\":\"2025-11-11T08:09:14+00:00\",\"description\":\"Our Cashmer care kit includes are own Cashmere\/Wool spray, a horsehair clothes brush, Red ceder - used to prevent clothes mothes and our bile soap.\",\"breadcrumb\":{\"@id\":\"https:\/\/fredfloris.eu\/productpage\/cashmere-care-kit\/#breadcrumb\"},\"inLanguage\":\"sv-SE\",\"potentialAction\":[{\"@type\":\"ReadAction\",\"target\":[\"https:\/\/fredfloris.eu\/productpage\/cashmere-care-kit\/\"]}]},{\"@type\":\"ImageObject\",\"inLanguage\":\"sv-SE\",\"@id\":\"https:\/\/fredfloris.eu\/productpage\/cashmere-care-kit\/#primaryimage\",\"url\":\"https:\/\/fredfloris.eu\/wp-content\/uploads\/2022\/10\/IMG_3653-scaled.jpg\",\"contentUrl\":\"https:\/\/fredfloris.eu\/wp-content\/uploads\/2022\/10\/IMG_3653-scaled.jpg\",\"width\":2560,\"height\":1707,\"caption\":\"Product: Clothes Brush, Red Cedar Hearts, Mild Natural Bile Soap, Cashmere \/ Wool spray\"},{\"@type\":\"BreadcrumbList\",\"@id\":\"https:\/\/fredfloris.eu\/productpage\/cashmere-care-kit\/#breadcrumb\",\"itemListElement\":[{\"@type\":\"ListItem\",\"position\":1,\"name\":\"Home\",\"item\":\"https:\/\/fredfloris.eu\/\"},{\"@type\":\"ListItem\",\"position\":2,\"name\":\"Shop\",\"item\":\"https:\/\/fredfloris.eu\/shop\/\"},{\"@type\":\"ListItem\",\"position\":3,\"name\":\"Cashmere Care Kit\"}]},{\"@type\":\"WebSite\",\"@id\":\"https:\/\/fredfloris.eu\/#website\",\"url\":\"https:\/\/fredfloris.eu\/\",\"name\":\"FredFloris\",\"description\":\"Handcrafted Leathergoods - Made in Sweden\",\"publisher\":{\"@id\":\"https:\/\/fredfloris.eu\/#organization\"},\"potentialAction\":[{\"@type\":\"SearchAction\",\"target\":{\"@type\":\"EntryPoint\",\"urlTemplate\":\"https:\/\/fredfloris.eu\/?s={search_term_string}\"},\"query-input\":{\"@type\":\"PropertyValueSpecification\",\"valueRequired\":true,\"valueName\":\"search_term_string\"}}],\"inLanguage\":\"sv-SE\"},{\"@type\":\"Organization\",\"@id\":\"https:\/\/fredfloris.eu\/#organization\",\"name\":\"FredFloris\",\"url\":\"https:\/\/fredfloris.eu\/\",\"logo\":{\"@type\":\"ImageObject\",\"inLanguage\":\"sv-SE\",\"@id\":\"https:\/\/fredfloris.eu\/#\/schema\/logo\/image\/\",\"url\":\"https:\/\/fredfloris.eu\/wp-content\/uploads\/2022\/03\/FredFloris-med-hel-nal-och-text.png\",\"contentUrl\":\"https:\/\/fredfloris.eu\/wp-content\/uploads\/2022\/03\/FredFloris-med-hel-nal-och-text.png\",\"width\":591,\"height\":283,\"caption\":\"FredFloris\"},\"image\":{\"@id\":\"https:\/\/fredfloris.eu\/#\/schema\/logo\/image\/\"},\"sameAs\":[\"https:\/\/www.facebook.com\/FredFloris.Artisan.Studio\/\",\"https:\/\/x.com\/_fredfloris_\",\"https:\/\/www.instagram.com\/fredfloris.artisan.studio\/\"]}]}<\/script>\n<!-- \/ Yoast SEO plugin. -->","yoast_head_json":{"title":"V\u00e5rdkit f\u00f6r kashmir | FredFloris","description":"V\u00e5rt Cashmer care kit inneh\u00e5ller v\u00e5r egen Cashmere\/Wool spray, en kl\u00e4dborste av tagel, Red ceder - som anv\u00e4nds f\u00f6r att f\u00f6rhindra kl\u00e4dmott och v\u00e5r galltv\u00e5l.","robots":{"index":"index","follow":"follow","max-snippet":"max-snippet:-1","max-image-preview":"max-image-preview:large","max-video-preview":"max-video-preview:-1"},"canonical":"https:\/\/fredfloris.eu\/sv\/productpage\/cashmere-care-kit\/?wmc-currency=SEK","og_locale":"sv_SE","og_type":"article","og_title":"Cashmere Care Kit | FredFloris","og_description":"Our Cashmer care kit includes are own Cashmere\/Wool spray, a horsehair clothes brush, Red ceder - used to prevent clothes mothes and our bile soap.","og_url":"https:\/\/fredfloris.eu\/sv\/productpage\/cashmere-care-kit\/?wmc-currency=SEK","og_site_name":"FredFloris","article_publisher":"https:\/\/www.facebook.com\/FredFloris.Artisan.Studio\/","article_modified_time":"2025-11-11T08:09:14+00:00","og_image":[{"width":2560,"height":1707,"url":"https:\/\/fredfloris.eu\/wp-content\/uploads\/2022\/10\/IMG_3653-scaled.jpg","type":"image\/jpeg"}],"twitter_card":"summary_large_image","twitter_site":"@_fredfloris_","twitter_misc":{"Ber\u00e4knad l\u00e4stid":"1 minut"},"schema":{"@context":"https:\/\/schema.org","@graph":[{"@type":"WebPage","@id":"https:\/\/fredfloris.eu\/productpage\/cashmere-care-kit\/","url":"https:\/\/fredfloris.eu\/productpage\/cashmere-care-kit\/","name":"V\u00e5rdkit f\u00f6r kashmir | FredFloris","isPartOf":{"@id":"https:\/\/fredfloris.eu\/#website"},"primaryImageOfPage":{"@id":"https:\/\/fredfloris.eu\/productpage\/cashmere-care-kit\/#primaryimage"},"image":{"@id":"https:\/\/fredfloris.eu\/productpage\/cashmere-care-kit\/#primaryimage"},"thumbnailUrl":"https:\/\/fredfloris.eu\/wp-content\/uploads\/2022\/10\/IMG_3653-scaled.jpg","datePublished":"2022-10-10T15:37:30+00:00","dateModified":"2025-11-11T08:09:14+00:00","description":"V\u00e5rt Cashmer care kit inneh\u00e5ller v\u00e5r egen Cashmere\/Wool spray, en kl\u00e4dborste av tagel, Red ceder - som anv\u00e4nds f\u00f6r att f\u00f6rhindra kl\u00e4dmott och v\u00e5r galltv\u00e5l.","breadcrumb":{"@id":"https:\/\/fredfloris.eu\/productpage\/cashmere-care-kit\/#breadcrumb"},"inLanguage":"sv-SE","potentialAction":[{"@type":"ReadAction","target":["https:\/\/fredfloris.eu\/productpage\/cashmere-care-kit\/"]}]},{"@type":"ImageObject","inLanguage":"sv-SE","@id":"https:\/\/fredfloris.eu\/productpage\/cashmere-care-kit\/#primaryimage","url":"https:\/\/fredfloris.eu\/wp-content\/uploads\/2022\/10\/IMG_3653-scaled.jpg","contentUrl":"https:\/\/fredfloris.eu\/wp-content\/uploads\/2022\/10\/IMG_3653-scaled.jpg","width":2560,"height":1707,"caption":"Product: Clothes Brush, Red Cedar Hearts, Mild Natural Bile Soap, Cashmere \/ Wool spray"},{"@type":"BreadcrumbList","@id":"https:\/\/fredfloris.eu\/productpage\/cashmere-care-kit\/#breadcrumb","itemListElement":[{"@type":"ListItem","position":1,"name":"Home","item":"https:\/\/fredfloris.eu\/"},{"@type":"ListItem","position":2,"name":"Shop","item":"https:\/\/fredfloris.eu\/shop\/"},{"@type":"ListItem","position":3,"name":"Cashmere Care Kit"}]},{"@type":"WebSite","@id":"https:\/\/fredfloris.eu\/#website","url":"https:\/\/fredfloris.eu\/","name":"FredFloris","description":"Handgjorda l\u00e4dervaror - tillverkade i Sverige","publisher":{"@id":"https:\/\/fredfloris.eu\/#organization"},"potentialAction":[{"@type":"SearchAction","target":{"@type":"EntryPoint","urlTemplate":"https:\/\/fredfloris.eu\/?s={search_term_string}"},"query-input":{"@type":"PropertyValueSpecification","valueRequired":true,"valueName":"search_term_string"}}],"inLanguage":"sv-SE"},{"@type":"Organization","@id":"https:\/\/fredfloris.eu\/#organization","name":"FredFloris","url":"https:\/\/fredfloris.eu\/","logo":{"@type":"ImageObject","inLanguage":"sv-SE","@id":"https:\/\/fredfloris.eu\/#\/schema\/logo\/image\/","url":"https:\/\/fredfloris.eu\/wp-content\/uploads\/2022\/03\/FredFloris-med-hel-nal-och-text.png","contentUrl":"https:\/\/fredfloris.eu\/wp-content\/uploads\/2022\/03\/FredFloris-med-hel-nal-och-text.png","width":591,"height":283,"caption":"FredFloris"},"image":{"@id":"https:\/\/fredfloris.eu\/#\/schema\/logo\/image\/"},"sameAs":["https:\/\/www.facebook.com\/FredFloris.Artisan.Studio\/","https:\/\/x.com\/_fredfloris_","https:\/\/www.instagram.com\/fredfloris.artisan.studio\/"]}]}},"brands":[{"id":204,"name":"FredFloris &amp; Partner","slug":"fredfloris-partner"}],"_links":{"self":[{"href":"https:\/\/fredfloris.eu\/sv\/wp-json\/wp\/v2\/product\/10059","targetHints":{"allow":["GET"]}}],"collection":[{"href":"https:\/\/fredfloris.eu\/sv\/wp-json\/wp\/v2\/product"}],"about":[{"href":"https:\/\/fredfloris.eu\/sv\/wp-json\/wp\/v2\/types\/product"}],"version-history":[{"count":11,"href":"https:\/\/fredfloris.eu\/sv\/wp-json\/wp\/v2\/product\/10059\/revisions"}],"predecessor-version":[{"id":11575,"href":"https:\/\/fredfloris.eu\/sv\/wp-json\/wp\/v2\/product\/10059\/revisions\/11575"}],"wp:featuredmedia":[{"embeddable":true,"href":"https:\/\/fredfloris.eu\/sv\/wp-json\/wp\/v2\/media\/10018"}],"wp:attachment":[{"href":"https:\/\/fredfloris.eu\/sv\/wp-json\/wp\/v2\/media?parent=10059"}],"wp:term":[{"taxonomy":"pwb-brand","embeddable":true,"href":"https:\/\/fredfloris.eu\/sv\/wp-json\/wp\/v2\/pwb-brand?post=10059"},{"taxonomy":"product_brand","embeddable":true,"href":"https:\/\/fredfloris.eu\/sv\/wp-json\/wp\/v2\/product_brand?post=10059"},{"taxonomy":"product_cat","embeddable":true,"href":"https:\/\/fredfloris.eu\/sv\/wp-json\/wp\/v2\/product_cat?post=10059"},{"taxonomy":"product_tag","embeddable":true,"href":"https:\/\/fredfloris.eu\/sv\/wp-json\/wp\/v2\/product_tag?post=10059"},{"taxonomy":"woo-feed-brand","embeddable":true,"href":"https:\/\/fredfloris.eu\/sv\/wp-json\/wp\/v2\/woo-feed-brand?post=10059"}],"curies":[{"name":"wp","href":"https:\/\/api.w.org\/{rel}","templated":true}]}}