{"id":10070,"date":"2022-10-10T17:31:43","date_gmt":"2022-10-10T15:31:43","guid":{"rendered":"https:\/\/fredfloris.eu\/?post_type=product&#038;p=10070"},"modified":"2024-06-24T20:32:15","modified_gmt":"2024-06-24T18:32:15","slug":"romeo-cashmere-sweater","status":"publish","type":"product","link":"https:\/\/fredfloris.eu\/sv\/productpage\/romeo-cashmere-sweater\/","title":{"rendered":"Romeo - Kashmirtr\u00f6ja"},"content":{"rendered":"<p><strong>Upplev mjukheten, v\u00e4rmen och l\u00e4ttheten i v\u00e5r kashmirtr\u00f6ja. Den \u00e4r tillverkad av fina tr\u00e5dar och h\u00e5ller dig varm utan att vara f\u00f6r stor, vilket g\u00f6r den m\u00e5ngsidig f\u00f6r b\u00e5de arbete och fritid. Njut av komforten under hela vintern, h\u00f6sten, v\u00e5ren och under de milda sommarn\u00e4tterna. Denna tr\u00f6ja ger din look en touch av lyx samtidigt som den ger utm\u00e4rkt isolering och f\u00f6rkroppsligar en tidl\u00f6s stil.<\/strong><\/p>\n<p><strong>Milj\u00f6v\u00e4nlig:<\/strong> V\u00e5ra tr\u00f6jor erbjuder inte bara en h\u00e5llbar stil utan \u00e4r ocks\u00e5 milj\u00f6v\u00e4nliga. FredFloris har \u00e5tagit sig att motverka snabbt mode genom att tillhandah\u00e5lla h\u00e5llbara plagg som du kan v\u00e5rda. V\u00e5ra tr\u00f6jor \u00e4r tillverkade av 100% \u00e5tervunnen kashmir och produceras p\u00e5 ett ansvarsfullt s\u00e4tt av v\u00e5ra partners i Italien.<\/p>\n<p><strong>V\u00e4nligen notera:<\/strong> P\u00e5 grund av att v\u00e5r kashmir \u00e4r \u00e5tervunnen kan f\u00e4rgnyanserna variera mellan olika partier, och alla nyanser kanske inte finns tillg\u00e4ngliga hela tiden.<\/p>\n<p><strong>M\u00e5ngsidig och unisex:<\/strong> V\u00e5ra tr\u00f6jor \u00e4r designade i vanliga herrstorlekar men \u00e4r universellt smickrande f\u00f6r b\u00e5de m\u00e4n och kvinnor. De kan b\u00e4ras direkt p\u00e5 huden eller i lager \u00f6ver en skjorta.<\/p>\n<p><strong>Produktspecifikationer:<\/strong><\/p>\n<ul>\n<li><strong>Finns i lager:<\/strong> M, L, XL<\/li>\n<li><strong>Tillverkas p\u00e5 best\u00e4llning:<\/strong> S, XXL (r\u00e4kna med upp till 3 veckors leveranstid, beroende p\u00e5 tillg\u00e5ng till material)*<\/li>\n<li><strong>F\u00e4rger:<\/strong> Marinbl\u00e5, Ljus beige<\/li>\n<li><strong>Stil:<\/strong> Rund halsringning<\/li>\n<li><strong>Stickfasthet:<\/strong> 12\/14 - L\u00e4mplig f\u00f6r anv\u00e4ndning \u00e5ret runt<\/li>\n<li><strong>Ursprung:<\/strong> Tillverkad i Italien<\/li>\n<li><strong>Material:<\/strong> 100% \u00c5tervunnen kashmir<\/li>\n<\/ul>\n<p>&nbsp;<\/p>\n<p><em>*Storlekarna S och XXL \u00e4r tillg\u00e4ngliga p\u00e5 best\u00e4llning. Leveranstiden \u00e4r upp till 3 veckor om fabriken har det material som kr\u00e4vs f\u00f6r att tillverka artikeln.<\/em><\/p>\n<p>&nbsp;<\/p>\n<p>S\u00f6kord: F\u00f6r m\u00e4n &amp; kvinnor, bl\u00e5 &amp; beige \u00e5tervunnen kashmirulltr\u00f6ja<\/p>","protected":false},"excerpt":{"rendered":"<p><strong>Stickfasthet: <\/strong>12\/14 - Hela \u00e5ret runt<\/p>\n<p><strong>Ursprung: <\/strong>Tillverkad i Italien<\/p>","protected":false},"featured_media":10010,"template":"","meta":[],"pwb-brand":[204],"product_brand":[],"product_cat":[367,361],"product_tag":[105,135],"woo-feed-brand":[],"class_list":{"0":"post-10070","1":"product","2":"type-product","3":"status-publish","4":"has-post-thumbnail","6":"pwb-brand-fredfloris-partner","7":"product_cat-cashmere-sweater","8":"product_cat-knitwear","9":"product_tag-made-to-order","10":"product_tag-stocked","11":"product_shipping_class-large-goods","13":"first","14":"instock","15":"taxable","16":"shipping-taxable","17":"purchasable","18":"product-type-variable","19":"has-default-attributes"},"yoast_head":"<!-- This site is optimized with the Yoast SEO plugin v27.2 - https:\/\/yoast.com\/product\/yoast-seo-wordpress\/ -->\n<title>Romeo - Cashmere Sweater | FredFloris<\/title>\n<meta name=\"description\" content=\"These cashmere sweaters are made in Italy from 100% recycled cashmere. Sizes are common male sizes but these cashmere sweaters look great on men and women.\" \/>\n<meta name=\"robots\" content=\"index, follow, max-snippet:-1, max-image-preview:large, max-video-preview:-1\" \/>\n<link rel=\"canonical\" href=\"https:\/\/fredfloris.eu\/sv\/productpage\/romeo-cashmere-sweater\/?wmc-currency=SEK\" \/>\n<meta property=\"og:locale\" content=\"sv_SE\" \/>\n<meta property=\"og:type\" content=\"article\" \/>\n<meta property=\"og:title\" content=\"Romeo - Cashmere Sweater | FredFloris\" \/>\n<meta property=\"og:description\" content=\"These cashmere sweaters are made in Italy from 100% recycled cashmere. Sizes are common male sizes but these cashmere sweaters look great on men and women.\" \/>\n<meta property=\"og:url\" content=\"https:\/\/fredfloris.eu\/sv\/productpage\/romeo-cashmere-sweater\/?wmc-currency=SEK\" \/>\n<meta property=\"og:site_name\" content=\"FredFloris\" \/>\n<meta property=\"article:publisher\" content=\"https:\/\/www.facebook.com\/FredFloris.Artisan.Studio\/\" \/>\n<meta property=\"article:modified_time\" content=\"2024-06-24T18:32:15+00:00\" \/>\n<meta property=\"og:image\" content=\"https:\/\/fredfloris.eu\/wp-content\/uploads\/2022\/10\/IMG_3645-scaled.jpg\" \/>\n\t<meta property=\"og:image:width\" content=\"2560\" \/>\n\t<meta property=\"og:image:height\" content=\"1707\" \/>\n\t<meta property=\"og:image:type\" content=\"image\/jpeg\" \/>\n<meta name=\"twitter:card\" content=\"summary_large_image\" \/>\n<meta name=\"twitter:site\" content=\"@_fredfloris_\" \/>\n<meta name=\"twitter:label1\" content=\"Ber\u00e4knad l\u00e4stid\" \/>\n\t<meta name=\"twitter:data1\" content=\"2 minuter\" \/>\n<script type=\"application\/ld+json\" class=\"yoast-schema-graph\">{\"@context\":\"https:\/\/schema.org\",\"@graph\":[{\"@type\":\"WebPage\",\"@id\":\"https:\/\/fredfloris.eu\/productpage\/romeo-cashmere-sweater\/\",\"url\":\"https:\/\/fredfloris.eu\/productpage\/romeo-cashmere-sweater\/\",\"name\":\"Romeo - Cashmere Sweater | FredFloris\",\"isPartOf\":{\"@id\":\"https:\/\/fredfloris.eu\/#website\"},\"primaryImageOfPage\":{\"@id\":\"https:\/\/fredfloris.eu\/productpage\/romeo-cashmere-sweater\/#primaryimage\"},\"image\":{\"@id\":\"https:\/\/fredfloris.eu\/productpage\/romeo-cashmere-sweater\/#primaryimage\"},\"thumbnailUrl\":\"https:\/\/fredfloris.eu\/wp-content\/uploads\/2022\/10\/IMG_3645-scaled.jpg\",\"datePublished\":\"2022-10-10T15:31:43+00:00\",\"dateModified\":\"2024-06-24T18:32:15+00:00\",\"description\":\"These cashmere sweaters are made in Italy from 100% recycled cashmere. Sizes are common male sizes but these cashmere sweaters look great on men and women.\",\"breadcrumb\":{\"@id\":\"https:\/\/fredfloris.eu\/productpage\/romeo-cashmere-sweater\/#breadcrumb\"},\"inLanguage\":\"sv-SE\",\"potentialAction\":[{\"@type\":\"ReadAction\",\"target\":[\"https:\/\/fredfloris.eu\/productpage\/romeo-cashmere-sweater\/\"]}]},{\"@type\":\"ImageObject\",\"inLanguage\":\"sv-SE\",\"@id\":\"https:\/\/fredfloris.eu\/productpage\/romeo-cashmere-sweater\/#primaryimage\",\"url\":\"https:\/\/fredfloris.eu\/wp-content\/uploads\/2022\/10\/IMG_3645-scaled.jpg\",\"contentUrl\":\"https:\/\/fredfloris.eu\/wp-content\/uploads\/2022\/10\/IMG_3645-scaled.jpg\",\"width\":2560,\"height\":1707,\"caption\":\"Product: Romeo - Cashmere Sweater- Colour: Navy Blue & Light Beige\"},{\"@type\":\"BreadcrumbList\",\"@id\":\"https:\/\/fredfloris.eu\/productpage\/romeo-cashmere-sweater\/#breadcrumb\",\"itemListElement\":[{\"@type\":\"ListItem\",\"position\":1,\"name\":\"Home\",\"item\":\"https:\/\/fredfloris.eu\/\"},{\"@type\":\"ListItem\",\"position\":2,\"name\":\"Shop\",\"item\":\"https:\/\/fredfloris.eu\/shop\/\"},{\"@type\":\"ListItem\",\"position\":3,\"name\":\"Romeo &#8211; Cashmere Sweater\"}]},{\"@type\":\"WebSite\",\"@id\":\"https:\/\/fredfloris.eu\/#website\",\"url\":\"https:\/\/fredfloris.eu\/\",\"name\":\"FredFloris\",\"description\":\"Handcrafted Leathergoods - Made in Sweden\",\"publisher\":{\"@id\":\"https:\/\/fredfloris.eu\/#organization\"},\"potentialAction\":[{\"@type\":\"SearchAction\",\"target\":{\"@type\":\"EntryPoint\",\"urlTemplate\":\"https:\/\/fredfloris.eu\/?s={search_term_string}\"},\"query-input\":{\"@type\":\"PropertyValueSpecification\",\"valueRequired\":true,\"valueName\":\"search_term_string\"}}],\"inLanguage\":\"sv-SE\"},{\"@type\":\"Organization\",\"@id\":\"https:\/\/fredfloris.eu\/#organization\",\"name\":\"FredFloris\",\"url\":\"https:\/\/fredfloris.eu\/\",\"logo\":{\"@type\":\"ImageObject\",\"inLanguage\":\"sv-SE\",\"@id\":\"https:\/\/fredfloris.eu\/#\/schema\/logo\/image\/\",\"url\":\"https:\/\/fredfloris.eu\/wp-content\/uploads\/2022\/03\/FredFloris-med-hel-nal-och-text.png\",\"contentUrl\":\"https:\/\/fredfloris.eu\/wp-content\/uploads\/2022\/03\/FredFloris-med-hel-nal-och-text.png\",\"width\":591,\"height\":283,\"caption\":\"FredFloris\"},\"image\":{\"@id\":\"https:\/\/fredfloris.eu\/#\/schema\/logo\/image\/\"},\"sameAs\":[\"https:\/\/www.facebook.com\/FredFloris.Artisan.Studio\/\",\"https:\/\/x.com\/_fredfloris_\",\"https:\/\/www.instagram.com\/fredfloris.artisan.studio\/\"]}]}<\/script>\n<!-- \/ Yoast SEO plugin. -->","yoast_head_json":{"title":"Romeo - Kashmirtr\u00f6ja | FredFloris","description":"Dessa kashmirtr\u00f6jor \u00e4r tillverkade i Italien av 100% \u00e5tervunnen kashmir. Storlekarna \u00e4r vanliga herrstorlekar men dessa kashmirtr\u00f6jor passar bra p\u00e5 b\u00e5de m\u00e4n och kvinnor.","robots":{"index":"index","follow":"follow","max-snippet":"max-snippet:-1","max-image-preview":"max-image-preview:large","max-video-preview":"max-video-preview:-1"},"canonical":"https:\/\/fredfloris.eu\/sv\/productpage\/romeo-cashmere-sweater\/?wmc-currency=SEK","og_locale":"sv_SE","og_type":"article","og_title":"Romeo - Cashmere Sweater | FredFloris","og_description":"These cashmere sweaters are made in Italy from 100% recycled cashmere. Sizes are common male sizes but these cashmere sweaters look great on men and women.","og_url":"https:\/\/fredfloris.eu\/sv\/productpage\/romeo-cashmere-sweater\/?wmc-currency=SEK","og_site_name":"FredFloris","article_publisher":"https:\/\/www.facebook.com\/FredFloris.Artisan.Studio\/","article_modified_time":"2024-06-24T18:32:15+00:00","og_image":[{"width":2560,"height":1707,"url":"https:\/\/fredfloris.eu\/wp-content\/uploads\/2022\/10\/IMG_3645-scaled.jpg","type":"image\/jpeg"}],"twitter_card":"summary_large_image","twitter_site":"@_fredfloris_","twitter_misc":{"Ber\u00e4knad l\u00e4stid":"2 minuter"},"schema":{"@context":"https:\/\/schema.org","@graph":[{"@type":"WebPage","@id":"https:\/\/fredfloris.eu\/productpage\/romeo-cashmere-sweater\/","url":"https:\/\/fredfloris.eu\/productpage\/romeo-cashmere-sweater\/","name":"Romeo - Kashmirtr\u00f6ja | FredFloris","isPartOf":{"@id":"https:\/\/fredfloris.eu\/#website"},"primaryImageOfPage":{"@id":"https:\/\/fredfloris.eu\/productpage\/romeo-cashmere-sweater\/#primaryimage"},"image":{"@id":"https:\/\/fredfloris.eu\/productpage\/romeo-cashmere-sweater\/#primaryimage"},"thumbnailUrl":"https:\/\/fredfloris.eu\/wp-content\/uploads\/2022\/10\/IMG_3645-scaled.jpg","datePublished":"2022-10-10T15:31:43+00:00","dateModified":"2024-06-24T18:32:15+00:00","description":"Dessa kashmirtr\u00f6jor \u00e4r tillverkade i Italien av 100% \u00e5tervunnen kashmir. Storlekarna \u00e4r vanliga herrstorlekar men dessa kashmirtr\u00f6jor passar bra p\u00e5 b\u00e5de m\u00e4n och kvinnor.","breadcrumb":{"@id":"https:\/\/fredfloris.eu\/productpage\/romeo-cashmere-sweater\/#breadcrumb"},"inLanguage":"sv-SE","potentialAction":[{"@type":"ReadAction","target":["https:\/\/fredfloris.eu\/productpage\/romeo-cashmere-sweater\/"]}]},{"@type":"ImageObject","inLanguage":"sv-SE","@id":"https:\/\/fredfloris.eu\/productpage\/romeo-cashmere-sweater\/#primaryimage","url":"https:\/\/fredfloris.eu\/wp-content\/uploads\/2022\/10\/IMG_3645-scaled.jpg","contentUrl":"https:\/\/fredfloris.eu\/wp-content\/uploads\/2022\/10\/IMG_3645-scaled.jpg","width":2560,"height":1707,"caption":"Product: Romeo - Cashmere Sweater- Colour: Navy Blue & Light Beige"},{"@type":"BreadcrumbList","@id":"https:\/\/fredfloris.eu\/productpage\/romeo-cashmere-sweater\/#breadcrumb","itemListElement":[{"@type":"ListItem","position":1,"name":"Home","item":"https:\/\/fredfloris.eu\/"},{"@type":"ListItem","position":2,"name":"Shop","item":"https:\/\/fredfloris.eu\/shop\/"},{"@type":"ListItem","position":3,"name":"Romeo &#8211; Cashmere Sweater"}]},{"@type":"WebSite","@id":"https:\/\/fredfloris.eu\/#website","url":"https:\/\/fredfloris.eu\/","name":"FredFloris","description":"Handgjorda l\u00e4dervaror - tillverkade i Sverige","publisher":{"@id":"https:\/\/fredfloris.eu\/#organization"},"potentialAction":[{"@type":"SearchAction","target":{"@type":"EntryPoint","urlTemplate":"https:\/\/fredfloris.eu\/?s={search_term_string}"},"query-input":{"@type":"PropertyValueSpecification","valueRequired":true,"valueName":"search_term_string"}}],"inLanguage":"sv-SE"},{"@type":"Organization","@id":"https:\/\/fredfloris.eu\/#organization","name":"FredFloris","url":"https:\/\/fredfloris.eu\/","logo":{"@type":"ImageObject","inLanguage":"sv-SE","@id":"https:\/\/fredfloris.eu\/#\/schema\/logo\/image\/","url":"https:\/\/fredfloris.eu\/wp-content\/uploads\/2022\/03\/FredFloris-med-hel-nal-och-text.png","contentUrl":"https:\/\/fredfloris.eu\/wp-content\/uploads\/2022\/03\/FredFloris-med-hel-nal-och-text.png","width":591,"height":283,"caption":"FredFloris"},"image":{"@id":"https:\/\/fredfloris.eu\/#\/schema\/logo\/image\/"},"sameAs":["https:\/\/www.facebook.com\/FredFloris.Artisan.Studio\/","https:\/\/x.com\/_fredfloris_","https:\/\/www.instagram.com\/fredfloris.artisan.studio\/"]}]}},"brands":[{"id":204,"name":"FredFloris &amp; Partner","slug":"fredfloris-partner"}],"_links":{"self":[{"href":"https:\/\/fredfloris.eu\/sv\/wp-json\/wp\/v2\/product\/10070","targetHints":{"allow":["GET"]}}],"collection":[{"href":"https:\/\/fredfloris.eu\/sv\/wp-json\/wp\/v2\/product"}],"about":[{"href":"https:\/\/fredfloris.eu\/sv\/wp-json\/wp\/v2\/types\/product"}],"version-history":[{"count":10,"href":"https:\/\/fredfloris.eu\/sv\/wp-json\/wp\/v2\/product\/10070\/revisions"}],"predecessor-version":[{"id":11525,"href":"https:\/\/fredfloris.eu\/sv\/wp-json\/wp\/v2\/product\/10070\/revisions\/11525"}],"wp:featuredmedia":[{"embeddable":true,"href":"https:\/\/fredfloris.eu\/sv\/wp-json\/wp\/v2\/media\/10010"}],"wp:attachment":[{"href":"https:\/\/fredfloris.eu\/sv\/wp-json\/wp\/v2\/media?parent=10070"}],"wp:term":[{"taxonomy":"pwb-brand","embeddable":true,"href":"https:\/\/fredfloris.eu\/sv\/wp-json\/wp\/v2\/pwb-brand?post=10070"},{"taxonomy":"product_brand","embeddable":true,"href":"https:\/\/fredfloris.eu\/sv\/wp-json\/wp\/v2\/product_brand?post=10070"},{"taxonomy":"product_cat","embeddable":true,"href":"https:\/\/fredfloris.eu\/sv\/wp-json\/wp\/v2\/product_cat?post=10070"},{"taxonomy":"product_tag","embeddable":true,"href":"https:\/\/fredfloris.eu\/sv\/wp-json\/wp\/v2\/product_tag?post=10070"},{"taxonomy":"woo-feed-brand","embeddable":true,"href":"https:\/\/fredfloris.eu\/sv\/wp-json\/wp\/v2\/woo-feed-brand?post=10070"}],"curies":[{"name":"wp","href":"https:\/\/api.w.org\/{rel}","templated":true}]}}