{"id":10908,"date":"2024-03-18T20:18:31","date_gmt":"2024-03-18T18:18:31","guid":{"rendered":"https:\/\/fredfloris.eu\/?post_type=product&#038;p=10908"},"modified":"2025-02-22T15:48:45","modified_gmt":"2025-02-22T13:48:45","slug":"the-slim-wayfarer","status":"publish","type":"product","link":"https:\/\/fredfloris.eu\/sv\/productpage\/the-slim-wayfarer\/","title":{"rendered":"The Slim Wayfarer"},"content":{"rendered":"<p><strong>Personlig anpassning:<\/strong> L\u00e4gg till ett namn, en bild eller ett meddelande utan extra kostnad. F\u00f6r att anpassa med din egen design, l\u00e4gg till b\u00e5de artikeln och din valda design i din varukorg.<\/p>\n<p><a class=\"lumise-customize-button button alt\" href=\"https:\/\/fredfloris.eu\/sv\/productpage\/customize-the-slim-wayfarer\/?wmc-currency=SEK\" name=\"customize\">Anpassa<\/a><\/p>\n<p>Vi presenterar The Slim Wayfarer, en elegant och minimalistisk pl\u00e5nbok som rymmer \u00f6ver \u00e5tta kort och vikta sedlar. Med en bredd p\u00e5 68 mm och en h\u00f6jd p\u00e5 100 mm i st\u00e4ngt l\u00e4ge passar den perfekt i alla fickor.<\/p>\n<p>Varje pl\u00e5nbok \u00e4r handgjord med omsorg i v\u00e5r atelj\u00e9 i Sverige och tillverkad av h\u00e5llbart vegetabiliskt garvat fullnarvsl\u00e4der, vilket garanterar b\u00e5de kvalitet och en vacker patina.<\/p>\n<p>V\u00e4lj mellan tre olika f\u00e4rger: M\u00f6rk Cognac, M\u00f6rkgul och Bl\u00e5gr\u00f6n. Anpassa din pl\u00e5nbok ytterligare med ett urval av tr\u00e5df\u00e4rger. L\u00e4gg till en personlig touch genom att inkludera ditt namn eller dina initialer med hj\u00e4lp av v\u00e5ra tj\u00e4nster f\u00f6r pr\u00e4gling eller lasergravyr.<\/p>\n<p>Varje FredFloris-pl\u00e5nbok levereras med en gratis <a href=\"https:\/\/fredfloris.eu\/sv\/productpage\/nfc-card-rfid-blocking\/?wmc-currency=SEK\" rel=\"noopener\">Anti-skimming-kort.<\/a><\/p>\n<p>&nbsp;<\/p>\n<p><strong>Produktspecifikationer:<\/strong><\/p>\n<ul>\n<li><strong>Tillverkas helt f\u00f6r hand i v\u00e5r familje\u00e4gda l\u00e4deratelj\u00e9<\/strong><\/li>\n<li><strong>Kapacitet:<\/strong> Rymmer cirka 8 kort och vikta sedlar<\/li>\n<li><strong>F\u00f6rvaring:<\/strong> Tv\u00e5 kortplatser och en halvficka<\/li>\n<li><strong>F\u00e4rgalternativ:<\/strong> M\u00f6rk Cognac, m\u00f6rkgul och bl\u00e5gr\u00f6n<\/li>\n<li><strong>Tr\u00e5d:<\/strong> Tiger Ritza 25<\/li>\n<li><strong>Alternativ f\u00f6r personlig anpassning:<\/strong> Pr\u00e4gling och lasergravyr av namn eller initialer<\/li>\n<li><strong>Kanter:<\/strong> Avfasad och l\u00e4tt polerad<\/li>\n<li><strong>S\u00f6mnad:<\/strong> Traditionell sadelmakars\u00f6m, sydd f\u00f6r hand<\/li>\n<li><strong>Material:<\/strong> Tillverkad av vegetabiliskt garvat fullnarvsl\u00e4der<\/li>\n<li><strong>M\u00e5tt:<\/strong> Bredd: 68 mm, h\u00f6jd: 100 mm i st\u00e4ngt l\u00e4ge<\/li>\n<\/ul>\n<p>&nbsp;<\/p>\n<p>S\u00f6kord: Compact Anpassningsbar l\u00e4derpl\u00e5nbok, Slitstark, Personifierad minimalistisk, Slim l\u00e4derkortpl\u00e5nbok<\/p>","protected":false},"excerpt":{"rendered":"<p>L\u00e4dret som anv\u00e4nds f\u00f6r att tillverka denna smala l\u00e4derpl\u00e5nbok kommer fr\u00e5n det v\u00e4lk\u00e4nda italienska garveriet Badalassi Carlo, som \u00e4r medlem i det internationellt erk\u00e4nda Pelle Conciata al Vegetale-konsortiet.<\/p>\n<p>Handgjorda av det finaste vegetabiliskt garvade fullnarvsl\u00e4dret, som \u00e4r k\u00e4nt f\u00f6r sin h\u00e5llbarhet och den vackra patina det utvecklar med tiden. Kanterna p\u00e5 v\u00e5ra pl\u00e5nb\u00f6cker \u00e4r omsorgsfullt fasade och polerade f\u00f6r hand, vilket ger en sl\u00e4t och f\u00f6rfinad finish. Dessutom \u00e4r varje pl\u00e5nbok handsydd, vilket understryker den h\u00e5llbarhet och \u00e4kthet som maskins\u00f6mmar inte kan matcha. Det \u00e4r inte bara ett k\u00f6p; det \u00e4r en investering i ett tidl\u00f6st f\u00f6rem\u00e5l, d\u00e4r varje detalj ber\u00e4ttar ett kapitel i ber\u00e4ttelsen om traditionellt hantverk.<\/p>\n<p>&nbsp;<\/p>\n<p>&nbsp;<\/p>\n<p>&nbsp;<\/p>\n<p>&nbsp;<\/p>","protected":false},"featured_media":10854,"template":"","meta":[],"pwb-brand":[203],"product_brand":[],"product_cat":[100,104],"product_tag":[123,136,105],"woo-feed-brand":[],"class_list":{"0":"post-10908","1":"product","2":"type-product","3":"status-publish","4":"has-post-thumbnail","6":"pwb-brand-fredfloris","7":"product_cat-leathergoods","8":"product_cat-wallets","9":"product_tag-full-grain-leather","10":"product_tag-handmade","11":"product_tag-made-to-order","12":"product_shipping_class-small-goods","13":"pa_leather-colour-petrol-waxed","14":"pa_leather-colour-dark-cognac-waxed","15":"pa_leather-colour-mustard-waxed","17":"first","18":"instock","19":"taxable","20":"shipping-taxable","21":"purchasable","22":"product-type-variable","23":"has-default-attributes"},"yoast_head":"<!-- This site is optimized with the Yoast SEO plugin v27.2 - https:\/\/yoast.com\/product\/yoast-seo-wordpress\/ -->\n<title>The Slim Wayfarer Wallet: Sleek &amp; Durable | FredFloris Leather<\/title>\n<meta name=\"description\" content=\"Introducing The Slim Wayfarer Wallet from FredFloris, where elegance meets practicality. This wallet is perfect for the modern minimalist.\" \/>\n<meta name=\"robots\" content=\"index, follow, max-snippet:-1, max-image-preview:large, max-video-preview:-1\" \/>\n<link rel=\"canonical\" href=\"https:\/\/fredfloris.eu\/sv\/productpage\/the-slim-wayfarer\/?wmc-currency=SEK\" \/>\n<meta property=\"og:locale\" content=\"sv_SE\" \/>\n<meta property=\"og:type\" content=\"article\" \/>\n<meta property=\"og:title\" content=\"The Slim Wayfarer Wallet: Sleek &amp; Durable | FredFloris Leather\" \/>\n<meta property=\"og:description\" content=\"Introducing The Slim Wayfarer Wallet from FredFloris, where elegance meets practicality. This wallet is perfect for the modern minimalist.\" \/>\n<meta property=\"og:url\" content=\"https:\/\/fredfloris.eu\/sv\/productpage\/the-slim-wayfarer\/?wmc-currency=SEK\" \/>\n<meta property=\"og:site_name\" content=\"FredFloris\" \/>\n<meta property=\"article:publisher\" content=\"https:\/\/www.facebook.com\/FredFloris.Artisan.Studio\/\" \/>\n<meta property=\"article:modified_time\" content=\"2025-02-22T13:48:45+00:00\" \/>\n<meta property=\"og:image\" content=\"https:\/\/fredfloris.eu\/wp-content\/uploads\/2024\/03\/IMG_5843-scaled.jpg\" \/>\n\t<meta property=\"og:image:width\" content=\"2560\" \/>\n\t<meta property=\"og:image:height\" content=\"1707\" \/>\n\t<meta property=\"og:image:type\" content=\"image\/jpeg\" \/>\n<meta name=\"twitter:card\" content=\"summary_large_image\" \/>\n<meta name=\"twitter:site\" content=\"@_fredfloris_\" \/>\n<meta name=\"twitter:label1\" content=\"Ber\u00e4knad l\u00e4stid\" \/>\n\t<meta name=\"twitter:data1\" content=\"2 minuter\" \/>\n<script type=\"application\/ld+json\" class=\"yoast-schema-graph\">{\"@context\":\"https:\/\/schema.org\",\"@graph\":[{\"@type\":\"WebPage\",\"@id\":\"https:\/\/fredfloris.eu\/productpage\/the-slim-wayfarer\/\",\"url\":\"https:\/\/fredfloris.eu\/productpage\/the-slim-wayfarer\/\",\"name\":\"The Slim Wayfarer Wallet: Sleek & Durable | FredFloris Leather\",\"isPartOf\":{\"@id\":\"https:\/\/fredfloris.eu\/#website\"},\"primaryImageOfPage\":{\"@id\":\"https:\/\/fredfloris.eu\/productpage\/the-slim-wayfarer\/#primaryimage\"},\"image\":{\"@id\":\"https:\/\/fredfloris.eu\/productpage\/the-slim-wayfarer\/#primaryimage\"},\"thumbnailUrl\":\"https:\/\/fredfloris.eu\/wp-content\/uploads\/2024\/03\/IMG_5843-scaled.jpg\",\"datePublished\":\"2024-03-18T18:18:31+00:00\",\"dateModified\":\"2025-02-22T13:48:45+00:00\",\"description\":\"Introducing The Slim Wayfarer Wallet from FredFloris, where elegance meets practicality. This wallet is perfect for the modern minimalist.\",\"breadcrumb\":{\"@id\":\"https:\/\/fredfloris.eu\/productpage\/the-slim-wayfarer\/#breadcrumb\"},\"inLanguage\":\"sv-SE\",\"potentialAction\":[{\"@type\":\"ReadAction\",\"target\":[\"https:\/\/fredfloris.eu\/productpage\/the-slim-wayfarer\/\"]}]},{\"@type\":\"ImageObject\",\"inLanguage\":\"sv-SE\",\"@id\":\"https:\/\/fredfloris.eu\/productpage\/the-slim-wayfarer\/#primaryimage\",\"url\":\"https:\/\/fredfloris.eu\/wp-content\/uploads\/2024\/03\/IMG_5843-scaled.jpg\",\"contentUrl\":\"https:\/\/fredfloris.eu\/wp-content\/uploads\/2024\/03\/IMG_5843-scaled.jpg\",\"width\":2560,\"height\":1707,\"caption\":\"Product: The Slim Wayfarer - Pocket Card Wallets \u2013 Colours: Dark Yellow, Dark Cognac and Blue-Green, Thread Colour: Black\"},{\"@type\":\"BreadcrumbList\",\"@id\":\"https:\/\/fredfloris.eu\/productpage\/the-slim-wayfarer\/#breadcrumb\",\"itemListElement\":[{\"@type\":\"ListItem\",\"position\":1,\"name\":\"Home\",\"item\":\"https:\/\/fredfloris.eu\/\"},{\"@type\":\"ListItem\",\"position\":2,\"name\":\"Shop\",\"item\":\"https:\/\/fredfloris.eu\/shop\/\"},{\"@type\":\"ListItem\",\"position\":3,\"name\":\"The Slim Wayfarer\"}]},{\"@type\":\"WebSite\",\"@id\":\"https:\/\/fredfloris.eu\/#website\",\"url\":\"https:\/\/fredfloris.eu\/\",\"name\":\"FredFloris\",\"description\":\"Handcrafted Leathergoods - Made in Sweden\",\"publisher\":{\"@id\":\"https:\/\/fredfloris.eu\/#organization\"},\"potentialAction\":[{\"@type\":\"SearchAction\",\"target\":{\"@type\":\"EntryPoint\",\"urlTemplate\":\"https:\/\/fredfloris.eu\/?s={search_term_string}\"},\"query-input\":{\"@type\":\"PropertyValueSpecification\",\"valueRequired\":true,\"valueName\":\"search_term_string\"}}],\"inLanguage\":\"sv-SE\"},{\"@type\":\"Organization\",\"@id\":\"https:\/\/fredfloris.eu\/#organization\",\"name\":\"FredFloris\",\"url\":\"https:\/\/fredfloris.eu\/\",\"logo\":{\"@type\":\"ImageObject\",\"inLanguage\":\"sv-SE\",\"@id\":\"https:\/\/fredfloris.eu\/#\/schema\/logo\/image\/\",\"url\":\"https:\/\/fredfloris.eu\/wp-content\/uploads\/2022\/03\/FredFloris-med-hel-nal-och-text.png\",\"contentUrl\":\"https:\/\/fredfloris.eu\/wp-content\/uploads\/2022\/03\/FredFloris-med-hel-nal-och-text.png\",\"width\":591,\"height\":283,\"caption\":\"FredFloris\"},\"image\":{\"@id\":\"https:\/\/fredfloris.eu\/#\/schema\/logo\/image\/\"},\"sameAs\":[\"https:\/\/www.facebook.com\/FredFloris.Artisan.Studio\/\",\"https:\/\/x.com\/_fredfloris_\",\"https:\/\/www.instagram.com\/fredfloris.artisan.studio\/\"]}]}<\/script>\n<!-- \/ Yoast SEO plugin. -->","yoast_head_json":{"title":"The Slim Wayfarer pl\u00e5nbok: Snygg och t\u00e5lig | FredFloris l\u00e4der","description":"Vi introducerar The Slim Wayfarer Wallet fr\u00e5n FredFloris, d\u00e4r elegans m\u00f6ter praktikalitet. Den h\u00e4r pl\u00e5nboken \u00e4r perfekt f\u00f6r den moderna minimalisten.","robots":{"index":"index","follow":"follow","max-snippet":"max-snippet:-1","max-image-preview":"max-image-preview:large","max-video-preview":"max-video-preview:-1"},"canonical":"https:\/\/fredfloris.eu\/sv\/productpage\/the-slim-wayfarer\/?wmc-currency=SEK","og_locale":"sv_SE","og_type":"article","og_title":"The Slim Wayfarer Wallet: Sleek & Durable | FredFloris Leather","og_description":"Introducing The Slim Wayfarer Wallet from FredFloris, where elegance meets practicality. This wallet is perfect for the modern minimalist.","og_url":"https:\/\/fredfloris.eu\/sv\/productpage\/the-slim-wayfarer\/?wmc-currency=SEK","og_site_name":"FredFloris","article_publisher":"https:\/\/www.facebook.com\/FredFloris.Artisan.Studio\/","article_modified_time":"2025-02-22T13:48:45+00:00","og_image":[{"width":2560,"height":1707,"url":"https:\/\/fredfloris.eu\/wp-content\/uploads\/2024\/03\/IMG_5843-scaled.jpg","type":"image\/jpeg"}],"twitter_card":"summary_large_image","twitter_site":"@_fredfloris_","twitter_misc":{"Ber\u00e4knad l\u00e4stid":"2 minuter"},"schema":{"@context":"https:\/\/schema.org","@graph":[{"@type":"WebPage","@id":"https:\/\/fredfloris.eu\/productpage\/the-slim-wayfarer\/","url":"https:\/\/fredfloris.eu\/productpage\/the-slim-wayfarer\/","name":"The Slim Wayfarer pl\u00e5nbok: Snygg och t\u00e5lig | FredFloris l\u00e4der","isPartOf":{"@id":"https:\/\/fredfloris.eu\/#website"},"primaryImageOfPage":{"@id":"https:\/\/fredfloris.eu\/productpage\/the-slim-wayfarer\/#primaryimage"},"image":{"@id":"https:\/\/fredfloris.eu\/productpage\/the-slim-wayfarer\/#primaryimage"},"thumbnailUrl":"https:\/\/fredfloris.eu\/wp-content\/uploads\/2024\/03\/IMG_5843-scaled.jpg","datePublished":"2024-03-18T18:18:31+00:00","dateModified":"2025-02-22T13:48:45+00:00","description":"Vi introducerar The Slim Wayfarer Wallet fr\u00e5n FredFloris, d\u00e4r elegans m\u00f6ter praktikalitet. Den h\u00e4r pl\u00e5nboken \u00e4r perfekt f\u00f6r den moderna minimalisten.","breadcrumb":{"@id":"https:\/\/fredfloris.eu\/productpage\/the-slim-wayfarer\/#breadcrumb"},"inLanguage":"sv-SE","potentialAction":[{"@type":"ReadAction","target":["https:\/\/fredfloris.eu\/productpage\/the-slim-wayfarer\/"]}]},{"@type":"ImageObject","inLanguage":"sv-SE","@id":"https:\/\/fredfloris.eu\/productpage\/the-slim-wayfarer\/#primaryimage","url":"https:\/\/fredfloris.eu\/wp-content\/uploads\/2024\/03\/IMG_5843-scaled.jpg","contentUrl":"https:\/\/fredfloris.eu\/wp-content\/uploads\/2024\/03\/IMG_5843-scaled.jpg","width":2560,"height":1707,"caption":"Product: The Slim Wayfarer - Pocket Card Wallets \u2013 Colours: Dark Yellow, Dark Cognac and Blue-Green, Thread Colour: Black"},{"@type":"BreadcrumbList","@id":"https:\/\/fredfloris.eu\/productpage\/the-slim-wayfarer\/#breadcrumb","itemListElement":[{"@type":"ListItem","position":1,"name":"Home","item":"https:\/\/fredfloris.eu\/"},{"@type":"ListItem","position":2,"name":"Shop","item":"https:\/\/fredfloris.eu\/shop\/"},{"@type":"ListItem","position":3,"name":"The Slim Wayfarer"}]},{"@type":"WebSite","@id":"https:\/\/fredfloris.eu\/#website","url":"https:\/\/fredfloris.eu\/","name":"FredFloris","description":"Handgjorda l\u00e4dervaror - tillverkade i Sverige","publisher":{"@id":"https:\/\/fredfloris.eu\/#organization"},"potentialAction":[{"@type":"SearchAction","target":{"@type":"EntryPoint","urlTemplate":"https:\/\/fredfloris.eu\/?s={search_term_string}"},"query-input":{"@type":"PropertyValueSpecification","valueRequired":true,"valueName":"search_term_string"}}],"inLanguage":"sv-SE"},{"@type":"Organization","@id":"https:\/\/fredfloris.eu\/#organization","name":"FredFloris","url":"https:\/\/fredfloris.eu\/","logo":{"@type":"ImageObject","inLanguage":"sv-SE","@id":"https:\/\/fredfloris.eu\/#\/schema\/logo\/image\/","url":"https:\/\/fredfloris.eu\/wp-content\/uploads\/2022\/03\/FredFloris-med-hel-nal-och-text.png","contentUrl":"https:\/\/fredfloris.eu\/wp-content\/uploads\/2022\/03\/FredFloris-med-hel-nal-och-text.png","width":591,"height":283,"caption":"FredFloris"},"image":{"@id":"https:\/\/fredfloris.eu\/#\/schema\/logo\/image\/"},"sameAs":["https:\/\/www.facebook.com\/FredFloris.Artisan.Studio\/","https:\/\/x.com\/_fredfloris_","https:\/\/www.instagram.com\/fredfloris.artisan.studio\/"]}]}},"brands":[{"id":203,"name":"FredFloris","slug":"fredfloris"}],"_links":{"self":[{"href":"https:\/\/fredfloris.eu\/sv\/wp-json\/wp\/v2\/product\/10908","targetHints":{"allow":["GET"]}}],"collection":[{"href":"https:\/\/fredfloris.eu\/sv\/wp-json\/wp\/v2\/product"}],"about":[{"href":"https:\/\/fredfloris.eu\/sv\/wp-json\/wp\/v2\/types\/product"}],"version-history":[{"count":19,"href":"https:\/\/fredfloris.eu\/sv\/wp-json\/wp\/v2\/product\/10908\/revisions"}],"predecessor-version":[{"id":11515,"href":"https:\/\/fredfloris.eu\/sv\/wp-json\/wp\/v2\/product\/10908\/revisions\/11515"}],"wp:featuredmedia":[{"embeddable":true,"href":"https:\/\/fredfloris.eu\/sv\/wp-json\/wp\/v2\/media\/10854"}],"wp:attachment":[{"href":"https:\/\/fredfloris.eu\/sv\/wp-json\/wp\/v2\/media?parent=10908"}],"wp:term":[{"taxonomy":"pwb-brand","embeddable":true,"href":"https:\/\/fredfloris.eu\/sv\/wp-json\/wp\/v2\/pwb-brand?post=10908"},{"taxonomy":"product_brand","embeddable":true,"href":"https:\/\/fredfloris.eu\/sv\/wp-json\/wp\/v2\/product_brand?post=10908"},{"taxonomy":"product_cat","embeddable":true,"href":"https:\/\/fredfloris.eu\/sv\/wp-json\/wp\/v2\/product_cat?post=10908"},{"taxonomy":"product_tag","embeddable":true,"href":"https:\/\/fredfloris.eu\/sv\/wp-json\/wp\/v2\/product_tag?post=10908"},{"taxonomy":"woo-feed-brand","embeddable":true,"href":"https:\/\/fredfloris.eu\/sv\/wp-json\/wp\/v2\/woo-feed-brand?post=10908"}],"curies":[{"name":"wp","href":"https:\/\/api.w.org\/{rel}","templated":true}]}}