{"id":11076,"date":"2024-04-27T19:31:59","date_gmt":"2024-04-27T17:31:59","guid":{"rendered":"https:\/\/fredfloris.eu\/?post_type=product&#038;p=11076"},"modified":"2024-07-23T20:41:08","modified_gmt":"2024-07-23T18:41:08","slug":"arctic-keyring","status":"publish","type":"product","link":"https:\/\/fredfloris.eu\/sv\/productpage\/arctic-keyring\/","title":{"rendered":"Arctic - Nyckelring"},"content":{"rendered":"<p>V\u00e5ra nyckelringar \u00e4r tillverkade av vegetabiliskt garvat fullnarvs tjurl\u00e4der fr\u00e5n det ansedda garveridistriktet i Toscana och kombinerar stil med praktiska egenskaper. Nyckelringen m\u00e4ter 125 mm med ringsp\u00e4nnet inkluderat och 87 mm utan, med en bredd p\u00e5 22 mm, vilket g\u00f6r den kompakt och l\u00e4tt att b\u00e4ra.<\/p>\n<p>V\u00e4lj mellan tre olika f\u00e4rger: M\u00f6rk Brun, Tan och Svart, f\u00f6r att komplettera din stil eller f\u00f6r att matcha med andra accessoarer.<\/p>\n<p>V\u00e5ra nyckelringar \u00e4r utrustade med en dubbelkapslad nit av rostfritt st\u00e5l, som \u00e4r s\u00e4ker f\u00f6r daglig anv\u00e4ndning och inte avger nickel, vilket g\u00f6r den allergiv\u00e4nlig.<\/p>\n<p>Denna enkla och funktionella nyckelring \u00e4r en oumb\u00e4rlig accessoar.<\/p>\n<p><strong>Produktspecifikationer:<\/strong><\/p>\n<ul>\n<li><strong>Tillverkas helt f\u00f6r hand i v\u00e5r familje\u00e4gda l\u00e4deratelj\u00e9<\/strong><\/li>\n<li><strong>F\u00e4rgalternativ:<\/strong> Finns i m\u00f6rkbrun, brun och svart<\/li>\n<li><strong>Material:<\/strong> Vegetabiliskt garvat fullnarvigt tjurl\u00e4der fr\u00e5n Italien<\/li>\n<li><strong>H\u00e5llbar:<\/strong> Har en nit med dubbla lock tillverkad av allergiv\u00e4nligt rostfritt st\u00e5l<\/li>\n<\/ul>\n<p>&nbsp;<\/p>\n<p>S\u00f6kord: Handgjord nyckelring i premium italienskt l\u00e4der<\/p>","protected":false},"excerpt":{"rendered":"<p>V\u00e5ra l\u00e4derprodukter \u00e4r handgjorda i v\u00e5r verkstad och tillverkas av 4 mm tjockt, vegetabiliskt garvat fullkornsl\u00e4der. Det h\u00f6gkvalitativa l\u00e4dret kommer fr\u00e5n Toscana i Italien. L\u00e4dret behandlas med anilinf\u00e4rg p\u00e5 narvsidan f\u00f6r att f\u00e5 en djup och fyllig f\u00e4rg, medan baksidan bel\u00e4ggs med vax\/harts f\u00f6r att s\u00e4kerst\u00e4lla h\u00e5llbarhet och l\u00e5ngvarigt slitage. Denna behandling \u00e4r exklusiv f\u00f6r de finaste l\u00e4dren.<\/p>","protected":false},"featured_media":11063,"template":"","meta":[],"pwb-brand":[203],"product_brand":[],"product_cat":[112,100],"product_tag":[123,136,105],"woo-feed-brand":[],"class_list":{"0":"post-11076","1":"product","2":"type-product","3":"status-publish","4":"has-post-thumbnail","6":"pwb-brand-fredfloris","7":"product_cat-key-wallets","8":"product_cat-leathergoods","9":"product_tag-full-grain-leather","10":"product_tag-handmade","11":"product_tag-made-to-order","12":"product_shipping_class-small-goods","13":"pa_leather-colour-black-belt","14":"pa_leather-colour-dbrown-belt","15":"pa_leather-colour-tan-belt","17":"first","18":"instock","19":"taxable","20":"shipping-taxable","21":"purchasable","22":"product-type-variable","23":"has-default-attributes"},"yoast_head":"<!-- This site is optimized with the Yoast SEO plugin v27.2 - https:\/\/yoast.com\/product\/yoast-seo-wordpress\/ -->\n<title>Handcrafted Leather Key Ring | FredFloris Artisan Key Accessories | FredFloris<\/title>\n<meta name=\"description\" content=\"Elevate your daily essentials with our Handcrafted Leather Key Ring, made with premium Italian full-grain bull hide leather.\" \/>\n<meta name=\"robots\" content=\"index, follow, max-snippet:-1, max-image-preview:large, max-video-preview:-1\" \/>\n<link rel=\"canonical\" href=\"https:\/\/fredfloris.eu\/sv\/productpage\/arctic-keyring\/?wmc-currency=SEK\" \/>\n<meta property=\"og:locale\" content=\"sv_SE\" \/>\n<meta property=\"og:type\" content=\"article\" \/>\n<meta property=\"og:title\" content=\"Handcrafted Leather Key Ring | FredFloris Artisan Key Accessories | FredFloris\" \/>\n<meta property=\"og:description\" content=\"Elevate your daily essentials with our Handcrafted Leather Key Ring, made with premium Italian full-grain bull hide leather.\" \/>\n<meta property=\"og:url\" content=\"https:\/\/fredfloris.eu\/sv\/productpage\/arctic-keyring\/?wmc-currency=SEK\" \/>\n<meta property=\"og:site_name\" content=\"FredFloris\" \/>\n<meta property=\"article:publisher\" content=\"https:\/\/www.facebook.com\/FredFloris.Artisan.Studio\/\" \/>\n<meta property=\"article:modified_time\" content=\"2024-07-23T18:41:08+00:00\" \/>\n<meta property=\"og:image\" content=\"https:\/\/fredfloris.eu\/wp-content\/uploads\/2024\/04\/IMG_6189-scaled.jpg\" \/>\n\t<meta property=\"og:image:width\" content=\"2560\" \/>\n\t<meta property=\"og:image:height\" content=\"1707\" \/>\n\t<meta property=\"og:image:type\" content=\"image\/jpeg\" \/>\n<meta name=\"twitter:card\" content=\"summary_large_image\" \/>\n<meta name=\"twitter:site\" content=\"@_fredfloris_\" \/>\n<meta name=\"twitter:label1\" content=\"Ber\u00e4knad l\u00e4stid\" \/>\n\t<meta name=\"twitter:data1\" content=\"1 minut\" \/>\n<script type=\"application\/ld+json\" class=\"yoast-schema-graph\">{\"@context\":\"https:\/\/schema.org\",\"@graph\":[{\"@type\":\"WebPage\",\"@id\":\"https:\/\/fredfloris.eu\/productpage\/arctic-keyring\/\",\"url\":\"https:\/\/fredfloris.eu\/productpage\/arctic-keyring\/\",\"name\":\"Handcrafted Leather Key Ring | FredFloris Artisan Key Accessories | FredFloris\",\"isPartOf\":{\"@id\":\"https:\/\/fredfloris.eu\/#website\"},\"primaryImageOfPage\":{\"@id\":\"https:\/\/fredfloris.eu\/productpage\/arctic-keyring\/#primaryimage\"},\"image\":{\"@id\":\"https:\/\/fredfloris.eu\/productpage\/arctic-keyring\/#primaryimage\"},\"thumbnailUrl\":\"https:\/\/fredfloris.eu\/wp-content\/uploads\/2024\/04\/IMG_6189-scaled.jpg\",\"datePublished\":\"2024-04-27T17:31:59+00:00\",\"dateModified\":\"2024-07-23T18:41:08+00:00\",\"description\":\"Elevate your daily essentials with our Handcrafted Leather Key Ring, made with premium Italian full-grain bull hide leather.\",\"breadcrumb\":{\"@id\":\"https:\/\/fredfloris.eu\/productpage\/arctic-keyring\/#breadcrumb\"},\"inLanguage\":\"sv-SE\",\"potentialAction\":[{\"@type\":\"ReadAction\",\"target\":[\"https:\/\/fredfloris.eu\/productpage\/arctic-keyring\/\"]}]},{\"@type\":\"ImageObject\",\"inLanguage\":\"sv-SE\",\"@id\":\"https:\/\/fredfloris.eu\/productpage\/arctic-keyring\/#primaryimage\",\"url\":\"https:\/\/fredfloris.eu\/wp-content\/uploads\/2024\/04\/IMG_6189-scaled.jpg\",\"contentUrl\":\"https:\/\/fredfloris.eu\/wp-content\/uploads\/2024\/04\/IMG_6189-scaled.jpg\",\"width\":2560,\"height\":1707,\"caption\":\"Product: Arctica - Keyring, Colour: from left to right: Dark Brown, Tan and Black.\"},{\"@type\":\"BreadcrumbList\",\"@id\":\"https:\/\/fredfloris.eu\/productpage\/arctic-keyring\/#breadcrumb\",\"itemListElement\":[{\"@type\":\"ListItem\",\"position\":1,\"name\":\"Home\",\"item\":\"https:\/\/fredfloris.eu\/\"},{\"@type\":\"ListItem\",\"position\":2,\"name\":\"Shop\",\"item\":\"https:\/\/fredfloris.eu\/shop\/\"},{\"@type\":\"ListItem\",\"position\":3,\"name\":\"Arctic &#8211; Keyring\"}]},{\"@type\":\"WebSite\",\"@id\":\"https:\/\/fredfloris.eu\/#website\",\"url\":\"https:\/\/fredfloris.eu\/\",\"name\":\"FredFloris\",\"description\":\"Handcrafted Leathergoods - Made in Sweden\",\"publisher\":{\"@id\":\"https:\/\/fredfloris.eu\/#organization\"},\"potentialAction\":[{\"@type\":\"SearchAction\",\"target\":{\"@type\":\"EntryPoint\",\"urlTemplate\":\"https:\/\/fredfloris.eu\/?s={search_term_string}\"},\"query-input\":{\"@type\":\"PropertyValueSpecification\",\"valueRequired\":true,\"valueName\":\"search_term_string\"}}],\"inLanguage\":\"sv-SE\"},{\"@type\":\"Organization\",\"@id\":\"https:\/\/fredfloris.eu\/#organization\",\"name\":\"FredFloris\",\"url\":\"https:\/\/fredfloris.eu\/\",\"logo\":{\"@type\":\"ImageObject\",\"inLanguage\":\"sv-SE\",\"@id\":\"https:\/\/fredfloris.eu\/#\/schema\/logo\/image\/\",\"url\":\"https:\/\/fredfloris.eu\/wp-content\/uploads\/2022\/03\/FredFloris-med-hel-nal-och-text.png\",\"contentUrl\":\"https:\/\/fredfloris.eu\/wp-content\/uploads\/2022\/03\/FredFloris-med-hel-nal-och-text.png\",\"width\":591,\"height\":283,\"caption\":\"FredFloris\"},\"image\":{\"@id\":\"https:\/\/fredfloris.eu\/#\/schema\/logo\/image\/\"},\"sameAs\":[\"https:\/\/www.facebook.com\/FredFloris.Artisan.Studio\/\",\"https:\/\/x.com\/_fredfloris_\",\"https:\/\/www.instagram.com\/fredfloris.artisan.studio\/\"]}]}<\/script>\n<!-- \/ Yoast SEO plugin. -->","yoast_head_json":{"title":"Handgjord nyckelring i l\u00e4der | FredFloris Hantverksm\u00e4ssigt tillverkade nyckeltillbeh\u00f6r | FredFloris","description":"F\u00f6rh\u00f6j dina dagliga n\u00f6dv\u00e4ndigheter med v\u00e5r handgjorda nyckelring i l\u00e4der, tillverkad av f\u00f6rstklassigt italienskt fullkornigt tjurskinn.","robots":{"index":"index","follow":"follow","max-snippet":"max-snippet:-1","max-image-preview":"max-image-preview:large","max-video-preview":"max-video-preview:-1"},"canonical":"https:\/\/fredfloris.eu\/sv\/productpage\/arctic-keyring\/?wmc-currency=SEK","og_locale":"sv_SE","og_type":"article","og_title":"Handcrafted Leather Key Ring | FredFloris Artisan Key Accessories | FredFloris","og_description":"Elevate your daily essentials with our Handcrafted Leather Key Ring, made with premium Italian full-grain bull hide leather.","og_url":"https:\/\/fredfloris.eu\/sv\/productpage\/arctic-keyring\/?wmc-currency=SEK","og_site_name":"FredFloris","article_publisher":"https:\/\/www.facebook.com\/FredFloris.Artisan.Studio\/","article_modified_time":"2024-07-23T18:41:08+00:00","og_image":[{"width":2560,"height":1707,"url":"https:\/\/fredfloris.eu\/wp-content\/uploads\/2024\/04\/IMG_6189-scaled.jpg","type":"image\/jpeg"}],"twitter_card":"summary_large_image","twitter_site":"@_fredfloris_","twitter_misc":{"Ber\u00e4knad l\u00e4stid":"1 minut"},"schema":{"@context":"https:\/\/schema.org","@graph":[{"@type":"WebPage","@id":"https:\/\/fredfloris.eu\/productpage\/arctic-keyring\/","url":"https:\/\/fredfloris.eu\/productpage\/arctic-keyring\/","name":"Handgjord nyckelring i l\u00e4der | FredFloris Hantverksm\u00e4ssigt tillverkade nyckeltillbeh\u00f6r | FredFloris","isPartOf":{"@id":"https:\/\/fredfloris.eu\/#website"},"primaryImageOfPage":{"@id":"https:\/\/fredfloris.eu\/productpage\/arctic-keyring\/#primaryimage"},"image":{"@id":"https:\/\/fredfloris.eu\/productpage\/arctic-keyring\/#primaryimage"},"thumbnailUrl":"https:\/\/fredfloris.eu\/wp-content\/uploads\/2024\/04\/IMG_6189-scaled.jpg","datePublished":"2024-04-27T17:31:59+00:00","dateModified":"2024-07-23T18:41:08+00:00","description":"F\u00f6rh\u00f6j dina dagliga n\u00f6dv\u00e4ndigheter med v\u00e5r handgjorda nyckelring i l\u00e4der, tillverkad av f\u00f6rstklassigt italienskt fullkornigt tjurskinn.","breadcrumb":{"@id":"https:\/\/fredfloris.eu\/productpage\/arctic-keyring\/#breadcrumb"},"inLanguage":"sv-SE","potentialAction":[{"@type":"ReadAction","target":["https:\/\/fredfloris.eu\/productpage\/arctic-keyring\/"]}]},{"@type":"ImageObject","inLanguage":"sv-SE","@id":"https:\/\/fredfloris.eu\/productpage\/arctic-keyring\/#primaryimage","url":"https:\/\/fredfloris.eu\/wp-content\/uploads\/2024\/04\/IMG_6189-scaled.jpg","contentUrl":"https:\/\/fredfloris.eu\/wp-content\/uploads\/2024\/04\/IMG_6189-scaled.jpg","width":2560,"height":1707,"caption":"Product: Arctica - Keyring, Colour: from left to right: Dark Brown, Tan and Black."},{"@type":"BreadcrumbList","@id":"https:\/\/fredfloris.eu\/productpage\/arctic-keyring\/#breadcrumb","itemListElement":[{"@type":"ListItem","position":1,"name":"Home","item":"https:\/\/fredfloris.eu\/"},{"@type":"ListItem","position":2,"name":"Shop","item":"https:\/\/fredfloris.eu\/shop\/"},{"@type":"ListItem","position":3,"name":"Arctic &#8211; Keyring"}]},{"@type":"WebSite","@id":"https:\/\/fredfloris.eu\/#website","url":"https:\/\/fredfloris.eu\/","name":"FredFloris","description":"Handgjorda l\u00e4dervaror - tillverkade i Sverige","publisher":{"@id":"https:\/\/fredfloris.eu\/#organization"},"potentialAction":[{"@type":"SearchAction","target":{"@type":"EntryPoint","urlTemplate":"https:\/\/fredfloris.eu\/?s={search_term_string}"},"query-input":{"@type":"PropertyValueSpecification","valueRequired":true,"valueName":"search_term_string"}}],"inLanguage":"sv-SE"},{"@type":"Organization","@id":"https:\/\/fredfloris.eu\/#organization","name":"FredFloris","url":"https:\/\/fredfloris.eu\/","logo":{"@type":"ImageObject","inLanguage":"sv-SE","@id":"https:\/\/fredfloris.eu\/#\/schema\/logo\/image\/","url":"https:\/\/fredfloris.eu\/wp-content\/uploads\/2022\/03\/FredFloris-med-hel-nal-och-text.png","contentUrl":"https:\/\/fredfloris.eu\/wp-content\/uploads\/2022\/03\/FredFloris-med-hel-nal-och-text.png","width":591,"height":283,"caption":"FredFloris"},"image":{"@id":"https:\/\/fredfloris.eu\/#\/schema\/logo\/image\/"},"sameAs":["https:\/\/www.facebook.com\/FredFloris.Artisan.Studio\/","https:\/\/x.com\/_fredfloris_","https:\/\/www.instagram.com\/fredfloris.artisan.studio\/"]}]}},"brands":[{"id":203,"name":"FredFloris","slug":"fredfloris"}],"_links":{"self":[{"href":"https:\/\/fredfloris.eu\/sv\/wp-json\/wp\/v2\/product\/11076","targetHints":{"allow":["GET"]}}],"collection":[{"href":"https:\/\/fredfloris.eu\/sv\/wp-json\/wp\/v2\/product"}],"about":[{"href":"https:\/\/fredfloris.eu\/sv\/wp-json\/wp\/v2\/types\/product"}],"version-history":[{"count":14,"href":"https:\/\/fredfloris.eu\/sv\/wp-json\/wp\/v2\/product\/11076\/revisions"}],"predecessor-version":[{"id":11595,"href":"https:\/\/fredfloris.eu\/sv\/wp-json\/wp\/v2\/product\/11076\/revisions\/11595"}],"wp:featuredmedia":[{"embeddable":true,"href":"https:\/\/fredfloris.eu\/sv\/wp-json\/wp\/v2\/media\/11063"}],"wp:attachment":[{"href":"https:\/\/fredfloris.eu\/sv\/wp-json\/wp\/v2\/media?parent=11076"}],"wp:term":[{"taxonomy":"pwb-brand","embeddable":true,"href":"https:\/\/fredfloris.eu\/sv\/wp-json\/wp\/v2\/pwb-brand?post=11076"},{"taxonomy":"product_brand","embeddable":true,"href":"https:\/\/fredfloris.eu\/sv\/wp-json\/wp\/v2\/product_brand?post=11076"},{"taxonomy":"product_cat","embeddable":true,"href":"https:\/\/fredfloris.eu\/sv\/wp-json\/wp\/v2\/product_cat?post=11076"},{"taxonomy":"product_tag","embeddable":true,"href":"https:\/\/fredfloris.eu\/sv\/wp-json\/wp\/v2\/product_tag?post=11076"},{"taxonomy":"woo-feed-brand","embeddable":true,"href":"https:\/\/fredfloris.eu\/sv\/wp-json\/wp\/v2\/woo-feed-brand?post=11076"}],"curies":[{"name":"wp","href":"https:\/\/api.w.org\/{rel}","templated":true}]}}