{"id":5009,"date":"2022-05-15T22:44:55","date_gmt":"2022-05-15T20:44:55","guid":{"rendered":"https:\/\/fredfloris.eu\/?post_type=product&#038;p=5009"},"modified":"2025-01-18T23:06:18","modified_gmt":"2025-01-18T21:06:18","slug":"saf-bookmarks","status":"publish","type":"product","link":"https:\/\/fredfloris.eu\/sv\/productpage\/saf-bookmarks\/","title":{"rendered":"Selma, Astrid or Fredrika - Bokm\u00e4rken"},"content":{"rendered":"<p><strong>Hylla ikoniska karakt\u00e4rer med v\u00e5rt bokm\u00e4rke i l\u00e4der, med minnesv\u00e4rda citat fr\u00e5n Michael Scott fr\u00e5n \"The Office\" och Buzz Lightyear fr\u00e5n \"Toy Story\".<\/strong> Detta bokm\u00e4rke f\u00f6renar det roliga med det funktionella och \u00e4r perfekt f\u00f6r b\u00e5de bok\u00e4lskare och fans. Oavsett om de \u00e4r v\u00e4rmepr\u00e4glade eller guldfolierade ger dessa citat en touch av inspiration och humor till dina l\u00e4ssessioner.<\/p>\n<p><strong>Produktspecifikationer:<\/strong><\/p>\n<ul>\n<li><strong>Material:<\/strong> Tillverkad av vegetabiliskt garvat fullnarvigt tjurl\u00e4der, garvat i Toscana, Italien<\/li>\n<li><strong>Personlig anpassning:<\/strong> Har citat som kan v\u00e4rmepr\u00e4glas eller guldfolieras<\/li>\n<li><strong>Slutbehandling:<\/strong> Anilinf\u00e4rgat l\u00e4der med baksida av vax\/resin f\u00f6r extra motst\u00e5ndskraft<\/li>\n<li><strong>Bifogad fil:<\/strong> Inkluderar ett hampafibersn\u00f6re f\u00f6r att h\u00e5lla dig p\u00e5 plats<\/li>\n<li><strong>M\u00e5tt:<\/strong> Bredd: 33 mm, L\u00e4ngd: 200 mm<\/li>\n<\/ul>\n<p>&nbsp;<\/p>\n<p>Detta bokm\u00e4rke i l\u00e4der \u00e4r inte bara ett praktiskt l\u00e4stillbeh\u00f6r utan ocks\u00e5 ett statement piece som kombinerar k\u00e4rleken till \u00e4lskade film- och TV-karakt\u00e4rer med den tidl\u00f6sa l\u00e4sgl\u00e4djen.<\/p>\n<p>&nbsp;<\/p>\n<p>S\u00f6k ord: Bokm\u00e4rke med citat, Bokm\u00e4rke i l\u00e4der, V\u00e4rmepressat bokm\u00e4rke i l\u00e4der<\/p>","protected":false},"excerpt":{"rendered":"<p>Detta bokm\u00e4rke \u00e4r tillverkat av vegetabiliskt garvat fullnarvsl\u00e4der som tillhandah\u00e5lls av det italienska f\u00f6retaget Mapel &amp; C i samarbete med Tuscany Tanning District Companies. Bokm\u00e4rket \u00e4r tillverkat av samma europeiska tjurl\u00e4der som v\u00e5rt b\u00e4lte och har f\u00e4rgats med anilin och har en vacker halvpermanent vaxfinish. Vi har anv\u00e4nt ett naturligt hampafibersn\u00f6re till tofsen f\u00f6r att h\u00e5lla det enkelt och l\u00e4ckert.<\/p>","protected":false},"featured_media":3087,"template":"","meta":[],"pwb-brand":[203],"product_brand":[],"product_cat":[108,100],"product_tag":[123,136,147,105],"woo-feed-brand":[],"class_list":{"0":"post-5009","1":"product","2":"type-product","3":"status-publish","4":"has-post-thumbnail","6":"pwb-brand-fredfloris","7":"product_cat-bookmarks","8":"product_cat-leathergoods","9":"product_tag-full-grain-leather","10":"product_tag-handmade","11":"product_tag-heat-imprint","12":"product_tag-made-to-order","13":"product_shipping_class-small-goods","14":"pa_leather-colour-tan-belt","16":"first","17":"instock","18":"taxable","19":"shipping-taxable","20":"purchasable","21":"product-type-variable"},"yoast_head":"<!-- This site is optimized with the Yoast SEO plugin v27.2 - https:\/\/yoast.com\/product\/yoast-seo-wordpress\/ -->\n<title>Leather Bookmark With Quotes | FredFloris<\/title>\n<meta name=\"description\" content=\"Our bookmarks are handcrafted from premium vegetable-tanned leather. Personalize your bookmark with a custom message using heat imprint.\" \/>\n<meta name=\"robots\" content=\"index, follow, max-snippet:-1, max-image-preview:large, max-video-preview:-1\" \/>\n<link rel=\"canonical\" href=\"https:\/\/fredfloris.eu\/sv\/productpage\/saf-bookmarks\/?wmc-currency=SEK\" \/>\n<meta property=\"og:locale\" content=\"sv_SE\" \/>\n<meta property=\"og:type\" content=\"article\" \/>\n<meta property=\"og:title\" content=\"Leather Bookmark With Quotes | FredFloris\" \/>\n<meta property=\"og:description\" content=\"Our bookmarks are handcrafted from premium vegetable-tanned leather. Personalize your bookmark with a custom message using heat imprint.\" \/>\n<meta property=\"og:url\" content=\"https:\/\/fredfloris.eu\/sv\/productpage\/saf-bookmarks\/?wmc-currency=SEK\" \/>\n<meta property=\"og:site_name\" content=\"FredFloris\" \/>\n<meta property=\"article:publisher\" content=\"https:\/\/www.facebook.com\/FredFloris.Artisan.Studio\/\" \/>\n<meta property=\"article:modified_time\" content=\"2025-01-18T21:06:18+00:00\" \/>\n<meta property=\"og:image\" content=\"https:\/\/fredfloris.eu\/wp-content\/uploads\/2022\/04\/IMG_1521-scaled.jpg\" \/>\n\t<meta property=\"og:image:width\" content=\"2560\" \/>\n\t<meta property=\"og:image:height\" content=\"1707\" \/>\n\t<meta property=\"og:image:type\" content=\"image\/jpeg\" \/>\n<meta name=\"twitter:card\" content=\"summary_large_image\" \/>\n<meta name=\"twitter:site\" content=\"@_fredfloris_\" \/>\n<meta name=\"twitter:label1\" content=\"Ber\u00e4knad l\u00e4stid\" \/>\n\t<meta name=\"twitter:data1\" content=\"1 minut\" \/>\n<script type=\"application\/ld+json\" class=\"yoast-schema-graph\">{\"@context\":\"https:\/\/schema.org\",\"@graph\":[{\"@type\":\"WebPage\",\"@id\":\"https:\/\/fredfloris.eu\/productpage\/saf-bookmarks\/\",\"url\":\"https:\/\/fredfloris.eu\/productpage\/saf-bookmarks\/\",\"name\":\"Leather Bookmark With Quotes | FredFloris\",\"isPartOf\":{\"@id\":\"https:\/\/fredfloris.eu\/#website\"},\"primaryImageOfPage\":{\"@id\":\"https:\/\/fredfloris.eu\/productpage\/saf-bookmarks\/#primaryimage\"},\"image\":{\"@id\":\"https:\/\/fredfloris.eu\/productpage\/saf-bookmarks\/#primaryimage\"},\"thumbnailUrl\":\"https:\/\/fredfloris.eu\/wp-content\/uploads\/2022\/04\/IMG_1521-scaled.jpg\",\"datePublished\":\"2022-05-15T20:44:55+00:00\",\"dateModified\":\"2025-01-18T21:06:18+00:00\",\"description\":\"Our bookmarks are handcrafted from premium vegetable-tanned leather. Personalize your bookmark with a custom message using heat imprint.\",\"breadcrumb\":{\"@id\":\"https:\/\/fredfloris.eu\/productpage\/saf-bookmarks\/#breadcrumb\"},\"inLanguage\":\"sv-SE\",\"potentialAction\":[{\"@type\":\"ReadAction\",\"target\":[\"https:\/\/fredfloris.eu\/productpage\/saf-bookmarks\/\"]}]},{\"@type\":\"ImageObject\",\"inLanguage\":\"sv-SE\",\"@id\":\"https:\/\/fredfloris.eu\/productpage\/saf-bookmarks\/#primaryimage\",\"url\":\"https:\/\/fredfloris.eu\/wp-content\/uploads\/2022\/04\/IMG_1521-scaled.jpg\",\"contentUrl\":\"https:\/\/fredfloris.eu\/wp-content\/uploads\/2022\/04\/IMG_1521-scaled.jpg\",\"width\":2560,\"height\":1707,\"caption\":\"Tan leather bookmark, with Toy Story quote, heat pressed option without gold foil.\"},{\"@type\":\"BreadcrumbList\",\"@id\":\"https:\/\/fredfloris.eu\/productpage\/saf-bookmarks\/#breadcrumb\",\"itemListElement\":[{\"@type\":\"ListItem\",\"position\":1,\"name\":\"Home\",\"item\":\"https:\/\/fredfloris.eu\/\"},{\"@type\":\"ListItem\",\"position\":2,\"name\":\"Shop\",\"item\":\"https:\/\/fredfloris.eu\/shop\/\"},{\"@type\":\"ListItem\",\"position\":3,\"name\":\"Selma, Astrid or Fredrika &#8211; Bookmarks\"}]},{\"@type\":\"WebSite\",\"@id\":\"https:\/\/fredfloris.eu\/#website\",\"url\":\"https:\/\/fredfloris.eu\/\",\"name\":\"FredFloris\",\"description\":\"Handcrafted Leathergoods - Made in Sweden\",\"publisher\":{\"@id\":\"https:\/\/fredfloris.eu\/#organization\"},\"potentialAction\":[{\"@type\":\"SearchAction\",\"target\":{\"@type\":\"EntryPoint\",\"urlTemplate\":\"https:\/\/fredfloris.eu\/?s={search_term_string}\"},\"query-input\":{\"@type\":\"PropertyValueSpecification\",\"valueRequired\":true,\"valueName\":\"search_term_string\"}}],\"inLanguage\":\"sv-SE\"},{\"@type\":\"Organization\",\"@id\":\"https:\/\/fredfloris.eu\/#organization\",\"name\":\"FredFloris\",\"url\":\"https:\/\/fredfloris.eu\/\",\"logo\":{\"@type\":\"ImageObject\",\"inLanguage\":\"sv-SE\",\"@id\":\"https:\/\/fredfloris.eu\/#\/schema\/logo\/image\/\",\"url\":\"https:\/\/fredfloris.eu\/wp-content\/uploads\/2022\/03\/FredFloris-med-hel-nal-och-text.png\",\"contentUrl\":\"https:\/\/fredfloris.eu\/wp-content\/uploads\/2022\/03\/FredFloris-med-hel-nal-och-text.png\",\"width\":591,\"height\":283,\"caption\":\"FredFloris\"},\"image\":{\"@id\":\"https:\/\/fredfloris.eu\/#\/schema\/logo\/image\/\"},\"sameAs\":[\"https:\/\/www.facebook.com\/FredFloris.Artisan.Studio\/\",\"https:\/\/x.com\/_fredfloris_\",\"https:\/\/www.instagram.com\/fredfloris.artisan.studio\/\"]}]}<\/script>\n<!-- \/ Yoast SEO plugin. -->","yoast_head_json":{"title":"L\u00e4derbokm\u00e4rke med citat | FredFloris","description":"V\u00e5ra bokm\u00e4rken \u00e4r handgjorda av vegetabiliskt garvat premiuml\u00e4der. G\u00f6r ditt bokm\u00e4rke personligt med ett eget meddelande med hj\u00e4lp av v\u00e4rmetryck.","robots":{"index":"index","follow":"follow","max-snippet":"max-snippet:-1","max-image-preview":"max-image-preview:large","max-video-preview":"max-video-preview:-1"},"canonical":"https:\/\/fredfloris.eu\/sv\/productpage\/saf-bookmarks\/?wmc-currency=SEK","og_locale":"sv_SE","og_type":"article","og_title":"Leather Bookmark With Quotes | FredFloris","og_description":"Our bookmarks are handcrafted from premium vegetable-tanned leather. Personalize your bookmark with a custom message using heat imprint.","og_url":"https:\/\/fredfloris.eu\/sv\/productpage\/saf-bookmarks\/?wmc-currency=SEK","og_site_name":"FredFloris","article_publisher":"https:\/\/www.facebook.com\/FredFloris.Artisan.Studio\/","article_modified_time":"2025-01-18T21:06:18+00:00","og_image":[{"width":2560,"height":1707,"url":"https:\/\/fredfloris.eu\/wp-content\/uploads\/2022\/04\/IMG_1521-scaled.jpg","type":"image\/jpeg"}],"twitter_card":"summary_large_image","twitter_site":"@_fredfloris_","twitter_misc":{"Ber\u00e4knad l\u00e4stid":"1 minut"},"schema":{"@context":"https:\/\/schema.org","@graph":[{"@type":"WebPage","@id":"https:\/\/fredfloris.eu\/productpage\/saf-bookmarks\/","url":"https:\/\/fredfloris.eu\/productpage\/saf-bookmarks\/","name":"L\u00e4derbokm\u00e4rke med citat | FredFloris","isPartOf":{"@id":"https:\/\/fredfloris.eu\/#website"},"primaryImageOfPage":{"@id":"https:\/\/fredfloris.eu\/productpage\/saf-bookmarks\/#primaryimage"},"image":{"@id":"https:\/\/fredfloris.eu\/productpage\/saf-bookmarks\/#primaryimage"},"thumbnailUrl":"https:\/\/fredfloris.eu\/wp-content\/uploads\/2022\/04\/IMG_1521-scaled.jpg","datePublished":"2022-05-15T20:44:55+00:00","dateModified":"2025-01-18T21:06:18+00:00","description":"V\u00e5ra bokm\u00e4rken \u00e4r handgjorda av vegetabiliskt garvat premiuml\u00e4der. G\u00f6r ditt bokm\u00e4rke personligt med ett eget meddelande med hj\u00e4lp av v\u00e4rmetryck.","breadcrumb":{"@id":"https:\/\/fredfloris.eu\/productpage\/saf-bookmarks\/#breadcrumb"},"inLanguage":"sv-SE","potentialAction":[{"@type":"ReadAction","target":["https:\/\/fredfloris.eu\/productpage\/saf-bookmarks\/"]}]},{"@type":"ImageObject","inLanguage":"sv-SE","@id":"https:\/\/fredfloris.eu\/productpage\/saf-bookmarks\/#primaryimage","url":"https:\/\/fredfloris.eu\/wp-content\/uploads\/2022\/04\/IMG_1521-scaled.jpg","contentUrl":"https:\/\/fredfloris.eu\/wp-content\/uploads\/2022\/04\/IMG_1521-scaled.jpg","width":2560,"height":1707,"caption":"Tan leather bookmark, with Toy Story quote, heat pressed option without gold foil."},{"@type":"BreadcrumbList","@id":"https:\/\/fredfloris.eu\/productpage\/saf-bookmarks\/#breadcrumb","itemListElement":[{"@type":"ListItem","position":1,"name":"Home","item":"https:\/\/fredfloris.eu\/"},{"@type":"ListItem","position":2,"name":"Shop","item":"https:\/\/fredfloris.eu\/shop\/"},{"@type":"ListItem","position":3,"name":"Selma, Astrid or Fredrika &#8211; Bookmarks"}]},{"@type":"WebSite","@id":"https:\/\/fredfloris.eu\/#website","url":"https:\/\/fredfloris.eu\/","name":"FredFloris","description":"Handgjorda l\u00e4dervaror - tillverkade i Sverige","publisher":{"@id":"https:\/\/fredfloris.eu\/#organization"},"potentialAction":[{"@type":"SearchAction","target":{"@type":"EntryPoint","urlTemplate":"https:\/\/fredfloris.eu\/?s={search_term_string}"},"query-input":{"@type":"PropertyValueSpecification","valueRequired":true,"valueName":"search_term_string"}}],"inLanguage":"sv-SE"},{"@type":"Organization","@id":"https:\/\/fredfloris.eu\/#organization","name":"FredFloris","url":"https:\/\/fredfloris.eu\/","logo":{"@type":"ImageObject","inLanguage":"sv-SE","@id":"https:\/\/fredfloris.eu\/#\/schema\/logo\/image\/","url":"https:\/\/fredfloris.eu\/wp-content\/uploads\/2022\/03\/FredFloris-med-hel-nal-och-text.png","contentUrl":"https:\/\/fredfloris.eu\/wp-content\/uploads\/2022\/03\/FredFloris-med-hel-nal-och-text.png","width":591,"height":283,"caption":"FredFloris"},"image":{"@id":"https:\/\/fredfloris.eu\/#\/schema\/logo\/image\/"},"sameAs":["https:\/\/www.facebook.com\/FredFloris.Artisan.Studio\/","https:\/\/x.com\/_fredfloris_","https:\/\/www.instagram.com\/fredfloris.artisan.studio\/"]}]}},"brands":[{"id":203,"name":"FredFloris","slug":"fredfloris"}],"_links":{"self":[{"href":"https:\/\/fredfloris.eu\/sv\/wp-json\/wp\/v2\/product\/5009","targetHints":{"allow":["GET"]}}],"collection":[{"href":"https:\/\/fredfloris.eu\/sv\/wp-json\/wp\/v2\/product"}],"about":[{"href":"https:\/\/fredfloris.eu\/sv\/wp-json\/wp\/v2\/types\/product"}],"version-history":[{"count":8,"href":"https:\/\/fredfloris.eu\/sv\/wp-json\/wp\/v2\/product\/5009\/revisions"}],"predecessor-version":[{"id":11552,"href":"https:\/\/fredfloris.eu\/sv\/wp-json\/wp\/v2\/product\/5009\/revisions\/11552"}],"wp:featuredmedia":[{"embeddable":true,"href":"https:\/\/fredfloris.eu\/sv\/wp-json\/wp\/v2\/media\/3087"}],"wp:attachment":[{"href":"https:\/\/fredfloris.eu\/sv\/wp-json\/wp\/v2\/media?parent=5009"}],"wp:term":[{"taxonomy":"pwb-brand","embeddable":true,"href":"https:\/\/fredfloris.eu\/sv\/wp-json\/wp\/v2\/pwb-brand?post=5009"},{"taxonomy":"product_brand","embeddable":true,"href":"https:\/\/fredfloris.eu\/sv\/wp-json\/wp\/v2\/product_brand?post=5009"},{"taxonomy":"product_cat","embeddable":true,"href":"https:\/\/fredfloris.eu\/sv\/wp-json\/wp\/v2\/product_cat?post=5009"},{"taxonomy":"product_tag","embeddable":true,"href":"https:\/\/fredfloris.eu\/sv\/wp-json\/wp\/v2\/product_tag?post=5009"},{"taxonomy":"woo-feed-brand","embeddable":true,"href":"https:\/\/fredfloris.eu\/sv\/wp-json\/wp\/v2\/woo-feed-brand?post=5009"}],"curies":[{"name":"wp","href":"https:\/\/api.w.org\/{rel}","templated":true}]}}