{"id":5136,"date":"2022-05-16T16:59:00","date_gmt":"2022-05-16T14:59:00","guid":{"rendered":"https:\/\/fredfloris.eu\/?post_type=product&#038;p=5136"},"modified":"2024-07-23T20:14:09","modified_gmt":"2024-07-23T18:14:09","slug":"minnie-soft-glasses-cases","status":"publish","type":"product","link":"https:\/\/fredfloris.eu\/sv\/productpage\/minnie-soft-glasses-cases\/","title":{"rendered":"Minnie - Glas\u00f6gonfodral"},"content":{"rendered":"<p><strong>Personlig anpassning:<\/strong> L\u00e4gg till ett namn eller ett meddelande utan extra kostnad. F\u00f6r att anpassa med din egen design, l\u00e4gg bara till b\u00e5de produkten och din valda design i din korg.<\/p>\n<p><a class=\"lumise-customize-button button alt\" href=\"https:\/\/fredfloris.eu\/sv\/productpage\/customize-minnie-soft-glasses-cases\/?wmc-currency=SEK\" name=\"customize\">Anpassa<\/a><\/p>\n<p><strong>Skydda dina glas\u00f6gon med stil med v\u00e5rt glas\u00f6gonfodral i mjukt l\u00e4der, utformat f\u00f6r effektivt skydd.<\/strong> Detta fodral ger ett t\u00e4tt skydd f\u00f6r att h\u00e5lla dina glas\u00f6gon fria fr\u00e5n repor. Den \u00f6ppna springan med rundade kanter g\u00f6r det enkelt att komma \u00e5t glas\u00f6gonen, s\u00e5 att du kan glida in och ut utan problem. Det \u00e4r perfekt f\u00f6r b\u00e5de glas\u00f6gon och solglas\u00f6gon, vilket g\u00f6r detta fodral till en p\u00e5litlig f\u00f6ljeslagare f\u00f6r dina viktigaste tillbeh\u00f6r.<\/p>\n<p><strong>M\u00e5ngsidig och underskattad:<\/strong> Detta eleganta fodral passar i alla milj\u00f6er, fr\u00e5n avslappnade utflykter till formella evenemang. Tillverkat av vegetabiliskt garvat fullnarvsl\u00e4der, f\u00f6rhindrar det att dina glas\u00f6gon glider p\u00e5 ytor och ger en touch av sofistikering till din dagliga ensemble.<\/p>\n<p><strong>Produktspecifikationer:<\/strong><\/p>\n<ul>\n<li><strong>Tillverkas helt f\u00f6r hand i v\u00e5r familje\u00e4gda l\u00e4deratelj\u00e9<\/strong><\/li>\n<li><strong>M\u00e5tt:<\/strong> Bredd: ~80 mm, L\u00e4ngd: 175 mm<\/li>\n<li><strong>F\u00e4rgalternativ:<\/strong> V\u00e4lj mellan svart, marinbl\u00e5, Cognac, varm Cognac, m\u00f6rk Cognac, m\u00f6rkgul och bl\u00e5gr\u00f6n<\/li>\n<li><strong>Material:<\/strong> Vegetabiliskt garvat fullnarvsl\u00e4der, garvat i Italien med det traditionella toskanska Vacchetta-receptet<\/li>\n<li><strong>S\u00f6mnad:<\/strong> Traditionell sadelmakars\u00f6m, sydd f\u00f6r hand<\/li>\n<li><strong>Tr\u00e5d:<\/strong> Sydd med Tiger Ritza 25-tr\u00e5d f\u00f6r l\u00e5ngvarig styrka<\/li>\n<\/ul>\n<p>&nbsp;<\/p>\n<p>&nbsp;<\/p>\n<p>S\u00f6kord: Handgjort glas\u00f6gonfodral i mjukt fullnarvsl\u00e4der<\/p>","protected":false},"excerpt":{"rendered":"<p>Det fullnarviga l\u00e4dret tas fram fr\u00e5n tjurens bogar och garvas vegetabiliskt enligt det gamla toskanska Vacchetta-receptet. D\u00e4refter sk\u00e4rs det till och sys ihop f\u00f6r hand med vaxad polyestertr\u00e5d av h\u00f6gsta kvalitet enligt sadelmakarens traditionella s\u00f6mnadsteknik. Denna s\u00f6mnadsmetod s\u00e4kerst\u00e4ller produktens h\u00e5llbarhet, s\u00e4rskilt under kraftiga p\u00e5frestningar. Kanterna rundas, slipas och f\u00e4rgas sedan f\u00f6r hand med hj\u00e4lp av flera lager kantf\u00e4rg. Kantm\u00e5lningen g\u00f6rs med stor precision f\u00f6r att s\u00e4kerst\u00e4lla att l\u00e4drets narv bevaras.<\/p>\n<pre><\/pre>\n<p>Det anilinbehandlade l\u00e4dret kommer fr\u00e5n Mapel &amp; C, och det pull-up\/vaxade l\u00e4dret kommer fr\u00e5n Badalassi Carlo. B\u00e5da garverierna anv\u00e4nder det gamla toskanska Vacchetta-receptet f\u00f6r att garva sitt l\u00e4der, och b\u00e5da ing\u00e5r i respektabla organisationer, Tuscany tanning district companies respektive Pelle Conciata al Vegetale-konsortiet.<\/p>","protected":false},"featured_media":3174,"template":"","meta":[],"pwb-brand":[203],"product_brand":[],"product_cat":[102,100],"product_tag":[123,136,105],"woo-feed-brand":[],"class_list":{"0":"post-5136","1":"product","2":"type-product","3":"status-publish","4":"has-post-thumbnail","6":"pwb-brand-fredfloris","7":"product_cat-glasses-cases","8":"product_cat-leathergoods","9":"product_tag-full-grain-leather","10":"product_tag-handmade","11":"product_tag-made-to-order","12":"product_shipping_class-small-goods","13":"pa_leather-colour-black-mapelec-thin","14":"pa_leather-colour-petrol-waxed","15":"pa_leather-colour-cognac","16":"pa_leather-colour-dark-cognac-waxed","17":"pa_leather-colour-mustard-waxed","18":"pa_leather-colour-navy","19":"pa_leather-colour-warm-cognac","21":"first","22":"instock","23":"taxable","24":"shipping-taxable","25":"purchasable","26":"product-type-variable","27":"has-default-attributes"},"yoast_head":"<!-- This site is optimized with the Yoast SEO plugin v27.2 - https:\/\/yoast.com\/product\/yoast-seo-wordpress\/ -->\n<title>Handmade Full-Grain Leather Glasses Case | FredFloris<\/title>\n<meta name=\"description\" content=\"Handmade full-grain leather soft glass cases, made from vegetable-tanned Italian leather. Small and compact 175mmx 80mm.\" \/>\n<meta name=\"robots\" content=\"index, follow, max-snippet:-1, max-image-preview:large, max-video-preview:-1\" \/>\n<link rel=\"canonical\" href=\"https:\/\/fredfloris.eu\/sv\/productpage\/minnie-soft-glasses-cases\/?wmc-currency=SEK\" \/>\n<meta property=\"og:locale\" content=\"sv_SE\" \/>\n<meta property=\"og:type\" content=\"article\" \/>\n<meta property=\"og:title\" content=\"Handmade Full-Grain Leather Glasses Case | FredFloris\" \/>\n<meta property=\"og:description\" content=\"Handmade full-grain leather soft glass cases, made from vegetable-tanned Italian leather. Small and compact 175mmx 80mm.\" \/>\n<meta property=\"og:url\" content=\"https:\/\/fredfloris.eu\/sv\/productpage\/minnie-soft-glasses-cases\/?wmc-currency=SEK\" \/>\n<meta property=\"og:site_name\" content=\"FredFloris\" \/>\n<meta property=\"article:publisher\" content=\"https:\/\/www.facebook.com\/FredFloris.Artisan.Studio\/\" \/>\n<meta property=\"article:modified_time\" content=\"2024-07-23T18:14:09+00:00\" \/>\n<meta property=\"og:image\" content=\"https:\/\/fredfloris.eu\/wp-content\/uploads\/2022\/04\/IMG_1544-scaled.jpg\" \/>\n\t<meta property=\"og:image:width\" content=\"2560\" \/>\n\t<meta property=\"og:image:height\" content=\"1707\" \/>\n\t<meta property=\"og:image:type\" content=\"image\/jpeg\" \/>\n<meta name=\"twitter:card\" content=\"summary_large_image\" \/>\n<meta name=\"twitter:site\" content=\"@_fredfloris_\" \/>\n<meta name=\"twitter:label1\" content=\"Ber\u00e4knad l\u00e4stid\" \/>\n\t<meta name=\"twitter:data1\" content=\"2 minuter\" \/>\n<script type=\"application\/ld+json\" class=\"yoast-schema-graph\">{\"@context\":\"https:\/\/schema.org\",\"@graph\":[{\"@type\":\"WebPage\",\"@id\":\"https:\/\/fredfloris.eu\/productpage\/minnie-soft-glasses-cases\/\",\"url\":\"https:\/\/fredfloris.eu\/productpage\/minnie-soft-glasses-cases\/\",\"name\":\"Handmade Full-Grain Leather Glasses Case | FredFloris\",\"isPartOf\":{\"@id\":\"https:\/\/fredfloris.eu\/#website\"},\"primaryImageOfPage\":{\"@id\":\"https:\/\/fredfloris.eu\/productpage\/minnie-soft-glasses-cases\/#primaryimage\"},\"image\":{\"@id\":\"https:\/\/fredfloris.eu\/productpage\/minnie-soft-glasses-cases\/#primaryimage\"},\"thumbnailUrl\":\"https:\/\/fredfloris.eu\/wp-content\/uploads\/2022\/04\/IMG_1544-scaled.jpg\",\"datePublished\":\"2022-05-16T14:59:00+00:00\",\"dateModified\":\"2024-07-23T18:14:09+00:00\",\"description\":\"Handmade full-grain leather soft glass cases, made from vegetable-tanned Italian leather. Small and compact 175mmx 80mm.\",\"breadcrumb\":{\"@id\":\"https:\/\/fredfloris.eu\/productpage\/minnie-soft-glasses-cases\/#breadcrumb\"},\"inLanguage\":\"sv-SE\",\"potentialAction\":[{\"@type\":\"ReadAction\",\"target\":[\"https:\/\/fredfloris.eu\/productpage\/minnie-soft-glasses-cases\/\"]}]},{\"@type\":\"ImageObject\",\"inLanguage\":\"sv-SE\",\"@id\":\"https:\/\/fredfloris.eu\/productpage\/minnie-soft-glasses-cases\/#primaryimage\",\"url\":\"https:\/\/fredfloris.eu\/wp-content\/uploads\/2022\/04\/IMG_1544-scaled.jpg\",\"contentUrl\":\"https:\/\/fredfloris.eu\/wp-content\/uploads\/2022\/04\/IMG_1544-scaled.jpg\",\"width\":2560,\"height\":1707,\"caption\":\"Product: Minnie - Glasses Cases, colour from left to right: Dark Yellow, Navy Blue, Cognac, Dark Cognac, Black and Blue-Green\"},{\"@type\":\"BreadcrumbList\",\"@id\":\"https:\/\/fredfloris.eu\/productpage\/minnie-soft-glasses-cases\/#breadcrumb\",\"itemListElement\":[{\"@type\":\"ListItem\",\"position\":1,\"name\":\"Home\",\"item\":\"https:\/\/fredfloris.eu\/\"},{\"@type\":\"ListItem\",\"position\":2,\"name\":\"Shop\",\"item\":\"https:\/\/fredfloris.eu\/shop\/\"},{\"@type\":\"ListItem\",\"position\":3,\"name\":\"Minnie &#8211; Glasses Cases\"}]},{\"@type\":\"WebSite\",\"@id\":\"https:\/\/fredfloris.eu\/#website\",\"url\":\"https:\/\/fredfloris.eu\/\",\"name\":\"FredFloris\",\"description\":\"Handcrafted Leathergoods - Made in Sweden\",\"publisher\":{\"@id\":\"https:\/\/fredfloris.eu\/#organization\"},\"potentialAction\":[{\"@type\":\"SearchAction\",\"target\":{\"@type\":\"EntryPoint\",\"urlTemplate\":\"https:\/\/fredfloris.eu\/?s={search_term_string}\"},\"query-input\":{\"@type\":\"PropertyValueSpecification\",\"valueRequired\":true,\"valueName\":\"search_term_string\"}}],\"inLanguage\":\"sv-SE\"},{\"@type\":\"Organization\",\"@id\":\"https:\/\/fredfloris.eu\/#organization\",\"name\":\"FredFloris\",\"url\":\"https:\/\/fredfloris.eu\/\",\"logo\":{\"@type\":\"ImageObject\",\"inLanguage\":\"sv-SE\",\"@id\":\"https:\/\/fredfloris.eu\/#\/schema\/logo\/image\/\",\"url\":\"https:\/\/fredfloris.eu\/wp-content\/uploads\/2022\/03\/FredFloris-med-hel-nal-och-text.png\",\"contentUrl\":\"https:\/\/fredfloris.eu\/wp-content\/uploads\/2022\/03\/FredFloris-med-hel-nal-och-text.png\",\"width\":591,\"height\":283,\"caption\":\"FredFloris\"},\"image\":{\"@id\":\"https:\/\/fredfloris.eu\/#\/schema\/logo\/image\/\"},\"sameAs\":[\"https:\/\/www.facebook.com\/FredFloris.Artisan.Studio\/\",\"https:\/\/x.com\/_fredfloris_\",\"https:\/\/www.instagram.com\/fredfloris.artisan.studio\/\"]}]}<\/script>\n<!-- \/ Yoast SEO plugin. -->","yoast_head_json":{"title":"Handgjort glas\u00f6gonfodral i fullkornsl\u00e4der | FredFloris","description":"Handgjorda mjukglasfodral i fullnarvigt l\u00e4der, tillverkade av vegetabiliskt garvat italienskt l\u00e4der. Liten och kompakt 175mmx 80mm.","robots":{"index":"index","follow":"follow","max-snippet":"max-snippet:-1","max-image-preview":"max-image-preview:large","max-video-preview":"max-video-preview:-1"},"canonical":"https:\/\/fredfloris.eu\/sv\/productpage\/minnie-soft-glasses-cases\/?wmc-currency=SEK","og_locale":"sv_SE","og_type":"article","og_title":"Handmade Full-Grain Leather Glasses Case | FredFloris","og_description":"Handmade full-grain leather soft glass cases, made from vegetable-tanned Italian leather. Small and compact 175mmx 80mm.","og_url":"https:\/\/fredfloris.eu\/sv\/productpage\/minnie-soft-glasses-cases\/?wmc-currency=SEK","og_site_name":"FredFloris","article_publisher":"https:\/\/www.facebook.com\/FredFloris.Artisan.Studio\/","article_modified_time":"2024-07-23T18:14:09+00:00","og_image":[{"width":2560,"height":1707,"url":"https:\/\/fredfloris.eu\/wp-content\/uploads\/2022\/04\/IMG_1544-scaled.jpg","type":"image\/jpeg"}],"twitter_card":"summary_large_image","twitter_site":"@_fredfloris_","twitter_misc":{"Ber\u00e4knad l\u00e4stid":"2 minuter"},"schema":{"@context":"https:\/\/schema.org","@graph":[{"@type":"WebPage","@id":"https:\/\/fredfloris.eu\/productpage\/minnie-soft-glasses-cases\/","url":"https:\/\/fredfloris.eu\/productpage\/minnie-soft-glasses-cases\/","name":"Handgjort glas\u00f6gonfodral i fullkornsl\u00e4der | FredFloris","isPartOf":{"@id":"https:\/\/fredfloris.eu\/#website"},"primaryImageOfPage":{"@id":"https:\/\/fredfloris.eu\/productpage\/minnie-soft-glasses-cases\/#primaryimage"},"image":{"@id":"https:\/\/fredfloris.eu\/productpage\/minnie-soft-glasses-cases\/#primaryimage"},"thumbnailUrl":"https:\/\/fredfloris.eu\/wp-content\/uploads\/2022\/04\/IMG_1544-scaled.jpg","datePublished":"2022-05-16T14:59:00+00:00","dateModified":"2024-07-23T18:14:09+00:00","description":"Handgjorda mjukglasfodral i fullnarvigt l\u00e4der, tillverkade av vegetabiliskt garvat italienskt l\u00e4der. Liten och kompakt 175mmx 80mm.","breadcrumb":{"@id":"https:\/\/fredfloris.eu\/productpage\/minnie-soft-glasses-cases\/#breadcrumb"},"inLanguage":"sv-SE","potentialAction":[{"@type":"ReadAction","target":["https:\/\/fredfloris.eu\/productpage\/minnie-soft-glasses-cases\/"]}]},{"@type":"ImageObject","inLanguage":"sv-SE","@id":"https:\/\/fredfloris.eu\/productpage\/minnie-soft-glasses-cases\/#primaryimage","url":"https:\/\/fredfloris.eu\/wp-content\/uploads\/2022\/04\/IMG_1544-scaled.jpg","contentUrl":"https:\/\/fredfloris.eu\/wp-content\/uploads\/2022\/04\/IMG_1544-scaled.jpg","width":2560,"height":1707,"caption":"Product: Minnie - Glasses Cases, colour from left to right: Dark Yellow, Navy Blue, Cognac, Dark Cognac, Black and Blue-Green"},{"@type":"BreadcrumbList","@id":"https:\/\/fredfloris.eu\/productpage\/minnie-soft-glasses-cases\/#breadcrumb","itemListElement":[{"@type":"ListItem","position":1,"name":"Home","item":"https:\/\/fredfloris.eu\/"},{"@type":"ListItem","position":2,"name":"Shop","item":"https:\/\/fredfloris.eu\/shop\/"},{"@type":"ListItem","position":3,"name":"Minnie &#8211; Glasses Cases"}]},{"@type":"WebSite","@id":"https:\/\/fredfloris.eu\/#website","url":"https:\/\/fredfloris.eu\/","name":"FredFloris","description":"Handgjorda l\u00e4dervaror - tillverkade i Sverige","publisher":{"@id":"https:\/\/fredfloris.eu\/#organization"},"potentialAction":[{"@type":"SearchAction","target":{"@type":"EntryPoint","urlTemplate":"https:\/\/fredfloris.eu\/?s={search_term_string}"},"query-input":{"@type":"PropertyValueSpecification","valueRequired":true,"valueName":"search_term_string"}}],"inLanguage":"sv-SE"},{"@type":"Organization","@id":"https:\/\/fredfloris.eu\/#organization","name":"FredFloris","url":"https:\/\/fredfloris.eu\/","logo":{"@type":"ImageObject","inLanguage":"sv-SE","@id":"https:\/\/fredfloris.eu\/#\/schema\/logo\/image\/","url":"https:\/\/fredfloris.eu\/wp-content\/uploads\/2022\/03\/FredFloris-med-hel-nal-och-text.png","contentUrl":"https:\/\/fredfloris.eu\/wp-content\/uploads\/2022\/03\/FredFloris-med-hel-nal-och-text.png","width":591,"height":283,"caption":"FredFloris"},"image":{"@id":"https:\/\/fredfloris.eu\/#\/schema\/logo\/image\/"},"sameAs":["https:\/\/www.facebook.com\/FredFloris.Artisan.Studio\/","https:\/\/x.com\/_fredfloris_","https:\/\/www.instagram.com\/fredfloris.artisan.studio\/"]}]}},"brands":[{"id":203,"name":"FredFloris","slug":"fredfloris"}],"_links":{"self":[{"href":"https:\/\/fredfloris.eu\/sv\/wp-json\/wp\/v2\/product\/5136","targetHints":{"allow":["GET"]}}],"collection":[{"href":"https:\/\/fredfloris.eu\/sv\/wp-json\/wp\/v2\/product"}],"about":[{"href":"https:\/\/fredfloris.eu\/sv\/wp-json\/wp\/v2\/types\/product"}],"version-history":[{"count":15,"href":"https:\/\/fredfloris.eu\/sv\/wp-json\/wp\/v2\/product\/5136\/revisions"}],"predecessor-version":[{"id":11581,"href":"https:\/\/fredfloris.eu\/sv\/wp-json\/wp\/v2\/product\/5136\/revisions\/11581"}],"wp:featuredmedia":[{"embeddable":true,"href":"https:\/\/fredfloris.eu\/sv\/wp-json\/wp\/v2\/media\/3174"}],"wp:attachment":[{"href":"https:\/\/fredfloris.eu\/sv\/wp-json\/wp\/v2\/media?parent=5136"}],"wp:term":[{"taxonomy":"pwb-brand","embeddable":true,"href":"https:\/\/fredfloris.eu\/sv\/wp-json\/wp\/v2\/pwb-brand?post=5136"},{"taxonomy":"product_brand","embeddable":true,"href":"https:\/\/fredfloris.eu\/sv\/wp-json\/wp\/v2\/product_brand?post=5136"},{"taxonomy":"product_cat","embeddable":true,"href":"https:\/\/fredfloris.eu\/sv\/wp-json\/wp\/v2\/product_cat?post=5136"},{"taxonomy":"product_tag","embeddable":true,"href":"https:\/\/fredfloris.eu\/sv\/wp-json\/wp\/v2\/product_tag?post=5136"},{"taxonomy":"woo-feed-brand","embeddable":true,"href":"https:\/\/fredfloris.eu\/sv\/wp-json\/wp\/v2\/woo-feed-brand?post=5136"}],"curies":[{"name":"wp","href":"https:\/\/api.w.org\/{rel}","templated":true}]}}