{"id":5148,"date":"2022-05-16T17:20:21","date_gmt":"2022-05-16T15:20:21","guid":{"rendered":"https:\/\/fredfloris.eu\/?post_type=product&#038;p=5148"},"modified":"2024-06-24T21:20:00","modified_gmt":"2024-06-24T19:20:00","slug":"a5-daybook","status":"publish","type":"product","link":"https:\/\/fredfloris.eu\/sv\/productpage\/a5-daybook\/","title":{"rendered":"Dickens, Shelley eller Keats - A5 l\u00e4deromslag till dagbok"},"content":{"rendered":"<p><strong>Personlig anpassning:<\/strong> L\u00e4gg till ett namn eller ett meddelande utan extra kostnad. F\u00f6r att anpassa med din egen design, l\u00e4gg bara till b\u00e5de produkten och din valda design i din korg.<\/p>\n<p><a class=\"lumise-customize-button button alt\" href=\"https:\/\/fredfloris.eu\/sv\/productpage\/customize-dickens-shelley-or-keats-a5-journals\/?wmc-currency=SEK\" name=\"customize\">Anpassa<\/a><\/p>\n<p><strong>F\u00f6rb\u00e4ttra din professionella image med v\u00e5rt dagboksomslag i l\u00e4der.<\/strong> Det h\u00e4r dagboksomslaget \u00e4r utformat f\u00f6r att ge ett gott f\u00f6rsta intryck och ser till att du alltid \u00e4r f\u00f6rberedd. Oavsett om det g\u00e4ller br\u00e5dskande m\u00f6ten, tillf\u00e4lliga m\u00f6ten eller \u00f6gonblick av ov\u00e4ntad inspiration \u00e4r det ov\u00e4rderligt att ha penna och papper till hands. Att skriva med penna och papper k\u00e4nns inte bara befriande utan f\u00f6renklar ocks\u00e5 processen med att f\u00e5nga dina id\u00e9er, vilket passar perfekt med personliga preferenser.<\/p>\n<p><strong>Optimal storlek och f\u00f6rvaring:<\/strong> Det h\u00e4r dagboksomslaget \u00e4r utformat f\u00f6r att passa ett A5-anteckningsblock och har den perfekta storleken att b\u00e4ra med sig. Det har en stor ficka bakom omslaget och tv\u00e5 mindre fickor p\u00e5 insidan, perfekt f\u00f6r att f\u00f6rvara din favoritpenna s\u00e5 att du alltid har den inom r\u00e4ckh\u00e5ll.<\/p>\n<p>Med varje dagbok i l\u00e4der f\u00f6ljer gratis ett exemplar av var och en av v\u00e5ra <a href=\"https:\/\/fredfloris.eu\/sv\/productpage\/notebooks-journals\/?wmc-currency=SEK\">Svanenm\u00e4rkta och Easy on The Planet milj\u00f6m\u00e4rkta anteckningsb\u00f6cker<\/a>.<\/p>\n<p><strong>Produktspecifikationer:<\/strong><\/p>\n<ul>\n<li><strong>Tillverkas helt f\u00f6r hand i v\u00e5r familje\u00e4gda l\u00e4deratelj\u00e9<\/strong><\/li>\n<li><strong>Material:<\/strong> Anv\u00e4nder tre olika typer av l\u00e4der, var och en vald f\u00f6r den r\u00e4tta k\u00e4nslan och flexibiliteten som beh\u00f6vs f\u00f6r specifika delar av dagboken<\/li>\n<li><strong>F\u00e4rgalternativ:<\/strong>\n<ul>\n<li><strong>Exteri\u00f6r:<\/strong> Finns i svart<\/li>\n<li><strong>Flik och mindre innerficka:<\/strong> V\u00e4lj mellan M\u00f6rk Cognac, M\u00f6rkgul, Bl\u00e5gr\u00f6n<\/li>\n<\/ul>\n<\/li>\n<li><strong>M\u00e5tt:<\/strong> Bredd n\u00e4r den \u00e4r hopf\u00e4lld: 170 mm, h\u00f6jd: 235 mm<\/li>\n<li><strong>Broguing:<\/strong> Handstansade broguing-detaljer ger designen k\u00e4nsla och definition<\/li>\n<li><strong>S\u00f6mnad<\/strong>: Traditionell sadelmakars\u00f6m, sydd f\u00f6r hand<\/li>\n<li><strong>Funktioner:<\/strong> Denna dagbok \u00e4r p\u00e5fyllningsbar, vilket g\u00f6r den till en h\u00e5llbar accessoar<\/li>\n<li><strong>Tr\u00e5d:<\/strong> Konstruerad med Tiger Ritza 25-tr\u00e5d, k\u00e4nd f\u00f6r sin styrka och elasticitet<\/li>\n<\/ul>\n<p>&nbsp;<\/p>\n<p>S\u00f6kord: Handgjord p\u00e5fyllningsbar dagbok i l\u00e4der, dagboksomslag i l\u00e4der<\/p>","protected":false},"excerpt":{"rendered":"<p>Tillverkad av tre olika sorters l\u00e4der, f\u00f6r utsidan av v\u00e5r dagbok anv\u00e4nder vi ett vegetabiliskt garvat fullkornsl\u00e4der fr\u00e5n tjurens skuldror, tjockleken \u00e4r cirka 3,5 mm, men det har \u00e4nd\u00e5 ett robust temperament, vilket g\u00f6r det till ett mycket bra alternativ f\u00f6r att g\u00f6ra en dagbok.<\/p>\n<pre><\/pre>\n<p>Det andra l\u00e4dret vi anv\u00e4nde \u00e4r f\u00f6r den st\u00f6rre innerfickan. Vi anv\u00e4nde ett 2 mm tjockt l\u00e4der som \u00e4r finare och mjukt tempererat, vilket ger flexibilitet vid ins\u00e4ttning av f\u00f6rem\u00e5l. Slutligen skapades de mindre innerfickorna och klaffen med hj\u00e4lp av ett 1,8 mm vaxat l\u00e4der, vilket ger den \u00f6vergripande interi\u00f6ren ett fint glansigt utseende. Broguingdetaljerna p\u00e5 klaffen \u00e4r gjorda f\u00f6r hand med en h\u00e5ls\u00f6msmaskin.<\/p>\n<pre><\/pre>\n<p>Alla kanter p\u00e5 denna handgjorda dagbok i l\u00e4der \u00e4r rundade, slipade och m\u00e5lade med stor precision f\u00f6r att s\u00e4kerst\u00e4lla att det fullnarviga l\u00e4dret bevaras och toppas med h\u00f6rnskydd i m\u00e4ssingspl\u00e4terat st\u00e5l. Dagboken i l\u00e4der avslutas med ett elastiskt band som perfekt knyter ihop denna v\u00e4lgjorda dagbok.<\/p>\n<pre><\/pre>\n<p>Det anilinbehandlade l\u00e4dret kommer fr\u00e5n Mapel &amp; C, och det pull-up\/vaxade l\u00e4dret kommer fr\u00e5n Badalassi Carlo. B\u00e5da garverierna anv\u00e4nder det gamla toskanska Vacchetta-receptet f\u00f6r att garva sitt l\u00e4der, och b\u00e5da ing\u00e5r i respektabla organisationer, Tuscany tanning district companies respektive Pelle Conciata al Vegetale-konsortiet.<\/p>","protected":false},"featured_media":10226,"template":"","meta":[],"pwb-brand":[203],"product_brand":[],"product_cat":[110,100],"product_tag":[123,136,105],"woo-feed-brand":[],"class_list":{"0":"post-5148","1":"product","2":"type-product","3":"status-publish","4":"has-post-thumbnail","6":"pwb-brand-fredfloris","7":"product_cat-journals","8":"product_cat-leathergoods","9":"product_tag-full-grain-leather","10":"product_tag-handmade","11":"product_tag-made-to-order","12":"product_shipping_class-large-goods","13":"pa_leather-colour-petrol-waxed","14":"pa_leather-colour-dark-cognac-waxed","15":"pa_leather-colour-mustard-waxed","16":"pa_primary-leather-colour-black-mapelec-thick2","18":"first","19":"instock","20":"taxable","21":"shipping-taxable","22":"purchasable","23":"product-type-variable","24":"has-default-attributes"},"yoast_head":"<!-- This site is optimized with the Yoast SEO plugin v27.2 - https:\/\/yoast.com\/product\/yoast-seo-wordpress\/ -->\n<title>Personalized Refillable Leather daybook| FredFloris<\/title>\n<meta name=\"description\" content=\"Experience a luxury handmade leather daybook. Made using the finest Italian vegetable-tanned full-grain leather. Refillable leather daybook\" \/>\n<meta name=\"robots\" content=\"index, follow, max-snippet:-1, max-image-preview:large, max-video-preview:-1\" \/>\n<link rel=\"canonical\" href=\"https:\/\/fredfloris.eu\/sv\/productpage\/a5-daybook\/?wmc-currency=SEK\" \/>\n<meta property=\"og:locale\" content=\"sv_SE\" \/>\n<meta property=\"og:type\" content=\"article\" \/>\n<meta property=\"og:title\" content=\"Personalized Refillable Leather daybook| FredFloris\" \/>\n<meta property=\"og:description\" content=\"Experience a luxury handmade leather daybook. Made using the finest Italian vegetable-tanned full-grain leather. Refillable leather daybook\" \/>\n<meta property=\"og:url\" content=\"https:\/\/fredfloris.eu\/sv\/productpage\/a5-daybook\/?wmc-currency=SEK\" \/>\n<meta property=\"og:site_name\" content=\"FredFloris\" \/>\n<meta property=\"article:publisher\" content=\"https:\/\/www.facebook.com\/FredFloris.Artisan.Studio\/\" \/>\n<meta property=\"article:modified_time\" content=\"2024-06-24T19:20:00+00:00\" \/>\n<meta property=\"og:image\" content=\"https:\/\/fredfloris.eu\/wp-content\/uploads\/2022\/11\/IMG_3892-scaled.jpg\" \/>\n\t<meta property=\"og:image:width\" content=\"2560\" \/>\n\t<meta property=\"og:image:height\" content=\"1707\" \/>\n\t<meta property=\"og:image:type\" content=\"image\/jpeg\" \/>\n<meta name=\"twitter:card\" content=\"summary_large_image\" \/>\n<meta name=\"twitter:site\" content=\"@_fredfloris_\" \/>\n<meta name=\"twitter:label1\" content=\"Ber\u00e4knad l\u00e4stid\" \/>\n\t<meta name=\"twitter:data1\" content=\"2 minuter\" \/>\n<script type=\"application\/ld+json\" class=\"yoast-schema-graph\">{\"@context\":\"https:\/\/schema.org\",\"@graph\":[{\"@type\":\"WebPage\",\"@id\":\"https:\/\/fredfloris.eu\/productpage\/a5-daybook\/\",\"url\":\"https:\/\/fredfloris.eu\/productpage\/a5-daybook\/\",\"name\":\"Personalized Refillable Leather daybook| FredFloris\",\"isPartOf\":{\"@id\":\"https:\/\/fredfloris.eu\/#website\"},\"primaryImageOfPage\":{\"@id\":\"https:\/\/fredfloris.eu\/productpage\/a5-daybook\/#primaryimage\"},\"image\":{\"@id\":\"https:\/\/fredfloris.eu\/productpage\/a5-daybook\/#primaryimage\"},\"thumbnailUrl\":\"https:\/\/fredfloris.eu\/wp-content\/uploads\/2022\/11\/IMG_3892-scaled.jpg\",\"datePublished\":\"2022-05-16T15:20:21+00:00\",\"dateModified\":\"2024-06-24T19:20:00+00:00\",\"description\":\"Experience a luxury handmade leather daybook. Made using the finest Italian vegetable-tanned full-grain leather. Refillable leather daybook\",\"breadcrumb\":{\"@id\":\"https:\/\/fredfloris.eu\/productpage\/a5-daybook\/#breadcrumb\"},\"inLanguage\":\"sv-SE\",\"potentialAction\":[{\"@type\":\"ReadAction\",\"target\":[\"https:\/\/fredfloris.eu\/productpage\/a5-daybook\/\"]}]},{\"@type\":\"ImageObject\",\"inLanguage\":\"sv-SE\",\"@id\":\"https:\/\/fredfloris.eu\/productpage\/a5-daybook\/#primaryimage\",\"url\":\"https:\/\/fredfloris.eu\/wp-content\/uploads\/2022\/11\/IMG_3892-scaled.jpg\",\"contentUrl\":\"https:\/\/fredfloris.eu\/wp-content\/uploads\/2022\/11\/IMG_3892-scaled.jpg\",\"width\":2560,\"height\":1707,\"caption\":\"Product: Dickens, Shelley or Keats - A5 Journals, Interior, Colour: Black, Dark Cognac, Corner Protectors: Solid Brass\"},{\"@type\":\"BreadcrumbList\",\"@id\":\"https:\/\/fredfloris.eu\/productpage\/a5-daybook\/#breadcrumb\",\"itemListElement\":[{\"@type\":\"ListItem\",\"position\":1,\"name\":\"Home\",\"item\":\"https:\/\/fredfloris.eu\/\"},{\"@type\":\"ListItem\",\"position\":2,\"name\":\"Shop\",\"item\":\"https:\/\/fredfloris.eu\/shop\/\"},{\"@type\":\"ListItem\",\"position\":3,\"name\":\"Dickens, Shelley or Keats &#8211; A5 Leather Daybook Covers\"}]},{\"@type\":\"WebSite\",\"@id\":\"https:\/\/fredfloris.eu\/#website\",\"url\":\"https:\/\/fredfloris.eu\/\",\"name\":\"FredFloris\",\"description\":\"Handcrafted Leathergoods - Made in Sweden\",\"publisher\":{\"@id\":\"https:\/\/fredfloris.eu\/#organization\"},\"potentialAction\":[{\"@type\":\"SearchAction\",\"target\":{\"@type\":\"EntryPoint\",\"urlTemplate\":\"https:\/\/fredfloris.eu\/?s={search_term_string}\"},\"query-input\":{\"@type\":\"PropertyValueSpecification\",\"valueRequired\":true,\"valueName\":\"search_term_string\"}}],\"inLanguage\":\"sv-SE\"},{\"@type\":\"Organization\",\"@id\":\"https:\/\/fredfloris.eu\/#organization\",\"name\":\"FredFloris\",\"url\":\"https:\/\/fredfloris.eu\/\",\"logo\":{\"@type\":\"ImageObject\",\"inLanguage\":\"sv-SE\",\"@id\":\"https:\/\/fredfloris.eu\/#\/schema\/logo\/image\/\",\"url\":\"https:\/\/fredfloris.eu\/wp-content\/uploads\/2022\/03\/FredFloris-med-hel-nal-och-text.png\",\"contentUrl\":\"https:\/\/fredfloris.eu\/wp-content\/uploads\/2022\/03\/FredFloris-med-hel-nal-och-text.png\",\"width\":591,\"height\":283,\"caption\":\"FredFloris\"},\"image\":{\"@id\":\"https:\/\/fredfloris.eu\/#\/schema\/logo\/image\/\"},\"sameAs\":[\"https:\/\/www.facebook.com\/FredFloris.Artisan.Studio\/\",\"https:\/\/x.com\/_fredfloris_\",\"https:\/\/www.instagram.com\/fredfloris.artisan.studio\/\"]}]}<\/script>\n<!-- \/ Yoast SEO plugin. -->","yoast_head_json":{"title":"Personlig p\u00e5fyllningsbar dagbok i l\u00e4der - FredFloris","description":"Upplev en lyxig handgjord dagbok i l\u00e4der. Tillverkad av det finaste italienska vegetabiliskt garvade fullnarvsl\u00e4dret. P\u00e5fyllningsbar dagbok i l\u00e4der","robots":{"index":"index","follow":"follow","max-snippet":"max-snippet:-1","max-image-preview":"max-image-preview:large","max-video-preview":"max-video-preview:-1"},"canonical":"https:\/\/fredfloris.eu\/sv\/productpage\/a5-daybook\/?wmc-currency=SEK","og_locale":"sv_SE","og_type":"article","og_title":"Personalized Refillable Leather daybook| FredFloris","og_description":"Experience a luxury handmade leather daybook. Made using the finest Italian vegetable-tanned full-grain leather. Refillable leather daybook","og_url":"https:\/\/fredfloris.eu\/sv\/productpage\/a5-daybook\/?wmc-currency=SEK","og_site_name":"FredFloris","article_publisher":"https:\/\/www.facebook.com\/FredFloris.Artisan.Studio\/","article_modified_time":"2024-06-24T19:20:00+00:00","og_image":[{"width":2560,"height":1707,"url":"https:\/\/fredfloris.eu\/wp-content\/uploads\/2022\/11\/IMG_3892-scaled.jpg","type":"image\/jpeg"}],"twitter_card":"summary_large_image","twitter_site":"@_fredfloris_","twitter_misc":{"Ber\u00e4knad l\u00e4stid":"2 minuter"},"schema":{"@context":"https:\/\/schema.org","@graph":[{"@type":"WebPage","@id":"https:\/\/fredfloris.eu\/productpage\/a5-daybook\/","url":"https:\/\/fredfloris.eu\/productpage\/a5-daybook\/","name":"Personlig p\u00e5fyllningsbar dagbok i l\u00e4der - FredFloris","isPartOf":{"@id":"https:\/\/fredfloris.eu\/#website"},"primaryImageOfPage":{"@id":"https:\/\/fredfloris.eu\/productpage\/a5-daybook\/#primaryimage"},"image":{"@id":"https:\/\/fredfloris.eu\/productpage\/a5-daybook\/#primaryimage"},"thumbnailUrl":"https:\/\/fredfloris.eu\/wp-content\/uploads\/2022\/11\/IMG_3892-scaled.jpg","datePublished":"2022-05-16T15:20:21+00:00","dateModified":"2024-06-24T19:20:00+00:00","description":"Upplev en lyxig handgjord dagbok i l\u00e4der. Tillverkad av det finaste italienska vegetabiliskt garvade fullnarvsl\u00e4dret. P\u00e5fyllningsbar dagbok i l\u00e4der","breadcrumb":{"@id":"https:\/\/fredfloris.eu\/productpage\/a5-daybook\/#breadcrumb"},"inLanguage":"sv-SE","potentialAction":[{"@type":"ReadAction","target":["https:\/\/fredfloris.eu\/productpage\/a5-daybook\/"]}]},{"@type":"ImageObject","inLanguage":"sv-SE","@id":"https:\/\/fredfloris.eu\/productpage\/a5-daybook\/#primaryimage","url":"https:\/\/fredfloris.eu\/wp-content\/uploads\/2022\/11\/IMG_3892-scaled.jpg","contentUrl":"https:\/\/fredfloris.eu\/wp-content\/uploads\/2022\/11\/IMG_3892-scaled.jpg","width":2560,"height":1707,"caption":"Product: Dickens, Shelley or Keats - A5 Journals, Interior, Colour: Black, Dark Cognac, Corner Protectors: Solid Brass"},{"@type":"BreadcrumbList","@id":"https:\/\/fredfloris.eu\/productpage\/a5-daybook\/#breadcrumb","itemListElement":[{"@type":"ListItem","position":1,"name":"Home","item":"https:\/\/fredfloris.eu\/"},{"@type":"ListItem","position":2,"name":"Shop","item":"https:\/\/fredfloris.eu\/shop\/"},{"@type":"ListItem","position":3,"name":"Dickens, Shelley or Keats &#8211; A5 Leather Daybook Covers"}]},{"@type":"WebSite","@id":"https:\/\/fredfloris.eu\/#website","url":"https:\/\/fredfloris.eu\/","name":"FredFloris","description":"Handgjorda l\u00e4dervaror - tillverkade i Sverige","publisher":{"@id":"https:\/\/fredfloris.eu\/#organization"},"potentialAction":[{"@type":"SearchAction","target":{"@type":"EntryPoint","urlTemplate":"https:\/\/fredfloris.eu\/?s={search_term_string}"},"query-input":{"@type":"PropertyValueSpecification","valueRequired":true,"valueName":"search_term_string"}}],"inLanguage":"sv-SE"},{"@type":"Organization","@id":"https:\/\/fredfloris.eu\/#organization","name":"FredFloris","url":"https:\/\/fredfloris.eu\/","logo":{"@type":"ImageObject","inLanguage":"sv-SE","@id":"https:\/\/fredfloris.eu\/#\/schema\/logo\/image\/","url":"https:\/\/fredfloris.eu\/wp-content\/uploads\/2022\/03\/FredFloris-med-hel-nal-och-text.png","contentUrl":"https:\/\/fredfloris.eu\/wp-content\/uploads\/2022\/03\/FredFloris-med-hel-nal-och-text.png","width":591,"height":283,"caption":"FredFloris"},"image":{"@id":"https:\/\/fredfloris.eu\/#\/schema\/logo\/image\/"},"sameAs":["https:\/\/www.facebook.com\/FredFloris.Artisan.Studio\/","https:\/\/x.com\/_fredfloris_","https:\/\/www.instagram.com\/fredfloris.artisan.studio\/"]}]}},"brands":[{"id":203,"name":"FredFloris","slug":"fredfloris"}],"_links":{"self":[{"href":"https:\/\/fredfloris.eu\/sv\/wp-json\/wp\/v2\/product\/5148","targetHints":{"allow":["GET"]}}],"collection":[{"href":"https:\/\/fredfloris.eu\/sv\/wp-json\/wp\/v2\/product"}],"about":[{"href":"https:\/\/fredfloris.eu\/sv\/wp-json\/wp\/v2\/types\/product"}],"version-history":[{"count":14,"href":"https:\/\/fredfloris.eu\/sv\/wp-json\/wp\/v2\/product\/5148\/revisions"}],"predecessor-version":[{"id":11548,"href":"https:\/\/fredfloris.eu\/sv\/wp-json\/wp\/v2\/product\/5148\/revisions\/11548"}],"wp:featuredmedia":[{"embeddable":true,"href":"https:\/\/fredfloris.eu\/sv\/wp-json\/wp\/v2\/media\/10226"}],"wp:attachment":[{"href":"https:\/\/fredfloris.eu\/sv\/wp-json\/wp\/v2\/media?parent=5148"}],"wp:term":[{"taxonomy":"pwb-brand","embeddable":true,"href":"https:\/\/fredfloris.eu\/sv\/wp-json\/wp\/v2\/pwb-brand?post=5148"},{"taxonomy":"product_brand","embeddable":true,"href":"https:\/\/fredfloris.eu\/sv\/wp-json\/wp\/v2\/product_brand?post=5148"},{"taxonomy":"product_cat","embeddable":true,"href":"https:\/\/fredfloris.eu\/sv\/wp-json\/wp\/v2\/product_cat?post=5148"},{"taxonomy":"product_tag","embeddable":true,"href":"https:\/\/fredfloris.eu\/sv\/wp-json\/wp\/v2\/product_tag?post=5148"},{"taxonomy":"woo-feed-brand","embeddable":true,"href":"https:\/\/fredfloris.eu\/sv\/wp-json\/wp\/v2\/woo-feed-brand?post=5148"}],"curies":[{"name":"wp","href":"https:\/\/api.w.org\/{rel}","templated":true}]}}