{"id":5185,"date":"2022-05-16T19:18:45","date_gmt":"2022-05-16T17:18:45","guid":{"rendered":"https:\/\/fredfloris.eu\/?post_type=product&#038;p=5185"},"modified":"2024-06-24T21:08:18","modified_gmt":"2024-06-24T19:08:18","slug":"ws-pocket-card-wallets","status":"publish","type":"product","link":"https:\/\/fredfloris.eu\/sv\/productpage\/ws-pocket-card-wallets\/","title":{"rendered":"Wayfaring Stranger - Kortpl\u00e5nb\u00f6cker"},"content":{"rendered":"<p><strong>Personlig anpassning:<\/strong> L\u00e4gg till ett namn, en bild eller ett meddelande utan extra kostnad. F\u00f6r att anpassa med din egen design, l\u00e4gg bara till b\u00e5de produkten och din valda design i din korg.<\/p>\n<p><a class=\"lumise-customize-button button alt\" href=\"https:\/\/fredfloris.eu\/sv\/productpage\/customize-wayfaring-stranger-pocket-card-wallets\/?wmc-currency=SEK\" name=\"customize\">Anpassa<\/a><\/p>\n<p><strong>Uppt\u00e4ck Wayfaring Stranger, en pl\u00e5nbok utformad f\u00f6r den dynamiska individen.<\/strong> Den h\u00e4r pl\u00e5nboken rymmer bekv\u00e4mt upp till 10 kort och vikta sedlar, vilket g\u00f6r den perfekt f\u00f6r dig som alltid \u00e4r p\u00e5 resande fot. Den har en praktisk flik f\u00f6r snabb \u00e5tkomst till dina viktigaste saker och \u00e4r utformad med effektivitet i \u00e5tanke. Med tiden kommer det vegetabiliskt garvade fullnarvsl\u00e4dret att utvecklas fr\u00e5n en enkel accessoar till en v\u00e4lbekant v\u00e4n, som berikar sin karakt\u00e4r med varje anv\u00e4ndning.<\/p>\n<p><strong>Produktspecifikationer:<\/strong><\/p>\n<ul>\n<li><strong>Tillverkas helt f\u00f6r hand i v\u00e5r familje\u00e4gda l\u00e4deratelj\u00e9<\/strong><\/li>\n<li><strong>Kapacitet:<\/strong> Rymmer \u00f6ver 10 kort plus vikta sedlar<\/li>\n<li><strong>L\u00e4tt\u00e5tkomlig design:<\/strong> Flikfunktion f\u00f6r enkel \u00e5tkomst till kort<\/li>\n<li><strong>Alternativ f\u00f6r personlig anpassning:<\/strong> Tillg\u00e4nglig med egen namngravyr<\/li>\n<li><strong>F\u00e4rger:<\/strong> V\u00e4lj mellan M\u00f6rk Cognac, M\u00f6rkgul, Bl\u00e5gr\u00f6n<\/li>\n<li><strong>Material:<\/strong> Fullnarvsl\u00e4der, vegetabiliskt garvat i Italien enligt det gamla toskanska Vacchetta-receptet<\/li>\n<li><strong>S\u00f6mnad:<\/strong> Traditionell sadelmakars\u00f6m, sydd f\u00f6r hand<\/li>\n<li><strong>Tr\u00e5d:<\/strong> Tiger Ritza 25, k\u00e4nd f\u00f6r sin styrka och kvalitet<\/li>\n<li><strong>M\u00e5tt:<\/strong> Bredd: ~75 mm, h\u00f6jd: ~110 mm i st\u00e4ngt l\u00e4ge<\/li>\n<li><strong>S\u00e4kerhetsfunktion:<\/strong> Inkluderar ett gratis <a href=\"https:\/\/fredfloris.eu\/sv\/productpage\/nfc-card-rfid-blocking\/?wmc-currency=SEK\" rel=\"noopener\">Anti-skimming-kort<\/a><\/li>\n<\/ul>","protected":false},"excerpt":{"rendered":"<p>L\u00e4dret till den h\u00e4r smala l\u00e4derpl\u00e5nboken kommer fr\u00e5n det italienska garveriet Badalassi Carlo, som ing\u00e5r i det internationellt erk\u00e4nda Pelle Conciata al Vegetale-konsortiet.<\/p>\n<pre><\/pre>\n<p>Pl\u00e5nboken \u00e4r tillverkad av vegetabiliskt garvat fullnarvsl\u00e4der, delarna \u00e4r skurna fr\u00e5n skinnet och de tre delarna \u00e4r sydda med h\u00f6gkvalitativ vaxad polyestertr\u00e5d med en traditionell sadelmakars\u00f6mteknik. Denna s\u00f6mnadsmetod s\u00e4kerst\u00e4ller pl\u00e5nbokens h\u00e5llbarhet, s\u00e4rskilt under kraftiga p\u00e5frestningar. Kanterna rundas, slipas och f\u00e4rgas sedan f\u00f6r hand med flera lager kantf\u00e4rg. Kanten m\u00e5las med stor precision f\u00f6r att s\u00e4kerst\u00e4lla att l\u00e4drets \u00e5dring bevaras.<\/p>","protected":false},"featured_media":3329,"template":"","meta":[],"pwb-brand":[203],"product_brand":[],"product_cat":[100,104],"product_tag":[123,136,105],"woo-feed-brand":[],"class_list":{"0":"post-5185","1":"product","2":"type-product","3":"status-publish","4":"has-post-thumbnail","6":"pwb-brand-fredfloris","7":"product_cat-leathergoods","8":"product_cat-wallets","9":"product_tag-full-grain-leather","10":"product_tag-handmade","11":"product_tag-made-to-order","12":"product_shipping_class-small-goods","13":"pa_leather-colour-petrol-waxed","14":"pa_leather-colour-dark-cognac-waxed","15":"pa_leather-colour-mustard-waxed","17":"first","18":"instock","19":"taxable","20":"shipping-taxable","21":"purchasable","22":"product-type-variable","23":"has-default-attributes"},"yoast_head":"<!-- This site is optimized with the Yoast SEO plugin v27.2 - https:\/\/yoast.com\/product\/yoast-seo-wordpress\/ -->\n<title>Slim Leather Credit Card Wallet, Handmade in Sweden | FredFloris<\/title>\n<meta name=\"description\" content=\"Our small leather wallet is created from premium materials and is 100% handmade. Free RFID card with every slim leather credit card wallet\" \/>\n<meta name=\"robots\" content=\"index, follow, max-snippet:-1, max-image-preview:large, max-video-preview:-1\" \/>\n<link rel=\"canonical\" href=\"https:\/\/fredfloris.eu\/sv\/productpage\/ws-pocket-card-wallets\/?wmc-currency=SEK\" \/>\n<meta property=\"og:locale\" content=\"sv_SE\" \/>\n<meta property=\"og:type\" content=\"article\" \/>\n<meta property=\"og:title\" content=\"Slim Leather Credit Card Wallet, Handmade in Sweden | FredFloris\" \/>\n<meta property=\"og:description\" content=\"Our small leather wallet is created from premium materials and is 100% handmade. Free RFID card with every slim leather credit card wallet\" \/>\n<meta property=\"og:url\" content=\"https:\/\/fredfloris.eu\/sv\/productpage\/ws-pocket-card-wallets\/?wmc-currency=SEK\" \/>\n<meta property=\"og:site_name\" content=\"FredFloris\" \/>\n<meta property=\"article:publisher\" content=\"https:\/\/www.facebook.com\/FredFloris.Artisan.Studio\/\" \/>\n<meta property=\"article:modified_time\" content=\"2024-06-24T19:08:18+00:00\" \/>\n<meta property=\"og:image\" content=\"https:\/\/fredfloris.eu\/wp-content\/uploads\/2022\/04\/IMG_1635-scaled.jpg\" \/>\n\t<meta property=\"og:image:width\" content=\"2560\" \/>\n\t<meta property=\"og:image:height\" content=\"1707\" \/>\n\t<meta property=\"og:image:type\" content=\"image\/jpeg\" \/>\n<meta name=\"twitter:card\" content=\"summary_large_image\" \/>\n<meta name=\"twitter:site\" content=\"@_fredfloris_\" \/>\n<meta name=\"twitter:label1\" content=\"Ber\u00e4knad l\u00e4stid\" \/>\n\t<meta name=\"twitter:data1\" content=\"2 minuter\" \/>\n<script type=\"application\/ld+json\" class=\"yoast-schema-graph\">{\"@context\":\"https:\/\/schema.org\",\"@graph\":[{\"@type\":\"WebPage\",\"@id\":\"https:\/\/fredfloris.eu\/productpage\/ws-pocket-card-wallets\/\",\"url\":\"https:\/\/fredfloris.eu\/productpage\/ws-pocket-card-wallets\/\",\"name\":\"Slim Leather Credit Card Wallet, Handmade in Sweden | FredFloris\",\"isPartOf\":{\"@id\":\"https:\/\/fredfloris.eu\/#website\"},\"primaryImageOfPage\":{\"@id\":\"https:\/\/fredfloris.eu\/productpage\/ws-pocket-card-wallets\/#primaryimage\"},\"image\":{\"@id\":\"https:\/\/fredfloris.eu\/productpage\/ws-pocket-card-wallets\/#primaryimage\"},\"thumbnailUrl\":\"https:\/\/fredfloris.eu\/wp-content\/uploads\/2022\/04\/IMG_1635-scaled.jpg\",\"datePublished\":\"2022-05-16T17:18:45+00:00\",\"dateModified\":\"2024-06-24T19:08:18+00:00\",\"description\":\"Our small leather wallet is created from premium materials and is 100% handmade. Free RFID card with every slim leather credit card wallet\",\"breadcrumb\":{\"@id\":\"https:\/\/fredfloris.eu\/productpage\/ws-pocket-card-wallets\/#breadcrumb\"},\"inLanguage\":\"sv-SE\",\"potentialAction\":[{\"@type\":\"ReadAction\",\"target\":[\"https:\/\/fredfloris.eu\/productpage\/ws-pocket-card-wallets\/\"]}]},{\"@type\":\"ImageObject\",\"inLanguage\":\"sv-SE\",\"@id\":\"https:\/\/fredfloris.eu\/productpage\/ws-pocket-card-wallets\/#primaryimage\",\"url\":\"https:\/\/fredfloris.eu\/wp-content\/uploads\/2022\/04\/IMG_1635-scaled.jpg\",\"contentUrl\":\"https:\/\/fredfloris.eu\/wp-content\/uploads\/2022\/04\/IMG_1635-scaled.jpg\",\"width\":2560,\"height\":1707,\"caption\":\"Product: Wayfaring Stranger - Pocket Card Wallets \u2013 Colour: Dark Yellow, Dark Cognac and Blue-Green, Thread Colour: Black\"},{\"@type\":\"BreadcrumbList\",\"@id\":\"https:\/\/fredfloris.eu\/productpage\/ws-pocket-card-wallets\/#breadcrumb\",\"itemListElement\":[{\"@type\":\"ListItem\",\"position\":1,\"name\":\"Home\",\"item\":\"https:\/\/fredfloris.eu\/\"},{\"@type\":\"ListItem\",\"position\":2,\"name\":\"Shop\",\"item\":\"https:\/\/fredfloris.eu\/shop\/\"},{\"@type\":\"ListItem\",\"position\":3,\"name\":\"Wayfaring Stranger &#8211; Card Wallets\"}]},{\"@type\":\"WebSite\",\"@id\":\"https:\/\/fredfloris.eu\/#website\",\"url\":\"https:\/\/fredfloris.eu\/\",\"name\":\"FredFloris\",\"description\":\"Handcrafted Leathergoods - Made in Sweden\",\"publisher\":{\"@id\":\"https:\/\/fredfloris.eu\/#organization\"},\"potentialAction\":[{\"@type\":\"SearchAction\",\"target\":{\"@type\":\"EntryPoint\",\"urlTemplate\":\"https:\/\/fredfloris.eu\/?s={search_term_string}\"},\"query-input\":{\"@type\":\"PropertyValueSpecification\",\"valueRequired\":true,\"valueName\":\"search_term_string\"}}],\"inLanguage\":\"sv-SE\"},{\"@type\":\"Organization\",\"@id\":\"https:\/\/fredfloris.eu\/#organization\",\"name\":\"FredFloris\",\"url\":\"https:\/\/fredfloris.eu\/\",\"logo\":{\"@type\":\"ImageObject\",\"inLanguage\":\"sv-SE\",\"@id\":\"https:\/\/fredfloris.eu\/#\/schema\/logo\/image\/\",\"url\":\"https:\/\/fredfloris.eu\/wp-content\/uploads\/2022\/03\/FredFloris-med-hel-nal-och-text.png\",\"contentUrl\":\"https:\/\/fredfloris.eu\/wp-content\/uploads\/2022\/03\/FredFloris-med-hel-nal-och-text.png\",\"width\":591,\"height\":283,\"caption\":\"FredFloris\"},\"image\":{\"@id\":\"https:\/\/fredfloris.eu\/#\/schema\/logo\/image\/\"},\"sameAs\":[\"https:\/\/www.facebook.com\/FredFloris.Artisan.Studio\/\",\"https:\/\/x.com\/_fredfloris_\",\"https:\/\/www.instagram.com\/fredfloris.artisan.studio\/\"]}]}<\/script>\n<!-- \/ Yoast SEO plugin. -->","yoast_head_json":{"title":"Kreditkortspl\u00e5nbok i l\u00e4der, handgjord i Sverige | FredFloris","description":"V\u00e5r lilla l\u00e4derpl\u00e5nbok \u00e4r tillverkad av premiummaterial och \u00e4r 100% handgjord. Gratis RFID-kort med varje tunn kreditkortspl\u00e5nbok i l\u00e4der","robots":{"index":"index","follow":"follow","max-snippet":"max-snippet:-1","max-image-preview":"max-image-preview:large","max-video-preview":"max-video-preview:-1"},"canonical":"https:\/\/fredfloris.eu\/sv\/productpage\/ws-pocket-card-wallets\/?wmc-currency=SEK","og_locale":"sv_SE","og_type":"article","og_title":"Slim Leather Credit Card Wallet, Handmade in Sweden | FredFloris","og_description":"Our small leather wallet is created from premium materials and is 100% handmade. Free RFID card with every slim leather credit card wallet","og_url":"https:\/\/fredfloris.eu\/sv\/productpage\/ws-pocket-card-wallets\/?wmc-currency=SEK","og_site_name":"FredFloris","article_publisher":"https:\/\/www.facebook.com\/FredFloris.Artisan.Studio\/","article_modified_time":"2024-06-24T19:08:18+00:00","og_image":[{"width":2560,"height":1707,"url":"https:\/\/fredfloris.eu\/wp-content\/uploads\/2022\/04\/IMG_1635-scaled.jpg","type":"image\/jpeg"}],"twitter_card":"summary_large_image","twitter_site":"@_fredfloris_","twitter_misc":{"Ber\u00e4knad l\u00e4stid":"2 minuter"},"schema":{"@context":"https:\/\/schema.org","@graph":[{"@type":"WebPage","@id":"https:\/\/fredfloris.eu\/productpage\/ws-pocket-card-wallets\/","url":"https:\/\/fredfloris.eu\/productpage\/ws-pocket-card-wallets\/","name":"Kreditkortspl\u00e5nbok i l\u00e4der, handgjord i Sverige | FredFloris","isPartOf":{"@id":"https:\/\/fredfloris.eu\/#website"},"primaryImageOfPage":{"@id":"https:\/\/fredfloris.eu\/productpage\/ws-pocket-card-wallets\/#primaryimage"},"image":{"@id":"https:\/\/fredfloris.eu\/productpage\/ws-pocket-card-wallets\/#primaryimage"},"thumbnailUrl":"https:\/\/fredfloris.eu\/wp-content\/uploads\/2022\/04\/IMG_1635-scaled.jpg","datePublished":"2022-05-16T17:18:45+00:00","dateModified":"2024-06-24T19:08:18+00:00","description":"V\u00e5r lilla l\u00e4derpl\u00e5nbok \u00e4r tillverkad av premiummaterial och \u00e4r 100% handgjord. Gratis RFID-kort med varje tunn kreditkortspl\u00e5nbok i l\u00e4der","breadcrumb":{"@id":"https:\/\/fredfloris.eu\/productpage\/ws-pocket-card-wallets\/#breadcrumb"},"inLanguage":"sv-SE","potentialAction":[{"@type":"ReadAction","target":["https:\/\/fredfloris.eu\/productpage\/ws-pocket-card-wallets\/"]}]},{"@type":"ImageObject","inLanguage":"sv-SE","@id":"https:\/\/fredfloris.eu\/productpage\/ws-pocket-card-wallets\/#primaryimage","url":"https:\/\/fredfloris.eu\/wp-content\/uploads\/2022\/04\/IMG_1635-scaled.jpg","contentUrl":"https:\/\/fredfloris.eu\/wp-content\/uploads\/2022\/04\/IMG_1635-scaled.jpg","width":2560,"height":1707,"caption":"Product: Wayfaring Stranger - Pocket Card Wallets \u2013 Colour: Dark Yellow, Dark Cognac and Blue-Green, Thread Colour: Black"},{"@type":"BreadcrumbList","@id":"https:\/\/fredfloris.eu\/productpage\/ws-pocket-card-wallets\/#breadcrumb","itemListElement":[{"@type":"ListItem","position":1,"name":"Home","item":"https:\/\/fredfloris.eu\/"},{"@type":"ListItem","position":2,"name":"Shop","item":"https:\/\/fredfloris.eu\/shop\/"},{"@type":"ListItem","position":3,"name":"Wayfaring Stranger &#8211; Card Wallets"}]},{"@type":"WebSite","@id":"https:\/\/fredfloris.eu\/#website","url":"https:\/\/fredfloris.eu\/","name":"FredFloris","description":"Handgjorda l\u00e4dervaror - tillverkade i Sverige","publisher":{"@id":"https:\/\/fredfloris.eu\/#organization"},"potentialAction":[{"@type":"SearchAction","target":{"@type":"EntryPoint","urlTemplate":"https:\/\/fredfloris.eu\/?s={search_term_string}"},"query-input":{"@type":"PropertyValueSpecification","valueRequired":true,"valueName":"search_term_string"}}],"inLanguage":"sv-SE"},{"@type":"Organization","@id":"https:\/\/fredfloris.eu\/#organization","name":"FredFloris","url":"https:\/\/fredfloris.eu\/","logo":{"@type":"ImageObject","inLanguage":"sv-SE","@id":"https:\/\/fredfloris.eu\/#\/schema\/logo\/image\/","url":"https:\/\/fredfloris.eu\/wp-content\/uploads\/2022\/03\/FredFloris-med-hel-nal-och-text.png","contentUrl":"https:\/\/fredfloris.eu\/wp-content\/uploads\/2022\/03\/FredFloris-med-hel-nal-och-text.png","width":591,"height":283,"caption":"FredFloris"},"image":{"@id":"https:\/\/fredfloris.eu\/#\/schema\/logo\/image\/"},"sameAs":["https:\/\/www.facebook.com\/FredFloris.Artisan.Studio\/","https:\/\/x.com\/_fredfloris_","https:\/\/www.instagram.com\/fredfloris.artisan.studio\/"]}]}},"brands":[{"id":203,"name":"FredFloris","slug":"fredfloris"}],"_links":{"self":[{"href":"https:\/\/fredfloris.eu\/sv\/wp-json\/wp\/v2\/product\/5185","targetHints":{"allow":["GET"]}}],"collection":[{"href":"https:\/\/fredfloris.eu\/sv\/wp-json\/wp\/v2\/product"}],"about":[{"href":"https:\/\/fredfloris.eu\/sv\/wp-json\/wp\/v2\/types\/product"}],"version-history":[{"count":14,"href":"https:\/\/fredfloris.eu\/sv\/wp-json\/wp\/v2\/product\/5185\/revisions"}],"predecessor-version":[{"id":11542,"href":"https:\/\/fredfloris.eu\/sv\/wp-json\/wp\/v2\/product\/5185\/revisions\/11542"}],"wp:featuredmedia":[{"embeddable":true,"href":"https:\/\/fredfloris.eu\/sv\/wp-json\/wp\/v2\/media\/3329"}],"wp:attachment":[{"href":"https:\/\/fredfloris.eu\/sv\/wp-json\/wp\/v2\/media?parent=5185"}],"wp:term":[{"taxonomy":"pwb-brand","embeddable":true,"href":"https:\/\/fredfloris.eu\/sv\/wp-json\/wp\/v2\/pwb-brand?post=5185"},{"taxonomy":"product_brand","embeddable":true,"href":"https:\/\/fredfloris.eu\/sv\/wp-json\/wp\/v2\/product_brand?post=5185"},{"taxonomy":"product_cat","embeddable":true,"href":"https:\/\/fredfloris.eu\/sv\/wp-json\/wp\/v2\/product_cat?post=5185"},{"taxonomy":"product_tag","embeddable":true,"href":"https:\/\/fredfloris.eu\/sv\/wp-json\/wp\/v2\/product_tag?post=5185"},{"taxonomy":"woo-feed-brand","embeddable":true,"href":"https:\/\/fredfloris.eu\/sv\/wp-json\/wp\/v2\/woo-feed-brand?post=5185"}],"curies":[{"name":"wp","href":"https:\/\/api.w.org\/{rel}","templated":true}]}}