{"id":5221,"date":"2022-05-16T21:05:04","date_gmt":"2022-05-16T19:05:04","guid":{"rendered":"https:\/\/fredfloris.eu\/?post_type=product&#038;p=5221"},"modified":"2024-06-24T20:59:16","modified_gmt":"2024-06-24T18:59:16","slug":"aspeland-movement-cufflinks","status":"publish","type":"product","link":"https:\/\/fredfloris.eu\/sv\/productpage\/aspeland-movement-cufflinks\/","title":{"rendered":"Aspeland - Manschettknappar med Urverk"},"content":{"rendered":"<p><strong>Fira fusionen av urverk, steampunk och industrimaskiner med v\u00e5ra uts\u00f6kta manschettknappar.<\/strong> Dessa manschettknappar har f\u00e5ngats i ett \u00f6gonblick av stillhet, som p\u00e5minner om den industriella revolutionen. Medan \u00e5ngans era har passerat, kvarst\u00e5r charmen hos dessa mekanismer. Tillverkade av delar av vintage urverk, de eleganta silvertonerna injicerar b\u00e5de intriger och k\u00e4nsla i din formella kl\u00e4dsel. Denna blandning av historisk betydelse, hantverksskicklighet och klassiska urverkselement skapar en verkligt tidl\u00f6s accessoar.<\/p>\n<p>Dessa manschettknappar \u00e4r idealiska f\u00f6r att uttrycka individualitet p\u00e5 arbetsplatsen och l\u00e5ter dig visa upp din unika stil samtidigt som du beh\u00e5ller din professionalism. B\u00e5de kollegor och kunder kommer att uppskatta den subtila integreringen av personlighet i din ensemble.<\/p>\n<p><strong>Sofistikerad och elegant,<\/strong> dessa manschettknappar \u00e4r perfekta f\u00f6r br\u00f6llop, s\u00e4rskilt f\u00f6r dem som beundrar Steampunk-estetiken men vill vara diskreta.<\/p>\n<p><strong>Basmaterial:<\/strong> Basen i rostfritt st\u00e5l \u00e4r nickelfri och allergiv\u00e4nlig, vilket garanterar komfort och f\u00f6rhindrar hudirritation.<\/p>\n<p><strong>Vintage urverk:<\/strong> Dessa manschettknappar \u00e4r tillverkade av icke-funktionella vintage Zaria-klockverk, ursprungligen fr\u00e5n Ukraina, och erbjuder ett stycke historia p\u00e5 din \u00e4rm.<\/p>\n<p><strong>Perfekt f\u00f6r g\u00e5vor:<\/strong> Dessa manschettknappar \u00e4r perfekta f\u00f6r f\u00f6delsedagar, \u00e5rsdagar, fars dag eller som en omt\u00e4nksam g\u00e5va f\u00f6r alla speciella tillf\u00e4llen och tilltalar alla som uppskattar konstn\u00e4rskap och diskret stil.<\/p>\n<p><strong>Slitstark design:<\/strong> V\u00e5ra manschettknappar \u00e4r konstruerade f\u00f6r att s\u00e4kert f\u00e4sta \u00e4rmmanschetter p\u00e5 plats och \u00e4r inte bara snygga utan ocks\u00e5 p\u00e5litliga. Den hypoallergena, nickelfria basen i rostfritt st\u00e5l garanterar h\u00e5llbarhet och komfort.<\/p>\n<p>&nbsp;<\/p>\n<p>S\u00f6kord: Manschettknappar urverk, Manschettknappar urverk mekanism<\/p>","protected":false},"excerpt":{"rendered":"<p><strong>PRODUKTDIMENSIONER <\/strong>Produktvikt: 20 g, Manschettknappens diameter: 20 mm.<\/p>\n<pre><\/pre>\n<p>SKU: asp\/cuf\/ste\/wat<br \/>\nVarum\u00e4rke: FredFloris &amp; Partner<\/p>\n<pre><\/pre>\n<p><strong>Uppt\u00e4ck den historiska elegansen hos v\u00e5ra manschettknappar tillverkade med vintage Zaria Clockwork.<\/strong> Dessa manschettknappar \u00e4r inte bara en accessoar till din formella kl\u00e4dsel utan b\u00e4r ocks\u00e5 p\u00e5 en del av den viktiga horologiska historien.<\/p>\n<p>&nbsp;<\/p>\n<p><strong>Historisk bakgrund:<\/strong> Zaria-klockverket har sitt ursprung i den industriella eran i Sovjetunionen f\u00f6re andra v\u00e4rldskriget. Ursprungligen drevs Penza Watch Factory av den franska klocktillverkaren LIP, som 1936 hamnade i ekonomiska sv\u00e5righeter. \u00c5r 1940 omorganiserades fabriken under den sovjetiska regimen till Penza Third State Watch Factory, med fokus p\u00e5 produktion av sm\u00e5 damurverk och verktyg f\u00f6r klocktillverkning. Under andra v\u00e4rldskriget f\u00f6r\u00e4ndrades fabrikens roll dramatiskt till att st\u00f6dja milit\u00e4ra insatser genom att tillverka granatkastare, mins\u00e4kringar och annan viktig milit\u00e4r utrustning. Det var inte f\u00f6rr\u00e4n efter andra v\u00e4rldskriget, 1945, som fabriken \u00e5terupptog produktionen av civila varor, i synnerhet klockor. \u00c5r 1949 tillverkade man uteslutande damkalibrar under klockm\u00e4rket Zaria. Idag representerar Zaria ett rikt arv som omfattar flera varum\u00e4rken som Junost, Kometa, Lux och Zvezda, exporterar till \u00f6ver 52 l\u00e4nder \u00f6ver hela v\u00e4rlden och producerar miljontals klockor.<\/p>","protected":false},"featured_media":9768,"template":"","meta":[],"pwb-brand":[204],"product_brand":[],"product_cat":[120,118,101],"product_tag":[136],"woo-feed-brand":[],"class_list":{"0":"post-5221","1":"product","2":"type-product","3":"status-publish","4":"has-post-thumbnail","6":"pwb-brand-fredfloris-partner","7":"product_cat-watch-movement-cufflinks","8":"product_cat-cufflinks","9":"product_cat-jewelry","10":"product_tag-handmade","11":"product_shipping_class-small-goods","13":"first","14":"instock","15":"taxable","16":"shipping-taxable","17":"purchasable","18":"product-type-simple"},"yoast_head":"<!-- This site is optimized with the Yoast SEO plugin v27.2 - https:\/\/yoast.com\/product\/yoast-seo-wordpress\/ -->\n<title>Watch Movement Cufflinks | FredFloris<\/title>\n<meta name=\"description\" content=\"Our watch movement cufflinks feature an elegant silver tone that will compliment all business attire. Watch mechanism cufflinks..\" \/>\n<meta name=\"robots\" content=\"index, follow, max-snippet:-1, max-image-preview:large, max-video-preview:-1\" \/>\n<link rel=\"canonical\" href=\"https:\/\/fredfloris.eu\/sv\/productpage\/aspeland-movement-cufflinks\/?wmc-currency=SEK\" \/>\n<meta property=\"og:locale\" content=\"sv_SE\" \/>\n<meta property=\"og:type\" content=\"article\" \/>\n<meta property=\"og:title\" content=\"Watch Movement Cufflinks | FredFloris\" \/>\n<meta property=\"og:description\" content=\"Our watch movement cufflinks feature an elegant silver tone that will compliment all business attire. Watch mechanism cufflinks..\" \/>\n<meta property=\"og:url\" content=\"https:\/\/fredfloris.eu\/sv\/productpage\/aspeland-movement-cufflinks\/?wmc-currency=SEK\" \/>\n<meta property=\"og:site_name\" content=\"FredFloris\" \/>\n<meta property=\"article:publisher\" content=\"https:\/\/www.facebook.com\/FredFloris.Artisan.Studio\/\" \/>\n<meta property=\"article:modified_time\" content=\"2024-06-24T18:59:16+00:00\" \/>\n<meta property=\"og:image\" content=\"https:\/\/fredfloris.eu\/wp-content\/uploads\/2022\/08\/IMG_3208-scaled.jpg\" \/>\n\t<meta property=\"og:image:width\" content=\"2560\" \/>\n\t<meta property=\"og:image:height\" content=\"1707\" \/>\n\t<meta property=\"og:image:type\" content=\"image\/jpeg\" \/>\n<meta name=\"twitter:card\" content=\"summary_large_image\" \/>\n<meta name=\"twitter:site\" content=\"@_fredfloris_\" \/>\n<meta name=\"twitter:label1\" content=\"Ber\u00e4knad l\u00e4stid\" \/>\n\t<meta name=\"twitter:data1\" content=\"2 minuter\" \/>\n<script type=\"application\/ld+json\" class=\"yoast-schema-graph\">{\"@context\":\"https:\/\/schema.org\",\"@graph\":[{\"@type\":\"WebPage\",\"@id\":\"https:\/\/fredfloris.eu\/productpage\/aspeland-movement-cufflinks\/\",\"url\":\"https:\/\/fredfloris.eu\/productpage\/aspeland-movement-cufflinks\/\",\"name\":\"Watch Movement Cufflinks | FredFloris\",\"isPartOf\":{\"@id\":\"https:\/\/fredfloris.eu\/#website\"},\"primaryImageOfPage\":{\"@id\":\"https:\/\/fredfloris.eu\/productpage\/aspeland-movement-cufflinks\/#primaryimage\"},\"image\":{\"@id\":\"https:\/\/fredfloris.eu\/productpage\/aspeland-movement-cufflinks\/#primaryimage\"},\"thumbnailUrl\":\"https:\/\/fredfloris.eu\/wp-content\/uploads\/2022\/08\/IMG_3208-scaled.jpg\",\"datePublished\":\"2022-05-16T19:05:04+00:00\",\"dateModified\":\"2024-06-24T18:59:16+00:00\",\"description\":\"Our watch movement cufflinks feature an elegant silver tone that will compliment all business attire. Watch mechanism cufflinks..\",\"breadcrumb\":{\"@id\":\"https:\/\/fredfloris.eu\/productpage\/aspeland-movement-cufflinks\/#breadcrumb\"},\"inLanguage\":\"sv-SE\",\"potentialAction\":[{\"@type\":\"ReadAction\",\"target\":[\"https:\/\/fredfloris.eu\/productpage\/aspeland-movement-cufflinks\/\"]}]},{\"@type\":\"ImageObject\",\"inLanguage\":\"sv-SE\",\"@id\":\"https:\/\/fredfloris.eu\/productpage\/aspeland-movement-cufflinks\/#primaryimage\",\"url\":\"https:\/\/fredfloris.eu\/wp-content\/uploads\/2022\/08\/IMG_3208-scaled.jpg\",\"contentUrl\":\"https:\/\/fredfloris.eu\/wp-content\/uploads\/2022\/08\/IMG_3208-scaled.jpg\",\"width\":2560,\"height\":1707,\"caption\":\"Product: Aspeland - Watch Movement Cufflinks \u2013 Stainless Steel\"},{\"@type\":\"BreadcrumbList\",\"@id\":\"https:\/\/fredfloris.eu\/productpage\/aspeland-movement-cufflinks\/#breadcrumb\",\"itemListElement\":[{\"@type\":\"ListItem\",\"position\":1,\"name\":\"Home\",\"item\":\"https:\/\/fredfloris.eu\/\"},{\"@type\":\"ListItem\",\"position\":2,\"name\":\"Shop\",\"item\":\"https:\/\/fredfloris.eu\/shop\/\"},{\"@type\":\"ListItem\",\"position\":3,\"name\":\"Aspeland &#8211; Clockwork Cufflinks\"}]},{\"@type\":\"WebSite\",\"@id\":\"https:\/\/fredfloris.eu\/#website\",\"url\":\"https:\/\/fredfloris.eu\/\",\"name\":\"FredFloris\",\"description\":\"Handcrafted Leathergoods - Made in Sweden\",\"publisher\":{\"@id\":\"https:\/\/fredfloris.eu\/#organization\"},\"potentialAction\":[{\"@type\":\"SearchAction\",\"target\":{\"@type\":\"EntryPoint\",\"urlTemplate\":\"https:\/\/fredfloris.eu\/?s={search_term_string}\"},\"query-input\":{\"@type\":\"PropertyValueSpecification\",\"valueRequired\":true,\"valueName\":\"search_term_string\"}}],\"inLanguage\":\"sv-SE\"},{\"@type\":\"Organization\",\"@id\":\"https:\/\/fredfloris.eu\/#organization\",\"name\":\"FredFloris\",\"url\":\"https:\/\/fredfloris.eu\/\",\"logo\":{\"@type\":\"ImageObject\",\"inLanguage\":\"sv-SE\",\"@id\":\"https:\/\/fredfloris.eu\/#\/schema\/logo\/image\/\",\"url\":\"https:\/\/fredfloris.eu\/wp-content\/uploads\/2022\/03\/FredFloris-med-hel-nal-och-text.png\",\"contentUrl\":\"https:\/\/fredfloris.eu\/wp-content\/uploads\/2022\/03\/FredFloris-med-hel-nal-och-text.png\",\"width\":591,\"height\":283,\"caption\":\"FredFloris\"},\"image\":{\"@id\":\"https:\/\/fredfloris.eu\/#\/schema\/logo\/image\/\"},\"sameAs\":[\"https:\/\/www.facebook.com\/FredFloris.Artisan.Studio\/\",\"https:\/\/x.com\/_fredfloris_\",\"https:\/\/www.instagram.com\/fredfloris.artisan.studio\/\"]}]}<\/script>\n<!-- \/ Yoast SEO plugin. -->","yoast_head_json":{"title":"Manschettknappar f\u00f6r urverk | FredFloris","description":"V\u00e5ra manschettknappar med urverk har en elegant silverton som kommer att komplettera alla aff\u00e4rskl\u00e4der. Manschettknappar med urverk...","robots":{"index":"index","follow":"follow","max-snippet":"max-snippet:-1","max-image-preview":"max-image-preview:large","max-video-preview":"max-video-preview:-1"},"canonical":"https:\/\/fredfloris.eu\/sv\/productpage\/aspeland-movement-cufflinks\/?wmc-currency=SEK","og_locale":"sv_SE","og_type":"article","og_title":"Watch Movement Cufflinks | FredFloris","og_description":"Our watch movement cufflinks feature an elegant silver tone that will compliment all business attire. Watch mechanism cufflinks..","og_url":"https:\/\/fredfloris.eu\/sv\/productpage\/aspeland-movement-cufflinks\/?wmc-currency=SEK","og_site_name":"FredFloris","article_publisher":"https:\/\/www.facebook.com\/FredFloris.Artisan.Studio\/","article_modified_time":"2024-06-24T18:59:16+00:00","og_image":[{"width":2560,"height":1707,"url":"https:\/\/fredfloris.eu\/wp-content\/uploads\/2022\/08\/IMG_3208-scaled.jpg","type":"image\/jpeg"}],"twitter_card":"summary_large_image","twitter_site":"@_fredfloris_","twitter_misc":{"Ber\u00e4knad l\u00e4stid":"2 minuter"},"schema":{"@context":"https:\/\/schema.org","@graph":[{"@type":"WebPage","@id":"https:\/\/fredfloris.eu\/productpage\/aspeland-movement-cufflinks\/","url":"https:\/\/fredfloris.eu\/productpage\/aspeland-movement-cufflinks\/","name":"Manschettknappar f\u00f6r urverk | FredFloris","isPartOf":{"@id":"https:\/\/fredfloris.eu\/#website"},"primaryImageOfPage":{"@id":"https:\/\/fredfloris.eu\/productpage\/aspeland-movement-cufflinks\/#primaryimage"},"image":{"@id":"https:\/\/fredfloris.eu\/productpage\/aspeland-movement-cufflinks\/#primaryimage"},"thumbnailUrl":"https:\/\/fredfloris.eu\/wp-content\/uploads\/2022\/08\/IMG_3208-scaled.jpg","datePublished":"2022-05-16T19:05:04+00:00","dateModified":"2024-06-24T18:59:16+00:00","description":"V\u00e5ra manschettknappar med urverk har en elegant silverton som kommer att komplettera alla aff\u00e4rskl\u00e4der. Manschettknappar med urverk...","breadcrumb":{"@id":"https:\/\/fredfloris.eu\/productpage\/aspeland-movement-cufflinks\/#breadcrumb"},"inLanguage":"sv-SE","potentialAction":[{"@type":"ReadAction","target":["https:\/\/fredfloris.eu\/productpage\/aspeland-movement-cufflinks\/"]}]},{"@type":"ImageObject","inLanguage":"sv-SE","@id":"https:\/\/fredfloris.eu\/productpage\/aspeland-movement-cufflinks\/#primaryimage","url":"https:\/\/fredfloris.eu\/wp-content\/uploads\/2022\/08\/IMG_3208-scaled.jpg","contentUrl":"https:\/\/fredfloris.eu\/wp-content\/uploads\/2022\/08\/IMG_3208-scaled.jpg","width":2560,"height":1707,"caption":"Product: Aspeland - Watch Movement Cufflinks \u2013 Stainless Steel"},{"@type":"BreadcrumbList","@id":"https:\/\/fredfloris.eu\/productpage\/aspeland-movement-cufflinks\/#breadcrumb","itemListElement":[{"@type":"ListItem","position":1,"name":"Home","item":"https:\/\/fredfloris.eu\/"},{"@type":"ListItem","position":2,"name":"Shop","item":"https:\/\/fredfloris.eu\/shop\/"},{"@type":"ListItem","position":3,"name":"Aspeland &#8211; Clockwork Cufflinks"}]},{"@type":"WebSite","@id":"https:\/\/fredfloris.eu\/#website","url":"https:\/\/fredfloris.eu\/","name":"FredFloris","description":"Handgjorda l\u00e4dervaror - tillverkade i Sverige","publisher":{"@id":"https:\/\/fredfloris.eu\/#organization"},"potentialAction":[{"@type":"SearchAction","target":{"@type":"EntryPoint","urlTemplate":"https:\/\/fredfloris.eu\/?s={search_term_string}"},"query-input":{"@type":"PropertyValueSpecification","valueRequired":true,"valueName":"search_term_string"}}],"inLanguage":"sv-SE"},{"@type":"Organization","@id":"https:\/\/fredfloris.eu\/#organization","name":"FredFloris","url":"https:\/\/fredfloris.eu\/","logo":{"@type":"ImageObject","inLanguage":"sv-SE","@id":"https:\/\/fredfloris.eu\/#\/schema\/logo\/image\/","url":"https:\/\/fredfloris.eu\/wp-content\/uploads\/2022\/03\/FredFloris-med-hel-nal-och-text.png","contentUrl":"https:\/\/fredfloris.eu\/wp-content\/uploads\/2022\/03\/FredFloris-med-hel-nal-och-text.png","width":591,"height":283,"caption":"FredFloris"},"image":{"@id":"https:\/\/fredfloris.eu\/#\/schema\/logo\/image\/"},"sameAs":["https:\/\/www.facebook.com\/FredFloris.Artisan.Studio\/","https:\/\/x.com\/_fredfloris_","https:\/\/www.instagram.com\/fredfloris.artisan.studio\/"]}]}},"brands":[{"id":204,"name":"FredFloris &amp; Partner","slug":"fredfloris-partner"}],"_links":{"self":[{"href":"https:\/\/fredfloris.eu\/sv\/wp-json\/wp\/v2\/product\/5221","targetHints":{"allow":["GET"]}}],"collection":[{"href":"https:\/\/fredfloris.eu\/sv\/wp-json\/wp\/v2\/product"}],"about":[{"href":"https:\/\/fredfloris.eu\/sv\/wp-json\/wp\/v2\/types\/product"}],"version-history":[{"count":12,"href":"https:\/\/fredfloris.eu\/sv\/wp-json\/wp\/v2\/product\/5221\/revisions"}],"predecessor-version":[{"id":11539,"href":"https:\/\/fredfloris.eu\/sv\/wp-json\/wp\/v2\/product\/5221\/revisions\/11539"}],"wp:featuredmedia":[{"embeddable":true,"href":"https:\/\/fredfloris.eu\/sv\/wp-json\/wp\/v2\/media\/9768"}],"wp:attachment":[{"href":"https:\/\/fredfloris.eu\/sv\/wp-json\/wp\/v2\/media?parent=5221"}],"wp:term":[{"taxonomy":"pwb-brand","embeddable":true,"href":"https:\/\/fredfloris.eu\/sv\/wp-json\/wp\/v2\/pwb-brand?post=5221"},{"taxonomy":"product_brand","embeddable":true,"href":"https:\/\/fredfloris.eu\/sv\/wp-json\/wp\/v2\/product_brand?post=5221"},{"taxonomy":"product_cat","embeddable":true,"href":"https:\/\/fredfloris.eu\/sv\/wp-json\/wp\/v2\/product_cat?post=5221"},{"taxonomy":"product_tag","embeddable":true,"href":"https:\/\/fredfloris.eu\/sv\/wp-json\/wp\/v2\/product_tag?post=5221"},{"taxonomy":"woo-feed-brand","embeddable":true,"href":"https:\/\/fredfloris.eu\/sv\/wp-json\/wp\/v2\/woo-feed-brand?post=5221"}],"curies":[{"name":"wp","href":"https:\/\/api.w.org\/{rel}","templated":true}]}}