{"id":5235,"date":"2022-05-17T19:02:11","date_gmt":"2022-05-17T17:02:11","guid":{"rendered":"https:\/\/fredfloris.eu\/?post_type=product&#038;p=5235"},"modified":"2024-07-23T20:22:55","modified_gmt":"2024-07-23T18:22:55","slug":"midsommardans-leverback-earrings","status":"publish","type":"product","link":"https:\/\/fredfloris.eu\/sv\/productpage\/midsommardans-leverback-earrings\/","title":{"rendered":"Midsommardans - P\u00e4rlemor rund h\u00e4nge \u00f6rh\u00e4ngen"},"content":{"rendered":"<p><strong>Upplev den f\u00f6rtrollande tjusningen med v\u00e5ra runda \u00f6rh\u00e4ngen med vit p\u00e4rlemor.<\/strong> Varje \u00f6rh\u00e4nge har en skiva av vit p\u00e4rlemor som \u00e4r infattad i en ram av \u00e4delmetall. N\u00e4r ljuset f\u00e5ngar den iriserande ytan avsl\u00f6jas fascinerande nyanser av bl\u00e5tt, rosa och gr\u00f6nt, som p\u00e5minner om mystisk r\u00f6k som dansar inuti. \u00d6rh\u00e4ngena \u00e4r fint upph\u00e4ngda i sp\u00e4nnen med h\u00e4varmar som till\u00e5ter fri r\u00f6relse f\u00f6r att f\u00e5nga och reflektera ljuset, vilket ger elegans och glans till varje ensemble.<\/p>\n<p><strong>Tillverkad fr\u00e5n naturliga k\u00e4llor:<\/strong> V\u00e5ra \u00f6rh\u00e4ngen \u00e4r tillverkade av det inre lagret av s\u00f6tvattensskal fr\u00e5n Nya Zeeland, infattade i 925 Sterling silver med 24k guldpl\u00e4tering.<\/p>\n<p><strong>P\u00e4rlemor:<\/strong> Den vita p\u00e4rlemorn i dessa \u00f6rh\u00e4ngen \u00e4r k\u00e4nd f\u00f6r sina f\u00e4ngslande reflekterande egenskaper och sitter s\u00e4kert fast i den guldpl\u00e4terade ramen, s\u00e5 att du kan bl\u00e4nda \u00e5sk\u00e5darna varje g\u00e5ng du v\u00e4nder dig om.<\/p>\n<p><strong>Sterling Silver Hantverksskicklighet:<\/strong> Varje par \u00f6rh\u00e4ngen b\u00e4r en st\u00e4mpel av \"925\" Sterling silverst\u00e4mpel som intygar deras h\u00f6ga kvalitet. De \u00e4r h\u00e5llbara och tidl\u00f6sa och utg\u00f6r ett underbart komplement till alla smyckessamlingar.<\/p>\n<p><strong>Allergiv\u00e4nlig:<\/strong> Tillverkade med nickelfritt sterlingsilver f\u00f6r att f\u00f6rhindra hudirritation och missf\u00e4rgning \u00f6ver tid. Den s\u00e4kra l\u00e5sdesignen s\u00e4kerst\u00e4ller att \u00f6rh\u00e4ngena sitter bekv\u00e4mt p\u00e5 plats.<\/p>\n<p><strong>Sk\u00f6tsel av smycken:<\/strong> F\u00f6rvara \u00f6rh\u00e4ngena i en mjuk l\u00e5da eller v\u00e4ska, \u00e5tskilda fr\u00e5n andra smycken, f\u00f6r att bevara dem i of\u00f6r\u00e4ndrat skick. Undvik exponering f\u00f6r kemikalier f\u00f6r att f\u00f6rhindra skador. Pl\u00e4teringen, oavsett om det \u00e4r platina eller guld, \u00e4r k\u00e4nslig och kommer, som alla pl\u00e4teringar, att blekna med tiden. Begr\u00e4nsa kontakt med kemikalier och hud f\u00f6r att f\u00f6rl\u00e4nga pl\u00e4teringens livsl\u00e4ngd.<\/p>\n<p>&nbsp;<\/p>\n<p>S\u00f6kord: P\u00e4rlemor\u00f6rh\u00e4ngen, Dropp\u00f6rh\u00e4ngen<\/p>","protected":false},"excerpt":{"rendered":"<p><strong>PRODUKTDIMENSIONER <\/strong>Produktens vikt: 4 g (par)<\/p>\n<p>H\u00e4ngande bas - Tillverkad av 925 Sterling Silver\/24K Guldpl\u00e4terad. H\u00f6jd p\u00e5 basen: 14,60 mm, Bredd: 10,50 mm.<\/p>\n<p>Leverback \u00f6rh\u00e4ngen - Tillverkade av 925 silver\/24K guldpl\u00e4tering - 0,4 \u00b5m. H\u00f6jd: 17 mm, Bredd: 11,50 mm.<\/p>\n<p>SKU: mid\/ear\/gol\/mop<br \/>\nVarum\u00e4rke: FredFloris &amp; Partner<\/p>\n<pre><\/pre>\n<p>V\u00e5r erfarna partner i Polen tillverkar basen till \u00f6rh\u00e4ngena. Vi anv\u00e4nder 0,4 \u00b5m tjockt pl\u00e4terat silver eftersom det inte g\u00f6r smyckena m\u00f6rkare eller mattare. Produkten har viss motst\u00e5ndskraft mot missf\u00e4rgning, men var noga med att f\u00f6lja v\u00e5ra sk\u00f6tselr\u00e5d f\u00f6r att f\u00f6rl\u00e4nga livsl\u00e4ngden p\u00e5 dina nya smycken. Vi monterar \u00e4delstenen p\u00e5 \u00f6rh\u00e4nget i v\u00e5r studio i Sverige.<\/p>\n<pre><\/pre>\n<p>Denna produkt \u00e4r tillverkad av naturmaterial: form, f\u00e4rg och tjocklek kan variera.<\/p>","protected":false},"featured_media":10260,"template":"","meta":[],"pwb-brand":[204],"product_brand":[],"product_cat":[115,113,101],"product_tag":[163,136,135],"woo-feed-brand":[],"class_list":{"0":"post-5235","1":"product","2":"type-product","3":"status-publish","4":"has-post-thumbnail","6":"pwb-brand-fredfloris-partner","7":"product_cat-drop-earrings","8":"product_cat-earrings","9":"product_cat-jewelry","10":"product_tag-gold","11":"product_tag-handmade","12":"product_tag-stocked","13":"product_shipping_class-small-goods","15":"first","16":"instock","17":"taxable","18":"shipping-taxable","19":"purchasable","20":"product-type-simple"},"yoast_head":"<!-- This site is optimized with the Yoast SEO plugin v27.2 - https:\/\/yoast.com\/product\/yoast-seo-wordpress\/ -->\n<title>Mother of Pearl Drop Earrings | FredFloris<\/title>\n<meta name=\"description\" content=\"Our white Mother of Pearl drop earrings are made from the inside layer of New Zealand freshwater mussel shell. Available in sterling silver.\" \/>\n<meta name=\"robots\" content=\"index, follow, max-snippet:-1, max-image-preview:large, max-video-preview:-1\" \/>\n<link rel=\"canonical\" href=\"https:\/\/fredfloris.eu\/sv\/productpage\/midsommardans-leverback-earrings\/?wmc-currency=SEK\" \/>\n<meta property=\"og:locale\" content=\"sv_SE\" \/>\n<meta property=\"og:type\" content=\"article\" \/>\n<meta property=\"og:title\" content=\"Mother of Pearl Drop Earrings | FredFloris\" \/>\n<meta property=\"og:description\" content=\"Our white Mother of Pearl drop earrings are made from the inside layer of New Zealand freshwater mussel shell. Available in sterling silver.\" \/>\n<meta property=\"og:url\" content=\"https:\/\/fredfloris.eu\/sv\/productpage\/midsommardans-leverback-earrings\/?wmc-currency=SEK\" \/>\n<meta property=\"og:site_name\" content=\"FredFloris\" \/>\n<meta property=\"article:publisher\" content=\"https:\/\/www.facebook.com\/FredFloris.Artisan.Studio\/\" \/>\n<meta property=\"article:modified_time\" content=\"2024-07-23T18:22:55+00:00\" \/>\n<meta property=\"og:image\" content=\"https:\/\/fredfloris.eu\/wp-content\/uploads\/2022\/11\/IMG_7365-scaled.jpg\" \/>\n\t<meta property=\"og:image:width\" content=\"1920\" \/>\n\t<meta property=\"og:image:height\" content=\"2560\" \/>\n\t<meta property=\"og:image:type\" content=\"image\/jpeg\" \/>\n<meta name=\"twitter:card\" content=\"summary_large_image\" \/>\n<meta name=\"twitter:site\" content=\"@_fredfloris_\" \/>\n<meta name=\"twitter:label1\" content=\"Ber\u00e4knad l\u00e4stid\" \/>\n\t<meta name=\"twitter:data1\" content=\"2 minuter\" \/>\n<script type=\"application\/ld+json\" class=\"yoast-schema-graph\">{\"@context\":\"https:\/\/schema.org\",\"@graph\":[{\"@type\":\"WebPage\",\"@id\":\"https:\/\/fredfloris.eu\/productpage\/midsommardans-leverback-earrings\/\",\"url\":\"https:\/\/fredfloris.eu\/productpage\/midsommardans-leverback-earrings\/\",\"name\":\"Mother of Pearl Drop Earrings | FredFloris\",\"isPartOf\":{\"@id\":\"https:\/\/fredfloris.eu\/#website\"},\"primaryImageOfPage\":{\"@id\":\"https:\/\/fredfloris.eu\/productpage\/midsommardans-leverback-earrings\/#primaryimage\"},\"image\":{\"@id\":\"https:\/\/fredfloris.eu\/productpage\/midsommardans-leverback-earrings\/#primaryimage\"},\"thumbnailUrl\":\"https:\/\/fredfloris.eu\/wp-content\/uploads\/2022\/11\/IMG_7365-scaled-e1740241757636.jpg\",\"datePublished\":\"2022-05-17T17:02:11+00:00\",\"dateModified\":\"2024-07-23T18:22:55+00:00\",\"description\":\"Our white Mother of Pearl drop earrings are made from the inside layer of New Zealand freshwater mussel shell. Available in sterling silver.\",\"breadcrumb\":{\"@id\":\"https:\/\/fredfloris.eu\/productpage\/midsommardans-leverback-earrings\/#breadcrumb\"},\"inLanguage\":\"sv-SE\",\"potentialAction\":[{\"@type\":\"ReadAction\",\"target\":[\"https:\/\/fredfloris.eu\/productpage\/midsommardans-leverback-earrings\/\"]}]},{\"@type\":\"ImageObject\",\"inLanguage\":\"sv-SE\",\"@id\":\"https:\/\/fredfloris.eu\/productpage\/midsommardans-leverback-earrings\/#primaryimage\",\"url\":\"https:\/\/fredfloris.eu\/wp-content\/uploads\/2022\/11\/IMG_7365-scaled-e1740241757636.jpg\",\"contentUrl\":\"https:\/\/fredfloris.eu\/wp-content\/uploads\/2022\/11\/IMG_7365-scaled-e1740241757636.jpg\",\"width\":1920,\"height\":1281,\"caption\":\"Product: Mother of Pearls Round Pendant \u2013 Gold Plated Silver\"},{\"@type\":\"BreadcrumbList\",\"@id\":\"https:\/\/fredfloris.eu\/productpage\/midsommardans-leverback-earrings\/#breadcrumb\",\"itemListElement\":[{\"@type\":\"ListItem\",\"position\":1,\"name\":\"Home\",\"item\":\"https:\/\/fredfloris.eu\/\"},{\"@type\":\"ListItem\",\"position\":2,\"name\":\"Shop\",\"item\":\"https:\/\/fredfloris.eu\/shop\/\"},{\"@type\":\"ListItem\",\"position\":3,\"name\":\"Midsommardans &#8211; Mother of Pearls Round Pendant Leverback Earrings\"}]},{\"@type\":\"WebSite\",\"@id\":\"https:\/\/fredfloris.eu\/#website\",\"url\":\"https:\/\/fredfloris.eu\/\",\"name\":\"FredFloris\",\"description\":\"Handcrafted Leathergoods - Made in Sweden\",\"publisher\":{\"@id\":\"https:\/\/fredfloris.eu\/#organization\"},\"potentialAction\":[{\"@type\":\"SearchAction\",\"target\":{\"@type\":\"EntryPoint\",\"urlTemplate\":\"https:\/\/fredfloris.eu\/?s={search_term_string}\"},\"query-input\":{\"@type\":\"PropertyValueSpecification\",\"valueRequired\":true,\"valueName\":\"search_term_string\"}}],\"inLanguage\":\"sv-SE\"},{\"@type\":\"Organization\",\"@id\":\"https:\/\/fredfloris.eu\/#organization\",\"name\":\"FredFloris\",\"url\":\"https:\/\/fredfloris.eu\/\",\"logo\":{\"@type\":\"ImageObject\",\"inLanguage\":\"sv-SE\",\"@id\":\"https:\/\/fredfloris.eu\/#\/schema\/logo\/image\/\",\"url\":\"https:\/\/fredfloris.eu\/wp-content\/uploads\/2022\/03\/FredFloris-med-hel-nal-och-text.png\",\"contentUrl\":\"https:\/\/fredfloris.eu\/wp-content\/uploads\/2022\/03\/FredFloris-med-hel-nal-och-text.png\",\"width\":591,\"height\":283,\"caption\":\"FredFloris\"},\"image\":{\"@id\":\"https:\/\/fredfloris.eu\/#\/schema\/logo\/image\/\"},\"sameAs\":[\"https:\/\/www.facebook.com\/FredFloris.Artisan.Studio\/\",\"https:\/\/x.com\/_fredfloris_\",\"https:\/\/www.instagram.com\/fredfloris.artisan.studio\/\"]}]}<\/script>\n<!-- \/ Yoast SEO plugin. -->","yoast_head_json":{"title":"\u00d6rh\u00e4ngen med droppar av p\u00e4rlemor | FredFloris","description":"V\u00e5ra vita Mother of Pearl-\u00f6rh\u00e4ngen \u00e4r gjorda av det inre lagret av Nya Zeelands s\u00f6tvattensmusslors skal. Finns \u00e4ven i sterling silver.","robots":{"index":"index","follow":"follow","max-snippet":"max-snippet:-1","max-image-preview":"max-image-preview:large","max-video-preview":"max-video-preview:-1"},"canonical":"https:\/\/fredfloris.eu\/sv\/productpage\/midsommardans-leverback-earrings\/?wmc-currency=SEK","og_locale":"sv_SE","og_type":"article","og_title":"Mother of Pearl Drop Earrings | FredFloris","og_description":"Our white Mother of Pearl drop earrings are made from the inside layer of New Zealand freshwater mussel shell. Available in sterling silver.","og_url":"https:\/\/fredfloris.eu\/sv\/productpage\/midsommardans-leverback-earrings\/?wmc-currency=SEK","og_site_name":"FredFloris","article_publisher":"https:\/\/www.facebook.com\/FredFloris.Artisan.Studio\/","article_modified_time":"2024-07-23T18:22:55+00:00","og_image":[{"width":1920,"height":2560,"url":"https:\/\/fredfloris.eu\/wp-content\/uploads\/2022\/11\/IMG_7365-scaled.jpg","type":"image\/jpeg"}],"twitter_card":"summary_large_image","twitter_site":"@_fredfloris_","twitter_misc":{"Ber\u00e4knad l\u00e4stid":"2 minuter"},"schema":{"@context":"https:\/\/schema.org","@graph":[{"@type":"WebPage","@id":"https:\/\/fredfloris.eu\/productpage\/midsommardans-leverback-earrings\/","url":"https:\/\/fredfloris.eu\/productpage\/midsommardans-leverback-earrings\/","name":"\u00d6rh\u00e4ngen med droppar av p\u00e4rlemor | FredFloris","isPartOf":{"@id":"https:\/\/fredfloris.eu\/#website"},"primaryImageOfPage":{"@id":"https:\/\/fredfloris.eu\/productpage\/midsommardans-leverback-earrings\/#primaryimage"},"image":{"@id":"https:\/\/fredfloris.eu\/productpage\/midsommardans-leverback-earrings\/#primaryimage"},"thumbnailUrl":"https:\/\/fredfloris.eu\/wp-content\/uploads\/2022\/11\/IMG_7365-scaled-e1740241757636.jpg","datePublished":"2022-05-17T17:02:11+00:00","dateModified":"2024-07-23T18:22:55+00:00","description":"V\u00e5ra vita Mother of Pearl-\u00f6rh\u00e4ngen \u00e4r gjorda av det inre lagret av Nya Zeelands s\u00f6tvattensmusslors skal. Finns \u00e4ven i sterling silver.","breadcrumb":{"@id":"https:\/\/fredfloris.eu\/productpage\/midsommardans-leverback-earrings\/#breadcrumb"},"inLanguage":"sv-SE","potentialAction":[{"@type":"ReadAction","target":["https:\/\/fredfloris.eu\/productpage\/midsommardans-leverback-earrings\/"]}]},{"@type":"ImageObject","inLanguage":"sv-SE","@id":"https:\/\/fredfloris.eu\/productpage\/midsommardans-leverback-earrings\/#primaryimage","url":"https:\/\/fredfloris.eu\/wp-content\/uploads\/2022\/11\/IMG_7365-scaled-e1740241757636.jpg","contentUrl":"https:\/\/fredfloris.eu\/wp-content\/uploads\/2022\/11\/IMG_7365-scaled-e1740241757636.jpg","width":1920,"height":1281,"caption":"Product: Mother of Pearls Round Pendant \u2013 Gold Plated Silver"},{"@type":"BreadcrumbList","@id":"https:\/\/fredfloris.eu\/productpage\/midsommardans-leverback-earrings\/#breadcrumb","itemListElement":[{"@type":"ListItem","position":1,"name":"Home","item":"https:\/\/fredfloris.eu\/"},{"@type":"ListItem","position":2,"name":"Shop","item":"https:\/\/fredfloris.eu\/shop\/"},{"@type":"ListItem","position":3,"name":"Midsommardans &#8211; Mother of Pearls Round Pendant Leverback Earrings"}]},{"@type":"WebSite","@id":"https:\/\/fredfloris.eu\/#website","url":"https:\/\/fredfloris.eu\/","name":"FredFloris","description":"Handgjorda l\u00e4dervaror - tillverkade i Sverige","publisher":{"@id":"https:\/\/fredfloris.eu\/#organization"},"potentialAction":[{"@type":"SearchAction","target":{"@type":"EntryPoint","urlTemplate":"https:\/\/fredfloris.eu\/?s={search_term_string}"},"query-input":{"@type":"PropertyValueSpecification","valueRequired":true,"valueName":"search_term_string"}}],"inLanguage":"sv-SE"},{"@type":"Organization","@id":"https:\/\/fredfloris.eu\/#organization","name":"FredFloris","url":"https:\/\/fredfloris.eu\/","logo":{"@type":"ImageObject","inLanguage":"sv-SE","@id":"https:\/\/fredfloris.eu\/#\/schema\/logo\/image\/","url":"https:\/\/fredfloris.eu\/wp-content\/uploads\/2022\/03\/FredFloris-med-hel-nal-och-text.png","contentUrl":"https:\/\/fredfloris.eu\/wp-content\/uploads\/2022\/03\/FredFloris-med-hel-nal-och-text.png","width":591,"height":283,"caption":"FredFloris"},"image":{"@id":"https:\/\/fredfloris.eu\/#\/schema\/logo\/image\/"},"sameAs":["https:\/\/www.facebook.com\/FredFloris.Artisan.Studio\/","https:\/\/x.com\/_fredfloris_","https:\/\/www.instagram.com\/fredfloris.artisan.studio\/"]}]}},"brands":[{"id":204,"name":"FredFloris &amp; Partner","slug":"fredfloris-partner"}],"_links":{"self":[{"href":"https:\/\/fredfloris.eu\/sv\/wp-json\/wp\/v2\/product\/5235","targetHints":{"allow":["GET"]}}],"collection":[{"href":"https:\/\/fredfloris.eu\/sv\/wp-json\/wp\/v2\/product"}],"about":[{"href":"https:\/\/fredfloris.eu\/sv\/wp-json\/wp\/v2\/types\/product"}],"version-history":[{"count":8,"href":"https:\/\/fredfloris.eu\/sv\/wp-json\/wp\/v2\/product\/5235\/revisions"}],"predecessor-version":[{"id":11591,"href":"https:\/\/fredfloris.eu\/sv\/wp-json\/wp\/v2\/product\/5235\/revisions\/11591"}],"wp:featuredmedia":[{"embeddable":true,"href":"https:\/\/fredfloris.eu\/sv\/wp-json\/wp\/v2\/media\/10260"}],"wp:attachment":[{"href":"https:\/\/fredfloris.eu\/sv\/wp-json\/wp\/v2\/media?parent=5235"}],"wp:term":[{"taxonomy":"pwb-brand","embeddable":true,"href":"https:\/\/fredfloris.eu\/sv\/wp-json\/wp\/v2\/pwb-brand?post=5235"},{"taxonomy":"product_brand","embeddable":true,"href":"https:\/\/fredfloris.eu\/sv\/wp-json\/wp\/v2\/product_brand?post=5235"},{"taxonomy":"product_cat","embeddable":true,"href":"https:\/\/fredfloris.eu\/sv\/wp-json\/wp\/v2\/product_cat?post=5235"},{"taxonomy":"product_tag","embeddable":true,"href":"https:\/\/fredfloris.eu\/sv\/wp-json\/wp\/v2\/product_tag?post=5235"},{"taxonomy":"woo-feed-brand","embeddable":true,"href":"https:\/\/fredfloris.eu\/sv\/wp-json\/wp\/v2\/woo-feed-brand?post=5235"}],"curies":[{"name":"wp","href":"https:\/\/api.w.org\/{rel}","templated":true}]}}