{"id":5260,"date":"2022-05-17T21:56:52","date_gmt":"2022-05-17T19:56:52","guid":{"rendered":"https:\/\/fredfloris.eu\/?post_type=product&#038;p=5260"},"modified":"2024-07-23T20:23:38","modified_gmt":"2024-07-23T18:23:38","slug":"silver-long-chain-earrings","status":"publish","type":"product","link":"https:\/\/fredfloris.eu\/sv\/productpage\/silver-long-chain-earrings\/","title":{"rendered":"Silver Lady - \u00d6rh\u00e4ngen med L\u00e5ng Kedja"},"content":{"rendered":"<p><strong>Uppt\u00e4ck den enkla elegansen hos v\u00e5ra silver\u00f6rh\u00e4ngen med boxkedja.<\/strong> Dessa \u00f6rh\u00e4ngen \u00e4r designade med silverstr\u00e4ngar som fl\u00f6dar som en tr\u00e5d och erbjuder b\u00e5de enkelhet och dramatik. De faller i parallella linjer som vackert ramar in ansiktet, framh\u00e4ver dina drag, ger symmetri och f\u00f6rl\u00e4nger halsen. Deras m\u00e5ngsidiga form g\u00f6r att de kan kombineras s\u00f6ml\u00f6st med alla outfits, s\u00e4rskilt med kl\u00e4nningar och toppar med axelband som ger glitter fr\u00e5n \u00f6gonen till nederkanten.<\/p>\n<p><strong>Tillg\u00e4ngliga alternativ:<\/strong> \u00d6rh\u00e4ngena \u00e4r tillverkade i 925 Sterling silver med m\u00f6jlighet till platinapl\u00e4tering eller 24k guldpl\u00e4tering.<\/p>\n<p><strong>Sterling Silver Hantverksskicklighet:<\/strong> Varje par \u00e4r st\u00e4mplat med \"925\" f\u00f6r att garantera h\u00f6g kvalitet. Dessa h\u00e5llbara och tidl\u00f6sa \u00f6rh\u00e4ngen \u00e4r ett fantastiskt tillskott till alla smyckessamlingar.<\/p>\n<p><strong>Den perfekta presenten:<\/strong> Letar du efter en omt\u00e4nksam present? Dessa silver\u00f6rh\u00e4ngen \u00e4r ett \u00f6verd\u00e5digt val f\u00f6r f\u00f6delsedagar, \u00e5rsdagar, examen eller br\u00f6llop.<\/p>\n<p><strong>Allergiv\u00e4nlig:<\/strong> De h\u00e4r \u00f6rh\u00e4ngena \u00e4r nickelfria och varken missf\u00e4rgas eller irriterar huden.<\/p>\n<p><strong>Sk\u00f6tsel av smycken:<\/strong> F\u00f6rvara \u00f6rh\u00e4ngena i en mjuk l\u00e5da eller v\u00e4ska, \u00e5tskilda fr\u00e5n andra smycken, f\u00f6r att bevara dem i of\u00f6r\u00e4ndrat skick. Undvik exponering f\u00f6r kemikalier f\u00f6r att f\u00f6rhindra skador. Pl\u00e4teringen, oavsett om det \u00e4r platina eller guld, \u00e4r k\u00e4nslig och kommer, som alla pl\u00e4teringar, att blekna med tiden. Begr\u00e4nsa kontakt med kemikalier och hud f\u00f6r att f\u00f6rl\u00e4nga pl\u00e4teringens livsl\u00e4ngd.<\/p>\n<p>&nbsp;<\/p>\n<p>S\u00f6kord: \u00d6rh\u00e4ngen med l\u00e5ng silverkedja<\/p>","protected":false},"excerpt":{"rendered":"<p><strong>PRODUKTDIMENSIONER<\/strong> Produktens h\u00f6jd: 13,50 mm, vikt: 4 g (par). Produkten \u00e4r tillverkad av 925 Silver, platinapl\u00e4terad - 0,4 \u00b5m. SKU: sil\/ear\/pla\/cha Varum\u00e4rke: FredFloris &amp; Partner<\/p>\n<pre><\/pre>\n<p>V\u00e5r erfarna partner i Polen tillverkar basen till \u00f6rh\u00e4ngena. Vi anv\u00e4nder 0,4 \u00b5m tjockt pl\u00e4terat silver eftersom det inte g\u00f6r smyckena m\u00f6rkare eller mattare. Produkten har en viss motst\u00e5ndskraft mot missf\u00e4rgning, men f\u00f6lj v\u00e5ra sk\u00f6tselr\u00e5d f\u00f6r att f\u00f6rl\u00e4nga livsl\u00e4ngden p\u00e5 dina nya smycken.<\/p>","protected":false},"featured_media":4753,"template":"","meta":[],"pwb-brand":[204],"product_brand":[],"product_cat":[117,113,101],"product_tag":[165,164,135],"woo-feed-brand":[],"class_list":{"0":"post-5260","1":"product","2":"type-product","3":"status-publish","4":"has-post-thumbnail","6":"pwb-brand-fredfloris-partner","7":"product_cat-chain-earrings","8":"product_cat-earrings","9":"product_cat-jewelry","10":"product_tag-platinum","11":"product_tag-silver","12":"product_tag-stocked","13":"product_shipping_class-small-goods","15":"first","16":"instock","17":"taxable","18":"shipping-taxable","19":"purchasable","20":"product-type-simple"},"yoast_head":"<!-- This site is optimized with the Yoast SEO plugin v27.2 - https:\/\/yoast.com\/product\/yoast-seo-wordpress\/ -->\n<title>Long Silver Chain Earrings| FredFloris<\/title>\n<meta name=\"description\" content=\"Presenting our long silver chain earrings, 13.50 mm in lenght. Long chain earrings are the perfect gift for Her, Tarnish Free.\" \/>\n<meta name=\"robots\" content=\"index, follow, max-snippet:-1, max-image-preview:large, max-video-preview:-1\" \/>\n<link rel=\"canonical\" href=\"https:\/\/fredfloris.eu\/sv\/productpage\/silver-long-chain-earrings\/?wmc-currency=SEK\" \/>\n<meta property=\"og:locale\" content=\"sv_SE\" \/>\n<meta property=\"og:type\" content=\"article\" \/>\n<meta property=\"og:title\" content=\"Long Silver Chain Earrings| FredFloris\" \/>\n<meta property=\"og:description\" content=\"Presenting our long silver chain earrings, 13.50 mm in lenght. Long chain earrings are the perfect gift for Her, Tarnish Free.\" \/>\n<meta property=\"og:url\" content=\"https:\/\/fredfloris.eu\/sv\/productpage\/silver-long-chain-earrings\/?wmc-currency=SEK\" \/>\n<meta property=\"og:site_name\" content=\"FredFloris\" \/>\n<meta property=\"article:publisher\" content=\"https:\/\/www.facebook.com\/FredFloris.Artisan.Studio\/\" \/>\n<meta property=\"article:modified_time\" content=\"2024-07-23T18:23:38+00:00\" \/>\n<meta property=\"og:image\" content=\"https:\/\/fredfloris.eu\/wp-content\/uploads\/2022\/05\/IMG_1988-scaled.jpg\" \/>\n\t<meta property=\"og:image:width\" content=\"2560\" \/>\n\t<meta property=\"og:image:height\" content=\"1707\" \/>\n\t<meta property=\"og:image:type\" content=\"image\/jpeg\" \/>\n<meta name=\"twitter:card\" content=\"summary_large_image\" \/>\n<meta name=\"twitter:site\" content=\"@_fredfloris_\" \/>\n<meta name=\"twitter:label1\" content=\"Ber\u00e4knad l\u00e4stid\" \/>\n\t<meta name=\"twitter:data1\" content=\"2 minuter\" \/>\n<script type=\"application\/ld+json\" class=\"yoast-schema-graph\">{\"@context\":\"https:\/\/schema.org\",\"@graph\":[{\"@type\":\"WebPage\",\"@id\":\"https:\/\/fredfloris.eu\/productpage\/silver-long-chain-earrings\/\",\"url\":\"https:\/\/fredfloris.eu\/productpage\/silver-long-chain-earrings\/\",\"name\":\"Long Silver Chain Earrings| FredFloris\",\"isPartOf\":{\"@id\":\"https:\/\/fredfloris.eu\/#website\"},\"primaryImageOfPage\":{\"@id\":\"https:\/\/fredfloris.eu\/productpage\/silver-long-chain-earrings\/#primaryimage\"},\"image\":{\"@id\":\"https:\/\/fredfloris.eu\/productpage\/silver-long-chain-earrings\/#primaryimage\"},\"thumbnailUrl\":\"https:\/\/fredfloris.eu\/wp-content\/uploads\/2022\/05\/IMG_1988-scaled.jpg\",\"datePublished\":\"2022-05-17T19:56:52+00:00\",\"dateModified\":\"2024-07-23T18:23:38+00:00\",\"description\":\"Presenting our long silver chain earrings, 13.50 mm in lenght. Long chain earrings are the perfect gift for Her, Tarnish Free.\",\"breadcrumb\":{\"@id\":\"https:\/\/fredfloris.eu\/productpage\/silver-long-chain-earrings\/#breadcrumb\"},\"inLanguage\":\"sv-SE\",\"potentialAction\":[{\"@type\":\"ReadAction\",\"target\":[\"https:\/\/fredfloris.eu\/productpage\/silver-long-chain-earrings\/\"]}]},{\"@type\":\"ImageObject\",\"inLanguage\":\"sv-SE\",\"@id\":\"https:\/\/fredfloris.eu\/productpage\/silver-long-chain-earrings\/#primaryimage\",\"url\":\"https:\/\/fredfloris.eu\/wp-content\/uploads\/2022\/05\/IMG_1988-scaled.jpg\",\"contentUrl\":\"https:\/\/fredfloris.eu\/wp-content\/uploads\/2022\/05\/IMG_1988-scaled.jpg\",\"width\":2560,\"height\":1707,\"caption\":\"Product: Silver Lady - Long Chain Earrings \u2013 Platinum Plated Silver\"},{\"@type\":\"BreadcrumbList\",\"@id\":\"https:\/\/fredfloris.eu\/productpage\/silver-long-chain-earrings\/#breadcrumb\",\"itemListElement\":[{\"@type\":\"ListItem\",\"position\":1,\"name\":\"Home\",\"item\":\"https:\/\/fredfloris.eu\/\"},{\"@type\":\"ListItem\",\"position\":2,\"name\":\"Shop\",\"item\":\"https:\/\/fredfloris.eu\/shop\/\"},{\"@type\":\"ListItem\",\"position\":3,\"name\":\"Silver Lady &#8211; Long Chain Earrings\"}]},{\"@type\":\"WebSite\",\"@id\":\"https:\/\/fredfloris.eu\/#website\",\"url\":\"https:\/\/fredfloris.eu\/\",\"name\":\"FredFloris\",\"description\":\"Handcrafted Leathergoods - Made in Sweden\",\"publisher\":{\"@id\":\"https:\/\/fredfloris.eu\/#organization\"},\"potentialAction\":[{\"@type\":\"SearchAction\",\"target\":{\"@type\":\"EntryPoint\",\"urlTemplate\":\"https:\/\/fredfloris.eu\/?s={search_term_string}\"},\"query-input\":{\"@type\":\"PropertyValueSpecification\",\"valueRequired\":true,\"valueName\":\"search_term_string\"}}],\"inLanguage\":\"sv-SE\"},{\"@type\":\"Organization\",\"@id\":\"https:\/\/fredfloris.eu\/#organization\",\"name\":\"FredFloris\",\"url\":\"https:\/\/fredfloris.eu\/\",\"logo\":{\"@type\":\"ImageObject\",\"inLanguage\":\"sv-SE\",\"@id\":\"https:\/\/fredfloris.eu\/#\/schema\/logo\/image\/\",\"url\":\"https:\/\/fredfloris.eu\/wp-content\/uploads\/2022\/03\/FredFloris-med-hel-nal-och-text.png\",\"contentUrl\":\"https:\/\/fredfloris.eu\/wp-content\/uploads\/2022\/03\/FredFloris-med-hel-nal-och-text.png\",\"width\":591,\"height\":283,\"caption\":\"FredFloris\"},\"image\":{\"@id\":\"https:\/\/fredfloris.eu\/#\/schema\/logo\/image\/\"},\"sameAs\":[\"https:\/\/www.facebook.com\/FredFloris.Artisan.Studio\/\",\"https:\/\/x.com\/_fredfloris_\",\"https:\/\/www.instagram.com\/fredfloris.artisan.studio\/\"]}]}<\/script>\n<!-- \/ Yoast SEO plugin. -->","yoast_head_json":{"title":"\u00d6rh\u00e4ngen med l\u00e5ng silverkedja| FredFloris","description":"Vi presenterar v\u00e5ra l\u00e5nga silverkedje\u00f6rh\u00e4ngen, 13,50 mm l\u00e5nga. \u00d6rh\u00e4ngen med l\u00e5ng kedja \u00e4r den perfekta presenten till henne, Tarnish Free.","robots":{"index":"index","follow":"follow","max-snippet":"max-snippet:-1","max-image-preview":"max-image-preview:large","max-video-preview":"max-video-preview:-1"},"canonical":"https:\/\/fredfloris.eu\/sv\/productpage\/silver-long-chain-earrings\/?wmc-currency=SEK","og_locale":"sv_SE","og_type":"article","og_title":"Long Silver Chain Earrings| FredFloris","og_description":"Presenting our long silver chain earrings, 13.50 mm in lenght. Long chain earrings are the perfect gift for Her, Tarnish Free.","og_url":"https:\/\/fredfloris.eu\/sv\/productpage\/silver-long-chain-earrings\/?wmc-currency=SEK","og_site_name":"FredFloris","article_publisher":"https:\/\/www.facebook.com\/FredFloris.Artisan.Studio\/","article_modified_time":"2024-07-23T18:23:38+00:00","og_image":[{"width":2560,"height":1707,"url":"https:\/\/fredfloris.eu\/wp-content\/uploads\/2022\/05\/IMG_1988-scaled.jpg","type":"image\/jpeg"}],"twitter_card":"summary_large_image","twitter_site":"@_fredfloris_","twitter_misc":{"Ber\u00e4knad l\u00e4stid":"2 minuter"},"schema":{"@context":"https:\/\/schema.org","@graph":[{"@type":"WebPage","@id":"https:\/\/fredfloris.eu\/productpage\/silver-long-chain-earrings\/","url":"https:\/\/fredfloris.eu\/productpage\/silver-long-chain-earrings\/","name":"\u00d6rh\u00e4ngen med l\u00e5ng silverkedja| FredFloris","isPartOf":{"@id":"https:\/\/fredfloris.eu\/#website"},"primaryImageOfPage":{"@id":"https:\/\/fredfloris.eu\/productpage\/silver-long-chain-earrings\/#primaryimage"},"image":{"@id":"https:\/\/fredfloris.eu\/productpage\/silver-long-chain-earrings\/#primaryimage"},"thumbnailUrl":"https:\/\/fredfloris.eu\/wp-content\/uploads\/2022\/05\/IMG_1988-scaled.jpg","datePublished":"2022-05-17T19:56:52+00:00","dateModified":"2024-07-23T18:23:38+00:00","description":"Vi presenterar v\u00e5ra l\u00e5nga silverkedje\u00f6rh\u00e4ngen, 13,50 mm l\u00e5nga. \u00d6rh\u00e4ngen med l\u00e5ng kedja \u00e4r den perfekta presenten till henne, Tarnish Free.","breadcrumb":{"@id":"https:\/\/fredfloris.eu\/productpage\/silver-long-chain-earrings\/#breadcrumb"},"inLanguage":"sv-SE","potentialAction":[{"@type":"ReadAction","target":["https:\/\/fredfloris.eu\/productpage\/silver-long-chain-earrings\/"]}]},{"@type":"ImageObject","inLanguage":"sv-SE","@id":"https:\/\/fredfloris.eu\/productpage\/silver-long-chain-earrings\/#primaryimage","url":"https:\/\/fredfloris.eu\/wp-content\/uploads\/2022\/05\/IMG_1988-scaled.jpg","contentUrl":"https:\/\/fredfloris.eu\/wp-content\/uploads\/2022\/05\/IMG_1988-scaled.jpg","width":2560,"height":1707,"caption":"Product: Silver Lady - Long Chain Earrings \u2013 Platinum Plated Silver"},{"@type":"BreadcrumbList","@id":"https:\/\/fredfloris.eu\/productpage\/silver-long-chain-earrings\/#breadcrumb","itemListElement":[{"@type":"ListItem","position":1,"name":"Home","item":"https:\/\/fredfloris.eu\/"},{"@type":"ListItem","position":2,"name":"Shop","item":"https:\/\/fredfloris.eu\/shop\/"},{"@type":"ListItem","position":3,"name":"Silver Lady &#8211; Long Chain Earrings"}]},{"@type":"WebSite","@id":"https:\/\/fredfloris.eu\/#website","url":"https:\/\/fredfloris.eu\/","name":"FredFloris","description":"Handgjorda l\u00e4dervaror - tillverkade i Sverige","publisher":{"@id":"https:\/\/fredfloris.eu\/#organization"},"potentialAction":[{"@type":"SearchAction","target":{"@type":"EntryPoint","urlTemplate":"https:\/\/fredfloris.eu\/?s={search_term_string}"},"query-input":{"@type":"PropertyValueSpecification","valueRequired":true,"valueName":"search_term_string"}}],"inLanguage":"sv-SE"},{"@type":"Organization","@id":"https:\/\/fredfloris.eu\/#organization","name":"FredFloris","url":"https:\/\/fredfloris.eu\/","logo":{"@type":"ImageObject","inLanguage":"sv-SE","@id":"https:\/\/fredfloris.eu\/#\/schema\/logo\/image\/","url":"https:\/\/fredfloris.eu\/wp-content\/uploads\/2022\/03\/FredFloris-med-hel-nal-och-text.png","contentUrl":"https:\/\/fredfloris.eu\/wp-content\/uploads\/2022\/03\/FredFloris-med-hel-nal-och-text.png","width":591,"height":283,"caption":"FredFloris"},"image":{"@id":"https:\/\/fredfloris.eu\/#\/schema\/logo\/image\/"},"sameAs":["https:\/\/www.facebook.com\/FredFloris.Artisan.Studio\/","https:\/\/x.com\/_fredfloris_","https:\/\/www.instagram.com\/fredfloris.artisan.studio\/"]}]}},"brands":[{"id":204,"name":"FredFloris &amp; Partner","slug":"fredfloris-partner"}],"_links":{"self":[{"href":"https:\/\/fredfloris.eu\/sv\/wp-json\/wp\/v2\/product\/5260","targetHints":{"allow":["GET"]}}],"collection":[{"href":"https:\/\/fredfloris.eu\/sv\/wp-json\/wp\/v2\/product"}],"about":[{"href":"https:\/\/fredfloris.eu\/sv\/wp-json\/wp\/v2\/types\/product"}],"version-history":[{"count":8,"href":"https:\/\/fredfloris.eu\/sv\/wp-json\/wp\/v2\/product\/5260\/revisions"}],"predecessor-version":[{"id":11589,"href":"https:\/\/fredfloris.eu\/sv\/wp-json\/wp\/v2\/product\/5260\/revisions\/11589"}],"wp:featuredmedia":[{"embeddable":true,"href":"https:\/\/fredfloris.eu\/sv\/wp-json\/wp\/v2\/media\/4753"}],"wp:attachment":[{"href":"https:\/\/fredfloris.eu\/sv\/wp-json\/wp\/v2\/media?parent=5260"}],"wp:term":[{"taxonomy":"pwb-brand","embeddable":true,"href":"https:\/\/fredfloris.eu\/sv\/wp-json\/wp\/v2\/pwb-brand?post=5260"},{"taxonomy":"product_brand","embeddable":true,"href":"https:\/\/fredfloris.eu\/sv\/wp-json\/wp\/v2\/product_brand?post=5260"},{"taxonomy":"product_cat","embeddable":true,"href":"https:\/\/fredfloris.eu\/sv\/wp-json\/wp\/v2\/product_cat?post=5260"},{"taxonomy":"product_tag","embeddable":true,"href":"https:\/\/fredfloris.eu\/sv\/wp-json\/wp\/v2\/product_tag?post=5260"},{"taxonomy":"woo-feed-brand","embeddable":true,"href":"https:\/\/fredfloris.eu\/sv\/wp-json\/wp\/v2\/woo-feed-brand?post=5260"}],"curies":[{"name":"wp","href":"https:\/\/api.w.org\/{rel}","templated":true}]}}