{"id":5267,"date":"2022-05-17T22:19:26","date_gmt":"2022-05-17T20:19:26","guid":{"rendered":"https:\/\/fredfloris.eu\/?post_type=product&#038;p=5267"},"modified":"2024-07-23T20:24:25","modified_gmt":"2024-07-23T18:24:25","slug":"baby-blue-leaf-pearl-earring","status":"publish","type":"product","link":"https:\/\/fredfloris.eu\/sv\/productpage\/baby-blue-leaf-pearl-earring\/","title":{"rendered":"Baby Blue - Sm\u00e5 Blad Swarovski P\u00e4rl\u00f6rh\u00e4ngen Stift\u00f6rh\u00e4ngen"},"content":{"rendered":"<p><strong>Vi presenterar v\u00e5ra Swarovski p\u00e4rl\u00f6rh\u00e4ngen, inb\u00e4ddade i gyllene blad f\u00f6r en touch av tidl\u00f6s elegans.<\/strong> Dessa delikata stift\u00f6rh\u00e4ngen har en Swarovski-p\u00e4rla inb\u00e4ddad i en b\u00f6jd gren av gyllene blad, som p\u00e5minner om gryningen av en ny dag. Kombinationen av p\u00e4rla och guld f\u00f6r tankarna till en klassisk Hollywood-stil och ger en sp\u00e4nnande k\u00e4nsla till varje outfit.<\/p>\n<p><strong>Tillg\u00e4ngliga alternativ:<\/strong> Tillverkad i 925 Sterling Silver med 24K guldpl\u00e4tering.<\/p>\n<p><strong>Swarovski P\u00e4rlor:<\/strong> Dessa p\u00e4rlor \u00e4r uts\u00f6kta kopior av naturp\u00e4rlor och erbjuder en felfri glans till en br\u00e5kdel av kostnaden. Swarovski-p\u00e4rlorna \u00e4r designade f\u00f6r att beh\u00e5lla sin glans och sk\u00f6nhet oavsett hur ofta de b\u00e4rs och \u00e4r ett bevis p\u00e5 varaktig elegans.<\/p>\n<p><strong>Genomt\u00e4nkt presentid\u00e9:<\/strong> P\u00e4rlor \u00e4r en traditionell g\u00e5va till 30-\u00e5riga br\u00f6llopsdagar, vilket g\u00f6r dessa \u00f6rh\u00e4ngen till ett omt\u00e4nksamt och lyxigt val. De \u00e4r ocks\u00e5 perfekta f\u00f6r f\u00f6delsedagar i juni, d\u00e5 p\u00e4rlor \u00e4r f\u00f6delsestenen, och visar den speciella personen hur mycket du bryr dig.<\/p>\n<p><strong>Allergiv\u00e4nlig:<\/strong> Det guldpl\u00e4terade silvret i de h\u00e4r sm\u00e5 stift\u00f6rh\u00e4ngena \u00e4r fritt fr\u00e5n nickel, vilket g\u00f6r att de inte missf\u00e4rgas eller irriterar huden. Det s\u00e4kra l\u00e5set h\u00e5ller \u00f6rh\u00e4ngena bekv\u00e4mt p\u00e5 plats under hela dagen.<\/p>\n<p><strong>Sk\u00f6tsel av smycken:<\/strong> F\u00f6rvara \u00f6rh\u00e4ngena i en mjuk l\u00e5da eller v\u00e4ska, \u00e5tskilda fr\u00e5n andra smycken, f\u00f6r att bevara dem i of\u00f6r\u00e4ndrat skick. Undvik exponering f\u00f6r kemikalier f\u00f6r att f\u00f6rhindra skador. Pl\u00e4teringen, oavsett om det \u00e4r platina eller guld, \u00e4r k\u00e4nslig och kommer, som alla pl\u00e4teringar, att blekna med tiden. Begr\u00e4nsa kontakt med kemikalier och hud f\u00f6r att f\u00f6rl\u00e4nga pl\u00e4teringens livsl\u00e4ngd.<\/p>\n<p>&nbsp;<\/p>\n<p>S\u00f6kord: P\u00e4rl\u00f6rh\u00e4ngen med sm\u00e5 stift, Silver\u00f6rh\u00e4ngen med stift<\/p>","protected":false},"excerpt":{"rendered":"<p><strong>PRODUKTDIMENSIONER <\/strong>Produktvikt: 1,25 g (par) H\u00f6jd: 10,50 mm, bredd: 6,70 mm. 24K guldpl\u00e4terat 925 sterling silver - 0,4 \u00b5m. Earring Stopper har en silikoninredning. SKU: bab\/ear\/gol\/pea Varum\u00e4rke: FredFloris &amp; Partner<\/p>\n<pre><\/pre>\n<p>V\u00e5r erfarna partner i Polen tillverkar basen till \u00f6rh\u00e4ngena. Vi anv\u00e4nder 0,4 \u00b5m tjockt pl\u00e4terat silver eftersom det inte g\u00f6r smyckena m\u00f6rkare eller mattare. Produkten har en viss motst\u00e5ndskraft mot missf\u00e4rgning, men f\u00f6lj v\u00e5ra sk\u00f6tselr\u00e5d f\u00f6r att f\u00f6rl\u00e4nga livsl\u00e4ngden p\u00e5 dina nya smycken.<\/p>","protected":false},"featured_media":4802,"template":"","meta":[],"pwb-brand":[204],"product_brand":[],"product_cat":[113,101,114],"product_tag":[174,163,164,135,195],"woo-feed-brand":[],"class_list":{"0":"post-5267","1":"product","2":"type-product","3":"status-publish","4":"has-post-thumbnail","6":"pwb-brand-fredfloris-partner","7":"product_cat-earrings","8":"product_cat-jewelry","9":"product_cat-stud-earrings","10":"product_tag-back-stopper","11":"product_tag-gold","12":"product_tag-silver","13":"product_tag-stocked","14":"product_tag-swarovski","15":"product_shipping_class-small-goods","17":"first","18":"instock","19":"taxable","20":"shipping-taxable","21":"purchasable","22":"product-type-simple"},"yoast_head":"<!-- This site is optimized with the Yoast SEO plugin v27.2 - https:\/\/yoast.com\/product\/yoast-seo-wordpress\/ -->\n<title>Baby Blue - Tiny Leaf Swarovski Pearl Earrings Studs | FredFloris<\/title>\n<meta name=\"description\" content=\"Leaf Swarovski small stud pearl earring, 24K Gold Plated 925 Sterling Silver. They feature a delicate leaf design alongside shining pearls.\" \/>\n<meta name=\"robots\" content=\"index, follow, max-snippet:-1, max-image-preview:large, max-video-preview:-1\" \/>\n<link rel=\"canonical\" href=\"https:\/\/fredfloris.eu\/sv\/productpage\/baby-blue-leaf-pearl-earring\/?wmc-currency=SEK\" \/>\n<meta property=\"og:locale\" content=\"sv_SE\" \/>\n<meta property=\"og:type\" content=\"article\" \/>\n<meta property=\"og:title\" content=\"Baby Blue - Tiny Leaf Swarovski Pearl Earrings Studs | FredFloris\" \/>\n<meta property=\"og:description\" content=\"Leaf Swarovski small stud pearl earring, 24K Gold Plated 925 Sterling Silver. They feature a delicate leaf design alongside shining pearls.\" \/>\n<meta property=\"og:url\" content=\"https:\/\/fredfloris.eu\/sv\/productpage\/baby-blue-leaf-pearl-earring\/?wmc-currency=SEK\" \/>\n<meta property=\"og:site_name\" content=\"FredFloris\" \/>\n<meta property=\"article:publisher\" content=\"https:\/\/www.facebook.com\/FredFloris.Artisan.Studio\/\" \/>\n<meta property=\"article:modified_time\" content=\"2024-07-23T18:24:25+00:00\" \/>\n<meta property=\"og:image\" content=\"https:\/\/fredfloris.eu\/wp-content\/uploads\/2022\/05\/IMG_0776-scaled.jpg\" \/>\n\t<meta property=\"og:image:width\" content=\"2560\" \/>\n\t<meta property=\"og:image:height\" content=\"1707\" \/>\n\t<meta property=\"og:image:type\" content=\"image\/jpeg\" \/>\n<meta name=\"twitter:card\" content=\"summary_large_image\" \/>\n<meta name=\"twitter:site\" content=\"@_fredfloris_\" \/>\n<meta name=\"twitter:label1\" content=\"Ber\u00e4knad l\u00e4stid\" \/>\n\t<meta name=\"twitter:data1\" content=\"2 minuter\" \/>\n<script type=\"application\/ld+json\" class=\"yoast-schema-graph\">{\"@context\":\"https:\/\/schema.org\",\"@graph\":[{\"@type\":\"WebPage\",\"@id\":\"https:\/\/fredfloris.eu\/productpage\/baby-blue-leaf-pearl-earring\/\",\"url\":\"https:\/\/fredfloris.eu\/productpage\/baby-blue-leaf-pearl-earring\/\",\"name\":\"Baby Blue - Tiny Leaf Swarovski Pearl Earrings Studs | FredFloris\",\"isPartOf\":{\"@id\":\"https:\/\/fredfloris.eu\/#website\"},\"primaryImageOfPage\":{\"@id\":\"https:\/\/fredfloris.eu\/productpage\/baby-blue-leaf-pearl-earring\/#primaryimage\"},\"image\":{\"@id\":\"https:\/\/fredfloris.eu\/productpage\/baby-blue-leaf-pearl-earring\/#primaryimage\"},\"thumbnailUrl\":\"https:\/\/fredfloris.eu\/wp-content\/uploads\/2022\/05\/IMG_0776-scaled.jpg\",\"datePublished\":\"2022-05-17T20:19:26+00:00\",\"dateModified\":\"2024-07-23T18:24:25+00:00\",\"description\":\"Leaf Swarovski small stud pearl earring, 24K Gold Plated 925 Sterling Silver. They feature a delicate leaf design alongside shining pearls.\",\"breadcrumb\":{\"@id\":\"https:\/\/fredfloris.eu\/productpage\/baby-blue-leaf-pearl-earring\/#breadcrumb\"},\"inLanguage\":\"sv-SE\",\"potentialAction\":[{\"@type\":\"ReadAction\",\"target\":[\"https:\/\/fredfloris.eu\/productpage\/baby-blue-leaf-pearl-earring\/\"]}]},{\"@type\":\"ImageObject\",\"inLanguage\":\"sv-SE\",\"@id\":\"https:\/\/fredfloris.eu\/productpage\/baby-blue-leaf-pearl-earring\/#primaryimage\",\"url\":\"https:\/\/fredfloris.eu\/wp-content\/uploads\/2022\/05\/IMG_0776-scaled.jpg\",\"contentUrl\":\"https:\/\/fredfloris.eu\/wp-content\/uploads\/2022\/05\/IMG_0776-scaled.jpg\",\"width\":2560,\"height\":1707,\"caption\":\"Product: Pearl Earrings Studs \u2013 Gold Plated Silver\"},{\"@type\":\"BreadcrumbList\",\"@id\":\"https:\/\/fredfloris.eu\/productpage\/baby-blue-leaf-pearl-earring\/#breadcrumb\",\"itemListElement\":[{\"@type\":\"ListItem\",\"position\":1,\"name\":\"Home\",\"item\":\"https:\/\/fredfloris.eu\/\"},{\"@type\":\"ListItem\",\"position\":2,\"name\":\"Shop\",\"item\":\"https:\/\/fredfloris.eu\/shop\/\"},{\"@type\":\"ListItem\",\"position\":3,\"name\":\"Baby Blue &#8211; Tiny Leaf Swarovski Pearl Earrings Studs\"}]},{\"@type\":\"WebSite\",\"@id\":\"https:\/\/fredfloris.eu\/#website\",\"url\":\"https:\/\/fredfloris.eu\/\",\"name\":\"FredFloris\",\"description\":\"Handcrafted Leathergoods - Made in Sweden\",\"publisher\":{\"@id\":\"https:\/\/fredfloris.eu\/#organization\"},\"potentialAction\":[{\"@type\":\"SearchAction\",\"target\":{\"@type\":\"EntryPoint\",\"urlTemplate\":\"https:\/\/fredfloris.eu\/?s={search_term_string}\"},\"query-input\":{\"@type\":\"PropertyValueSpecification\",\"valueRequired\":true,\"valueName\":\"search_term_string\"}}],\"inLanguage\":\"sv-SE\"},{\"@type\":\"Organization\",\"@id\":\"https:\/\/fredfloris.eu\/#organization\",\"name\":\"FredFloris\",\"url\":\"https:\/\/fredfloris.eu\/\",\"logo\":{\"@type\":\"ImageObject\",\"inLanguage\":\"sv-SE\",\"@id\":\"https:\/\/fredfloris.eu\/#\/schema\/logo\/image\/\",\"url\":\"https:\/\/fredfloris.eu\/wp-content\/uploads\/2022\/03\/FredFloris-med-hel-nal-och-text.png\",\"contentUrl\":\"https:\/\/fredfloris.eu\/wp-content\/uploads\/2022\/03\/FredFloris-med-hel-nal-och-text.png\",\"width\":591,\"height\":283,\"caption\":\"FredFloris\"},\"image\":{\"@id\":\"https:\/\/fredfloris.eu\/#\/schema\/logo\/image\/\"},\"sameAs\":[\"https:\/\/www.facebook.com\/FredFloris.Artisan.Studio\/\",\"https:\/\/x.com\/_fredfloris_\",\"https:\/\/www.instagram.com\/fredfloris.artisan.studio\/\"]}]}<\/script>\n<!-- \/ Yoast SEO plugin. -->","yoast_head_json":{"title":"Baby Blue - Tiny Leaf Swarovski p\u00e4rl\u00f6rh\u00e4ngen stift\u00f6rh\u00e4ngen | FredFloris","description":"Leaf Swarovski litet p\u00e4rl\u00f6rh\u00e4nge med stift, 24K guldpl\u00e4terat 925 sterling silver. De har en delikat bladdesign tillsammans med gl\u00e4nsande p\u00e4rlor.","robots":{"index":"index","follow":"follow","max-snippet":"max-snippet:-1","max-image-preview":"max-image-preview:large","max-video-preview":"max-video-preview:-1"},"canonical":"https:\/\/fredfloris.eu\/sv\/productpage\/baby-blue-leaf-pearl-earring\/?wmc-currency=SEK","og_locale":"sv_SE","og_type":"article","og_title":"Baby Blue - Tiny Leaf Swarovski Pearl Earrings Studs | FredFloris","og_description":"Leaf Swarovski small stud pearl earring, 24K Gold Plated 925 Sterling Silver. They feature a delicate leaf design alongside shining pearls.","og_url":"https:\/\/fredfloris.eu\/sv\/productpage\/baby-blue-leaf-pearl-earring\/?wmc-currency=SEK","og_site_name":"FredFloris","article_publisher":"https:\/\/www.facebook.com\/FredFloris.Artisan.Studio\/","article_modified_time":"2024-07-23T18:24:25+00:00","og_image":[{"width":2560,"height":1707,"url":"https:\/\/fredfloris.eu\/wp-content\/uploads\/2022\/05\/IMG_0776-scaled.jpg","type":"image\/jpeg"}],"twitter_card":"summary_large_image","twitter_site":"@_fredfloris_","twitter_misc":{"Ber\u00e4knad l\u00e4stid":"2 minuter"},"schema":{"@context":"https:\/\/schema.org","@graph":[{"@type":"WebPage","@id":"https:\/\/fredfloris.eu\/productpage\/baby-blue-leaf-pearl-earring\/","url":"https:\/\/fredfloris.eu\/productpage\/baby-blue-leaf-pearl-earring\/","name":"Baby Blue - Tiny Leaf Swarovski p\u00e4rl\u00f6rh\u00e4ngen stift\u00f6rh\u00e4ngen | FredFloris","isPartOf":{"@id":"https:\/\/fredfloris.eu\/#website"},"primaryImageOfPage":{"@id":"https:\/\/fredfloris.eu\/productpage\/baby-blue-leaf-pearl-earring\/#primaryimage"},"image":{"@id":"https:\/\/fredfloris.eu\/productpage\/baby-blue-leaf-pearl-earring\/#primaryimage"},"thumbnailUrl":"https:\/\/fredfloris.eu\/wp-content\/uploads\/2022\/05\/IMG_0776-scaled.jpg","datePublished":"2022-05-17T20:19:26+00:00","dateModified":"2024-07-23T18:24:25+00:00","description":"Leaf Swarovski litet p\u00e4rl\u00f6rh\u00e4nge med stift, 24K guldpl\u00e4terat 925 sterling silver. De har en delikat bladdesign tillsammans med gl\u00e4nsande p\u00e4rlor.","breadcrumb":{"@id":"https:\/\/fredfloris.eu\/productpage\/baby-blue-leaf-pearl-earring\/#breadcrumb"},"inLanguage":"sv-SE","potentialAction":[{"@type":"ReadAction","target":["https:\/\/fredfloris.eu\/productpage\/baby-blue-leaf-pearl-earring\/"]}]},{"@type":"ImageObject","inLanguage":"sv-SE","@id":"https:\/\/fredfloris.eu\/productpage\/baby-blue-leaf-pearl-earring\/#primaryimage","url":"https:\/\/fredfloris.eu\/wp-content\/uploads\/2022\/05\/IMG_0776-scaled.jpg","contentUrl":"https:\/\/fredfloris.eu\/wp-content\/uploads\/2022\/05\/IMG_0776-scaled.jpg","width":2560,"height":1707,"caption":"Product: Pearl Earrings Studs \u2013 Gold Plated Silver"},{"@type":"BreadcrumbList","@id":"https:\/\/fredfloris.eu\/productpage\/baby-blue-leaf-pearl-earring\/#breadcrumb","itemListElement":[{"@type":"ListItem","position":1,"name":"Home","item":"https:\/\/fredfloris.eu\/"},{"@type":"ListItem","position":2,"name":"Shop","item":"https:\/\/fredfloris.eu\/shop\/"},{"@type":"ListItem","position":3,"name":"Baby Blue &#8211; Tiny Leaf Swarovski Pearl Earrings Studs"}]},{"@type":"WebSite","@id":"https:\/\/fredfloris.eu\/#website","url":"https:\/\/fredfloris.eu\/","name":"FredFloris","description":"Handgjorda l\u00e4dervaror - tillverkade i Sverige","publisher":{"@id":"https:\/\/fredfloris.eu\/#organization"},"potentialAction":[{"@type":"SearchAction","target":{"@type":"EntryPoint","urlTemplate":"https:\/\/fredfloris.eu\/?s={search_term_string}"},"query-input":{"@type":"PropertyValueSpecification","valueRequired":true,"valueName":"search_term_string"}}],"inLanguage":"sv-SE"},{"@type":"Organization","@id":"https:\/\/fredfloris.eu\/#organization","name":"FredFloris","url":"https:\/\/fredfloris.eu\/","logo":{"@type":"ImageObject","inLanguage":"sv-SE","@id":"https:\/\/fredfloris.eu\/#\/schema\/logo\/image\/","url":"https:\/\/fredfloris.eu\/wp-content\/uploads\/2022\/03\/FredFloris-med-hel-nal-och-text.png","contentUrl":"https:\/\/fredfloris.eu\/wp-content\/uploads\/2022\/03\/FredFloris-med-hel-nal-och-text.png","width":591,"height":283,"caption":"FredFloris"},"image":{"@id":"https:\/\/fredfloris.eu\/#\/schema\/logo\/image\/"},"sameAs":["https:\/\/www.facebook.com\/FredFloris.Artisan.Studio\/","https:\/\/x.com\/_fredfloris_","https:\/\/www.instagram.com\/fredfloris.artisan.studio\/"]}]}},"brands":[{"id":204,"name":"FredFloris &amp; Partner","slug":"fredfloris-partner"}],"_links":{"self":[{"href":"https:\/\/fredfloris.eu\/sv\/wp-json\/wp\/v2\/product\/5267","targetHints":{"allow":["GET"]}}],"collection":[{"href":"https:\/\/fredfloris.eu\/sv\/wp-json\/wp\/v2\/product"}],"about":[{"href":"https:\/\/fredfloris.eu\/sv\/wp-json\/wp\/v2\/types\/product"}],"version-history":[{"count":6,"href":"https:\/\/fredfloris.eu\/sv\/wp-json\/wp\/v2\/product\/5267\/revisions"}],"predecessor-version":[{"id":11588,"href":"https:\/\/fredfloris.eu\/sv\/wp-json\/wp\/v2\/product\/5267\/revisions\/11588"}],"wp:featuredmedia":[{"embeddable":true,"href":"https:\/\/fredfloris.eu\/sv\/wp-json\/wp\/v2\/media\/4802"}],"wp:attachment":[{"href":"https:\/\/fredfloris.eu\/sv\/wp-json\/wp\/v2\/media?parent=5267"}],"wp:term":[{"taxonomy":"pwb-brand","embeddable":true,"href":"https:\/\/fredfloris.eu\/sv\/wp-json\/wp\/v2\/pwb-brand?post=5267"},{"taxonomy":"product_brand","embeddable":true,"href":"https:\/\/fredfloris.eu\/sv\/wp-json\/wp\/v2\/product_brand?post=5267"},{"taxonomy":"product_cat","embeddable":true,"href":"https:\/\/fredfloris.eu\/sv\/wp-json\/wp\/v2\/product_cat?post=5267"},{"taxonomy":"product_tag","embeddable":true,"href":"https:\/\/fredfloris.eu\/sv\/wp-json\/wp\/v2\/product_tag?post=5267"},{"taxonomy":"woo-feed-brand","embeddable":true,"href":"https:\/\/fredfloris.eu\/sv\/wp-json\/wp\/v2\/woo-feed-brand?post=5267"}],"curies":[{"name":"wp","href":"https:\/\/api.w.org\/{rel}","templated":true}]}}