{"id":5315,"date":"2022-05-18T19:01:53","date_gmt":"2022-05-18T17:01:53","guid":{"rendered":"https:\/\/fredfloris.eu\/?post_type=product&#038;p=5315"},"modified":"2024-07-23T20:26:35","modified_gmt":"2024-07-23T18:26:35","slug":"hoop-40-mm-earrings","status":"publish","type":"product","link":"https:\/\/fredfloris.eu\/sv\/productpage\/hoop-40-mm-earrings\/","title":{"rendered":"V\u00e5r - Creol\u00f6rh\u00e4ngen 40 mm"},"content":{"rendered":"<p><strong>Omfamna en tidl\u00f6s stil med v\u00e5ra stora, 40 mm tunna \u00f6rh\u00e4ngen.<\/strong> Deras dj\u00e4rva enkelhet g\u00f6r dem till ett enkelt och elegant tillskott i varje garderob. De h\u00e4r creolerna passar alla ansiktsformer och kan kombineras med vilken outfit som helst, vilket g\u00f6r dem perfekta f\u00f6r speciella tillf\u00e4llen, br\u00f6llop, fester, jobb och familjesammankomster.<\/p>\n<p><strong>Tillg\u00e4ngliga alternativ:<\/strong> Tillverkad i 925 Sterling silver med m\u00f6jlighet till platinapl\u00e4tering eller 24k guldpl\u00e4tering.<\/p>\n<p><strong>Klassisk design:<\/strong> Hoop\u00f6rh\u00e4ngen \u00e4r ett klassiskt val som passar alla ansiktsformer, hudtoner och stilar. Deras diskreta men \u00e4nd\u00e5 p\u00e5kostade design g\u00f6r dem till en v\u00e4rdefull investering i din moderepertoar.<\/p>\n<p><strong>Meningsfull n\u00e4rvaro:<\/strong> De h\u00e4r runda \u00f6rh\u00e4ngena \u00e4r en perfekt present till alla som \u00e4lskar smycken. De har ett blygsamt pris men h\u00f6g kvalitet och \u00e4r perfekta f\u00f6r alla tillf\u00e4llen.<\/p>\n<p><strong>Allergiv\u00e4nlig:<\/strong> V\u00e5ra \u00f6rh\u00e4ngen \u00e4r fria fr\u00e5n nickel, vilket g\u00f6r dem s\u00e4kra f\u00f6r k\u00e4nslig hud och f\u00f6rhindrar irritation och missf\u00e4rgning med tiden. Det s\u00e4kra l\u00e5set ser till att \u00f6rh\u00e4ngena sitter bekv\u00e4mt p\u00e5 plats.<\/p>\n<p><strong>Sk\u00f6tsel av smycken:<\/strong> F\u00f6rvara \u00f6rh\u00e4ngena i en mjuk l\u00e5da eller v\u00e4ska, \u00e5tskilda fr\u00e5n andra smycken, f\u00f6r att bevara dem i of\u00f6r\u00e4ndrat skick. Undvik exponering f\u00f6r kemikalier f\u00f6r att f\u00f6rhindra skador. Pl\u00e4teringen, oavsett om det \u00e4r platina eller guld, \u00e4r k\u00e4nslig och kommer, som alla pl\u00e4teringar, att blekna med tiden. Begr\u00e4nsa kontakt med kemikalier och hud f\u00f6r att f\u00f6rl\u00e4nga pl\u00e4teringens livsl\u00e4ngd.<\/p>\n<p>&nbsp;<\/p>\n<p>S\u00f6kord: runda \u00f6rh\u00e4ngen, Guld, silver\u00f6rh\u00e4ngen<\/p>","protected":false},"excerpt":{"rendered":"<p><strong>PRODUKTDIMENSIONER <\/strong>Produktvikt: 3 g (par)<\/p>\n<p>Inre hoppringens diameter: 37 mm. Yttre hoppringens diameter: 40 mm. Tjocklek: 1,50 mm. Finns i Sterling Silver\/Platinapl\u00e4terad\/24K Guldpl\u00e4terad - 0,4 \u00b5m.<\/p>\n<pre><\/pre>\n<p>V\u00e5r erfarna partner i Polen tillverkar basen till \u00f6rh\u00e4ngena. Vi anv\u00e4nder 0,4 \u00b5m tjockt pl\u00e4terat silver eftersom det inte g\u00f6r smyckena m\u00f6rkare eller mattare. Produkten har en viss motst\u00e5ndskraft mot missf\u00e4rgning, men f\u00f6lj v\u00e5ra sk\u00f6tselr\u00e5d f\u00f6r att f\u00f6rl\u00e4nga livsl\u00e4ngden p\u00e5 dina nya smycken.<\/p>","protected":false},"featured_media":4757,"template":"","meta":[],"pwb-brand":[204],"product_brand":[],"product_cat":[113,116,101],"product_tag":[163,165,164,135],"woo-feed-brand":[],"class_list":{"0":"post-5315","1":"product","2":"type-product","3":"status-publish","4":"has-post-thumbnail","6":"pwb-brand-fredfloris-partner","7":"product_cat-earrings","8":"product_cat-hoop-earrings","9":"product_cat-jewelry","10":"product_tag-gold","11":"product_tag-platinum","12":"product_tag-silver","13":"product_tag-stocked","14":"product_shipping_class-small-goods","15":"pa_hoops-40-mm-ag-925-24k-gold-plated-04-m","16":"pa_hoops-40-mm-ag-925-platinum-plated-04-m","18":"first","19":"instock","20":"taxable","21":"shipping-taxable","22":"purchasable","23":"product-type-variable"},"yoast_head":"<!-- This site is optimized with the Yoast SEO plugin v27.2 - https:\/\/yoast.com\/product\/yoast-seo-wordpress\/ -->\n<title>V\u00e5r - Round Hoop 40 mm Earrings | FredFloris<\/title>\n<meta name=\"description\" content=\"The large round hoop earrings feature an infinity clasp, available in 925 sterling silver with platinum plating or 24k gold plating.\" \/>\n<meta name=\"robots\" content=\"index, follow, max-snippet:-1, max-image-preview:large, max-video-preview:-1\" \/>\n<link rel=\"canonical\" href=\"https:\/\/fredfloris.eu\/sv\/productpage\/hoop-40-mm-earrings\/?wmc-currency=SEK\" \/>\n<meta property=\"og:locale\" content=\"sv_SE\" \/>\n<meta property=\"og:type\" content=\"article\" \/>\n<meta property=\"og:title\" content=\"V\u00e5r - Round Hoop 40 mm Earrings | FredFloris\" \/>\n<meta property=\"og:description\" content=\"The large round hoop earrings feature an infinity clasp, available in 925 sterling silver with platinum plating or 24k gold plating.\" \/>\n<meta property=\"og:url\" content=\"https:\/\/fredfloris.eu\/sv\/productpage\/hoop-40-mm-earrings\/?wmc-currency=SEK\" \/>\n<meta property=\"og:site_name\" content=\"FredFloris\" \/>\n<meta property=\"article:publisher\" content=\"https:\/\/www.facebook.com\/FredFloris.Artisan.Studio\/\" \/>\n<meta property=\"article:modified_time\" content=\"2024-07-23T18:26:35+00:00\" \/>\n<meta property=\"og:image\" content=\"https:\/\/fredfloris.eu\/wp-content\/uploads\/2022\/05\/IMG_2214-scaled.jpg\" \/>\n\t<meta property=\"og:image:width\" content=\"2560\" \/>\n\t<meta property=\"og:image:height\" content=\"1707\" \/>\n\t<meta property=\"og:image:type\" content=\"image\/jpeg\" \/>\n<meta name=\"twitter:card\" content=\"summary_large_image\" \/>\n<meta name=\"twitter:site\" content=\"@_fredfloris_\" \/>\n<meta name=\"twitter:label1\" content=\"Ber\u00e4knad l\u00e4stid\" \/>\n\t<meta name=\"twitter:data1\" content=\"2 minuter\" \/>\n<script type=\"application\/ld+json\" class=\"yoast-schema-graph\">{\"@context\":\"https:\/\/schema.org\",\"@graph\":[{\"@type\":\"WebPage\",\"@id\":\"https:\/\/fredfloris.eu\/productpage\/hoop-40-mm-earrings\/\",\"url\":\"https:\/\/fredfloris.eu\/productpage\/hoop-40-mm-earrings\/\",\"name\":\"V\u00e5r - Round Hoop 40 mm Earrings | FredFloris\",\"isPartOf\":{\"@id\":\"https:\/\/fredfloris.eu\/#website\"},\"primaryImageOfPage\":{\"@id\":\"https:\/\/fredfloris.eu\/productpage\/hoop-40-mm-earrings\/#primaryimage\"},\"image\":{\"@id\":\"https:\/\/fredfloris.eu\/productpage\/hoop-40-mm-earrings\/#primaryimage\"},\"thumbnailUrl\":\"https:\/\/fredfloris.eu\/wp-content\/uploads\/2022\/05\/IMG_2214-scaled-e1740245591133.jpg\",\"datePublished\":\"2022-05-18T17:01:53+00:00\",\"dateModified\":\"2024-07-23T18:26:35+00:00\",\"description\":\"The large round hoop earrings feature an infinity clasp, available in 925 sterling silver with platinum plating or 24k gold plating.\",\"breadcrumb\":{\"@id\":\"https:\/\/fredfloris.eu\/productpage\/hoop-40-mm-earrings\/#breadcrumb\"},\"inLanguage\":\"sv-SE\",\"potentialAction\":[{\"@type\":\"ReadAction\",\"target\":[\"https:\/\/fredfloris.eu\/productpage\/hoop-40-mm-earrings\/\"]}]},{\"@type\":\"ImageObject\",\"inLanguage\":\"sv-SE\",\"@id\":\"https:\/\/fredfloris.eu\/productpage\/hoop-40-mm-earrings\/#primaryimage\",\"url\":\"https:\/\/fredfloris.eu\/wp-content\/uploads\/2022\/05\/IMG_2214-scaled-e1740245591133.jpg\",\"contentUrl\":\"https:\/\/fredfloris.eu\/wp-content\/uploads\/2022\/05\/IMG_2214-scaled-e1740245591133.jpg\",\"width\":1937,\"height\":1292,\"caption\":\"Product: Round Hoop 40 mm \u2013 Gold and Platinum Plated Silver\"},{\"@type\":\"BreadcrumbList\",\"@id\":\"https:\/\/fredfloris.eu\/productpage\/hoop-40-mm-earrings\/#breadcrumb\",\"itemListElement\":[{\"@type\":\"ListItem\",\"position\":1,\"name\":\"Home\",\"item\":\"https:\/\/fredfloris.eu\/\"},{\"@type\":\"ListItem\",\"position\":2,\"name\":\"Shop\",\"item\":\"https:\/\/fredfloris.eu\/shop\/\"},{\"@type\":\"ListItem\",\"position\":3,\"name\":\"V\u00e5r &#8211; Round Hoop 40 mm Earrings\"}]},{\"@type\":\"WebSite\",\"@id\":\"https:\/\/fredfloris.eu\/#website\",\"url\":\"https:\/\/fredfloris.eu\/\",\"name\":\"FredFloris\",\"description\":\"Handcrafted Leathergoods - Made in Sweden\",\"publisher\":{\"@id\":\"https:\/\/fredfloris.eu\/#organization\"},\"potentialAction\":[{\"@type\":\"SearchAction\",\"target\":{\"@type\":\"EntryPoint\",\"urlTemplate\":\"https:\/\/fredfloris.eu\/?s={search_term_string}\"},\"query-input\":{\"@type\":\"PropertyValueSpecification\",\"valueRequired\":true,\"valueName\":\"search_term_string\"}}],\"inLanguage\":\"sv-SE\"},{\"@type\":\"Organization\",\"@id\":\"https:\/\/fredfloris.eu\/#organization\",\"name\":\"FredFloris\",\"url\":\"https:\/\/fredfloris.eu\/\",\"logo\":{\"@type\":\"ImageObject\",\"inLanguage\":\"sv-SE\",\"@id\":\"https:\/\/fredfloris.eu\/#\/schema\/logo\/image\/\",\"url\":\"https:\/\/fredfloris.eu\/wp-content\/uploads\/2022\/03\/FredFloris-med-hel-nal-och-text.png\",\"contentUrl\":\"https:\/\/fredfloris.eu\/wp-content\/uploads\/2022\/03\/FredFloris-med-hel-nal-och-text.png\",\"width\":591,\"height\":283,\"caption\":\"FredFloris\"},\"image\":{\"@id\":\"https:\/\/fredfloris.eu\/#\/schema\/logo\/image\/\"},\"sameAs\":[\"https:\/\/www.facebook.com\/FredFloris.Artisan.Studio\/\",\"https:\/\/x.com\/_fredfloris_\",\"https:\/\/www.instagram.com\/fredfloris.artisan.studio\/\"]}]}<\/script>\n<!-- \/ Yoast SEO plugin. -->","yoast_head_json":{"title":"V\u00e5r - \u00d6rh\u00e4ngen med rund ring 40 mm | FredFloris","description":"De stora runda \u00f6rh\u00e4ngena har ett infinity-l\u00e5s och finns i 925 sterlingsilver med platinapl\u00e4tering eller 24k guldpl\u00e4tering.","robots":{"index":"index","follow":"follow","max-snippet":"max-snippet:-1","max-image-preview":"max-image-preview:large","max-video-preview":"max-video-preview:-1"},"canonical":"https:\/\/fredfloris.eu\/sv\/productpage\/hoop-40-mm-earrings\/?wmc-currency=SEK","og_locale":"sv_SE","og_type":"article","og_title":"V\u00e5r - Round Hoop 40 mm Earrings | FredFloris","og_description":"The large round hoop earrings feature an infinity clasp, available in 925 sterling silver with platinum plating or 24k gold plating.","og_url":"https:\/\/fredfloris.eu\/sv\/productpage\/hoop-40-mm-earrings\/?wmc-currency=SEK","og_site_name":"FredFloris","article_publisher":"https:\/\/www.facebook.com\/FredFloris.Artisan.Studio\/","article_modified_time":"2024-07-23T18:26:35+00:00","og_image":[{"width":2560,"height":1707,"url":"https:\/\/fredfloris.eu\/wp-content\/uploads\/2022\/05\/IMG_2214-scaled.jpg","type":"image\/jpeg"}],"twitter_card":"summary_large_image","twitter_site":"@_fredfloris_","twitter_misc":{"Ber\u00e4knad l\u00e4stid":"2 minuter"},"schema":{"@context":"https:\/\/schema.org","@graph":[{"@type":"WebPage","@id":"https:\/\/fredfloris.eu\/productpage\/hoop-40-mm-earrings\/","url":"https:\/\/fredfloris.eu\/productpage\/hoop-40-mm-earrings\/","name":"V\u00e5r - \u00d6rh\u00e4ngen med rund ring 40 mm | FredFloris","isPartOf":{"@id":"https:\/\/fredfloris.eu\/#website"},"primaryImageOfPage":{"@id":"https:\/\/fredfloris.eu\/productpage\/hoop-40-mm-earrings\/#primaryimage"},"image":{"@id":"https:\/\/fredfloris.eu\/productpage\/hoop-40-mm-earrings\/#primaryimage"},"thumbnailUrl":"https:\/\/fredfloris.eu\/wp-content\/uploads\/2022\/05\/IMG_2214-scaled-e1740245591133.jpg","datePublished":"2022-05-18T17:01:53+00:00","dateModified":"2024-07-23T18:26:35+00:00","description":"De stora runda \u00f6rh\u00e4ngena har ett infinity-l\u00e5s och finns i 925 sterlingsilver med platinapl\u00e4tering eller 24k guldpl\u00e4tering.","breadcrumb":{"@id":"https:\/\/fredfloris.eu\/productpage\/hoop-40-mm-earrings\/#breadcrumb"},"inLanguage":"sv-SE","potentialAction":[{"@type":"ReadAction","target":["https:\/\/fredfloris.eu\/productpage\/hoop-40-mm-earrings\/"]}]},{"@type":"ImageObject","inLanguage":"sv-SE","@id":"https:\/\/fredfloris.eu\/productpage\/hoop-40-mm-earrings\/#primaryimage","url":"https:\/\/fredfloris.eu\/wp-content\/uploads\/2022\/05\/IMG_2214-scaled-e1740245591133.jpg","contentUrl":"https:\/\/fredfloris.eu\/wp-content\/uploads\/2022\/05\/IMG_2214-scaled-e1740245591133.jpg","width":1937,"height":1292,"caption":"Product: Round Hoop 40 mm \u2013 Gold and Platinum Plated Silver"},{"@type":"BreadcrumbList","@id":"https:\/\/fredfloris.eu\/productpage\/hoop-40-mm-earrings\/#breadcrumb","itemListElement":[{"@type":"ListItem","position":1,"name":"Home","item":"https:\/\/fredfloris.eu\/"},{"@type":"ListItem","position":2,"name":"Shop","item":"https:\/\/fredfloris.eu\/shop\/"},{"@type":"ListItem","position":3,"name":"V\u00e5r &#8211; Round Hoop 40 mm Earrings"}]},{"@type":"WebSite","@id":"https:\/\/fredfloris.eu\/#website","url":"https:\/\/fredfloris.eu\/","name":"FredFloris","description":"Handgjorda l\u00e4dervaror - tillverkade i Sverige","publisher":{"@id":"https:\/\/fredfloris.eu\/#organization"},"potentialAction":[{"@type":"SearchAction","target":{"@type":"EntryPoint","urlTemplate":"https:\/\/fredfloris.eu\/?s={search_term_string}"},"query-input":{"@type":"PropertyValueSpecification","valueRequired":true,"valueName":"search_term_string"}}],"inLanguage":"sv-SE"},{"@type":"Organization","@id":"https:\/\/fredfloris.eu\/#organization","name":"FredFloris","url":"https:\/\/fredfloris.eu\/","logo":{"@type":"ImageObject","inLanguage":"sv-SE","@id":"https:\/\/fredfloris.eu\/#\/schema\/logo\/image\/","url":"https:\/\/fredfloris.eu\/wp-content\/uploads\/2022\/03\/FredFloris-med-hel-nal-och-text.png","contentUrl":"https:\/\/fredfloris.eu\/wp-content\/uploads\/2022\/03\/FredFloris-med-hel-nal-och-text.png","width":591,"height":283,"caption":"FredFloris"},"image":{"@id":"https:\/\/fredfloris.eu\/#\/schema\/logo\/image\/"},"sameAs":["https:\/\/www.facebook.com\/FredFloris.Artisan.Studio\/","https:\/\/x.com\/_fredfloris_","https:\/\/www.instagram.com\/fredfloris.artisan.studio\/"]}]}},"brands":[{"id":204,"name":"FredFloris &amp; Partner","slug":"fredfloris-partner"}],"_links":{"self":[{"href":"https:\/\/fredfloris.eu\/sv\/wp-json\/wp\/v2\/product\/5315","targetHints":{"allow":["GET"]}}],"collection":[{"href":"https:\/\/fredfloris.eu\/sv\/wp-json\/wp\/v2\/product"}],"about":[{"href":"https:\/\/fredfloris.eu\/sv\/wp-json\/wp\/v2\/types\/product"}],"version-history":[{"count":8,"href":"https:\/\/fredfloris.eu\/sv\/wp-json\/wp\/v2\/product\/5315\/revisions"}],"predecessor-version":[{"id":11586,"href":"https:\/\/fredfloris.eu\/sv\/wp-json\/wp\/v2\/product\/5315\/revisions\/11586"}],"wp:featuredmedia":[{"embeddable":true,"href":"https:\/\/fredfloris.eu\/sv\/wp-json\/wp\/v2\/media\/4757"}],"wp:attachment":[{"href":"https:\/\/fredfloris.eu\/sv\/wp-json\/wp\/v2\/media?parent=5315"}],"wp:term":[{"taxonomy":"pwb-brand","embeddable":true,"href":"https:\/\/fredfloris.eu\/sv\/wp-json\/wp\/v2\/pwb-brand?post=5315"},{"taxonomy":"product_brand","embeddable":true,"href":"https:\/\/fredfloris.eu\/sv\/wp-json\/wp\/v2\/product_brand?post=5315"},{"taxonomy":"product_cat","embeddable":true,"href":"https:\/\/fredfloris.eu\/sv\/wp-json\/wp\/v2\/product_cat?post=5315"},{"taxonomy":"product_tag","embeddable":true,"href":"https:\/\/fredfloris.eu\/sv\/wp-json\/wp\/v2\/product_tag?post=5315"},{"taxonomy":"woo-feed-brand","embeddable":true,"href":"https:\/\/fredfloris.eu\/sv\/wp-json\/wp\/v2\/woo-feed-brand?post=5315"}],"curies":[{"name":"wp","href":"https:\/\/api.w.org\/{rel}","templated":true}]}}