{"id":5331,"date":"2022-05-18T19:41:04","date_gmt":"2022-05-18T17:41:04","guid":{"rendered":"https:\/\/fredfloris.eu\/?post_type=product&#038;p=5331"},"modified":"2024-07-23T20:28:15","modified_gmt":"2024-07-23T18:28:15","slug":"golden-shadow-swarovski-earrings","status":"publish","type":"product","link":"https:\/\/fredfloris.eu\/sv\/productpage\/golden-shadow-swarovski-earrings\/","title":{"rendered":"Golden Shadow Crystal - \u00d6rh\u00e4ngen med kristall Swarovski"},"content":{"rendered":"<p><strong>Uppt\u00e4ck den f\u00e4ngslande sk\u00f6nheten i v\u00e5ra genomskinliga \u00f6rh\u00e4ngen med droppformade Swarovski-kristaller.<\/strong> Kristallerna \u00e4r fyllda av varma, subtila f\u00e4rger och de sm\u00e5 trianglarna som \u00e4r etsade i den sl\u00e4ta ytan f\u00e5ngar ljuset p\u00e5 ett dramatiskt s\u00e4tt. Den exakta geometriska formen p\u00e5 de gyllene dropparna gnistrar p\u00e5 ett estetiskt tilltalande s\u00e4tt och framh\u00e4ver hudens friska och livfulla utseende. Droppformen f\u00f6rl\u00e4nger halsen, ramar in ansiktet p\u00e5 ett vackert s\u00e4tt och framh\u00e4ver glittret i dina \u00f6gon.<\/p>\n<p><strong>Lever-Backing:<\/strong> Utformad som en pil f\u00f6r att h\u00e5lla kristallen s\u00e4kert p\u00e5 plats och leda \u00f6gat till de bl\u00e4ndande Swarovski-kristallerna. Finns i ett urval av platina eller guldpl\u00e4terat Sterling silver 925, baksidan breddas mot kristallen och f\u00f6rst\u00e4rker Swarovski:s signaturglans.<\/p>\n<p><strong>Swarovski Kristaller:<\/strong> Dessa soliga kristaller har valts ut f\u00f6r sin tidl\u00f6sa design och briljanta ljusreflektion och passar alla hudtoner och ansiktsformer. Kristallerna \u00e4r tillverkade i Wattens i \u00d6sterrike och har en ljus ton som f\u00e5ngar upp och reflekterar ljuset p\u00e5 ett vackert s\u00e4tt.<\/p>\n<p><strong>Perfekt f\u00f6r g\u00e5vor:<\/strong> Dessa \u00f6rh\u00e4ngen med Swarovski-kristall \u00e4r en idealisk present till alla smyckesentusiaster och erbjuder en h\u00f6gkvalitativ design som g\u00f6r dem till en framst\u00e5ende g\u00e5va.<\/p>\n<p><strong>Allergiv\u00e4nlig:<\/strong> Lever-backingen \u00e4r tillverkad av nickelfritt sterlingsilver, vilket g\u00f6r att \u00f6rh\u00e4ngena inte irriterar huden eller missf\u00e4rgas med tiden. Den h\u00e4r designen h\u00e5ller \u00f6rh\u00e4ngena s\u00e4kert och bekv\u00e4mt p\u00e5 plats.<\/p>\n<p><strong>Sk\u00f6tsel av smycken:<\/strong> F\u00f6rvara \u00f6rh\u00e4ngena i en mjuk l\u00e5da eller v\u00e4ska, \u00e5tskilda fr\u00e5n andra smycken, f\u00f6r att bevara dem i of\u00f6r\u00e4ndrat skick. Undvik exponering f\u00f6r kemikalier f\u00f6r att f\u00f6rhindra skador. Pl\u00e4teringen, oavsett om det \u00e4r platina eller guld, \u00e4r k\u00e4nslig och kommer, som alla pl\u00e4teringar, att blekna med tiden. Begr\u00e4nsa kontakt med kemikalier och hud f\u00f6r att f\u00f6rl\u00e4nga pl\u00e4teringens livsl\u00e4ngd.<\/p>\n<p>&nbsp;<\/p>\n<p>S\u00f6kord: Leverback Swarovski kristall\u00f6rh\u00e4ngen, kristall dropp\u00f6rh\u00e4ngen, Swarovski kristall\u00f6rh\u00e4ngen<\/p>","protected":false},"excerpt":{"rendered":"<p><strong>PRODUKTDIMENSIONER <\/strong>Produktvikt: 4 g (par)<\/p>\n<p>Kristallstorlek: 18 mm. Leverback H\u00f6jd: 18 mm, Bredd: 11,80 mm.<\/p>\n<p>Finns i 925 Sterling Silver med platinapl\u00e4tering\/24K guldpl\u00e4tering- 0,4 \u00b5m.<\/p>\n<pre><\/pre>\n<p>V\u00e5r erfarna partner i Polen tillverkar basen till \u00f6rh\u00e4ngena. Vi anv\u00e4nder 0,4 \u00b5m tjockt pl\u00e4terat silver eftersom det inte g\u00f6r smyckena m\u00f6rkare eller mattare. Produkten har en viss motst\u00e5ndskraft mot missf\u00e4rgning, men f\u00f6lj v\u00e5ra sk\u00f6tselr\u00e5d f\u00f6r att f\u00f6rl\u00e4nga livsl\u00e4ngden p\u00e5 dina nya smycken.<\/p>","protected":false},"featured_media":4912,"template":"","meta":[],"pwb-brand":[204],"product_brand":[],"product_cat":[115,113,101],"product_tag":[163,165,164,195],"woo-feed-brand":[],"class_list":{"0":"post-5331","1":"product","2":"type-product","3":"status-publish","4":"has-post-thumbnail","6":"pwb-brand-fredfloris-partner","7":"product_cat-drop-earrings","8":"product_cat-earrings","9":"product_cat-jewelry","10":"product_tag-gold","11":"product_tag-platinum","12":"product_tag-silver","13":"product_tag-swarovski","14":"product_shipping_class-small-goods","15":"pa_leverback-ag-925-24k-gold-plated-04-m","16":"pa_leverback-ag-925-platinum-plated-04-m","17":"pa_swarovski-crystal-swarovski-golden-shadow-crystal-18mm","19":"first","20":"instock","21":"taxable","22":"shipping-taxable","23":"purchasable","24":"product-type-variable"},"yoast_head":"<!-- This site is optimized with the Yoast SEO plugin v27.2 - https:\/\/yoast.com\/product\/yoast-seo-wordpress\/ -->\n<title>Golden Shadow - Leverback Swarovski Crystal Earrings | FredFloris<\/title>\n<meta name=\"description\" content=\"The Golden Shadow leverback Swarovski crystal earrings creates a lovely glow around the wearer\u2019s face. These crystal drop earrings are...\" \/>\n<meta name=\"robots\" content=\"index, follow, max-snippet:-1, max-image-preview:large, max-video-preview:-1\" \/>\n<link rel=\"canonical\" href=\"https:\/\/fredfloris.eu\/sv\/productpage\/golden-shadow-swarovski-earrings\/?wmc-currency=SEK\" \/>\n<meta property=\"og:locale\" content=\"sv_SE\" \/>\n<meta property=\"og:type\" content=\"article\" \/>\n<meta property=\"og:title\" content=\"Golden Shadow - Leverback Swarovski Crystal Earrings | FredFloris\" \/>\n<meta property=\"og:description\" content=\"The Golden Shadow leverback Swarovski crystal earrings creates a lovely glow around the wearer\u2019s face. These crystal drop earrings are...\" \/>\n<meta property=\"og:url\" content=\"https:\/\/fredfloris.eu\/sv\/productpage\/golden-shadow-swarovski-earrings\/?wmc-currency=SEK\" \/>\n<meta property=\"og:site_name\" content=\"FredFloris\" \/>\n<meta property=\"article:publisher\" content=\"https:\/\/www.facebook.com\/FredFloris.Artisan.Studio\/\" \/>\n<meta property=\"article:modified_time\" content=\"2024-07-23T18:28:15+00:00\" \/>\n<meta property=\"og:image\" content=\"https:\/\/fredfloris.eu\/wp-content\/uploads\/2022\/05\/IMG_2209-scaled.jpg\" \/>\n\t<meta property=\"og:image:width\" content=\"2560\" \/>\n\t<meta property=\"og:image:height\" content=\"1707\" \/>\n\t<meta property=\"og:image:type\" content=\"image\/jpeg\" \/>\n<meta name=\"twitter:card\" content=\"summary_large_image\" \/>\n<meta name=\"twitter:site\" content=\"@_fredfloris_\" \/>\n<meta name=\"twitter:label1\" content=\"Ber\u00e4knad l\u00e4stid\" \/>\n\t<meta name=\"twitter:data1\" content=\"2 minuter\" \/>\n<script type=\"application\/ld+json\" class=\"yoast-schema-graph\">{\"@context\":\"https:\/\/schema.org\",\"@graph\":[{\"@type\":\"WebPage\",\"@id\":\"https:\/\/fredfloris.eu\/productpage\/golden-shadow-swarovski-earrings\/\",\"url\":\"https:\/\/fredfloris.eu\/productpage\/golden-shadow-swarovski-earrings\/\",\"name\":\"Golden Shadow - Leverback Swarovski Crystal Earrings | FredFloris\",\"isPartOf\":{\"@id\":\"https:\/\/fredfloris.eu\/#website\"},\"primaryImageOfPage\":{\"@id\":\"https:\/\/fredfloris.eu\/productpage\/golden-shadow-swarovski-earrings\/#primaryimage\"},\"image\":{\"@id\":\"https:\/\/fredfloris.eu\/productpage\/golden-shadow-swarovski-earrings\/#primaryimage\"},\"thumbnailUrl\":\"https:\/\/fredfloris.eu\/wp-content\/uploads\/2022\/05\/IMG_2209-scaled-e1740242692263.jpg\",\"datePublished\":\"2022-05-18T17:41:04+00:00\",\"dateModified\":\"2024-07-23T18:28:15+00:00\",\"description\":\"The Golden Shadow leverback Swarovski crystal earrings creates a lovely glow around the wearer\u2019s face. These crystal drop earrings are...\",\"breadcrumb\":{\"@id\":\"https:\/\/fredfloris.eu\/productpage\/golden-shadow-swarovski-earrings\/#breadcrumb\"},\"inLanguage\":\"sv-SE\",\"potentialAction\":[{\"@type\":\"ReadAction\",\"target\":[\"https:\/\/fredfloris.eu\/productpage\/golden-shadow-swarovski-earrings\/\"]}]},{\"@type\":\"ImageObject\",\"inLanguage\":\"sv-SE\",\"@id\":\"https:\/\/fredfloris.eu\/productpage\/golden-shadow-swarovski-earrings\/#primaryimage\",\"url\":\"https:\/\/fredfloris.eu\/wp-content\/uploads\/2022\/05\/IMG_2209-scaled-e1740242692263.jpg\",\"contentUrl\":\"https:\/\/fredfloris.eu\/wp-content\/uploads\/2022\/05\/IMG_2209-scaled-e1740242692263.jpg\",\"width\":1643,\"height\":1096,\"caption\":\"Product: Golden Shadow Crystal \u2013 Gold and Platinum Plated Silver\"},{\"@type\":\"BreadcrumbList\",\"@id\":\"https:\/\/fredfloris.eu\/productpage\/golden-shadow-swarovski-earrings\/#breadcrumb\",\"itemListElement\":[{\"@type\":\"ListItem\",\"position\":1,\"name\":\"Home\",\"item\":\"https:\/\/fredfloris.eu\/\"},{\"@type\":\"ListItem\",\"position\":2,\"name\":\"Shop\",\"item\":\"https:\/\/fredfloris.eu\/shop\/\"},{\"@type\":\"ListItem\",\"position\":3,\"name\":\"Golden Shadow Crystal &#8211; Leverback Swarovski Crystal Earrings\"}]},{\"@type\":\"WebSite\",\"@id\":\"https:\/\/fredfloris.eu\/#website\",\"url\":\"https:\/\/fredfloris.eu\/\",\"name\":\"FredFloris\",\"description\":\"Handcrafted Leathergoods - Made in Sweden\",\"publisher\":{\"@id\":\"https:\/\/fredfloris.eu\/#organization\"},\"potentialAction\":[{\"@type\":\"SearchAction\",\"target\":{\"@type\":\"EntryPoint\",\"urlTemplate\":\"https:\/\/fredfloris.eu\/?s={search_term_string}\"},\"query-input\":{\"@type\":\"PropertyValueSpecification\",\"valueRequired\":true,\"valueName\":\"search_term_string\"}}],\"inLanguage\":\"sv-SE\"},{\"@type\":\"Organization\",\"@id\":\"https:\/\/fredfloris.eu\/#organization\",\"name\":\"FredFloris\",\"url\":\"https:\/\/fredfloris.eu\/\",\"logo\":{\"@type\":\"ImageObject\",\"inLanguage\":\"sv-SE\",\"@id\":\"https:\/\/fredfloris.eu\/#\/schema\/logo\/image\/\",\"url\":\"https:\/\/fredfloris.eu\/wp-content\/uploads\/2022\/03\/FredFloris-med-hel-nal-och-text.png\",\"contentUrl\":\"https:\/\/fredfloris.eu\/wp-content\/uploads\/2022\/03\/FredFloris-med-hel-nal-och-text.png\",\"width\":591,\"height\":283,\"caption\":\"FredFloris\"},\"image\":{\"@id\":\"https:\/\/fredfloris.eu\/#\/schema\/logo\/image\/\"},\"sameAs\":[\"https:\/\/www.facebook.com\/FredFloris.Artisan.Studio\/\",\"https:\/\/x.com\/_fredfloris_\",\"https:\/\/www.instagram.com\/fredfloris.artisan.studio\/\"]}]}<\/script>\n<!-- \/ Yoast SEO plugin. -->","yoast_head_json":{"title":"Golden Shadow - Leverback Swarovski kristall\u00f6rh\u00e4ngen | FredFloris","description":"Golden Shadow leverback Swarovski kristall\u00f6rh\u00e4ngen skapar en h\u00e4rlig gl\u00f6d runt b\u00e4rarens ansikte. Dessa \u00f6rh\u00e4ngen med kristalldroppar \u00e4r...","robots":{"index":"index","follow":"follow","max-snippet":"max-snippet:-1","max-image-preview":"max-image-preview:large","max-video-preview":"max-video-preview:-1"},"canonical":"https:\/\/fredfloris.eu\/sv\/productpage\/golden-shadow-swarovski-earrings\/?wmc-currency=SEK","og_locale":"sv_SE","og_type":"article","og_title":"Golden Shadow - Leverback Swarovski Crystal Earrings | FredFloris","og_description":"The Golden Shadow leverback Swarovski crystal earrings creates a lovely glow around the wearer\u2019s face. These crystal drop earrings are...","og_url":"https:\/\/fredfloris.eu\/sv\/productpage\/golden-shadow-swarovski-earrings\/?wmc-currency=SEK","og_site_name":"FredFloris","article_publisher":"https:\/\/www.facebook.com\/FredFloris.Artisan.Studio\/","article_modified_time":"2024-07-23T18:28:15+00:00","og_image":[{"width":2560,"height":1707,"url":"https:\/\/fredfloris.eu\/wp-content\/uploads\/2022\/05\/IMG_2209-scaled.jpg","type":"image\/jpeg"}],"twitter_card":"summary_large_image","twitter_site":"@_fredfloris_","twitter_misc":{"Ber\u00e4knad l\u00e4stid":"2 minuter"},"schema":{"@context":"https:\/\/schema.org","@graph":[{"@type":"WebPage","@id":"https:\/\/fredfloris.eu\/productpage\/golden-shadow-swarovski-earrings\/","url":"https:\/\/fredfloris.eu\/productpage\/golden-shadow-swarovski-earrings\/","name":"Golden Shadow - Leverback Swarovski kristall\u00f6rh\u00e4ngen | FredFloris","isPartOf":{"@id":"https:\/\/fredfloris.eu\/#website"},"primaryImageOfPage":{"@id":"https:\/\/fredfloris.eu\/productpage\/golden-shadow-swarovski-earrings\/#primaryimage"},"image":{"@id":"https:\/\/fredfloris.eu\/productpage\/golden-shadow-swarovski-earrings\/#primaryimage"},"thumbnailUrl":"https:\/\/fredfloris.eu\/wp-content\/uploads\/2022\/05\/IMG_2209-scaled-e1740242692263.jpg","datePublished":"2022-05-18T17:41:04+00:00","dateModified":"2024-07-23T18:28:15+00:00","description":"Golden Shadow leverback Swarovski kristall\u00f6rh\u00e4ngen skapar en h\u00e4rlig gl\u00f6d runt b\u00e4rarens ansikte. Dessa \u00f6rh\u00e4ngen med kristalldroppar \u00e4r...","breadcrumb":{"@id":"https:\/\/fredfloris.eu\/productpage\/golden-shadow-swarovski-earrings\/#breadcrumb"},"inLanguage":"sv-SE","potentialAction":[{"@type":"ReadAction","target":["https:\/\/fredfloris.eu\/productpage\/golden-shadow-swarovski-earrings\/"]}]},{"@type":"ImageObject","inLanguage":"sv-SE","@id":"https:\/\/fredfloris.eu\/productpage\/golden-shadow-swarovski-earrings\/#primaryimage","url":"https:\/\/fredfloris.eu\/wp-content\/uploads\/2022\/05\/IMG_2209-scaled-e1740242692263.jpg","contentUrl":"https:\/\/fredfloris.eu\/wp-content\/uploads\/2022\/05\/IMG_2209-scaled-e1740242692263.jpg","width":1643,"height":1096,"caption":"Product: Golden Shadow Crystal \u2013 Gold and Platinum Plated Silver"},{"@type":"BreadcrumbList","@id":"https:\/\/fredfloris.eu\/productpage\/golden-shadow-swarovski-earrings\/#breadcrumb","itemListElement":[{"@type":"ListItem","position":1,"name":"Home","item":"https:\/\/fredfloris.eu\/"},{"@type":"ListItem","position":2,"name":"Shop","item":"https:\/\/fredfloris.eu\/shop\/"},{"@type":"ListItem","position":3,"name":"Golden Shadow Crystal &#8211; Leverback Swarovski Crystal Earrings"}]},{"@type":"WebSite","@id":"https:\/\/fredfloris.eu\/#website","url":"https:\/\/fredfloris.eu\/","name":"FredFloris","description":"Handgjorda l\u00e4dervaror - tillverkade i Sverige","publisher":{"@id":"https:\/\/fredfloris.eu\/#organization"},"potentialAction":[{"@type":"SearchAction","target":{"@type":"EntryPoint","urlTemplate":"https:\/\/fredfloris.eu\/?s={search_term_string}"},"query-input":{"@type":"PropertyValueSpecification","valueRequired":true,"valueName":"search_term_string"}}],"inLanguage":"sv-SE"},{"@type":"Organization","@id":"https:\/\/fredfloris.eu\/#organization","name":"FredFloris","url":"https:\/\/fredfloris.eu\/","logo":{"@type":"ImageObject","inLanguage":"sv-SE","@id":"https:\/\/fredfloris.eu\/#\/schema\/logo\/image\/","url":"https:\/\/fredfloris.eu\/wp-content\/uploads\/2022\/03\/FredFloris-med-hel-nal-och-text.png","contentUrl":"https:\/\/fredfloris.eu\/wp-content\/uploads\/2022\/03\/FredFloris-med-hel-nal-och-text.png","width":591,"height":283,"caption":"FredFloris"},"image":{"@id":"https:\/\/fredfloris.eu\/#\/schema\/logo\/image\/"},"sameAs":["https:\/\/www.facebook.com\/FredFloris.Artisan.Studio\/","https:\/\/x.com\/_fredfloris_","https:\/\/www.instagram.com\/fredfloris.artisan.studio\/"]}]}},"brands":[{"id":204,"name":"FredFloris &amp; Partner","slug":"fredfloris-partner"}],"_links":{"self":[{"href":"https:\/\/fredfloris.eu\/sv\/wp-json\/wp\/v2\/product\/5331","targetHints":{"allow":["GET"]}}],"collection":[{"href":"https:\/\/fredfloris.eu\/sv\/wp-json\/wp\/v2\/product"}],"about":[{"href":"https:\/\/fredfloris.eu\/sv\/wp-json\/wp\/v2\/types\/product"}],"version-history":[{"count":8,"href":"https:\/\/fredfloris.eu\/sv\/wp-json\/wp\/v2\/product\/5331\/revisions"}],"predecessor-version":[{"id":11585,"href":"https:\/\/fredfloris.eu\/sv\/wp-json\/wp\/v2\/product\/5331\/revisions\/11585"}],"wp:featuredmedia":[{"embeddable":true,"href":"https:\/\/fredfloris.eu\/sv\/wp-json\/wp\/v2\/media\/4912"}],"wp:attachment":[{"href":"https:\/\/fredfloris.eu\/sv\/wp-json\/wp\/v2\/media?parent=5331"}],"wp:term":[{"taxonomy":"pwb-brand","embeddable":true,"href":"https:\/\/fredfloris.eu\/sv\/wp-json\/wp\/v2\/pwb-brand?post=5331"},{"taxonomy":"product_brand","embeddable":true,"href":"https:\/\/fredfloris.eu\/sv\/wp-json\/wp\/v2\/product_brand?post=5331"},{"taxonomy":"product_cat","embeddable":true,"href":"https:\/\/fredfloris.eu\/sv\/wp-json\/wp\/v2\/product_cat?post=5331"},{"taxonomy":"product_tag","embeddable":true,"href":"https:\/\/fredfloris.eu\/sv\/wp-json\/wp\/v2\/product_tag?post=5331"},{"taxonomy":"woo-feed-brand","embeddable":true,"href":"https:\/\/fredfloris.eu\/sv\/wp-json\/wp\/v2\/woo-feed-brand?post=5331"}],"curies":[{"name":"wp","href":"https:\/\/api.w.org\/{rel}","templated":true}]}}