{"id":5335,"date":"2022-05-18T19:51:59","date_gmt":"2022-05-18T17:51:59","guid":{"rendered":"https:\/\/fredfloris.eu\/?post_type=product&#038;p=5335"},"modified":"2024-07-23T20:31:14","modified_gmt":"2024-07-23T18:31:14","slug":"crystal-blue-swarovski-earrings","status":"publish","type":"product","link":"https:\/\/fredfloris.eu\/sv\/productpage\/crystal-blue-swarovski-earrings\/","title":{"rendered":"Crystal Blue - \u00d6rh\u00e4ngen med kristall Swarovski - Leverback"},"content":{"rendered":"<p><strong>Omfamna tidl\u00f6s elegans med v\u00e5ra Crystal Blue \u00f6rh\u00e4ngen.<\/strong> Den klassiska kombinationen av \u00e4delmetall och klar kristall g\u00f6r dessa \u00f6rh\u00e4ngen till ett modeaccessoar som f\u00f6r tankarna till en gudinnas elegans. Deras m\u00e5ngsidiga design kompletterar varje outfit utan att \u00f6verv\u00e4ldiga den, vilket g\u00f6r dem idealiska f\u00f6r en m\u00e4ngd olika tillf\u00e4llen, inklusive speciella evenemang, br\u00f6llop, fester, arbetsfunktioner och familjesammankomster.<\/p>\n<p><strong>Tillg\u00e4ngliga alternativ:<\/strong> V\u00e5ra \u00f6rh\u00e4ngen med Swarovski-kristalldroppar har antingen platina- eller 24k guldpl\u00e4tering p\u00e5 en 925 sterling silverbas.<\/p>\n<p><strong>Swarovski Kristaller:<\/strong> Swarovski-kristallerna har valts ut f\u00f6r sin f\u00f6rm\u00e5ga att reflektera ljus p\u00e5 ett spektakul\u00e4rt s\u00e4tt, vilket garanterar en varaktig briljans och glans. Dessa kristaller \u00e4r tillverkade i Wattens, \u00d6sterrike.<\/p>\n<p><strong>Perfekt som en meningsfull g\u00e5va:<\/strong> Dessa \u00f6verd\u00e5diga \u00f6rh\u00e4ngen \u00e4r ett utm\u00e4rkt val f\u00f6r den som s\u00f6ker en klassisk men \u00e4nd\u00e5 sl\u00e5ende g\u00e5va. De \u00e4r perfekta f\u00f6r en brud och kan fungera som hennes \"n\u00e5got bl\u00e5tt\", vilket ger en speciell touch till hennes br\u00f6llopsdag och som hon kommer att uppskatta i m\u00e5nga \u00e5r fram\u00f6ver i ett lyckligt \u00e4ktenskap.<\/p>\n<p><strong>Allergiv\u00e4nlig:<\/strong> Tillverkad med nickelfritt sterlingsilver f\u00f6r att f\u00f6rhindra hudirritation och missf\u00e4rgning, vilket g\u00f6r att \u00f6rh\u00e4ngena sitter s\u00e4kert och bekv\u00e4mt p\u00e5 plats.<\/p>\n<p><strong>Sk\u00f6tsel av smycken:<\/strong> F\u00f6rvara \u00f6rh\u00e4ngena i en mjuk l\u00e5da eller v\u00e4ska, \u00e5tskilda fr\u00e5n andra smycken, f\u00f6r att bevara dem i of\u00f6r\u00e4ndrat skick. Undvik exponering f\u00f6r kemikalier f\u00f6r att f\u00f6rhindra skador. Pl\u00e4teringen, oavsett om det \u00e4r platina eller guld, \u00e4r k\u00e4nslig och kommer, som alla pl\u00e4teringar, att blekna med tiden. Begr\u00e4nsa kontakt med kemikalier och hud f\u00f6r att f\u00f6rl\u00e4nga pl\u00e4teringens livsl\u00e4ngd.<\/p>\n<p>&nbsp;<\/p>\n<p>S\u00f6kord: Sterling silver \u00f6rh\u00e4ngen, Swarovski kristall dropp\u00f6rh\u00e4ngen, \u00f6rh\u00e4ngen, Swarovski kristall<\/p>\n<p>&nbsp;<\/p>","protected":false},"excerpt":{"rendered":"<p><strong>PRODUKTDIMENSIONER <\/strong>Produktvikt: 4 g (par)<\/p>\n<p>Kristallstorlek: 16 mm. Leverback H\u00f6jd: 18 mm, Bredd: 11,80 mm.<\/p>\n<p>Finns i 925 Sterling Silver\/Platinapl\u00e4terad\/24K Guldpl\u00e4terad - 0,4 \u00b5m.<\/p>\n<pre><\/pre>\n<p>V\u00e5r erfarna partner i Polen tillverkar basen till \u00f6rh\u00e4ngena. Vi anv\u00e4nder 0,4 \u00b5m tjockt pl\u00e4terat silver eftersom det inte g\u00f6r smyckena m\u00f6rkare eller mattare. Produkten har en viss motst\u00e5ndskraft mot missf\u00e4rgning, men f\u00f6lj v\u00e5ra sk\u00f6tselr\u00e5d f\u00f6r att f\u00f6rl\u00e4nga livsl\u00e4ngden p\u00e5 dina nya smycken.<\/p>","protected":false},"featured_media":4893,"template":"","meta":[],"pwb-brand":[204],"product_brand":[],"product_cat":[115,113,101],"product_tag":[163,165,164,135,195],"woo-feed-brand":[],"class_list":{"0":"post-5335","1":"product","2":"type-product","3":"status-publish","4":"has-post-thumbnail","6":"pwb-brand-fredfloris-partner","7":"product_cat-drop-earrings","8":"product_cat-earrings","9":"product_cat-jewelry","10":"product_tag-gold","11":"product_tag-platinum","12":"product_tag-silver","13":"product_tag-stocked","14":"product_tag-swarovski","15":"product_shipping_class-small-goods","16":"pa_leverback-ag-925-24k-gold-plated-04-m","17":"pa_leverback-ag-925-platinum-plated-04-m","18":"pa_swarovski-crystal-swarovski-16mm-crystal-blue","20":"first","21":"instock","22":"taxable","23":"shipping-taxable","24":"purchasable","25":"product-type-variable"},"yoast_head":"<!-- This site is optimized with the Yoast SEO plugin v27.2 - https:\/\/yoast.com\/product\/yoast-seo-wordpress\/ -->\n<title>Swarovski Crystal Drop Earrings - Crystal Blue | FredFloris<\/title>\n<meta name=\"description\" content=\"Swarovski Crystal drop earrings, Almond shaped, Platinum Plated &amp; 24K Gold Plated 925 Sterling Silver leverback earrings base, Gifts for Wife\" \/>\n<meta name=\"robots\" content=\"index, follow, max-snippet:-1, max-image-preview:large, max-video-preview:-1\" \/>\n<link rel=\"canonical\" href=\"https:\/\/fredfloris.eu\/sv\/productpage\/crystal-blue-swarovski-earrings\/?wmc-currency=SEK\" \/>\n<meta property=\"og:locale\" content=\"sv_SE\" \/>\n<meta property=\"og:type\" content=\"article\" \/>\n<meta property=\"og:title\" content=\"Swarovski Crystal Drop Earrings - Crystal Blue | FredFloris\" \/>\n<meta property=\"og:description\" content=\"Swarovski Crystal drop earrings, Almond shaped, Platinum Plated &amp; 24K Gold Plated 925 Sterling Silver leverback earrings base, Gifts for Wife\" \/>\n<meta property=\"og:url\" content=\"https:\/\/fredfloris.eu\/sv\/productpage\/crystal-blue-swarovski-earrings\/?wmc-currency=SEK\" \/>\n<meta property=\"og:site_name\" content=\"FredFloris\" \/>\n<meta property=\"article:publisher\" content=\"https:\/\/www.facebook.com\/FredFloris.Artisan.Studio\/\" \/>\n<meta property=\"article:modified_time\" content=\"2024-07-23T18:31:14+00:00\" \/>\n<meta property=\"og:image\" content=\"https:\/\/fredfloris.eu\/wp-content\/uploads\/2022\/05\/IMG_2223-scaled.jpg\" \/>\n\t<meta property=\"og:image:width\" content=\"2560\" \/>\n\t<meta property=\"og:image:height\" content=\"1707\" \/>\n\t<meta property=\"og:image:type\" content=\"image\/jpeg\" \/>\n<meta name=\"twitter:card\" content=\"summary_large_image\" \/>\n<meta name=\"twitter:site\" content=\"@_fredfloris_\" \/>\n<meta name=\"twitter:label1\" content=\"Ber\u00e4knad l\u00e4stid\" \/>\n\t<meta name=\"twitter:data1\" content=\"2 minuter\" \/>\n<script type=\"application\/ld+json\" class=\"yoast-schema-graph\">{\"@context\":\"https:\/\/schema.org\",\"@graph\":[{\"@type\":\"WebPage\",\"@id\":\"https:\/\/fredfloris.eu\/productpage\/crystal-blue-swarovski-earrings\/\",\"url\":\"https:\/\/fredfloris.eu\/productpage\/crystal-blue-swarovski-earrings\/\",\"name\":\"Swarovski Crystal Drop Earrings - Crystal Blue | FredFloris\",\"isPartOf\":{\"@id\":\"https:\/\/fredfloris.eu\/#website\"},\"primaryImageOfPage\":{\"@id\":\"https:\/\/fredfloris.eu\/productpage\/crystal-blue-swarovski-earrings\/#primaryimage\"},\"image\":{\"@id\":\"https:\/\/fredfloris.eu\/productpage\/crystal-blue-swarovski-earrings\/#primaryimage\"},\"thumbnailUrl\":\"https:\/\/fredfloris.eu\/wp-content\/uploads\/2022\/05\/IMG_2223-scaled.jpg\",\"datePublished\":\"2022-05-18T17:51:59+00:00\",\"dateModified\":\"2024-07-23T18:31:14+00:00\",\"description\":\"Swarovski Crystal drop earrings, Almond shaped, Platinum Plated & 24K Gold Plated 925 Sterling Silver leverback earrings base, Gifts for Wife\",\"breadcrumb\":{\"@id\":\"https:\/\/fredfloris.eu\/productpage\/crystal-blue-swarovski-earrings\/#breadcrumb\"},\"inLanguage\":\"sv-SE\",\"potentialAction\":[{\"@type\":\"ReadAction\",\"target\":[\"https:\/\/fredfloris.eu\/productpage\/crystal-blue-swarovski-earrings\/\"]}]},{\"@type\":\"ImageObject\",\"inLanguage\":\"sv-SE\",\"@id\":\"https:\/\/fredfloris.eu\/productpage\/crystal-blue-swarovski-earrings\/#primaryimage\",\"url\":\"https:\/\/fredfloris.eu\/wp-content\/uploads\/2022\/05\/IMG_2223-scaled.jpg\",\"contentUrl\":\"https:\/\/fredfloris.eu\/wp-content\/uploads\/2022\/05\/IMG_2223-scaled.jpg\",\"width\":2560,\"height\":1707,\"caption\":\"Product: Crystal Blue \u2013 Gold and Platinum Plated Silver\"},{\"@type\":\"BreadcrumbList\",\"@id\":\"https:\/\/fredfloris.eu\/productpage\/crystal-blue-swarovski-earrings\/#breadcrumb\",\"itemListElement\":[{\"@type\":\"ListItem\",\"position\":1,\"name\":\"Home\",\"item\":\"https:\/\/fredfloris.eu\/\"},{\"@type\":\"ListItem\",\"position\":2,\"name\":\"Shop\",\"item\":\"https:\/\/fredfloris.eu\/shop\/\"},{\"@type\":\"ListItem\",\"position\":3,\"name\":\"Crystal Blue &#8211; Leverback Swarovski Crystal Earrings\"}]},{\"@type\":\"WebSite\",\"@id\":\"https:\/\/fredfloris.eu\/#website\",\"url\":\"https:\/\/fredfloris.eu\/\",\"name\":\"FredFloris\",\"description\":\"Handcrafted Leathergoods - Made in Sweden\",\"publisher\":{\"@id\":\"https:\/\/fredfloris.eu\/#organization\"},\"potentialAction\":[{\"@type\":\"SearchAction\",\"target\":{\"@type\":\"EntryPoint\",\"urlTemplate\":\"https:\/\/fredfloris.eu\/?s={search_term_string}\"},\"query-input\":{\"@type\":\"PropertyValueSpecification\",\"valueRequired\":true,\"valueName\":\"search_term_string\"}}],\"inLanguage\":\"sv-SE\"},{\"@type\":\"Organization\",\"@id\":\"https:\/\/fredfloris.eu\/#organization\",\"name\":\"FredFloris\",\"url\":\"https:\/\/fredfloris.eu\/\",\"logo\":{\"@type\":\"ImageObject\",\"inLanguage\":\"sv-SE\",\"@id\":\"https:\/\/fredfloris.eu\/#\/schema\/logo\/image\/\",\"url\":\"https:\/\/fredfloris.eu\/wp-content\/uploads\/2022\/03\/FredFloris-med-hel-nal-och-text.png\",\"contentUrl\":\"https:\/\/fredfloris.eu\/wp-content\/uploads\/2022\/03\/FredFloris-med-hel-nal-och-text.png\",\"width\":591,\"height\":283,\"caption\":\"FredFloris\"},\"image\":{\"@id\":\"https:\/\/fredfloris.eu\/#\/schema\/logo\/image\/\"},\"sameAs\":[\"https:\/\/www.facebook.com\/FredFloris.Artisan.Studio\/\",\"https:\/\/x.com\/_fredfloris_\",\"https:\/\/www.instagram.com\/fredfloris.artisan.studio\/\"]}]}<\/script>\n<!-- \/ Yoast SEO plugin. -->","yoast_head_json":{"title":"Swarovski dropp\u00f6rh\u00e4ngen i kristall - Crystal Blue | FredFloris","description":"Swarovski Dropp\u00f6rh\u00e4ngen i kristall, mandelformade, platinapl\u00e4terad &amp; 24K guldpl\u00e4terad 925 sterling silverbas f\u00f6r \u00f6rh\u00e4ngen med spak, g\u00e5vor till fru","robots":{"index":"index","follow":"follow","max-snippet":"max-snippet:-1","max-image-preview":"max-image-preview:large","max-video-preview":"max-video-preview:-1"},"canonical":"https:\/\/fredfloris.eu\/sv\/productpage\/crystal-blue-swarovski-earrings\/?wmc-currency=SEK","og_locale":"sv_SE","og_type":"article","og_title":"Swarovski Crystal Drop Earrings - Crystal Blue | FredFloris","og_description":"Swarovski Crystal drop earrings, Almond shaped, Platinum Plated & 24K Gold Plated 925 Sterling Silver leverback earrings base, Gifts for Wife","og_url":"https:\/\/fredfloris.eu\/sv\/productpage\/crystal-blue-swarovski-earrings\/?wmc-currency=SEK","og_site_name":"FredFloris","article_publisher":"https:\/\/www.facebook.com\/FredFloris.Artisan.Studio\/","article_modified_time":"2024-07-23T18:31:14+00:00","og_image":[{"width":2560,"height":1707,"url":"https:\/\/fredfloris.eu\/wp-content\/uploads\/2022\/05\/IMG_2223-scaled.jpg","type":"image\/jpeg"}],"twitter_card":"summary_large_image","twitter_site":"@_fredfloris_","twitter_misc":{"Ber\u00e4knad l\u00e4stid":"2 minuter"},"schema":{"@context":"https:\/\/schema.org","@graph":[{"@type":"WebPage","@id":"https:\/\/fredfloris.eu\/productpage\/crystal-blue-swarovski-earrings\/","url":"https:\/\/fredfloris.eu\/productpage\/crystal-blue-swarovski-earrings\/","name":"Swarovski dropp\u00f6rh\u00e4ngen i kristall - Crystal Blue | FredFloris","isPartOf":{"@id":"https:\/\/fredfloris.eu\/#website"},"primaryImageOfPage":{"@id":"https:\/\/fredfloris.eu\/productpage\/crystal-blue-swarovski-earrings\/#primaryimage"},"image":{"@id":"https:\/\/fredfloris.eu\/productpage\/crystal-blue-swarovski-earrings\/#primaryimage"},"thumbnailUrl":"https:\/\/fredfloris.eu\/wp-content\/uploads\/2022\/05\/IMG_2223-scaled.jpg","datePublished":"2022-05-18T17:51:59+00:00","dateModified":"2024-07-23T18:31:14+00:00","description":"Swarovski Dropp\u00f6rh\u00e4ngen i kristall, mandelformade, platinapl\u00e4terad &amp; 24K guldpl\u00e4terad 925 sterling silverbas f\u00f6r \u00f6rh\u00e4ngen med spak, g\u00e5vor till fru","breadcrumb":{"@id":"https:\/\/fredfloris.eu\/productpage\/crystal-blue-swarovski-earrings\/#breadcrumb"},"inLanguage":"sv-SE","potentialAction":[{"@type":"ReadAction","target":["https:\/\/fredfloris.eu\/productpage\/crystal-blue-swarovski-earrings\/"]}]},{"@type":"ImageObject","inLanguage":"sv-SE","@id":"https:\/\/fredfloris.eu\/productpage\/crystal-blue-swarovski-earrings\/#primaryimage","url":"https:\/\/fredfloris.eu\/wp-content\/uploads\/2022\/05\/IMG_2223-scaled.jpg","contentUrl":"https:\/\/fredfloris.eu\/wp-content\/uploads\/2022\/05\/IMG_2223-scaled.jpg","width":2560,"height":1707,"caption":"Product: Crystal Blue \u2013 Gold and Platinum Plated Silver"},{"@type":"BreadcrumbList","@id":"https:\/\/fredfloris.eu\/productpage\/crystal-blue-swarovski-earrings\/#breadcrumb","itemListElement":[{"@type":"ListItem","position":1,"name":"Home","item":"https:\/\/fredfloris.eu\/"},{"@type":"ListItem","position":2,"name":"Shop","item":"https:\/\/fredfloris.eu\/shop\/"},{"@type":"ListItem","position":3,"name":"Crystal Blue &#8211; Leverback Swarovski Crystal Earrings"}]},{"@type":"WebSite","@id":"https:\/\/fredfloris.eu\/#website","url":"https:\/\/fredfloris.eu\/","name":"FredFloris","description":"Handgjorda l\u00e4dervaror - tillverkade i Sverige","publisher":{"@id":"https:\/\/fredfloris.eu\/#organization"},"potentialAction":[{"@type":"SearchAction","target":{"@type":"EntryPoint","urlTemplate":"https:\/\/fredfloris.eu\/?s={search_term_string}"},"query-input":{"@type":"PropertyValueSpecification","valueRequired":true,"valueName":"search_term_string"}}],"inLanguage":"sv-SE"},{"@type":"Organization","@id":"https:\/\/fredfloris.eu\/#organization","name":"FredFloris","url":"https:\/\/fredfloris.eu\/","logo":{"@type":"ImageObject","inLanguage":"sv-SE","@id":"https:\/\/fredfloris.eu\/#\/schema\/logo\/image\/","url":"https:\/\/fredfloris.eu\/wp-content\/uploads\/2022\/03\/FredFloris-med-hel-nal-och-text.png","contentUrl":"https:\/\/fredfloris.eu\/wp-content\/uploads\/2022\/03\/FredFloris-med-hel-nal-och-text.png","width":591,"height":283,"caption":"FredFloris"},"image":{"@id":"https:\/\/fredfloris.eu\/#\/schema\/logo\/image\/"},"sameAs":["https:\/\/www.facebook.com\/FredFloris.Artisan.Studio\/","https:\/\/x.com\/_fredfloris_","https:\/\/www.instagram.com\/fredfloris.artisan.studio\/"]}]}},"brands":[{"id":204,"name":"FredFloris &amp; Partner","slug":"fredfloris-partner"}],"_links":{"self":[{"href":"https:\/\/fredfloris.eu\/sv\/wp-json\/wp\/v2\/product\/5335","targetHints":{"allow":["GET"]}}],"collection":[{"href":"https:\/\/fredfloris.eu\/sv\/wp-json\/wp\/v2\/product"}],"about":[{"href":"https:\/\/fredfloris.eu\/sv\/wp-json\/wp\/v2\/types\/product"}],"version-history":[{"count":9,"href":"https:\/\/fredfloris.eu\/sv\/wp-json\/wp\/v2\/product\/5335\/revisions"}],"predecessor-version":[{"id":11583,"href":"https:\/\/fredfloris.eu\/sv\/wp-json\/wp\/v2\/product\/5335\/revisions\/11583"}],"wp:featuredmedia":[{"embeddable":true,"href":"https:\/\/fredfloris.eu\/sv\/wp-json\/wp\/v2\/media\/4893"}],"wp:attachment":[{"href":"https:\/\/fredfloris.eu\/sv\/wp-json\/wp\/v2\/media?parent=5335"}],"wp:term":[{"taxonomy":"pwb-brand","embeddable":true,"href":"https:\/\/fredfloris.eu\/sv\/wp-json\/wp\/v2\/pwb-brand?post=5335"},{"taxonomy":"product_brand","embeddable":true,"href":"https:\/\/fredfloris.eu\/sv\/wp-json\/wp\/v2\/product_brand?post=5335"},{"taxonomy":"product_cat","embeddable":true,"href":"https:\/\/fredfloris.eu\/sv\/wp-json\/wp\/v2\/product_cat?post=5335"},{"taxonomy":"product_tag","embeddable":true,"href":"https:\/\/fredfloris.eu\/sv\/wp-json\/wp\/v2\/product_tag?post=5335"},{"taxonomy":"woo-feed-brand","embeddable":true,"href":"https:\/\/fredfloris.eu\/sv\/wp-json\/wp\/v2\/woo-feed-brand?post=5335"}],"curies":[{"name":"wp","href":"https:\/\/api.w.org\/{rel}","templated":true}]}}