{"id":5348,"date":"2022-05-18T20:27:09","date_gmt":"2022-05-18T18:27:09","guid":{"rendered":"https:\/\/fredfloris.eu\/?post_type=product&#038;p=5348"},"modified":"2024-07-23T20:33:47","modified_gmt":"2024-07-23T18:33:47","slug":"crystal-golden-swarovski-earrings","status":"publish","type":"product","link":"https:\/\/fredfloris.eu\/sv\/productpage\/crystal-golden-swarovski-earrings\/","title":{"rendered":"Crystal Golden - \u00d6rh\u00e4ngen med kristall Swarovski"},"content":{"rendered":"<p><strong>Upplev subtil elegans med v\u00e5ra Swarovski kristall\u00f6rh\u00e4ngen med gyllene droppar.<\/strong> Denna design f\u00f6rl\u00e4nger inte bara halsen utan ger ocks\u00e5 en touch av feminin k\u00e4nsla. Det pilformade f\u00e4stet h\u00e5ller fast kristallen p\u00e5 ett s\u00e4kert s\u00e4tt och leder blicken mot de bl\u00e4ndande Swarovski-kristallerna. F\u00e4stet vidgas n\u00e4r det n\u00e4rmar sig kristallen, vilket f\u00f6rst\u00e4rker den karakteristiska glansen hos Swarovski, vilket g\u00f6r dessa \u00f6rh\u00e4ngen enkelt eleganta och l\u00e4mpliga f\u00f6r alla tillf\u00e4llen.<\/p>\n<p><strong>Perfekt f\u00f6r olika tillf\u00e4llen:<\/strong> Perfekt f\u00f6r speciella evenemang, kv\u00e4llar och vardagsbruk. Finns i ett urval av platinapl\u00e4terat eller guldpl\u00e4terat Sterling Silver 925.<\/p>\n<p><strong>Varf\u00f6r Swarovski-kristaller:<\/strong> Vi anv\u00e4nder Swarovski-kristaller f\u00f6r deras tidl\u00f6sa design och universella dragningskraft. Dessa kristaller \u00e4r k\u00e4nda f\u00f6r sin ljusa ton och sina exceptionella ljusreflekterande egenskaper, tillverkade i Wattens, \u00d6sterrike.<\/p>\n<p><strong>Idealisk f\u00f6r g\u00e5vor:<\/strong> Dessa \u00f6rh\u00e4ngen \u00e4r en omt\u00e4nksam present till alla smyckes\u00e4lskare, med en h\u00f6gkvalitativ design som sticker ut som en g\u00e5va.<\/p>\n<p><strong>Allergiv\u00e4nlig:<\/strong> \u00d6verdelen i sterlingsilver \u00e4r nickelfri, vilket f\u00f6rhindrar hudirritation och missf\u00e4rgning. Lever-back-designen s\u00e4kerst\u00e4ller att \u00f6rh\u00e4ngena sitter s\u00e4kert p\u00e5 plats samtidigt som de \u00e4r bekv\u00e4ma f\u00f6r b\u00e4raren.<\/p>\n<p><strong>Sk\u00f6tsel av smycken:<\/strong> F\u00f6rvara \u00f6rh\u00e4ngena i en mjuk l\u00e5da eller v\u00e4ska, \u00e5tskilda fr\u00e5n andra smycken, f\u00f6r att bevara dem i of\u00f6r\u00e4ndrat skick. Undvik exponering f\u00f6r kemikalier f\u00f6r att f\u00f6rhindra skador. Pl\u00e4teringen, oavsett om det \u00e4r platina eller guld, \u00e4r k\u00e4nslig och kommer, som alla pl\u00e4teringar, att blekna med tiden. Begr\u00e4nsa kontakt med kemikalier och hud f\u00f6r att f\u00f6rl\u00e4nga pl\u00e4teringens livsl\u00e4ngd.<\/p>\n<p>&nbsp;<\/p>\n<p>S\u00f6kord: Swarovski \u00f6rh\u00e4ngen med kristalldroppar, Sterling silver \u00f6rh\u00e4ngen med h\u00e4varm, Gyllene \u00f6rh\u00e4ngen<\/p>","protected":false},"excerpt":{"rendered":"<p><strong>PRODUKTDIMENSIONER <\/strong>Produktvikt: 6 g (par)<\/p>\n<p>Kristallstorlek: 18 mm. Leverback H\u00f6jd: 18 mm, Bredd: 11,80 mm.<\/p>\n<p>Finns i 925 Sterling Silver med platinapl\u00e4tering\/24K guldpl\u00e4tering - 0,4 \u00b5m.<\/p>\n<pre><\/pre>\n<p>V\u00e5r erfarna partner i Polen tillverkar basen till \u00f6rh\u00e4ngena. Vi anv\u00e4nder 0,4 \u00b5m tjockt pl\u00e4terat silver eftersom det inte g\u00f6r smyckena m\u00f6rkare eller mattare. Produkten har en viss motst\u00e5ndskraft mot missf\u00e4rgning, men f\u00f6lj v\u00e5ra sk\u00f6tselr\u00e5d f\u00f6r att f\u00f6rl\u00e4nga livsl\u00e4ngden p\u00e5 dina nya smycken.<\/p>","protected":false},"featured_media":4836,"template":"","meta":[],"pwb-brand":[204],"product_brand":[],"product_cat":[115,113,101],"product_tag":[163,165,164,135,195],"woo-feed-brand":[],"class_list":{"0":"post-5348","1":"product","2":"type-product","3":"status-publish","4":"has-post-thumbnail","6":"pwb-brand-fredfloris-partner","7":"product_cat-drop-earrings","8":"product_cat-earrings","9":"product_cat-jewelry","10":"product_tag-gold","11":"product_tag-platinum","12":"product_tag-silver","13":"product_tag-stocked","14":"product_tag-swarovski","15":"product_shipping_class-small-goods","16":"pa_leverback-ag-925-24k-gold-plated-04-m","17":"pa_leverback-ag-925-platinum-plated-04-m","18":"pa_swarovski-crystal-swarovski-mm-180-crystal-golden-shadow-gsha","20":"first","21":"instock","22":"taxable","23":"shipping-taxable","24":"purchasable","25":"product-type-variable"},"yoast_head":"<!-- This site is optimized with the Yoast SEO plugin v27.2 - https:\/\/yoast.com\/product\/yoast-seo-wordpress\/ -->\n<title>Swarovski Crystal Drop Earrings with Sterling Silver Leverback | FredFloris<\/title>\n<meta name=\"description\" content=\"Our Swarovski crystal drop earrings are available with Platinum Plated &amp; 24K Golden Plated 925 Sterling Silver leverback. The Perfect Birthday Present!\" \/>\n<meta name=\"robots\" content=\"index, follow, max-snippet:-1, max-image-preview:large, max-video-preview:-1\" \/>\n<link rel=\"canonical\" href=\"https:\/\/fredfloris.eu\/sv\/productpage\/crystal-golden-swarovski-earrings\/?wmc-currency=SEK\" \/>\n<meta property=\"og:locale\" content=\"sv_SE\" \/>\n<meta property=\"og:type\" content=\"article\" \/>\n<meta property=\"og:title\" content=\"Swarovski Crystal Drop Earrings with Sterling Silver Leverback | FredFloris\" \/>\n<meta property=\"og:description\" content=\"Our Swarovski crystal drop earrings are available with Platinum Plated &amp; 24K Golden Plated 925 Sterling Silver leverback. The Perfect Birthday Present!\" \/>\n<meta property=\"og:url\" content=\"https:\/\/fredfloris.eu\/sv\/productpage\/crystal-golden-swarovski-earrings\/?wmc-currency=SEK\" \/>\n<meta property=\"og:site_name\" content=\"FredFloris\" \/>\n<meta property=\"article:publisher\" content=\"https:\/\/www.facebook.com\/FredFloris.Artisan.Studio\/\" \/>\n<meta property=\"article:modified_time\" content=\"2024-07-23T18:33:47+00:00\" \/>\n<meta property=\"og:image\" content=\"https:\/\/fredfloris.eu\/wp-content\/uploads\/2022\/05\/IMG_2228-scaled.jpg\" \/>\n\t<meta property=\"og:image:width\" content=\"2560\" \/>\n\t<meta property=\"og:image:height\" content=\"1707\" \/>\n\t<meta property=\"og:image:type\" content=\"image\/jpeg\" \/>\n<meta name=\"twitter:card\" content=\"summary_large_image\" \/>\n<meta name=\"twitter:site\" content=\"@_fredfloris_\" \/>\n<meta name=\"twitter:label1\" content=\"Ber\u00e4knad l\u00e4stid\" \/>\n\t<meta name=\"twitter:data1\" content=\"2 minuter\" \/>\n<script type=\"application\/ld+json\" class=\"yoast-schema-graph\">{\"@context\":\"https:\/\/schema.org\",\"@graph\":[{\"@type\":\"WebPage\",\"@id\":\"https:\/\/fredfloris.eu\/productpage\/crystal-golden-swarovski-earrings\/\",\"url\":\"https:\/\/fredfloris.eu\/productpage\/crystal-golden-swarovski-earrings\/\",\"name\":\"Swarovski Crystal Drop Earrings with Sterling Silver Leverback | FredFloris\",\"isPartOf\":{\"@id\":\"https:\/\/fredfloris.eu\/#website\"},\"primaryImageOfPage\":{\"@id\":\"https:\/\/fredfloris.eu\/productpage\/crystal-golden-swarovski-earrings\/#primaryimage\"},\"image\":{\"@id\":\"https:\/\/fredfloris.eu\/productpage\/crystal-golden-swarovski-earrings\/#primaryimage\"},\"thumbnailUrl\":\"https:\/\/fredfloris.eu\/wp-content\/uploads\/2022\/05\/IMG_2228-scaled-e1740244428667.jpg\",\"datePublished\":\"2022-05-18T18:27:09+00:00\",\"dateModified\":\"2024-07-23T18:33:47+00:00\",\"description\":\"Our Swarovski crystal drop earrings are available with Platinum Plated & 24K Golden Plated 925 Sterling Silver leverback. The Perfect Birthday Present!\",\"breadcrumb\":{\"@id\":\"https:\/\/fredfloris.eu\/productpage\/crystal-golden-swarovski-earrings\/#breadcrumb\"},\"inLanguage\":\"sv-SE\",\"potentialAction\":[{\"@type\":\"ReadAction\",\"target\":[\"https:\/\/fredfloris.eu\/productpage\/crystal-golden-swarovski-earrings\/\"]}]},{\"@type\":\"ImageObject\",\"inLanguage\":\"sv-SE\",\"@id\":\"https:\/\/fredfloris.eu\/productpage\/crystal-golden-swarovski-earrings\/#primaryimage\",\"url\":\"https:\/\/fredfloris.eu\/wp-content\/uploads\/2022\/05\/IMG_2228-scaled-e1740244428667.jpg\",\"contentUrl\":\"https:\/\/fredfloris.eu\/wp-content\/uploads\/2022\/05\/IMG_2228-scaled-e1740244428667.jpg\",\"width\":1574,\"height\":1050,\"caption\":\"Product: Crystal Golden \u2013 Gold and Platinum Plated Silver\"},{\"@type\":\"BreadcrumbList\",\"@id\":\"https:\/\/fredfloris.eu\/productpage\/crystal-golden-swarovski-earrings\/#breadcrumb\",\"itemListElement\":[{\"@type\":\"ListItem\",\"position\":1,\"name\":\"Home\",\"item\":\"https:\/\/fredfloris.eu\/\"},{\"@type\":\"ListItem\",\"position\":2,\"name\":\"Shop\",\"item\":\"https:\/\/fredfloris.eu\/shop\/\"},{\"@type\":\"ListItem\",\"position\":3,\"name\":\"Crystal Golden &#8211; Leverback Swarovski Crystal Earrings\"}]},{\"@type\":\"WebSite\",\"@id\":\"https:\/\/fredfloris.eu\/#website\",\"url\":\"https:\/\/fredfloris.eu\/\",\"name\":\"FredFloris\",\"description\":\"Handcrafted Leathergoods - Made in Sweden\",\"publisher\":{\"@id\":\"https:\/\/fredfloris.eu\/#organization\"},\"potentialAction\":[{\"@type\":\"SearchAction\",\"target\":{\"@type\":\"EntryPoint\",\"urlTemplate\":\"https:\/\/fredfloris.eu\/?s={search_term_string}\"},\"query-input\":{\"@type\":\"PropertyValueSpecification\",\"valueRequired\":true,\"valueName\":\"search_term_string\"}}],\"inLanguage\":\"sv-SE\"},{\"@type\":\"Organization\",\"@id\":\"https:\/\/fredfloris.eu\/#organization\",\"name\":\"FredFloris\",\"url\":\"https:\/\/fredfloris.eu\/\",\"logo\":{\"@type\":\"ImageObject\",\"inLanguage\":\"sv-SE\",\"@id\":\"https:\/\/fredfloris.eu\/#\/schema\/logo\/image\/\",\"url\":\"https:\/\/fredfloris.eu\/wp-content\/uploads\/2022\/03\/FredFloris-med-hel-nal-och-text.png\",\"contentUrl\":\"https:\/\/fredfloris.eu\/wp-content\/uploads\/2022\/03\/FredFloris-med-hel-nal-och-text.png\",\"width\":591,\"height\":283,\"caption\":\"FredFloris\"},\"image\":{\"@id\":\"https:\/\/fredfloris.eu\/#\/schema\/logo\/image\/\"},\"sameAs\":[\"https:\/\/www.facebook.com\/FredFloris.Artisan.Studio\/\",\"https:\/\/x.com\/_fredfloris_\",\"https:\/\/www.instagram.com\/fredfloris.artisan.studio\/\"]}]}<\/script>\n<!-- \/ Yoast SEO plugin. -->","yoast_head_json":{"title":"Swarovski dropp\u00f6rh\u00e4ngen i kristall med Sterling Silver Leverback | FredFloris","description":"V\u00e5ra Swarovski dropp\u00f6rh\u00e4ngen i kristall finns med platinapl\u00e4terad och 24K guldpl\u00e4terad 925 Sterling Silver leverback. Den perfekta f\u00f6delsedagspresenten!","robots":{"index":"index","follow":"follow","max-snippet":"max-snippet:-1","max-image-preview":"max-image-preview:large","max-video-preview":"max-video-preview:-1"},"canonical":"https:\/\/fredfloris.eu\/sv\/productpage\/crystal-golden-swarovski-earrings\/?wmc-currency=SEK","og_locale":"sv_SE","og_type":"article","og_title":"Swarovski Crystal Drop Earrings with Sterling Silver Leverback | FredFloris","og_description":"Our Swarovski crystal drop earrings are available with Platinum Plated & 24K Golden Plated 925 Sterling Silver leverback. The Perfect Birthday Present!","og_url":"https:\/\/fredfloris.eu\/sv\/productpage\/crystal-golden-swarovski-earrings\/?wmc-currency=SEK","og_site_name":"FredFloris","article_publisher":"https:\/\/www.facebook.com\/FredFloris.Artisan.Studio\/","article_modified_time":"2024-07-23T18:33:47+00:00","og_image":[{"width":2560,"height":1707,"url":"https:\/\/fredfloris.eu\/wp-content\/uploads\/2022\/05\/IMG_2228-scaled.jpg","type":"image\/jpeg"}],"twitter_card":"summary_large_image","twitter_site":"@_fredfloris_","twitter_misc":{"Ber\u00e4knad l\u00e4stid":"2 minuter"},"schema":{"@context":"https:\/\/schema.org","@graph":[{"@type":"WebPage","@id":"https:\/\/fredfloris.eu\/productpage\/crystal-golden-swarovski-earrings\/","url":"https:\/\/fredfloris.eu\/productpage\/crystal-golden-swarovski-earrings\/","name":"Swarovski dropp\u00f6rh\u00e4ngen i kristall med Sterling Silver Leverback | FredFloris","isPartOf":{"@id":"https:\/\/fredfloris.eu\/#website"},"primaryImageOfPage":{"@id":"https:\/\/fredfloris.eu\/productpage\/crystal-golden-swarovski-earrings\/#primaryimage"},"image":{"@id":"https:\/\/fredfloris.eu\/productpage\/crystal-golden-swarovski-earrings\/#primaryimage"},"thumbnailUrl":"https:\/\/fredfloris.eu\/wp-content\/uploads\/2022\/05\/IMG_2228-scaled-e1740244428667.jpg","datePublished":"2022-05-18T18:27:09+00:00","dateModified":"2024-07-23T18:33:47+00:00","description":"V\u00e5ra Swarovski dropp\u00f6rh\u00e4ngen i kristall finns med platinapl\u00e4terad och 24K guldpl\u00e4terad 925 Sterling Silver leverback. Den perfekta f\u00f6delsedagspresenten!","breadcrumb":{"@id":"https:\/\/fredfloris.eu\/productpage\/crystal-golden-swarovski-earrings\/#breadcrumb"},"inLanguage":"sv-SE","potentialAction":[{"@type":"ReadAction","target":["https:\/\/fredfloris.eu\/productpage\/crystal-golden-swarovski-earrings\/"]}]},{"@type":"ImageObject","inLanguage":"sv-SE","@id":"https:\/\/fredfloris.eu\/productpage\/crystal-golden-swarovski-earrings\/#primaryimage","url":"https:\/\/fredfloris.eu\/wp-content\/uploads\/2022\/05\/IMG_2228-scaled-e1740244428667.jpg","contentUrl":"https:\/\/fredfloris.eu\/wp-content\/uploads\/2022\/05\/IMG_2228-scaled-e1740244428667.jpg","width":1574,"height":1050,"caption":"Product: Crystal Golden \u2013 Gold and Platinum Plated Silver"},{"@type":"BreadcrumbList","@id":"https:\/\/fredfloris.eu\/productpage\/crystal-golden-swarovski-earrings\/#breadcrumb","itemListElement":[{"@type":"ListItem","position":1,"name":"Home","item":"https:\/\/fredfloris.eu\/"},{"@type":"ListItem","position":2,"name":"Shop","item":"https:\/\/fredfloris.eu\/shop\/"},{"@type":"ListItem","position":3,"name":"Crystal Golden &#8211; Leverback Swarovski Crystal Earrings"}]},{"@type":"WebSite","@id":"https:\/\/fredfloris.eu\/#website","url":"https:\/\/fredfloris.eu\/","name":"FredFloris","description":"Handgjorda l\u00e4dervaror - tillverkade i Sverige","publisher":{"@id":"https:\/\/fredfloris.eu\/#organization"},"potentialAction":[{"@type":"SearchAction","target":{"@type":"EntryPoint","urlTemplate":"https:\/\/fredfloris.eu\/?s={search_term_string}"},"query-input":{"@type":"PropertyValueSpecification","valueRequired":true,"valueName":"search_term_string"}}],"inLanguage":"sv-SE"},{"@type":"Organization","@id":"https:\/\/fredfloris.eu\/#organization","name":"FredFloris","url":"https:\/\/fredfloris.eu\/","logo":{"@type":"ImageObject","inLanguage":"sv-SE","@id":"https:\/\/fredfloris.eu\/#\/schema\/logo\/image\/","url":"https:\/\/fredfloris.eu\/wp-content\/uploads\/2022\/03\/FredFloris-med-hel-nal-och-text.png","contentUrl":"https:\/\/fredfloris.eu\/wp-content\/uploads\/2022\/03\/FredFloris-med-hel-nal-och-text.png","width":591,"height":283,"caption":"FredFloris"},"image":{"@id":"https:\/\/fredfloris.eu\/#\/schema\/logo\/image\/"},"sameAs":["https:\/\/www.facebook.com\/FredFloris.Artisan.Studio\/","https:\/\/x.com\/_fredfloris_","https:\/\/www.instagram.com\/fredfloris.artisan.studio\/"]}]}},"brands":[{"id":204,"name":"FredFloris &amp; Partner","slug":"fredfloris-partner"}],"_links":{"self":[{"href":"https:\/\/fredfloris.eu\/sv\/wp-json\/wp\/v2\/product\/5348","targetHints":{"allow":["GET"]}}],"collection":[{"href":"https:\/\/fredfloris.eu\/sv\/wp-json\/wp\/v2\/product"}],"about":[{"href":"https:\/\/fredfloris.eu\/sv\/wp-json\/wp\/v2\/types\/product"}],"version-history":[{"count":10,"href":"https:\/\/fredfloris.eu\/sv\/wp-json\/wp\/v2\/product\/5348\/revisions"}],"predecessor-version":[{"id":11165,"href":"https:\/\/fredfloris.eu\/sv\/wp-json\/wp\/v2\/product\/5348\/revisions\/11165"}],"wp:featuredmedia":[{"embeddable":true,"href":"https:\/\/fredfloris.eu\/sv\/wp-json\/wp\/v2\/media\/4836"}],"wp:attachment":[{"href":"https:\/\/fredfloris.eu\/sv\/wp-json\/wp\/v2\/media?parent=5348"}],"wp:term":[{"taxonomy":"pwb-brand","embeddable":true,"href":"https:\/\/fredfloris.eu\/sv\/wp-json\/wp\/v2\/pwb-brand?post=5348"},{"taxonomy":"product_brand","embeddable":true,"href":"https:\/\/fredfloris.eu\/sv\/wp-json\/wp\/v2\/product_brand?post=5348"},{"taxonomy":"product_cat","embeddable":true,"href":"https:\/\/fredfloris.eu\/sv\/wp-json\/wp\/v2\/product_cat?post=5348"},{"taxonomy":"product_tag","embeddable":true,"href":"https:\/\/fredfloris.eu\/sv\/wp-json\/wp\/v2\/product_tag?post=5348"},{"taxonomy":"woo-feed-brand","embeddable":true,"href":"https:\/\/fredfloris.eu\/sv\/wp-json\/wp\/v2\/woo-feed-brand?post=5348"}],"curies":[{"name":"wp","href":"https:\/\/api.w.org\/{rel}","templated":true}]}}