{"id":8644,"date":"2022-06-22T21:11:16","date_gmt":"2022-06-22T19:11:16","guid":{"rendered":"https:\/\/fredfloris.eu\/?post_type=product&#038;p=8644"},"modified":"2024-06-24T19:38:53","modified_gmt":"2024-06-24T17:38:53","slug":"customize-vasa-soft-key-wallet","status":"publish","type":"product","link":"https:\/\/fredfloris.eu\/sv\/productpage\/customize-vasa-soft-key-wallet\/","title":{"rendered":"Anpassa - Vasa - Nyckelpl\u00e5nbok"},"content":{"rendered":"<p>Detta \u00e4r en personlig sida f\u00f6r <a href=\"https:\/\/fredfloris.eu\/sv\/productpage\/vasa-key-wallet\/?wmc-currency=SEK\">Vasa - Nyckelpl\u00e5nbok<\/a><\/p>\n<p>F\u00f6r en omfattande guide till hur du anv\u00e4nder verktyget, se v\u00e5r allm\u00e4nna guide <a href=\"https:\/\/fredfloris.eu\/sv\/personalize-guide\/?wmc-currency=SEK\">h\u00e4r<\/a><\/p>\n<p>&nbsp;<\/p>\n<p>Om du vill anpassa den h\u00e4r produkten l\u00e4gger du till b\u00e5de produkten och din design i din varukorg. Personaliseringen \u00e4r utan extra kostnad och hanteras genom kassan s\u00e5 att vi kan matcha din best\u00e4llning med din designf\u00f6rfr\u00e5gan.<\/p>\n<p>L\u00e4gg produkten i varukorgen och redigera sedan produkten i designportalen. Mer information om hur designportalen fungerar <a href=\"https:\/\/fredfloris.eu\/sv\/personalize-guide\/?wmc-currency=SEK\">kan hittas h\u00e4r.<\/a> N\u00e4r du \u00e4r n\u00f6jd med designen l\u00e4gger du till den i din kundvagn.<\/p>\n<p>&nbsp;<\/p>\n<hr \/>\n<p>&nbsp;<\/p>\n<p style=\"text-align: left;\">Vill du ha lite inspiration? Kolla in de kostnadsfria resurserna p\u00e5 <a href=\"https:\/\/openclipart.org\/\" target=\"_new\" rel=\"noopener\">Open Clip Art<\/a>, d\u00e4r du kan hitta en m\u00e4ngd olika bilder som \u00e4r l\u00e4mpliga f\u00f6r lasergravyr.<\/p>\n<p>Om du har n\u00e5gra fr\u00e5gor om din lasergraveringsf\u00f6rfr\u00e5gan, tveka inte att kontakta oss.<\/p>","protected":false},"excerpt":{"rendered":"<p>P\u00e5 denna produkt kan du v\u00e4lja att g\u00f6ra en lasergravyr p\u00e5 ett brett alternativ av placering.<\/p>\n<p>Vissa produktdesigner kan visa r\u00f6da linjer, placera inget p\u00e5 dessa eftersom de indikerar s\u00f6mnadslinjer och andra saker.<\/p>","protected":false},"featured_media":8645,"template":"","meta":[],"pwb-brand":[],"product_brand":[],"product_cat":[15],"product_tag":[205,105],"woo-feed-brand":[],"class_list":{"0":"post-8644","1":"product","2":"type-product","3":"status-publish","4":"has-post-thumbnail","6":"product_cat-uncategorized","7":"product_tag-customize","8":"product_tag-made-to-order","10":"first","11":"instock","12":"taxable","13":"shipping-taxable","14":"purchasable","15":"product-type-simple"},"yoast_head":"<!-- This site is optimized with the Yoast SEO plugin v27.2 - https:\/\/yoast.com\/product\/yoast-seo-wordpress\/ -->\n<title>Customize - Vasa - Key Wallet | FredFloris<\/title>\n<meta name=\"robots\" content=\"noindex, follow\" \/>\n<meta property=\"og:locale\" content=\"sv_SE\" \/>\n<meta property=\"og:type\" content=\"article\" \/>\n<meta property=\"og:title\" content=\"Customize - Vasa - Key Wallet | FredFloris\" \/>\n<meta property=\"og:description\" content=\"On this product you may choose to do a laser engraving on a wide alternative of placement.  Some product designs may show red lines please do not place anything on these as they indicate stitching lines and other things.\" \/>\n<meta property=\"og:url\" content=\"https:\/\/fredfloris.eu\/sv\/productpage\/customize-vasa-soft-key-wallet\/?wmc-currency=SEK\" \/>\n<meta property=\"og:site_name\" content=\"FredFloris\" \/>\n<meta property=\"article:publisher\" content=\"https:\/\/www.facebook.com\/FredFloris.Artisan.Studio\/\" \/>\n<meta property=\"article:modified_time\" content=\"2024-06-24T17:38:53+00:00\" \/>\n<meta property=\"og:image\" content=\"https:\/\/fredfloris.eu\/wp-content\/uploads\/2022\/06\/Keywallet.jpg\" \/>\n\t<meta property=\"og:image:width\" content=\"2362\" \/>\n\t<meta property=\"og:image:height\" content=\"1535\" \/>\n\t<meta property=\"og:image:type\" content=\"image\/jpeg\" \/>\n<meta name=\"twitter:card\" content=\"summary_large_image\" \/>\n<meta name=\"twitter:site\" content=\"@_fredfloris_\" \/>\n<meta name=\"twitter:label1\" content=\"Ber\u00e4knad l\u00e4stid\" \/>\n\t<meta name=\"twitter:data1\" content=\"1 minut\" \/>\n<script type=\"application\/ld+json\" class=\"yoast-schema-graph\">{\"@context\":\"https:\/\/schema.org\",\"@graph\":[{\"@type\":\"WebPage\",\"@id\":\"https:\/\/fredfloris.eu\/productpage\/customize-vasa-soft-key-wallet\/\",\"url\":\"https:\/\/fredfloris.eu\/productpage\/customize-vasa-soft-key-wallet\/\",\"name\":\"Customize - Vasa - Key Wallet | FredFloris\",\"isPartOf\":{\"@id\":\"https:\/\/fredfloris.eu\/#website\"},\"primaryImageOfPage\":{\"@id\":\"https:\/\/fredfloris.eu\/productpage\/customize-vasa-soft-key-wallet\/#primaryimage\"},\"image\":{\"@id\":\"https:\/\/fredfloris.eu\/productpage\/customize-vasa-soft-key-wallet\/#primaryimage\"},\"thumbnailUrl\":\"https:\/\/fredfloris.eu\/wp-content\/uploads\/2022\/06\/Keywallet.jpg\",\"datePublished\":\"2022-06-22T19:11:16+00:00\",\"dateModified\":\"2024-06-24T17:38:53+00:00\",\"breadcrumb\":{\"@id\":\"https:\/\/fredfloris.eu\/productpage\/customize-vasa-soft-key-wallet\/#breadcrumb\"},\"inLanguage\":\"sv-SE\",\"potentialAction\":[{\"@type\":\"ReadAction\",\"target\":[\"https:\/\/fredfloris.eu\/productpage\/customize-vasa-soft-key-wallet\/\"]}]},{\"@type\":\"ImageObject\",\"inLanguage\":\"sv-SE\",\"@id\":\"https:\/\/fredfloris.eu\/productpage\/customize-vasa-soft-key-wallet\/#primaryimage\",\"url\":\"https:\/\/fredfloris.eu\/wp-content\/uploads\/2022\/06\/Keywallet.jpg\",\"contentUrl\":\"https:\/\/fredfloris.eu\/wp-content\/uploads\/2022\/06\/Keywallet.jpg\",\"width\":2362,\"height\":1535,\"caption\":\"Product: Dickens, Vasa - Soft Key Wallet, CUSTOMIZE\"},{\"@type\":\"BreadcrumbList\",\"@id\":\"https:\/\/fredfloris.eu\/productpage\/customize-vasa-soft-key-wallet\/#breadcrumb\",\"itemListElement\":[{\"@type\":\"ListItem\",\"position\":1,\"name\":\"Home\",\"item\":\"https:\/\/fredfloris.eu\/\"},{\"@type\":\"ListItem\",\"position\":2,\"name\":\"Shop\",\"item\":\"https:\/\/fredfloris.eu\/shop\/\"},{\"@type\":\"ListItem\",\"position\":3,\"name\":\"Customize &#8211; Vasa &#8211; Key Wallet\"}]},{\"@type\":\"WebSite\",\"@id\":\"https:\/\/fredfloris.eu\/#website\",\"url\":\"https:\/\/fredfloris.eu\/\",\"name\":\"FredFloris\",\"description\":\"Handcrafted Leathergoods - Made in Sweden\",\"publisher\":{\"@id\":\"https:\/\/fredfloris.eu\/#organization\"},\"potentialAction\":[{\"@type\":\"SearchAction\",\"target\":{\"@type\":\"EntryPoint\",\"urlTemplate\":\"https:\/\/fredfloris.eu\/?s={search_term_string}\"},\"query-input\":{\"@type\":\"PropertyValueSpecification\",\"valueRequired\":true,\"valueName\":\"search_term_string\"}}],\"inLanguage\":\"sv-SE\"},{\"@type\":\"Organization\",\"@id\":\"https:\/\/fredfloris.eu\/#organization\",\"name\":\"FredFloris\",\"url\":\"https:\/\/fredfloris.eu\/\",\"logo\":{\"@type\":\"ImageObject\",\"inLanguage\":\"sv-SE\",\"@id\":\"https:\/\/fredfloris.eu\/#\/schema\/logo\/image\/\",\"url\":\"https:\/\/fredfloris.eu\/wp-content\/uploads\/2022\/03\/FredFloris-med-hel-nal-och-text.png\",\"contentUrl\":\"https:\/\/fredfloris.eu\/wp-content\/uploads\/2022\/03\/FredFloris-med-hel-nal-och-text.png\",\"width\":591,\"height\":283,\"caption\":\"FredFloris\"},\"image\":{\"@id\":\"https:\/\/fredfloris.eu\/#\/schema\/logo\/image\/\"},\"sameAs\":[\"https:\/\/www.facebook.com\/FredFloris.Artisan.Studio\/\",\"https:\/\/x.com\/_fredfloris_\",\"https:\/\/www.instagram.com\/fredfloris.artisan.studio\/\"]}]}<\/script>\n<!-- \/ Yoast SEO plugin. -->","yoast_head_json":{"title":"Anpassa - Vasa - Nyckelpl\u00e5nbok | FredFloris","robots":{"index":"noindex","follow":"follow"},"og_locale":"sv_SE","og_type":"article","og_title":"Customize - Vasa - Key Wallet | FredFloris","og_description":"On this product you may choose to do a laser engraving on a wide alternative of placement.  Some product designs may show red lines please do not place anything on these as they indicate stitching lines and other things.","og_url":"https:\/\/fredfloris.eu\/sv\/productpage\/customize-vasa-soft-key-wallet\/?wmc-currency=SEK","og_site_name":"FredFloris","article_publisher":"https:\/\/www.facebook.com\/FredFloris.Artisan.Studio\/","article_modified_time":"2024-06-24T17:38:53+00:00","og_image":[{"width":2362,"height":1535,"url":"https:\/\/fredfloris.eu\/wp-content\/uploads\/2022\/06\/Keywallet.jpg","type":"image\/jpeg"}],"twitter_card":"summary_large_image","twitter_site":"@_fredfloris_","twitter_misc":{"Ber\u00e4knad l\u00e4stid":"1 minut"},"schema":{"@context":"https:\/\/schema.org","@graph":[{"@type":"WebPage","@id":"https:\/\/fredfloris.eu\/productpage\/customize-vasa-soft-key-wallet\/","url":"https:\/\/fredfloris.eu\/productpage\/customize-vasa-soft-key-wallet\/","name":"Anpassa - Vasa - Nyckelpl\u00e5nbok | FredFloris","isPartOf":{"@id":"https:\/\/fredfloris.eu\/#website"},"primaryImageOfPage":{"@id":"https:\/\/fredfloris.eu\/productpage\/customize-vasa-soft-key-wallet\/#primaryimage"},"image":{"@id":"https:\/\/fredfloris.eu\/productpage\/customize-vasa-soft-key-wallet\/#primaryimage"},"thumbnailUrl":"https:\/\/fredfloris.eu\/wp-content\/uploads\/2022\/06\/Keywallet.jpg","datePublished":"2022-06-22T19:11:16+00:00","dateModified":"2024-06-24T17:38:53+00:00","breadcrumb":{"@id":"https:\/\/fredfloris.eu\/productpage\/customize-vasa-soft-key-wallet\/#breadcrumb"},"inLanguage":"sv-SE","potentialAction":[{"@type":"ReadAction","target":["https:\/\/fredfloris.eu\/productpage\/customize-vasa-soft-key-wallet\/"]}]},{"@type":"ImageObject","inLanguage":"sv-SE","@id":"https:\/\/fredfloris.eu\/productpage\/customize-vasa-soft-key-wallet\/#primaryimage","url":"https:\/\/fredfloris.eu\/wp-content\/uploads\/2022\/06\/Keywallet.jpg","contentUrl":"https:\/\/fredfloris.eu\/wp-content\/uploads\/2022\/06\/Keywallet.jpg","width":2362,"height":1535,"caption":"Product: Dickens, Vasa - Soft Key Wallet, CUSTOMIZE"},{"@type":"BreadcrumbList","@id":"https:\/\/fredfloris.eu\/productpage\/customize-vasa-soft-key-wallet\/#breadcrumb","itemListElement":[{"@type":"ListItem","position":1,"name":"Home","item":"https:\/\/fredfloris.eu\/"},{"@type":"ListItem","position":2,"name":"Shop","item":"https:\/\/fredfloris.eu\/shop\/"},{"@type":"ListItem","position":3,"name":"Customize &#8211; Vasa &#8211; Key Wallet"}]},{"@type":"WebSite","@id":"https:\/\/fredfloris.eu\/#website","url":"https:\/\/fredfloris.eu\/","name":"FredFloris","description":"Handgjorda l\u00e4dervaror - tillverkade i Sverige","publisher":{"@id":"https:\/\/fredfloris.eu\/#organization"},"potentialAction":[{"@type":"SearchAction","target":{"@type":"EntryPoint","urlTemplate":"https:\/\/fredfloris.eu\/?s={search_term_string}"},"query-input":{"@type":"PropertyValueSpecification","valueRequired":true,"valueName":"search_term_string"}}],"inLanguage":"sv-SE"},{"@type":"Organization","@id":"https:\/\/fredfloris.eu\/#organization","name":"FredFloris","url":"https:\/\/fredfloris.eu\/","logo":{"@type":"ImageObject","inLanguage":"sv-SE","@id":"https:\/\/fredfloris.eu\/#\/schema\/logo\/image\/","url":"https:\/\/fredfloris.eu\/wp-content\/uploads\/2022\/03\/FredFloris-med-hel-nal-och-text.png","contentUrl":"https:\/\/fredfloris.eu\/wp-content\/uploads\/2022\/03\/FredFloris-med-hel-nal-och-text.png","width":591,"height":283,"caption":"FredFloris"},"image":{"@id":"https:\/\/fredfloris.eu\/#\/schema\/logo\/image\/"},"sameAs":["https:\/\/www.facebook.com\/FredFloris.Artisan.Studio\/","https:\/\/x.com\/_fredfloris_","https:\/\/www.instagram.com\/fredfloris.artisan.studio\/"]}]}},"brands":[],"_links":{"self":[{"href":"https:\/\/fredfloris.eu\/sv\/wp-json\/wp\/v2\/product\/8644","targetHints":{"allow":["GET"]}}],"collection":[{"href":"https:\/\/fredfloris.eu\/sv\/wp-json\/wp\/v2\/product"}],"about":[{"href":"https:\/\/fredfloris.eu\/sv\/wp-json\/wp\/v2\/types\/product"}],"version-history":[{"count":8,"href":"https:\/\/fredfloris.eu\/sv\/wp-json\/wp\/v2\/product\/8644\/revisions"}],"predecessor-version":[{"id":11503,"href":"https:\/\/fredfloris.eu\/sv\/wp-json\/wp\/v2\/product\/8644\/revisions\/11503"}],"wp:featuredmedia":[{"embeddable":true,"href":"https:\/\/fredfloris.eu\/sv\/wp-json\/wp\/v2\/media\/8645"}],"wp:attachment":[{"href":"https:\/\/fredfloris.eu\/sv\/wp-json\/wp\/v2\/media?parent=8644"}],"wp:term":[{"taxonomy":"pwb-brand","embeddable":true,"href":"https:\/\/fredfloris.eu\/sv\/wp-json\/wp\/v2\/pwb-brand?post=8644"},{"taxonomy":"product_brand","embeddable":true,"href":"https:\/\/fredfloris.eu\/sv\/wp-json\/wp\/v2\/product_brand?post=8644"},{"taxonomy":"product_cat","embeddable":true,"href":"https:\/\/fredfloris.eu\/sv\/wp-json\/wp\/v2\/product_cat?post=8644"},{"taxonomy":"product_tag","embeddable":true,"href":"https:\/\/fredfloris.eu\/sv\/wp-json\/wp\/v2\/product_tag?post=8644"},{"taxonomy":"woo-feed-brand","embeddable":true,"href":"https:\/\/fredfloris.eu\/sv\/wp-json\/wp\/v2\/woo-feed-brand?post=8644"}],"curies":[{"name":"wp","href":"https:\/\/api.w.org\/{rel}","templated":true}]}}