{"id":9920,"date":"2022-08-21T16:06:42","date_gmt":"2022-08-21T14:06:42","guid":{"rendered":"https:\/\/fredfloris.eu\/?post_type=product&#038;p=9920"},"modified":"2024-06-24T20:37:58","modified_gmt":"2024-06-24T18:37:58","slug":"sevede-onyx-cufflinks","status":"publish","type":"product","link":"https:\/\/fredfloris.eu\/sv\/productpage\/sevede-onyx-cufflinks\/","title":{"rendered":"Sevede - Manschettknappar med Onyx"},"content":{"rendered":"<p><strong>Ditt handslag \u00e4r kraftfullt - det sluter avtal, ger f\u00f6rsta intryck och visar uppskattning. N\u00e4r du str\u00e4cker ut handen visas dina manschettknappar p\u00e5 ett framtr\u00e4dande s\u00e4tt, vilket subtilt signalerar stil och sj\u00e4lvf\u00f6rtroende.\u00a0<\/strong><\/p>\n<p><strong>Vi presenterar v\u00e5ra Sevede onyx manschettknappar:<\/strong> Med en dj\u00e4rv skiva av svart onyx i en ram av \u00e4delmetall, markerar dessa manschettknappar din stil med formalitet. Designen \u00e4r snygg, exakt och rakt p\u00e5 sak, vilket f\u00f6rst\u00e4rker din kommunikation genom mode. Den svarta \u00e4delstenen matchar enkelt svarta b\u00e4lten och skor, vilket ger sammanh\u00e5llning till din formella kl\u00e4dsel.<\/p>\n<p><strong>Produktspecifikationer:<\/strong><\/p>\n<ul>\n<li><strong>Basmaterial:<\/strong> Guldpl\u00e4terat sterling silver 925<\/li>\n<li><strong>Inre diameter:<\/strong> 18 mm<\/li>\n<li><strong>Vikt:<\/strong> Cirka 11 gram per par<\/li>\n<li><strong>\u00c4delsten:<\/strong> Naturlig svart onyx<\/li>\n<li><strong>Funktioner:<\/strong> Nickelfri och allergiv\u00e4nlig f\u00f6r att f\u00f6rhindra hudirritation<\/li>\n<\/ul>\n<p>&nbsp;<\/p>\n<p>S\u00f6kord: Manschettknappar med \u00e4delstenar av onyx, Manschettknappar med skjorta i klassiskt guld<\/p>","protected":false},"excerpt":{"rendered":"<p><strong>PRODUKTDIMENSIONER <\/strong>Produktvikt: 11 g(par), Manschettknapp Innerdiameter: 18 mm.<\/p>\n<p>Finns i 925 Sterling Silver med 24K guldpl\u00e4tering - 0,4 \u00b5m.<\/p>\n<p>SKU: sev\/cuf\/gol\/ony<br \/>\nVarum\u00e4rke: FredFloris &amp; Partner<\/p>\n<pre><\/pre>\n<p>V\u00e5r erfarna partner i Polen tillverkar basen till \u00f6rh\u00e4ngena. Vi anv\u00e4nder 0,4 \u00b5m tjockt pl\u00e4terat silver eftersom det inte g\u00f6r smyckena m\u00f6rkare eller mattare. Produkten har viss motst\u00e5ndskraft mot missf\u00e4rgning, men var noga med att f\u00f6lja v\u00e5ra sk\u00f6tselr\u00e5d f\u00f6r att f\u00f6rl\u00e4nga livsl\u00e4ngden p\u00e5 dina nya smycken. Vi monterar \u00e4delstenen p\u00e5 basen i v\u00e5r studio i Sverige.<\/p>\n<pre><\/pre>\n<p>Denna produkt \u00e4r tillverkad av naturmaterial: form, f\u00e4rg och tjocklek kan variera.<\/p>","protected":false},"featured_media":9882,"template":"","meta":[],"pwb-brand":[204],"product_brand":[],"product_cat":[118,121,101],"product_tag":[357,163,360,135],"woo-feed-brand":[],"class_list":{"0":"post-9920","1":"product","2":"type-product","3":"status-publish","4":"has-post-thumbnail","6":"pwb-brand-fredfloris-partner","7":"product_cat-cufflinks","8":"product_cat-gem-cufflinks","9":"product_cat-jewelry","10":"product_tag-gemstone","11":"product_tag-gold","12":"product_tag-onyx","13":"product_tag-stocked","14":"product_shipping_class-small-goods","16":"first","17":"instock","18":"taxable","19":"shipping-taxable","20":"purchasable","21":"product-type-simple"},"yoast_head":"<!-- This site is optimized with the Yoast SEO plugin v27.2 - https:\/\/yoast.com\/product\/yoast-seo-wordpress\/ -->\n<title>Sevede - Onyx Cufflinks | FredFloris<\/title>\n<meta name=\"description\" content=\"Check out our Onyx natural gemstone cufflinks in gold plated silver, a true classic shirt cufflink, made to last! Make for a great gift!\" \/>\n<meta name=\"robots\" content=\"index, follow, max-snippet:-1, max-image-preview:large, max-video-preview:-1\" \/>\n<link rel=\"canonical\" href=\"https:\/\/fredfloris.eu\/sv\/productpage\/sevede-onyx-cufflinks\/?wmc-currency=SEK\" \/>\n<meta property=\"og:locale\" content=\"sv_SE\" \/>\n<meta property=\"og:type\" content=\"article\" \/>\n<meta property=\"og:title\" content=\"Sevede - Onyx Cufflinks | FredFloris\" \/>\n<meta property=\"og:description\" content=\"Check out our Onyx natural gemstone cufflinks in gold plated silver, a true classic shirt cufflink, made to last! Make for a great gift!\" \/>\n<meta property=\"og:url\" content=\"https:\/\/fredfloris.eu\/sv\/productpage\/sevede-onyx-cufflinks\/?wmc-currency=SEK\" \/>\n<meta property=\"og:site_name\" content=\"FredFloris\" \/>\n<meta property=\"article:publisher\" content=\"https:\/\/www.facebook.com\/FredFloris.Artisan.Studio\/\" \/>\n<meta property=\"article:modified_time\" content=\"2024-06-24T18:37:58+00:00\" \/>\n<meta property=\"og:image\" content=\"https:\/\/fredfloris.eu\/wp-content\/uploads\/2022\/08\/IMG_3191-scaled.jpg\" \/>\n\t<meta property=\"og:image:width\" content=\"2560\" \/>\n\t<meta property=\"og:image:height\" content=\"1707\" \/>\n\t<meta property=\"og:image:type\" content=\"image\/jpeg\" \/>\n<meta name=\"twitter:card\" content=\"summary_large_image\" \/>\n<meta name=\"twitter:site\" content=\"@_fredfloris_\" \/>\n<meta name=\"twitter:label1\" content=\"Ber\u00e4knad l\u00e4stid\" \/>\n\t<meta name=\"twitter:data1\" content=\"1 minut\" \/>\n<script type=\"application\/ld+json\" class=\"yoast-schema-graph\">{\"@context\":\"https:\/\/schema.org\",\"@graph\":[{\"@type\":\"WebPage\",\"@id\":\"https:\/\/fredfloris.eu\/productpage\/sevede-onyx-cufflinks\/\",\"url\":\"https:\/\/fredfloris.eu\/productpage\/sevede-onyx-cufflinks\/\",\"name\":\"Sevede - Onyx Cufflinks | FredFloris\",\"isPartOf\":{\"@id\":\"https:\/\/fredfloris.eu\/#website\"},\"primaryImageOfPage\":{\"@id\":\"https:\/\/fredfloris.eu\/productpage\/sevede-onyx-cufflinks\/#primaryimage\"},\"image\":{\"@id\":\"https:\/\/fredfloris.eu\/productpage\/sevede-onyx-cufflinks\/#primaryimage\"},\"thumbnailUrl\":\"https:\/\/fredfloris.eu\/wp-content\/uploads\/2022\/08\/IMG_3191-scaled.jpg\",\"datePublished\":\"2022-08-21T14:06:42+00:00\",\"dateModified\":\"2024-06-24T18:37:58+00:00\",\"description\":\"Check out our Onyx natural gemstone cufflinks in gold plated silver, a true classic shirt cufflink, made to last! Make for a great gift!\",\"breadcrumb\":{\"@id\":\"https:\/\/fredfloris.eu\/productpage\/sevede-onyx-cufflinks\/#breadcrumb\"},\"inLanguage\":\"sv-SE\",\"potentialAction\":[{\"@type\":\"ReadAction\",\"target\":[\"https:\/\/fredfloris.eu\/productpage\/sevede-onyx-cufflinks\/\"]}]},{\"@type\":\"ImageObject\",\"inLanguage\":\"sv-SE\",\"@id\":\"https:\/\/fredfloris.eu\/productpage\/sevede-onyx-cufflinks\/#primaryimage\",\"url\":\"https:\/\/fredfloris.eu\/wp-content\/uploads\/2022\/08\/IMG_3191-scaled.jpg\",\"contentUrl\":\"https:\/\/fredfloris.eu\/wp-content\/uploads\/2022\/08\/IMG_3191-scaled.jpg\",\"width\":2560,\"height\":1707,\"caption\":\"Product: Sevede - Onyx Cufflinks \u2013 Gold Plated Silver\"},{\"@type\":\"BreadcrumbList\",\"@id\":\"https:\/\/fredfloris.eu\/productpage\/sevede-onyx-cufflinks\/#breadcrumb\",\"itemListElement\":[{\"@type\":\"ListItem\",\"position\":1,\"name\":\"Home\",\"item\":\"https:\/\/fredfloris.eu\/\"},{\"@type\":\"ListItem\",\"position\":2,\"name\":\"Shop\",\"item\":\"https:\/\/fredfloris.eu\/shop\/\"},{\"@type\":\"ListItem\",\"position\":3,\"name\":\"Sevede &#8211; Onyx Cufflinks\"}]},{\"@type\":\"WebSite\",\"@id\":\"https:\/\/fredfloris.eu\/#website\",\"url\":\"https:\/\/fredfloris.eu\/\",\"name\":\"FredFloris\",\"description\":\"Handcrafted Leathergoods - Made in Sweden\",\"publisher\":{\"@id\":\"https:\/\/fredfloris.eu\/#organization\"},\"potentialAction\":[{\"@type\":\"SearchAction\",\"target\":{\"@type\":\"EntryPoint\",\"urlTemplate\":\"https:\/\/fredfloris.eu\/?s={search_term_string}\"},\"query-input\":{\"@type\":\"PropertyValueSpecification\",\"valueRequired\":true,\"valueName\":\"search_term_string\"}}],\"inLanguage\":\"sv-SE\"},{\"@type\":\"Organization\",\"@id\":\"https:\/\/fredfloris.eu\/#organization\",\"name\":\"FredFloris\",\"url\":\"https:\/\/fredfloris.eu\/\",\"logo\":{\"@type\":\"ImageObject\",\"inLanguage\":\"sv-SE\",\"@id\":\"https:\/\/fredfloris.eu\/#\/schema\/logo\/image\/\",\"url\":\"https:\/\/fredfloris.eu\/wp-content\/uploads\/2022\/03\/FredFloris-med-hel-nal-och-text.png\",\"contentUrl\":\"https:\/\/fredfloris.eu\/wp-content\/uploads\/2022\/03\/FredFloris-med-hel-nal-och-text.png\",\"width\":591,\"height\":283,\"caption\":\"FredFloris\"},\"image\":{\"@id\":\"https:\/\/fredfloris.eu\/#\/schema\/logo\/image\/\"},\"sameAs\":[\"https:\/\/www.facebook.com\/FredFloris.Artisan.Studio\/\",\"https:\/\/x.com\/_fredfloris_\",\"https:\/\/www.instagram.com\/fredfloris.artisan.studio\/\"]}]}<\/script>\n<!-- \/ Yoast SEO plugin. -->","yoast_head_json":{"title":"Sevede - Manschettknappar av onyx | FredFloris","description":"Kolla in v\u00e5ra Onyx naturliga \u00e4delsten manschettknappar i guldpl\u00e4terat silver, en riktig klassisk skjorta manschettknapp, gjord f\u00f6r att h\u00e5lla! G\u00f6r en bra present!","robots":{"index":"index","follow":"follow","max-snippet":"max-snippet:-1","max-image-preview":"max-image-preview:large","max-video-preview":"max-video-preview:-1"},"canonical":"https:\/\/fredfloris.eu\/sv\/productpage\/sevede-onyx-cufflinks\/?wmc-currency=SEK","og_locale":"sv_SE","og_type":"article","og_title":"Sevede - Onyx Cufflinks | FredFloris","og_description":"Check out our Onyx natural gemstone cufflinks in gold plated silver, a true classic shirt cufflink, made to last! Make for a great gift!","og_url":"https:\/\/fredfloris.eu\/sv\/productpage\/sevede-onyx-cufflinks\/?wmc-currency=SEK","og_site_name":"FredFloris","article_publisher":"https:\/\/www.facebook.com\/FredFloris.Artisan.Studio\/","article_modified_time":"2024-06-24T18:37:58+00:00","og_image":[{"width":2560,"height":1707,"url":"https:\/\/fredfloris.eu\/wp-content\/uploads\/2022\/08\/IMG_3191-scaled.jpg","type":"image\/jpeg"}],"twitter_card":"summary_large_image","twitter_site":"@_fredfloris_","twitter_misc":{"Ber\u00e4knad l\u00e4stid":"1 minut"},"schema":{"@context":"https:\/\/schema.org","@graph":[{"@type":"WebPage","@id":"https:\/\/fredfloris.eu\/productpage\/sevede-onyx-cufflinks\/","url":"https:\/\/fredfloris.eu\/productpage\/sevede-onyx-cufflinks\/","name":"Sevede - Manschettknappar av onyx | FredFloris","isPartOf":{"@id":"https:\/\/fredfloris.eu\/#website"},"primaryImageOfPage":{"@id":"https:\/\/fredfloris.eu\/productpage\/sevede-onyx-cufflinks\/#primaryimage"},"image":{"@id":"https:\/\/fredfloris.eu\/productpage\/sevede-onyx-cufflinks\/#primaryimage"},"thumbnailUrl":"https:\/\/fredfloris.eu\/wp-content\/uploads\/2022\/08\/IMG_3191-scaled.jpg","datePublished":"2022-08-21T14:06:42+00:00","dateModified":"2024-06-24T18:37:58+00:00","description":"Kolla in v\u00e5ra Onyx naturliga \u00e4delsten manschettknappar i guldpl\u00e4terat silver, en riktig klassisk skjorta manschettknapp, gjord f\u00f6r att h\u00e5lla! G\u00f6r en bra present!","breadcrumb":{"@id":"https:\/\/fredfloris.eu\/productpage\/sevede-onyx-cufflinks\/#breadcrumb"},"inLanguage":"sv-SE","potentialAction":[{"@type":"ReadAction","target":["https:\/\/fredfloris.eu\/productpage\/sevede-onyx-cufflinks\/"]}]},{"@type":"ImageObject","inLanguage":"sv-SE","@id":"https:\/\/fredfloris.eu\/productpage\/sevede-onyx-cufflinks\/#primaryimage","url":"https:\/\/fredfloris.eu\/wp-content\/uploads\/2022\/08\/IMG_3191-scaled.jpg","contentUrl":"https:\/\/fredfloris.eu\/wp-content\/uploads\/2022\/08\/IMG_3191-scaled.jpg","width":2560,"height":1707,"caption":"Product: Sevede - Onyx Cufflinks \u2013 Gold Plated Silver"},{"@type":"BreadcrumbList","@id":"https:\/\/fredfloris.eu\/productpage\/sevede-onyx-cufflinks\/#breadcrumb","itemListElement":[{"@type":"ListItem","position":1,"name":"Home","item":"https:\/\/fredfloris.eu\/"},{"@type":"ListItem","position":2,"name":"Shop","item":"https:\/\/fredfloris.eu\/shop\/"},{"@type":"ListItem","position":3,"name":"Sevede &#8211; Onyx Cufflinks"}]},{"@type":"WebSite","@id":"https:\/\/fredfloris.eu\/#website","url":"https:\/\/fredfloris.eu\/","name":"FredFloris","description":"Handgjorda l\u00e4dervaror - tillverkade i Sverige","publisher":{"@id":"https:\/\/fredfloris.eu\/#organization"},"potentialAction":[{"@type":"SearchAction","target":{"@type":"EntryPoint","urlTemplate":"https:\/\/fredfloris.eu\/?s={search_term_string}"},"query-input":{"@type":"PropertyValueSpecification","valueRequired":true,"valueName":"search_term_string"}}],"inLanguage":"sv-SE"},{"@type":"Organization","@id":"https:\/\/fredfloris.eu\/#organization","name":"FredFloris","url":"https:\/\/fredfloris.eu\/","logo":{"@type":"ImageObject","inLanguage":"sv-SE","@id":"https:\/\/fredfloris.eu\/#\/schema\/logo\/image\/","url":"https:\/\/fredfloris.eu\/wp-content\/uploads\/2022\/03\/FredFloris-med-hel-nal-och-text.png","contentUrl":"https:\/\/fredfloris.eu\/wp-content\/uploads\/2022\/03\/FredFloris-med-hel-nal-och-text.png","width":591,"height":283,"caption":"FredFloris"},"image":{"@id":"https:\/\/fredfloris.eu\/#\/schema\/logo\/image\/"},"sameAs":["https:\/\/www.facebook.com\/FredFloris.Artisan.Studio\/","https:\/\/x.com\/_fredfloris_","https:\/\/www.instagram.com\/fredfloris.artisan.studio\/"]}]}},"brands":[{"id":204,"name":"FredFloris &amp; Partner","slug":"fredfloris-partner"}],"_links":{"self":[{"href":"https:\/\/fredfloris.eu\/sv\/wp-json\/wp\/v2\/product\/9920","targetHints":{"allow":["GET"]}}],"collection":[{"href":"https:\/\/fredfloris.eu\/sv\/wp-json\/wp\/v2\/product"}],"about":[{"href":"https:\/\/fredfloris.eu\/sv\/wp-json\/wp\/v2\/types\/product"}],"version-history":[{"count":12,"href":"https:\/\/fredfloris.eu\/sv\/wp-json\/wp\/v2\/product\/9920\/revisions"}],"predecessor-version":[{"id":11528,"href":"https:\/\/fredfloris.eu\/sv\/wp-json\/wp\/v2\/product\/9920\/revisions\/11528"}],"wp:featuredmedia":[{"embeddable":true,"href":"https:\/\/fredfloris.eu\/sv\/wp-json\/wp\/v2\/media\/9882"}],"wp:attachment":[{"href":"https:\/\/fredfloris.eu\/sv\/wp-json\/wp\/v2\/media?parent=9920"}],"wp:term":[{"taxonomy":"pwb-brand","embeddable":true,"href":"https:\/\/fredfloris.eu\/sv\/wp-json\/wp\/v2\/pwb-brand?post=9920"},{"taxonomy":"product_brand","embeddable":true,"href":"https:\/\/fredfloris.eu\/sv\/wp-json\/wp\/v2\/product_brand?post=9920"},{"taxonomy":"product_cat","embeddable":true,"href":"https:\/\/fredfloris.eu\/sv\/wp-json\/wp\/v2\/product_cat?post=9920"},{"taxonomy":"product_tag","embeddable":true,"href":"https:\/\/fredfloris.eu\/sv\/wp-json\/wp\/v2\/product_tag?post=9920"},{"taxonomy":"woo-feed-brand","embeddable":true,"href":"https:\/\/fredfloris.eu\/sv\/wp-json\/wp\/v2\/woo-feed-brand?post=9920"}],"curies":[{"name":"wp","href":"https:\/\/api.w.org\/{rel}","templated":true}]}}